{"id":16274,"date":"2024-02-10T12:56:31","date_gmt":"2024-02-10T11:56:31","guid":{"rendered":"https:\/\/impresiondigitalgranformato.es\/?page_id=16274"},"modified":"2025-07-10T16:45:05","modified_gmt":"2025-07-10T14:45:05","slug":"photocall-baratos-economicos","status":"publish","type":"page","link":"https:\/\/impresiondigitalgranformato.es\/fr\/photocall-baratos-economicos\/","title":{"rendered":"Photocall bon march\u00e9"},"content":{"rendered":"<h2 class=\"wp-block-heading has-text-align-center has-vivid-cyan-blue-color has-text-color has-x-large-font-size\" style=\"text-transform:capitalize\">Photocalls \u00e9conomiques<\/h2>\n\n\n\n<p class=\"has-text-align-justify has-medium-font-size\">Les photocalls \u00e9conomiques sont un ornement et un outil indispensable dans vos \u00e9v\u00e9nements tant au niveau personnel comme les anniversaires, les communions, les mariages, les anniversaires... Qu'au niveau professionnel pour informer et faire la publicit\u00e9 de votre marque et de vos produits lors de salons, conventions, points de vente, magasins... Et s'ils sont aussi <strong>Photocalls bon march\u00e9 <\/strong>que les murs publicitaires que nous vendons, tant mieux pour vous.<\/p>\n\n\n\n<div class=\"wp-block-columns is-layout-flex wp-container-core-columns-is-layout-9d6595d7 wp-block-columns-is-layout-flex\">\n<div class=\"wp-block-column is-vertically-aligned-top is-layout-flow wp-block-column-is-layout-flow\"><div class=\"wp-block-image\">\n<figure class=\"aligncenter size-full\"><a href=\"https:\/\/impresiondigitalgranformato.es\/fr\/produit\/photocall-barato-170-x-200\/\"><img data-recalc-dims=\"1\" loading=\"lazy\" decoding=\"async\" width=\"631\" height=\"631\" src=\"https:\/\/i0.wp.com\/impresiondigitalgranformato.es\/wp-content\/uploads\/2024\/02\/photocall-barato.jpg?resize=631%2C631\" alt=\"photocall bon march\u00e9\" class=\"wp-image-16296\" style=\"object-fit:cover\" srcset=\"https:\/\/i0.wp.com\/impresiondigitalgranformato.es\/wp-content\/uploads\/2024\/02\/photocall-barato.jpg?w=631&amp;ssl=1 631w, https:\/\/i0.wp.com\/impresiondigitalgranformato.es\/wp-content\/uploads\/2024\/02\/photocall-barato.jpg?resize=600%2C600&amp;ssl=1 600w, https:\/\/i0.wp.com\/impresiondigitalgranformato.es\/wp-content\/uploads\/2024\/02\/photocall-barato.jpg?resize=300%2C300&amp;ssl=1 300w, https:\/\/i0.wp.com\/impresiondigitalgranformato.es\/wp-content\/uploads\/2024\/02\/photocall-barato.jpg?resize=500%2C500&amp;ssl=1 500w, https:\/\/i0.wp.com\/impresiondigitalgranformato.es\/wp-content\/uploads\/2024\/02\/photocall-barato.jpg?resize=100%2C100&amp;ssl=1 100w\" sizes=\"auto, (max-width: 631px) 100vw, 631px\" \/><\/a><\/figure>\n<\/div>\n\n\n<p class=\"has-text-align-center has-vivid-cyan-blue-color has-text-color has-medium-font-size\"><strong>Photocall 170 x 200 cm<\/strong><\/p>\n\n\n\n<p class=\"has-text-align-justify has-medium-font-size\">Le photocall le moins cher que nous proposons. Il comprend des graphiques en toile pvc et 2 structures en X pour le placer. Tr\u00e8s utilis\u00e9 pour les anniversaires et les communions. <strong>Envoi gratuit<\/strong><\/p>\n\n\n\n<div class=\"wp-block-buttons is-content-justification-center is-layout-flex wp-container-core-buttons-is-layout-16018d1d wp-block-buttons-is-layout-flex\">\n<div class=\"wp-block-button\"><a class=\"wp-block-button__link has-midnight-gradient-background has-background wp-element-button\" href=\"https:\/\/impresiondigitalgranformato.es\/fr\/produit\/photocall-barato-170-x-200\/\"><strong>Voir le photocall<\/strong><\/a><\/div>\n<\/div>\n\n\n\n<hr class=\"wp-block-separator aligncenter has-alpha-channel-opacity\"\/>\n<\/div>\n\n\n\n<div class=\"wp-block-column is-layout-flow wp-block-column-is-layout-flow\"><div class=\"wp-block-image\">\n<figure class=\"aligncenter size-full\"><a href=\"https:\/\/impresiondigitalgranformato.es\/fr\/produit\/photocall-barato-200x200\/\"><img data-recalc-dims=\"1\" loading=\"lazy\" decoding=\"async\" width=\"631\" height=\"631\" src=\"https:\/\/i0.wp.com\/impresiondigitalgranformato.es\/wp-content\/uploads\/2024\/02\/Photocall-barato-de-200%C3%97200.jpg?resize=631%2C631\" alt=\"Photocall barato de 2x2\" class=\"wp-image-16298\" style=\"aspect-ratio:0.99609375;object-fit:contain\" srcset=\"https:\/\/i0.wp.com\/impresiondigitalgranformato.es\/wp-content\/uploads\/2024\/02\/Photocall-barato-de-200%C3%97200.jpg?w=631&amp;ssl=1 631w, https:\/\/i0.wp.com\/impresiondigitalgranformato.es\/wp-content\/uploads\/2024\/02\/Photocall-barato-de-200%C3%97200.jpg?resize=600%2C600&amp;ssl=1 600w, https:\/\/i0.wp.com\/impresiondigitalgranformato.es\/wp-content\/uploads\/2024\/02\/Photocall-barato-de-200%C3%97200.jpg?resize=300%2C300&amp;ssl=1 300w, https:\/\/i0.wp.com\/impresiondigitalgranformato.es\/wp-content\/uploads\/2024\/02\/Photocall-barato-de-200%C3%97200.jpg?resize=500%2C500&amp;ssl=1 500w, https:\/\/i0.wp.com\/impresiondigitalgranformato.es\/wp-content\/uploads\/2024\/02\/Photocall-barato-de-200%C3%97200.jpg?resize=100%2C100&amp;ssl=1 100w\" sizes=\"auto, (max-width: 631px) 100vw, 631px\" \/><\/a><\/figure>\n<\/div>\n\n\n<p class=\"has-text-align-center has-vivid-cyan-blue-color has-text-color has-medium-font-size\"><strong>Photocall 200 x 200 cm<\/strong><\/p>\n\n\n\n<p class=\"has-text-align-justify has-medium-font-size\">Photocall de 2 x 2 m\u00e8tres. Comprend des graphiques personnalis\u00e9s sur toile pvc et 2 structures en X pour le montage. Utilis\u00e9 pour les anniversaires et les r\u00e9unions. <strong>Envoi gratuit<\/strong><\/p>\n\n\n\n<div class=\"wp-block-buttons is-content-justification-center is-layout-flex wp-container-core-buttons-is-layout-16018d1d wp-block-buttons-is-layout-flex\">\n<div class=\"wp-block-button\"><a class=\"wp-block-button__link has-midnight-gradient-background has-background wp-element-button\" href=\"https:\/\/impresiondigitalgranformato.es\/fr\/produit\/photocall-barato-200x200\/\"><strong>Voir le photocall<\/strong><\/a><\/div>\n<\/div>\n\n\n\n<hr class=\"wp-block-separator has-alpha-channel-opacity\"\/>\n<\/div>\n\n\n\n<div class=\"wp-block-column is-layout-flow wp-block-column-is-layout-flow\"><div class=\"wp-block-image\">\n<figure class=\"aligncenter size-full\"><a href=\"https:\/\/impresiondigitalgranformato.es\/fr\/produit\/photocall-economico\/\"><img data-recalc-dims=\"1\" loading=\"lazy\" decoding=\"async\" width=\"631\" height=\"631\" src=\"https:\/\/i0.wp.com\/impresiondigitalgranformato.es\/wp-content\/uploads\/2024\/02\/photocall-economico-1.jpg?resize=631%2C631\" alt=\"photocall economico\" class=\"wp-image-16299\" srcset=\"https:\/\/i0.wp.com\/impresiondigitalgranformato.es\/wp-content\/uploads\/2024\/02\/photocall-economico-1.jpg?w=631&amp;ssl=1 631w, https:\/\/i0.wp.com\/impresiondigitalgranformato.es\/wp-content\/uploads\/2024\/02\/photocall-economico-1.jpg?resize=600%2C600&amp;ssl=1 600w, https:\/\/i0.wp.com\/impresiondigitalgranformato.es\/wp-content\/uploads\/2024\/02\/photocall-economico-1.jpg?resize=300%2C300&amp;ssl=1 300w, https:\/\/i0.wp.com\/impresiondigitalgranformato.es\/wp-content\/uploads\/2024\/02\/photocall-economico-1.jpg?resize=500%2C500&amp;ssl=1 500w, https:\/\/i0.wp.com\/impresiondigitalgranformato.es\/wp-content\/uploads\/2024\/02\/photocall-economico-1.jpg?resize=100%2C100&amp;ssl=1 100w\" sizes=\"auto, (max-width: 631px) 100vw, 631px\" \/><\/a><\/figure>\n<\/div>\n\n\n<p class=\"has-text-align-center has-vivid-cyan-blue-color has-text-color has-medium-font-size\"><strong>Photocall 250 x 200 cm<\/strong><\/p>\n\n\n\n<p class=\"has-text-align-justify has-medium-font-size\">Photocall de 250 cm de large sur 2 m\u00e8tres de haut. Contient des graphiques personnalis\u00e9s sur toile et 3 structures en forme de X. Largement utilis\u00e9 pour les entreprises et les mariages. <strong>Envoi gratuit<\/strong><\/p>\n\n\n\n<div class=\"wp-block-buttons is-content-justification-center is-layout-flex wp-container-core-buttons-is-layout-16018d1d wp-block-buttons-is-layout-flex\">\n<div class=\"wp-block-button\"><a class=\"wp-block-button__link has-midnight-gradient-background has-background wp-element-button\" href=\"https:\/\/impresiondigitalgranformato.es\/fr\/produit\/photocall-economico\/\"><strong>Voir le photocall<\/strong><\/a><\/div>\n<\/div>\n\n\n\n<hr class=\"wp-block-separator aligncenter has-alpha-channel-opacity\"\/>\n<\/div>\n<\/div>\n\n\n\n<div class=\"wp-block-columns is-layout-flex wp-container-core-columns-is-layout-9d6595d7 wp-block-columns-is-layout-flex\">\n<div class=\"wp-block-column is-layout-flow wp-block-column-is-layout-flow\"><div class=\"wp-block-image\">\n<figure class=\"aligncenter size-full\"><a href=\"https:\/\/impresiondigitalgranformato.es\/fr\/produit\/photocall-de-3-metros\/\"><img data-recalc-dims=\"1\" loading=\"lazy\" decoding=\"async\" width=\"631\" height=\"631\" src=\"https:\/\/i0.wp.com\/impresiondigitalgranformato.es\/wp-content\/uploads\/2024\/02\/photocall-barato-de-3-metros.jpg?resize=631%2C631\" alt=\"photocall barato de 3 metros\" class=\"wp-image-16316\" srcset=\"https:\/\/i0.wp.com\/impresiondigitalgranformato.es\/wp-content\/uploads\/2024\/02\/photocall-barato-de-3-metros.jpg?w=631&amp;ssl=1 631w, https:\/\/i0.wp.com\/impresiondigitalgranformato.es\/wp-content\/uploads\/2024\/02\/photocall-barato-de-3-metros.jpg?resize=600%2C600&amp;ssl=1 600w, https:\/\/i0.wp.com\/impresiondigitalgranformato.es\/wp-content\/uploads\/2024\/02\/photocall-barato-de-3-metros.jpg?resize=300%2C300&amp;ssl=1 300w, https:\/\/i0.wp.com\/impresiondigitalgranformato.es\/wp-content\/uploads\/2024\/02\/photocall-barato-de-3-metros.jpg?resize=500%2C500&amp;ssl=1 500w, https:\/\/i0.wp.com\/impresiondigitalgranformato.es\/wp-content\/uploads\/2024\/02\/photocall-barato-de-3-metros.jpg?resize=100%2C100&amp;ssl=1 100w\" sizes=\"auto, (max-width: 631px) 100vw, 631px\" \/><\/a><\/figure>\n<\/div>\n\n\n<p class=\"has-text-align-center has-vivid-cyan-blue-color has-text-color has-medium-font-size\"><strong>Photocall 320 x 200 cm<\/strong><\/p>\n\n\n\n<p class=\"has-text-align-justify has-medium-font-size\">Photocall de 320 cm de large et 200 cm de haut. Comprend des graphiques personnalis\u00e9s sur toile et 4 structures en forme de X. Utilis\u00e9 comme photocall pour la pr\u00e9sentation de produits. <strong>Envoi gratuit<\/strong><\/p>\n\n\n\n<div class=\"wp-block-buttons is-content-justification-center is-layout-flex wp-container-core-buttons-is-layout-16018d1d wp-block-buttons-is-layout-flex\">\n<div class=\"wp-block-button\"><a class=\"wp-block-button__link has-midnight-gradient-background has-background wp-element-button\" href=\"https:\/\/impresiondigitalgranformato.es\/fr\/produit\/photocall-de-3-metros\/\"><strong>Voir le photocall<\/strong><\/a><\/div>\n<\/div>\n\n\n\n<hr class=\"wp-block-separator aligncenter has-alpha-channel-opacity\"\/>\n<\/div>\n\n\n\n<div class=\"wp-block-column is-layout-flow wp-block-column-is-layout-flow\"><\/div>\n\n\n\n<div class=\"wp-block-column is-layout-flow wp-block-column-is-layout-flow\"><\/div>\n<\/div>\n\n\n\n<h2 class=\"wp-block-heading has-text-align-center has-vivid-cyan-blue-color has-text-color\">Qu'est-ce qu'un photocall ?<\/h2>\n\n\n\n<p class=\"has-text-align-justify has-medium-font-size\">Un photocall est une toile de fond d\u00e9cor\u00e9e, g\u00e9n\u00e9ralement constitu\u00e9e d'une grande affiche plac\u00e9e sur le mur. Ou d'une grande toile avec sa propre structure pour son placement, comme nous le proposons dans cette section de photocalls \u00e9conomiques de <strong>impresiondigitalgranformato.es<\/strong><\/p>\n\n\n\n<h2 class=\"wp-block-heading has-text-align-center has-vivid-cyan-blue-color has-text-color\">Comment concevoir le photocall de votre \u00e9v\u00e9nement ou de votre f\u00eate ?<\/h2>\n\n\n\n<p class=\"has-text-align-justify has-medium-font-size\">Ces murs d\u00e9coratifs sont g\u00e9n\u00e9ralement con\u00e7us de mani\u00e8re cr\u00e9ative et attrayante, car ils constitueront une pi\u00e8ce ma\u00eetresse de votre \u00e9v\u00e9nement ou de votre f\u00eate.  <\/p>\n\n\n\n<p class=\"has-text-align-justify has-medium-font-size\"><strong>Pour les \u00e9v\u00e9nements professionnels<\/strong> Le photocollage est g\u00e9n\u00e9ralement plac\u00e9 avec le logo de la marque dans la partie centrale sup\u00e9rieure et des images des produits et des textes \u00e0 gauche et \u00e0 droite. L'arri\u00e8re-plan central et la partie inf\u00e9rieure sont d\u00e9cor\u00e9s avec une couleur attrayante, voire avec le m\u00eame logo r\u00e9p\u00e9t\u00e9 plusieurs fois en filigrane, car c'est l\u00e0 que les participants \u00e0 l'\u00e9v\u00e9nement seront photographi\u00e9s.  <\/p>\n\n\n\n<p class=\"has-text-align-justify has-medium-font-size\"><strong>Pour les \u00e9v\u00e9nements personnels<\/strong> une grande image de la personne honor\u00e9e est g\u00e9n\u00e9ralement plac\u00e9e \u00e0 c\u00f4t\u00e9 d'un texte la f\u00e9licitant pour son bapt\u00eame, sa communion, son mariage... De m\u00eame, dans les photocalls pour les anniversaires et les remises de dipl\u00f4mes, une cascade de photos est g\u00e9n\u00e9ralement imprim\u00e9e au fil du temps jusqu'\u00e0 ce que l'on arrive \u00e0 cette f\u00eate, que l'on c\u00e9l\u00e8bre en son honneur.<\/p>\n\n\n\n<h2 class=\"wp-block-heading has-text-align-center has-vivid-cyan-blue-color has-text-color\">\u00c0 quoi sert un photocall ?<\/h2>\n\n\n\n<p class=\"has-text-align-justify has-medium-font-size\">Les photocalls sont des outils publicitaires utilis\u00e9s pour promouvoir un \u00e9v\u00e9nement ou une f\u00eate tels que les anniversaires, les communions, les mariages, les anniversaires... Leur principale intention est de cr\u00e9er une atmosph\u00e8re festive et de promouvoir la marque ou le service \u00e0 travers les photos prises avec et par les participants. De plus, ce type d'images est g\u00e9n\u00e9ralement partag\u00e9 sur les r\u00e9seaux sociaux, dans les m\u00e9dias et dans les journaux t\u00e9l\u00e9vis\u00e9s. Ainsi, gr\u00e2ce au photocall, vous b\u00e9n\u00e9ficiez d'une grande publicit\u00e9 pour votre entreprise et vos produits.<\/p>\n\n\n\n<h2 class=\"wp-block-heading has-text-align-center has-vivid-cyan-blue-color has-text-color\">Quelle taille de photocall \u00e9conomique choisir ?<\/h2>\n\n\n\n<p class=\"has-text-align-justify has-medium-font-size\">La taille du photocall que vous choisirez d\u00e9pendra de l'espace dont vous disposez pour votre \u00e9v\u00e9nement ou votre f\u00eate, et du nombre de personnes que vous souhaitez voir photographi\u00e9es ensemble. <strong>Photocall 170 x 200 cm<\/strong> conviendrait pour 1 ou 2 personnes, la <strong>photocall bon march\u00e9 200 x 200 cm<\/strong> pour 3 ou 4 personnes, le <strong>photocall \u00e9conomique 250 x 200 cm<\/strong> pour 4 ou 5 personnes et le<strong> Photocall de 3 m\u00e8tres<\/strong> par 2 m\u00e8tres de haut pour un maximum de 7 personnes.<\/p>","protected":false},"excerpt":{"rendered":"<p>Photocall econ\u00f3micos Los photocall econ\u00f3micos son un adorno y herramienta imprescindible en sus eventos tanto a nivel personal como en cumplea\u00f1os, comuniones, bodas, aniversarios &#8230; Como a nivel profesional para informar y publicitar su marca y productos en ferias, convenciones, puntos de venta, tiendas&#8230; Y si ademas son photocall baratos como los muros publicitarios que [&hellip;]<\/p>\n","protected":false},"author":1,"featured_media":0,"parent":0,"menu_order":0,"comment_status":"closed","ping_status":"closed","template":"","meta":{"footnotes":""},"class_list":["post-16274","page","type-page","status-publish","hentry"],"yoast_head":"<!-- This site is optimized with the Yoast SEO plugin v27.3 - https:\/\/yoast.com\/product\/yoast-seo-wordpress\/ -->\n<title>Photocall baratos - Los + baratos - econ\u00f3micos<\/title>\n<meta name=\"description\" content=\"Photocall econ\u00f3micos con gr\u00e1fica personalizada en lona y estructura para su montaje. Env\u00edo gratis con entrega en 24 horas.\" \/>\n<meta name=\"robots\" content=\"index, follow, max-snippet:-1, max-image-preview:large, max-video-preview:-1\" \/>\n<link rel=\"canonical\" href=\"https:\/\/impresiondigitalgranformato.es\/fr\/photocall-baratos-economicos\/\" \/>\n<meta property=\"og:locale\" content=\"fr_FR\" \/>\n<meta property=\"og:type\" content=\"article\" \/>\n<meta property=\"og:title\" content=\"Photocall baratos - Los + baratos - econ\u00f3micos\" \/>\n<meta property=\"og:description\" content=\"Photocall econ\u00f3micos con gr\u00e1fica personalizada en lona y estructura para su montaje. Env\u00edo gratis con entrega en 24 horas.\" \/>\n<meta property=\"og:url\" content=\"https:\/\/impresiondigitalgranformato.es\/fr\/photocall-baratos-economicos\/\" \/>\n<meta property=\"og:site_name\" content=\"Los + baratos\" \/>\n<meta property=\"article:modified_time\" content=\"2025-07-10T14:45:05+00:00\" \/>\n<meta property=\"og:image\" content=\"http:\/\/impresiondigitalgranformato.es\/wp-content\/uploads\/2024\/02\/photocall-barato.jpg\" \/>\n<meta name=\"twitter:card\" content=\"summary_large_image\" \/>\n<meta name=\"twitter:label1\" content=\"Dur\u00e9e de lecture estim\u00e9e\" \/>\n\t<meta name=\"twitter:data1\" content=\"4 minutes\" \/>\n<script type=\"application\/ld+json\" class=\"yoast-schema-graph\">{\"@context\":\"https:\\\/\\\/schema.org\",\"@graph\":[{\"@type\":\"WebPage\",\"@id\":\"https:\\\/\\\/impresiondigitalgranformato.es\\\/photocall-baratos-economicos\\\/\",\"url\":\"https:\\\/\\\/impresiondigitalgranformato.es\\\/photocall-baratos-economicos\\\/\",\"name\":\"Photocall baratos - Los + baratos - econ\u00f3micos\",\"isPartOf\":{\"@id\":\"https:\\\/\\\/impresiondigitalgranformato.es\\\/#website\"},\"primaryImageOfPage\":{\"@id\":\"https:\\\/\\\/impresiondigitalgranformato.es\\\/photocall-baratos-economicos\\\/#primaryimage\"},\"image\":{\"@id\":\"https:\\\/\\\/impresiondigitalgranformato.es\\\/photocall-baratos-economicos\\\/#primaryimage\"},\"thumbnailUrl\":\"http:\\\/\\\/impresiondigitalgranformato.es\\\/wp-content\\\/uploads\\\/2024\\\/02\\\/photocall-barato.jpg\",\"datePublished\":\"2024-02-10T11:56:31+00:00\",\"dateModified\":\"2025-07-10T14:45:05+00:00\",\"description\":\"Photocall econ\u00f3micos con gr\u00e1fica personalizada en lona y estructura para su montaje. Env\u00edo gratis con entrega en 24 horas.\",\"breadcrumb\":{\"@id\":\"https:\\\/\\\/impresiondigitalgranformato.es\\\/photocall-baratos-economicos\\\/#breadcrumb\"},\"inLanguage\":\"fr-FR\",\"potentialAction\":[{\"@type\":\"ReadAction\",\"target\":[\"https:\\\/\\\/impresiondigitalgranformato.es\\\/photocall-baratos-economicos\\\/\"]}]},{\"@type\":\"ImageObject\",\"inLanguage\":\"fr-FR\",\"@id\":\"https:\\\/\\\/impresiondigitalgranformato.es\\\/photocall-baratos-economicos\\\/#primaryimage\",\"url\":\"http:\\\/\\\/impresiondigitalgranformato.es\\\/wp-content\\\/uploads\\\/2024\\\/02\\\/photocall-barato.jpg\",\"contentUrl\":\"http:\\\/\\\/impresiondigitalgranformato.es\\\/wp-content\\\/uploads\\\/2024\\\/02\\\/photocall-barato.jpg\"},{\"@type\":\"BreadcrumbList\",\"@id\":\"https:\\\/\\\/impresiondigitalgranformato.es\\\/photocall-baratos-economicos\\\/#breadcrumb\",\"itemListElement\":[{\"@type\":\"ListItem\",\"position\":1,\"name\":\"Portada\",\"item\":\"https:\\\/\\\/impresiondigitalgranformato.es\\\/\"},{\"@type\":\"ListItem\",\"position\":2,\"name\":\"Photocall baratos\"}]},{\"@type\":\"WebSite\",\"@id\":\"https:\\\/\\\/impresiondigitalgranformato.es\\\/#website\",\"url\":\"https:\\\/\\\/impresiondigitalgranformato.es\\\/\",\"name\":\"Los + baratos\",\"description\":\"impresi\u00f3n digital gran formato venta de roll up, banner, banderas, lonas, carteles, displays, publicidad\",\"publisher\":{\"@id\":\"https:\\\/\\\/impresiondigitalgranformato.es\\\/#organization\"},\"potentialAction\":[{\"@type\":\"SearchAction\",\"target\":{\"@type\":\"EntryPoint\",\"urlTemplate\":\"https:\\\/\\\/impresiondigitalgranformato.es\\\/?s={search_term_string}\"},\"query-input\":{\"@type\":\"PropertyValueSpecification\",\"valueRequired\":true,\"valueName\":\"search_term_string\"}}],\"inLanguage\":\"fr-FR\"},{\"@type\":\"Organization\",\"@id\":\"https:\\\/\\\/impresiondigitalgranformato.es\\\/#organization\",\"name\":\"Los + baratos\",\"url\":\"https:\\\/\\\/impresiondigitalgranformato.es\\\/\",\"logo\":{\"@type\":\"ImageObject\",\"inLanguage\":\"fr-FR\",\"@id\":\"https:\\\/\\\/impresiondigitalgranformato.es\\\/#\\\/schema\\\/logo\\\/image\\\/\",\"url\":\"https:\\\/\\\/i0.wp.com\\\/impresiondigitalgranformato.es\\\/wp-content\\\/uploads\\\/2016\\\/12\\\/cropped-logotipo-2-e1483373659766.png?fit=500%2C101&ssl=1\",\"contentUrl\":\"https:\\\/\\\/i0.wp.com\\\/impresiondigitalgranformato.es\\\/wp-content\\\/uploads\\\/2016\\\/12\\\/cropped-logotipo-2-e1483373659766.png?fit=500%2C101&ssl=1\",\"width\":500,\"height\":101,\"caption\":\"Los + baratos\"},\"image\":{\"@id\":\"https:\\\/\\\/impresiondigitalgranformato.es\\\/#\\\/schema\\\/logo\\\/image\\\/\"}}]}<\/script>\n<!-- \/ Yoast SEO plugin. -->","yoast_head_json":{"title":"Photocall baratos - Los + baratos - econ\u00f3micos","description":"Photocall econ\u00f3micos con gr\u00e1fica personalizada en lona y estructura para su montaje. Env\u00edo gratis con entrega en 24 horas.","robots":{"index":"index","follow":"follow","max-snippet":"max-snippet:-1","max-image-preview":"max-image-preview:large","max-video-preview":"max-video-preview:-1"},"canonical":"https:\/\/impresiondigitalgranformato.es\/fr\/photocall-baratos-economicos\/","og_locale":"fr_FR","og_type":"article","og_title":"Photocall baratos - Los + baratos - econ\u00f3micos","og_description":"Photocall econ\u00f3micos con gr\u00e1fica personalizada en lona y estructura para su montaje. Env\u00edo gratis con entrega en 24 horas.","og_url":"https:\/\/impresiondigitalgranformato.es\/fr\/photocall-baratos-economicos\/","og_site_name":"Los + baratos","article_modified_time":"2025-07-10T14:45:05+00:00","og_image":[{"url":"http:\/\/impresiondigitalgranformato.es\/wp-content\/uploads\/2024\/02\/photocall-barato.jpg","type":"","width":"","height":""}],"twitter_card":"summary_large_image","twitter_misc":{"Dur\u00e9e de lecture estim\u00e9e":"4 minutes"},"schema":{"@context":"https:\/\/schema.org","@graph":[{"@type":"WebPage","@id":"https:\/\/impresiondigitalgranformato.es\/photocall-baratos-economicos\/","url":"https:\/\/impresiondigitalgranformato.es\/photocall-baratos-economicos\/","name":"Photocall baratos - Los + baratos - econ\u00f3micos","isPartOf":{"@id":"https:\/\/impresiondigitalgranformato.es\/#website"},"primaryImageOfPage":{"@id":"https:\/\/impresiondigitalgranformato.es\/photocall-baratos-economicos\/#primaryimage"},"image":{"@id":"https:\/\/impresiondigitalgranformato.es\/photocall-baratos-economicos\/#primaryimage"},"thumbnailUrl":"http:\/\/impresiondigitalgranformato.es\/wp-content\/uploads\/2024\/02\/photocall-barato.jpg","datePublished":"2024-02-10T11:56:31+00:00","dateModified":"2025-07-10T14:45:05+00:00","description":"Photocall econ\u00f3micos con gr\u00e1fica personalizada en lona y estructura para su montaje. Env\u00edo gratis con entrega en 24 horas.","breadcrumb":{"@id":"https:\/\/impresiondigitalgranformato.es\/photocall-baratos-economicos\/#breadcrumb"},"inLanguage":"fr-FR","potentialAction":[{"@type":"ReadAction","target":["https:\/\/impresiondigitalgranformato.es\/photocall-baratos-economicos\/"]}]},{"@type":"ImageObject","inLanguage":"fr-FR","@id":"https:\/\/impresiondigitalgranformato.es\/photocall-baratos-economicos\/#primaryimage","url":"http:\/\/impresiondigitalgranformato.es\/wp-content\/uploads\/2024\/02\/photocall-barato.jpg","contentUrl":"http:\/\/impresiondigitalgranformato.es\/wp-content\/uploads\/2024\/02\/photocall-barato.jpg"},{"@type":"BreadcrumbList","@id":"https:\/\/impresiondigitalgranformato.es\/photocall-baratos-economicos\/#breadcrumb","itemListElement":[{"@type":"ListItem","position":1,"name":"Portada","item":"https:\/\/impresiondigitalgranformato.es\/"},{"@type":"ListItem","position":2,"name":"Photocall baratos"}]},{"@type":"WebSite","@id":"https:\/\/impresiondigitalgranformato.es\/#website","url":"https:\/\/impresiondigitalgranformato.es\/","name":"Les moins chers","description":"impression num\u00e9rique grand format vente de roll up, banni\u00e8res, drapeaux, banderoles, b\u00e2ches, affiches, pr\u00e9sentoirs, publicit\u00e9s","publisher":{"@id":"https:\/\/impresiondigitalgranformato.es\/#organization"},"potentialAction":[{"@type":"SearchAction","target":{"@type":"EntryPoint","urlTemplate":"https:\/\/impresiondigitalgranformato.es\/?s={search_term_string}"},"query-input":{"@type":"PropertyValueSpecification","valueRequired":true,"valueName":"search_term_string"}}],"inLanguage":"fr-FR"},{"@type":"Organization","@id":"https:\/\/impresiondigitalgranformato.es\/#organization","name":"Les moins chers","url":"https:\/\/impresiondigitalgranformato.es\/","logo":{"@type":"ImageObject","inLanguage":"fr-FR","@id":"https:\/\/impresiondigitalgranformato.es\/#\/schema\/logo\/image\/","url":"https:\/\/i0.wp.com\/impresiondigitalgranformato.es\/wp-content\/uploads\/2016\/12\/cropped-logotipo-2-e1483373659766.png?fit=500%2C101&ssl=1","contentUrl":"https:\/\/i0.wp.com\/impresiondigitalgranformato.es\/wp-content\/uploads\/2016\/12\/cropped-logotipo-2-e1483373659766.png?fit=500%2C101&ssl=1","width":500,"height":101,"caption":"Los + baratos"},"image":{"@id":"https:\/\/impresiondigitalgranformato.es\/#\/schema\/logo\/image\/"}}]}},"jetpack_sharing_enabled":true,"_links":{"self":[{"href":"https:\/\/impresiondigitalgranformato.es\/fr\/wp-json\/wp\/v2\/pages\/16274","targetHints":{"allow":["GET"]}}],"collection":[{"href":"https:\/\/impresiondigitalgranformato.es\/fr\/wp-json\/wp\/v2\/pages"}],"about":[{"href":"https:\/\/impresiondigitalgranformato.es\/fr\/wp-json\/wp\/v2\/types\/page"}],"author":[{"embeddable":true,"href":"https:\/\/impresiondigitalgranformato.es\/fr\/wp-json\/wp\/v2\/users\/1"}],"replies":[{"embeddable":true,"href":"https:\/\/impresiondigitalgranformato.es\/fr\/wp-json\/wp\/v2\/comments?post=16274"}],"version-history":[{"count":29,"href":"https:\/\/impresiondigitalgranformato.es\/fr\/wp-json\/wp\/v2\/pages\/16274\/revisions"}],"predecessor-version":[{"id":17793,"href":"https:\/\/impresiondigitalgranformato.es\/fr\/wp-json\/wp\/v2\/pages\/16274\/revisions\/17793"}],"wp:attachment":[{"href":"https:\/\/impresiondigitalgranformato.es\/fr\/wp-json\/wp\/v2\/media?parent=16274"}],"curies":[{"name":"wp","href":"https:\/\/api.w.org\/{rel}","templated":true}]}}