{"id":434,"date":"2017-01-09T19:38:39","date_gmt":"2017-01-09T18:38:39","guid":{"rendered":"http:\/\/impresiondigitalgranformato.es\/wordpress\/?page_id=434"},"modified":"2018-08-28T18:10:26","modified_gmt":"2018-08-28T16:10:26","slug":"roll-up-medida-especial","status":"publish","type":"page","link":"https:\/\/impresiondigitalgranformato.es\/fr\/roll-up-medida-especial\/","title":{"rendered":"roll-up-medida-especial"},"content":{"rendered":"<div class=\"pbs-row\" style=\"min-height: 350px;\">\n<div class=\"pbs-col\" style=\"flex-basis: 33.33%;\">[rl_gallery id=\u00bb3833&#8243;]<\/div>\n<div class=\"pbs-col\" style=\"flex-basis: 33.33%;\">\n<h3 style=\"text-align: center;\">  <span style=\"font-weight: bold;\">ROLLUP de 60 x 200 cm<\/span>  <\/h3>\n<h3 style=\"text-align: center; margin-top: 8px;\">  <span style=\"font-weight: bold; color: #0b467e;\">GR\u00c1FICA INCLUIDA<\/span>  <\/h3>\n<h2 style=\"text-align: center; margin-top: 6px;\">  <span style=\"font-weight: bold; color: #e31111;\">Descuentos por<\/span>  <\/h2>\n<h2 style=\"text-align: center; margin-top: 0px;\">  <span style=\"font-weight: bold; color: #e31111;\">Cantidades !!!<\/span>  <\/h2>\n<h3 style=\"text-align: center; margin-top: 9px;\">  <span style=\"font-weight: normal;\">de 1 a 5 unid \u2026<\/span> <span style=\"font-weight: bold;\">39<\/span><span style=\"font-weight: normal;\"> \u20ac\/unid.<\/span>  <\/h3>\n<h3 style=\"text-align: center; margin-top: 7px;\">  de 6 a 15 unid \u2026 <span style=\"font-weight: bold;\">38<\/span> \u20ac\/unid  <\/h3>\n<h3 style=\"text-align: center; margin-top: 5px;\">  <span style=\"font-weight: normal;\">de 16 a 30 unid \u2026<\/span> <span style=\"font-weight: bold;\">36<\/span><span style=\"font-weight: normal;\"> \u20ac\/unid<\/span>  <\/h3>\n<h3 style=\"text-align: center; margin-top: 3px; margin-bottom: 21px;\">  <span style=\"font-weight: normal;\">31 o mas \u2026\u2026..<\/span> <span style=\"font-weight: bold;\">34<\/span><span style=\"font-weight: normal;\"> \u20ac\/unid<\/span>  <\/h3>\n<p style=\"text-align: center;\"><span style=\"font-weight: bold;\">* Precios validos aportando arte final el cliente.<\/span><\/p>\n<h3 style=\"text-align: center; margin-top: 1px;\">  <span style=\"font-weight: bold;\">Precios sin I.V.A.<\/span>  <\/h3>\n<p style=\"text-align: center;\">Portes pagados a partir de 250 \u20ac de compra.<\/p>\n<p style=\"text-align: center; margin-top: -6px;\">*(sin contar el I.V.A.)<\/p>\n<p style=\"text-align: center; margin-bottom: -1px;\"><span style=\"font-weight: bold;\">Incluye funda de transporte<\/span><\/p>\n<p style=\"text-align: center;\"><span style=\"font-weight: bold;\">ACOLCHADA<\/span><\/p>\n<p><img data-recalc-dims=\"1\" loading=\"lazy\" decoding=\"async\" alt=\"envio 24 horas\" class=\"aligncenter size-medium wp-image-884\" height=\"120\" src=\"https:\/\/i0.wp.com\/impresiondigitalgranformato.es\/wp-content\/uploads\/2017\/01\/envio-urgente-300x135.png?resize=267%2C120&#038;ssl=1\" style=\"height: auto; width: 267px;\" width=\"267\" srcset=\"https:\/\/i0.wp.com\/impresiondigitalgranformato.es\/wp-content\/uploads\/2017\/01\/envio-urgente.png?resize=300%2C135&amp;ssl=1 300w, https:\/\/i0.wp.com\/impresiondigitalgranformato.es\/wp-content\/uploads\/2017\/01\/envio-urgente.png?resize=100%2C45&amp;ssl=1 100w, https:\/\/i0.wp.com\/impresiondigitalgranformato.es\/wp-content\/uploads\/2017\/01\/envio-urgente.png?resize=150%2C68&amp;ssl=1 150w, https:\/\/i0.wp.com\/impresiondigitalgranformato.es\/wp-content\/uploads\/2017\/01\/envio-urgente.png?resize=200%2C90&amp;ssl=1 200w, https:\/\/i0.wp.com\/impresiondigitalgranformato.es\/wp-content\/uploads\/2017\/01\/envio-urgente.png?resize=299%2C135&amp;ssl=1 299w, https:\/\/i0.wp.com\/impresiondigitalgranformato.es\/wp-content\/uploads\/2017\/01\/envio-urgente.png?w=443&amp;ssl=1 443w\" sizes=\"auto, (max-width: 267px) 100vw, 267px\" \/><\/p>\n<\/div>\n<div class=\"pbs-col\" style=\"flex-basis: 33.33%;\">\n<p><a href=\"https:\/\/impresiondigitalgranformato.es\/preparacion-de-disenos\/\" xlink=\"href\">  <img data-recalc-dims=\"1\" loading=\"lazy\" decoding=\"async\" alt=\"preparaci\u00f3n de artes finales o dise\u00f1os\" class=\"aligncenter wp-image-809 size-medium\" height=\"158\" src=\"https:\/\/i0.wp.com\/impresiondigitalgranformato.es\/wp-content\/uploads\/2017\/01\/como-preparar-dise%C3%B1os-o-artes-finales-300x158.jpg?resize=300%2C158&#038;ssl=1\" style=\"height: auto; width: 197px; margin-top: 47px;\" width=\"300\" srcset=\"https:\/\/i0.wp.com\/impresiondigitalgranformato.es\/wp-content\/uploads\/2017\/01\/como-preparar-dise%C3%B1os-o-artes-finales.jpg?resize=300%2C158&amp;ssl=1 300w, https:\/\/i0.wp.com\/impresiondigitalgranformato.es\/wp-content\/uploads\/2017\/01\/como-preparar-dise%C3%B1os-o-artes-finales.jpg?resize=100%2C53&amp;ssl=1 100w, https:\/\/i0.wp.com\/impresiondigitalgranformato.es\/wp-content\/uploads\/2017\/01\/como-preparar-dise%C3%B1os-o-artes-finales.jpg?resize=150%2C79&amp;ssl=1 150w, https:\/\/i0.wp.com\/impresiondigitalgranformato.es\/wp-content\/uploads\/2017\/01\/como-preparar-dise%C3%B1os-o-artes-finales.jpg?resize=200%2C105&amp;ssl=1 200w, https:\/\/i0.wp.com\/impresiondigitalgranformato.es\/wp-content\/uploads\/2017\/01\/como-preparar-dise%C3%B1os-o-artes-finales.jpg?w=370&amp;ssl=1 370w\" sizes=\"auto, (max-width: 300px) 100vw, 300px\" \/>  <\/a><\/p>\n<p><a href=\"https:\/\/impresiondigitalgranformato.es\/wp-content\/uploads\/2017\/10\/plantilla-roll-up-de-60-x-200.pdf\" rel=\"noopener\" target=\"_blank\" xlink=\"href\">  <img data-recalc-dims=\"1\" loading=\"lazy\" decoding=\"async\" alt class=\"aligncenter wp-image-1311 size-medium\" height=\"157\" src=\"https:\/\/i0.wp.com\/impresiondigitalgranformato.es\/wp-content\/uploads\/2017\/01\/plantilla-roll-up-de-60-x-200-cm-300x157.png?resize=300%2C157&#038;ssl=1\" style=\"height: auto; width: 198px; margin-top: 33px; margin-bottom: 28px;\" width=\"300\" srcset=\"https:\/\/i0.wp.com\/impresiondigitalgranformato.es\/wp-content\/uploads\/2017\/01\/plantilla-roll-up-de-60-x-200-cm.png?resize=300%2C157&amp;ssl=1 300w, https:\/\/i0.wp.com\/impresiondigitalgranformato.es\/wp-content\/uploads\/2017\/01\/plantilla-roll-up-de-60-x-200-cm.png?resize=100%2C52&amp;ssl=1 100w, https:\/\/i0.wp.com\/impresiondigitalgranformato.es\/wp-content\/uploads\/2017\/01\/plantilla-roll-up-de-60-x-200-cm.png?resize=150%2C79&amp;ssl=1 150w, https:\/\/i0.wp.com\/impresiondigitalgranformato.es\/wp-content\/uploads\/2017\/01\/plantilla-roll-up-de-60-x-200-cm.png?resize=200%2C105&amp;ssl=1 200w, https:\/\/i0.wp.com\/impresiondigitalgranformato.es\/wp-content\/uploads\/2017\/01\/plantilla-roll-up-de-60-x-200-cm.png?w=370&amp;ssl=1 370w\" sizes=\"auto, (max-width: 300px) 100vw, 300px\" \/>  <\/a><\/p>\n<p><a href=\"https:\/\/impresiondigitalgranformato.es\/producto\/roll-up-de-60-x-200-cm\/\" xlink=\"href\">  <img data-recalc-dims=\"1\" loading=\"lazy\" decoding=\"async\" alt=\"pagina de compra\" class=\"aligncenter wp-image-1213 size-medium\" height=\"300\" src=\"https:\/\/i0.wp.com\/impresiondigitalgranformato.es\/wp-content\/uploads\/2017\/01\/pasar-a-pagina-de-compra-236x300.png?resize=236%2C300&#038;ssl=1\" style=\"height: auto; width: 195px;\" width=\"236\" srcset=\"https:\/\/i0.wp.com\/impresiondigitalgranformato.es\/wp-content\/uploads\/2017\/01\/pasar-a-pagina-de-compra.png?resize=236%2C300&amp;ssl=1 236w, https:\/\/i0.wp.com\/impresiondigitalgranformato.es\/wp-content\/uploads\/2017\/01\/pasar-a-pagina-de-compra.png?resize=300%2C382&amp;ssl=1 300w, https:\/\/i0.wp.com\/impresiondigitalgranformato.es\/wp-content\/uploads\/2017\/01\/pasar-a-pagina-de-compra.png?resize=100%2C127&amp;ssl=1 100w, https:\/\/i0.wp.com\/impresiondigitalgranformato.es\/wp-content\/uploads\/2017\/01\/pasar-a-pagina-de-compra.png?resize=150%2C191&amp;ssl=1 150w, https:\/\/i0.wp.com\/impresiondigitalgranformato.es\/wp-content\/uploads\/2017\/01\/pasar-a-pagina-de-compra.png?resize=200%2C255&amp;ssl=1 200w, https:\/\/i0.wp.com\/impresiondigitalgranformato.es\/wp-content\/uploads\/2017\/01\/pasar-a-pagina-de-compra.png?w=366&amp;ssl=1 366w\" sizes=\"auto, (max-width: 236px) 100vw, 236px\" \/>  <\/a><\/p>\n<\/div>\n<\/div>\n<div class=\"pbs-row\" style=\"min-height: 350px;\">\n<div class=\"pbs-col\" style=\"flex-basis: 50%;\">\n<h3 style=\"text-align: center;\">  <span style=\"font-weight: bold; color: #6273c0;\">VEA EL VIDEO DEL PRODUCTO !!!<\/span>  <\/h3>\n\n<div class=\"jetpack-video-wrapper\"><iframe loading=\"lazy\" title=\"roll up 60 x 200 cm\" width=\"640\" height=\"360\" src=\"https:\/\/www.youtube.com\/embed\/lFcLD--zvN0?feature=oembed\" frameborder=\"0\" allow=\"accelerometer; autoplay; clipboard-write; encrypted-media; gyroscope; picture-in-picture; web-share\" referrerpolicy=\"strict-origin-when-cross-origin\" allowfullscreen><\/iframe><\/div>\n<\/div>\n<div class=\"pbs-col\" style=\"flex-basis: 50%;\">\n<h3 style=\"text-align: center; margin-bottom: 2px;\">  <span style=\"font-weight: normal;\">Rollup de medida especial<\/span>  <\/h3>\n<h3 style=\"text-align: center; margin-top: 7px;\">  <span style=\"font-weight: normal;\">formato de 60 x 200 cm<\/span>  <\/h3>\n<h4 style=\"text-align: center;\">  <span style=\"font-weight: normal;\">La estructura esta fabricada en aluminio y contiene un palastro inferior de para mejorar la estabilidad, la gr\u00e1fica esta realizada en impresi\u00f3n digital de alta calidad sobre lona fundida de 450 gr.<\/span>  <\/h4>\n<h4 style=\"text-align: center;\">  <span style=\"font-weight: normal;\">La funda de transporte esta acolchada para evitar los golpes a la hora de los transportes.<\/span>  <\/h4>\n<p style=\"text-align: center;\">Con este roll up de medida especial conseguir\u00e1 dar publicidad de cualquier tipo de actividad, servicio, oferta \u2026 en lugares con espacio reducido. El rollup de 60 x 200 cm lo puede utilizar en salas de espera, puertas de entrada, ferias, pasillos o galer\u00edas \u2026 y puede ser visto a gran distancia ya que tiene 2 metros de altura y permite la visi\u00f3n por encima de las cabezas de las personas.<\/p>\n<p><a href=\"http:\/\/impresiondigitalgranformato.es\/wordpress\/rollup-economico\/\" target xlink=\"href\">  <img data-recalc-dims=\"1\" decoding=\"async\" alt class=\"aligncenter size-medium wp-image-415\"  src=\"https:\/\/i0.wp.com\/impresiondigitalgranformato.es\/wordpress\/wp-content\/uploads\/2017\/01\/volver-a-seccion-rollup-300x126.png?w=156\" style=\"height: auto; width: 156px; margin-top: 67px;\"  srcset=\"https:\/\/i0.wp.com\/impresiondigitalgranformato.es\/wp-content\/uploads\/2017\/01\/volver-a-seccion-rollup.png?resize=300%2C126&amp;ssl=1 300w, https:\/\/i0.wp.com\/impresiondigitalgranformato.es\/wp-content\/uploads\/2017\/01\/volver-a-seccion-rollup.png?resize=100%2C42&amp;ssl=1 100w, https:\/\/i0.wp.com\/impresiondigitalgranformato.es\/wp-content\/uploads\/2017\/01\/volver-a-seccion-rollup.png?resize=150%2C63&amp;ssl=1 150w, https:\/\/i0.wp.com\/impresiondigitalgranformato.es\/wp-content\/uploads\/2017\/01\/volver-a-seccion-rollup.png?resize=200%2C84&amp;ssl=1 200w, https:\/\/i0.wp.com\/impresiondigitalgranformato.es\/wp-content\/uploads\/2017\/01\/volver-a-seccion-rollup.png?w=370&amp;ssl=1 370w\" sizes=\"(max-width: 300px) 100vw, 300px\" \/>  <\/a><\/p>\n<\/div>\n<\/div>\n","protected":false},"excerpt":{"rendered":"<p>[rl_gallery id=\u00bb3833&#8243;] ROLLUP de 60 x 200 cm GR\u00c1FICA INCLUIDA Descuentos por Cantidades !!! de 1 a 5 unid \u2026 39 \u20ac\/unid. de 6 a 15 unid \u2026 38 \u20ac\/unid de 16 a 30 unid \u2026 36 \u20ac\/unid 31 o mas \u2026\u2026.. 34 \u20ac\/unid * Precios validos aportando arte final el cliente. Precios sin I.V.A. [&hellip;]<\/p>\n","protected":false},"author":1,"featured_media":0,"parent":0,"menu_order":0,"comment_status":"closed","ping_status":"closed","template":"","meta":{"footnotes":""},"class_list":["post-434","page","type-page","status-publish","hentry"],"yoast_head":"<!-- This site is optimized with the Yoast SEO plugin v27.3 - https:\/\/yoast.com\/product\/yoast-seo-wordpress\/ -->\n<title>roll-up-medida-especial - Los + baratos<\/title>\n<meta name=\"robots\" content=\"index, follow, max-snippet:-1, max-image-preview:large, max-video-preview:-1\" \/>\n<link rel=\"canonical\" href=\"https:\/\/impresiondigitalgranformato.es\/fr\/roll-up-medida-especial\/\" \/>\n<meta property=\"og:locale\" content=\"fr_FR\" \/>\n<meta property=\"og:type\" content=\"article\" \/>\n<meta property=\"og:title\" content=\"roll-up-medida-especial - Los + baratos\" \/>\n<meta property=\"og:description\" content=\"[rl_gallery id=\u00bb3833&#8243;] ROLLUP de 60 x 200 cm GR\u00c1FICA INCLUIDA Descuentos por Cantidades !!! de 1 a 5 unid \u2026 39 \u20ac\/unid. de 6 a 15 unid \u2026 38 \u20ac\/unid de 16 a 30 unid \u2026 36 \u20ac\/unid 31 o mas \u2026\u2026.. 34 \u20ac\/unid * Precios validos aportando arte final el cliente. Precios sin I.V.A. [&hellip;]\" \/>\n<meta property=\"og:url\" content=\"https:\/\/impresiondigitalgranformato.es\/fr\/roll-up-medida-especial\/\" \/>\n<meta property=\"og:site_name\" content=\"Los + baratos\" \/>\n<meta property=\"article:modified_time\" content=\"2018-08-28T16:10:26+00:00\" \/>\n<meta property=\"og:image\" content=\"https:\/\/impresiondigitalgranformato.es\/wp-content\/uploads\/2017\/01\/envio-urgente-300x135.png\" \/>\n<meta name=\"twitter:card\" content=\"summary_large_image\" \/>\n<meta name=\"twitter:label1\" content=\"Dur\u00e9e de lecture estim\u00e9e\" \/>\n\t<meta name=\"twitter:data1\" content=\"1 minute\" \/>\n<script type=\"application\/ld+json\" class=\"yoast-schema-graph\">{\"@context\":\"https:\\\/\\\/schema.org\",\"@graph\":[{\"@type\":\"WebPage\",\"@id\":\"https:\\\/\\\/impresiondigitalgranformato.es\\\/roll-up-medida-especial\\\/\",\"url\":\"https:\\\/\\\/impresiondigitalgranformato.es\\\/roll-up-medida-especial\\\/\",\"name\":\"roll-up-medida-especial - Los + baratos\",\"isPartOf\":{\"@id\":\"https:\\\/\\\/impresiondigitalgranformato.es\\\/#website\"},\"primaryImageOfPage\":{\"@id\":\"https:\\\/\\\/impresiondigitalgranformato.es\\\/roll-up-medida-especial\\\/#primaryimage\"},\"image\":{\"@id\":\"https:\\\/\\\/impresiondigitalgranformato.es\\\/roll-up-medida-especial\\\/#primaryimage\"},\"thumbnailUrl\":\"https:\\\/\\\/impresiondigitalgranformato.es\\\/wp-content\\\/uploads\\\/2017\\\/01\\\/envio-urgente-300x135.png\",\"datePublished\":\"2017-01-09T18:38:39+00:00\",\"dateModified\":\"2018-08-28T16:10:26+00:00\",\"breadcrumb\":{\"@id\":\"https:\\\/\\\/impresiondigitalgranformato.es\\\/roll-up-medida-especial\\\/#breadcrumb\"},\"inLanguage\":\"fr-FR\",\"potentialAction\":[{\"@type\":\"ReadAction\",\"target\":[\"https:\\\/\\\/impresiondigitalgranformato.es\\\/roll-up-medida-especial\\\/\"]}]},{\"@type\":\"ImageObject\",\"inLanguage\":\"fr-FR\",\"@id\":\"https:\\\/\\\/impresiondigitalgranformato.es\\\/roll-up-medida-especial\\\/#primaryimage\",\"url\":\"https:\\\/\\\/impresiondigitalgranformato.es\\\/wp-content\\\/uploads\\\/2017\\\/01\\\/envio-urgente-300x135.png\",\"contentUrl\":\"https:\\\/\\\/impresiondigitalgranformato.es\\\/wp-content\\\/uploads\\\/2017\\\/01\\\/envio-urgente-300x135.png\"},{\"@type\":\"BreadcrumbList\",\"@id\":\"https:\\\/\\\/impresiondigitalgranformato.es\\\/roll-up-medida-especial\\\/#breadcrumb\",\"itemListElement\":[{\"@type\":\"ListItem\",\"position\":1,\"name\":\"Portada\",\"item\":\"https:\\\/\\\/impresiondigitalgranformato.es\\\/\"},{\"@type\":\"ListItem\",\"position\":2,\"name\":\"roll-up-medida-especial\"}]},{\"@type\":\"WebSite\",\"@id\":\"https:\\\/\\\/impresiondigitalgranformato.es\\\/#website\",\"url\":\"https:\\\/\\\/impresiondigitalgranformato.es\\\/\",\"name\":\"Los + baratos\",\"description\":\"impresi\u00f3n digital gran formato venta de roll up, banner, banderas, lonas, carteles, displays, publicidad\",\"publisher\":{\"@id\":\"https:\\\/\\\/impresiondigitalgranformato.es\\\/#organization\"},\"potentialAction\":[{\"@type\":\"SearchAction\",\"target\":{\"@type\":\"EntryPoint\",\"urlTemplate\":\"https:\\\/\\\/impresiondigitalgranformato.es\\\/?s={search_term_string}\"},\"query-input\":{\"@type\":\"PropertyValueSpecification\",\"valueRequired\":true,\"valueName\":\"search_term_string\"}}],\"inLanguage\":\"fr-FR\"},{\"@type\":\"Organization\",\"@id\":\"https:\\\/\\\/impresiondigitalgranformato.es\\\/#organization\",\"name\":\"Los + baratos\",\"url\":\"https:\\\/\\\/impresiondigitalgranformato.es\\\/\",\"logo\":{\"@type\":\"ImageObject\",\"inLanguage\":\"fr-FR\",\"@id\":\"https:\\\/\\\/impresiondigitalgranformato.es\\\/#\\\/schema\\\/logo\\\/image\\\/\",\"url\":\"https:\\\/\\\/i0.wp.com\\\/impresiondigitalgranformato.es\\\/wp-content\\\/uploads\\\/2016\\\/12\\\/cropped-logotipo-2-e1483373659766.png?fit=500%2C101&ssl=1\",\"contentUrl\":\"https:\\\/\\\/i0.wp.com\\\/impresiondigitalgranformato.es\\\/wp-content\\\/uploads\\\/2016\\\/12\\\/cropped-logotipo-2-e1483373659766.png?fit=500%2C101&ssl=1\",\"width\":500,\"height\":101,\"caption\":\"Los + baratos\"},\"image\":{\"@id\":\"https:\\\/\\\/impresiondigitalgranformato.es\\\/#\\\/schema\\\/logo\\\/image\\\/\"}}]}<\/script>\n<!-- \/ Yoast SEO plugin. -->","yoast_head_json":{"title":"roll-up-medida-especial - Los + baratos","robots":{"index":"index","follow":"follow","max-snippet":"max-snippet:-1","max-image-preview":"max-image-preview:large","max-video-preview":"max-video-preview:-1"},"canonical":"https:\/\/impresiondigitalgranformato.es\/fr\/roll-up-medida-especial\/","og_locale":"fr_FR","og_type":"article","og_title":"roll-up-medida-especial - Los + baratos","og_description":"[rl_gallery id=\u00bb3833&#8243;] ROLLUP de 60 x 200 cm GR\u00c1FICA INCLUIDA Descuentos por Cantidades !!! de 1 a 5 unid \u2026 39 \u20ac\/unid. de 6 a 15 unid \u2026 38 \u20ac\/unid de 16 a 30 unid \u2026 36 \u20ac\/unid 31 o mas \u2026\u2026.. 34 \u20ac\/unid * Precios validos aportando arte final el cliente. Precios sin I.V.A. [&hellip;]","og_url":"https:\/\/impresiondigitalgranformato.es\/fr\/roll-up-medida-especial\/","og_site_name":"Los + baratos","article_modified_time":"2018-08-28T16:10:26+00:00","og_image":[{"url":"https:\/\/impresiondigitalgranformato.es\/wp-content\/uploads\/2017\/01\/envio-urgente-300x135.png","type":"","width":"","height":""}],"twitter_card":"summary_large_image","twitter_misc":{"Dur\u00e9e de lecture estim\u00e9e":"1 minute"},"schema":{"@context":"https:\/\/schema.org","@graph":[{"@type":"WebPage","@id":"https:\/\/impresiondigitalgranformato.es\/roll-up-medida-especial\/","url":"https:\/\/impresiondigitalgranformato.es\/roll-up-medida-especial\/","name":"roll-up-medida-especial - Los + baratos","isPartOf":{"@id":"https:\/\/impresiondigitalgranformato.es\/#website"},"primaryImageOfPage":{"@id":"https:\/\/impresiondigitalgranformato.es\/roll-up-medida-especial\/#primaryimage"},"image":{"@id":"https:\/\/impresiondigitalgranformato.es\/roll-up-medida-especial\/#primaryimage"},"thumbnailUrl":"https:\/\/impresiondigitalgranformato.es\/wp-content\/uploads\/2017\/01\/envio-urgente-300x135.png","datePublished":"2017-01-09T18:38:39+00:00","dateModified":"2018-08-28T16:10:26+00:00","breadcrumb":{"@id":"https:\/\/impresiondigitalgranformato.es\/roll-up-medida-especial\/#breadcrumb"},"inLanguage":"fr-FR","potentialAction":[{"@type":"ReadAction","target":["https:\/\/impresiondigitalgranformato.es\/roll-up-medida-especial\/"]}]},{"@type":"ImageObject","inLanguage":"fr-FR","@id":"https:\/\/impresiondigitalgranformato.es\/roll-up-medida-especial\/#primaryimage","url":"https:\/\/impresiondigitalgranformato.es\/wp-content\/uploads\/2017\/01\/envio-urgente-300x135.png","contentUrl":"https:\/\/impresiondigitalgranformato.es\/wp-content\/uploads\/2017\/01\/envio-urgente-300x135.png"},{"@type":"BreadcrumbList","@id":"https:\/\/impresiondigitalgranformato.es\/roll-up-medida-especial\/#breadcrumb","itemListElement":[{"@type":"ListItem","position":1,"name":"Portada","item":"https:\/\/impresiondigitalgranformato.es\/"},{"@type":"ListItem","position":2,"name":"roll-up-medida-especial"}]},{"@type":"WebSite","@id":"https:\/\/impresiondigitalgranformato.es\/#website","url":"https:\/\/impresiondigitalgranformato.es\/","name":"Les moins chers","description":"impression num\u00e9rique grand format vente de roll up, banni\u00e8res, drapeaux, banderoles, b\u00e2ches, affiches, pr\u00e9sentoirs, publicit\u00e9s","publisher":{"@id":"https:\/\/impresiondigitalgranformato.es\/#organization"},"potentialAction":[{"@type":"SearchAction","target":{"@type":"EntryPoint","urlTemplate":"https:\/\/impresiondigitalgranformato.es\/?s={search_term_string}"},"query-input":{"@type":"PropertyValueSpecification","valueRequired":true,"valueName":"search_term_string"}}],"inLanguage":"fr-FR"},{"@type":"Organization","@id":"https:\/\/impresiondigitalgranformato.es\/#organization","name":"Les moins chers","url":"https:\/\/impresiondigitalgranformato.es\/","logo":{"@type":"ImageObject","inLanguage":"fr-FR","@id":"https:\/\/impresiondigitalgranformato.es\/#\/schema\/logo\/image\/","url":"https:\/\/i0.wp.com\/impresiondigitalgranformato.es\/wp-content\/uploads\/2016\/12\/cropped-logotipo-2-e1483373659766.png?fit=500%2C101&ssl=1","contentUrl":"https:\/\/i0.wp.com\/impresiondigitalgranformato.es\/wp-content\/uploads\/2016\/12\/cropped-logotipo-2-e1483373659766.png?fit=500%2C101&ssl=1","width":500,"height":101,"caption":"Los + baratos"},"image":{"@id":"https:\/\/impresiondigitalgranformato.es\/#\/schema\/logo\/image\/"}}]}},"jetpack_sharing_enabled":true,"_links":{"self":[{"href":"https:\/\/impresiondigitalgranformato.es\/fr\/wp-json\/wp\/v2\/pages\/434","targetHints":{"allow":["GET"]}}],"collection":[{"href":"https:\/\/impresiondigitalgranformato.es\/fr\/wp-json\/wp\/v2\/pages"}],"about":[{"href":"https:\/\/impresiondigitalgranformato.es\/fr\/wp-json\/wp\/v2\/types\/page"}],"author":[{"embeddable":true,"href":"https:\/\/impresiondigitalgranformato.es\/fr\/wp-json\/wp\/v2\/users\/1"}],"replies":[{"embeddable":true,"href":"https:\/\/impresiondigitalgranformato.es\/fr\/wp-json\/wp\/v2\/comments?post=434"}],"version-history":[{"count":46,"href":"https:\/\/impresiondigitalgranformato.es\/fr\/wp-json\/wp\/v2\/pages\/434\/revisions"}],"predecessor-version":[{"id":3836,"href":"https:\/\/impresiondigitalgranformato.es\/fr\/wp-json\/wp\/v2\/pages\/434\/revisions\/3836"}],"wp:attachment":[{"href":"https:\/\/impresiondigitalgranformato.es\/fr\/wp-json\/wp\/v2\/media?parent=434"}],"curies":[{"name":"wp","href":"https:\/\/api.w.org\/{rel}","templated":true}]}}