{"id":45,"date":"2016-12-08T10:27:49","date_gmt":"2016-12-08T09:27:49","guid":{"rendered":"http:\/\/impresiondigitalgranformato.es\/wordpress\/?page_id=45"},"modified":"2018-03-28T12:37:17","modified_gmt":"2018-03-28T10:37:17","slug":"contacto","status":"publish","type":"page","link":"https:\/\/impresiondigitalgranformato.es\/fr\/contacto\/","title":{"rendered":"contact"},"content":{"rendered":"<div class=\"pbs-row\" style=\"min-height: 350px;\">\n<div class=\"pbs-col\" style=\"flex-basis: 33.33%;\">\n<p><img data-recalc-dims=\"1\" loading=\"lazy\" decoding=\"async\" alt=\"impresion digital los mas baratos\" class=\"aligncenter size-medium wp-image-15\" data-pbs-phone-margin-bottom=\"36px\" height=\"61\" src=\"https:\/\/i0.wp.com\/impresiondigitalgranformato.es\/wp-content\/uploads\/2016\/12\/logotipo-2-300x61.png?resize=300%2C61&#038;ssl=1\" style=\"margin-bottom: 36px;\" width=\"300\"><\/p>\n<p><img data-recalc-dims=\"1\" loading=\"lazy\" decoding=\"async\" alt=\"logotipo impresiondigitalgranformato\" class=\"aligncenter size-medium wp-image-800\" height=\"131\" src=\"https:\/\/i0.wp.com\/impresiondigitalgranformato.es\/wp-content\/uploads\/2017\/01\/logotipo_rotulaciones-300x131.png?resize=300%2C131&#038;ssl=1\" width=\"300\" srcset=\"https:\/\/i0.wp.com\/impresiondigitalgranformato.es\/wp-content\/uploads\/2017\/01\/logotipo_rotulaciones.png?resize=300%2C131&amp;ssl=1 300w, https:\/\/i0.wp.com\/impresiondigitalgranformato.es\/wp-content\/uploads\/2017\/01\/logotipo_rotulaciones.png?resize=450%2C196&amp;ssl=1 450w, https:\/\/i0.wp.com\/impresiondigitalgranformato.es\/wp-content\/uploads\/2017\/01\/logotipo_rotulaciones.png?resize=100%2C44&amp;ssl=1 100w, https:\/\/i0.wp.com\/impresiondigitalgranformato.es\/wp-content\/uploads\/2017\/01\/logotipo_rotulaciones.png?resize=150%2C65&amp;ssl=1 150w, https:\/\/i0.wp.com\/impresiondigitalgranformato.es\/wp-content\/uploads\/2017\/01\/logotipo_rotulaciones.png?resize=200%2C87&amp;ssl=1 200w, https:\/\/i0.wp.com\/impresiondigitalgranformato.es\/wp-content\/uploads\/2017\/01\/logotipo_rotulaciones.png?w=580&amp;ssl=1 580w\" sizes=\"auto, (max-width: 300px) 100vw, 300px\" \/><\/p>\n<h4 style=\"text-align: center;\">  B-45808052  <\/h4>\n<\/div>\n<div class=\"pbs-col\" style=\"flex-basis: 33.33%; padding-top: 45px;\">\n<h4 style=\"text-align: left;\">  Puede ponerse en contacto con nosotros a traves de:  <\/h4>\n<h4>  Tel\u00e9fono: 925 761 762 o al 605 265 602 (todos los d\u00edas)  <\/h4>\n<h4>  Wasap: 605 265 602 (Roberto)  <\/h4>\n<h4>  ch\u00e1t: en vivo  <\/h4>\n<h4 style=\"text-align: left;\">  e-mail : <a href=\"mailto:comercial@impresiondigitalgranformato.es\" xlink=\"href\">comercial@impresiondigitalgranformato.es<\/a>  <\/h4>\n<h4>  Direcci\u00f3n: C\/ Eras de San Francisco, 1 local 3.  <\/h4>\n<h4>  &nbsp; &nbsp; &nbsp; &nbsp; &nbsp; &nbsp; &nbsp; &nbsp; &nbsp;45500 Torrijos (Toledo)  <\/h4>\n<\/div>\n<\/div>","protected":false},"excerpt":{"rendered":"<p>B-45808052 Puede ponerse en contacto con nosotros a traves de: Tel\u00e9fono: 925 761 762 o al 605 265 602 (todos los d\u00edas) Wasap: 605 265 602 (Roberto) ch\u00e1t: en vivo e-mail: comercial@impresiondigitalgranformato.es Direcci\u00f3n: C\/ Eras de San Francisco, 1 local 3. &nbsp; &nbsp; &nbsp; &nbsp; &nbsp; &nbsp; &nbsp; &nbsp; &nbsp;45500 Torrijos (Toledo)<\/p>","protected":false},"author":1,"featured_media":0,"parent":0,"menu_order":2,"comment_status":"closed","ping_status":"closed","template":"page-templates\/full-width-page.php","meta":{"footnotes":""},"class_list":["post-45","page","type-page","status-publish","hentry"],"yoast_head":"<!-- This site is optimized with the Yoast SEO plugin v27.3 - https:\/\/yoast.com\/product\/yoast-seo-wordpress\/ -->\n<title>contacto - Los + baratos<\/title>\n<meta name=\"robots\" content=\"index, follow, max-snippet:-1, max-image-preview:large, max-video-preview:-1\" \/>\n<link rel=\"canonical\" href=\"https:\/\/impresiondigitalgranformato.es\/fr\/contacto\/\" \/>\n<meta property=\"og:locale\" content=\"fr_FR\" \/>\n<meta property=\"og:type\" content=\"article\" \/>\n<meta property=\"og:title\" content=\"contacto - Los + baratos\" \/>\n<meta property=\"og:description\" content=\"B-45808052 Puede ponerse en contacto con nosotros a traves de: Tel\u00e9fono: 925 761 762 o al 605 265 602 (todos los d\u00edas) Wasap: 605 265 602 (Roberto) ch\u00e1t: en vivo e-mail: comercial@impresiondigitalgranformato.es Direcci\u00f3n: C\/ Eras de San Francisco, 1 local 3. &nbsp; &nbsp; &nbsp; &nbsp; &nbsp; &nbsp; &nbsp; &nbsp; &nbsp;45500 Torrijos (Toledo)\" \/>\n<meta property=\"og:url\" content=\"https:\/\/impresiondigitalgranformato.es\/fr\/contacto\/\" \/>\n<meta property=\"og:site_name\" content=\"Los + baratos\" \/>\n<meta property=\"article:modified_time\" content=\"2018-03-28T10:37:17+00:00\" \/>\n<meta property=\"og:image\" content=\"https:\/\/impresiondigitalgranformato.es\/wp-content\/uploads\/2016\/12\/logotipo-2-300x61.png\" \/>\n<meta name=\"twitter:card\" content=\"summary_large_image\" \/>\n<script type=\"application\/ld+json\" class=\"yoast-schema-graph\">{\"@context\":\"https:\\\/\\\/schema.org\",\"@graph\":[{\"@type\":\"WebPage\",\"@id\":\"https:\\\/\\\/impresiondigitalgranformato.es\\\/contacto\\\/\",\"url\":\"https:\\\/\\\/impresiondigitalgranformato.es\\\/contacto\\\/\",\"name\":\"contacto - Los + baratos\",\"isPartOf\":{\"@id\":\"https:\\\/\\\/impresiondigitalgranformato.es\\\/#website\"},\"primaryImageOfPage\":{\"@id\":\"https:\\\/\\\/impresiondigitalgranformato.es\\\/contacto\\\/#primaryimage\"},\"image\":{\"@id\":\"https:\\\/\\\/impresiondigitalgranformato.es\\\/contacto\\\/#primaryimage\"},\"thumbnailUrl\":\"https:\\\/\\\/impresiondigitalgranformato.es\\\/wp-content\\\/uploads\\\/2016\\\/12\\\/logotipo-2-300x61.png\",\"datePublished\":\"2016-12-08T09:27:49+00:00\",\"dateModified\":\"2018-03-28T10:37:17+00:00\",\"breadcrumb\":{\"@id\":\"https:\\\/\\\/impresiondigitalgranformato.es\\\/contacto\\\/#breadcrumb\"},\"inLanguage\":\"fr-FR\",\"potentialAction\":[{\"@type\":\"ReadAction\",\"target\":[\"https:\\\/\\\/impresiondigitalgranformato.es\\\/contacto\\\/\"]}]},{\"@type\":\"ImageObject\",\"inLanguage\":\"fr-FR\",\"@id\":\"https:\\\/\\\/impresiondigitalgranformato.es\\\/contacto\\\/#primaryimage\",\"url\":\"https:\\\/\\\/impresiondigitalgranformato.es\\\/wp-content\\\/uploads\\\/2016\\\/12\\\/logotipo-2-300x61.png\",\"contentUrl\":\"https:\\\/\\\/impresiondigitalgranformato.es\\\/wp-content\\\/uploads\\\/2016\\\/12\\\/logotipo-2-300x61.png\"},{\"@type\":\"BreadcrumbList\",\"@id\":\"https:\\\/\\\/impresiondigitalgranformato.es\\\/contacto\\\/#breadcrumb\",\"itemListElement\":[{\"@type\":\"ListItem\",\"position\":1,\"name\":\"Portada\",\"item\":\"https:\\\/\\\/impresiondigitalgranformato.es\\\/\"},{\"@type\":\"ListItem\",\"position\":2,\"name\":\"contacto\"}]},{\"@type\":\"WebSite\",\"@id\":\"https:\\\/\\\/impresiondigitalgranformato.es\\\/#website\",\"url\":\"https:\\\/\\\/impresiondigitalgranformato.es\\\/\",\"name\":\"Los + baratos\",\"description\":\"impresi\u00f3n digital gran formato venta de roll up, banner, banderas, lonas, carteles, displays, publicidad\",\"publisher\":{\"@id\":\"https:\\\/\\\/impresiondigitalgranformato.es\\\/#organization\"},\"potentialAction\":[{\"@type\":\"SearchAction\",\"target\":{\"@type\":\"EntryPoint\",\"urlTemplate\":\"https:\\\/\\\/impresiondigitalgranformato.es\\\/?s={search_term_string}\"},\"query-input\":{\"@type\":\"PropertyValueSpecification\",\"valueRequired\":true,\"valueName\":\"search_term_string\"}}],\"inLanguage\":\"fr-FR\"},{\"@type\":\"Organization\",\"@id\":\"https:\\\/\\\/impresiondigitalgranformato.es\\\/#organization\",\"name\":\"Los + baratos\",\"url\":\"https:\\\/\\\/impresiondigitalgranformato.es\\\/\",\"logo\":{\"@type\":\"ImageObject\",\"inLanguage\":\"fr-FR\",\"@id\":\"https:\\\/\\\/impresiondigitalgranformato.es\\\/#\\\/schema\\\/logo\\\/image\\\/\",\"url\":\"https:\\\/\\\/i0.wp.com\\\/impresiondigitalgranformato.es\\\/wp-content\\\/uploads\\\/2016\\\/12\\\/cropped-logotipo-2-e1483373659766.png?fit=500%2C101&ssl=1\",\"contentUrl\":\"https:\\\/\\\/i0.wp.com\\\/impresiondigitalgranformato.es\\\/wp-content\\\/uploads\\\/2016\\\/12\\\/cropped-logotipo-2-e1483373659766.png?fit=500%2C101&ssl=1\",\"width\":500,\"height\":101,\"caption\":\"Los + baratos\"},\"image\":{\"@id\":\"https:\\\/\\\/impresiondigitalgranformato.es\\\/#\\\/schema\\\/logo\\\/image\\\/\"}}]}<\/script>\n<!-- \/ Yoast SEO plugin. -->","yoast_head_json":{"title":"contacto - Los + baratos","robots":{"index":"index","follow":"follow","max-snippet":"max-snippet:-1","max-image-preview":"max-image-preview:large","max-video-preview":"max-video-preview:-1"},"canonical":"https:\/\/impresiondigitalgranformato.es\/fr\/contacto\/","og_locale":"fr_FR","og_type":"article","og_title":"contacto - Los + baratos","og_description":"B-45808052 Puede ponerse en contacto con nosotros a traves de: Tel\u00e9fono: 925 761 762 o al 605 265 602 (todos los d\u00edas) Wasap: 605 265 602 (Roberto) ch\u00e1t: en vivo e-mail: comercial@impresiondigitalgranformato.es Direcci\u00f3n: C\/ Eras de San Francisco, 1 local 3. &nbsp; &nbsp; &nbsp; &nbsp; &nbsp; &nbsp; &nbsp; &nbsp; &nbsp;45500 Torrijos (Toledo)","og_url":"https:\/\/impresiondigitalgranformato.es\/fr\/contacto\/","og_site_name":"Los + baratos","article_modified_time":"2018-03-28T10:37:17+00:00","og_image":[{"url":"https:\/\/impresiondigitalgranformato.es\/wp-content\/uploads\/2016\/12\/logotipo-2-300x61.png","type":"","width":"","height":""}],"twitter_card":"summary_large_image","schema":{"@context":"https:\/\/schema.org","@graph":[{"@type":"WebPage","@id":"https:\/\/impresiondigitalgranformato.es\/contacto\/","url":"https:\/\/impresiondigitalgranformato.es\/contacto\/","name":"contacto - Los + baratos","isPartOf":{"@id":"https:\/\/impresiondigitalgranformato.es\/#website"},"primaryImageOfPage":{"@id":"https:\/\/impresiondigitalgranformato.es\/contacto\/#primaryimage"},"image":{"@id":"https:\/\/impresiondigitalgranformato.es\/contacto\/#primaryimage"},"thumbnailUrl":"https:\/\/impresiondigitalgranformato.es\/wp-content\/uploads\/2016\/12\/logotipo-2-300x61.png","datePublished":"2016-12-08T09:27:49+00:00","dateModified":"2018-03-28T10:37:17+00:00","breadcrumb":{"@id":"https:\/\/impresiondigitalgranformato.es\/contacto\/#breadcrumb"},"inLanguage":"fr-FR","potentialAction":[{"@type":"ReadAction","target":["https:\/\/impresiondigitalgranformato.es\/contacto\/"]}]},{"@type":"ImageObject","inLanguage":"fr-FR","@id":"https:\/\/impresiondigitalgranformato.es\/contacto\/#primaryimage","url":"https:\/\/impresiondigitalgranformato.es\/wp-content\/uploads\/2016\/12\/logotipo-2-300x61.png","contentUrl":"https:\/\/impresiondigitalgranformato.es\/wp-content\/uploads\/2016\/12\/logotipo-2-300x61.png"},{"@type":"BreadcrumbList","@id":"https:\/\/impresiondigitalgranformato.es\/contacto\/#breadcrumb","itemListElement":[{"@type":"ListItem","position":1,"name":"Portada","item":"https:\/\/impresiondigitalgranformato.es\/"},{"@type":"ListItem","position":2,"name":"contacto"}]},{"@type":"WebSite","@id":"https:\/\/impresiondigitalgranformato.es\/#website","url":"https:\/\/impresiondigitalgranformato.es\/","name":"Les moins chers","description":"impression num\u00e9rique grand format vente de roll up, banni\u00e8res, drapeaux, banderoles, b\u00e2ches, affiches, pr\u00e9sentoirs, publicit\u00e9s","publisher":{"@id":"https:\/\/impresiondigitalgranformato.es\/#organization"},"potentialAction":[{"@type":"SearchAction","target":{"@type":"EntryPoint","urlTemplate":"https:\/\/impresiondigitalgranformato.es\/?s={search_term_string}"},"query-input":{"@type":"PropertyValueSpecification","valueRequired":true,"valueName":"search_term_string"}}],"inLanguage":"fr-FR"},{"@type":"Organization","@id":"https:\/\/impresiondigitalgranformato.es\/#organization","name":"Les moins chers","url":"https:\/\/impresiondigitalgranformato.es\/","logo":{"@type":"ImageObject","inLanguage":"fr-FR","@id":"https:\/\/impresiondigitalgranformato.es\/#\/schema\/logo\/image\/","url":"https:\/\/i0.wp.com\/impresiondigitalgranformato.es\/wp-content\/uploads\/2016\/12\/cropped-logotipo-2-e1483373659766.png?fit=500%2C101&ssl=1","contentUrl":"https:\/\/i0.wp.com\/impresiondigitalgranformato.es\/wp-content\/uploads\/2016\/12\/cropped-logotipo-2-e1483373659766.png?fit=500%2C101&ssl=1","width":500,"height":101,"caption":"Los + baratos"},"image":{"@id":"https:\/\/impresiondigitalgranformato.es\/#\/schema\/logo\/image\/"}}]}},"jetpack_sharing_enabled":true,"_links":{"self":[{"href":"https:\/\/impresiondigitalgranformato.es\/fr\/wp-json\/wp\/v2\/pages\/45","targetHints":{"allow":["GET"]}}],"collection":[{"href":"https:\/\/impresiondigitalgranformato.es\/fr\/wp-json\/wp\/v2\/pages"}],"about":[{"href":"https:\/\/impresiondigitalgranformato.es\/fr\/wp-json\/wp\/v2\/types\/page"}],"author":[{"embeddable":true,"href":"https:\/\/impresiondigitalgranformato.es\/fr\/wp-json\/wp\/v2\/users\/1"}],"replies":[{"embeddable":true,"href":"https:\/\/impresiondigitalgranformato.es\/fr\/wp-json\/wp\/v2\/comments?post=45"}],"version-history":[{"count":69,"href":"https:\/\/impresiondigitalgranformato.es\/fr\/wp-json\/wp\/v2\/pages\/45\/revisions"}],"predecessor-version":[{"id":3520,"href":"https:\/\/impresiondigitalgranformato.es\/fr\/wp-json\/wp\/v2\/pages\/45\/revisions\/3520"}],"wp:attachment":[{"href":"https:\/\/impresiondigitalgranformato.es\/fr\/wp-json\/wp\/v2\/media?parent=45"}],"curies":[{"name":"wp","href":"https:\/\/api.w.org\/{rel}","templated":true}]}}