{"id":656,"date":"2017-01-26T13:30:54","date_gmt":"2017-01-26T12:30:54","guid":{"rendered":"http:\/\/impresiondigitalgranformato.es\/wordpress\/?page_id=656"},"modified":"2019-08-08T10:03:09","modified_gmt":"2019-08-08T08:03:09","slug":"como-comprar","status":"publish","type":"page","link":"https:\/\/impresiondigitalgranformato.es\/fr\/como-comprar\/","title":{"rendered":"Comment acheter"},"content":{"rendered":"<div class=\"pbs-row\" style=\"min-height: 247px; margin-bottom: 40px;\">\n<div class=\"pbs-col\" style=\"flex-basis: 50%;\">\n<p><img data-recalc-dims=\"1\" loading=\"lazy\" decoding=\"async\" class=\"aligncenter size-medium wp-image-800\" src=\"https:\/\/i0.wp.com\/impresiondigitalgranformato.es\/wp-content\/uploads\/2017\/01\/logotipo_rotulaciones-300x131.png?resize=300%2C131&#038;ssl=1\" alt=\"logotipo impresiondigitalgranformato\" width=\"300\" height=\"131\" srcset=\"https:\/\/i0.wp.com\/impresiondigitalgranformato.es\/wp-content\/uploads\/2017\/01\/logotipo_rotulaciones.png?resize=300%2C131&amp;ssl=1 300w, https:\/\/i0.wp.com\/impresiondigitalgranformato.es\/wp-content\/uploads\/2017\/01\/logotipo_rotulaciones.png?resize=450%2C196&amp;ssl=1 450w, https:\/\/i0.wp.com\/impresiondigitalgranformato.es\/wp-content\/uploads\/2017\/01\/logotipo_rotulaciones.png?resize=100%2C44&amp;ssl=1 100w, https:\/\/i0.wp.com\/impresiondigitalgranformato.es\/wp-content\/uploads\/2017\/01\/logotipo_rotulaciones.png?resize=150%2C65&amp;ssl=1 150w, https:\/\/i0.wp.com\/impresiondigitalgranformato.es\/wp-content\/uploads\/2017\/01\/logotipo_rotulaciones.png?resize=200%2C87&amp;ssl=1 200w, https:\/\/i0.wp.com\/impresiondigitalgranformato.es\/wp-content\/uploads\/2017\/01\/logotipo_rotulaciones.png?w=580&amp;ssl=1 580w\" sizes=\"auto, (max-width: 300px) 100vw, 300px\" \/><\/p>\n<p><img data-recalc-dims=\"1\" loading=\"lazy\" decoding=\"async\" class=\"aligncenter size-medium wp-image-15\" style=\"margin-top: 25px;\" src=\"https:\/\/i0.wp.com\/impresiondigitalgranformato.es\/wp-content\/uploads\/2016\/12\/logotipo-2-300x61.png?resize=300%2C61&#038;ssl=1\" alt=\"impresion digital los mas baratos\" width=\"300\" height=\"61\" \/><\/p>\n<\/div>\n<div class=\"pbs-col\" style=\"flex-basis: 50%;\">\n<h4><span style=\"font-weight: normal;\">Tout d'abord, nous tenons \u00e0 souligner que vous pouvez nous contacter \u00e0 tout moment apr\u00e8s votre achat ou votre consultation sur le site web :<\/span><\/h4>\n<h4 style=\"text-align: left;\"><span style=\"font-weight: bold; color: #0e1252;\">T\u00e9l\u00e9phone<\/span>+34 925 761 762 ou +34 605 265 602 (tous les jours)<\/h4>\n<h4><span style=\"font-weight: bold; color: #0d9a41;\">Wasap<\/span>+34 605 265 602 (Roberto)<\/h4>\n<h4><span style=\"font-weight: bold; color: #3a484a;\">ch\u00e1t :<\/span><span style=\"font-weight: bold;\">\u00a0<\/span><span style=\"font-weight: normal;\">vivre<\/span><\/h4>\n<h4><span style=\"font-weight: bold;\">e-mail :<\/span> <span style=\"font-weight: normal;\">comercial@impresiondigitalgranformato.es<\/span><\/h4>\n<\/div>\n<\/div>\n<div class=\"pbs-row\" style=\"min-height: 200px;\">\n<div class=\"pbs-col\" style=\"justify-content: center;\">\n<h3>Commande :<\/h3>\n<p><span style=\"font-weight: bold;\">Toutes les commandes sont pass\u00e9es par l'interm\u00e9diaire de la boutique en ligne.<\/span><\/p>\n<p><span style=\"font-weight: bold;\">1<\/span>Affichez le produit qui vous int\u00e9resse.<\/p>\n<p style=\"margin-bottom: 10px;\"><b>2<\/b>.- Indiquez la quantit\u00e9 d'articles que vous d\u00e9sirez.<\/p>\n<p><b>3<\/b>- Cliquez sur \u00ab acheter maintenant<\/p>\n<p><b>4<\/b>Lorsque vous avez fini d'ajouter des articles au panier, ouvrez le panier (en haut \u00e0 droite ou en bas \u00e0 gauche).<\/p>\n<p><strong>5<\/strong>Cliquez sur \u00ab FINISH PURCHASE \u00bb et suivez les \u00e9tapes indiqu\u00e9es pour remplir le formulaire de facturation et d'exp\u00e9dition du mat\u00e9riel.<\/p>\n<p><strong>6<\/strong>S\u00e9lectionnez le mode de paiement (carte de cr\u00e9dit ou virement bancaire) et cliquez sur \u00ab PASSER LA COMMANDE \u00bb.<\/p>\n<p style=\"margin-bottom: 31px;\">** Au moment de l'achat, vous pouvez indiquer ce que vous voulez dans la case ci-dessous. <span style=\"font-weight: bold;\">\u00ab remarques sur l'ordre \u00bb.<\/span><\/p>\n<p style=\"margin-bottom: 31px;\"><strong>7<\/strong>.- <strong>(uniquement pour les commandes o\u00f9 le client envoie le dessin \u00e0 imprimer)<\/strong> Terminez l'achat et envoyez les fichiers d'impression, accompagn\u00e9s du num\u00e9ro de commande, \u00e0 l'adresse \u00e9lectronique suivante : comercial@impresiondigitalgranformato.es.<\/p>\n<p>** <strong>Nous v\u00e9rifions la taille et la qualit\u00e9 de tous les dessins. Nous vous informons s'il est correct pour l'impression ou si nous pensons qu'il doit \u00eatre modifi\u00e9.<\/strong><\/p>\n<\/div>\n<\/div>\n<div class=\"pbs-row\" style=\"min-height: 200px;\">\n<div class=\"pbs-col\" style=\"justify-content: center;\">\n<p><span style=\"font-weight: bold;\">Commandes avec pr\u00e9paration des graphiques ou du travail artistique final.<\/span><\/p>\n<p>Pour la pr\u00e9paration de la maquette finale, nous vous demandons de nous envoyer les \u00e9l\u00e9ments suivants par courrier \u00e9lectronique : <span style=\"font-weight: bold;\">comercial@impresiondigitalgranformato.es<\/span><\/p>\n<p>-Num\u00e9ro de commande (vous le recevrez dans votre e-mail une fois l'achat effectu\u00e9)<\/p>\n<p>- Logo et\/ou images que vous souhaitez voir appara\u00eetre.<\/p>\n<p>- Textes \u00e0 ins\u00e9rer<\/p>\n<p>- Une br\u00e8ve description de la mani\u00e8re dont vous souhaitez que le site soit pr\u00e9sent\u00e9, avec le plus d'informations possible (position des images, couleurs, polices...).<\/p>\n<p>Nous vous enverrons l'adaptation pour approbation avant de lancer la production.<\/p>\n<p style=\"margin-top: 17px;\"><span style=\"font-weight: bold;\">Prix et mode de paiement :<\/span><\/p>\n<p>Tous les prix indiqu\u00e9s sur le site Internet comprennent le <span style=\"font-weight: bold;\">structures et impression<\/span>. La TVA et les frais de port devront \u00eatre ajout\u00e9s si n\u00e9cessaire.<\/p>\n<p style=\"margin-bottom: 27px;\">Les paiements seront effectu\u00e9s \u00e0 la commande par virement bancaire ou par carte de cr\u00e9dit (vous pouvez choisir au moment de l'achat).<\/p>\n<p><span style=\"font-weight: bold;\">Maquette finale ou fichiers \u00e0 imprimer<\/span><\/p>\n<p>TOUS LES ARTICLES ONT UN MOD\u00c8LE D'ASSEMBLAGE QUE VOUS POUVEZ T\u00c9L\u00c9CHARGER.<\/p>\n<p>Les formats valables pour l'impression sont JPG, TIFF ou PDF, et ils doivent toujours \u00eatre de la taille de l'article choisi.<\/p>\n<p>(par exemple, si vous choisissez un rouleau de 85 x 200 cm, l'image \u00e0 imprimer doit \u00eatre de 85 x 200 cm).<\/p>\n<p style=\"margin-bottom: 22px;\"><span style=\"font-weight: bold;\">Nous v\u00e9rifions la taille et la qualit\u00e9 de tous les dessins et mod\u00e8les, et si nous d\u00e9tectons des probl\u00e8mes, nous vous en informons.<\/span><\/p>\n<p><span style=\"font-weight: bold;\">Exp\u00e9dition et d\u00e9lai de livraison :<\/span><\/p>\n<p>Los env\u00edos est\u00e1n pagados a partir de 250\u20ac de compra (sin incluir IVA) en pen\u00ednsula de no llegar a esta cantidad el coste variar\u00eda entre 9 y 21\u20ac + IVA.<\/p>\n<p>Le d\u00e9lai de livraison peut \u00eatre choisi entre 4 et 2 jours ou m\u00eame dans les 24 heures \u00e0 destination.<span style=\"color: #9c161f;\">*<\/span> (pen\u00ednsula) una vez confirmado arte final y pago de la mercanc\u00eda.<\/p>\n<p><span style=\"color: #9c161f;\">*Siempre que se realice antes de las 12 de la ma\u00f1ana del d\u00eda en curso<\/span><\/p>\n<p><strong>VENTES:<\/strong><\/p>\n<p>Puede realizar su compra\u00a0directamente ON-LINE (Excluidos ciertos servicios) o a trav\u00e9s de nuestro e-mail indicado en el apartado de CONTACTO. Para ello deber\u00e1 indicar las referencias, medidas, etc. de los productos que desee contratar. Posteriormente recibir\u00e1 un presupuesto con dichos productos para que pueda realizar el pago de los mismos.<br \/>\nSolamente se admiten pedidos mediante forma de pago por transferencia bancaria anticipada o a trav\u00e9s de TPV- VIRTUAL instalado en la tienda on-line. Dicho pedido no pasar\u00e1 a producci\u00f3n hasta que ROTULACIONES, SERIGRAFIAS Y MONTAJES PACHECO, S.L. tenga constancia de que el pago ha sido realizado.<br \/>\nLos precios est\u00e1n sujetos a cambios, sin previo aviso.<\/p>\n<p><strong>CANCELACI\u00d3N:<\/strong><br \/>\nL'annulation compl\u00e8te d'une commande n'est autoris\u00e9e que si le produit n'est pas encore entr\u00e9 en production. Si la production est d\u00e9j\u00e0 en cours, le client sera responsable du co\u00fbt du produit. Ce montant sera d\u00e9duit du remboursement total d\u00fb au client.<\/p>\n<p><strong>RETOUR:<\/strong><br \/>\nLes retours de produits ne sont accept\u00e9s que dans les 24 heures suivant la r\u00e9ception de la commande, \u00e0 condition qu'ils soient dus \u00e0 des d\u00e9fauts de fabrication et non \u00e0 une mauvaise utilisation.<br \/>\nSi vous souhaitez plus d'informations sur l'un de nos produits ou un conseil pr\u00e9alable, n'h\u00e9sitez pas \u00e0 nous contacter.<\/p>\n<p><strong>ROTULACIONES, SERIGRAFIAS Y MONTAJES PACHECO, S.L.<\/strong><\/p>\n<p>B-45808052<\/p>\n<p><strong>C\/ Eras de San Francisco, 1 local 3<\/strong><\/p>\n<p><strong>45500 Torrijos (Toledo<\/strong><\/p>\n<p><strong>comercial@impresiondigitalgranforamto.es<\/strong><\/p>\n<\/div>\n<\/div>\n<h2 style=\"text-align: center; margin-bottom: 4px;\"><span style=\"font-weight: bold; color: #048f6c;\">Volver a<\/span><\/h2>\n<p><a href=\"https:\/\/impresiondigitalgranformato.es\/fr\/productosimpresiondigital\/\" xlink=\"href\"> <img data-recalc-dims=\"1\" loading=\"lazy\" decoding=\"async\" class=\"aligncenter wp-image-272 size-medium\" src=\"https:\/\/i0.wp.com\/impresiondigitalgranformato.es\/wp-content\/uploads\/2017\/01\/ICONO-VER-PRODUCTOS-300x66.png?resize=300%2C66&#038;ssl=1\" alt=\"productos impresion de gran foramto\" width=\"300\" height=\"66\" srcset=\"https:\/\/i0.wp.com\/impresiondigitalgranformato.es\/wp-content\/uploads\/2017\/01\/ICONO-VER-PRODUCTOS.png?resize=300%2C66&amp;ssl=1 300w, https:\/\/i0.wp.com\/impresiondigitalgranformato.es\/wp-content\/uploads\/2017\/01\/ICONO-VER-PRODUCTOS.png?resize=450%2C99&amp;ssl=1 450w, https:\/\/i0.wp.com\/impresiondigitalgranformato.es\/wp-content\/uploads\/2017\/01\/ICONO-VER-PRODUCTOS.png?resize=100%2C22&amp;ssl=1 100w, https:\/\/i0.wp.com\/impresiondigitalgranformato.es\/wp-content\/uploads\/2017\/01\/ICONO-VER-PRODUCTOS.png?resize=150%2C33&amp;ssl=1 150w, https:\/\/i0.wp.com\/impresiondigitalgranformato.es\/wp-content\/uploads\/2017\/01\/ICONO-VER-PRODUCTOS.png?resize=200%2C44&amp;ssl=1 200w, https:\/\/i0.wp.com\/impresiondigitalgranformato.es\/wp-content\/uploads\/2017\/01\/ICONO-VER-PRODUCTOS.png?resize=600%2C132&amp;ssl=1 600w, https:\/\/i0.wp.com\/impresiondigitalgranformato.es\/wp-content\/uploads\/2017\/01\/ICONO-VER-PRODUCTOS.png?w=601&amp;ssl=1 601w\" sizes=\"auto, (max-width: 300px) 100vw, 300px\" \/> <\/a><\/p>","protected":false},"excerpt":{"rendered":"<p>En primer lugar indicar que en cualquier momento de la compra o visualizaci\u00f3n en la web puede ponerse en contacto con nosotros a trav\u00e9s de: Tel\u00e9fono: 925 761 762 o al 605 265 602 (todos los d\u00edas) Wasap: 605 265 602 (Roberto) ch\u00e1t:\u00a0en vivo e-mail: comercial@impresiondigitalgranformato.es Pedidos: Todos los pedidos se realizan a trav\u00e9s de [&hellip;]<\/p>\n","protected":false},"author":1,"featured_media":0,"parent":0,"menu_order":0,"comment_status":"closed","ping_status":"closed","template":"","meta":{"footnotes":""},"class_list":["post-656","page","type-page","status-publish","hentry"],"yoast_head":"<!-- This site is optimized with the Yoast SEO plugin v27.3 - https:\/\/yoast.com\/product\/yoast-seo-wordpress\/ -->\n<title>como-comprar - Los + baratos<\/title>\n<meta name=\"robots\" content=\"index, follow, max-snippet:-1, max-image-preview:large, max-video-preview:-1\" \/>\n<link rel=\"canonical\" href=\"https:\/\/impresiondigitalgranformato.es\/fr\/como-comprar\/\" \/>\n<meta property=\"og:locale\" content=\"fr_FR\" \/>\n<meta property=\"og:type\" content=\"article\" \/>\n<meta property=\"og:title\" content=\"como-comprar - Los + baratos\" \/>\n<meta property=\"og:description\" content=\"En primer lugar indicar que en cualquier momento de la compra o visualizaci\u00f3n en la web puede ponerse en contacto con nosotros a trav\u00e9s de: Tel\u00e9fono: 925 761 762 o al 605 265 602 (todos los d\u00edas) Wasap: 605 265 602 (Roberto) ch\u00e1t:\u00a0en vivo e-mail: comercial@impresiondigitalgranformato.es Pedidos: Todos los pedidos se realizan a trav\u00e9s de [&hellip;]\" \/>\n<meta property=\"og:url\" content=\"https:\/\/impresiondigitalgranformato.es\/fr\/como-comprar\/\" \/>\n<meta property=\"og:site_name\" content=\"Los + baratos\" \/>\n<meta property=\"article:modified_time\" content=\"2019-08-08T08:03:09+00:00\" \/>\n<meta property=\"og:image\" content=\"https:\/\/impresiondigitalgranformato.es\/wp-content\/uploads\/2017\/01\/logotipo_rotulaciones-300x131.png\" \/>\n<meta name=\"twitter:card\" content=\"summary_large_image\" \/>\n<meta name=\"twitter:label1\" content=\"Dur\u00e9e de lecture estim\u00e9e\" \/>\n\t<meta name=\"twitter:data1\" content=\"4 minutes\" \/>\n<script type=\"application\/ld+json\" class=\"yoast-schema-graph\">{\"@context\":\"https:\\\/\\\/schema.org\",\"@graph\":[{\"@type\":\"WebPage\",\"@id\":\"https:\\\/\\\/impresiondigitalgranformato.es\\\/como-comprar\\\/\",\"url\":\"https:\\\/\\\/impresiondigitalgranformato.es\\\/como-comprar\\\/\",\"name\":\"como-comprar - Los + baratos\",\"isPartOf\":{\"@id\":\"https:\\\/\\\/impresiondigitalgranformato.es\\\/#website\"},\"primaryImageOfPage\":{\"@id\":\"https:\\\/\\\/impresiondigitalgranformato.es\\\/como-comprar\\\/#primaryimage\"},\"image\":{\"@id\":\"https:\\\/\\\/impresiondigitalgranformato.es\\\/como-comprar\\\/#primaryimage\"},\"thumbnailUrl\":\"https:\\\/\\\/impresiondigitalgranformato.es\\\/wp-content\\\/uploads\\\/2017\\\/01\\\/logotipo_rotulaciones-300x131.png\",\"datePublished\":\"2017-01-26T12:30:54+00:00\",\"dateModified\":\"2019-08-08T08:03:09+00:00\",\"breadcrumb\":{\"@id\":\"https:\\\/\\\/impresiondigitalgranformato.es\\\/como-comprar\\\/#breadcrumb\"},\"inLanguage\":\"fr-FR\",\"potentialAction\":[{\"@type\":\"ReadAction\",\"target\":[\"https:\\\/\\\/impresiondigitalgranformato.es\\\/como-comprar\\\/\"]}]},{\"@type\":\"ImageObject\",\"inLanguage\":\"fr-FR\",\"@id\":\"https:\\\/\\\/impresiondigitalgranformato.es\\\/como-comprar\\\/#primaryimage\",\"url\":\"https:\\\/\\\/impresiondigitalgranformato.es\\\/wp-content\\\/uploads\\\/2017\\\/01\\\/logotipo_rotulaciones-300x131.png\",\"contentUrl\":\"https:\\\/\\\/impresiondigitalgranformato.es\\\/wp-content\\\/uploads\\\/2017\\\/01\\\/logotipo_rotulaciones-300x131.png\"},{\"@type\":\"BreadcrumbList\",\"@id\":\"https:\\\/\\\/impresiondigitalgranformato.es\\\/como-comprar\\\/#breadcrumb\",\"itemListElement\":[{\"@type\":\"ListItem\",\"position\":1,\"name\":\"Portada\",\"item\":\"https:\\\/\\\/impresiondigitalgranformato.es\\\/\"},{\"@type\":\"ListItem\",\"position\":2,\"name\":\"como-comprar\"}]},{\"@type\":\"WebSite\",\"@id\":\"https:\\\/\\\/impresiondigitalgranformato.es\\\/#website\",\"url\":\"https:\\\/\\\/impresiondigitalgranformato.es\\\/\",\"name\":\"Los + baratos\",\"description\":\"impresi\u00f3n digital gran formato venta de roll up, banner, banderas, lonas, carteles, displays, publicidad\",\"publisher\":{\"@id\":\"https:\\\/\\\/impresiondigitalgranformato.es\\\/#organization\"},\"potentialAction\":[{\"@type\":\"SearchAction\",\"target\":{\"@type\":\"EntryPoint\",\"urlTemplate\":\"https:\\\/\\\/impresiondigitalgranformato.es\\\/?s={search_term_string}\"},\"query-input\":{\"@type\":\"PropertyValueSpecification\",\"valueRequired\":true,\"valueName\":\"search_term_string\"}}],\"inLanguage\":\"fr-FR\"},{\"@type\":\"Organization\",\"@id\":\"https:\\\/\\\/impresiondigitalgranformato.es\\\/#organization\",\"name\":\"Los + baratos\",\"url\":\"https:\\\/\\\/impresiondigitalgranformato.es\\\/\",\"logo\":{\"@type\":\"ImageObject\",\"inLanguage\":\"fr-FR\",\"@id\":\"https:\\\/\\\/impresiondigitalgranformato.es\\\/#\\\/schema\\\/logo\\\/image\\\/\",\"url\":\"https:\\\/\\\/i0.wp.com\\\/impresiondigitalgranformato.es\\\/wp-content\\\/uploads\\\/2016\\\/12\\\/cropped-logotipo-2-e1483373659766.png?fit=500%2C101&ssl=1\",\"contentUrl\":\"https:\\\/\\\/i0.wp.com\\\/impresiondigitalgranformato.es\\\/wp-content\\\/uploads\\\/2016\\\/12\\\/cropped-logotipo-2-e1483373659766.png?fit=500%2C101&ssl=1\",\"width\":500,\"height\":101,\"caption\":\"Los + baratos\"},\"image\":{\"@id\":\"https:\\\/\\\/impresiondigitalgranformato.es\\\/#\\\/schema\\\/logo\\\/image\\\/\"}}]}<\/script>\n<!-- \/ Yoast SEO plugin. -->","yoast_head_json":{"title":"como-comprar - Los + baratos","robots":{"index":"index","follow":"follow","max-snippet":"max-snippet:-1","max-image-preview":"max-image-preview:large","max-video-preview":"max-video-preview:-1"},"canonical":"https:\/\/impresiondigitalgranformato.es\/fr\/como-comprar\/","og_locale":"fr_FR","og_type":"article","og_title":"como-comprar - Los + baratos","og_description":"En primer lugar indicar que en cualquier momento de la compra o visualizaci\u00f3n en la web puede ponerse en contacto con nosotros a trav\u00e9s de: Tel\u00e9fono: 925 761 762 o al 605 265 602 (todos los d\u00edas) Wasap: 605 265 602 (Roberto) ch\u00e1t:\u00a0en vivo e-mail: comercial@impresiondigitalgranformato.es Pedidos: Todos los pedidos se realizan a trav\u00e9s de [&hellip;]","og_url":"https:\/\/impresiondigitalgranformato.es\/fr\/como-comprar\/","og_site_name":"Los + baratos","article_modified_time":"2019-08-08T08:03:09+00:00","og_image":[{"url":"https:\/\/impresiondigitalgranformato.es\/wp-content\/uploads\/2017\/01\/logotipo_rotulaciones-300x131.png","type":"","width":"","height":""}],"twitter_card":"summary_large_image","twitter_misc":{"Dur\u00e9e de lecture estim\u00e9e":"4 minutes"},"schema":{"@context":"https:\/\/schema.org","@graph":[{"@type":"WebPage","@id":"https:\/\/impresiondigitalgranformato.es\/como-comprar\/","url":"https:\/\/impresiondigitalgranformato.es\/como-comprar\/","name":"como-comprar - Los + baratos","isPartOf":{"@id":"https:\/\/impresiondigitalgranformato.es\/#website"},"primaryImageOfPage":{"@id":"https:\/\/impresiondigitalgranformato.es\/como-comprar\/#primaryimage"},"image":{"@id":"https:\/\/impresiondigitalgranformato.es\/como-comprar\/#primaryimage"},"thumbnailUrl":"https:\/\/impresiondigitalgranformato.es\/wp-content\/uploads\/2017\/01\/logotipo_rotulaciones-300x131.png","datePublished":"2017-01-26T12:30:54+00:00","dateModified":"2019-08-08T08:03:09+00:00","breadcrumb":{"@id":"https:\/\/impresiondigitalgranformato.es\/como-comprar\/#breadcrumb"},"inLanguage":"fr-FR","potentialAction":[{"@type":"ReadAction","target":["https:\/\/impresiondigitalgranformato.es\/como-comprar\/"]}]},{"@type":"ImageObject","inLanguage":"fr-FR","@id":"https:\/\/impresiondigitalgranformato.es\/como-comprar\/#primaryimage","url":"https:\/\/impresiondigitalgranformato.es\/wp-content\/uploads\/2017\/01\/logotipo_rotulaciones-300x131.png","contentUrl":"https:\/\/impresiondigitalgranformato.es\/wp-content\/uploads\/2017\/01\/logotipo_rotulaciones-300x131.png"},{"@type":"BreadcrumbList","@id":"https:\/\/impresiondigitalgranformato.es\/como-comprar\/#breadcrumb","itemListElement":[{"@type":"ListItem","position":1,"name":"Portada","item":"https:\/\/impresiondigitalgranformato.es\/"},{"@type":"ListItem","position":2,"name":"como-comprar"}]},{"@type":"WebSite","@id":"https:\/\/impresiondigitalgranformato.es\/#website","url":"https:\/\/impresiondigitalgranformato.es\/","name":"Les moins chers","description":"impression num\u00e9rique grand format vente de roll up, banni\u00e8res, drapeaux, banderoles, b\u00e2ches, affiches, pr\u00e9sentoirs, publicit\u00e9s","publisher":{"@id":"https:\/\/impresiondigitalgranformato.es\/#organization"},"potentialAction":[{"@type":"SearchAction","target":{"@type":"EntryPoint","urlTemplate":"https:\/\/impresiondigitalgranformato.es\/?s={search_term_string}"},"query-input":{"@type":"PropertyValueSpecification","valueRequired":true,"valueName":"search_term_string"}}],"inLanguage":"fr-FR"},{"@type":"Organization","@id":"https:\/\/impresiondigitalgranformato.es\/#organization","name":"Les moins chers","url":"https:\/\/impresiondigitalgranformato.es\/","logo":{"@type":"ImageObject","inLanguage":"fr-FR","@id":"https:\/\/impresiondigitalgranformato.es\/#\/schema\/logo\/image\/","url":"https:\/\/i0.wp.com\/impresiondigitalgranformato.es\/wp-content\/uploads\/2016\/12\/cropped-logotipo-2-e1483373659766.png?fit=500%2C101&ssl=1","contentUrl":"https:\/\/i0.wp.com\/impresiondigitalgranformato.es\/wp-content\/uploads\/2016\/12\/cropped-logotipo-2-e1483373659766.png?fit=500%2C101&ssl=1","width":500,"height":101,"caption":"Los + baratos"},"image":{"@id":"https:\/\/impresiondigitalgranformato.es\/#\/schema\/logo\/image\/"}}]}},"jetpack_sharing_enabled":true,"_links":{"self":[{"href":"https:\/\/impresiondigitalgranformato.es\/fr\/wp-json\/wp\/v2\/pages\/656","targetHints":{"allow":["GET"]}}],"collection":[{"href":"https:\/\/impresiondigitalgranformato.es\/fr\/wp-json\/wp\/v2\/pages"}],"about":[{"href":"https:\/\/impresiondigitalgranformato.es\/fr\/wp-json\/wp\/v2\/types\/page"}],"author":[{"embeddable":true,"href":"https:\/\/impresiondigitalgranformato.es\/fr\/wp-json\/wp\/v2\/users\/1"}],"replies":[{"embeddable":true,"href":"https:\/\/impresiondigitalgranformato.es\/fr\/wp-json\/wp\/v2\/comments?post=656"}],"version-history":[{"count":13,"href":"https:\/\/impresiondigitalgranformato.es\/fr\/wp-json\/wp\/v2\/pages\/656\/revisions"}],"predecessor-version":[{"id":5379,"href":"https:\/\/impresiondigitalgranformato.es\/fr\/wp-json\/wp\/v2\/pages\/656\/revisions\/5379"}],"wp:attachment":[{"href":"https:\/\/impresiondigitalgranformato.es\/fr\/wp-json\/wp\/v2\/media?parent=656"}],"curies":[{"name":"wp","href":"https:\/\/api.w.org\/{rel}","templated":true}]}}