{"id":11878,"date":"2020-03-25T17:33:42","date_gmt":"2020-03-25T16:33:42","guid":{"rendered":"http:\/\/impresiondigitalgranformato.es\/?post_type=product&#038;p=11878"},"modified":"2025-07-04T19:13:48","modified_gmt":"2025-07-04T17:13:48","slug":"display-extensible-barato","status":"publish","type":"product","link":"https:\/\/impresiondigitalgranformato.es\/fr\/producto\/display-extensible-barato\/","title":{"rendered":"\u00e9cran extensible"},"content":{"rendered":"<p>Display extensible barato<\/p>\n<p>Estructura de Aluminio con bolsa de transporte<\/p>\n<p>Gr\u00e1fica realizada al tama\u00f1o deseado en impresi\u00f3n digital sobre lona de pvc fundida de 450 gr.<\/p>\n<p>Este display extensible barato es ideal para promoci\u00f3n de productos y\/o servicios en salas de reuniones, fiestas, congresos, centros comerciales&#8230;<\/p>\n<p>Aunque es un photocall econ\u00f3mico su estructura de aluminio le da una gran estabilidad y resistencia. Ademas la gr\u00e1fica puede ser montada y desmontada o incluso intercambiada por otra las veces que sea necesaria, ya que la estructura es muy robusta.<\/p>\n<p>&nbsp;<\/p>\n<p>Il est tr\u00e8s facile et rapide \u00e0 assembler, vous pouvez le voir sur notre site.\u00a0<a href=\"https:\/\/youtu.be\/gq7KMUbozVo\" target=\"_blank\" rel=\"noopener\" data-rel=\"lightbox-video-0\">vid\u00e9o du produit<\/a><\/p>\n<h4>Los photocall cada vez est\u00e1n siendo mas utilizados, por que es una herramienta publicitaria muy efectiva.<\/h4>\n<p>Su peso es muy bajo permitiendo su transporte de una forma c\u00f3moda, su montaje muy r\u00e1pido se expone en menos de 8 minuto y se recoge en menos tiempo aun. Utilice este tipo de producto para promocionar sus productos. Ya que comparando su precio con su calidad, su gran efecto visual, la cantidad de veces que lo puede utilizar. Siempre le sera rentable comprar un photocall extensible.<\/p>\n<p>&nbsp;<\/p>\n<p><span style=\"color: #ff0000;\">RABAIS DE QUANTIT\u00c9 ! !!<\/span><\/p>\n<p><strong>Este producto se puede entregar en 48 horas*<\/strong><\/p>\n<p data-pbs-phone-margin-bottom=\"18px\"><span style=\"color: #000080;\"><strong>Diff\u00e9rents types d'envois :<\/strong><\/span><\/p>\n<p data-pbs-phone-margin-bottom=\"18px\"><strong>Production et livraison dans les 8 jours ouvrables<\/strong><\/p>\n<p data-pbs-phone-margin-bottom=\"18px\"><strong>Production et livraison dans les 4 jours ouvrables<\/strong><\/p>\n<p data-pbs-phone-margin-top=\"1px\"><strong>Production et livraison dans les 2 jours ouvrables<\/strong><\/p>\n<p>&nbsp;<\/p>\n<p>Si necesita un photocall mas econ\u00f3mico visite nuestra secci\u00f3n de <a href=\"https:\/\/impresiondigitalgranformato.es\/fr\/categorie-produit\/photocall-bon-marche\/\">photocall\/banner<\/a><\/p>","protected":false},"excerpt":{"rendered":"<p>Display extensible econ\u00f3mico<\/p>\n<p><span style=\"color: #ff0000;\"><strong>Descuento por cantidades<\/strong><\/span><\/p>\n<p>Estructura de aluminio con bolsa de transporte.<\/p>\n<p>Gr\u00e1fica realizada al <strong>TAMA\u00d1O DESEADO<\/strong> en lona de pvc de 450 gr fundida satinada.<\/p>\n<p><span style=\"color: #eb8a02;\"><strong>Env\u00edo Gratis desde la 1\u00aa unid.<\/strong><\/span><\/p>\n<p><span style=\"color: #0000ff;\"><strong>Disponemos de servicio de entrega en 48 horas<\/strong><\/span><\/p>\n<p><a href=\"https:\/\/impresiondigitalgranformato.es\/fr\/categorie-produit\/photocall-extensible\/\"><strong>VER MAS MODELOS<\/strong><\/a><\/p>\n<p>&nbsp;<\/p>","protected":false},"featured_media":11866,"comment_status":"open","ping_status":"closed","template":"","meta":[],"product_brand":[],"product_cat":[85],"product_tag":[87,86],"class_list":{"0":"post-11878","1":"product","2":"type-product","3":"status-publish","4":"has-post-thumbnail","6":"product_cat-photocall-extensible","7":"product_tag-extensible","8":"product_tag-photocall-eventos-fiestas","10":"first","11":"instock","12":"sold-individually","13":"taxable","14":"shipping-taxable","15":"purchasable","16":"product-type-simple"},"yoast_head":"<!-- This site is optimized with the Yoast SEO plugin v27.3 - https:\/\/yoast.com\/product\/yoast-seo-wordpress\/ -->\n<title>display extensible barato - envio Gratis desde la 1\u00aa unid - Los + baratos<\/title>\n<meta name=\"description\" content=\"Display extensible barato o photocall extensible con envio Gratis desde la 1\u00aa unid. Gr\u00e1fica al tama\u00f1o que necesite y estructura de aluminio.\" \/>\n<meta name=\"robots\" content=\"index, follow, max-snippet:-1, max-image-preview:large, max-video-preview:-1\" \/>\n<link rel=\"canonical\" href=\"https:\/\/impresiondigitalgranformato.es\/fr\/produit\/display-extensible-barato\/\" \/>\n<meta property=\"og:locale\" content=\"fr_FR\" \/>\n<meta property=\"og:type\" content=\"article\" \/>\n<meta property=\"og:title\" content=\"display extensible barato - envio Gratis desde la 1\u00aa unid - Los + baratos\" \/>\n<meta property=\"og:description\" content=\"Display extensible barato o photocall extensible con envio Gratis desde la 1\u00aa unid. Gr\u00e1fica al tama\u00f1o que necesite y estructura de aluminio.\" \/>\n<meta property=\"og:url\" content=\"https:\/\/impresiondigitalgranformato.es\/fr\/produit\/display-extensible-barato\/\" \/>\n<meta property=\"og:site_name\" content=\"Los + baratos\" \/>\n<meta property=\"article:modified_time\" content=\"2025-07-04T17:13:48+00:00\" \/>\n<meta property=\"og:image\" content=\"http:\/\/impresiondigitalgranformato.es\/wp-content\/uploads\/2020\/03\/photocall-extensible-335-cm.png\" \/>\n\t<meta property=\"og:image:width\" content=\"472\" \/>\n\t<meta property=\"og:image:height\" content=\"472\" \/>\n\t<meta property=\"og:image:type\" content=\"image\/png\" \/>\n<meta name=\"twitter:card\" content=\"summary_large_image\" \/>\n<meta name=\"twitter:label1\" content=\"Dur\u00e9e de lecture estim\u00e9e\" \/>\n\t<meta name=\"twitter:data1\" content=\"2 minutes\" \/>\n<script type=\"application\/ld+json\" class=\"yoast-schema-graph\">{\"@context\":\"https:\\\/\\\/schema.org\",\"@graph\":[{\"@type\":\"WebPage\",\"@id\":\"https:\\\/\\\/impresiondigitalgranformato.es\\\/producto\\\/display-extensible-barato\\\/\",\"url\":\"https:\\\/\\\/impresiondigitalgranformato.es\\\/producto\\\/display-extensible-barato\\\/\",\"name\":\"display extensible barato - envio Gratis desde la 1\u00aa unid - Los + baratos\",\"isPartOf\":{\"@id\":\"https:\\\/\\\/impresiondigitalgranformato.es\\\/#website\"},\"primaryImageOfPage\":{\"@id\":\"https:\\\/\\\/impresiondigitalgranformato.es\\\/producto\\\/display-extensible-barato\\\/#primaryimage\"},\"image\":{\"@id\":\"https:\\\/\\\/impresiondigitalgranformato.es\\\/producto\\\/display-extensible-barato\\\/#primaryimage\"},\"thumbnailUrl\":\"https:\\\/\\\/i0.wp.com\\\/impresiondigitalgranformato.es\\\/wp-content\\\/uploads\\\/2020\\\/03\\\/photocall-extensible-335-cm.png?fit=472%2C472&ssl=1\",\"datePublished\":\"2020-03-25T16:33:42+00:00\",\"dateModified\":\"2025-07-04T17:13:48+00:00\",\"description\":\"Display extensible barato o photocall extensible con envio Gratis desde la 1\u00aa unid. Gr\u00e1fica al tama\u00f1o que necesite y estructura de aluminio.\",\"breadcrumb\":{\"@id\":\"https:\\\/\\\/impresiondigitalgranformato.es\\\/producto\\\/display-extensible-barato\\\/#breadcrumb\"},\"inLanguage\":\"fr-FR\",\"potentialAction\":[{\"@type\":\"ReadAction\",\"target\":[\"https:\\\/\\\/impresiondigitalgranformato.es\\\/producto\\\/display-extensible-barato\\\/\"]}]},{\"@type\":\"ImageObject\",\"inLanguage\":\"fr-FR\",\"@id\":\"https:\\\/\\\/impresiondigitalgranformato.es\\\/producto\\\/display-extensible-barato\\\/#primaryimage\",\"url\":\"https:\\\/\\\/i0.wp.com\\\/impresiondigitalgranformato.es\\\/wp-content\\\/uploads\\\/2020\\\/03\\\/photocall-extensible-335-cm.png?fit=472%2C472&ssl=1\",\"contentUrl\":\"https:\\\/\\\/i0.wp.com\\\/impresiondigitalgranformato.es\\\/wp-content\\\/uploads\\\/2020\\\/03\\\/photocall-extensible-335-cm.png?fit=472%2C472&ssl=1\",\"width\":472,\"height\":472,\"caption\":\"display extensible barato\"},{\"@type\":\"BreadcrumbList\",\"@id\":\"https:\\\/\\\/impresiondigitalgranformato.es\\\/producto\\\/display-extensible-barato\\\/#breadcrumb\",\"itemListElement\":[{\"@type\":\"ListItem\",\"position\":1,\"name\":\"Portada\",\"item\":\"https:\\\/\\\/impresiondigitalgranformato.es\\\/\"},{\"@type\":\"ListItem\",\"position\":2,\"name\":\"Productos\",\"item\":\"https:\\\/\\\/impresiondigitalgranformato.es\\\/venta-roll-up-banner\\\/\"},{\"@type\":\"ListItem\",\"position\":3,\"name\":\"display extensible\"}]},{\"@type\":\"WebSite\",\"@id\":\"https:\\\/\\\/impresiondigitalgranformato.es\\\/#website\",\"url\":\"https:\\\/\\\/impresiondigitalgranformato.es\\\/\",\"name\":\"Los + baratos\",\"description\":\"impresi\u00f3n digital gran formato venta de roll up, banner, banderas, lonas, carteles, displays, publicidad\",\"publisher\":{\"@id\":\"https:\\\/\\\/impresiondigitalgranformato.es\\\/#organization\"},\"potentialAction\":[{\"@type\":\"SearchAction\",\"target\":{\"@type\":\"EntryPoint\",\"urlTemplate\":\"https:\\\/\\\/impresiondigitalgranformato.es\\\/?s={search_term_string}\"},\"query-input\":{\"@type\":\"PropertyValueSpecification\",\"valueRequired\":true,\"valueName\":\"search_term_string\"}}],\"inLanguage\":\"fr-FR\"},{\"@type\":\"Organization\",\"@id\":\"https:\\\/\\\/impresiondigitalgranformato.es\\\/#organization\",\"name\":\"Los + baratos\",\"url\":\"https:\\\/\\\/impresiondigitalgranformato.es\\\/\",\"logo\":{\"@type\":\"ImageObject\",\"inLanguage\":\"fr-FR\",\"@id\":\"https:\\\/\\\/impresiondigitalgranformato.es\\\/#\\\/schema\\\/logo\\\/image\\\/\",\"url\":\"https:\\\/\\\/i0.wp.com\\\/impresiondigitalgranformato.es\\\/wp-content\\\/uploads\\\/2016\\\/12\\\/cropped-logotipo-2-e1483373659766.png?fit=500%2C101&ssl=1\",\"contentUrl\":\"https:\\\/\\\/i0.wp.com\\\/impresiondigitalgranformato.es\\\/wp-content\\\/uploads\\\/2016\\\/12\\\/cropped-logotipo-2-e1483373659766.png?fit=500%2C101&ssl=1\",\"width\":500,\"height\":101,\"caption\":\"Los + baratos\"},\"image\":{\"@id\":\"https:\\\/\\\/impresiondigitalgranformato.es\\\/#\\\/schema\\\/logo\\\/image\\\/\"}}]}<\/script>\n<!-- \/ Yoast SEO plugin. -->","yoast_head_json":{"title":"display extensible barato - envio Gratis desde la 1\u00aa unid - Los + baratos","description":"Display extensible barato o photocall extensible con envio Gratis desde la 1\u00aa unid. Gr\u00e1fica al tama\u00f1o que necesite y estructura de aluminio.","robots":{"index":"index","follow":"follow","max-snippet":"max-snippet:-1","max-image-preview":"max-image-preview:large","max-video-preview":"max-video-preview:-1"},"canonical":"https:\/\/impresiondigitalgranformato.es\/fr\/produit\/display-extensible-barato\/","og_locale":"fr_FR","og_type":"article","og_title":"display extensible barato - envio Gratis desde la 1\u00aa unid - Los + baratos","og_description":"Display extensible barato o photocall extensible con envio Gratis desde la 1\u00aa unid. Gr\u00e1fica al tama\u00f1o que necesite y estructura de aluminio.","og_url":"https:\/\/impresiondigitalgranformato.es\/fr\/produit\/display-extensible-barato\/","og_site_name":"Los + baratos","article_modified_time":"2025-07-04T17:13:48+00:00","og_image":[{"width":472,"height":472,"url":"http:\/\/impresiondigitalgranformato.es\/wp-content\/uploads\/2020\/03\/photocall-extensible-335-cm.png","type":"image\/png"}],"twitter_card":"summary_large_image","twitter_misc":{"Dur\u00e9e de lecture estim\u00e9e":"2 minutes"},"schema":{"@context":"https:\/\/schema.org","@graph":[{"@type":"WebPage","@id":"https:\/\/impresiondigitalgranformato.es\/producto\/display-extensible-barato\/","url":"https:\/\/impresiondigitalgranformato.es\/producto\/display-extensible-barato\/","name":"display extensible barato - envio Gratis desde la 1\u00aa unid - Los + baratos","isPartOf":{"@id":"https:\/\/impresiondigitalgranformato.es\/#website"},"primaryImageOfPage":{"@id":"https:\/\/impresiondigitalgranformato.es\/producto\/display-extensible-barato\/#primaryimage"},"image":{"@id":"https:\/\/impresiondigitalgranformato.es\/producto\/display-extensible-barato\/#primaryimage"},"thumbnailUrl":"https:\/\/i0.wp.com\/impresiondigitalgranformato.es\/wp-content\/uploads\/2020\/03\/photocall-extensible-335-cm.png?fit=472%2C472&ssl=1","datePublished":"2020-03-25T16:33:42+00:00","dateModified":"2025-07-04T17:13:48+00:00","description":"Display extensible barato o photocall extensible con envio Gratis desde la 1\u00aa unid. Gr\u00e1fica al tama\u00f1o que necesite y estructura de aluminio.","breadcrumb":{"@id":"https:\/\/impresiondigitalgranformato.es\/producto\/display-extensible-barato\/#breadcrumb"},"inLanguage":"fr-FR","potentialAction":[{"@type":"ReadAction","target":["https:\/\/impresiondigitalgranformato.es\/producto\/display-extensible-barato\/"]}]},{"@type":"ImageObject","inLanguage":"fr-FR","@id":"https:\/\/impresiondigitalgranformato.es\/producto\/display-extensible-barato\/#primaryimage","url":"https:\/\/i0.wp.com\/impresiondigitalgranformato.es\/wp-content\/uploads\/2020\/03\/photocall-extensible-335-cm.png?fit=472%2C472&ssl=1","contentUrl":"https:\/\/i0.wp.com\/impresiondigitalgranformato.es\/wp-content\/uploads\/2020\/03\/photocall-extensible-335-cm.png?fit=472%2C472&ssl=1","width":472,"height":472,"caption":"display extensible barato"},{"@type":"BreadcrumbList","@id":"https:\/\/impresiondigitalgranformato.es\/producto\/display-extensible-barato\/#breadcrumb","itemListElement":[{"@type":"ListItem","position":1,"name":"Portada","item":"https:\/\/impresiondigitalgranformato.es\/"},{"@type":"ListItem","position":2,"name":"Productos","item":"https:\/\/impresiondigitalgranformato.es\/venta-roll-up-banner\/"},{"@type":"ListItem","position":3,"name":"display extensible"}]},{"@type":"WebSite","@id":"https:\/\/impresiondigitalgranformato.es\/#website","url":"https:\/\/impresiondigitalgranformato.es\/","name":"Les moins chers","description":"impression num\u00e9rique grand format vente de roll up, banni\u00e8res, drapeaux, banderoles, b\u00e2ches, affiches, pr\u00e9sentoirs, publicit\u00e9s","publisher":{"@id":"https:\/\/impresiondigitalgranformato.es\/#organization"},"potentialAction":[{"@type":"SearchAction","target":{"@type":"EntryPoint","urlTemplate":"https:\/\/impresiondigitalgranformato.es\/?s={search_term_string}"},"query-input":{"@type":"PropertyValueSpecification","valueRequired":true,"valueName":"search_term_string"}}],"inLanguage":"fr-FR"},{"@type":"Organization","@id":"https:\/\/impresiondigitalgranformato.es\/#organization","name":"Les moins chers","url":"https:\/\/impresiondigitalgranformato.es\/","logo":{"@type":"ImageObject","inLanguage":"fr-FR","@id":"https:\/\/impresiondigitalgranformato.es\/#\/schema\/logo\/image\/","url":"https:\/\/i0.wp.com\/impresiondigitalgranformato.es\/wp-content\/uploads\/2016\/12\/cropped-logotipo-2-e1483373659766.png?fit=500%2C101&ssl=1","contentUrl":"https:\/\/i0.wp.com\/impresiondigitalgranformato.es\/wp-content\/uploads\/2016\/12\/cropped-logotipo-2-e1483373659766.png?fit=500%2C101&ssl=1","width":500,"height":101,"caption":"Los + baratos"},"image":{"@id":"https:\/\/impresiondigitalgranformato.es\/#\/schema\/logo\/image\/"}}]}},"jetpack_sharing_enabled":true,"_links":{"self":[{"href":"https:\/\/impresiondigitalgranformato.es\/fr\/wp-json\/wp\/v2\/product\/11878","targetHints":{"allow":["GET"]}}],"collection":[{"href":"https:\/\/impresiondigitalgranformato.es\/fr\/wp-json\/wp\/v2\/product"}],"about":[{"href":"https:\/\/impresiondigitalgranformato.es\/fr\/wp-json\/wp\/v2\/types\/product"}],"replies":[{"embeddable":true,"href":"https:\/\/impresiondigitalgranformato.es\/fr\/wp-json\/wp\/v2\/comments?post=11878"}],"wp:featuredmedia":[{"embeddable":true,"href":"https:\/\/impresiondigitalgranformato.es\/fr\/wp-json\/wp\/v2\/media\/11866"}],"wp:attachment":[{"href":"https:\/\/impresiondigitalgranformato.es\/fr\/wp-json\/wp\/v2\/media?parent=11878"}],"wp:term":[{"taxonomy":"product_brand","embeddable":true,"href":"https:\/\/impresiondigitalgranformato.es\/fr\/wp-json\/wp\/v2\/product_brand?post=11878"},{"taxonomy":"product_cat","embeddable":true,"href":"https:\/\/impresiondigitalgranformato.es\/fr\/wp-json\/wp\/v2\/product_cat?post=11878"},{"taxonomy":"product_tag","embeddable":true,"href":"https:\/\/impresiondigitalgranformato.es\/fr\/wp-json\/wp\/v2\/product_tag?post=11878"}],"curies":[{"name":"wp","href":"https:\/\/api.w.org\/{rel}","templated":true}]}}