{"id":11921,"date":"2020-03-31T13:08:14","date_gmt":"2020-03-31T11:08:14","guid":{"rendered":"http:\/\/impresiondigitalgranformato.es\/?post_type=product&#038;p=11921"},"modified":"2025-07-04T17:37:03","modified_gmt":"2025-07-04T15:37:03","slug":"bandera-rectangular-barata","status":"publish","type":"product","link":"https:\/\/impresiondigitalgranformato.es\/fr\/producto\/bandera-rectangular-barata\/","title":{"rendered":"Bandera Rectangular"},"content":{"rendered":"<p>Bandera rectangular barata o Fly Banner rectangular econ\u00f3mico<\/p>\n<p>Gr\u00e1fica impresa en sublimaci\u00f3n sobre poli\u00e9ster de 115 gr con cinta de refuerzo y vaina superior<\/p>\n<p>Estructura y base incluida a elegir entre 5 modelos.<\/p>\n<p>Este tipo de producto es muy utilizado para promociones en el exterior, ya que su tama\u00f1o es muy visible. Su peso es bajo y es c\u00f3modo de transportar, ademas su montaje es muy sencillo. <a href=\"https:\/\/youtu.be\/1RjtI-NQUA0\" target=\"_blank\" rel=\"noopener\">V\u00e9alo en nuestro v\u00eddeo<\/a>.<\/p>\n<p>Tenemos mas modelos que ofrecerle que tambi\u00e9n se usan tanto en exterior como en interior. Visite nuestra secci\u00f3n de <a href=\"https:\/\/impresiondigitalgranformato.es\/fr\/categorie-produit\/banderas-gota-o-lagrima-economicas-fly-banner-barato-surf\/\">banderas baratas o fly banner econ\u00f3micos.<\/a><\/p>\n<h3><span style=\"color: #ff0000;\">TAMA\u00d1OS bandera rectangular barata:<\/span><\/h3>\n<p>S: Gr\u00e1fica de 70 x 180 cm y altura total de 220 cm<\/p>\n<p>M: Gr\u00e1fica de 70 x 280 cm y altura total de 340 cm<\/p>\n<p><span style=\"color: #ff0000;\">RABAIS DE QUANTIT\u00c9 ! !!<\/span><\/p>\n<p><strong>Ce produit peut \u00eatre livr\u00e9 dans les 24 heures<\/strong><\/p>\n<p data-pbs-phone-margin-bottom=\"18px\"><span style=\"color: #000080;\"><strong>Diff\u00e9rents types d'envois :<\/strong><\/span><\/p>\n<p data-pbs-phone-margin-bottom=\"18px\"><strong>Production et livraison dans un d\u00e9lai d'un jour ouvrable<\/strong><\/p>\n<p data-pbs-phone-margin-bottom=\"18px\"><strong>Production et livraison dans les 2 jours ouvrables<\/strong><\/p>\n<p data-pbs-phone-margin-top=\"1px\"><strong>Production et livraison dans les 4 jours ouvrables<\/strong><\/p>\n<p data-pbs-phone-margin-bottom=\"18px\">","protected":false},"excerpt":{"rendered":"<p>Bandera rectangular barata o fly banner rectangular para exterior como para interior.<\/p>\n<p><strong>-<\/strong>\u00a0de la 1\u00e8re unit\u00e9<\/p>\n<p>Personalice su local, evento, negocio&#8230; De una forma econ\u00f3mica con esta Bandera.<\/p>\n<h4>El precio incluye: gr\u00e1fica personalizada, estructura y base a elegir.<\/h4>\n<p>Gr\u00e1fica realizada en sublimaci\u00f3n (se imprime por un lado y se ve por los 2) sobre poliester,<\/p>\n<p>Terminaci\u00f3n de la gr\u00e1fica del flybanner con dobladillo, vaina superior y refuerzo perimetral.<\/p>\n<p>Estructura en aluminio y fibra de vidrio.<\/p>\n<p>Base a elegir entre 5 modelos.<\/p>\n<p><span style=\"color: #ff0000;\">RABAIS DE QUANTIT\u00c9 ! !!<\/span><\/p>\n<p>Ce produit peut \u00eatre livr\u00e9 dans les 24 heures<strong>*<\/strong><\/p>","protected":false},"featured_media":11975,"comment_status":"open","ping_status":"closed","template":"","meta":[],"product_brand":[],"product_cat":[74],"product_tag":[],"class_list":{"0":"post-11921","1":"product","2":"type-product","3":"status-publish","4":"has-post-thumbnail","6":"product_cat-banderas-gota-o-lagrima-economicas-fly-banner-barato-surf","8":"first","9":"instock","10":"sold-individually","11":"taxable","12":"shipping-taxable","13":"purchasable","14":"product-type-simple"},"yoast_head":"<!-- This site is optimized with the Yoast SEO plugin v27.3 - https:\/\/yoast.com\/product\/yoast-seo-wordpress\/ -->\n<title>Bandera Rectangular barata - Env\u00edo gratis - desde 61 \u20ac - Los + baratos<\/title>\n<meta name=\"description\" content=\"Bandera rectangular barata con Envio GRATIS la m\u00e1s econ\u00f3mica del mercado. Estructura + gr\u00e1fica + base a elegir + env\u00edo. Todo incluido desde 61 \u20ac\" \/>\n<meta name=\"robots\" content=\"index, follow, max-snippet:-1, max-image-preview:large, max-video-preview:-1\" \/>\n<link rel=\"canonical\" href=\"https:\/\/impresiondigitalgranformato.es\/fr\/produit\/bandera-rectangular-barata\/\" \/>\n<meta property=\"og:locale\" content=\"fr_FR\" \/>\n<meta property=\"og:type\" content=\"article\" \/>\n<meta property=\"og:title\" content=\"Bandera Rectangular barata - Env\u00edo gratis - desde 61 \u20ac - Los + baratos\" \/>\n<meta property=\"og:description\" content=\"Bandera rectangular barata con Envio GRATIS la m\u00e1s econ\u00f3mica del mercado. Estructura + gr\u00e1fica + base a elegir + env\u00edo. Todo incluido desde 61 \u20ac\" \/>\n<meta property=\"og:url\" content=\"https:\/\/impresiondigitalgranformato.es\/fr\/produit\/bandera-rectangular-barata\/\" \/>\n<meta property=\"og:site_name\" content=\"Los + baratos\" \/>\n<meta property=\"article:modified_time\" content=\"2025-07-04T15:37:03+00:00\" \/>\n<meta property=\"og:image\" content=\"http:\/\/impresiondigitalgranformato.es\/wp-content\/uploads\/2020\/03\/bandera-rectangular.png\" \/>\n\t<meta property=\"og:image:width\" content=\"630\" \/>\n\t<meta property=\"og:image:height\" content=\"630\" \/>\n\t<meta property=\"og:image:type\" content=\"image\/png\" \/>\n<meta name=\"twitter:card\" content=\"summary_large_image\" \/>\n<meta name=\"twitter:label1\" content=\"Dur\u00e9e de lecture estim\u00e9e\" \/>\n\t<meta name=\"twitter:data1\" content=\"1 minute\" \/>\n<script type=\"application\/ld+json\" class=\"yoast-schema-graph\">{\"@context\":\"https:\\\/\\\/schema.org\",\"@graph\":[{\"@type\":\"WebPage\",\"@id\":\"https:\\\/\\\/impresiondigitalgranformato.es\\\/producto\\\/bandera-rectangular-barata\\\/\",\"url\":\"https:\\\/\\\/impresiondigitalgranformato.es\\\/producto\\\/bandera-rectangular-barata\\\/\",\"name\":\"Bandera Rectangular barata - Env\u00edo gratis - desde 61 \u20ac - Los + baratos\",\"isPartOf\":{\"@id\":\"https:\\\/\\\/impresiondigitalgranformato.es\\\/#website\"},\"primaryImageOfPage\":{\"@id\":\"https:\\\/\\\/impresiondigitalgranformato.es\\\/producto\\\/bandera-rectangular-barata\\\/#primaryimage\"},\"image\":{\"@id\":\"https:\\\/\\\/impresiondigitalgranformato.es\\\/producto\\\/bandera-rectangular-barata\\\/#primaryimage\"},\"thumbnailUrl\":\"https:\\\/\\\/i0.wp.com\\\/impresiondigitalgranformato.es\\\/wp-content\\\/uploads\\\/2020\\\/03\\\/bandera-rectangular.png?fit=630%2C630&ssl=1\",\"datePublished\":\"2020-03-31T11:08:14+00:00\",\"dateModified\":\"2025-07-04T15:37:03+00:00\",\"description\":\"Bandera rectangular barata con Envio GRATIS la m\u00e1s econ\u00f3mica del mercado. Estructura + gr\u00e1fica + base a elegir + env\u00edo. Todo incluido desde 61 \u20ac\",\"breadcrumb\":{\"@id\":\"https:\\\/\\\/impresiondigitalgranformato.es\\\/producto\\\/bandera-rectangular-barata\\\/#breadcrumb\"},\"inLanguage\":\"fr-FR\",\"potentialAction\":[{\"@type\":\"ReadAction\",\"target\":[\"https:\\\/\\\/impresiondigitalgranformato.es\\\/producto\\\/bandera-rectangular-barata\\\/\"]}]},{\"@type\":\"ImageObject\",\"inLanguage\":\"fr-FR\",\"@id\":\"https:\\\/\\\/impresiondigitalgranformato.es\\\/producto\\\/bandera-rectangular-barata\\\/#primaryimage\",\"url\":\"https:\\\/\\\/i0.wp.com\\\/impresiondigitalgranformato.es\\\/wp-content\\\/uploads\\\/2020\\\/03\\\/bandera-rectangular.png?fit=630%2C630&ssl=1\",\"contentUrl\":\"https:\\\/\\\/i0.wp.com\\\/impresiondigitalgranformato.es\\\/wp-content\\\/uploads\\\/2020\\\/03\\\/bandera-rectangular.png?fit=630%2C630&ssl=1\",\"width\":630,\"height\":630,\"caption\":\"bandera rectangular barata\"},{\"@type\":\"BreadcrumbList\",\"@id\":\"https:\\\/\\\/impresiondigitalgranformato.es\\\/producto\\\/bandera-rectangular-barata\\\/#breadcrumb\",\"itemListElement\":[{\"@type\":\"ListItem\",\"position\":1,\"name\":\"Portada\",\"item\":\"https:\\\/\\\/impresiondigitalgranformato.es\\\/\"},{\"@type\":\"ListItem\",\"position\":2,\"name\":\"Productos\",\"item\":\"https:\\\/\\\/impresiondigitalgranformato.es\\\/venta-roll-up-banner\\\/\"},{\"@type\":\"ListItem\",\"position\":3,\"name\":\"Bandera Rectangular\"}]},{\"@type\":\"WebSite\",\"@id\":\"https:\\\/\\\/impresiondigitalgranformato.es\\\/#website\",\"url\":\"https:\\\/\\\/impresiondigitalgranformato.es\\\/\",\"name\":\"Los + baratos\",\"description\":\"impresi\u00f3n digital gran formato venta de roll up, banner, banderas, lonas, carteles, displays, publicidad\",\"publisher\":{\"@id\":\"https:\\\/\\\/impresiondigitalgranformato.es\\\/#organization\"},\"potentialAction\":[{\"@type\":\"SearchAction\",\"target\":{\"@type\":\"EntryPoint\",\"urlTemplate\":\"https:\\\/\\\/impresiondigitalgranformato.es\\\/?s={search_term_string}\"},\"query-input\":{\"@type\":\"PropertyValueSpecification\",\"valueRequired\":true,\"valueName\":\"search_term_string\"}}],\"inLanguage\":\"fr-FR\"},{\"@type\":\"Organization\",\"@id\":\"https:\\\/\\\/impresiondigitalgranformato.es\\\/#organization\",\"name\":\"Los + baratos\",\"url\":\"https:\\\/\\\/impresiondigitalgranformato.es\\\/\",\"logo\":{\"@type\":\"ImageObject\",\"inLanguage\":\"fr-FR\",\"@id\":\"https:\\\/\\\/impresiondigitalgranformato.es\\\/#\\\/schema\\\/logo\\\/image\\\/\",\"url\":\"https:\\\/\\\/i0.wp.com\\\/impresiondigitalgranformato.es\\\/wp-content\\\/uploads\\\/2016\\\/12\\\/cropped-logotipo-2-e1483373659766.png?fit=500%2C101&ssl=1\",\"contentUrl\":\"https:\\\/\\\/i0.wp.com\\\/impresiondigitalgranformato.es\\\/wp-content\\\/uploads\\\/2016\\\/12\\\/cropped-logotipo-2-e1483373659766.png?fit=500%2C101&ssl=1\",\"width\":500,\"height\":101,\"caption\":\"Los + baratos\"},\"image\":{\"@id\":\"https:\\\/\\\/impresiondigitalgranformato.es\\\/#\\\/schema\\\/logo\\\/image\\\/\"}}]}<\/script>\n<!-- \/ Yoast SEO plugin. -->","yoast_head_json":{"title":"Bandera Rectangular barata - Env\u00edo gratis - desde 61 \u20ac - Los + baratos","description":"Bandera rectangular barata con Envio GRATIS la m\u00e1s econ\u00f3mica del mercado. Estructura + gr\u00e1fica + base a elegir + env\u00edo. Todo incluido desde 61 \u20ac","robots":{"index":"index","follow":"follow","max-snippet":"max-snippet:-1","max-image-preview":"max-image-preview:large","max-video-preview":"max-video-preview:-1"},"canonical":"https:\/\/impresiondigitalgranformato.es\/fr\/produit\/bandera-rectangular-barata\/","og_locale":"fr_FR","og_type":"article","og_title":"Bandera Rectangular barata - Env\u00edo gratis - desde 61 \u20ac - Los + baratos","og_description":"Bandera rectangular barata con Envio GRATIS la m\u00e1s econ\u00f3mica del mercado. Estructura + gr\u00e1fica + base a elegir + env\u00edo. Todo incluido desde 61 \u20ac","og_url":"https:\/\/impresiondigitalgranformato.es\/fr\/produit\/bandera-rectangular-barata\/","og_site_name":"Los + baratos","article_modified_time":"2025-07-04T15:37:03+00:00","og_image":[{"width":630,"height":630,"url":"http:\/\/impresiondigitalgranformato.es\/wp-content\/uploads\/2020\/03\/bandera-rectangular.png","type":"image\/png"}],"twitter_card":"summary_large_image","twitter_misc":{"Dur\u00e9e de lecture estim\u00e9e":"1 minute"},"schema":{"@context":"https:\/\/schema.org","@graph":[{"@type":"WebPage","@id":"https:\/\/impresiondigitalgranformato.es\/producto\/bandera-rectangular-barata\/","url":"https:\/\/impresiondigitalgranformato.es\/producto\/bandera-rectangular-barata\/","name":"Bandera Rectangular barata - Env\u00edo gratis - desde 61 \u20ac - Los + baratos","isPartOf":{"@id":"https:\/\/impresiondigitalgranformato.es\/#website"},"primaryImageOfPage":{"@id":"https:\/\/impresiondigitalgranformato.es\/producto\/bandera-rectangular-barata\/#primaryimage"},"image":{"@id":"https:\/\/impresiondigitalgranformato.es\/producto\/bandera-rectangular-barata\/#primaryimage"},"thumbnailUrl":"https:\/\/i0.wp.com\/impresiondigitalgranformato.es\/wp-content\/uploads\/2020\/03\/bandera-rectangular.png?fit=630%2C630&ssl=1","datePublished":"2020-03-31T11:08:14+00:00","dateModified":"2025-07-04T15:37:03+00:00","description":"Bandera rectangular barata con Envio GRATIS la m\u00e1s econ\u00f3mica del mercado. Estructura + gr\u00e1fica + base a elegir + env\u00edo. Todo incluido desde 61 \u20ac","breadcrumb":{"@id":"https:\/\/impresiondigitalgranformato.es\/producto\/bandera-rectangular-barata\/#breadcrumb"},"inLanguage":"fr-FR","potentialAction":[{"@type":"ReadAction","target":["https:\/\/impresiondigitalgranformato.es\/producto\/bandera-rectangular-barata\/"]}]},{"@type":"ImageObject","inLanguage":"fr-FR","@id":"https:\/\/impresiondigitalgranformato.es\/producto\/bandera-rectangular-barata\/#primaryimage","url":"https:\/\/i0.wp.com\/impresiondigitalgranformato.es\/wp-content\/uploads\/2020\/03\/bandera-rectangular.png?fit=630%2C630&ssl=1","contentUrl":"https:\/\/i0.wp.com\/impresiondigitalgranformato.es\/wp-content\/uploads\/2020\/03\/bandera-rectangular.png?fit=630%2C630&ssl=1","width":630,"height":630,"caption":"bandera rectangular barata"},{"@type":"BreadcrumbList","@id":"https:\/\/impresiondigitalgranformato.es\/producto\/bandera-rectangular-barata\/#breadcrumb","itemListElement":[{"@type":"ListItem","position":1,"name":"Portada","item":"https:\/\/impresiondigitalgranformato.es\/"},{"@type":"ListItem","position":2,"name":"Productos","item":"https:\/\/impresiondigitalgranformato.es\/venta-roll-up-banner\/"},{"@type":"ListItem","position":3,"name":"Bandera Rectangular"}]},{"@type":"WebSite","@id":"https:\/\/impresiondigitalgranformato.es\/#website","url":"https:\/\/impresiondigitalgranformato.es\/","name":"Les moins chers","description":"impression num\u00e9rique grand format vente de roll up, banni\u00e8res, drapeaux, banderoles, b\u00e2ches, affiches, pr\u00e9sentoirs, publicit\u00e9s","publisher":{"@id":"https:\/\/impresiondigitalgranformato.es\/#organization"},"potentialAction":[{"@type":"SearchAction","target":{"@type":"EntryPoint","urlTemplate":"https:\/\/impresiondigitalgranformato.es\/?s={search_term_string}"},"query-input":{"@type":"PropertyValueSpecification","valueRequired":true,"valueName":"search_term_string"}}],"inLanguage":"fr-FR"},{"@type":"Organization","@id":"https:\/\/impresiondigitalgranformato.es\/#organization","name":"Les moins chers","url":"https:\/\/impresiondigitalgranformato.es\/","logo":{"@type":"ImageObject","inLanguage":"fr-FR","@id":"https:\/\/impresiondigitalgranformato.es\/#\/schema\/logo\/image\/","url":"https:\/\/i0.wp.com\/impresiondigitalgranformato.es\/wp-content\/uploads\/2016\/12\/cropped-logotipo-2-e1483373659766.png?fit=500%2C101&ssl=1","contentUrl":"https:\/\/i0.wp.com\/impresiondigitalgranformato.es\/wp-content\/uploads\/2016\/12\/cropped-logotipo-2-e1483373659766.png?fit=500%2C101&ssl=1","width":500,"height":101,"caption":"Los + baratos"},"image":{"@id":"https:\/\/impresiondigitalgranformato.es\/#\/schema\/logo\/image\/"}}]}},"jetpack_sharing_enabled":true,"_links":{"self":[{"href":"https:\/\/impresiondigitalgranformato.es\/fr\/wp-json\/wp\/v2\/product\/11921","targetHints":{"allow":["GET"]}}],"collection":[{"href":"https:\/\/impresiondigitalgranformato.es\/fr\/wp-json\/wp\/v2\/product"}],"about":[{"href":"https:\/\/impresiondigitalgranformato.es\/fr\/wp-json\/wp\/v2\/types\/product"}],"replies":[{"embeddable":true,"href":"https:\/\/impresiondigitalgranformato.es\/fr\/wp-json\/wp\/v2\/comments?post=11921"}],"wp:featuredmedia":[{"embeddable":true,"href":"https:\/\/impresiondigitalgranformato.es\/fr\/wp-json\/wp\/v2\/media\/11975"}],"wp:attachment":[{"href":"https:\/\/impresiondigitalgranformato.es\/fr\/wp-json\/wp\/v2\/media?parent=11921"}],"wp:term":[{"taxonomy":"product_brand","embeddable":true,"href":"https:\/\/impresiondigitalgranformato.es\/fr\/wp-json\/wp\/v2\/product_brand?post=11921"},{"taxonomy":"product_cat","embeddable":true,"href":"https:\/\/impresiondigitalgranformato.es\/fr\/wp-json\/wp\/v2\/product_cat?post=11921"},{"taxonomy":"product_tag","embeddable":true,"href":"https:\/\/impresiondigitalgranformato.es\/fr\/wp-json\/wp\/v2\/product_tag?post=11921"}],"curies":[{"name":"wp","href":"https:\/\/api.w.org\/{rel}","templated":true}]}}