{"id":12215,"date":"2020-04-13T09:00:48","date_gmt":"2020-04-13T07:00:48","guid":{"rendered":"http:\/\/impresiondigitalgranformato.es\/?post_type=product&#038;p=12215"},"modified":"2025-07-03T16:56:46","modified_gmt":"2025-07-03T14:56:46","slug":"lona-rebajas-reutilizable-con-porcentaje","status":"publish","type":"product","link":"https:\/\/impresiondigitalgranformato.es\/fr\/producto\/lona-rebajas-reutilizable-con-porcentaje\/","title":{"rendered":"Lona rebajas REUTILIZABLE con porcentaje"},"content":{"rendered":"<p>Lona rebajas <span style=\"color: #003300;\"><strong>reutilizable<\/strong><\/span> con la palabra REBAJAS e indicando el PORCENTAJE DE DESCUENTO, pudiendo personalizar el tama\u00f1o y los colores<\/p>\n<p>Lona de rebajas\u00a0<span style=\"color: #003300;\"><strong>reutilizable<\/strong><\/span>\u00a0con ventosas para pegar en el cristal.<\/p>\n<p>Puede rellenar todo lo que quiera con varias lonas. Ademas de hacer composiciones con diferentes formatos y\/o dise\u00f1os.<\/p>\n<p>Una vez termine el periodo de descuentos o rebajas, solo tiene que despegar las ventosas, enrollar la lona y guardarla hasta el siguientes momento que tenga que volver a informar sobre el periodo de rebajas. Con esta lona de rebajas con porcentaje de descuento.<\/p>\n<p>Decore su negocio e informe a sus clientes de los\u00a0<a href=\"https:\/\/www.spain.info\/es\/top-10\/rebajas-navidades-mejores-momentos-compras-espana.html\" target=\"_blank\" rel=\"noopener noreferrer\">periodos de rebajas<\/a>, indicando el articulo o la secci\u00f3n que esta en rebajas. Nosotros le ayudamos a ello visite nuestra secci\u00f3n de\u00a0<a href=\"https:\/\/impresiondigitalgranformato.es\/fr\/decoracion-para-rebajas\/\">Decoraci\u00f3n para Rebajas.<\/a>\u00a0Aqu\u00ed encontrara carteles de sobremesa, colgantes, adhesivos, banner \u2026 Todo pensado para las rebajas.<\/p>\n<p><span style=\"color: #ff0000;\"><strong>Ce produit peut \u00eatre livr\u00e9 dans les 24 heures<\/strong><\/span><\/p>\n<p data-pbs-phone-margin-bottom=\"18px\"><strong>Diff\u00e9rents types d'envois :<\/strong><\/p>\n<p data-pbs-phone-margin-bottom=\"18px\"><strong>*<\/strong>\u00a0desde la 1\u00aa unid en 8 d\u00edas laborales.<\/p>\n<p data-pbs-phone-margin-bottom=\"18px\"><strong>Env\u00edo en 4 d\u00edas laborales<\/strong>\u00a0con coste (seg\u00fan pedido) o\u00a0<strong>GRATUITO<\/strong>\u00a0en 4 d\u00edas laborales a partir de 250 \u20ac de compra. *(sin contar el I.V.A.)<\/p>\n<p data-pbs-phone-margin-top=\"1px\"><strong>Production et livraison dans les 2 jours ouvrables<\/strong>: 6 \u20ac de incremento en el pedido.<\/p>\n<p data-pbs-phone-margin-top=\"1px\"><strong>Producci\u00f3n y entrega en 24 horas*<\/strong>: 9 \u20ac de incremento en el pedido (este servicio es solo valido para pedidos confirmado antes de las 11:30 horas del d\u00eda en curso.)<\/p>","protected":false},"excerpt":{"rendered":"<p>Lona rebajas <span style=\"color: #003300;\"><strong>REUTILIZABLE<\/strong><\/span> con la palabra REBAJAS e indicando el PORCENTAJE de DESCUENTO para promocionar sus periodos de rebajas y\/o descuentos.<\/p>\n<p>Lonas\u00a0<span style=\"color: #003300;\"><strong>REUTILIZABLES<\/strong><\/span>\u00a0cuantas veces quiera gracias a sus ventosas.<\/p>\n<p>Con\u00a0<strong>env\u00edo GRATUITO<\/strong>\u00a0de la 1\u00e8re unit\u00e9<\/p>\n<p><span style=\"color: #ff0000;\">esta lona de rebajas tiene opci\u00f3n de entregar en 24 horas.<\/span><\/p>\n<p><strong>Elija el ancho, el alto, color de fondo, color de los textos y el descuento a indicar:<\/strong><\/p>\n<p><span style=\"color: #000080;\">Finalice la compra y nuestro equipo le enviara el DISE\u00d1O que haya configurado para su APROBACI\u00d3N<\/span><\/p>","protected":false},"featured_media":12314,"comment_status":"open","ping_status":"closed","template":"","meta":[],"product_brand":[],"product_cat":[71],"product_tag":[],"class_list":{"0":"post-12215","1":"product","2":"type-product","3":"status-publish","4":"has-post-thumbnail","6":"product_cat-lonas-para-rebajas-reutilizables","8":"first","9":"instock","10":"sold-individually","11":"taxable","12":"shipping-taxable","13":"purchasable","14":"product-type-simple"},"yoast_head":"<!-- This site is optimized with the Yoast SEO plugin v27.3 - https:\/\/yoast.com\/product\/yoast-seo-wordpress\/ -->\n<title>Lona REUTILIZABLE rebajas - envio GRATIS - Los + baratos<\/title>\n<meta name=\"description\" content=\"Lona reutilizable para Rebajas con ventosas. Con env\u00edo Gratis desde la 1\u00aa unid. Personalizado en tama\u00f1o, color y porcentaje a indicar. Precio online\" \/>\n<meta name=\"robots\" content=\"index, follow, max-snippet:-1, max-image-preview:large, max-video-preview:-1\" \/>\n<link rel=\"canonical\" href=\"https:\/\/impresiondigitalgranformato.es\/fr\/produit\/lona-rebajas-reutilizable-con-porcentaje\/\" \/>\n<meta property=\"og:locale\" content=\"fr_FR\" \/>\n<meta property=\"og:type\" content=\"article\" \/>\n<meta property=\"og:title\" content=\"Lona REUTILIZABLE rebajas - envio GRATIS - Los + baratos\" \/>\n<meta property=\"og:description\" content=\"Lona reutilizable para Rebajas con ventosas. Con env\u00edo Gratis desde la 1\u00aa unid. Personalizado en tama\u00f1o, color y porcentaje a indicar. Precio online\" \/>\n<meta property=\"og:url\" content=\"https:\/\/impresiondigitalgranformato.es\/fr\/produit\/lona-rebajas-reutilizable-con-porcentaje\/\" \/>\n<meta property=\"og:site_name\" content=\"Los + baratos\" \/>\n<meta property=\"article:modified_time\" content=\"2025-07-03T14:56:46+00:00\" \/>\n<meta property=\"og:image\" content=\"http:\/\/impresiondigitalgranformato.es\/wp-content\/uploads\/2020\/04\/lona-rebajas-reutilizable.jpg\" \/>\n\t<meta property=\"og:image:width\" content=\"945\" \/>\n\t<meta property=\"og:image:height\" content=\"945\" \/>\n\t<meta property=\"og:image:type\" content=\"image\/jpeg\" \/>\n<meta name=\"twitter:card\" content=\"summary_large_image\" \/>\n<meta name=\"twitter:label1\" content=\"Dur\u00e9e de lecture estim\u00e9e\" \/>\n\t<meta name=\"twitter:data1\" content=\"2 minutes\" \/>\n<script type=\"application\/ld+json\" class=\"yoast-schema-graph\">{\"@context\":\"https:\\\/\\\/schema.org\",\"@graph\":[{\"@type\":\"WebPage\",\"@id\":\"https:\\\/\\\/impresiondigitalgranformato.es\\\/producto\\\/lona-rebajas-reutilizable-con-porcentaje\\\/\",\"url\":\"https:\\\/\\\/impresiondigitalgranformato.es\\\/producto\\\/lona-rebajas-reutilizable-con-porcentaje\\\/\",\"name\":\"Lona REUTILIZABLE rebajas - envio GRATIS - Los + baratos\",\"isPartOf\":{\"@id\":\"https:\\\/\\\/impresiondigitalgranformato.es\\\/#website\"},\"primaryImageOfPage\":{\"@id\":\"https:\\\/\\\/impresiondigitalgranformato.es\\\/producto\\\/lona-rebajas-reutilizable-con-porcentaje\\\/#primaryimage\"},\"image\":{\"@id\":\"https:\\\/\\\/impresiondigitalgranformato.es\\\/producto\\\/lona-rebajas-reutilizable-con-porcentaje\\\/#primaryimage\"},\"thumbnailUrl\":\"https:\\\/\\\/i0.wp.com\\\/impresiondigitalgranformato.es\\\/wp-content\\\/uploads\\\/2020\\\/04\\\/lona-rebajas-reutilizable.jpg?fit=945%2C945&ssl=1\",\"datePublished\":\"2020-04-13T07:00:48+00:00\",\"dateModified\":\"2025-07-03T14:56:46+00:00\",\"description\":\"Lona reutilizable para Rebajas con ventosas. Con env\u00edo Gratis desde la 1\u00aa unid. Personalizado en tama\u00f1o, color y porcentaje a indicar. Precio online\",\"breadcrumb\":{\"@id\":\"https:\\\/\\\/impresiondigitalgranformato.es\\\/producto\\\/lona-rebajas-reutilizable-con-porcentaje\\\/#breadcrumb\"},\"inLanguage\":\"fr-FR\",\"potentialAction\":[{\"@type\":\"ReadAction\",\"target\":[\"https:\\\/\\\/impresiondigitalgranformato.es\\\/producto\\\/lona-rebajas-reutilizable-con-porcentaje\\\/\"]}]},{\"@type\":\"ImageObject\",\"inLanguage\":\"fr-FR\",\"@id\":\"https:\\\/\\\/impresiondigitalgranformato.es\\\/producto\\\/lona-rebajas-reutilizable-con-porcentaje\\\/#primaryimage\",\"url\":\"https:\\\/\\\/i0.wp.com\\\/impresiondigitalgranformato.es\\\/wp-content\\\/uploads\\\/2020\\\/04\\\/lona-rebajas-reutilizable.jpg?fit=945%2C945&ssl=1\",\"contentUrl\":\"https:\\\/\\\/i0.wp.com\\\/impresiondigitalgranformato.es\\\/wp-content\\\/uploads\\\/2020\\\/04\\\/lona-rebajas-reutilizable.jpg?fit=945%2C945&ssl=1\",\"width\":945,\"height\":945,\"caption\":\"lona rebajas reutilizable\"},{\"@type\":\"BreadcrumbList\",\"@id\":\"https:\\\/\\\/impresiondigitalgranformato.es\\\/producto\\\/lona-rebajas-reutilizable-con-porcentaje\\\/#breadcrumb\",\"itemListElement\":[{\"@type\":\"ListItem\",\"position\":1,\"name\":\"Portada\",\"item\":\"https:\\\/\\\/impresiondigitalgranformato.es\\\/\"},{\"@type\":\"ListItem\",\"position\":2,\"name\":\"Productos\",\"item\":\"https:\\\/\\\/impresiondigitalgranformato.es\\\/venta-roll-up-banner\\\/\"},{\"@type\":\"ListItem\",\"position\":3,\"name\":\"Lona rebajas REUTILIZABLE con porcentaje\"}]},{\"@type\":\"WebSite\",\"@id\":\"https:\\\/\\\/impresiondigitalgranformato.es\\\/#website\",\"url\":\"https:\\\/\\\/impresiondigitalgranformato.es\\\/\",\"name\":\"Los + baratos\",\"description\":\"impresi\u00f3n digital gran formato venta de roll up, banner, banderas, lonas, carteles, displays, publicidad\",\"publisher\":{\"@id\":\"https:\\\/\\\/impresiondigitalgranformato.es\\\/#organization\"},\"potentialAction\":[{\"@type\":\"SearchAction\",\"target\":{\"@type\":\"EntryPoint\",\"urlTemplate\":\"https:\\\/\\\/impresiondigitalgranformato.es\\\/?s={search_term_string}\"},\"query-input\":{\"@type\":\"PropertyValueSpecification\",\"valueRequired\":true,\"valueName\":\"search_term_string\"}}],\"inLanguage\":\"fr-FR\"},{\"@type\":\"Organization\",\"@id\":\"https:\\\/\\\/impresiondigitalgranformato.es\\\/#organization\",\"name\":\"Los + baratos\",\"url\":\"https:\\\/\\\/impresiondigitalgranformato.es\\\/\",\"logo\":{\"@type\":\"ImageObject\",\"inLanguage\":\"fr-FR\",\"@id\":\"https:\\\/\\\/impresiondigitalgranformato.es\\\/#\\\/schema\\\/logo\\\/image\\\/\",\"url\":\"https:\\\/\\\/i0.wp.com\\\/impresiondigitalgranformato.es\\\/wp-content\\\/uploads\\\/2016\\\/12\\\/cropped-logotipo-2-e1483373659766.png?fit=500%2C101&ssl=1\",\"contentUrl\":\"https:\\\/\\\/i0.wp.com\\\/impresiondigitalgranformato.es\\\/wp-content\\\/uploads\\\/2016\\\/12\\\/cropped-logotipo-2-e1483373659766.png?fit=500%2C101&ssl=1\",\"width\":500,\"height\":101,\"caption\":\"Los + baratos\"},\"image\":{\"@id\":\"https:\\\/\\\/impresiondigitalgranformato.es\\\/#\\\/schema\\\/logo\\\/image\\\/\"}}]}<\/script>\n<!-- \/ Yoast SEO plugin. -->","yoast_head_json":{"title":"Lona REUTILIZABLE rebajas - envio GRATIS - Los + baratos","description":"Lona reutilizable para Rebajas con ventosas. Con env\u00edo Gratis desde la 1\u00aa unid. Personalizado en tama\u00f1o, color y porcentaje a indicar. Precio online","robots":{"index":"index","follow":"follow","max-snippet":"max-snippet:-1","max-image-preview":"max-image-preview:large","max-video-preview":"max-video-preview:-1"},"canonical":"https:\/\/impresiondigitalgranformato.es\/fr\/produit\/lona-rebajas-reutilizable-con-porcentaje\/","og_locale":"fr_FR","og_type":"article","og_title":"Lona REUTILIZABLE rebajas - envio GRATIS - Los + baratos","og_description":"Lona reutilizable para Rebajas con ventosas. Con env\u00edo Gratis desde la 1\u00aa unid. Personalizado en tama\u00f1o, color y porcentaje a indicar. Precio online","og_url":"https:\/\/impresiondigitalgranformato.es\/fr\/produit\/lona-rebajas-reutilizable-con-porcentaje\/","og_site_name":"Los + baratos","article_modified_time":"2025-07-03T14:56:46+00:00","og_image":[{"width":945,"height":945,"url":"http:\/\/impresiondigitalgranformato.es\/wp-content\/uploads\/2020\/04\/lona-rebajas-reutilizable.jpg","type":"image\/jpeg"}],"twitter_card":"summary_large_image","twitter_misc":{"Dur\u00e9e de lecture estim\u00e9e":"2 minutes"},"schema":{"@context":"https:\/\/schema.org","@graph":[{"@type":"WebPage","@id":"https:\/\/impresiondigitalgranformato.es\/producto\/lona-rebajas-reutilizable-con-porcentaje\/","url":"https:\/\/impresiondigitalgranformato.es\/producto\/lona-rebajas-reutilizable-con-porcentaje\/","name":"Lona REUTILIZABLE rebajas - envio GRATIS - Los + baratos","isPartOf":{"@id":"https:\/\/impresiondigitalgranformato.es\/#website"},"primaryImageOfPage":{"@id":"https:\/\/impresiondigitalgranformato.es\/producto\/lona-rebajas-reutilizable-con-porcentaje\/#primaryimage"},"image":{"@id":"https:\/\/impresiondigitalgranformato.es\/producto\/lona-rebajas-reutilizable-con-porcentaje\/#primaryimage"},"thumbnailUrl":"https:\/\/i0.wp.com\/impresiondigitalgranformato.es\/wp-content\/uploads\/2020\/04\/lona-rebajas-reutilizable.jpg?fit=945%2C945&ssl=1","datePublished":"2020-04-13T07:00:48+00:00","dateModified":"2025-07-03T14:56:46+00:00","description":"Lona reutilizable para Rebajas con ventosas. Con env\u00edo Gratis desde la 1\u00aa unid. Personalizado en tama\u00f1o, color y porcentaje a indicar. Precio online","breadcrumb":{"@id":"https:\/\/impresiondigitalgranformato.es\/producto\/lona-rebajas-reutilizable-con-porcentaje\/#breadcrumb"},"inLanguage":"fr-FR","potentialAction":[{"@type":"ReadAction","target":["https:\/\/impresiondigitalgranformato.es\/producto\/lona-rebajas-reutilizable-con-porcentaje\/"]}]},{"@type":"ImageObject","inLanguage":"fr-FR","@id":"https:\/\/impresiondigitalgranformato.es\/producto\/lona-rebajas-reutilizable-con-porcentaje\/#primaryimage","url":"https:\/\/i0.wp.com\/impresiondigitalgranformato.es\/wp-content\/uploads\/2020\/04\/lona-rebajas-reutilizable.jpg?fit=945%2C945&ssl=1","contentUrl":"https:\/\/i0.wp.com\/impresiondigitalgranformato.es\/wp-content\/uploads\/2020\/04\/lona-rebajas-reutilizable.jpg?fit=945%2C945&ssl=1","width":945,"height":945,"caption":"lona rebajas reutilizable"},{"@type":"BreadcrumbList","@id":"https:\/\/impresiondigitalgranformato.es\/producto\/lona-rebajas-reutilizable-con-porcentaje\/#breadcrumb","itemListElement":[{"@type":"ListItem","position":1,"name":"Portada","item":"https:\/\/impresiondigitalgranformato.es\/"},{"@type":"ListItem","position":2,"name":"Productos","item":"https:\/\/impresiondigitalgranformato.es\/venta-roll-up-banner\/"},{"@type":"ListItem","position":3,"name":"Lona rebajas REUTILIZABLE con porcentaje"}]},{"@type":"WebSite","@id":"https:\/\/impresiondigitalgranformato.es\/#website","url":"https:\/\/impresiondigitalgranformato.es\/","name":"Les moins chers","description":"impression num\u00e9rique grand format vente de roll up, banni\u00e8res, drapeaux, banderoles, b\u00e2ches, affiches, pr\u00e9sentoirs, publicit\u00e9s","publisher":{"@id":"https:\/\/impresiondigitalgranformato.es\/#organization"},"potentialAction":[{"@type":"SearchAction","target":{"@type":"EntryPoint","urlTemplate":"https:\/\/impresiondigitalgranformato.es\/?s={search_term_string}"},"query-input":{"@type":"PropertyValueSpecification","valueRequired":true,"valueName":"search_term_string"}}],"inLanguage":"fr-FR"},{"@type":"Organization","@id":"https:\/\/impresiondigitalgranformato.es\/#organization","name":"Les moins chers","url":"https:\/\/impresiondigitalgranformato.es\/","logo":{"@type":"ImageObject","inLanguage":"fr-FR","@id":"https:\/\/impresiondigitalgranformato.es\/#\/schema\/logo\/image\/","url":"https:\/\/i0.wp.com\/impresiondigitalgranformato.es\/wp-content\/uploads\/2016\/12\/cropped-logotipo-2-e1483373659766.png?fit=500%2C101&ssl=1","contentUrl":"https:\/\/i0.wp.com\/impresiondigitalgranformato.es\/wp-content\/uploads\/2016\/12\/cropped-logotipo-2-e1483373659766.png?fit=500%2C101&ssl=1","width":500,"height":101,"caption":"Los + baratos"},"image":{"@id":"https:\/\/impresiondigitalgranformato.es\/#\/schema\/logo\/image\/"}}]}},"jetpack_sharing_enabled":true,"_links":{"self":[{"href":"https:\/\/impresiondigitalgranformato.es\/fr\/wp-json\/wp\/v2\/product\/12215","targetHints":{"allow":["GET"]}}],"collection":[{"href":"https:\/\/impresiondigitalgranformato.es\/fr\/wp-json\/wp\/v2\/product"}],"about":[{"href":"https:\/\/impresiondigitalgranformato.es\/fr\/wp-json\/wp\/v2\/types\/product"}],"replies":[{"embeddable":true,"href":"https:\/\/impresiondigitalgranformato.es\/fr\/wp-json\/wp\/v2\/comments?post=12215"}],"wp:featuredmedia":[{"embeddable":true,"href":"https:\/\/impresiondigitalgranformato.es\/fr\/wp-json\/wp\/v2\/media\/12314"}],"wp:attachment":[{"href":"https:\/\/impresiondigitalgranformato.es\/fr\/wp-json\/wp\/v2\/media?parent=12215"}],"wp:term":[{"taxonomy":"product_brand","embeddable":true,"href":"https:\/\/impresiondigitalgranformato.es\/fr\/wp-json\/wp\/v2\/product_brand?post=12215"},{"taxonomy":"product_cat","embeddable":true,"href":"https:\/\/impresiondigitalgranformato.es\/fr\/wp-json\/wp\/v2\/product_cat?post=12215"},{"taxonomy":"product_tag","embeddable":true,"href":"https:\/\/impresiondigitalgranformato.es\/fr\/wp-json\/wp\/v2\/product_tag?post=12215"}],"curies":[{"name":"wp","href":"https:\/\/api.w.org\/{rel}","templated":true}]}}