{"id":1249,"date":"2017-09-25T18:12:27","date_gmt":"2017-09-25T16:12:27","guid":{"rendered":"http:\/\/impresiondigitalgranformato.es\/?post_type=product&#038;p=1249"},"modified":"2025-07-04T18:23:58","modified_gmt":"2025-07-04T16:23:58","slug":"petit-rollup-60x160","status":"publish","type":"product","link":"https:\/\/impresiondigitalgranformato.es\/fr\/producto\/rollup-pequeno-60x160\/","title":{"rendered":"petit rollup mesurant 60x160 cm"},"content":{"rendered":"<p>Petit rollup mesurant 60x160 cm <strong>standard<\/strong><\/p>\n<p>Structure en aluminium et plastique.<\/p>\n<p>Graphique r\u00e9alis\u00e9 en toile PVC coul\u00e9e satin\u00e9e 450 gr.<\/p>\n<p>Comprend un sac de transport en nylon.<\/p>\n<p>Les pr\u00e9sentoirs enroulables sont de plus en plus utilis\u00e9s pour la promotion de produits. Gr\u00e2ce \u00e0 ce petit format, vous pouvez promouvoir vos offres et services partout, comme dans les salles d'attente, les magasins, les centres commerciaux, les bureaux, etc.<\/p>\n<p>Le petit roll-up 60x160 cm est l\u00e9ger et facile \u00e0 monter. Son faible poids et sa taille compacte le rendent extr\u00eamement polyvalent.<\/p>\n<p>Si cette taille ne correspond pas \u00e0 ce que vous recherchez, visitez le mod\u00e8le <a href=\"https:\/\/impresiondigitalgranformato.es\/fr\/produit\/economie-standard-rollup\/\" target=\"_blank\" rel=\"noopener\">STANDARD<\/a> o\u00f9 vous trouverez plus de tailles qui s'adapteront s\u00fbrement \u00e0 ce que vous recherchez.<\/p>\n<p>&nbsp;<\/p>\n<p>&nbsp;<\/p>","protected":false},"excerpt":{"rendered":"<p>Les pr\u00e9sentoirs enroulables sont de plus en plus utilis\u00e9s pour la promotion de produits. Gr\u00e2ce \u00e0 ce petit format, vous pouvez promouvoir vos offres et services partout, comme dans les salles d'attente, les magasins, les centres commerciaux, les bureaux, etc.<\/p>\n<p>Le rollap 60 x 160 cm est l\u00e9ger et facile \u00e0 monter, tr\u00e8s polyvalent gr\u00e2ce \u00e0 sa taille.<\/p>\n<p><span style=\"color: #ff0000;\">RABAIS DE QUANTIT\u00c9 ! !!<\/span><\/p>\n<p><strong>-<\/strong>\u00a0de la 1\u00e8re unit\u00e9<\/p>\n<p>Ce produit peut \u00eatre livr\u00e9 dans les 24 heures<strong>*<\/strong><\/p>\n<p><a href=\"https:\/\/impresiondigitalgranformato.es\/fr\/roll-up\/\"><img loading=\"lazy\" decoding=\"async\" class=\"size-full wp-image-12936 alignnone\" src=\"https:\/\/impresiondigitalgranformato.es\/wp-content\/uploads\/2019\/09\/impresion-digital-mas-modelos.png\" alt=\"impression num\u00e9rique plus de mod\u00e8les\" width=\"468\" height=\"61\" srcset=\"https:\/\/i0.wp.com\/impresiondigitalgranformato.es\/wp-content\/uploads\/2019\/09\/impresion-digital-mas-modelos.png?w=468&amp;ssl=1 468w, https:\/\/i0.wp.com\/impresiondigitalgranformato.es\/wp-content\/uploads\/2019\/09\/impresion-digital-mas-modelos.png?resize=100%2C13&amp;ssl=1 100w, https:\/\/i0.wp.com\/impresiondigitalgranformato.es\/wp-content\/uploads\/2019\/09\/impresion-digital-mas-modelos.png?resize=150%2C20&amp;ssl=1 150w, https:\/\/i0.wp.com\/impresiondigitalgranformato.es\/wp-content\/uploads\/2019\/09\/impresion-digital-mas-modelos.png?resize=200%2C26&amp;ssl=1 200w, https:\/\/i0.wp.com\/impresiondigitalgranformato.es\/wp-content\/uploads\/2019\/09\/impresion-digital-mas-modelos.png?resize=300%2C39&amp;ssl=1 300w, https:\/\/i0.wp.com\/impresiondigitalgranformato.es\/wp-content\/uploads\/2019\/09\/impresion-digital-mas-modelos.png?resize=450%2C59&amp;ssl=1 450w\" sizes=\"auto, (max-width: 468px) 100vw, 468px\" \/><\/a><\/p>","protected":false},"featured_media":12871,"comment_status":"open","ping_status":"closed","template":"","meta":[],"product_brand":[],"product_cat":[78,24],"product_tag":[],"class_list":{"0":"post-1249","1":"product","2":"type-product","3":"status-publish","4":"has-post-thumbnail","6":"product_cat-rollup-banner-photocall-carteles-lona-impresion-economicos","7":"product_cat-roll-up-baratos","9":"first","10":"instock","11":"sold-individually","12":"taxable","13":"shipping-taxable","14":"purchasable","15":"product-type-simple"},"yoast_head":"<!-- This site is optimized with the Yoast SEO plugin v27.3 - https:\/\/yoast.com\/product\/yoast-seo-wordpress\/ -->\n<title>rollup peque\u00f1o 60x160 - Envio Gratis - Los + baratos<\/title>\n<meta name=\"description\" content=\"rollup peque\u00f1o de 60x160 cm, con Env\u00edo Gratis. Estructura de aluminio, gr\u00e1fica en lona y bolsa de transporte en nyl\u00f3n negro. Ideal para salas de espera ...\" \/>\n<meta name=\"robots\" content=\"index, follow, max-snippet:-1, max-image-preview:large, max-video-preview:-1\" \/>\n<link rel=\"canonical\" href=\"https:\/\/impresiondigitalgranformato.es\/fr\/produit\/petit-rollup-60x160\/\" \/>\n<meta property=\"og:locale\" content=\"fr_FR\" \/>\n<meta property=\"og:type\" content=\"article\" \/>\n<meta property=\"og:title\" content=\"rollup peque\u00f1o 60x160 - Envio Gratis - Los + baratos\" \/>\n<meta property=\"og:description\" content=\"rollup peque\u00f1o de 60x160 cm, con Env\u00edo Gratis. Estructura de aluminio, gr\u00e1fica en lona y bolsa de transporte en nyl\u00f3n negro. Ideal para salas de espera ...\" \/>\n<meta property=\"og:url\" content=\"https:\/\/impresiondigitalgranformato.es\/fr\/produit\/petit-rollup-60x160\/\" \/>\n<meta property=\"og:site_name\" content=\"Los + baratos\" \/>\n<meta property=\"article:modified_time\" content=\"2025-07-04T16:23:58+00:00\" \/>\n<meta property=\"og:image\" content=\"http:\/\/impresiondigitalgranformato.es\/wp-content\/uploads\/2020\/06\/roll-up-60-x-160-cm.png\" \/>\n\t<meta property=\"og:image:width\" content=\"630\" \/>\n\t<meta property=\"og:image:height\" content=\"630\" \/>\n\t<meta property=\"og:image:type\" content=\"image\/png\" \/>\n<meta name=\"twitter:card\" content=\"summary_large_image\" \/>\n<meta name=\"twitter:label1\" content=\"Dur\u00e9e de lecture estim\u00e9e\" \/>\n\t<meta name=\"twitter:data1\" content=\"1 minute\" \/>\n<script type=\"application\/ld+json\" class=\"yoast-schema-graph\">{\"@context\":\"https:\\\/\\\/schema.org\",\"@graph\":[{\"@type\":\"WebPage\",\"@id\":\"https:\\\/\\\/impresiondigitalgranformato.es\\\/producto\\\/rollup-pequeno-60x160\\\/\",\"url\":\"https:\\\/\\\/impresiondigitalgranformato.es\\\/producto\\\/rollup-pequeno-60x160\\\/\",\"name\":\"rollup peque\u00f1o 60x160 - Envio Gratis - Los + baratos\",\"isPartOf\":{\"@id\":\"https:\\\/\\\/impresiondigitalgranformato.es\\\/#website\"},\"primaryImageOfPage\":{\"@id\":\"https:\\\/\\\/impresiondigitalgranformato.es\\\/producto\\\/rollup-pequeno-60x160\\\/#primaryimage\"},\"image\":{\"@id\":\"https:\\\/\\\/impresiondigitalgranformato.es\\\/producto\\\/rollup-pequeno-60x160\\\/#primaryimage\"},\"thumbnailUrl\":\"https:\\\/\\\/i0.wp.com\\\/impresiondigitalgranformato.es\\\/wp-content\\\/uploads\\\/2020\\\/06\\\/roll-up-60-x-160-cm.png?fit=630%2C630&ssl=1\",\"datePublished\":\"2017-09-25T16:12:27+00:00\",\"dateModified\":\"2025-07-04T16:23:58+00:00\",\"description\":\"rollup peque\u00f1o de 60x160 cm, con Env\u00edo Gratis. Estructura de aluminio, gr\u00e1fica en lona y bolsa de transporte en nyl\u00f3n negro. Ideal para salas de espera ...\",\"breadcrumb\":{\"@id\":\"https:\\\/\\\/impresiondigitalgranformato.es\\\/producto\\\/rollup-pequeno-60x160\\\/#breadcrumb\"},\"inLanguage\":\"fr-FR\",\"potentialAction\":[{\"@type\":\"ReadAction\",\"target\":[\"https:\\\/\\\/impresiondigitalgranformato.es\\\/producto\\\/rollup-pequeno-60x160\\\/\"]}]},{\"@type\":\"ImageObject\",\"inLanguage\":\"fr-FR\",\"@id\":\"https:\\\/\\\/impresiondigitalgranformato.es\\\/producto\\\/rollup-pequeno-60x160\\\/#primaryimage\",\"url\":\"https:\\\/\\\/i0.wp.com\\\/impresiondigitalgranformato.es\\\/wp-content\\\/uploads\\\/2020\\\/06\\\/roll-up-60-x-160-cm.png?fit=630%2C630&ssl=1\",\"contentUrl\":\"https:\\\/\\\/i0.wp.com\\\/impresiondigitalgranformato.es\\\/wp-content\\\/uploads\\\/2020\\\/06\\\/roll-up-60-x-160-cm.png?fit=630%2C630&ssl=1\",\"width\":630,\"height\":630,\"caption\":\"roll up 60 x 160 cm\"},{\"@type\":\"BreadcrumbList\",\"@id\":\"https:\\\/\\\/impresiondigitalgranformato.es\\\/producto\\\/rollup-pequeno-60x160\\\/#breadcrumb\",\"itemListElement\":[{\"@type\":\"ListItem\",\"position\":1,\"name\":\"Portada\",\"item\":\"https:\\\/\\\/impresiondigitalgranformato.es\\\/\"},{\"@type\":\"ListItem\",\"position\":2,\"name\":\"Productos\",\"item\":\"https:\\\/\\\/impresiondigitalgranformato.es\\\/venta-roll-up-banner\\\/\"},{\"@type\":\"ListItem\",\"position\":3,\"name\":\"rollup peque\u00f1o de 60&#215;160 cm\"}]},{\"@type\":\"WebSite\",\"@id\":\"https:\\\/\\\/impresiondigitalgranformato.es\\\/#website\",\"url\":\"https:\\\/\\\/impresiondigitalgranformato.es\\\/\",\"name\":\"Los + baratos\",\"description\":\"impresi\u00f3n digital gran formato venta de roll up, banner, banderas, lonas, carteles, displays, publicidad\",\"publisher\":{\"@id\":\"https:\\\/\\\/impresiondigitalgranformato.es\\\/#organization\"},\"potentialAction\":[{\"@type\":\"SearchAction\",\"target\":{\"@type\":\"EntryPoint\",\"urlTemplate\":\"https:\\\/\\\/impresiondigitalgranformato.es\\\/?s={search_term_string}\"},\"query-input\":{\"@type\":\"PropertyValueSpecification\",\"valueRequired\":true,\"valueName\":\"search_term_string\"}}],\"inLanguage\":\"fr-FR\"},{\"@type\":\"Organization\",\"@id\":\"https:\\\/\\\/impresiondigitalgranformato.es\\\/#organization\",\"name\":\"Los + baratos\",\"url\":\"https:\\\/\\\/impresiondigitalgranformato.es\\\/\",\"logo\":{\"@type\":\"ImageObject\",\"inLanguage\":\"fr-FR\",\"@id\":\"https:\\\/\\\/impresiondigitalgranformato.es\\\/#\\\/schema\\\/logo\\\/image\\\/\",\"url\":\"https:\\\/\\\/i0.wp.com\\\/impresiondigitalgranformato.es\\\/wp-content\\\/uploads\\\/2016\\\/12\\\/cropped-logotipo-2-e1483373659766.png?fit=500%2C101&ssl=1\",\"contentUrl\":\"https:\\\/\\\/i0.wp.com\\\/impresiondigitalgranformato.es\\\/wp-content\\\/uploads\\\/2016\\\/12\\\/cropped-logotipo-2-e1483373659766.png?fit=500%2C101&ssl=1\",\"width\":500,\"height\":101,\"caption\":\"Los + baratos\"},\"image\":{\"@id\":\"https:\\\/\\\/impresiondigitalgranformato.es\\\/#\\\/schema\\\/logo\\\/image\\\/\"}}]}<\/script>\n<!-- \/ Yoast SEO plugin. -->","yoast_head_json":{"title":"Petit roll-up 60x160 - Livraison gratuite - Le moins cher","description":"Petit pr\u00e9sentoir enroulable de 60 x 160 cm, livraison gratuite. Cadre en aluminium, visuels en toile et sac de transport en nylon noir. Id\u00e9al pour les salles d'attente.","robots":{"index":"index","follow":"follow","max-snippet":"max-snippet:-1","max-image-preview":"max-image-preview:large","max-video-preview":"max-video-preview:-1"},"canonical":"https:\/\/impresiondigitalgranformato.es\/fr\/produit\/petit-rollup-60x160\/","og_locale":"fr_FR","og_type":"article","og_title":"rollup peque\u00f1o 60x160 - Envio Gratis - Los + baratos","og_description":"rollup peque\u00f1o de 60x160 cm, con Env\u00edo Gratis. Estructura de aluminio, gr\u00e1fica en lona y bolsa de transporte en nyl\u00f3n negro. Ideal para salas de espera ...","og_url":"https:\/\/impresiondigitalgranformato.es\/fr\/produit\/petit-rollup-60x160\/","og_site_name":"Los + baratos","article_modified_time":"2025-07-04T16:23:58+00:00","og_image":[{"width":630,"height":630,"url":"http:\/\/impresiondigitalgranformato.es\/wp-content\/uploads\/2020\/06\/roll-up-60-x-160-cm.png","type":"image\/png"}],"twitter_card":"summary_large_image","twitter_misc":{"Dur\u00e9e de lecture estim\u00e9e":"1 minute"},"schema":{"@context":"https:\/\/schema.org","@graph":[{"@type":"WebPage","@id":"https:\/\/impresiondigitalgranformato.es\/producto\/rollup-pequeno-60x160\/","url":"https:\/\/impresiondigitalgranformato.es\/producto\/rollup-pequeno-60x160\/","name":"Petit roll-up 60x160 - Livraison gratuite - Le moins cher","isPartOf":{"@id":"https:\/\/impresiondigitalgranformato.es\/#website"},"primaryImageOfPage":{"@id":"https:\/\/impresiondigitalgranformato.es\/producto\/rollup-pequeno-60x160\/#primaryimage"},"image":{"@id":"https:\/\/impresiondigitalgranformato.es\/producto\/rollup-pequeno-60x160\/#primaryimage"},"thumbnailUrl":"https:\/\/i0.wp.com\/impresiondigitalgranformato.es\/wp-content\/uploads\/2020\/06\/roll-up-60-x-160-cm.png?fit=630%2C630&ssl=1","datePublished":"2017-09-25T16:12:27+00:00","dateModified":"2025-07-04T16:23:58+00:00","description":"Petit pr\u00e9sentoir enroulable de 60 x 160 cm, livraison gratuite. Cadre en aluminium, visuels en toile et sac de transport en nylon noir. Id\u00e9al pour les salles d'attente.","breadcrumb":{"@id":"https:\/\/impresiondigitalgranformato.es\/producto\/rollup-pequeno-60x160\/#breadcrumb"},"inLanguage":"fr-FR","potentialAction":[{"@type":"ReadAction","target":["https:\/\/impresiondigitalgranformato.es\/producto\/rollup-pequeno-60x160\/"]}]},{"@type":"ImageObject","inLanguage":"fr-FR","@id":"https:\/\/impresiondigitalgranformato.es\/producto\/rollup-pequeno-60x160\/#primaryimage","url":"https:\/\/i0.wp.com\/impresiondigitalgranformato.es\/wp-content\/uploads\/2020\/06\/roll-up-60-x-160-cm.png?fit=630%2C630&ssl=1","contentUrl":"https:\/\/i0.wp.com\/impresiondigitalgranformato.es\/wp-content\/uploads\/2020\/06\/roll-up-60-x-160-cm.png?fit=630%2C630&ssl=1","width":630,"height":630,"caption":"roll up 60 x 160 cm"},{"@type":"BreadcrumbList","@id":"https:\/\/impresiondigitalgranformato.es\/producto\/rollup-pequeno-60x160\/#breadcrumb","itemListElement":[{"@type":"ListItem","position":1,"name":"Portada","item":"https:\/\/impresiondigitalgranformato.es\/"},{"@type":"ListItem","position":2,"name":"Productos","item":"https:\/\/impresiondigitalgranformato.es\/venta-roll-up-banner\/"},{"@type":"ListItem","position":3,"name":"rollup peque\u00f1o de 60&#215;160 cm"}]},{"@type":"WebSite","@id":"https:\/\/impresiondigitalgranformato.es\/#website","url":"https:\/\/impresiondigitalgranformato.es\/","name":"Les moins chers","description":"impression num\u00e9rique grand format vente de roll up, banni\u00e8res, drapeaux, banderoles, b\u00e2ches, affiches, pr\u00e9sentoirs, publicit\u00e9s","publisher":{"@id":"https:\/\/impresiondigitalgranformato.es\/#organization"},"potentialAction":[{"@type":"SearchAction","target":{"@type":"EntryPoint","urlTemplate":"https:\/\/impresiondigitalgranformato.es\/?s={search_term_string}"},"query-input":{"@type":"PropertyValueSpecification","valueRequired":true,"valueName":"search_term_string"}}],"inLanguage":"fr-FR"},{"@type":"Organization","@id":"https:\/\/impresiondigitalgranformato.es\/#organization","name":"Les moins chers","url":"https:\/\/impresiondigitalgranformato.es\/","logo":{"@type":"ImageObject","inLanguage":"fr-FR","@id":"https:\/\/impresiondigitalgranformato.es\/#\/schema\/logo\/image\/","url":"https:\/\/i0.wp.com\/impresiondigitalgranformato.es\/wp-content\/uploads\/2016\/12\/cropped-logotipo-2-e1483373659766.png?fit=500%2C101&ssl=1","contentUrl":"https:\/\/i0.wp.com\/impresiondigitalgranformato.es\/wp-content\/uploads\/2016\/12\/cropped-logotipo-2-e1483373659766.png?fit=500%2C101&ssl=1","width":500,"height":101,"caption":"Los + baratos"},"image":{"@id":"https:\/\/impresiondigitalgranformato.es\/#\/schema\/logo\/image\/"}}]}},"jetpack_sharing_enabled":true,"_links":{"self":[{"href":"https:\/\/impresiondigitalgranformato.es\/fr\/wp-json\/wp\/v2\/product\/1249","targetHints":{"allow":["GET"]}}],"collection":[{"href":"https:\/\/impresiondigitalgranformato.es\/fr\/wp-json\/wp\/v2\/product"}],"about":[{"href":"https:\/\/impresiondigitalgranformato.es\/fr\/wp-json\/wp\/v2\/types\/product"}],"replies":[{"embeddable":true,"href":"https:\/\/impresiondigitalgranformato.es\/fr\/wp-json\/wp\/v2\/comments?post=1249"}],"wp:featuredmedia":[{"embeddable":true,"href":"https:\/\/impresiondigitalgranformato.es\/fr\/wp-json\/wp\/v2\/media\/12871"}],"wp:attachment":[{"href":"https:\/\/impresiondigitalgranformato.es\/fr\/wp-json\/wp\/v2\/media?parent=1249"}],"wp:term":[{"taxonomy":"product_brand","embeddable":true,"href":"https:\/\/impresiondigitalgranformato.es\/fr\/wp-json\/wp\/v2\/product_brand?post=1249"},{"taxonomy":"product_cat","embeddable":true,"href":"https:\/\/impresiondigitalgranformato.es\/fr\/wp-json\/wp\/v2\/product_cat?post=1249"},{"taxonomy":"product_tag","embeddable":true,"href":"https:\/\/impresiondigitalgranformato.es\/fr\/wp-json\/wp\/v2\/product_tag?post=1249"}],"curies":[{"name":"wp","href":"https:\/\/api.w.org\/{rel}","templated":true}]}}