{"id":12512,"date":"2020-05-04T18:49:23","date_gmt":"2020-05-04T16:49:23","guid":{"rendered":"http:\/\/impresiondigitalgranformato.es\/?post_type=product&#038;p=12512"},"modified":"2020-05-29T20:22:49","modified_gmt":"2020-05-29T18:22:49","slug":"conjunto-pegatinas-suelo-distancia-seguridad","status":"publish","type":"product","link":"https:\/\/impresiondigitalgranformato.es\/fr\/producto\/conjunto-pegatinas-suelo-distancia-seguridad\/","title":{"rendered":"Conjunto pegatinas suelo distancia seguridad"},"content":{"rendered":"<p>Conjunto de pegatinas distancia seguridad, indicando: <strong><em>POR FAVOR, RESPETE LA DISTANCIA DE SEGURIDAD<\/em><\/strong><\/p>\n<p>Siguiendo las instrucciones del ministerio de sanidad informe a sus clientes con esta pegatina para la\u00a0<a target=\"_blank\" href=\"https:\/\/www.mscbs.gob.es\/profesionales\/saludPublica\/ccayes\/alertasActual\/nCov-China\/ciudadania.htm\" xlink=\"href\" rel=\"noopener noreferrer\">NO propagaci\u00f3n<\/a> del covid 19. Delimite las zonas tanto para la protecci\u00f3n de sus clientes como la de sus empleados.<\/p>\n<p>Cada conjunto esta<strong> Compuesto<\/strong> por 11 tiras: <strong>3 unid<\/strong> con texto + <strong>8 unid<\/strong> con lineas, con un tama\u00f1o de 100 x 6 cm cada pegatina<\/p>\n<p><strong>Puede modificar el textos y colores tanto de fondo como el de las lineas y texto<\/strong><\/p>\n<p>Realizado en impresi\u00f3n digital sobre vinilo adhesivo para el suelo y laminado con material <em><strong>ANTI-DESLIZANTE<\/strong><\/em><\/p>\n<h4><span style=\"color: #003300;\"><strong>DESCUENTOS POR CANTIDADES<\/strong><\/span><\/h4>\n<p><span style=\"color: #800000;\"><strong>ENV\u00cdO ESPECIAL EN 48 HORAS <\/strong><\/span>(solo para productos relacionados con la lucha contra el coronavirus)<\/p>\n<p>Con el conjunto de pegatinas distancia seguridad puede delimitar el paso hasta las cajas de pago, donde se debe de realizar la cola de espera, crear pasillos de paso en su local para que no se junte el personal, delimitar los puestos de trabajo, crear zonas para las mesas de consumo en los restaurantes y cafeter\u00edas. RECUERDE siempre que tenemos que mantener la distancia de seguridad para la NO propagaci\u00f3n.<\/p>\n<p>En el caso que este articulo no sea lo que esta buscando <strong>Vea mas modelos<\/strong> en nuestra secci\u00f3n de <a href=\"https:\/\/impresiondigitalgranformato.es\/fr\/categorie-produit\/carteles-coronavirus\/\" xlink=\"href\">carteles coronavirus para la NO propagaci\u00f3n.<\/a><\/p>\n<p><strong>JUNTOS, LO CONSEGUIREMOS!!!<\/strong><\/p>\n<p>#YoMeQuedoEnCasa<\/p>\n<p data-pbs-phone-margin-bottom=\"18px\"><strong>Diff\u00e9rents types d'envois :<\/strong><\/p>\n<p data-pbs-phone-margin-bottom=\"18px\"><strong>*<\/strong>\u00a0desde la 1\u00aa unid en 8 d\u00edas laborales.<\/p>\n<p data-pbs-phone-margin-bottom=\"18px\"><strong>Env\u00edo en 4 d\u00edas laborales<\/strong>\u00a0con coste (seg\u00fan pedido) o\u00a0<strong>GRATUITO<\/strong>\u00a0en 4 d\u00edas laborales a partir de 250 \u20ac de compra. *(sin contar el I.V.A.)<\/p>\n<p data-pbs-phone-margin-top=\"1px\"><strong>Production et livraison dans les 2 jours ouvrables<\/strong>: 6 \u20ac de incremento en el pedido.<\/p>\n<p data-pbs-phone-margin-top=\"1px\"><strong>Producci\u00f3n y entrega en 24 horas*<\/strong>: 9 \u20ac de incremento en el pedido (este servicio es solo valido para pedidos confirmado antes de las 11:30 horas del d\u00eda en curso.)<\/p>","protected":false},"excerpt":{"rendered":"<p>Conjunto de pegatinas <em>ANTI-DESLIZANTES<\/em> para el suelo<\/p>\n<p><span style=\"color: #0000ff;\"><strong>POR FAVOR, RESPETE LA DISTANCIA DE SEGURIDAD<\/strong><\/span><\/p>\n<p>Compuesto por 11 tiras: <strong>3 unid<\/strong> con texto + <strong>8 unid<\/strong> con lineas<\/p>\n<p>con un tama\u00f1o de 100 x 6 cm cada pegatina<\/p>\n<h4><span style=\"color: #800000;\"><strong>ENV\u00cdO ESPECIAL EN 48 HORAS<\/strong><\/span><\/h4>\n<p>(solo para productos relacionados con la lucha contra el coronavirus)<\/p>\n<p>Tambi\u00e9n tiene la posibilidad de env\u00edo gratis desde la 1\u00aa unid.<\/p>\n<p><span style=\"color: #ff0000;\">Posibilidad de entrega en 24 horas<\/span><\/p>\n<p><span style=\"color: #003300;\"><strong>DESCUENTO POR CANTIDADES<\/strong><\/span><\/p>\n<p><a href=\"https:\/\/impresiondigitalgranformato.es\/fr\/categorie-produit\/carteles-coronavirus\/\" xlink=\"href\"><img loading=\"lazy\" decoding=\"async\" class=\"size-medium wp-image-12523 alignleft\" src=\"https:\/\/impresiondigitalgranformato.es\/wp-content\/uploads\/2020\/03\/productos-impresion-digital-gran-formato-600x36.png\" alt=\"productos impresion digital gran formato\" width=\"600\" height=\"36\" srcset=\"https:\/\/i0.wp.com\/impresiondigitalgranformato.es\/wp-content\/uploads\/2020\/03\/productos-impresion-digital-gran-formato.png?resize=600%2C36&amp;ssl=1 600w, https:\/\/i0.wp.com\/impresiondigitalgranformato.es\/wp-content\/uploads\/2020\/03\/productos-impresion-digital-gran-formato.png?resize=100%2C6&amp;ssl=1 100w, https:\/\/i0.wp.com\/impresiondigitalgranformato.es\/wp-content\/uploads\/2020\/03\/productos-impresion-digital-gran-formato.png?resize=150%2C9&amp;ssl=1 150w, https:\/\/i0.wp.com\/impresiondigitalgranformato.es\/wp-content\/uploads\/2020\/03\/productos-impresion-digital-gran-formato.png?resize=200%2C12&amp;ssl=1 200w, https:\/\/i0.wp.com\/impresiondigitalgranformato.es\/wp-content\/uploads\/2020\/03\/productos-impresion-digital-gran-formato.png?resize=300%2C18&amp;ssl=1 300w, https:\/\/i0.wp.com\/impresiondigitalgranformato.es\/wp-content\/uploads\/2020\/03\/productos-impresion-digital-gran-formato.png?resize=450%2C27&amp;ssl=1 450w, https:\/\/i0.wp.com\/impresiondigitalgranformato.es\/wp-content\/uploads\/2020\/03\/productos-impresion-digital-gran-formato.png?w=621&amp;ssl=1 621w\" sizes=\"auto, (max-width: 600px) 100vw, 600px\" \/><\/a><\/p>\n<p>&nbsp;<\/p>\n<p>&nbsp;<\/p>\n<p><span style=\"color: #0000ff;\"><strong>Elija<\/strong> el color tanto del texto como del fondo y si quiere realizar alg\u00fan cambio.<\/span><\/p>\n<p><strong>(cada unidad contiene las 11 pegatinas)<\/strong><\/p>","protected":false},"featured_media":12513,"comment_status":"open","ping_status":"closed","template":"","meta":[],"product_brand":[],"product_cat":[83],"product_tag":[],"class_list":{"0":"post-12512","1":"product","2":"type-product","3":"status-publish","4":"has-post-thumbnail","6":"product_cat-carteles-coronavirus","8":"first","9":"instock","10":"taxable","11":"shipping-taxable","12":"purchasable","13":"product-type-simple"},"yoast_head":"<!-- This site is optimized with the Yoast SEO plugin v27.3 - https:\/\/yoast.com\/product\/yoast-seo-wordpress\/ -->\n<title>Pegatinas distancia seguridad - Los + baratos - tiras anti-deslizantes<\/title>\n<meta name=\"description\" content=\"Conjunto de pegatinas distancia seguridad, realizadas en vinilo adhesivo para el suelo y con laminado anti-deslizante. Envio Gratis desde la 1\u00aa unid.\" \/>\n<meta name=\"robots\" content=\"index, follow, max-snippet:-1, max-image-preview:large, max-video-preview:-1\" \/>\n<link rel=\"canonical\" href=\"https:\/\/impresiondigitalgranformato.es\/fr\/produit\/conjunto-pegatinas-suelo-distancia-seguridad\/\" \/>\n<meta property=\"og:locale\" content=\"fr_FR\" \/>\n<meta property=\"og:type\" content=\"article\" \/>\n<meta property=\"og:title\" content=\"Pegatinas distancia seguridad - Los + baratos - tiras anti-deslizantes\" \/>\n<meta property=\"og:description\" content=\"Conjunto de pegatinas distancia seguridad, realizadas en vinilo adhesivo para el suelo y con laminado anti-deslizante. Envio Gratis desde la 1\u00aa unid.\" \/>\n<meta property=\"og:url\" content=\"https:\/\/impresiondigitalgranformato.es\/fr\/produit\/conjunto-pegatinas-suelo-distancia-seguridad\/\" \/>\n<meta property=\"og:site_name\" content=\"Los + baratos\" \/>\n<meta property=\"article:modified_time\" content=\"2020-05-29T18:22:49+00:00\" \/>\n<meta property=\"og:image\" content=\"https:\/\/i0.wp.com\/impresiondigitalgranformato.es\/wp-content\/uploads\/2020\/05\/TIRA-SUELO-CORONA-VIRUS.png?fit=945%2C945&ssl=1\" \/>\n\t<meta property=\"og:image:width\" content=\"945\" \/>\n\t<meta property=\"og:image:height\" content=\"945\" \/>\n\t<meta property=\"og:image:type\" content=\"image\/png\" \/>\n<meta name=\"twitter:card\" content=\"summary_large_image\" \/>\n<meta name=\"twitter:label1\" content=\"Dur\u00e9e de lecture estim\u00e9e\" \/>\n\t<meta name=\"twitter:data1\" content=\"2 minutes\" \/>\n<script type=\"application\/ld+json\" class=\"yoast-schema-graph\">{\"@context\":\"https:\\\/\\\/schema.org\",\"@graph\":[{\"@type\":\"WebPage\",\"@id\":\"https:\\\/\\\/impresiondigitalgranformato.es\\\/producto\\\/conjunto-pegatinas-suelo-distancia-seguridad\\\/\",\"url\":\"https:\\\/\\\/impresiondigitalgranformato.es\\\/producto\\\/conjunto-pegatinas-suelo-distancia-seguridad\\\/\",\"name\":\"Pegatinas distancia seguridad - Los + baratos - tiras anti-deslizantes\",\"isPartOf\":{\"@id\":\"https:\\\/\\\/impresiondigitalgranformato.es\\\/#website\"},\"primaryImageOfPage\":{\"@id\":\"https:\\\/\\\/impresiondigitalgranformato.es\\\/producto\\\/conjunto-pegatinas-suelo-distancia-seguridad\\\/#primaryimage\"},\"image\":{\"@id\":\"https:\\\/\\\/impresiondigitalgranformato.es\\\/producto\\\/conjunto-pegatinas-suelo-distancia-seguridad\\\/#primaryimage\"},\"thumbnailUrl\":\"https:\\\/\\\/i0.wp.com\\\/impresiondigitalgranformato.es\\\/wp-content\\\/uploads\\\/2020\\\/05\\\/TIRA-SUELO-CORONA-VIRUS.png?fit=945%2C945&ssl=1\",\"datePublished\":\"2020-05-04T16:49:23+00:00\",\"dateModified\":\"2020-05-29T18:22:49+00:00\",\"description\":\"Conjunto de pegatinas distancia seguridad, realizadas en vinilo adhesivo para el suelo y con laminado anti-deslizante. Envio Gratis desde la 1\u00aa unid.\",\"breadcrumb\":{\"@id\":\"https:\\\/\\\/impresiondigitalgranformato.es\\\/producto\\\/conjunto-pegatinas-suelo-distancia-seguridad\\\/#breadcrumb\"},\"inLanguage\":\"fr-FR\",\"potentialAction\":[{\"@type\":\"ReadAction\",\"target\":[\"https:\\\/\\\/impresiondigitalgranformato.es\\\/producto\\\/conjunto-pegatinas-suelo-distancia-seguridad\\\/\"]}]},{\"@type\":\"ImageObject\",\"inLanguage\":\"fr-FR\",\"@id\":\"https:\\\/\\\/impresiondigitalgranformato.es\\\/producto\\\/conjunto-pegatinas-suelo-distancia-seguridad\\\/#primaryimage\",\"url\":\"https:\\\/\\\/i0.wp.com\\\/impresiondigitalgranformato.es\\\/wp-content\\\/uploads\\\/2020\\\/05\\\/TIRA-SUELO-CORONA-VIRUS.png?fit=945%2C945&ssl=1\",\"contentUrl\":\"https:\\\/\\\/i0.wp.com\\\/impresiondigitalgranformato.es\\\/wp-content\\\/uploads\\\/2020\\\/05\\\/TIRA-SUELO-CORONA-VIRUS.png?fit=945%2C945&ssl=1\",\"width\":945,\"height\":945,\"caption\":\"pegatinas distancia seguridad\"},{\"@type\":\"BreadcrumbList\",\"@id\":\"https:\\\/\\\/impresiondigitalgranformato.es\\\/producto\\\/conjunto-pegatinas-suelo-distancia-seguridad\\\/#breadcrumb\",\"itemListElement\":[{\"@type\":\"ListItem\",\"position\":1,\"name\":\"Portada\",\"item\":\"https:\\\/\\\/impresiondigitalgranformato.es\\\/\"},{\"@type\":\"ListItem\",\"position\":2,\"name\":\"Productos\",\"item\":\"https:\\\/\\\/impresiondigitalgranformato.es\\\/venta-roll-up-banner\\\/\"},{\"@type\":\"ListItem\",\"position\":3,\"name\":\"Conjunto pegatinas suelo distancia seguridad\"}]},{\"@type\":\"WebSite\",\"@id\":\"https:\\\/\\\/impresiondigitalgranformato.es\\\/#website\",\"url\":\"https:\\\/\\\/impresiondigitalgranformato.es\\\/\",\"name\":\"Los + baratos\",\"description\":\"impresi\u00f3n digital gran formato venta de roll up, banner, banderas, lonas, carteles, displays, publicidad\",\"publisher\":{\"@id\":\"https:\\\/\\\/impresiondigitalgranformato.es\\\/#organization\"},\"potentialAction\":[{\"@type\":\"SearchAction\",\"target\":{\"@type\":\"EntryPoint\",\"urlTemplate\":\"https:\\\/\\\/impresiondigitalgranformato.es\\\/?s={search_term_string}\"},\"query-input\":{\"@type\":\"PropertyValueSpecification\",\"valueRequired\":true,\"valueName\":\"search_term_string\"}}],\"inLanguage\":\"fr-FR\"},{\"@type\":\"Organization\",\"@id\":\"https:\\\/\\\/impresiondigitalgranformato.es\\\/#organization\",\"name\":\"Los + baratos\",\"url\":\"https:\\\/\\\/impresiondigitalgranformato.es\\\/\",\"logo\":{\"@type\":\"ImageObject\",\"inLanguage\":\"fr-FR\",\"@id\":\"https:\\\/\\\/impresiondigitalgranformato.es\\\/#\\\/schema\\\/logo\\\/image\\\/\",\"url\":\"https:\\\/\\\/i0.wp.com\\\/impresiondigitalgranformato.es\\\/wp-content\\\/uploads\\\/2016\\\/12\\\/cropped-logotipo-2-e1483373659766.png?fit=500%2C101&ssl=1\",\"contentUrl\":\"https:\\\/\\\/i0.wp.com\\\/impresiondigitalgranformato.es\\\/wp-content\\\/uploads\\\/2016\\\/12\\\/cropped-logotipo-2-e1483373659766.png?fit=500%2C101&ssl=1\",\"width\":500,\"height\":101,\"caption\":\"Los + baratos\"},\"image\":{\"@id\":\"https:\\\/\\\/impresiondigitalgranformato.es\\\/#\\\/schema\\\/logo\\\/image\\\/\"}}]}<\/script>\n<!-- \/ Yoast SEO plugin. -->","yoast_head_json":{"title":"Pegatinas distancia seguridad - Los + baratos - tiras anti-deslizantes","description":"Conjunto de pegatinas distancia seguridad, realizadas en vinilo adhesivo para el suelo y con laminado anti-deslizante. Envio Gratis desde la 1\u00aa unid.","robots":{"index":"index","follow":"follow","max-snippet":"max-snippet:-1","max-image-preview":"max-image-preview:large","max-video-preview":"max-video-preview:-1"},"canonical":"https:\/\/impresiondigitalgranformato.es\/fr\/produit\/conjunto-pegatinas-suelo-distancia-seguridad\/","og_locale":"fr_FR","og_type":"article","og_title":"Pegatinas distancia seguridad - Los + baratos - tiras anti-deslizantes","og_description":"Conjunto de pegatinas distancia seguridad, realizadas en vinilo adhesivo para el suelo y con laminado anti-deslizante. Envio Gratis desde la 1\u00aa unid.","og_url":"https:\/\/impresiondigitalgranformato.es\/fr\/produit\/conjunto-pegatinas-suelo-distancia-seguridad\/","og_site_name":"Los + baratos","article_modified_time":"2020-05-29T18:22:49+00:00","og_image":[{"width":945,"height":945,"url":"https:\/\/i0.wp.com\/impresiondigitalgranformato.es\/wp-content\/uploads\/2020\/05\/TIRA-SUELO-CORONA-VIRUS.png?fit=945%2C945&ssl=1","type":"image\/png"}],"twitter_card":"summary_large_image","twitter_misc":{"Dur\u00e9e de lecture estim\u00e9e":"2 minutes"},"schema":{"@context":"https:\/\/schema.org","@graph":[{"@type":"WebPage","@id":"https:\/\/impresiondigitalgranformato.es\/producto\/conjunto-pegatinas-suelo-distancia-seguridad\/","url":"https:\/\/impresiondigitalgranformato.es\/producto\/conjunto-pegatinas-suelo-distancia-seguridad\/","name":"Pegatinas distancia seguridad - Los + baratos - tiras anti-deslizantes","isPartOf":{"@id":"https:\/\/impresiondigitalgranformato.es\/#website"},"primaryImageOfPage":{"@id":"https:\/\/impresiondigitalgranformato.es\/producto\/conjunto-pegatinas-suelo-distancia-seguridad\/#primaryimage"},"image":{"@id":"https:\/\/impresiondigitalgranformato.es\/producto\/conjunto-pegatinas-suelo-distancia-seguridad\/#primaryimage"},"thumbnailUrl":"https:\/\/i0.wp.com\/impresiondigitalgranformato.es\/wp-content\/uploads\/2020\/05\/TIRA-SUELO-CORONA-VIRUS.png?fit=945%2C945&ssl=1","datePublished":"2020-05-04T16:49:23+00:00","dateModified":"2020-05-29T18:22:49+00:00","description":"Conjunto de pegatinas distancia seguridad, realizadas en vinilo adhesivo para el suelo y con laminado anti-deslizante. Envio Gratis desde la 1\u00aa unid.","breadcrumb":{"@id":"https:\/\/impresiondigitalgranformato.es\/producto\/conjunto-pegatinas-suelo-distancia-seguridad\/#breadcrumb"},"inLanguage":"fr-FR","potentialAction":[{"@type":"ReadAction","target":["https:\/\/impresiondigitalgranformato.es\/producto\/conjunto-pegatinas-suelo-distancia-seguridad\/"]}]},{"@type":"ImageObject","inLanguage":"fr-FR","@id":"https:\/\/impresiondigitalgranformato.es\/producto\/conjunto-pegatinas-suelo-distancia-seguridad\/#primaryimage","url":"https:\/\/i0.wp.com\/impresiondigitalgranformato.es\/wp-content\/uploads\/2020\/05\/TIRA-SUELO-CORONA-VIRUS.png?fit=945%2C945&ssl=1","contentUrl":"https:\/\/i0.wp.com\/impresiondigitalgranformato.es\/wp-content\/uploads\/2020\/05\/TIRA-SUELO-CORONA-VIRUS.png?fit=945%2C945&ssl=1","width":945,"height":945,"caption":"pegatinas distancia seguridad"},{"@type":"BreadcrumbList","@id":"https:\/\/impresiondigitalgranformato.es\/producto\/conjunto-pegatinas-suelo-distancia-seguridad\/#breadcrumb","itemListElement":[{"@type":"ListItem","position":1,"name":"Portada","item":"https:\/\/impresiondigitalgranformato.es\/"},{"@type":"ListItem","position":2,"name":"Productos","item":"https:\/\/impresiondigitalgranformato.es\/venta-roll-up-banner\/"},{"@type":"ListItem","position":3,"name":"Conjunto pegatinas suelo distancia seguridad"}]},{"@type":"WebSite","@id":"https:\/\/impresiondigitalgranformato.es\/#website","url":"https:\/\/impresiondigitalgranformato.es\/","name":"Les moins chers","description":"impression num\u00e9rique grand format vente de roll up, banni\u00e8res, drapeaux, banderoles, b\u00e2ches, affiches, pr\u00e9sentoirs, publicit\u00e9s","publisher":{"@id":"https:\/\/impresiondigitalgranformato.es\/#organization"},"potentialAction":[{"@type":"SearchAction","target":{"@type":"EntryPoint","urlTemplate":"https:\/\/impresiondigitalgranformato.es\/?s={search_term_string}"},"query-input":{"@type":"PropertyValueSpecification","valueRequired":true,"valueName":"search_term_string"}}],"inLanguage":"fr-FR"},{"@type":"Organization","@id":"https:\/\/impresiondigitalgranformato.es\/#organization","name":"Les moins chers","url":"https:\/\/impresiondigitalgranformato.es\/","logo":{"@type":"ImageObject","inLanguage":"fr-FR","@id":"https:\/\/impresiondigitalgranformato.es\/#\/schema\/logo\/image\/","url":"https:\/\/i0.wp.com\/impresiondigitalgranformato.es\/wp-content\/uploads\/2016\/12\/cropped-logotipo-2-e1483373659766.png?fit=500%2C101&ssl=1","contentUrl":"https:\/\/i0.wp.com\/impresiondigitalgranformato.es\/wp-content\/uploads\/2016\/12\/cropped-logotipo-2-e1483373659766.png?fit=500%2C101&ssl=1","width":500,"height":101,"caption":"Los + baratos"},"image":{"@id":"https:\/\/impresiondigitalgranformato.es\/#\/schema\/logo\/image\/"}}]}},"jetpack_sharing_enabled":true,"_links":{"self":[{"href":"https:\/\/impresiondigitalgranformato.es\/fr\/wp-json\/wp\/v2\/product\/12512","targetHints":{"allow":["GET"]}}],"collection":[{"href":"https:\/\/impresiondigitalgranformato.es\/fr\/wp-json\/wp\/v2\/product"}],"about":[{"href":"https:\/\/impresiondigitalgranformato.es\/fr\/wp-json\/wp\/v2\/types\/product"}],"replies":[{"embeddable":true,"href":"https:\/\/impresiondigitalgranformato.es\/fr\/wp-json\/wp\/v2\/comments?post=12512"}],"wp:featuredmedia":[{"embeddable":true,"href":"https:\/\/impresiondigitalgranformato.es\/fr\/wp-json\/wp\/v2\/media\/12513"}],"wp:attachment":[{"href":"https:\/\/impresiondigitalgranformato.es\/fr\/wp-json\/wp\/v2\/media?parent=12512"}],"wp:term":[{"taxonomy":"product_brand","embeddable":true,"href":"https:\/\/impresiondigitalgranformato.es\/fr\/wp-json\/wp\/v2\/product_brand?post=12512"},{"taxonomy":"product_cat","embeddable":true,"href":"https:\/\/impresiondigitalgranformato.es\/fr\/wp-json\/wp\/v2\/product_cat?post=12512"},{"taxonomy":"product_tag","embeddable":true,"href":"https:\/\/impresiondigitalgranformato.es\/fr\/wp-json\/wp\/v2\/product_tag?post=12512"}],"curies":[{"name":"wp","href":"https:\/\/api.w.org\/{rel}","templated":true}]}}