{"id":12590,"date":"2020-05-14T19:53:16","date_gmt":"2020-05-14T17:53:16","guid":{"rendered":"http:\/\/impresiondigitalgranformato.es\/?post_type=product&#038;p=12590"},"modified":"2020-05-29T20:21:41","modified_gmt":"2020-05-29T18:21:41","slug":"cartel-zona-higienica","status":"publish","type":"product","link":"https:\/\/impresiondigitalgranformato.es\/fr\/producto\/cartel-zona-higienica\/","title":{"rendered":"Cartel zona Higi\u00e9nica Varios DISE\u00d1OS"},"content":{"rendered":"<h3><span style=\"color: #008000;\">Cartel zona higi\u00e9nica.<\/span><\/h3>\n<p><strong>El cartel zona higi\u00e9nica tiene diferentes fondos a elegir.\u00a0<\/strong><\/p>\n<p><strong>Tambi\u00e9n puede elegir la cantidad y modelos de se\u00f1ales que quieran que aparezcan en el cartel.<\/strong> Si quiere alguna se\u00f1al que no tengamos p\u00f3ngase en contacto con nosotros y se la prepararemos <a target=\"_blank\" href=\"https:\/\/impresiondigitalgranformato.es\/fr\/contacto\/\" xlink=\"href\" rel=\"noopener noreferrer\">(contacto)<\/a><\/p>\n<p><strong>Diferentes tama\u00f1os<\/strong> a elegir seg\u00fan su necesidad<\/p>\n<p>El cartel zona higi\u00e9nica, se puede fabricar en varios materiales.<\/p>\n<p><strong>Fabricaci\u00f3n en vinilo adhesivo<\/strong>\u00a0con impresi\u00f3n normal o reflejada (se pega por dentro del cristal y se ve por fuera)<\/p>\n<p><strong>Fabricaci\u00f3n en lona<\/strong> puede elegir si la quiere con ollaos para poder sujetarla a una reja o cierre. O bien con ollaos y ventosas para pegarla por dentro del cristal o escaparate y se vea por fuera. Lo podr\u00eda quitar y poner tantas veces como quiera.<\/p>\n<p><strong>Fabricaci\u00f3n en PVC Forex con Peana trasera, (<\/strong>display de sobremesa) para colocar encima de una mesa, estanter\u00eda o mostrador.<\/p>\n<p><strong>Fabricaci\u00f3n en PVC Forex<\/strong>\u00a0para poder atornillar o pegar a la pared o bien sujetar al cierre o reja. Si necesita le podemos enviar tacos, tornillos y embellecedores para la cabeza del tornillo. Ind\u00edquenos tambi\u00e9n si quiere que le dejemos hecho los taladros en las esquinas. (este material esta pensado para locales que est\u00e9n dentro de galer\u00edas o soportales donde no tienen una gran exposici\u00f3n al sol, ya que este material se acaba deformando si tiene mucha exposici\u00f3n al sol)<\/p>\n<p><strong>Fabricaci\u00f3n en Chapa Galvanizada<\/strong>\u00a0para poder atornillar o pegar a la pared o bien sujetar al cierre o reja. Si necesita le podemos enviar tacos, tornillos y embellecedores para la cabeza del tornillo. Ind\u00edquenos tambi\u00e9n si quiere que le dejemos hecho los taladros en\u00a0las esquinas. Este material es ideal para exterior<\/p>\n<p>Siguiendo las instrucciones del ministerio de sanidad informe a sus clientes con este cartel para la <a target=\"_blank\" href=\"https:\/\/www.mscbs.gob.es\/profesionales\/saludPublica\/ccayes\/alertasActual\/nCov-China\/ciudadania.htm\" xlink=\"href\" rel=\"noopener noreferrer\">NO propagaci\u00f3n<\/a>\u00a0del covid 19. Informe y al mismo tiempo proteja a sus clientes y empleados.<\/p>\n<h4><span style=\"color: #800000;\"><strong>ENV\u00cdO ESPECIAL EN 48 HORAS<\/strong><\/span><\/h4>\n<p>(solo para productos relacionados con la lucha contra el coronavirus)<\/p>\n<p>Tambi\u00e9n tiene la posibilidad de env\u00edo gratis desde la 1\u00aa unid.<\/p>\n<p><span style=\"color: #ff0000;\">Posibilidad de entrega en 24 horas<\/span><\/p>\n<p>Vea mas modelos en nuestra secci\u00f3n de\u00a0<a href=\"https:\/\/impresiondigitalgranformato.es\/fr\/categorie-produit\/carteles-coronavirus\/\" xlink=\"href\">carteles coronavirus para la NO propagaci\u00f3n.<\/a><\/p>\n<p>&nbsp;<\/p>\n<p><strong>JUNTOS, LO CONSEGUIREMOS!!!<\/strong><\/p>","protected":false},"excerpt":{"rendered":"<p>Cartel para la\u00a0<strong>NO<\/strong>\u00a0<strong>propagaci\u00f3n<\/strong>\u00a0del coronavirus<\/p>\n<p><span style=\"color: #0000ff;\"><strong><span style=\"color: #008000;\">ZONA HIGI\u00c9NICA<\/span>, <span style=\"color: #000000;\">puede elegir el fondo y las se\u00f1ales que quieran que aparezcan.<\/span><\/strong><\/span><\/p>\n<p>Se puede realizar en varios materiales:<\/p>\n<p><strong>Vinilo<\/strong>\u00a0con impresi\u00f3n normal o reflejada<\/p>\n<p><strong>Lona<\/strong>\u00a0con ollaos solo o con ollaos y ventosas<\/p>\n<p><strong>PVC o Forex con peana trasera<\/strong> (display de sobremesa)<\/p>\n<p><strong>PVC o Forex<\/strong>\u00a0(si lo necesita le enviamos la torniller\u00eda)<\/p>\n<p><strong>Chapa Galvanizada<\/strong>\u00a0(si lo necesita le enviamos la torniller\u00eda)<\/p>\n<h4><span style=\"color: #800000;\"><strong>ENV\u00cdO ESPECIAL EN 48 HORAS<\/strong><\/span><\/h4>\n<p>(solo para productos relacionados con la lucha contra el coronavirus)<\/p>\n<p>Tambi\u00e9n tiene la posibilidad de env\u00edo gratis desde la 1\u00aa unid.<\/p>\n<p><span style=\"color: #ff0000;\">Posibilidad de entrega en 24 horas<\/span><\/p>\n<p><a href=\"https:\/\/impresiondigitalgranformato.es\/fr\/categorie-produit\/carteles-coronavirus\/\" xlink=\"href\"><img loading=\"lazy\" decoding=\"async\" class=\"aligncenter size-medium wp-image-12523\" src=\"https:\/\/impresiondigitalgranformato.es\/wp-content\/uploads\/2020\/03\/productos-impresion-digital-gran-formato-600x36.png\" alt=\"productos impresion digital gran formato\" width=\"600\" height=\"36\" srcset=\"https:\/\/i0.wp.com\/impresiondigitalgranformato.es\/wp-content\/uploads\/2020\/03\/productos-impresion-digital-gran-formato.png?resize=600%2C36&amp;ssl=1 600w, https:\/\/i0.wp.com\/impresiondigitalgranformato.es\/wp-content\/uploads\/2020\/03\/productos-impresion-digital-gran-formato.png?resize=100%2C6&amp;ssl=1 100w, https:\/\/i0.wp.com\/impresiondigitalgranformato.es\/wp-content\/uploads\/2020\/03\/productos-impresion-digital-gran-formato.png?resize=150%2C9&amp;ssl=1 150w, https:\/\/i0.wp.com\/impresiondigitalgranformato.es\/wp-content\/uploads\/2020\/03\/productos-impresion-digital-gran-formato.png?resize=200%2C12&amp;ssl=1 200w, https:\/\/i0.wp.com\/impresiondigitalgranformato.es\/wp-content\/uploads\/2020\/03\/productos-impresion-digital-gran-formato.png?resize=300%2C18&amp;ssl=1 300w, https:\/\/i0.wp.com\/impresiondigitalgranformato.es\/wp-content\/uploads\/2020\/03\/productos-impresion-digital-gran-formato.png?resize=450%2C27&amp;ssl=1 450w, https:\/\/i0.wp.com\/impresiondigitalgranformato.es\/wp-content\/uploads\/2020\/03\/productos-impresion-digital-gran-formato.png?w=621&amp;ssl=1 621w\" sizes=\"auto, (max-width: 600px) 100vw, 600px\" \/><\/a><\/p>\n<p><span style=\"color: #0000ff;\"><strong>Elija<\/strong> el dise\u00f1o, las se\u00f1ales que quieran que aparezcan, el material, el tama\u00f1o e ind\u00edcanos si quiere realizar alg\u00fan cambio<\/span><\/p>","protected":false},"featured_media":12588,"comment_status":"open","ping_status":"closed","template":"","meta":[],"product_brand":[],"product_cat":[83],"product_tag":[],"class_list":{"0":"post-12590","1":"product","2":"type-product","3":"status-publish","4":"has-post-thumbnail","6":"product_cat-carteles-coronavirus","8":"first","9":"instock","10":"taxable","11":"shipping-taxable","12":"purchasable","13":"product-type-simple"},"yoast_head":"<!-- This site is optimized with the Yoast SEO plugin v27.3 - https:\/\/yoast.com\/product\/yoast-seo-wordpress\/ -->\n<title>Cartel zona Higi\u00e9nica - Varios Dise\u00f1os - Los + baratos<\/title>\n<meta name=\"description\" content=\"Cartel de Zona Higi\u00e9nica con varios Dise\u00f1os para elegir. Personalizabe en la cantidad de se\u00f1ales, tama\u00f1o y material con el que fabricar. Envio Gratuito\" \/>\n<meta name=\"robots\" content=\"index, follow, max-snippet:-1, max-image-preview:large, max-video-preview:-1\" \/>\n<link rel=\"canonical\" href=\"https:\/\/impresiondigitalgranformato.es\/fr\/produit\/cartel-zona-higienica\/\" \/>\n<meta property=\"og:locale\" content=\"fr_FR\" \/>\n<meta property=\"og:type\" content=\"article\" \/>\n<meta property=\"og:title\" content=\"Cartel zona Higi\u00e9nica - Varios Dise\u00f1os - Los + baratos\" \/>\n<meta property=\"og:description\" content=\"Cartel de Zona Higi\u00e9nica con varios Dise\u00f1os para elegir. Personalizabe en la cantidad de se\u00f1ales, tama\u00f1o y material con el que fabricar. Envio Gratuito\" \/>\n<meta property=\"og:url\" content=\"https:\/\/impresiondigitalgranformato.es\/fr\/produit\/cartel-zona-higienica\/\" \/>\n<meta property=\"og:site_name\" content=\"Los + baratos\" \/>\n<meta property=\"article:modified_time\" content=\"2020-05-29T18:21:41+00:00\" \/>\n<meta property=\"og:image\" content=\"https:\/\/i0.wp.com\/impresiondigitalgranformato.es\/wp-content\/uploads\/2020\/05\/cartel-zona-higienica.jpg?fit=630%2C630&ssl=1\" \/>\n\t<meta property=\"og:image:width\" content=\"630\" \/>\n\t<meta property=\"og:image:height\" content=\"630\" \/>\n\t<meta property=\"og:image:type\" content=\"image\/jpeg\" \/>\n<meta name=\"twitter:card\" content=\"summary_large_image\" \/>\n<meta name=\"twitter:label1\" content=\"Dur\u00e9e de lecture estim\u00e9e\" \/>\n\t<meta name=\"twitter:data1\" content=\"2 minutes\" \/>\n<script type=\"application\/ld+json\" class=\"yoast-schema-graph\">{\"@context\":\"https:\\\/\\\/schema.org\",\"@graph\":[{\"@type\":\"WebPage\",\"@id\":\"https:\\\/\\\/impresiondigitalgranformato.es\\\/producto\\\/cartel-zona-higienica\\\/\",\"url\":\"https:\\\/\\\/impresiondigitalgranformato.es\\\/producto\\\/cartel-zona-higienica\\\/\",\"name\":\"Cartel zona Higi\u00e9nica - Varios Dise\u00f1os - Los + baratos\",\"isPartOf\":{\"@id\":\"https:\\\/\\\/impresiondigitalgranformato.es\\\/#website\"},\"primaryImageOfPage\":{\"@id\":\"https:\\\/\\\/impresiondigitalgranformato.es\\\/producto\\\/cartel-zona-higienica\\\/#primaryimage\"},\"image\":{\"@id\":\"https:\\\/\\\/impresiondigitalgranformato.es\\\/producto\\\/cartel-zona-higienica\\\/#primaryimage\"},\"thumbnailUrl\":\"https:\\\/\\\/i0.wp.com\\\/impresiondigitalgranformato.es\\\/wp-content\\\/uploads\\\/2020\\\/05\\\/cartel-zona-higienica.jpg?fit=630%2C630&ssl=1\",\"datePublished\":\"2020-05-14T17:53:16+00:00\",\"dateModified\":\"2020-05-29T18:21:41+00:00\",\"description\":\"Cartel de Zona Higi\u00e9nica con varios Dise\u00f1os para elegir. Personalizabe en la cantidad de se\u00f1ales, tama\u00f1o y material con el que fabricar. Envio Gratuito\",\"breadcrumb\":{\"@id\":\"https:\\\/\\\/impresiondigitalgranformato.es\\\/producto\\\/cartel-zona-higienica\\\/#breadcrumb\"},\"inLanguage\":\"fr-FR\",\"potentialAction\":[{\"@type\":\"ReadAction\",\"target\":[\"https:\\\/\\\/impresiondigitalgranformato.es\\\/producto\\\/cartel-zona-higienica\\\/\"]}]},{\"@type\":\"ImageObject\",\"inLanguage\":\"fr-FR\",\"@id\":\"https:\\\/\\\/impresiondigitalgranformato.es\\\/producto\\\/cartel-zona-higienica\\\/#primaryimage\",\"url\":\"https:\\\/\\\/i0.wp.com\\\/impresiondigitalgranformato.es\\\/wp-content\\\/uploads\\\/2020\\\/05\\\/cartel-zona-higienica.jpg?fit=630%2C630&ssl=1\",\"contentUrl\":\"https:\\\/\\\/i0.wp.com\\\/impresiondigitalgranformato.es\\\/wp-content\\\/uploads\\\/2020\\\/05\\\/cartel-zona-higienica.jpg?fit=630%2C630&ssl=1\",\"width\":630,\"height\":630,\"caption\":\"cartel zona higienica\"},{\"@type\":\"BreadcrumbList\",\"@id\":\"https:\\\/\\\/impresiondigitalgranformato.es\\\/producto\\\/cartel-zona-higienica\\\/#breadcrumb\",\"itemListElement\":[{\"@type\":\"ListItem\",\"position\":1,\"name\":\"Portada\",\"item\":\"https:\\\/\\\/impresiondigitalgranformato.es\\\/\"},{\"@type\":\"ListItem\",\"position\":2,\"name\":\"Productos\",\"item\":\"https:\\\/\\\/impresiondigitalgranformato.es\\\/venta-roll-up-banner\\\/\"},{\"@type\":\"ListItem\",\"position\":3,\"name\":\"Cartel zona Higi\u00e9nica Varios DISE\u00d1OS\"}]},{\"@type\":\"WebSite\",\"@id\":\"https:\\\/\\\/impresiondigitalgranformato.es\\\/#website\",\"url\":\"https:\\\/\\\/impresiondigitalgranformato.es\\\/\",\"name\":\"Los + baratos\",\"description\":\"impresi\u00f3n digital gran formato venta de roll up, banner, banderas, lonas, carteles, displays, publicidad\",\"publisher\":{\"@id\":\"https:\\\/\\\/impresiondigitalgranformato.es\\\/#organization\"},\"potentialAction\":[{\"@type\":\"SearchAction\",\"target\":{\"@type\":\"EntryPoint\",\"urlTemplate\":\"https:\\\/\\\/impresiondigitalgranformato.es\\\/?s={search_term_string}\"},\"query-input\":{\"@type\":\"PropertyValueSpecification\",\"valueRequired\":true,\"valueName\":\"search_term_string\"}}],\"inLanguage\":\"fr-FR\"},{\"@type\":\"Organization\",\"@id\":\"https:\\\/\\\/impresiondigitalgranformato.es\\\/#organization\",\"name\":\"Los + baratos\",\"url\":\"https:\\\/\\\/impresiondigitalgranformato.es\\\/\",\"logo\":{\"@type\":\"ImageObject\",\"inLanguage\":\"fr-FR\",\"@id\":\"https:\\\/\\\/impresiondigitalgranformato.es\\\/#\\\/schema\\\/logo\\\/image\\\/\",\"url\":\"https:\\\/\\\/i0.wp.com\\\/impresiondigitalgranformato.es\\\/wp-content\\\/uploads\\\/2016\\\/12\\\/cropped-logotipo-2-e1483373659766.png?fit=500%2C101&ssl=1\",\"contentUrl\":\"https:\\\/\\\/i0.wp.com\\\/impresiondigitalgranformato.es\\\/wp-content\\\/uploads\\\/2016\\\/12\\\/cropped-logotipo-2-e1483373659766.png?fit=500%2C101&ssl=1\",\"width\":500,\"height\":101,\"caption\":\"Los + baratos\"},\"image\":{\"@id\":\"https:\\\/\\\/impresiondigitalgranformato.es\\\/#\\\/schema\\\/logo\\\/image\\\/\"}}]}<\/script>\n<!-- \/ Yoast SEO plugin. -->","yoast_head_json":{"title":"Cartel zona Higi\u00e9nica - Varios Dise\u00f1os - Los + baratos","description":"Cartel de Zona Higi\u00e9nica con varios Dise\u00f1os para elegir. Personalizabe en la cantidad de se\u00f1ales, tama\u00f1o y material con el que fabricar. Envio Gratuito","robots":{"index":"index","follow":"follow","max-snippet":"max-snippet:-1","max-image-preview":"max-image-preview:large","max-video-preview":"max-video-preview:-1"},"canonical":"https:\/\/impresiondigitalgranformato.es\/fr\/produit\/cartel-zona-higienica\/","og_locale":"fr_FR","og_type":"article","og_title":"Cartel zona Higi\u00e9nica - Varios Dise\u00f1os - Los + baratos","og_description":"Cartel de Zona Higi\u00e9nica con varios Dise\u00f1os para elegir. Personalizabe en la cantidad de se\u00f1ales, tama\u00f1o y material con el que fabricar. Envio Gratuito","og_url":"https:\/\/impresiondigitalgranformato.es\/fr\/produit\/cartel-zona-higienica\/","og_site_name":"Los + baratos","article_modified_time":"2020-05-29T18:21:41+00:00","og_image":[{"width":630,"height":630,"url":"https:\/\/i0.wp.com\/impresiondigitalgranformato.es\/wp-content\/uploads\/2020\/05\/cartel-zona-higienica.jpg?fit=630%2C630&ssl=1","type":"image\/jpeg"}],"twitter_card":"summary_large_image","twitter_misc":{"Dur\u00e9e de lecture estim\u00e9e":"2 minutes"},"schema":{"@context":"https:\/\/schema.org","@graph":[{"@type":"WebPage","@id":"https:\/\/impresiondigitalgranformato.es\/producto\/cartel-zona-higienica\/","url":"https:\/\/impresiondigitalgranformato.es\/producto\/cartel-zona-higienica\/","name":"Cartel zona Higi\u00e9nica - Varios Dise\u00f1os - Los + baratos","isPartOf":{"@id":"https:\/\/impresiondigitalgranformato.es\/#website"},"primaryImageOfPage":{"@id":"https:\/\/impresiondigitalgranformato.es\/producto\/cartel-zona-higienica\/#primaryimage"},"image":{"@id":"https:\/\/impresiondigitalgranformato.es\/producto\/cartel-zona-higienica\/#primaryimage"},"thumbnailUrl":"https:\/\/i0.wp.com\/impresiondigitalgranformato.es\/wp-content\/uploads\/2020\/05\/cartel-zona-higienica.jpg?fit=630%2C630&ssl=1","datePublished":"2020-05-14T17:53:16+00:00","dateModified":"2020-05-29T18:21:41+00:00","description":"Cartel de Zona Higi\u00e9nica con varios Dise\u00f1os para elegir. Personalizabe en la cantidad de se\u00f1ales, tama\u00f1o y material con el que fabricar. Envio Gratuito","breadcrumb":{"@id":"https:\/\/impresiondigitalgranformato.es\/producto\/cartel-zona-higienica\/#breadcrumb"},"inLanguage":"fr-FR","potentialAction":[{"@type":"ReadAction","target":["https:\/\/impresiondigitalgranformato.es\/producto\/cartel-zona-higienica\/"]}]},{"@type":"ImageObject","inLanguage":"fr-FR","@id":"https:\/\/impresiondigitalgranformato.es\/producto\/cartel-zona-higienica\/#primaryimage","url":"https:\/\/i0.wp.com\/impresiondigitalgranformato.es\/wp-content\/uploads\/2020\/05\/cartel-zona-higienica.jpg?fit=630%2C630&ssl=1","contentUrl":"https:\/\/i0.wp.com\/impresiondigitalgranformato.es\/wp-content\/uploads\/2020\/05\/cartel-zona-higienica.jpg?fit=630%2C630&ssl=1","width":630,"height":630,"caption":"cartel zona higienica"},{"@type":"BreadcrumbList","@id":"https:\/\/impresiondigitalgranformato.es\/producto\/cartel-zona-higienica\/#breadcrumb","itemListElement":[{"@type":"ListItem","position":1,"name":"Portada","item":"https:\/\/impresiondigitalgranformato.es\/"},{"@type":"ListItem","position":2,"name":"Productos","item":"https:\/\/impresiondigitalgranformato.es\/venta-roll-up-banner\/"},{"@type":"ListItem","position":3,"name":"Cartel zona Higi\u00e9nica Varios DISE\u00d1OS"}]},{"@type":"WebSite","@id":"https:\/\/impresiondigitalgranformato.es\/#website","url":"https:\/\/impresiondigitalgranformato.es\/","name":"Les moins chers","description":"impression num\u00e9rique grand format vente de roll up, banni\u00e8res, drapeaux, banderoles, b\u00e2ches, affiches, pr\u00e9sentoirs, publicit\u00e9s","publisher":{"@id":"https:\/\/impresiondigitalgranformato.es\/#organization"},"potentialAction":[{"@type":"SearchAction","target":{"@type":"EntryPoint","urlTemplate":"https:\/\/impresiondigitalgranformato.es\/?s={search_term_string}"},"query-input":{"@type":"PropertyValueSpecification","valueRequired":true,"valueName":"search_term_string"}}],"inLanguage":"fr-FR"},{"@type":"Organization","@id":"https:\/\/impresiondigitalgranformato.es\/#organization","name":"Les moins chers","url":"https:\/\/impresiondigitalgranformato.es\/","logo":{"@type":"ImageObject","inLanguage":"fr-FR","@id":"https:\/\/impresiondigitalgranformato.es\/#\/schema\/logo\/image\/","url":"https:\/\/i0.wp.com\/impresiondigitalgranformato.es\/wp-content\/uploads\/2016\/12\/cropped-logotipo-2-e1483373659766.png?fit=500%2C101&ssl=1","contentUrl":"https:\/\/i0.wp.com\/impresiondigitalgranformato.es\/wp-content\/uploads\/2016\/12\/cropped-logotipo-2-e1483373659766.png?fit=500%2C101&ssl=1","width":500,"height":101,"caption":"Los + baratos"},"image":{"@id":"https:\/\/impresiondigitalgranformato.es\/#\/schema\/logo\/image\/"}}]}},"jetpack_sharing_enabled":true,"_links":{"self":[{"href":"https:\/\/impresiondigitalgranformato.es\/fr\/wp-json\/wp\/v2\/product\/12590","targetHints":{"allow":["GET"]}}],"collection":[{"href":"https:\/\/impresiondigitalgranformato.es\/fr\/wp-json\/wp\/v2\/product"}],"about":[{"href":"https:\/\/impresiondigitalgranformato.es\/fr\/wp-json\/wp\/v2\/types\/product"}],"replies":[{"embeddable":true,"href":"https:\/\/impresiondigitalgranformato.es\/fr\/wp-json\/wp\/v2\/comments?post=12590"}],"wp:featuredmedia":[{"embeddable":true,"href":"https:\/\/impresiondigitalgranformato.es\/fr\/wp-json\/wp\/v2\/media\/12588"}],"wp:attachment":[{"href":"https:\/\/impresiondigitalgranformato.es\/fr\/wp-json\/wp\/v2\/media?parent=12590"}],"wp:term":[{"taxonomy":"product_brand","embeddable":true,"href":"https:\/\/impresiondigitalgranformato.es\/fr\/wp-json\/wp\/v2\/product_brand?post=12590"},{"taxonomy":"product_cat","embeddable":true,"href":"https:\/\/impresiondigitalgranformato.es\/fr\/wp-json\/wp\/v2\/product_cat?post=12590"},{"taxonomy":"product_tag","embeddable":true,"href":"https:\/\/impresiondigitalgranformato.es\/fr\/wp-json\/wp\/v2\/product_tag?post=12590"}],"curies":[{"name":"wp","href":"https:\/\/api.w.org\/{rel}","templated":true}]}}