{"id":12655,"date":"2020-05-21T19:08:07","date_gmt":"2020-05-21T17:08:07","guid":{"rendered":"http:\/\/impresiondigitalgranformato.es\/?post_type=product&#038;p=12655"},"modified":"2021-10-27T19:57:43","modified_gmt":"2021-10-27T17:57:43","slug":"roll-up-transparente-anticontagios","status":"publish","type":"product","link":"https:\/\/impresiondigitalgranformato.es\/fr\/producto\/roll-up-transparente-anticontagios\/","title":{"rendered":"roll up transparent anti-contagion"},"content":{"rendered":"<p><strong><span style=\"color: #008000;\">Roll up transparente lamina de alta calidad para evitar contagios<\/span><\/strong><\/p>\n<p>Montaje y desmontaje en menos de 1 minuto. <strong>Vea nuestro v\u00eddeo de montaje y comparativa de tama\u00f1os de rollup transparente<\/strong><\/p>\n<p><strong>Lamina<\/strong> fabricada en pvc vivo de baja contracci\u00f3n incolora y sin aditivos. <strong>No se ara\u00f1a con facilidad <\/strong>lamina incolora para el roll ap transparente de la m\u00e1s alta calidad. Despu\u00e9s de varias pruebas con diferentes materiales como el glasspack, pet, e incluso en metacrilato hemos detectado que se ara\u00f1an con relativa facilidad y van perdiendo su estado incoloro.<\/p>\n<h4><strong>Con este material no ocurre.<\/strong><\/h4>\n<p>El material que utilizamos en impresiondigitalgranformato.es est\u00e1 pensado para exterior para aguantar las inclemencias del tiempo, sol, fr\u00cdo, lluvias &#8230; al utilizarlo en un roll up que su funci\u00f3n es para interior tendr\u00e1 usted una mampara protectora port\u00e1til para mucho tiempo.<\/p>\n<p>Les<strong> estructura<\/strong> del roll up transparente esta fabricada con <strong>aluminio <\/strong>y dispones de dos calidades el rollup transparente est\u00e1ndar y el rollup transparente premium.<\/p>\n<p><strong>Calidad EST\u00c1NDAR: <\/strong>Estructura de aluminio, lamina incolora de alta calidad y bolsa de transporte en nyl\u00f3n.<\/p>\n<p>Este modelo es optimo para separaci\u00f3n de mesas, recepci\u00f3n de personas en la entrada del local, separaci\u00f3n de puestos de trabajo&#8230; Siempre teniendo en cuenta que este roll up o mampara protectora se puede montar y desmontar en un minuto <strong>cuantas veces sean necesarias<\/strong>, ademas de poderlo transportar con facilidad incluso montado dentro del mismo local.<\/p>\n<p><strong>Calidad PREMIUM: <\/strong>Estructura de aluminio <strong>mas fuerte<\/strong>, lamina incolora de alta calidad, palastro o estabilizador en la parte inferior de la estructura para una mejor estabilidad y bolsa de transporte en nyl\u00f3n <strong>acolchada.\u00a0<\/strong><\/p>\n<p>Este modelo ademas de poderse utilizar para todo lo que se puede realizar con el est\u00e1ndar. Esta pensado para llevarlo de un lado para otro de ah\u00ed que tenga un estructura mas fuerte y la bolsa de transporte acolchada. <strong>Montarlo y desmontarlo cuantas veces sean necesaria<\/strong> (en un minuto). Ideal para agentes comerciales, visitadores, vendedores en puntos de venta (centros comerciales), profesores, reuniones, convenciones &#8230;<\/p>\n<p><strong>Disponemos de varios tama\u00f1os.<\/strong><\/p>\n<p>Anchos 60 x 200 cm, 85 x 200 cm, 100 x 200 cm y 120 x 200 cm. La utilizaci\u00f3n de cada uno depender\u00e1 de la funci\u00f3n que valla a realizar con el.<\/p>\n<p>La altura del roll up como vera siempre es de 200 cm. (si necesitara un rollup con menos altura cons\u00faltenos, se puede hacer)<\/p>\n<p><span style=\"color: #ff0000;\">RABAIS DE QUANTIT\u00c9 ! !!<\/span>\u00a0<strong>(voir tableau des prix)<\/strong><\/p>\n<h4><span style=\"color: #800000;\"><strong>ENV\u00cdO GRATIS DESDE LA 1\u00aa UNIDAD<\/strong><\/span><\/h4>\n<p><span style=\"color: #ff0000;\">Posibilidad de entrega en 24 horas<\/span><\/p>\n<p>&nbsp;<\/p>\n<h4><a href=\"https:\/\/impresiondigitalgranformato.es\/fr\/categorie-produit\/carteles-coronavirus\/\" xlink=\"href\"><span style=\"color: #000080;\">VEA MAS PRODUCTOS RELACIONADOS CON LA LUCHA CONTRA EL CORONAVIRUS<\/span><\/a><\/h4>\n<p><a target=\"_blank\" href=\"https:\/\/www.libremercado.com\/2020-04-24\/coronavirus-mamparas-protectoras--1276656465\/\" xlink=\"href\" rel=\"noopener\">LAS MAMPARAS PROTECTORAS AYUDARAN A SALVAR MUCHOS NEGOCIOS<\/a><\/p>\n<h3><span style=\"color: #e68907;\">Negocios donde ya se est\u00e1n utilizando el roll up transparentes o mamparas enrollables.<\/span><\/h3>\n<p><span style=\"color: #945906;\"><strong>Peluquer\u00edas:<\/strong><\/span> Los rollup transparentes en las peluquer\u00edas se est\u00e1n utilizando para separar los sillones donde se sientan los clientes a la hora de corta o peinar el pelo. Estas mamparas port\u00e1tiles, los rollap transparentes te permiten una vez terminen con el cliente desplazar las mampara protectora y barrer los pelos y volver a montar la mampara r\u00e1pidamente. <strong>Aqui se suele utilizar el modelo de roll up transparente de 100 x 200 cm<\/strong><\/p>\n<p><strong><span style=\"color: #945906;\">Salones de belleza y centros de est\u00e9tica:<\/span> <\/strong>En este tipo de negocios el rollup tranparente anticontagios se utiliza para separar a los clientes cuando se est\u00e1n haciendo la manicura o esculpiendo las u\u00f1as (un nuevo arte) lo que te permite el rollup transparente es si por ejemplo vienen 2 personas que conviven juntas no necesitar\u00edan estar separas incluso podr\u00eda llegara ser molesto para ellos, puede desplazar con facilidad el rollup anti-contagios y crear un puesto de trabajo para 2 personas. <strong>Se suele utilizar el modelo de rollup transparente de 60 x 200 cm<\/strong><\/p>\n<p><span style=\"color: #945906;\"><strong>Salones de juego, <span style=\"color: #945906;\">salas<\/span> de apuestas y casinos:<\/strong><\/span> El roll up transparentes se utilizan en forma de mampara protectora para separar las maquinas tragaperras. El montaje de este tipo de mamparas de protecci\u00f3n ante los contagios le permite seguir teniendo encendidas todas las maquinas al estar separadas por las mamparas y no tendr\u00e1 que separar la maquinas tragaperras 1,5 o 2 metros ni tener encendidas una si y otra no, con la consecuencia de perdida de ganancias. <strong>El modelo que se utiliza para separar las tragaperras es el roll up transparente de 85 x 200 cm<\/strong><\/p>\n<p><span style=\"color: #945906;\"><strong>Restaurantes:<\/strong><\/span> Los rollups transparentes anticontagios le sirven para hacer separaciones de mesas. Seg\u00fan los comensales que vaya a tener podr\u00e1 mover de una forma c\u00f3moda el roll up transparente para montar servicio de 4 personas por ejemplo, si despu\u00e9s necesita montar un servicio para 8 personas podr\u00e1 mover con facilidad la mampara port\u00e1til juntar las mesas que sean necesarias y volver a colocar el roll up transparente para poder tener una mampara anti-contagios. Tambi\u00e9n el rolap transparente se utiliza en la recepci\u00f3n de los restaurantes en forma de mampara protectora de cuerpo completo cuando dan la bienvenida a sus clientes.\u00a0 <strong>El mas utilizado es el roll up transparente de 120 x 200 cm<\/strong><\/p>\n<p><strong><span style=\"color: #945906;\">Bares y cafeter\u00edas:<\/span><\/strong> En este tipo de negocios de hosteler\u00eda el paso de los clientes es mas r\u00e1pido, pero tambi\u00e9n de utilizan los rollups transparentes para separaci\u00f3n de mesas seg\u00fan el numero de comensales y pudiendo utilizar todo el espacio ya que tiene una mampara protectora port\u00e1til. los rollaps transparentes anticontagios tambi\u00e9n se utilizan para la creaci\u00f3n de espacios de separaci\u00f3n en la barra, el roll up en forma de mampara protectora le permitir\u00e1 desplazar la mampara de protecci\u00f3n tantas veces que sean necesarias y de una forma c\u00f3moda. <strong>Los mas utilizados son los formatos de rollups transparentes de 100 x 200 cm y el formato de rollup transparente de 120 x 200 cm<\/strong><\/p>\n<p><span style=\"color: #945906;\"><strong>Conservatorios. escuelas de m\u00fasica, academias de idiomas:<\/strong> <\/span>En este caso el rol ap transparente se utiliza tanto para la protecci\u00f3n ante los contagios de los profesores, pudiendo dejar la mampara protectora fija en las clases o pudiendo transportarla por el mismo docente de una clase para otra, recuerde que el roll up transparente se monta en menos de un minuto. Tambi\u00e9n la mampara enrollable se utiliza para la protecci\u00f3n de los alumnos dejando la mampara colocada entre los pupitres. Cuando haya que limpiar el aula los podr\u00e1 retirar con toda facilidad y despu\u00e9s volver a montar las mamparas de protecci\u00f3n. Los roll aps transparentes son mamparas protectoras port\u00e1tiles. <strong>El modelo mas utilizado para los profesores es el roll up transparente de 120 x 200 cm y para colocar en las clases es el roll up transparente de 85 x 200 cm<\/strong><\/p>\n<p>&nbsp;<\/p>\n<p>&nbsp;<\/p>\n<p>&nbsp;<\/p>","protected":false},"excerpt":{"rendered":"<h4><span style=\"color: #008000;\">Roll up con lamina transparente para evitar contagios<\/span><\/h4>\n<p>Montaje y desmontaje en menos de 1 minuto. <a target=\"_blank\" href=\"https:\/\/youtu.be\/USoZCYRJwFE\" xlink=\"href\" rel=\"noopener\">Vea nuestro v\u00eddeo del producto<\/a><\/p>\n<p><strong>Lamina<\/strong> fabricada en pvc vivo de baja contracci\u00f3n incolora y sin aditivos. <strong>No se ara\u00f1a con facilidad <\/strong>lamina incolora de la m\u00e1s alta calidad<\/p>\n<p>Les<strong> estructura<\/strong> del roll up esta fabricada con <strong>aluminio <\/strong>y dispones de dos calidades la est\u00e1ndar y la premium<\/p>\n<h4><span style=\"color: #800000;\"><strong>ENV\u00cdO GRATIS DESDE LA 1\u00aa UNIDAD<\/strong><\/span><\/h4>\n<p>Posibilidad de entrega en 24 horas<\/p>\n<p><span style=\"color: #ff0000;\">RABAIS DE QUANTIT\u00c9 ! !!<\/span>\u00a0<strong>(voir tableau des prix)<\/strong><\/p>\n<h4><span style=\"color: #000080;\">VARIOS TAMA\u00d1OS PARA ELEGIR<\/span><\/h4>\n<p><a href=\"https:\/\/impresiondigitalgranformato.es\/fr\/mamparas-protectoras\/\" xlink=\"href\"><img loading=\"lazy\" decoding=\"async\" class=\"aligncenter size-medium wp-image-12523\" src=\"https:\/\/impresiondigitalgranformato.es\/wp-content\/uploads\/2020\/03\/productos-impresion-digital-gran-formato-600x36.png\" alt=\"productos impresion digital gran formato\" width=\"600\" height=\"36\" srcset=\"https:\/\/i0.wp.com\/impresiondigitalgranformato.es\/wp-content\/uploads\/2020\/03\/productos-impresion-digital-gran-formato.png?resize=600%2C36&amp;ssl=1 600w, https:\/\/i0.wp.com\/impresiondigitalgranformato.es\/wp-content\/uploads\/2020\/03\/productos-impresion-digital-gran-formato.png?resize=100%2C6&amp;ssl=1 100w, https:\/\/i0.wp.com\/impresiondigitalgranformato.es\/wp-content\/uploads\/2020\/03\/productos-impresion-digital-gran-formato.png?resize=150%2C9&amp;ssl=1 150w, https:\/\/i0.wp.com\/impresiondigitalgranformato.es\/wp-content\/uploads\/2020\/03\/productos-impresion-digital-gran-formato.png?resize=200%2C12&amp;ssl=1 200w, https:\/\/i0.wp.com\/impresiondigitalgranformato.es\/wp-content\/uploads\/2020\/03\/productos-impresion-digital-gran-formato.png?resize=300%2C18&amp;ssl=1 300w, https:\/\/i0.wp.com\/impresiondigitalgranformato.es\/wp-content\/uploads\/2020\/03\/productos-impresion-digital-gran-formato.png?resize=450%2C27&amp;ssl=1 450w, https:\/\/i0.wp.com\/impresiondigitalgranformato.es\/wp-content\/uploads\/2020\/03\/productos-impresion-digital-gran-formato.png?w=621&amp;ssl=1 621w\" sizes=\"auto, (max-width: 600px) 100vw, 600px\" \/><\/a><\/p>\n<p>&nbsp;<\/p>\n<p><span style=\"color: #ff6600;\"><strong>PARA COMPRAR:<\/strong><\/span> Elija el tama\u00f1o que necesita y el tipo de calidad de estructura.<\/p>\n<p>&nbsp;<\/p>","protected":false},"featured_media":12656,"comment_status":"closed","ping_status":"closed","template":"","meta":[],"product_brand":[],"product_cat":[24],"product_tag":[],"class_list":{"0":"post-12655","1":"product","2":"type-product","3":"status-publish","4":"has-post-thumbnail","6":"product_cat-roll-up-baratos","8":"first","9":"instock","10":"featured","11":"taxable","12":"shipping-taxable","13":"purchasable","14":"product-type-simple"},"yoast_head":"<!-- This site is optimized with the Yoast SEO plugin v27.3 - https:\/\/yoast.com\/product\/yoast-seo-wordpress\/ -->\n<title>roll up transparente anticontagios - Los + baratos Mampara Portatil<\/title>\n<meta name=\"description\" content=\"Roll up transparente anticontagios, Compre una mampara protectora Portatil. Montada en menos de 1 minuto. Envio Gratuito desde la 1\u00aa unidad.\" \/>\n<meta name=\"robots\" content=\"index, follow, max-snippet:-1, max-image-preview:large, max-video-preview:-1\" \/>\n<link rel=\"canonical\" href=\"https:\/\/impresiondigitalgranformato.es\/fr\/produit\/roll-up-transparente-anticontagios\/\" \/>\n<meta property=\"og:locale\" content=\"fr_FR\" \/>\n<meta property=\"og:type\" content=\"article\" \/>\n<meta property=\"og:title\" content=\"roll up transparente anticontagios - Los + baratos Mampara Portatil\" \/>\n<meta property=\"og:description\" content=\"Roll up transparente anticontagios, Compre una mampara protectora Portatil. Montada en menos de 1 minuto. Envio Gratuito desde la 1\u00aa unidad.\" \/>\n<meta property=\"og:url\" content=\"https:\/\/impresiondigitalgranformato.es\/fr\/produit\/roll-up-transparente-anticontagios\/\" \/>\n<meta property=\"og:site_name\" content=\"Los + baratos\" \/>\n<meta property=\"article:modified_time\" content=\"2021-10-27T17:57:43+00:00\" \/>\n<meta property=\"og:image\" content=\"https:\/\/i2.wp.com\/impresiondigitalgranformato.es\/wp-content\/uploads\/2020\/05\/roll-up-transparente.png?fit=945%2C945&ssl=1\" \/>\n\t<meta property=\"og:image:width\" content=\"945\" \/>\n\t<meta property=\"og:image:height\" content=\"945\" \/>\n\t<meta property=\"og:image:type\" content=\"image\/png\" \/>\n<meta name=\"twitter:card\" content=\"summary_large_image\" \/>\n<meta name=\"twitter:label1\" content=\"Dur\u00e9e de lecture estim\u00e9e\" \/>\n\t<meta name=\"twitter:data1\" content=\"5 minutes\" \/>\n<script type=\"application\/ld+json\" class=\"yoast-schema-graph\">{\"@context\":\"https:\\\/\\\/schema.org\",\"@graph\":[{\"@type\":\"WebPage\",\"@id\":\"https:\\\/\\\/impresiondigitalgranformato.es\\\/producto\\\/roll-up-transparente-anticontagios\\\/\",\"url\":\"https:\\\/\\\/impresiondigitalgranformato.es\\\/producto\\\/roll-up-transparente-anticontagios\\\/\",\"name\":\"roll up transparente anticontagios - Los + baratos Mampara Portatil\",\"isPartOf\":{\"@id\":\"https:\\\/\\\/impresiondigitalgranformato.es\\\/#website\"},\"primaryImageOfPage\":{\"@id\":\"https:\\\/\\\/impresiondigitalgranformato.es\\\/producto\\\/roll-up-transparente-anticontagios\\\/#primaryimage\"},\"image\":{\"@id\":\"https:\\\/\\\/impresiondigitalgranformato.es\\\/producto\\\/roll-up-transparente-anticontagios\\\/#primaryimage\"},\"thumbnailUrl\":\"https:\\\/\\\/i0.wp.com\\\/impresiondigitalgranformato.es\\\/wp-content\\\/uploads\\\/2020\\\/05\\\/roll-up-transparente.png?fit=945%2C945&ssl=1\",\"datePublished\":\"2020-05-21T17:08:07+00:00\",\"dateModified\":\"2021-10-27T17:57:43+00:00\",\"description\":\"Roll up transparente anticontagios, Compre una mampara protectora Portatil. Montada en menos de 1 minuto. Envio Gratuito desde la 1\u00aa unidad.\",\"breadcrumb\":{\"@id\":\"https:\\\/\\\/impresiondigitalgranformato.es\\\/producto\\\/roll-up-transparente-anticontagios\\\/#breadcrumb\"},\"inLanguage\":\"fr-FR\",\"potentialAction\":[{\"@type\":\"ReadAction\",\"target\":[\"https:\\\/\\\/impresiondigitalgranformato.es\\\/producto\\\/roll-up-transparente-anticontagios\\\/\"]}]},{\"@type\":\"ImageObject\",\"inLanguage\":\"fr-FR\",\"@id\":\"https:\\\/\\\/impresiondigitalgranformato.es\\\/producto\\\/roll-up-transparente-anticontagios\\\/#primaryimage\",\"url\":\"https:\\\/\\\/i0.wp.com\\\/impresiondigitalgranformato.es\\\/wp-content\\\/uploads\\\/2020\\\/05\\\/roll-up-transparente.png?fit=945%2C945&ssl=1\",\"contentUrl\":\"https:\\\/\\\/i0.wp.com\\\/impresiondigitalgranformato.es\\\/wp-content\\\/uploads\\\/2020\\\/05\\\/roll-up-transparente.png?fit=945%2C945&ssl=1\",\"width\":945,\"height\":945,\"caption\":\"roll up tansparente\"},{\"@type\":\"BreadcrumbList\",\"@id\":\"https:\\\/\\\/impresiondigitalgranformato.es\\\/producto\\\/roll-up-transparente-anticontagios\\\/#breadcrumb\",\"itemListElement\":[{\"@type\":\"ListItem\",\"position\":1,\"name\":\"Portada\",\"item\":\"https:\\\/\\\/impresiondigitalgranformato.es\\\/\"},{\"@type\":\"ListItem\",\"position\":2,\"name\":\"Productos\",\"item\":\"https:\\\/\\\/impresiondigitalgranformato.es\\\/venta-roll-up-banner\\\/\"},{\"@type\":\"ListItem\",\"position\":3,\"name\":\"roll up transparente anticontagios\"}]},{\"@type\":\"WebSite\",\"@id\":\"https:\\\/\\\/impresiondigitalgranformato.es\\\/#website\",\"url\":\"https:\\\/\\\/impresiondigitalgranformato.es\\\/\",\"name\":\"Los + baratos\",\"description\":\"impresi\u00f3n digital gran formato venta de roll up, banner, banderas, lonas, carteles, displays, publicidad\",\"publisher\":{\"@id\":\"https:\\\/\\\/impresiondigitalgranformato.es\\\/#organization\"},\"potentialAction\":[{\"@type\":\"SearchAction\",\"target\":{\"@type\":\"EntryPoint\",\"urlTemplate\":\"https:\\\/\\\/impresiondigitalgranformato.es\\\/?s={search_term_string}\"},\"query-input\":{\"@type\":\"PropertyValueSpecification\",\"valueRequired\":true,\"valueName\":\"search_term_string\"}}],\"inLanguage\":\"fr-FR\"},{\"@type\":\"Organization\",\"@id\":\"https:\\\/\\\/impresiondigitalgranformato.es\\\/#organization\",\"name\":\"Los + baratos\",\"url\":\"https:\\\/\\\/impresiondigitalgranformato.es\\\/\",\"logo\":{\"@type\":\"ImageObject\",\"inLanguage\":\"fr-FR\",\"@id\":\"https:\\\/\\\/impresiondigitalgranformato.es\\\/#\\\/schema\\\/logo\\\/image\\\/\",\"url\":\"https:\\\/\\\/i0.wp.com\\\/impresiondigitalgranformato.es\\\/wp-content\\\/uploads\\\/2016\\\/12\\\/cropped-logotipo-2-e1483373659766.png?fit=500%2C101&ssl=1\",\"contentUrl\":\"https:\\\/\\\/i0.wp.com\\\/impresiondigitalgranformato.es\\\/wp-content\\\/uploads\\\/2016\\\/12\\\/cropped-logotipo-2-e1483373659766.png?fit=500%2C101&ssl=1\",\"width\":500,\"height\":101,\"caption\":\"Los + baratos\"},\"image\":{\"@id\":\"https:\\\/\\\/impresiondigitalgranformato.es\\\/#\\\/schema\\\/logo\\\/image\\\/\"}}]}<\/script>\n<!-- \/ Yoast SEO plugin. -->","yoast_head_json":{"title":"roll up transparente anticontagios - Los + baratos Mampara Portatil","description":"Roll up transparente anticontagios, Compre una mampara protectora Portatil. Montada en menos de 1 minuto. Envio Gratuito desde la 1\u00aa unidad.","robots":{"index":"index","follow":"follow","max-snippet":"max-snippet:-1","max-image-preview":"max-image-preview:large","max-video-preview":"max-video-preview:-1"},"canonical":"https:\/\/impresiondigitalgranformato.es\/fr\/produit\/roll-up-transparente-anticontagios\/","og_locale":"fr_FR","og_type":"article","og_title":"roll up transparente anticontagios - Los + baratos Mampara Portatil","og_description":"Roll up transparente anticontagios, Compre una mampara protectora Portatil. Montada en menos de 1 minuto. Envio Gratuito desde la 1\u00aa unidad.","og_url":"https:\/\/impresiondigitalgranformato.es\/fr\/produit\/roll-up-transparente-anticontagios\/","og_site_name":"Los + baratos","article_modified_time":"2021-10-27T17:57:43+00:00","og_image":[{"width":945,"height":945,"url":"https:\/\/i2.wp.com\/impresiondigitalgranformato.es\/wp-content\/uploads\/2020\/05\/roll-up-transparente.png?fit=945%2C945&ssl=1","type":"image\/png"}],"twitter_card":"summary_large_image","twitter_misc":{"Dur\u00e9e de lecture estim\u00e9e":"5 minutes"},"schema":{"@context":"https:\/\/schema.org","@graph":[{"@type":"WebPage","@id":"https:\/\/impresiondigitalgranformato.es\/producto\/roll-up-transparente-anticontagios\/","url":"https:\/\/impresiondigitalgranformato.es\/producto\/roll-up-transparente-anticontagios\/","name":"roll up transparente anticontagios - Los + baratos Mampara Portatil","isPartOf":{"@id":"https:\/\/impresiondigitalgranformato.es\/#website"},"primaryImageOfPage":{"@id":"https:\/\/impresiondigitalgranformato.es\/producto\/roll-up-transparente-anticontagios\/#primaryimage"},"image":{"@id":"https:\/\/impresiondigitalgranformato.es\/producto\/roll-up-transparente-anticontagios\/#primaryimage"},"thumbnailUrl":"https:\/\/i0.wp.com\/impresiondigitalgranformato.es\/wp-content\/uploads\/2020\/05\/roll-up-transparente.png?fit=945%2C945&ssl=1","datePublished":"2020-05-21T17:08:07+00:00","dateModified":"2021-10-27T17:57:43+00:00","description":"Roll up transparente anticontagios, Compre una mampara protectora Portatil. Montada en menos de 1 minuto. Envio Gratuito desde la 1\u00aa unidad.","breadcrumb":{"@id":"https:\/\/impresiondigitalgranformato.es\/producto\/roll-up-transparente-anticontagios\/#breadcrumb"},"inLanguage":"fr-FR","potentialAction":[{"@type":"ReadAction","target":["https:\/\/impresiondigitalgranformato.es\/producto\/roll-up-transparente-anticontagios\/"]}]},{"@type":"ImageObject","inLanguage":"fr-FR","@id":"https:\/\/impresiondigitalgranformato.es\/producto\/roll-up-transparente-anticontagios\/#primaryimage","url":"https:\/\/i0.wp.com\/impresiondigitalgranformato.es\/wp-content\/uploads\/2020\/05\/roll-up-transparente.png?fit=945%2C945&ssl=1","contentUrl":"https:\/\/i0.wp.com\/impresiondigitalgranformato.es\/wp-content\/uploads\/2020\/05\/roll-up-transparente.png?fit=945%2C945&ssl=1","width":945,"height":945,"caption":"roll up tansparente"},{"@type":"BreadcrumbList","@id":"https:\/\/impresiondigitalgranformato.es\/producto\/roll-up-transparente-anticontagios\/#breadcrumb","itemListElement":[{"@type":"ListItem","position":1,"name":"Portada","item":"https:\/\/impresiondigitalgranformato.es\/"},{"@type":"ListItem","position":2,"name":"Productos","item":"https:\/\/impresiondigitalgranformato.es\/venta-roll-up-banner\/"},{"@type":"ListItem","position":3,"name":"roll up transparente anticontagios"}]},{"@type":"WebSite","@id":"https:\/\/impresiondigitalgranformato.es\/#website","url":"https:\/\/impresiondigitalgranformato.es\/","name":"Les moins chers","description":"impression num\u00e9rique grand format vente de roll up, banni\u00e8res, drapeaux, banderoles, b\u00e2ches, affiches, pr\u00e9sentoirs, publicit\u00e9s","publisher":{"@id":"https:\/\/impresiondigitalgranformato.es\/#organization"},"potentialAction":[{"@type":"SearchAction","target":{"@type":"EntryPoint","urlTemplate":"https:\/\/impresiondigitalgranformato.es\/?s={search_term_string}"},"query-input":{"@type":"PropertyValueSpecification","valueRequired":true,"valueName":"search_term_string"}}],"inLanguage":"fr-FR"},{"@type":"Organization","@id":"https:\/\/impresiondigitalgranformato.es\/#organization","name":"Les moins chers","url":"https:\/\/impresiondigitalgranformato.es\/","logo":{"@type":"ImageObject","inLanguage":"fr-FR","@id":"https:\/\/impresiondigitalgranformato.es\/#\/schema\/logo\/image\/","url":"https:\/\/i0.wp.com\/impresiondigitalgranformato.es\/wp-content\/uploads\/2016\/12\/cropped-logotipo-2-e1483373659766.png?fit=500%2C101&ssl=1","contentUrl":"https:\/\/i0.wp.com\/impresiondigitalgranformato.es\/wp-content\/uploads\/2016\/12\/cropped-logotipo-2-e1483373659766.png?fit=500%2C101&ssl=1","width":500,"height":101,"caption":"Los + baratos"},"image":{"@id":"https:\/\/impresiondigitalgranformato.es\/#\/schema\/logo\/image\/"}}]}},"jetpack_sharing_enabled":true,"_links":{"self":[{"href":"https:\/\/impresiondigitalgranformato.es\/fr\/wp-json\/wp\/v2\/product\/12655","targetHints":{"allow":["GET"]}}],"collection":[{"href":"https:\/\/impresiondigitalgranformato.es\/fr\/wp-json\/wp\/v2\/product"}],"about":[{"href":"https:\/\/impresiondigitalgranformato.es\/fr\/wp-json\/wp\/v2\/types\/product"}],"replies":[{"embeddable":true,"href":"https:\/\/impresiondigitalgranformato.es\/fr\/wp-json\/wp\/v2\/comments?post=12655"}],"wp:featuredmedia":[{"embeddable":true,"href":"https:\/\/impresiondigitalgranformato.es\/fr\/wp-json\/wp\/v2\/media\/12656"}],"wp:attachment":[{"href":"https:\/\/impresiondigitalgranformato.es\/fr\/wp-json\/wp\/v2\/media?parent=12655"}],"wp:term":[{"taxonomy":"product_brand","embeddable":true,"href":"https:\/\/impresiondigitalgranformato.es\/fr\/wp-json\/wp\/v2\/product_brand?post=12655"},{"taxonomy":"product_cat","embeddable":true,"href":"https:\/\/impresiondigitalgranformato.es\/fr\/wp-json\/wp\/v2\/product_cat?post=12655"},{"taxonomy":"product_tag","embeddable":true,"href":"https:\/\/impresiondigitalgranformato.es\/fr\/wp-json\/wp\/v2\/product_tag?post=12655"}],"curies":[{"name":"wp","href":"https:\/\/api.w.org\/{rel}","templated":true}]}}