{"id":12674,"date":"2020-05-23T18:30:15","date_gmt":"2020-05-23T16:30:15","guid":{"rendered":"http:\/\/impresiondigitalgranformato.es\/?post_type=product&#038;p=12674"},"modified":"2021-01-08T10:31:15","modified_gmt":"2021-01-08T09:31:15","slug":"mampara-protectora-portatil","status":"publish","type":"product","link":"https:\/\/impresiondigitalgranformato.es\/fr\/producto\/mampara-protectora-portatil\/","title":{"rendered":"Mampara protectora port\u00e1til"},"content":{"rendered":"<p><strong><span style=\"color: #008000;\">Mampara protectora port\u00e1til para evitar contagios<\/span><\/strong><\/p>\n<p>Montaje y desmontaje en menos de 1 minuto. (vea v\u00eddeo de montaje)<\/p>\n<p><strong>Lamina<\/strong>\u00a0fabricada en pvc vivo de baja contracci\u00f3n incolora y sin aditivos.\u00a0<strong>No se ara\u00f1a con facilidad\u00a0<\/strong>lamina incolora de la m\u00e1s alta calidad. Despu\u00e9s de varias pruebas con diferentes materiales como el glasspack, pet, e incluso en metacrilato hemos detectado que se ara\u00f1an con relativa facilidad y van perdiendo su estado incoloro.<\/p>\n<h4><strong>Con este material no ocurre.<\/strong><\/h4>\n<p>El material que utilizamos est\u00e1 pensado para exterior para aguantar las inclemencias del tiempo, sol, fr\u00edo, lluvias \u2026 al utilizarlo en un roll up que su funci\u00f3n es para interior tendr\u00e1 usted una mampara protectora port\u00e1til para mucho tiempo.<\/p>\n<p>Les<strong>\u00a0estructura<\/strong>\u00a0del roll up transparente esta fabricada con\u00a0<strong>aluminio\u00a0<\/strong>y dispones de dos calidades la est\u00e1ndar y la premium.<\/p>\n<p><strong>Calidad EST\u00c1NDAR:\u00a0<\/strong>Estructura de aluminio, lamina incolora de alta calidad y bolsa de transporte en nyl\u00f3n.<\/p>\n<p>Este modelo es optimo para separaci\u00f3n de mesas, recepci\u00f3n de personas en la entrada el local, separaci\u00f3n de puestos de trabajo\u2026 Siempre teniendo en cuenta que este roll up o mampara protectora se puede montar y desmontar en un minuto\u00a0<strong>cuantas veces sean necesarias<\/strong>, ademas de poderlo transportar con facilidad incluso montado dentro del mismo local.<\/p>\n<p><strong>Calidad PREMIUM:\u00a0<\/strong>Estructura de aluminio\u00a0<strong>mas fuerte<\/strong>, lamina incolora de alta calidad, palastro o estabilizador en la parte inferior de la estructura para una mejor estabilidad y bolsa de transporte en nyl\u00f3n\u00a0<strong>acolchada.\u00a0<\/strong><\/p>\n<p>Este modelo ademas de poderse utilizar para todo lo que se puede realizar con el est\u00e1ndar. Esta pensado para llevarlo de un lado para otro de ah\u00ed que tenga un estructura mas fuerte y la bolsa de transporte acolchada.\u00a0<strong>Montarlo y desmontarlo cuantas veces sean necesaria<\/strong> (en un minuto). Ideal para agentes comerciales, visitadores, vendedores en puntos de venta (centros comerciales), profesores, reuniones, convenciones \u2026<\/p>\n<p>&nbsp;<\/p>\n<p><strong>Disponemos de varios tama\u00f1os.<\/strong><\/p>\n<p>Anchos 60, 85, 100 y 120 cm. La utilizaci\u00f3n de cada uno depender\u00e1 de la funci\u00f3n que vaya a realizar con el.<\/p>\n<p>La altura siempre es de 105 cm.<\/p>\n<p><span style=\"color: #ff0000;\">RABAIS DE QUANTIT\u00c9 ! !!\u00a0<\/span><strong>(voir tableau des prix)<\/strong><\/p>\n<h4><span style=\"color: #800000;\"><strong>ENV\u00cdO ESPECIAL EN 48 HORAS<\/strong><\/span><\/h4>\n<p>(solo para productos relacionados con la lucha contra el coronavirus)<\/p>\n<p>Tambi\u00e9n tiene la posibilidad de env\u00edo gratis desde la 1\u00aa unid.<\/p>\n<p>Posibilidad de entrega en 24 horas<\/p>\n<h4><a href=\"https:\/\/impresiondigitalgranformato.es\/fr\/categorie-produit\/carteles-coronavirus\/\" xlink=\"href\">VEA MAS PRODUCTOS RELACIONADOS CON LA LUCHA CONTRA EL CORONAVIRUS<\/a><\/h4>\n<p><a target=\"_blank\" href=\"https:\/\/www.libremercado.com\/2020-04-24\/coronavirus-mamparas-protectoras--1276656465\/\" xlink=\"href\" rel=\"noopener noreferrer\">LAS MAMPARAS PROTECTORAS AYUDARAN A SALVAR MUCHOS NEGOCIOS<\/a><\/p>","protected":false},"excerpt":{"rendered":"<h4><span style=\"color: #008000;\">Mampara protectora port\u00e1til para evitar contagios<\/span><\/h4>\n<p>Montaje y desmontaje en menos de 1 minuto. <a target=\"_blank\" href=\"https:\/\/youtu.be\/EN4xHQ7m_d8\" xlink=\"href\" rel=\"noopener noreferrer\">(vea el v\u00eddeo)<\/a><\/p>\n<p><strong>Lamina<\/strong>\u00a0fabricada en pvc vivo de baja contracci\u00f3n incolora y sin aditivos.\u00a0<strong>No se ara\u00f1a con facilidad\u00a0<\/strong>lamina incolora de la m\u00e1s alta calidad<\/p>\n<p>Les<strong>\u00a0estructura<\/strong>\u00a0del roll up esta fabricada con\u00a0<strong>aluminio\u00a0<\/strong>y dispones de dos calidades la est\u00e1ndar y la premium<\/p>\n<h4><span style=\"color: #800000;\"><strong>ENV\u00cdO ESPECIAL EN 48 HORAS<\/strong><\/span><\/h4>\n<p>(solo para productos relacionados con la lucha contra el coronavirus)<\/p>\n<p>Tambi\u00e9n tiene la posibilidad de env\u00edo gratis desde la 1\u00aa unid.<\/p>\n<p>Posibilidad de entrega en 24 horas<\/p>\n<p><span style=\"color: #ff0000;\">RABAIS DE QUANTIT\u00c9 ! !!<\/span>\u00a0<strong>(voir tableau des prix)<\/strong><\/p>\n<h4><span style=\"color: #000080;\">VARIOS TAMA\u00d1OS PARA ELEGIR<\/span><\/h4>\n<p><a href=\"https:\/\/impresiondigitalgranformato.es\/fr\/mamparas-protectoras\/\" xlink=\"href\"><img loading=\"lazy\" decoding=\"async\" class=\"aligncenter size-medium wp-image-12523\" src=\"https:\/\/impresiondigitalgranformato.es\/wp-content\/uploads\/2020\/03\/productos-impresion-digital-gran-formato-600x36.png\" alt=\"productos impresion digital gran formato\" width=\"600\" height=\"36\" srcset=\"https:\/\/i0.wp.com\/impresiondigitalgranformato.es\/wp-content\/uploads\/2020\/03\/productos-impresion-digital-gran-formato.png?resize=600%2C36&amp;ssl=1 600w, https:\/\/i0.wp.com\/impresiondigitalgranformato.es\/wp-content\/uploads\/2020\/03\/productos-impresion-digital-gran-formato.png?resize=100%2C6&amp;ssl=1 100w, https:\/\/i0.wp.com\/impresiondigitalgranformato.es\/wp-content\/uploads\/2020\/03\/productos-impresion-digital-gran-formato.png?resize=150%2C9&amp;ssl=1 150w, https:\/\/i0.wp.com\/impresiondigitalgranformato.es\/wp-content\/uploads\/2020\/03\/productos-impresion-digital-gran-formato.png?resize=200%2C12&amp;ssl=1 200w, https:\/\/i0.wp.com\/impresiondigitalgranformato.es\/wp-content\/uploads\/2020\/03\/productos-impresion-digital-gran-formato.png?resize=300%2C18&amp;ssl=1 300w, https:\/\/i0.wp.com\/impresiondigitalgranformato.es\/wp-content\/uploads\/2020\/03\/productos-impresion-digital-gran-formato.png?resize=450%2C27&amp;ssl=1 450w, https:\/\/i0.wp.com\/impresiondigitalgranformato.es\/wp-content\/uploads\/2020\/03\/productos-impresion-digital-gran-formato.png?w=621&amp;ssl=1 621w\" sizes=\"auto, (max-width: 600px) 100vw, 600px\" \/><\/a><\/p>","protected":false},"featured_media":12664,"comment_status":"open","ping_status":"closed","template":"","meta":[],"product_brand":[],"product_cat":[92,24],"product_tag":[],"class_list":{"0":"post-12674","1":"product","2":"type-product","3":"status-publish","4":"has-post-thumbnail","6":"product_cat-mamparas-protectoras","7":"product_cat-roll-up-baratos","9":"first","10":"instock","11":"taxable","12":"shipping-taxable","13":"purchasable","14":"product-type-simple"},"yoast_head":"<!-- This site is optimized with the Yoast SEO plugin v27.3 - https:\/\/yoast.com\/product\/yoast-seo-wordpress\/ -->\n<title>Mampara protectora port\u00e1til - Los + baratos - Entrega en 48 horas<\/title>\n<meta name=\"description\" content=\"Mampara protectora Port\u00e1til con entrega en 48 horas. Realizada en material transparente de la mas alta calidad. Montaje y desmontaje en 1 minuto.\" \/>\n<meta name=\"robots\" content=\"index, follow, max-snippet:-1, max-image-preview:large, max-video-preview:-1\" \/>\n<link rel=\"canonical\" href=\"https:\/\/impresiondigitalgranformato.es\/fr\/produit\/mampara-protectora-portatil\/\" \/>\n<meta property=\"og:locale\" content=\"fr_FR\" \/>\n<meta property=\"og:type\" content=\"article\" \/>\n<meta property=\"og:title\" content=\"Mampara protectora port\u00e1til - Los + baratos - Entrega en 48 horas\" \/>\n<meta property=\"og:description\" content=\"Mampara protectora Port\u00e1til con entrega en 48 horas. Realizada en material transparente de la mas alta calidad. Montaje y desmontaje en 1 minuto.\" \/>\n<meta property=\"og:url\" content=\"https:\/\/impresiondigitalgranformato.es\/fr\/produit\/mampara-protectora-portatil\/\" \/>\n<meta property=\"og:site_name\" content=\"Los + baratos\" \/>\n<meta property=\"article:modified_time\" content=\"2021-01-08T09:31:15+00:00\" \/>\n<meta property=\"og:image\" content=\"https:\/\/i1.wp.com\/impresiondigitalgranformato.es\/wp-content\/uploads\/2020\/05\/mampara-portatil-sobremesa.jpg?fit=945%2C945&ssl=1\" \/>\n\t<meta property=\"og:image:width\" content=\"945\" \/>\n\t<meta property=\"og:image:height\" content=\"945\" \/>\n\t<meta property=\"og:image:type\" content=\"image\/jpeg\" \/>\n<meta name=\"twitter:card\" content=\"summary_large_image\" \/>\n<meta name=\"twitter:label1\" content=\"Dur\u00e9e de lecture estim\u00e9e\" \/>\n\t<meta name=\"twitter:data1\" content=\"2 minutes\" \/>\n<script type=\"application\/ld+json\" class=\"yoast-schema-graph\">{\"@context\":\"https:\\\/\\\/schema.org\",\"@graph\":[{\"@type\":\"WebPage\",\"@id\":\"https:\\\/\\\/impresiondigitalgranformato.es\\\/producto\\\/mampara-protectora-portatil\\\/\",\"url\":\"https:\\\/\\\/impresiondigitalgranformato.es\\\/producto\\\/mampara-protectora-portatil\\\/\",\"name\":\"Mampara protectora port\u00e1til - Los + baratos - Entrega en 48 horas\",\"isPartOf\":{\"@id\":\"https:\\\/\\\/impresiondigitalgranformato.es\\\/#website\"},\"primaryImageOfPage\":{\"@id\":\"https:\\\/\\\/impresiondigitalgranformato.es\\\/producto\\\/mampara-protectora-portatil\\\/#primaryimage\"},\"image\":{\"@id\":\"https:\\\/\\\/impresiondigitalgranformato.es\\\/producto\\\/mampara-protectora-portatil\\\/#primaryimage\"},\"thumbnailUrl\":\"https:\\\/\\\/i0.wp.com\\\/impresiondigitalgranformato.es\\\/wp-content\\\/uploads\\\/2020\\\/05\\\/mampara-portatil-sobremesa.jpg?fit=945%2C945&ssl=1\",\"datePublished\":\"2020-05-23T16:30:15+00:00\",\"dateModified\":\"2021-01-08T09:31:15+00:00\",\"description\":\"Mampara protectora Port\u00e1til con entrega en 48 horas. Realizada en material transparente de la mas alta calidad. Montaje y desmontaje en 1 minuto.\",\"breadcrumb\":{\"@id\":\"https:\\\/\\\/impresiondigitalgranformato.es\\\/producto\\\/mampara-protectora-portatil\\\/#breadcrumb\"},\"inLanguage\":\"fr-FR\",\"potentialAction\":[{\"@type\":\"ReadAction\",\"target\":[\"https:\\\/\\\/impresiondigitalgranformato.es\\\/producto\\\/mampara-protectora-portatil\\\/\"]}]},{\"@type\":\"ImageObject\",\"inLanguage\":\"fr-FR\",\"@id\":\"https:\\\/\\\/impresiondigitalgranformato.es\\\/producto\\\/mampara-protectora-portatil\\\/#primaryimage\",\"url\":\"https:\\\/\\\/i0.wp.com\\\/impresiondigitalgranformato.es\\\/wp-content\\\/uploads\\\/2020\\\/05\\\/mampara-portatil-sobremesa.jpg?fit=945%2C945&ssl=1\",\"contentUrl\":\"https:\\\/\\\/i0.wp.com\\\/impresiondigitalgranformato.es\\\/wp-content\\\/uploads\\\/2020\\\/05\\\/mampara-portatil-sobremesa.jpg?fit=945%2C945&ssl=1\",\"width\":945,\"height\":945,\"caption\":\"mampara protectora port\u00e1til\"},{\"@type\":\"BreadcrumbList\",\"@id\":\"https:\\\/\\\/impresiondigitalgranformato.es\\\/producto\\\/mampara-protectora-portatil\\\/#breadcrumb\",\"itemListElement\":[{\"@type\":\"ListItem\",\"position\":1,\"name\":\"Portada\",\"item\":\"https:\\\/\\\/impresiondigitalgranformato.es\\\/\"},{\"@type\":\"ListItem\",\"position\":2,\"name\":\"Productos\",\"item\":\"https:\\\/\\\/impresiondigitalgranformato.es\\\/venta-roll-up-banner\\\/\"},{\"@type\":\"ListItem\",\"position\":3,\"name\":\"Mampara protectora port\u00e1til\"}]},{\"@type\":\"WebSite\",\"@id\":\"https:\\\/\\\/impresiondigitalgranformato.es\\\/#website\",\"url\":\"https:\\\/\\\/impresiondigitalgranformato.es\\\/\",\"name\":\"Los + baratos\",\"description\":\"impresi\u00f3n digital gran formato venta de roll up, banner, banderas, lonas, carteles, displays, publicidad\",\"publisher\":{\"@id\":\"https:\\\/\\\/impresiondigitalgranformato.es\\\/#organization\"},\"potentialAction\":[{\"@type\":\"SearchAction\",\"target\":{\"@type\":\"EntryPoint\",\"urlTemplate\":\"https:\\\/\\\/impresiondigitalgranformato.es\\\/?s={search_term_string}\"},\"query-input\":{\"@type\":\"PropertyValueSpecification\",\"valueRequired\":true,\"valueName\":\"search_term_string\"}}],\"inLanguage\":\"fr-FR\"},{\"@type\":\"Organization\",\"@id\":\"https:\\\/\\\/impresiondigitalgranformato.es\\\/#organization\",\"name\":\"Los + baratos\",\"url\":\"https:\\\/\\\/impresiondigitalgranformato.es\\\/\",\"logo\":{\"@type\":\"ImageObject\",\"inLanguage\":\"fr-FR\",\"@id\":\"https:\\\/\\\/impresiondigitalgranformato.es\\\/#\\\/schema\\\/logo\\\/image\\\/\",\"url\":\"https:\\\/\\\/i0.wp.com\\\/impresiondigitalgranformato.es\\\/wp-content\\\/uploads\\\/2016\\\/12\\\/cropped-logotipo-2-e1483373659766.png?fit=500%2C101&ssl=1\",\"contentUrl\":\"https:\\\/\\\/i0.wp.com\\\/impresiondigitalgranformato.es\\\/wp-content\\\/uploads\\\/2016\\\/12\\\/cropped-logotipo-2-e1483373659766.png?fit=500%2C101&ssl=1\",\"width\":500,\"height\":101,\"caption\":\"Los + baratos\"},\"image\":{\"@id\":\"https:\\\/\\\/impresiondigitalgranformato.es\\\/#\\\/schema\\\/logo\\\/image\\\/\"}}]}<\/script>\n<!-- \/ Yoast SEO plugin. -->","yoast_head_json":{"title":"Mampara protectora port\u00e1til - Los + baratos - Entrega en 48 horas","description":"Mampara protectora Port\u00e1til con entrega en 48 horas. Realizada en material transparente de la mas alta calidad. Montaje y desmontaje en 1 minuto.","robots":{"index":"index","follow":"follow","max-snippet":"max-snippet:-1","max-image-preview":"max-image-preview:large","max-video-preview":"max-video-preview:-1"},"canonical":"https:\/\/impresiondigitalgranformato.es\/fr\/produit\/mampara-protectora-portatil\/","og_locale":"fr_FR","og_type":"article","og_title":"Mampara protectora port\u00e1til - Los + baratos - Entrega en 48 horas","og_description":"Mampara protectora Port\u00e1til con entrega en 48 horas. Realizada en material transparente de la mas alta calidad. Montaje y desmontaje en 1 minuto.","og_url":"https:\/\/impresiondigitalgranformato.es\/fr\/produit\/mampara-protectora-portatil\/","og_site_name":"Los + baratos","article_modified_time":"2021-01-08T09:31:15+00:00","og_image":[{"width":945,"height":945,"url":"https:\/\/i1.wp.com\/impresiondigitalgranformato.es\/wp-content\/uploads\/2020\/05\/mampara-portatil-sobremesa.jpg?fit=945%2C945&ssl=1","type":"image\/jpeg"}],"twitter_card":"summary_large_image","twitter_misc":{"Dur\u00e9e de lecture estim\u00e9e":"2 minutes"},"schema":{"@context":"https:\/\/schema.org","@graph":[{"@type":"WebPage","@id":"https:\/\/impresiondigitalgranformato.es\/producto\/mampara-protectora-portatil\/","url":"https:\/\/impresiondigitalgranformato.es\/producto\/mampara-protectora-portatil\/","name":"Mampara protectora port\u00e1til - Los + baratos - Entrega en 48 horas","isPartOf":{"@id":"https:\/\/impresiondigitalgranformato.es\/#website"},"primaryImageOfPage":{"@id":"https:\/\/impresiondigitalgranformato.es\/producto\/mampara-protectora-portatil\/#primaryimage"},"image":{"@id":"https:\/\/impresiondigitalgranformato.es\/producto\/mampara-protectora-portatil\/#primaryimage"},"thumbnailUrl":"https:\/\/i0.wp.com\/impresiondigitalgranformato.es\/wp-content\/uploads\/2020\/05\/mampara-portatil-sobremesa.jpg?fit=945%2C945&ssl=1","datePublished":"2020-05-23T16:30:15+00:00","dateModified":"2021-01-08T09:31:15+00:00","description":"Mampara protectora Port\u00e1til con entrega en 48 horas. Realizada en material transparente de la mas alta calidad. Montaje y desmontaje en 1 minuto.","breadcrumb":{"@id":"https:\/\/impresiondigitalgranformato.es\/producto\/mampara-protectora-portatil\/#breadcrumb"},"inLanguage":"fr-FR","potentialAction":[{"@type":"ReadAction","target":["https:\/\/impresiondigitalgranformato.es\/producto\/mampara-protectora-portatil\/"]}]},{"@type":"ImageObject","inLanguage":"fr-FR","@id":"https:\/\/impresiondigitalgranformato.es\/producto\/mampara-protectora-portatil\/#primaryimage","url":"https:\/\/i0.wp.com\/impresiondigitalgranformato.es\/wp-content\/uploads\/2020\/05\/mampara-portatil-sobremesa.jpg?fit=945%2C945&ssl=1","contentUrl":"https:\/\/i0.wp.com\/impresiondigitalgranformato.es\/wp-content\/uploads\/2020\/05\/mampara-portatil-sobremesa.jpg?fit=945%2C945&ssl=1","width":945,"height":945,"caption":"mampara protectora port\u00e1til"},{"@type":"BreadcrumbList","@id":"https:\/\/impresiondigitalgranformato.es\/producto\/mampara-protectora-portatil\/#breadcrumb","itemListElement":[{"@type":"ListItem","position":1,"name":"Portada","item":"https:\/\/impresiondigitalgranformato.es\/"},{"@type":"ListItem","position":2,"name":"Productos","item":"https:\/\/impresiondigitalgranformato.es\/venta-roll-up-banner\/"},{"@type":"ListItem","position":3,"name":"Mampara protectora port\u00e1til"}]},{"@type":"WebSite","@id":"https:\/\/impresiondigitalgranformato.es\/#website","url":"https:\/\/impresiondigitalgranformato.es\/","name":"Les moins chers","description":"impression num\u00e9rique grand format vente de roll up, banni\u00e8res, drapeaux, banderoles, b\u00e2ches, affiches, pr\u00e9sentoirs, publicit\u00e9s","publisher":{"@id":"https:\/\/impresiondigitalgranformato.es\/#organization"},"potentialAction":[{"@type":"SearchAction","target":{"@type":"EntryPoint","urlTemplate":"https:\/\/impresiondigitalgranformato.es\/?s={search_term_string}"},"query-input":{"@type":"PropertyValueSpecification","valueRequired":true,"valueName":"search_term_string"}}],"inLanguage":"fr-FR"},{"@type":"Organization","@id":"https:\/\/impresiondigitalgranformato.es\/#organization","name":"Les moins chers","url":"https:\/\/impresiondigitalgranformato.es\/","logo":{"@type":"ImageObject","inLanguage":"fr-FR","@id":"https:\/\/impresiondigitalgranformato.es\/#\/schema\/logo\/image\/","url":"https:\/\/i0.wp.com\/impresiondigitalgranformato.es\/wp-content\/uploads\/2016\/12\/cropped-logotipo-2-e1483373659766.png?fit=500%2C101&ssl=1","contentUrl":"https:\/\/i0.wp.com\/impresiondigitalgranformato.es\/wp-content\/uploads\/2016\/12\/cropped-logotipo-2-e1483373659766.png?fit=500%2C101&ssl=1","width":500,"height":101,"caption":"Los + baratos"},"image":{"@id":"https:\/\/impresiondigitalgranformato.es\/#\/schema\/logo\/image\/"}}]}},"jetpack_sharing_enabled":true,"_links":{"self":[{"href":"https:\/\/impresiondigitalgranformato.es\/fr\/wp-json\/wp\/v2\/product\/12674","targetHints":{"allow":["GET"]}}],"collection":[{"href":"https:\/\/impresiondigitalgranformato.es\/fr\/wp-json\/wp\/v2\/product"}],"about":[{"href":"https:\/\/impresiondigitalgranformato.es\/fr\/wp-json\/wp\/v2\/types\/product"}],"replies":[{"embeddable":true,"href":"https:\/\/impresiondigitalgranformato.es\/fr\/wp-json\/wp\/v2\/comments?post=12674"}],"wp:featuredmedia":[{"embeddable":true,"href":"https:\/\/impresiondigitalgranformato.es\/fr\/wp-json\/wp\/v2\/media\/12664"}],"wp:attachment":[{"href":"https:\/\/impresiondigitalgranformato.es\/fr\/wp-json\/wp\/v2\/media?parent=12674"}],"wp:term":[{"taxonomy":"product_brand","embeddable":true,"href":"https:\/\/impresiondigitalgranformato.es\/fr\/wp-json\/wp\/v2\/product_brand?post=12674"},{"taxonomy":"product_cat","embeddable":true,"href":"https:\/\/impresiondigitalgranformato.es\/fr\/wp-json\/wp\/v2\/product_cat?post=12674"},{"taxonomy":"product_tag","embeddable":true,"href":"https:\/\/impresiondigitalgranformato.es\/fr\/wp-json\/wp\/v2\/product_tag?post=12674"}],"curies":[{"name":"wp","href":"https:\/\/api.w.org\/{rel}","templated":true}]}}