{"id":12695,"date":"2020-05-28T17:23:42","date_gmt":"2020-05-28T15:23:42","guid":{"rendered":"http:\/\/impresiondigitalgranformato.es\/?post_type=product&#038;p=12695"},"modified":"2021-01-08T10:36:36","modified_gmt":"2021-01-08T09:36:36","slug":"mamparas-protectoras-ofertas","status":"publish","type":"product","link":"https:\/\/impresiondigitalgranformato.es\/fr\/producto\/mamparas-protectoras-ofertas\/","title":{"rendered":"Mamparas protectoras OFERTAS"},"content":{"rendered":"<p><span style=\"color: #ff0000;\"><strong>MAMPARAS PROTECTORAS OFERTAS<\/strong><\/span><\/p>\n<p><span style=\"color: #008000;\">Mampara colgante, evite contagios innecesarios tanto de empleados como de sus clientes.<\/span><\/p>\n<p><strong>Trabaje con menor riesgo por un coste reducido.<\/strong><\/p>\n<p><strong>Montaje r\u00e1pido y sencillo.<\/strong>\u00a0Vea nuestro v\u00eddeo<\/p>\n<p><strong>La mampara protectora contiene<\/strong>: Lamina\u00a0fabricada en pvc vivo de baja contracci\u00f3n incolora y sin aditivos.\u00a0<strong>No se ara\u00f1a con facilidad\u00a0<\/strong>lamina incolora de la m\u00e1s alta calidad. con un ancho de hasta 3 m. Barra superior e inferior en aluminio y si lo necesita le proporcionamos los enganches al techo y las barras \u00f3 cables de sujeci\u00f3n de acero, ademas de los tensores inferiores.<\/p>\n<p>El protector colgante es muy f\u00e1cil de montar.\u00a0<strong>Vea nuestro v\u00eddeo de montaje<\/strong>, solo tendr\u00e1 que fijar los anclajes al techo o falso techo y colgar la estructura.<\/p>\n<p>La lamina de la mampara colgante es de pvc vivo de baja contracci\u00f3n incolora y sin aditivos. <strong>No se ara\u00f1a con facilidad\u00a0<\/strong>lamina incolora de la m\u00e1s alta calidad que es un material muy resistente y si tiene que cambiar la lamina el material es bastante econ\u00f3mico.<\/p>\n<p>En las <strong>mamparas protectoras con ofertas<\/strong>, se van modificando tama\u00f1os y cantidades pr\u00e1cticamente todos los d\u00edas. Dependiendo de la venta de y la producci\u00f3n de ciertos tama\u00f1os. Si alguna le interesa no espere a ma\u00f1ana, quiz\u00e1s no este.<\/p>\n<p>Tenemos un servicio especial de entrega en 48 horas para pen\u00ednsula por un coste muy reducido (7\u20ac+ iva) solo para productos relacionados en la lucha por la NO propagaci\u00f3n de virus covid-19.<\/p>\n<p>En el caso que este no sea el modelo que necesita o quiera ver mas opciones visite nuestra\u00a0<a href=\"https:\/\/impresiondigitalgranformato.es\/fr\/categorie-produit\/carteles-coronavirus\/\" xlink=\"href\">secci\u00f3n de art\u00edculos<\/a>\u00a0para la NO propagaci\u00f3n del coronavirus. Donde encontrara mas modelos de mamparas anti-contagios y carteles de prevenci\u00f3n contra los contagios ademas de\u00a0<strong>adhesivos para el suelo<\/strong>\u00a0de respete la distancia.<\/p>\n<p><a target=\"_blank\" href=\"https:\/\/www.libremercado.com\/2020-04-24\/coronavirus-mamparas-protectoras--1276656465\/\" xlink=\"href\" rel=\"noopener noreferrer\">LAS MAMPARAS PROTECTORAS AYUDARAN A SALVAR MUCHOS NEGOCIOS<\/a><\/p>\n<h4><span style=\"color: #800000;\"><strong>ENV\u00cdO ESPECIAL EN 48 HORAS<\/strong><\/span><\/h4>\n<p>(solo para productos relacionados con la lucha contra el coronavirus)<\/p>\n<p data-pbs-phone-margin-bottom=\"18px\"><span style=\"color: #000080;\"><strong>Ademas diferentes clases de env\u00edo:<\/strong><\/span><\/p>\n<p data-pbs-phone-margin-bottom=\"18px\"><strong>*<\/strong>\u00a0desde la 1\u00aa unid en 8 d\u00edas laborales.<\/p>\n<p data-pbs-phone-margin-bottom=\"18px\"><strong>Env\u00edo en 4 d\u00edas laborales<\/strong>\u00a0con coste (seg\u00fan pedido) o\u00a0<strong>GRATUITO<\/strong>\u00a0en 4 d\u00edas laborales a partir de 250 \u20ac de compra. *(sin contar el I.V.A.)<\/p>\n<p data-pbs-phone-margin-top=\"1px\"><strong>Production et livraison dans les 2 jours ouvrables<\/strong>: 6 \u20ac de incremento en el pedido.<\/p>\n<p data-pbs-phone-margin-top=\"1px\"><strong>Producci\u00f3n y entrega en 24 horas*<\/strong>: 9 \u20ac de incremento en el pedido (este servicio es solo valido para pedidos confirmado antes de las 11:30 horas del d\u00eda en curso.)<\/p>","protected":false},"excerpt":{"rendered":"<p><span style=\"color: #ff0000;\"><strong>OFERTAS mamparas protectoras<\/strong><\/span><\/p>\n<p>Tenemos sobre stock de ciertos tama\u00f1os y los <strong>VENDEMOS MAS BARATOS.<\/strong><\/p>\n<h3><span style=\"color: #0000ff;\"><strong>Contiene:<\/strong><\/span><\/h3>\n<p>Lamina de pvc vivo de baja contracci\u00f3n incolora y sin aditivos.\u00a0<strong>No se ara\u00f1a con facilidad\u00a0<\/strong>lamina incolora de la m\u00e1s alta calidad al tama\u00f1o deseado, barra superior e inferior en aluminio y si lo necesita enganches a techo y barras o cables de sujeci\u00f3n de acero ademas de los tensores inferiores.<\/p>\n<p><strong>Montaje r\u00e1pido y sencillo.<\/strong>\u00a0<a target=\"_blank\" href=\"https:\/\/youtu.be\/QWPwNZJg-XA\" xlink=\"href\" rel=\"noopener noreferrer\">Vea nuestro v\u00eddeo<\/a><\/p>\n<h4><span style=\"color: #800000;\"><strong>ENV\u00cdO ESPECIAL EN 48 HORAS<\/strong><\/span><\/h4>\n<p>(solo para productos relacionados con la lucha contra el coronavirus)<\/p>\n<p><a href=\"https:\/\/impresiondigitalgranformato.es\/fr\/mamparas-protectoras\/\" xlink=\"href\"><img loading=\"lazy\" decoding=\"async\" class=\"aligncenter size-medium wp-image-12523\" src=\"https:\/\/impresiondigitalgranformato.es\/wp-content\/uploads\/2020\/03\/productos-impresion-digital-gran-formato-600x36.png\" alt=\"productos impresion digital gran formato\" width=\"600\" height=\"36\" srcset=\"https:\/\/i0.wp.com\/impresiondigitalgranformato.es\/wp-content\/uploads\/2020\/03\/productos-impresion-digital-gran-formato.png?resize=600%2C36&amp;ssl=1 600w, https:\/\/i0.wp.com\/impresiondigitalgranformato.es\/wp-content\/uploads\/2020\/03\/productos-impresion-digital-gran-formato.png?resize=100%2C6&amp;ssl=1 100w, https:\/\/i0.wp.com\/impresiondigitalgranformato.es\/wp-content\/uploads\/2020\/03\/productos-impresion-digital-gran-formato.png?resize=150%2C9&amp;ssl=1 150w, https:\/\/i0.wp.com\/impresiondigitalgranformato.es\/wp-content\/uploads\/2020\/03\/productos-impresion-digital-gran-formato.png?resize=200%2C12&amp;ssl=1 200w, https:\/\/i0.wp.com\/impresiondigitalgranformato.es\/wp-content\/uploads\/2020\/03\/productos-impresion-digital-gran-formato.png?resize=300%2C18&amp;ssl=1 300w, https:\/\/i0.wp.com\/impresiondigitalgranformato.es\/wp-content\/uploads\/2020\/03\/productos-impresion-digital-gran-formato.png?resize=450%2C27&amp;ssl=1 450w, https:\/\/i0.wp.com\/impresiondigitalgranformato.es\/wp-content\/uploads\/2020\/03\/productos-impresion-digital-gran-formato.png?w=621&amp;ssl=1 621w\" sizes=\"auto, (max-width: 600px) 100vw, 600px\" \/><\/a><\/p>\n<p>&nbsp;<\/p>","protected":false},"featured_media":12698,"comment_status":"open","ping_status":"closed","template":"","meta":[],"product_brand":[],"product_cat":[92,78],"product_tag":[],"class_list":{"0":"post-12695","1":"product","2":"type-product","3":"status-publish","4":"has-post-thumbnail","6":"product_cat-mamparas-protectoras","7":"product_cat-rollup-banner-photocall-carteles-lona-impresion-economicos","9":"first","10":"instock","11":"taxable","12":"shipping-taxable","13":"purchasable","14":"product-type-simple"},"yoast_head":"<!-- This site is optimized with the Yoast SEO plugin v27.3 - https:\/\/yoast.com\/product\/yoast-seo-wordpress\/ -->\n<title>Mamparas protectoras OFERTAS - Los + baratos - Entrega en 48 horas<\/title>\n<meta name=\"description\" content=\"Mamparas protectoras Ofertas, Realizadas en PVC vivo con perfil de aluminio superior e inferior. Entrega en 48 horas. Varios tama\u00f1os para elegir.\" \/>\n<meta name=\"robots\" content=\"index, follow, max-snippet:-1, max-image-preview:large, max-video-preview:-1\" \/>\n<link rel=\"canonical\" href=\"https:\/\/impresiondigitalgranformato.es\/fr\/produit\/mamparas-protectoras-ofertas\/\" \/>\n<meta property=\"og:locale\" content=\"fr_FR\" \/>\n<meta property=\"og:type\" content=\"article\" \/>\n<meta property=\"og:title\" content=\"Mamparas protectoras OFERTAS - Los + baratos - Entrega en 48 horas\" \/>\n<meta property=\"og:description\" content=\"Mamparas protectoras Ofertas, Realizadas en PVC vivo con perfil de aluminio superior e inferior. Entrega en 48 horas. Varios tama\u00f1os para elegir.\" \/>\n<meta property=\"og:url\" content=\"https:\/\/impresiondigitalgranformato.es\/fr\/produit\/mamparas-protectoras-ofertas\/\" \/>\n<meta property=\"og:site_name\" content=\"Los + baratos\" \/>\n<meta property=\"article:modified_time\" content=\"2021-01-08T09:36:36+00:00\" \/>\n<meta property=\"og:image\" content=\"https:\/\/i2.wp.com\/impresiondigitalgranformato.es\/wp-content\/uploads\/2020\/05\/mamparas-protectoras-ofertas.png?fit=631%2C631&ssl=1\" \/>\n\t<meta property=\"og:image:width\" content=\"631\" \/>\n\t<meta property=\"og:image:height\" content=\"631\" \/>\n\t<meta property=\"og:image:type\" content=\"image\/png\" \/>\n<meta name=\"twitter:card\" content=\"summary_large_image\" \/>\n<meta name=\"twitter:label1\" content=\"Dur\u00e9e de lecture estim\u00e9e\" \/>\n\t<meta name=\"twitter:data1\" content=\"2 minutes\" \/>\n<script type=\"application\/ld+json\" class=\"yoast-schema-graph\">{\"@context\":\"https:\\\/\\\/schema.org\",\"@graph\":[{\"@type\":\"WebPage\",\"@id\":\"https:\\\/\\\/impresiondigitalgranformato.es\\\/producto\\\/mamparas-protectoras-ofertas\\\/\",\"url\":\"https:\\\/\\\/impresiondigitalgranformato.es\\\/producto\\\/mamparas-protectoras-ofertas\\\/\",\"name\":\"Mamparas protectoras OFERTAS - Los + baratos - Entrega en 48 horas\",\"isPartOf\":{\"@id\":\"https:\\\/\\\/impresiondigitalgranformato.es\\\/#website\"},\"primaryImageOfPage\":{\"@id\":\"https:\\\/\\\/impresiondigitalgranformato.es\\\/producto\\\/mamparas-protectoras-ofertas\\\/#primaryimage\"},\"image\":{\"@id\":\"https:\\\/\\\/impresiondigitalgranformato.es\\\/producto\\\/mamparas-protectoras-ofertas\\\/#primaryimage\"},\"thumbnailUrl\":\"https:\\\/\\\/i0.wp.com\\\/impresiondigitalgranformato.es\\\/wp-content\\\/uploads\\\/2020\\\/05\\\/mamparas-protectoras-ofertas.png?fit=631%2C631&ssl=1\",\"datePublished\":\"2020-05-28T15:23:42+00:00\",\"dateModified\":\"2021-01-08T09:36:36+00:00\",\"description\":\"Mamparas protectoras Ofertas, Realizadas en PVC vivo con perfil de aluminio superior e inferior. Entrega en 48 horas. Varios tama\u00f1os para elegir.\",\"breadcrumb\":{\"@id\":\"https:\\\/\\\/impresiondigitalgranformato.es\\\/producto\\\/mamparas-protectoras-ofertas\\\/#breadcrumb\"},\"inLanguage\":\"fr-FR\",\"potentialAction\":[{\"@type\":\"ReadAction\",\"target\":[\"https:\\\/\\\/impresiondigitalgranformato.es\\\/producto\\\/mamparas-protectoras-ofertas\\\/\"]}]},{\"@type\":\"ImageObject\",\"inLanguage\":\"fr-FR\",\"@id\":\"https:\\\/\\\/impresiondigitalgranformato.es\\\/producto\\\/mamparas-protectoras-ofertas\\\/#primaryimage\",\"url\":\"https:\\\/\\\/i0.wp.com\\\/impresiondigitalgranformato.es\\\/wp-content\\\/uploads\\\/2020\\\/05\\\/mamparas-protectoras-ofertas.png?fit=631%2C631&ssl=1\",\"contentUrl\":\"https:\\\/\\\/i0.wp.com\\\/impresiondigitalgranformato.es\\\/wp-content\\\/uploads\\\/2020\\\/05\\\/mamparas-protectoras-ofertas.png?fit=631%2C631&ssl=1\",\"width\":631,\"height\":631,\"caption\":\"mamparas protectoras ofertas\"},{\"@type\":\"BreadcrumbList\",\"@id\":\"https:\\\/\\\/impresiondigitalgranformato.es\\\/producto\\\/mamparas-protectoras-ofertas\\\/#breadcrumb\",\"itemListElement\":[{\"@type\":\"ListItem\",\"position\":1,\"name\":\"Portada\",\"item\":\"https:\\\/\\\/impresiondigitalgranformato.es\\\/\"},{\"@type\":\"ListItem\",\"position\":2,\"name\":\"Productos\",\"item\":\"https:\\\/\\\/impresiondigitalgranformato.es\\\/venta-roll-up-banner\\\/\"},{\"@type\":\"ListItem\",\"position\":3,\"name\":\"Mamparas protectoras OFERTAS\"}]},{\"@type\":\"WebSite\",\"@id\":\"https:\\\/\\\/impresiondigitalgranformato.es\\\/#website\",\"url\":\"https:\\\/\\\/impresiondigitalgranformato.es\\\/\",\"name\":\"Los + baratos\",\"description\":\"impresi\u00f3n digital gran formato venta de roll up, banner, banderas, lonas, carteles, displays, publicidad\",\"publisher\":{\"@id\":\"https:\\\/\\\/impresiondigitalgranformato.es\\\/#organization\"},\"potentialAction\":[{\"@type\":\"SearchAction\",\"target\":{\"@type\":\"EntryPoint\",\"urlTemplate\":\"https:\\\/\\\/impresiondigitalgranformato.es\\\/?s={search_term_string}\"},\"query-input\":{\"@type\":\"PropertyValueSpecification\",\"valueRequired\":true,\"valueName\":\"search_term_string\"}}],\"inLanguage\":\"fr-FR\"},{\"@type\":\"Organization\",\"@id\":\"https:\\\/\\\/impresiondigitalgranformato.es\\\/#organization\",\"name\":\"Los + baratos\",\"url\":\"https:\\\/\\\/impresiondigitalgranformato.es\\\/\",\"logo\":{\"@type\":\"ImageObject\",\"inLanguage\":\"fr-FR\",\"@id\":\"https:\\\/\\\/impresiondigitalgranformato.es\\\/#\\\/schema\\\/logo\\\/image\\\/\",\"url\":\"https:\\\/\\\/i0.wp.com\\\/impresiondigitalgranformato.es\\\/wp-content\\\/uploads\\\/2016\\\/12\\\/cropped-logotipo-2-e1483373659766.png?fit=500%2C101&ssl=1\",\"contentUrl\":\"https:\\\/\\\/i0.wp.com\\\/impresiondigitalgranformato.es\\\/wp-content\\\/uploads\\\/2016\\\/12\\\/cropped-logotipo-2-e1483373659766.png?fit=500%2C101&ssl=1\",\"width\":500,\"height\":101,\"caption\":\"Los + baratos\"},\"image\":{\"@id\":\"https:\\\/\\\/impresiondigitalgranformato.es\\\/#\\\/schema\\\/logo\\\/image\\\/\"}}]}<\/script>\n<!-- \/ Yoast SEO plugin. -->","yoast_head_json":{"title":"Mamparas protectoras OFERTAS - Los + baratos - Entrega en 48 horas","description":"Mamparas protectoras Ofertas, Realizadas en PVC vivo con perfil de aluminio superior e inferior. Entrega en 48 horas. Varios tama\u00f1os para elegir.","robots":{"index":"index","follow":"follow","max-snippet":"max-snippet:-1","max-image-preview":"max-image-preview:large","max-video-preview":"max-video-preview:-1"},"canonical":"https:\/\/impresiondigitalgranformato.es\/fr\/produit\/mamparas-protectoras-ofertas\/","og_locale":"fr_FR","og_type":"article","og_title":"Mamparas protectoras OFERTAS - Los + baratos - Entrega en 48 horas","og_description":"Mamparas protectoras Ofertas, Realizadas en PVC vivo con perfil de aluminio superior e inferior. Entrega en 48 horas. Varios tama\u00f1os para elegir.","og_url":"https:\/\/impresiondigitalgranformato.es\/fr\/produit\/mamparas-protectoras-ofertas\/","og_site_name":"Los + baratos","article_modified_time":"2021-01-08T09:36:36+00:00","og_image":[{"width":631,"height":631,"url":"https:\/\/i2.wp.com\/impresiondigitalgranformato.es\/wp-content\/uploads\/2020\/05\/mamparas-protectoras-ofertas.png?fit=631%2C631&ssl=1","type":"image\/png"}],"twitter_card":"summary_large_image","twitter_misc":{"Dur\u00e9e de lecture estim\u00e9e":"2 minutes"},"schema":{"@context":"https:\/\/schema.org","@graph":[{"@type":"WebPage","@id":"https:\/\/impresiondigitalgranformato.es\/producto\/mamparas-protectoras-ofertas\/","url":"https:\/\/impresiondigitalgranformato.es\/producto\/mamparas-protectoras-ofertas\/","name":"Mamparas protectoras OFERTAS - Los + baratos - Entrega en 48 horas","isPartOf":{"@id":"https:\/\/impresiondigitalgranformato.es\/#website"},"primaryImageOfPage":{"@id":"https:\/\/impresiondigitalgranformato.es\/producto\/mamparas-protectoras-ofertas\/#primaryimage"},"image":{"@id":"https:\/\/impresiondigitalgranformato.es\/producto\/mamparas-protectoras-ofertas\/#primaryimage"},"thumbnailUrl":"https:\/\/i0.wp.com\/impresiondigitalgranformato.es\/wp-content\/uploads\/2020\/05\/mamparas-protectoras-ofertas.png?fit=631%2C631&ssl=1","datePublished":"2020-05-28T15:23:42+00:00","dateModified":"2021-01-08T09:36:36+00:00","description":"Mamparas protectoras Ofertas, Realizadas en PVC vivo con perfil de aluminio superior e inferior. Entrega en 48 horas. Varios tama\u00f1os para elegir.","breadcrumb":{"@id":"https:\/\/impresiondigitalgranformato.es\/producto\/mamparas-protectoras-ofertas\/#breadcrumb"},"inLanguage":"fr-FR","potentialAction":[{"@type":"ReadAction","target":["https:\/\/impresiondigitalgranformato.es\/producto\/mamparas-protectoras-ofertas\/"]}]},{"@type":"ImageObject","inLanguage":"fr-FR","@id":"https:\/\/impresiondigitalgranformato.es\/producto\/mamparas-protectoras-ofertas\/#primaryimage","url":"https:\/\/i0.wp.com\/impresiondigitalgranformato.es\/wp-content\/uploads\/2020\/05\/mamparas-protectoras-ofertas.png?fit=631%2C631&ssl=1","contentUrl":"https:\/\/i0.wp.com\/impresiondigitalgranformato.es\/wp-content\/uploads\/2020\/05\/mamparas-protectoras-ofertas.png?fit=631%2C631&ssl=1","width":631,"height":631,"caption":"mamparas protectoras ofertas"},{"@type":"BreadcrumbList","@id":"https:\/\/impresiondigitalgranformato.es\/producto\/mamparas-protectoras-ofertas\/#breadcrumb","itemListElement":[{"@type":"ListItem","position":1,"name":"Portada","item":"https:\/\/impresiondigitalgranformato.es\/"},{"@type":"ListItem","position":2,"name":"Productos","item":"https:\/\/impresiondigitalgranformato.es\/venta-roll-up-banner\/"},{"@type":"ListItem","position":3,"name":"Mamparas protectoras OFERTAS"}]},{"@type":"WebSite","@id":"https:\/\/impresiondigitalgranformato.es\/#website","url":"https:\/\/impresiondigitalgranformato.es\/","name":"Les moins chers","description":"impression num\u00e9rique grand format vente de roll up, banni\u00e8res, drapeaux, banderoles, b\u00e2ches, affiches, pr\u00e9sentoirs, publicit\u00e9s","publisher":{"@id":"https:\/\/impresiondigitalgranformato.es\/#organization"},"potentialAction":[{"@type":"SearchAction","target":{"@type":"EntryPoint","urlTemplate":"https:\/\/impresiondigitalgranformato.es\/?s={search_term_string}"},"query-input":{"@type":"PropertyValueSpecification","valueRequired":true,"valueName":"search_term_string"}}],"inLanguage":"fr-FR"},{"@type":"Organization","@id":"https:\/\/impresiondigitalgranformato.es\/#organization","name":"Les moins chers","url":"https:\/\/impresiondigitalgranformato.es\/","logo":{"@type":"ImageObject","inLanguage":"fr-FR","@id":"https:\/\/impresiondigitalgranformato.es\/#\/schema\/logo\/image\/","url":"https:\/\/i0.wp.com\/impresiondigitalgranformato.es\/wp-content\/uploads\/2016\/12\/cropped-logotipo-2-e1483373659766.png?fit=500%2C101&ssl=1","contentUrl":"https:\/\/i0.wp.com\/impresiondigitalgranformato.es\/wp-content\/uploads\/2016\/12\/cropped-logotipo-2-e1483373659766.png?fit=500%2C101&ssl=1","width":500,"height":101,"caption":"Los + baratos"},"image":{"@id":"https:\/\/impresiondigitalgranformato.es\/#\/schema\/logo\/image\/"}}]}},"jetpack_sharing_enabled":true,"_links":{"self":[{"href":"https:\/\/impresiondigitalgranformato.es\/fr\/wp-json\/wp\/v2\/product\/12695","targetHints":{"allow":["GET"]}}],"collection":[{"href":"https:\/\/impresiondigitalgranformato.es\/fr\/wp-json\/wp\/v2\/product"}],"about":[{"href":"https:\/\/impresiondigitalgranformato.es\/fr\/wp-json\/wp\/v2\/types\/product"}],"replies":[{"embeddable":true,"href":"https:\/\/impresiondigitalgranformato.es\/fr\/wp-json\/wp\/v2\/comments?post=12695"}],"wp:featuredmedia":[{"embeddable":true,"href":"https:\/\/impresiondigitalgranformato.es\/fr\/wp-json\/wp\/v2\/media\/12698"}],"wp:attachment":[{"href":"https:\/\/impresiondigitalgranformato.es\/fr\/wp-json\/wp\/v2\/media?parent=12695"}],"wp:term":[{"taxonomy":"product_brand","embeddable":true,"href":"https:\/\/impresiondigitalgranformato.es\/fr\/wp-json\/wp\/v2\/product_brand?post=12695"},{"taxonomy":"product_cat","embeddable":true,"href":"https:\/\/impresiondigitalgranformato.es\/fr\/wp-json\/wp\/v2\/product_cat?post=12695"},{"taxonomy":"product_tag","embeddable":true,"href":"https:\/\/impresiondigitalgranformato.es\/fr\/wp-json\/wp\/v2\/product_tag?post=12695"}],"curies":[{"name":"wp","href":"https:\/\/api.w.org\/{rel}","templated":true}]}}