{"id":1271,"date":"2017-10-04T19:13:12","date_gmt":"2017-10-04T17:13:12","guid":{"rendered":"http:\/\/impresiondigitalgranformato.es\/?post_type=product&#038;p=1271"},"modified":"2025-07-04T18:12:45","modified_gmt":"2025-07-04T16:12:45","slug":"rollup-economique-84-x-200-cm","status":"publish","type":"product","link":"https:\/\/impresiondigitalgranformato.es\/fr\/producto\/rollup-economico-84-x-200-cm\/","title":{"rendered":"rollup 85 x 200 cm standard"},"content":{"rendered":"<p>Enrouleur \u00e9conomique de 85 x 200 cm, le mod\u00e8le standard.<\/p>\n<p>Structure en aluminium<\/p>\n<p>Graphiques imprim\u00e9s num\u00e9riquement sur une toile en pvc coul\u00e9 de 450 gr.<\/p>\n<p>inclut un \u00e9tui de transport.<\/p>\n<p>Ce rollup \u00e9conomique est id\u00e9al pour la promotion de produits et\/ou de services dans les magasins, les salles d'attente, les bureaux, ...<\/p>\n<p>Bien qu'il s'agisse d'un roll up bon march\u00e9, sa structure en aluminium lui conf\u00e8re une grande stabilit\u00e9 et r\u00e9sistance, son visuel est en toile pour une plus grande durabilit\u00e9 lors de l'extension et de la collecte du visuel.<\/p>\n<p>Il est tr\u00e8s facile et rapide \u00e0 assembler, vous pouvez le voir sur notre site. <a href=\"https:\/\/youtu.be\/gq7KMUbozVo\" target=\"_blank\" rel=\"noopener\">vid\u00e9o du produit<\/a><\/p>\n<h4>Les rollups sont de plus en plus utilis\u00e9s, car ils constituent un outil publicitaire tr\u00e8s efficace.<\/h4>\n<p>Son poids tr\u00e8s faible lui permet d'\u00eatre transport\u00e9 de mani\u00e8re confortable, son montage est tr\u00e8s rapide, il est expos\u00e9 en moins d'une minute et il est collect\u00e9 en un temps encore plus court. Utilisez ce type de produit pour promouvoir vos produits. En comparant son prix avec sa qualit\u00e9 et son grand effet visuel dans n'importe quel endroit comme les bureaux, les magasins, les salles d'attente... Il sera toujours rentable d'acheter un rollup \u00e9conomique de 85\u00d7200 cm.<\/p>\n<p>&nbsp;<\/p>\n<p><span style=\"color: #ff0000;\">RABAIS DE QUANTIT\u00c9 ! !!<\/span><\/p>\n<p><strong>Ce produit peut \u00eatre livr\u00e9 dans les 24 heures<\/strong><\/p>\n<p data-pbs-phone-margin-bottom=\"18px\"><span style=\"color: #000080;\"><strong>Diff\u00e9rents types d'envois :<\/strong><\/span><\/p>\n<p data-pbs-phone-margin-bottom=\"18px\"><strong>Production et livraison dans les 8 jours ouvrables<\/strong><\/p>\n<p data-pbs-phone-margin-bottom=\"18px\"><strong>Production et livraison dans les 4 jours ouvrables<\/strong><\/p>\n<p data-pbs-phone-margin-top=\"1px\"><strong>Production et livraison dans les 2 jours ouvrables<\/strong><\/p>\n<p data-pbs-phone-margin-top=\"1px\"><strong>Production et livraison dans un d\u00e9lai d'un jour ouvrable*.<\/strong>\u00a0(ce service n'est valable que pour les commandes confirm\u00e9es avant 11h30 le jour m\u00eame).<\/p>\n<p>&nbsp;<\/p>\n<h3><span style=\"color: #ff9900;\">Le mod\u00e8le standard \u00e0 cadre enroulable est le plus vendu.<\/span><\/h3>\n<p>La structure est en aluminium, le graphisme du rollup est en toile pvc coul\u00e9e satin\u00e9e de 450 gr\/m2, le rollup est imprim\u00e9 avec une impression num\u00e9rique de haute qualit\u00e9 et comprend un sac de transport en nylon noir. Tout cela fait de ce rollup bon march\u00e9 le meilleur choix lors de l'achat d'un pr\u00e9sentoir publicitaire. Il pr\u00e9sente en effet le meilleur rapport qualit\u00e9\/prix.<\/p>\n<p>Ce mod\u00e8le de roll up bon march\u00e9 est tr\u00e8s populaire dans toutes les tailles pour les grands tirages de promotions ou de projets gr\u00e2ce \u00e0 sa grande taille d'affiche et \u00e0 son prix peu \u00e9lev\u00e9.<\/p>\n<h3><span style=\"color: #ff9900;\">Le rollup 85 x 200 cm Standard<\/span><\/h3>\n<p>C'est le format de rollup que l'on nous ach\u00e8te le plus souvent, car il est tr\u00e8s polyvalent et c'est le rollup le moins cher en termes de rapport taille\/prix. Il est vendu pour des promotions de toutes sortes. Comme la promotion de produits de beaut\u00e9, de produits esth\u00e9tiques, la vente de produits photovolta\u00efques, la promotion d'assurances, dans les restaurants pour promouvoir les offres, pour les caves pour promouvoir les vins... Le rollup de 85\u00d7200 cm est \u00e9galement tr\u00e8s vendu pour les centres commerciaux, les expositions, les foires et les congr\u00e8s.<\/p>\n<p>&nbsp;<\/p>\n<p><span style=\"color: #800000;\"><strong>Si vous avez besoin de quelque chose de plus \u00e9conomique, vous pouvez visiter notre<\/strong><\/span><a href=\"https:\/\/impresiondigitalgranformato.es\/fr\/categorie-produit\/banner-economico\/\"> <strong>Section des banni\u00e8res.<\/strong><\/a><\/p>","protected":false},"excerpt":{"rendered":"<p>Ce rollup \u00e9conomique est id\u00e9al pour la promotion de produits et\/ou de services dans les magasins, les salles d'attente, les bureaux, ...<\/p>\n<p>Bien qu'il s'agisse d'un roll up bon march\u00e9, sa structure en aluminium lui conf\u00e8re une grande stabilit\u00e9 et r\u00e9sistance, son graphisme est en toile pour une plus grande durabilit\u00e9 lors de l'extension et de la collecte du graphisme.<\/p>\n<p>Sac de transport en nylon inclus.<\/p>\n<p><span style=\"color: #ff0000;\">RABAIS DE QUANTIT\u00c9 ! !!\u00a0<\/span><\/p>\n<p><strong>-<\/strong><\/p>\n<p><span style=\"color: #ff0000;\"><strong>Ce produit peut \u00eatre livr\u00e9 dans les 24 heures<\/strong><\/span><\/p>\n<p><a href=\"https:\/\/impresiondigitalgranformato.es\/fr\/roll-up\/\"><img loading=\"lazy\" decoding=\"async\" class=\"size-full wp-image-12936 alignnone\" src=\"https:\/\/impresiondigitalgranformato.es\/wp-content\/uploads\/2019\/09\/impresion-digital-mas-modelos.png\" alt=\"impression num\u00e9rique plus de mod\u00e8les\" width=\"468\" height=\"61\" srcset=\"https:\/\/i0.wp.com\/impresiondigitalgranformato.es\/wp-content\/uploads\/2019\/09\/impresion-digital-mas-modelos.png?w=468&amp;ssl=1 468w, https:\/\/i0.wp.com\/impresiondigitalgranformato.es\/wp-content\/uploads\/2019\/09\/impresion-digital-mas-modelos.png?resize=100%2C13&amp;ssl=1 100w, https:\/\/i0.wp.com\/impresiondigitalgranformato.es\/wp-content\/uploads\/2019\/09\/impresion-digital-mas-modelos.png?resize=150%2C20&amp;ssl=1 150w, https:\/\/i0.wp.com\/impresiondigitalgranformato.es\/wp-content\/uploads\/2019\/09\/impresion-digital-mas-modelos.png?resize=200%2C26&amp;ssl=1 200w, https:\/\/i0.wp.com\/impresiondigitalgranformato.es\/wp-content\/uploads\/2019\/09\/impresion-digital-mas-modelos.png?resize=300%2C39&amp;ssl=1 300w, https:\/\/i0.wp.com\/impresiondigitalgranformato.es\/wp-content\/uploads\/2019\/09\/impresion-digital-mas-modelos.png?resize=450%2C59&amp;ssl=1 450w\" sizes=\"auto, (max-width: 468px) 100vw, 468px\" \/><\/a><\/p>","protected":false},"featured_media":5376,"comment_status":"open","ping_status":"closed","template":"","meta":[],"product_brand":[],"product_cat":[78,24],"product_tag":[],"class_list":{"0":"post-1271","1":"product","2":"type-product","3":"status-publish","4":"has-post-thumbnail","6":"product_cat-rollup-banner-photocall-carteles-lona-impresion-economicos","7":"product_cat-roll-up-baratos","9":"first","10":"instock","11":"featured","12":"sold-individually","13":"taxable","14":"shipping-taxable","15":"purchasable","16":"product-type-simple"},"yoast_head":"<!-- This site is optimized with the Yoast SEO plugin v27.4 - https:\/\/yoast.com\/product\/yoast-seo-wordpress\/ -->\n<title>rollup economico - rollup 85 x 200 cm Est\u00e1ndar - Env\u00edo gratis- Los + baratos<\/title>\n<meta name=\"description\" content=\"rollup economico, rollup de 85 x 200 cm el modelo estandar y el mas vendido. Estructura de aluminio, gr\u00e1fica en impresion digital y funda de transporte\" \/>\n<meta name=\"robots\" content=\"index, follow, max-snippet:-1, max-image-preview:large, max-video-preview:-1\" \/>\n<link rel=\"canonical\" href=\"https:\/\/impresiondigitalgranformato.es\/fr\/produit\/rollup-economique-84-x-200-cm\/\" \/>\n<meta property=\"og:locale\" content=\"fr_FR\" \/>\n<meta property=\"og:type\" content=\"article\" \/>\n<meta property=\"og:title\" content=\"rollup economico - rollup 85 x 200 cm Est\u00e1ndar - Env\u00edo gratis- Los + baratos\" \/>\n<meta property=\"og:description\" content=\"rollup economico, rollup de 85 x 200 cm el modelo estandar y el mas vendido. Estructura de aluminio, gr\u00e1fica en impresion digital y funda de transporte\" \/>\n<meta property=\"og:url\" content=\"https:\/\/impresiondigitalgranformato.es\/fr\/produit\/rollup-economique-84-x-200-cm\/\" \/>\n<meta property=\"og:site_name\" content=\"Los + baratos\" \/>\n<meta property=\"article:modified_time\" content=\"2025-07-04T16:12:45+00:00\" \/>\n<meta property=\"og:image\" content=\"http:\/\/impresiondigitalgranformato.es\/wp-content\/uploads\/2017\/10\/rollup-de-85-x-200-cm-estandar.png\" \/>\n\t<meta property=\"og:image:width\" content=\"765\" \/>\n\t<meta property=\"og:image:height\" content=\"765\" \/>\n\t<meta property=\"og:image:type\" content=\"image\/png\" \/>\n<meta name=\"twitter:card\" content=\"summary_large_image\" \/>\n<meta name=\"twitter:label1\" content=\"Dur\u00e9e de lecture estim\u00e9e\" \/>\n\t<meta name=\"twitter:data1\" content=\"3 minutes\" \/>\n<script type=\"application\/ld+json\" class=\"yoast-schema-graph\">{\"@context\":\"https:\\\/\\\/schema.org\",\"@graph\":[{\"@type\":\"WebPage\",\"@id\":\"https:\\\/\\\/impresiondigitalgranformato.es\\\/producto\\\/rollup-economico-84-x-200-cm\\\/\",\"url\":\"https:\\\/\\\/impresiondigitalgranformato.es\\\/producto\\\/rollup-economico-84-x-200-cm\\\/\",\"name\":\"rollup economico - rollup 85 x 200 cm Est\u00e1ndar - Env\u00edo gratis- Los + baratos\",\"isPartOf\":{\"@id\":\"https:\\\/\\\/impresiondigitalgranformato.es\\\/#website\"},\"primaryImageOfPage\":{\"@id\":\"https:\\\/\\\/impresiondigitalgranformato.es\\\/producto\\\/rollup-economico-84-x-200-cm\\\/#primaryimage\"},\"image\":{\"@id\":\"https:\\\/\\\/impresiondigitalgranformato.es\\\/producto\\\/rollup-economico-84-x-200-cm\\\/#primaryimage\"},\"thumbnailUrl\":\"https:\\\/\\\/i0.wp.com\\\/impresiondigitalgranformato.es\\\/wp-content\\\/uploads\\\/2017\\\/10\\\/rollup-de-85-x-200-cm-estandar.png?fit=765%2C765&ssl=1\",\"datePublished\":\"2017-10-04T17:13:12+00:00\",\"dateModified\":\"2025-07-04T16:12:45+00:00\",\"description\":\"rollup economico, rollup de 85 x 200 cm el modelo estandar y el mas vendido. Estructura de aluminio, gr\u00e1fica en impresion digital y funda de transporte\",\"breadcrumb\":{\"@id\":\"https:\\\/\\\/impresiondigitalgranformato.es\\\/producto\\\/rollup-economico-84-x-200-cm\\\/#breadcrumb\"},\"inLanguage\":\"fr-FR\",\"potentialAction\":[{\"@type\":\"ReadAction\",\"target\":[\"https:\\\/\\\/impresiondigitalgranformato.es\\\/producto\\\/rollup-economico-84-x-200-cm\\\/\"]}]},{\"@type\":\"ImageObject\",\"inLanguage\":\"fr-FR\",\"@id\":\"https:\\\/\\\/impresiondigitalgranformato.es\\\/producto\\\/rollup-economico-84-x-200-cm\\\/#primaryimage\",\"url\":\"https:\\\/\\\/i0.wp.com\\\/impresiondigitalgranformato.es\\\/wp-content\\\/uploads\\\/2017\\\/10\\\/rollup-de-85-x-200-cm-estandar.png?fit=765%2C765&ssl=1\",\"contentUrl\":\"https:\\\/\\\/i0.wp.com\\\/impresiondigitalgranformato.es\\\/wp-content\\\/uploads\\\/2017\\\/10\\\/rollup-de-85-x-200-cm-estandar.png?fit=765%2C765&ssl=1\",\"width\":765,\"height\":765,\"caption\":\"rollup estandar 85 x 200 cm\"},{\"@type\":\"BreadcrumbList\",\"@id\":\"https:\\\/\\\/impresiondigitalgranformato.es\\\/producto\\\/rollup-economico-84-x-200-cm\\\/#breadcrumb\",\"itemListElement\":[{\"@type\":\"ListItem\",\"position\":1,\"name\":\"Portada\",\"item\":\"https:\\\/\\\/impresiondigitalgranformato.es\\\/\"},{\"@type\":\"ListItem\",\"position\":2,\"name\":\"Productos\",\"item\":\"https:\\\/\\\/impresiondigitalgranformato.es\\\/venta-roll-up-banner\\\/\"},{\"@type\":\"ListItem\",\"position\":3,\"name\":\"rollup 85 x 200 cm Est\u00e1ndar\"}]},{\"@type\":\"WebSite\",\"@id\":\"https:\\\/\\\/impresiondigitalgranformato.es\\\/#website\",\"url\":\"https:\\\/\\\/impresiondigitalgranformato.es\\\/\",\"name\":\"Los + baratos\",\"description\":\"impresi\u00f3n digital gran formato venta de roll up, banner, banderas, lonas, carteles, displays, publicidad\",\"publisher\":{\"@id\":\"https:\\\/\\\/impresiondigitalgranformato.es\\\/#organization\"},\"potentialAction\":[{\"@type\":\"SearchAction\",\"target\":{\"@type\":\"EntryPoint\",\"urlTemplate\":\"https:\\\/\\\/impresiondigitalgranformato.es\\\/?s={search_term_string}\"},\"query-input\":{\"@type\":\"PropertyValueSpecification\",\"valueRequired\":true,\"valueName\":\"search_term_string\"}}],\"inLanguage\":\"fr-FR\"},{\"@type\":\"Organization\",\"@id\":\"https:\\\/\\\/impresiondigitalgranformato.es\\\/#organization\",\"name\":\"Los + baratos\",\"url\":\"https:\\\/\\\/impresiondigitalgranformato.es\\\/\",\"logo\":{\"@type\":\"ImageObject\",\"inLanguage\":\"fr-FR\",\"@id\":\"https:\\\/\\\/impresiondigitalgranformato.es\\\/#\\\/schema\\\/logo\\\/image\\\/\",\"url\":\"https:\\\/\\\/i0.wp.com\\\/impresiondigitalgranformato.es\\\/wp-content\\\/uploads\\\/2016\\\/12\\\/cropped-logotipo-2-e1483373659766.png?fit=500%2C101&ssl=1\",\"contentUrl\":\"https:\\\/\\\/i0.wp.com\\\/impresiondigitalgranformato.es\\\/wp-content\\\/uploads\\\/2016\\\/12\\\/cropped-logotipo-2-e1483373659766.png?fit=500%2C101&ssl=1\",\"width\":500,\"height\":101,\"caption\":\"Los + baratos\"},\"image\":{\"@id\":\"https:\\\/\\\/impresiondigitalgranformato.es\\\/#\\\/schema\\\/logo\\\/image\\\/\"}}]}<\/script>\n<!-- \/ Yoast SEO plugin. -->","yoast_head_json":{"title":"rollup economico - rollup 85 x 200 cm Standard - Livraison gratuite - Le + \u00e9conomique","description":"rollup \u00e9conomique, rollup 85 x 200 cm le mod\u00e8le standard et le plus vendu. Cadre en aluminium, graphiques imprim\u00e9s num\u00e9riquement et mallette de transport.","robots":{"index":"index","follow":"follow","max-snippet":"max-snippet:-1","max-image-preview":"max-image-preview:large","max-video-preview":"max-video-preview:-1"},"canonical":"https:\/\/impresiondigitalgranformato.es\/fr\/produit\/rollup-economique-84-x-200-cm\/","og_locale":"fr_FR","og_type":"article","og_title":"rollup economico - rollup 85 x 200 cm Est\u00e1ndar - Env\u00edo gratis- Los + baratos","og_description":"rollup economico, rollup de 85 x 200 cm el modelo estandar y el mas vendido. Estructura de aluminio, gr\u00e1fica en impresion digital y funda de transporte","og_url":"https:\/\/impresiondigitalgranformato.es\/fr\/produit\/rollup-economique-84-x-200-cm\/","og_site_name":"Los + baratos","article_modified_time":"2025-07-04T16:12:45+00:00","og_image":[{"width":765,"height":765,"url":"http:\/\/impresiondigitalgranformato.es\/wp-content\/uploads\/2017\/10\/rollup-de-85-x-200-cm-estandar.png","type":"image\/png"}],"twitter_card":"summary_large_image","twitter_misc":{"Dur\u00e9e de lecture estim\u00e9e":"3 minutes"},"schema":{"@context":"https:\/\/schema.org","@graph":[{"@type":"WebPage","@id":"https:\/\/impresiondigitalgranformato.es\/producto\/rollup-economico-84-x-200-cm\/","url":"https:\/\/impresiondigitalgranformato.es\/producto\/rollup-economico-84-x-200-cm\/","name":"rollup economico - rollup 85 x 200 cm Standard - Livraison gratuite - Le + \u00e9conomique","isPartOf":{"@id":"https:\/\/impresiondigitalgranformato.es\/#website"},"primaryImageOfPage":{"@id":"https:\/\/impresiondigitalgranformato.es\/producto\/rollup-economico-84-x-200-cm\/#primaryimage"},"image":{"@id":"https:\/\/impresiondigitalgranformato.es\/producto\/rollup-economico-84-x-200-cm\/#primaryimage"},"thumbnailUrl":"https:\/\/i0.wp.com\/impresiondigitalgranformato.es\/wp-content\/uploads\/2017\/10\/rollup-de-85-x-200-cm-estandar.png?fit=765%2C765&ssl=1","datePublished":"2017-10-04T17:13:12+00:00","dateModified":"2025-07-04T16:12:45+00:00","description":"rollup \u00e9conomique, rollup 85 x 200 cm le mod\u00e8le standard et le plus vendu. Cadre en aluminium, graphiques imprim\u00e9s num\u00e9riquement et mallette de transport.","breadcrumb":{"@id":"https:\/\/impresiondigitalgranformato.es\/producto\/rollup-economico-84-x-200-cm\/#breadcrumb"},"inLanguage":"fr-FR","potentialAction":[{"@type":"ReadAction","target":["https:\/\/impresiondigitalgranformato.es\/producto\/rollup-economico-84-x-200-cm\/"]}]},{"@type":"ImageObject","inLanguage":"fr-FR","@id":"https:\/\/impresiondigitalgranformato.es\/producto\/rollup-economico-84-x-200-cm\/#primaryimage","url":"https:\/\/i0.wp.com\/impresiondigitalgranformato.es\/wp-content\/uploads\/2017\/10\/rollup-de-85-x-200-cm-estandar.png?fit=765%2C765&ssl=1","contentUrl":"https:\/\/i0.wp.com\/impresiondigitalgranformato.es\/wp-content\/uploads\/2017\/10\/rollup-de-85-x-200-cm-estandar.png?fit=765%2C765&ssl=1","width":765,"height":765,"caption":"rollup estandar 85 x 200 cm"},{"@type":"BreadcrumbList","@id":"https:\/\/impresiondigitalgranformato.es\/producto\/rollup-economico-84-x-200-cm\/#breadcrumb","itemListElement":[{"@type":"ListItem","position":1,"name":"Portada","item":"https:\/\/impresiondigitalgranformato.es\/"},{"@type":"ListItem","position":2,"name":"Productos","item":"https:\/\/impresiondigitalgranformato.es\/venta-roll-up-banner\/"},{"@type":"ListItem","position":3,"name":"rollup 85 x 200 cm Est\u00e1ndar"}]},{"@type":"WebSite","@id":"https:\/\/impresiondigitalgranformato.es\/#website","url":"https:\/\/impresiondigitalgranformato.es\/","name":"Les moins chers","description":"impression num\u00e9rique grand format vente de roll up, banni\u00e8res, drapeaux, banderoles, b\u00e2ches, affiches, pr\u00e9sentoirs, publicit\u00e9s","publisher":{"@id":"https:\/\/impresiondigitalgranformato.es\/#organization"},"potentialAction":[{"@type":"SearchAction","target":{"@type":"EntryPoint","urlTemplate":"https:\/\/impresiondigitalgranformato.es\/?s={search_term_string}"},"query-input":{"@type":"PropertyValueSpecification","valueRequired":true,"valueName":"search_term_string"}}],"inLanguage":"fr-FR"},{"@type":"Organization","@id":"https:\/\/impresiondigitalgranformato.es\/#organization","name":"Les moins chers","url":"https:\/\/impresiondigitalgranformato.es\/","logo":{"@type":"ImageObject","inLanguage":"fr-FR","@id":"https:\/\/impresiondigitalgranformato.es\/#\/schema\/logo\/image\/","url":"https:\/\/i0.wp.com\/impresiondigitalgranformato.es\/wp-content\/uploads\/2016\/12\/cropped-logotipo-2-e1483373659766.png?fit=500%2C101&ssl=1","contentUrl":"https:\/\/i0.wp.com\/impresiondigitalgranformato.es\/wp-content\/uploads\/2016\/12\/cropped-logotipo-2-e1483373659766.png?fit=500%2C101&ssl=1","width":500,"height":101,"caption":"Los + baratos"},"image":{"@id":"https:\/\/impresiondigitalgranformato.es\/#\/schema\/logo\/image\/"}}]}},"jetpack_sharing_enabled":true,"_links":{"self":[{"href":"https:\/\/impresiondigitalgranformato.es\/fr\/wp-json\/wp\/v2\/product\/1271","targetHints":{"allow":["GET"]}}],"collection":[{"href":"https:\/\/impresiondigitalgranformato.es\/fr\/wp-json\/wp\/v2\/product"}],"about":[{"href":"https:\/\/impresiondigitalgranformato.es\/fr\/wp-json\/wp\/v2\/types\/product"}],"replies":[{"embeddable":true,"href":"https:\/\/impresiondigitalgranformato.es\/fr\/wp-json\/wp\/v2\/comments?post=1271"}],"wp:featuredmedia":[{"embeddable":true,"href":"https:\/\/impresiondigitalgranformato.es\/fr\/wp-json\/wp\/v2\/media\/5376"}],"wp:attachment":[{"href":"https:\/\/impresiondigitalgranformato.es\/fr\/wp-json\/wp\/v2\/media?parent=1271"}],"wp:term":[{"taxonomy":"product_brand","embeddable":true,"href":"https:\/\/impresiondigitalgranformato.es\/fr\/wp-json\/wp\/v2\/product_brand?post=1271"},{"taxonomy":"product_cat","embeddable":true,"href":"https:\/\/impresiondigitalgranformato.es\/fr\/wp-json\/wp\/v2\/product_cat?post=1271"},{"taxonomy":"product_tag","embeddable":true,"href":"https:\/\/impresiondigitalgranformato.es\/fr\/wp-json\/wp\/v2\/product_tag?post=1271"}],"curies":[{"name":"wp","href":"https:\/\/api.w.org\/{rel}","templated":true}]}}