{"id":12725,"date":"2020-06-02T12:32:09","date_gmt":"2020-06-02T10:32:09","guid":{"rendered":"http:\/\/impresiondigitalgranformato.es\/?post_type=product&#038;p=12725"},"modified":"2021-01-08T10:10:21","modified_gmt":"2021-01-08T09:10:21","slug":"mampara-portatil","status":"publish","type":"product","link":"https:\/\/impresiondigitalgranformato.es\/fr\/producto\/mampara-portatil\/","title":{"rendered":"Mampara Port\u00e1til"},"content":{"rendered":"<p><span style=\"color: #008000;\"><strong>Mampara port\u00e1til ideal para restaurantes, cafeter\u00edas, bares ademas de separaci\u00f3n de puestos de trabajo.<\/strong><\/span><\/p>\n<p><strong>Con lamina de alta calidad para evitar contagios<\/strong><\/p>\n<p><strong>Lamina<\/strong>\u00a0fabricada en pvc vivo de baja contracci\u00f3n incolora y sin aditivos.\u00a0<strong>No se ara\u00f1a con facilidad\u00a0<\/strong>lamina incolora de la m\u00e1s alta calidad. Despu\u00e9s de varias pruebas con diferentes materiales como el glasspack, pet, e incluso en metacrilato hemos detectado que se ara\u00f1an con relativa facilidad y van perdiendo su estado incoloro.<\/p>\n<h4><strong>Con este material no ocurre.<\/strong><\/h4>\n<p>El material que utilizamos est\u00e1 pensado para exterior para aguantar las inclemencias del tiempo, sol, fr\u00edo, lluvias \u2026 al utilizarlo en esta mampara port\u00e1til que su funci\u00f3n es para interior tendr\u00e1 usted una mampara port\u00e1til protectora para mucho tiempo.<\/p>\n<p>Les<strong>\u00a0estructura<\/strong> de la mampara port\u00e1til separadora esta fabricada en <strong>aluminio\u00a0<\/strong>y es <strong>extensible<\/strong> para adecuarse a sus necesidades.<\/p>\n<p>El <strong>ancho<\/strong> m\u00ednimo de la lamina transparente es de 130 cm y el m\u00e1ximo es de 240 cm. El <strong>alto<\/strong> es siempre de 140 cm. Pero podr\u00e1 elegir en cada momento la altura de la estructura, para adecuarse a sus necesidades.<\/p>\n<p>Tambi\u00e9n si lo necesita podr\u00e1 comprar una segunda lamina transparente para poder intercambiarlas seg\u00fan el ancho que pueda necesitar. El cambio se realiza en un par de minutos.<\/p>\n<p>Este modelo es optimo para separaci\u00f3n de mesas en restaurantes seg\u00fan cantidad de comensales, separaci\u00f3n de puestos de trabajo\u2026 Siempre teniendo en cuenta que la mampara separadora se puede transportar montada con facilidad dentro del mismo local.<\/p>\n<p><b>Ademas con este con esta mampara separadora podr\u00e1 crear pasillos de separaci\u00f3n para el paso de flujo de personas seg\u00fan necesite en cada momento recuerde que es port\u00e1til.<\/b><\/p>\n<p>Montaje r\u00e1pido y sencillo. <a target=\"_blank\" href=\"https:\/\/youtu.be\/vZRKMqysrz0\" xlink=\"href\" rel=\"noopener noreferrer\">Vea nuestro v\u00eddeo<\/a> de la mampara port\u00e1til anti-contagios<\/p>\n<p><span style=\"color: #ff0000;\">RABAIS DE QUANTIT\u00c9 ! !!<\/span>\u00a0<strong>(voir tableau des prix)<\/strong><\/p>\n<h4><span style=\"color: #800000;\"><strong>ENV\u00cdO ESPECIAL EN 48 HORAS<\/strong><\/span><\/h4>\n<p>(solo para productos relacionados con la lucha contra el coronavirus)<\/p>\n<p>Tambi\u00e9n tiene la posibilidad de env\u00edo gratis desde la 1\u00aa unid.<\/p>\n<p>Posibilidad de entrega en 24 horas<\/p>\n<h4><a href=\"https:\/\/impresiondigitalgranformato.es\/fr\/productos-prevencion-coronavirus\/\" xlink=\"href\">VEA MAS PRODUCTOS RELACIONADOS CON LA LUCHA CONTRA EL CORONAVIRUS<\/a><\/h4>\n<p><a target=\"_blank\" href=\"https:\/\/www.libremercado.com\/2020-04-24\/coronavirus-mamparas-protectoras--1276656465\/\" xlink=\"href\" rel=\"noopener noreferrer\">LAS MAMPARAS PROTECTORAS AYUDARAN A SALVAR MUCHOS NEGOCIOS<\/a><\/p>","protected":false},"excerpt":{"rendered":"<h4><span style=\"color: #008000;\">Mampara Port\u00e1til con lamina transparente para evitar contagios<\/span><\/h4>\n<p><strong>Lamina<\/strong>\u00a0fabricada en pvc vivo de baja contracci\u00f3n incolora y sin aditivos.\u00a0<strong>No se ara\u00f1a con facilidad\u00a0<\/strong>lamina incolora de la m\u00e1s alta calidad.<\/p>\n<p>Les<strong>\u00a0estructura<\/strong> de la mampara esta fabricada en <strong>aluminio\u00a0<\/strong>y es extensible para adecuarse a sus necesidades.<\/p>\n<p>El ancho m\u00ednimo de la lamina transparente es de 130 cm y el m\u00e1ximo es de 240 cm. El alto es siempre de 140 cm. Pero podr\u00e1 elegir en cada momento la altura de la estructura<\/p>\n<p>Montaje sencillo. <a target=\"_blank\" href=\"https:\/\/youtu.be\/vZRKMqysrz0\" xlink=\"href\" rel=\"noopener noreferrer\">Vea nuestro v\u00eddeo<\/a><\/p>\n<h4><span style=\"color: #800000;\"><strong>ENV\u00cdO ESPECIAL EN 48 HORAS<\/strong><\/span><\/h4>\n<p>(solo para productos relacionados con la lucha contra el coronavirus)<\/p>\n<p>Tambi\u00e9n tiene la posibilidad de env\u00edo gratis desde la 1\u00aa unid.<\/p>\n<p>Posibilidad de entrega en 24 horas<\/p>\n<p><span style=\"color: #ff0000;\">RABAIS DE QUANTIT\u00c9 ! !!<\/span>\u00a0<strong>(voir tableau des prix)<\/strong><\/p>\n<p><a href=\"https:\/\/impresiondigitalgranformato.es\/fr\/mamparas-protectoras\/\" xlink=\"href\"><img loading=\"lazy\" decoding=\"async\" class=\"aligncenter size-medium wp-image-12523\" src=\"https:\/\/impresiondigitalgranformato.es\/wp-content\/uploads\/2020\/03\/productos-impresion-digital-gran-formato-600x36.png\" alt=\"productos impresion digital gran formato\" width=\"600\" height=\"36\" srcset=\"https:\/\/i0.wp.com\/impresiondigitalgranformato.es\/wp-content\/uploads\/2020\/03\/productos-impresion-digital-gran-formato.png?resize=600%2C36&amp;ssl=1 600w, https:\/\/i0.wp.com\/impresiondigitalgranformato.es\/wp-content\/uploads\/2020\/03\/productos-impresion-digital-gran-formato.png?resize=100%2C6&amp;ssl=1 100w, https:\/\/i0.wp.com\/impresiondigitalgranformato.es\/wp-content\/uploads\/2020\/03\/productos-impresion-digital-gran-formato.png?resize=150%2C9&amp;ssl=1 150w, https:\/\/i0.wp.com\/impresiondigitalgranformato.es\/wp-content\/uploads\/2020\/03\/productos-impresion-digital-gran-formato.png?resize=200%2C12&amp;ssl=1 200w, https:\/\/i0.wp.com\/impresiondigitalgranformato.es\/wp-content\/uploads\/2020\/03\/productos-impresion-digital-gran-formato.png?resize=300%2C18&amp;ssl=1 300w, https:\/\/i0.wp.com\/impresiondigitalgranformato.es\/wp-content\/uploads\/2020\/03\/productos-impresion-digital-gran-formato.png?resize=450%2C27&amp;ssl=1 450w, https:\/\/i0.wp.com\/impresiondigitalgranformato.es\/wp-content\/uploads\/2020\/03\/productos-impresion-digital-gran-formato.png?w=621&amp;ssl=1 621w\" sizes=\"auto, (max-width: 600px) 100vw, 600px\" \/><\/a><\/p>","protected":false},"featured_media":12721,"comment_status":"open","ping_status":"closed","template":"","meta":[],"product_brand":[],"product_cat":[92],"product_tag":[],"class_list":{"0":"post-12725","1":"product","2":"type-product","3":"status-publish","4":"has-post-thumbnail","6":"product_cat-mamparas-protectoras","8":"first","9":"instock","10":"taxable","11":"shipping-taxable","12":"purchasable","13":"product-type-simple"},"yoast_head":"<!-- This site is optimized with the Yoast SEO plugin v27.3 - https:\/\/yoast.com\/product\/yoast-seo-wordpress\/ -->\n<title>Mampara Port\u00e1til Extensible - Envio en 48 horas - Los + baratos<\/title>\n<meta name=\"description\" content=\"Mampara Port\u00e1til ideal para restaurante, cafeterias y separacion de puestos de trabajo. Extensible seg\u00fan su necesidad. DESCUENTOS POR CANTIDADES !!\" \/>\n<meta name=\"robots\" content=\"index, follow, max-snippet:-1, max-image-preview:large, max-video-preview:-1\" \/>\n<link rel=\"canonical\" href=\"https:\/\/impresiondigitalgranformato.es\/fr\/produit\/mampara-portatil\/\" \/>\n<meta property=\"og:locale\" content=\"fr_FR\" \/>\n<meta property=\"og:type\" content=\"article\" \/>\n<meta property=\"og:title\" content=\"Mampara Port\u00e1til Extensible - Envio en 48 horas - Los + baratos\" \/>\n<meta property=\"og:description\" content=\"Mampara Port\u00e1til ideal para restaurante, cafeterias y separacion de puestos de trabajo. Extensible seg\u00fan su necesidad. DESCUENTOS POR CANTIDADES !!\" \/>\n<meta property=\"og:url\" content=\"https:\/\/impresiondigitalgranformato.es\/fr\/produit\/mampara-portatil\/\" \/>\n<meta property=\"og:site_name\" content=\"Los + baratos\" \/>\n<meta property=\"article:modified_time\" content=\"2021-01-08T09:10:21+00:00\" \/>\n<meta property=\"og:image\" content=\"https:\/\/i0.wp.com\/impresiondigitalgranformato.es\/wp-content\/uploads\/2020\/05\/mampara-separadora-portatil.jpg?fit=945%2C945&ssl=1\" \/>\n\t<meta property=\"og:image:width\" content=\"945\" \/>\n\t<meta property=\"og:image:height\" content=\"945\" \/>\n\t<meta property=\"og:image:type\" content=\"image\/jpeg\" \/>\n<meta name=\"twitter:card\" content=\"summary_large_image\" \/>\n<meta name=\"twitter:label1\" content=\"Dur\u00e9e de lecture estim\u00e9e\" \/>\n\t<meta name=\"twitter:data1\" content=\"2 minutes\" \/>\n<script type=\"application\/ld+json\" class=\"yoast-schema-graph\">{\"@context\":\"https:\\\/\\\/schema.org\",\"@graph\":[{\"@type\":\"WebPage\",\"@id\":\"https:\\\/\\\/impresiondigitalgranformato.es\\\/producto\\\/mampara-portatil\\\/\",\"url\":\"https:\\\/\\\/impresiondigitalgranformato.es\\\/producto\\\/mampara-portatil\\\/\",\"name\":\"Mampara Port\u00e1til Extensible - Envio en 48 horas - Los + baratos\",\"isPartOf\":{\"@id\":\"https:\\\/\\\/impresiondigitalgranformato.es\\\/#website\"},\"primaryImageOfPage\":{\"@id\":\"https:\\\/\\\/impresiondigitalgranformato.es\\\/producto\\\/mampara-portatil\\\/#primaryimage\"},\"image\":{\"@id\":\"https:\\\/\\\/impresiondigitalgranformato.es\\\/producto\\\/mampara-portatil\\\/#primaryimage\"},\"thumbnailUrl\":\"https:\\\/\\\/i0.wp.com\\\/impresiondigitalgranformato.es\\\/wp-content\\\/uploads\\\/2020\\\/05\\\/mampara-separadora-portatil.jpg?fit=945%2C945&ssl=1\",\"datePublished\":\"2020-06-02T10:32:09+00:00\",\"dateModified\":\"2021-01-08T09:10:21+00:00\",\"description\":\"Mampara Port\u00e1til ideal para restaurante, cafeterias y separacion de puestos de trabajo. Extensible seg\u00fan su necesidad. DESCUENTOS POR CANTIDADES !!\",\"breadcrumb\":{\"@id\":\"https:\\\/\\\/impresiondigitalgranformato.es\\\/producto\\\/mampara-portatil\\\/#breadcrumb\"},\"inLanguage\":\"fr-FR\",\"potentialAction\":[{\"@type\":\"ReadAction\",\"target\":[\"https:\\\/\\\/impresiondigitalgranformato.es\\\/producto\\\/mampara-portatil\\\/\"]}]},{\"@type\":\"ImageObject\",\"inLanguage\":\"fr-FR\",\"@id\":\"https:\\\/\\\/impresiondigitalgranformato.es\\\/producto\\\/mampara-portatil\\\/#primaryimage\",\"url\":\"https:\\\/\\\/i0.wp.com\\\/impresiondigitalgranformato.es\\\/wp-content\\\/uploads\\\/2020\\\/05\\\/mampara-separadora-portatil.jpg?fit=945%2C945&ssl=1\",\"contentUrl\":\"https:\\\/\\\/i0.wp.com\\\/impresiondigitalgranformato.es\\\/wp-content\\\/uploads\\\/2020\\\/05\\\/mampara-separadora-portatil.jpg?fit=945%2C945&ssl=1\",\"width\":945,\"height\":945,\"caption\":\"mampara portatil\"},{\"@type\":\"BreadcrumbList\",\"@id\":\"https:\\\/\\\/impresiondigitalgranformato.es\\\/producto\\\/mampara-portatil\\\/#breadcrumb\",\"itemListElement\":[{\"@type\":\"ListItem\",\"position\":1,\"name\":\"Portada\",\"item\":\"https:\\\/\\\/impresiondigitalgranformato.es\\\/\"},{\"@type\":\"ListItem\",\"position\":2,\"name\":\"Productos\",\"item\":\"https:\\\/\\\/impresiondigitalgranformato.es\\\/venta-roll-up-banner\\\/\"},{\"@type\":\"ListItem\",\"position\":3,\"name\":\"Mampara Port\u00e1til\"}]},{\"@type\":\"WebSite\",\"@id\":\"https:\\\/\\\/impresiondigitalgranformato.es\\\/#website\",\"url\":\"https:\\\/\\\/impresiondigitalgranformato.es\\\/\",\"name\":\"Los + baratos\",\"description\":\"impresi\u00f3n digital gran formato venta de roll up, banner, banderas, lonas, carteles, displays, publicidad\",\"publisher\":{\"@id\":\"https:\\\/\\\/impresiondigitalgranformato.es\\\/#organization\"},\"potentialAction\":[{\"@type\":\"SearchAction\",\"target\":{\"@type\":\"EntryPoint\",\"urlTemplate\":\"https:\\\/\\\/impresiondigitalgranformato.es\\\/?s={search_term_string}\"},\"query-input\":{\"@type\":\"PropertyValueSpecification\",\"valueRequired\":true,\"valueName\":\"search_term_string\"}}],\"inLanguage\":\"fr-FR\"},{\"@type\":\"Organization\",\"@id\":\"https:\\\/\\\/impresiondigitalgranformato.es\\\/#organization\",\"name\":\"Los + baratos\",\"url\":\"https:\\\/\\\/impresiondigitalgranformato.es\\\/\",\"logo\":{\"@type\":\"ImageObject\",\"inLanguage\":\"fr-FR\",\"@id\":\"https:\\\/\\\/impresiondigitalgranformato.es\\\/#\\\/schema\\\/logo\\\/image\\\/\",\"url\":\"https:\\\/\\\/i0.wp.com\\\/impresiondigitalgranformato.es\\\/wp-content\\\/uploads\\\/2016\\\/12\\\/cropped-logotipo-2-e1483373659766.png?fit=500%2C101&ssl=1\",\"contentUrl\":\"https:\\\/\\\/i0.wp.com\\\/impresiondigitalgranformato.es\\\/wp-content\\\/uploads\\\/2016\\\/12\\\/cropped-logotipo-2-e1483373659766.png?fit=500%2C101&ssl=1\",\"width\":500,\"height\":101,\"caption\":\"Los + baratos\"},\"image\":{\"@id\":\"https:\\\/\\\/impresiondigitalgranformato.es\\\/#\\\/schema\\\/logo\\\/image\\\/\"}}]}<\/script>\n<!-- \/ Yoast SEO plugin. -->","yoast_head_json":{"title":"Mampara Port\u00e1til Extensible - Envio en 48 horas - Los + baratos","description":"Mampara Port\u00e1til ideal para restaurante, cafeterias y separacion de puestos de trabajo. Extensible seg\u00fan su necesidad. DESCUENTOS POR CANTIDADES !!","robots":{"index":"index","follow":"follow","max-snippet":"max-snippet:-1","max-image-preview":"max-image-preview:large","max-video-preview":"max-video-preview:-1"},"canonical":"https:\/\/impresiondigitalgranformato.es\/fr\/produit\/mampara-portatil\/","og_locale":"fr_FR","og_type":"article","og_title":"Mampara Port\u00e1til Extensible - Envio en 48 horas - Los + baratos","og_description":"Mampara Port\u00e1til ideal para restaurante, cafeterias y separacion de puestos de trabajo. Extensible seg\u00fan su necesidad. DESCUENTOS POR CANTIDADES !!","og_url":"https:\/\/impresiondigitalgranformato.es\/fr\/produit\/mampara-portatil\/","og_site_name":"Los + baratos","article_modified_time":"2021-01-08T09:10:21+00:00","og_image":[{"width":945,"height":945,"url":"https:\/\/i0.wp.com\/impresiondigitalgranformato.es\/wp-content\/uploads\/2020\/05\/mampara-separadora-portatil.jpg?fit=945%2C945&ssl=1","type":"image\/jpeg"}],"twitter_card":"summary_large_image","twitter_misc":{"Dur\u00e9e de lecture estim\u00e9e":"2 minutes"},"schema":{"@context":"https:\/\/schema.org","@graph":[{"@type":"WebPage","@id":"https:\/\/impresiondigitalgranformato.es\/producto\/mampara-portatil\/","url":"https:\/\/impresiondigitalgranformato.es\/producto\/mampara-portatil\/","name":"Mampara Port\u00e1til Extensible - Envio en 48 horas - Los + baratos","isPartOf":{"@id":"https:\/\/impresiondigitalgranformato.es\/#website"},"primaryImageOfPage":{"@id":"https:\/\/impresiondigitalgranformato.es\/producto\/mampara-portatil\/#primaryimage"},"image":{"@id":"https:\/\/impresiondigitalgranformato.es\/producto\/mampara-portatil\/#primaryimage"},"thumbnailUrl":"https:\/\/i0.wp.com\/impresiondigitalgranformato.es\/wp-content\/uploads\/2020\/05\/mampara-separadora-portatil.jpg?fit=945%2C945&ssl=1","datePublished":"2020-06-02T10:32:09+00:00","dateModified":"2021-01-08T09:10:21+00:00","description":"Mampara Port\u00e1til ideal para restaurante, cafeterias y separacion de puestos de trabajo. Extensible seg\u00fan su necesidad. DESCUENTOS POR CANTIDADES !!","breadcrumb":{"@id":"https:\/\/impresiondigitalgranformato.es\/producto\/mampara-portatil\/#breadcrumb"},"inLanguage":"fr-FR","potentialAction":[{"@type":"ReadAction","target":["https:\/\/impresiondigitalgranformato.es\/producto\/mampara-portatil\/"]}]},{"@type":"ImageObject","inLanguage":"fr-FR","@id":"https:\/\/impresiondigitalgranformato.es\/producto\/mampara-portatil\/#primaryimage","url":"https:\/\/i0.wp.com\/impresiondigitalgranformato.es\/wp-content\/uploads\/2020\/05\/mampara-separadora-portatil.jpg?fit=945%2C945&ssl=1","contentUrl":"https:\/\/i0.wp.com\/impresiondigitalgranformato.es\/wp-content\/uploads\/2020\/05\/mampara-separadora-portatil.jpg?fit=945%2C945&ssl=1","width":945,"height":945,"caption":"mampara portatil"},{"@type":"BreadcrumbList","@id":"https:\/\/impresiondigitalgranformato.es\/producto\/mampara-portatil\/#breadcrumb","itemListElement":[{"@type":"ListItem","position":1,"name":"Portada","item":"https:\/\/impresiondigitalgranformato.es\/"},{"@type":"ListItem","position":2,"name":"Productos","item":"https:\/\/impresiondigitalgranformato.es\/venta-roll-up-banner\/"},{"@type":"ListItem","position":3,"name":"Mampara Port\u00e1til"}]},{"@type":"WebSite","@id":"https:\/\/impresiondigitalgranformato.es\/#website","url":"https:\/\/impresiondigitalgranformato.es\/","name":"Les moins chers","description":"impression num\u00e9rique grand format vente de roll up, banni\u00e8res, drapeaux, banderoles, b\u00e2ches, affiches, pr\u00e9sentoirs, publicit\u00e9s","publisher":{"@id":"https:\/\/impresiondigitalgranformato.es\/#organization"},"potentialAction":[{"@type":"SearchAction","target":{"@type":"EntryPoint","urlTemplate":"https:\/\/impresiondigitalgranformato.es\/?s={search_term_string}"},"query-input":{"@type":"PropertyValueSpecification","valueRequired":true,"valueName":"search_term_string"}}],"inLanguage":"fr-FR"},{"@type":"Organization","@id":"https:\/\/impresiondigitalgranformato.es\/#organization","name":"Les moins chers","url":"https:\/\/impresiondigitalgranformato.es\/","logo":{"@type":"ImageObject","inLanguage":"fr-FR","@id":"https:\/\/impresiondigitalgranformato.es\/#\/schema\/logo\/image\/","url":"https:\/\/i0.wp.com\/impresiondigitalgranformato.es\/wp-content\/uploads\/2016\/12\/cropped-logotipo-2-e1483373659766.png?fit=500%2C101&ssl=1","contentUrl":"https:\/\/i0.wp.com\/impresiondigitalgranformato.es\/wp-content\/uploads\/2016\/12\/cropped-logotipo-2-e1483373659766.png?fit=500%2C101&ssl=1","width":500,"height":101,"caption":"Los + baratos"},"image":{"@id":"https:\/\/impresiondigitalgranformato.es\/#\/schema\/logo\/image\/"}}]}},"jetpack_sharing_enabled":true,"_links":{"self":[{"href":"https:\/\/impresiondigitalgranformato.es\/fr\/wp-json\/wp\/v2\/product\/12725","targetHints":{"allow":["GET"]}}],"collection":[{"href":"https:\/\/impresiondigitalgranformato.es\/fr\/wp-json\/wp\/v2\/product"}],"about":[{"href":"https:\/\/impresiondigitalgranformato.es\/fr\/wp-json\/wp\/v2\/types\/product"}],"replies":[{"embeddable":true,"href":"https:\/\/impresiondigitalgranformato.es\/fr\/wp-json\/wp\/v2\/comments?post=12725"}],"wp:featuredmedia":[{"embeddable":true,"href":"https:\/\/impresiondigitalgranformato.es\/fr\/wp-json\/wp\/v2\/media\/12721"}],"wp:attachment":[{"href":"https:\/\/impresiondigitalgranformato.es\/fr\/wp-json\/wp\/v2\/media?parent=12725"}],"wp:term":[{"taxonomy":"product_brand","embeddable":true,"href":"https:\/\/impresiondigitalgranformato.es\/fr\/wp-json\/wp\/v2\/product_brand?post=12725"},{"taxonomy":"product_cat","embeddable":true,"href":"https:\/\/impresiondigitalgranformato.es\/fr\/wp-json\/wp\/v2\/product_cat?post=12725"},{"taxonomy":"product_tag","embeddable":true,"href":"https:\/\/impresiondigitalgranformato.es\/fr\/wp-json\/wp\/v2\/product_tag?post=12725"}],"curies":[{"name":"wp","href":"https:\/\/api.w.org\/{rel}","templated":true}]}}