{"id":12736,"date":"2020-06-04T19:04:29","date_gmt":"2020-06-04T17:04:29","guid":{"rendered":"http:\/\/impresiondigitalgranformato.es\/?post_type=product&#038;p=12736"},"modified":"2020-06-04T20:22:45","modified_gmt":"2020-06-04T18:22:45","slug":"dispensador-de-gel-desinfectante-accionado-con-el-pie","status":"publish","type":"product","link":"https:\/\/impresiondigitalgranformato.es\/fr\/producto\/dispensador-de-gel-desinfectante-accionado-con-el-pie\/","title":{"rendered":"Dispensador de Gel Desinfectante Accionado con el Pie"},"content":{"rendered":"<p><strong><span style=\"color: #008000;\">Dispensador de gel desinfectante, accionado con el pie<\/span><\/strong><\/p>\n<p><strong>Manos libre SIN CONTACTO.<\/strong><\/p>\n<p>Con estructura <strong>Robusta <\/strong>y totalmente mec\u00e1nico, no necesita electricidad ni pilas &#8230;<\/p>\n<p>Estructura realizada en aluminio. Ya que es uno de los materiales donde menos aguanta el virus.<\/p>\n<p><strong>Dos modelos para elegir:<\/strong> Fijo anclado a la pared o Port\u00e1til con base.<\/p>\n<p>En ambos modelos se incluye una cartela superior para recordar que utilicen el dispensador de liquido hidroalcoholico.<\/p>\n<p><span style=\"color: #800000;\"><strong>Dispensador fijado a la pared:<\/strong><\/span><\/p>\n<p>Peso: 6 kilos<\/p>\n<p>Altura: 98 cm<\/p>\n<p>Ancho: 14 cm<\/p>\n<p>Fondo: 20 cm<\/p>\n<p>Cartel: 30 x 40 cm Con perfiles de clip para poder cambiar la gr\u00e1fica las veces que quiera<\/p>\n<p><span style=\"color: #800000;\"><strong>Dispensador Port\u00e1til con base:<\/strong><\/span><\/p>\n<p>Peso: 6 kilos<\/p>\n<p>Altura: 98 cm<\/p>\n<p>Ancho: 14 cm<\/p>\n<p>Fondo: 20 cm<\/p>\n<p>Cartel: 30 x 40 cm Con perfiles de clip para poder cambiar la gr\u00e1fica las veces que quiera<\/p>\n<p>Base: 60 x 40 cm<\/p>\n<p>Peso de la base: 10 kilos<\/p>\n<p>Base del dispensador de desinfectante preparada con <strong>tacos regulables<\/strong><\/p>\n<p><span style=\"color: #000000;\"><strong>Dispensador de gel desinfectante <\/strong>ideal para lugares con muchos transito gracias a lo fuerte y robusto que es. Dispensador para colegios, dispensador de alcohol para tiendas, dispensador de liquido hidroalcoholico para centros comerciales &#8230;<\/span><\/p>\n<p>&nbsp;<\/p>","protected":false},"excerpt":{"rendered":"<p><strong><span style=\"color: #008000;\">Dispensador de gel desinfectante, accionado con el pie<\/span><\/strong><\/p>\n<p><strong>Manos libre SIN CONTACTO.<\/strong><\/p>\n<p>Con estructura <strong>Robusta <\/strong>y totalmente mec\u00e1nico, no necesita electricidad ni pilas &#8230;<\/p>\n<p>Dos modelos para elegir: Fijo anclado a la pared o Port\u00e1til con base<\/p>\n<p><a href=\"https:\/\/impresiondigitalgranformato.es\/fr\/categorie-produit\/mamparas-protectoras\/\" xlink=\"href\"><img loading=\"lazy\" decoding=\"async\" class=\"aligncenter size-medium wp-image-12523\" src=\"https:\/\/impresiondigitalgranformato.es\/wp-content\/uploads\/2020\/03\/productos-impresion-digital-gran-formato-600x36.png\" alt=\"productos impresion digital gran formato\" width=\"600\" height=\"36\" srcset=\"https:\/\/i0.wp.com\/impresiondigitalgranformato.es\/wp-content\/uploads\/2020\/03\/productos-impresion-digital-gran-formato.png?resize=600%2C36&amp;ssl=1 600w, https:\/\/i0.wp.com\/impresiondigitalgranformato.es\/wp-content\/uploads\/2020\/03\/productos-impresion-digital-gran-formato.png?resize=100%2C6&amp;ssl=1 100w, https:\/\/i0.wp.com\/impresiondigitalgranformato.es\/wp-content\/uploads\/2020\/03\/productos-impresion-digital-gran-formato.png?resize=150%2C9&amp;ssl=1 150w, https:\/\/i0.wp.com\/impresiondigitalgranformato.es\/wp-content\/uploads\/2020\/03\/productos-impresion-digital-gran-formato.png?resize=200%2C12&amp;ssl=1 200w, https:\/\/i0.wp.com\/impresiondigitalgranformato.es\/wp-content\/uploads\/2020\/03\/productos-impresion-digital-gran-formato.png?resize=300%2C18&amp;ssl=1 300w, https:\/\/i0.wp.com\/impresiondigitalgranformato.es\/wp-content\/uploads\/2020\/03\/productos-impresion-digital-gran-formato.png?resize=450%2C27&amp;ssl=1 450w, https:\/\/i0.wp.com\/impresiondigitalgranformato.es\/wp-content\/uploads\/2020\/03\/productos-impresion-digital-gran-formato.png?w=621&amp;ssl=1 621w\" sizes=\"auto, (max-width: 600px) 100vw, 600px\" \/><\/a><\/p>","protected":false},"featured_media":12744,"comment_status":"open","ping_status":"closed","template":"","meta":[],"product_brand":[],"product_cat":[92],"product_tag":[],"class_list":{"0":"post-12736","1":"product","2":"type-product","3":"status-publish","4":"has-post-thumbnail","6":"product_cat-mamparas-protectoras","8":"first","9":"instock","10":"taxable","11":"shipping-taxable","12":"purchasable","13":"product-type-simple"},"yoast_head":"<!-- This site is optimized with the Yoast SEO plugin v27.3 - https:\/\/yoast.com\/product\/yoast-seo-wordpress\/ -->\n<title>Dispensador de Gel Desinfectante Accionado con el Pie - Los + baratos<\/title>\n<meta name=\"description\" content=\"Dispensador de gel desinfectante, accionado con el pie. MANOS LIBRES sin contacto ni contagios.Fabricado en aluminio y muy robusto.\" \/>\n<meta name=\"robots\" content=\"index, follow, max-snippet:-1, max-image-preview:large, max-video-preview:-1\" \/>\n<link rel=\"canonical\" href=\"https:\/\/impresiondigitalgranformato.es\/fr\/produit\/dispensador-de-gel-desinfectante-accionado-con-el-pie\/\" \/>\n<meta property=\"og:locale\" content=\"fr_FR\" \/>\n<meta property=\"og:type\" content=\"article\" \/>\n<meta property=\"og:title\" content=\"Dispensador de Gel Desinfectante Accionado con el Pie - Los + baratos\" \/>\n<meta property=\"og:description\" content=\"Dispensador de gel desinfectante, accionado con el pie. MANOS LIBRES sin contacto ni contagios.Fabricado en aluminio y muy robusto.\" \/>\n<meta property=\"og:url\" content=\"https:\/\/impresiondigitalgranformato.es\/fr\/produit\/dispensador-de-gel-desinfectante-accionado-con-el-pie\/\" \/>\n<meta property=\"og:site_name\" content=\"Los + baratos\" \/>\n<meta property=\"article:modified_time\" content=\"2020-06-04T18:22:45+00:00\" \/>\n<meta property=\"og:image\" content=\"https:\/\/i2.wp.com\/impresiondigitalgranformato.es\/wp-content\/uploads\/2020\/06\/dispensador-gel-desinfectante.jpg?fit=945%2C945&ssl=1\" \/>\n\t<meta property=\"og:image:width\" content=\"945\" \/>\n\t<meta property=\"og:image:height\" content=\"945\" \/>\n\t<meta property=\"og:image:type\" content=\"image\/jpeg\" \/>\n<meta name=\"twitter:card\" content=\"summary_large_image\" \/>\n<meta name=\"twitter:label1\" content=\"Dur\u00e9e de lecture estim\u00e9e\" \/>\n\t<meta name=\"twitter:data1\" content=\"1 minute\" \/>\n<script type=\"application\/ld+json\" class=\"yoast-schema-graph\">{\"@context\":\"https:\\\/\\\/schema.org\",\"@graph\":[{\"@type\":\"WebPage\",\"@id\":\"https:\\\/\\\/impresiondigitalgranformato.es\\\/producto\\\/dispensador-de-gel-desinfectante-accionado-con-el-pie\\\/\",\"url\":\"https:\\\/\\\/impresiondigitalgranformato.es\\\/producto\\\/dispensador-de-gel-desinfectante-accionado-con-el-pie\\\/\",\"name\":\"Dispensador de Gel Desinfectante Accionado con el Pie - Los + baratos\",\"isPartOf\":{\"@id\":\"https:\\\/\\\/impresiondigitalgranformato.es\\\/#website\"},\"primaryImageOfPage\":{\"@id\":\"https:\\\/\\\/impresiondigitalgranformato.es\\\/producto\\\/dispensador-de-gel-desinfectante-accionado-con-el-pie\\\/#primaryimage\"},\"image\":{\"@id\":\"https:\\\/\\\/impresiondigitalgranformato.es\\\/producto\\\/dispensador-de-gel-desinfectante-accionado-con-el-pie\\\/#primaryimage\"},\"thumbnailUrl\":\"https:\\\/\\\/i0.wp.com\\\/impresiondigitalgranformato.es\\\/wp-content\\\/uploads\\\/2020\\\/06\\\/dispensador-gel-desinfectante.jpg?fit=945%2C945&ssl=1\",\"datePublished\":\"2020-06-04T17:04:29+00:00\",\"dateModified\":\"2020-06-04T18:22:45+00:00\",\"description\":\"Dispensador de gel desinfectante, accionado con el pie. MANOS LIBRES sin contacto ni contagios.Fabricado en aluminio y muy robusto.\",\"breadcrumb\":{\"@id\":\"https:\\\/\\\/impresiondigitalgranformato.es\\\/producto\\\/dispensador-de-gel-desinfectante-accionado-con-el-pie\\\/#breadcrumb\"},\"inLanguage\":\"fr-FR\",\"potentialAction\":[{\"@type\":\"ReadAction\",\"target\":[\"https:\\\/\\\/impresiondigitalgranformato.es\\\/producto\\\/dispensador-de-gel-desinfectante-accionado-con-el-pie\\\/\"]}]},{\"@type\":\"ImageObject\",\"inLanguage\":\"fr-FR\",\"@id\":\"https:\\\/\\\/impresiondigitalgranformato.es\\\/producto\\\/dispensador-de-gel-desinfectante-accionado-con-el-pie\\\/#primaryimage\",\"url\":\"https:\\\/\\\/i0.wp.com\\\/impresiondigitalgranformato.es\\\/wp-content\\\/uploads\\\/2020\\\/06\\\/dispensador-gel-desinfectante.jpg?fit=945%2C945&ssl=1\",\"contentUrl\":\"https:\\\/\\\/i0.wp.com\\\/impresiondigitalgranformato.es\\\/wp-content\\\/uploads\\\/2020\\\/06\\\/dispensador-gel-desinfectante.jpg?fit=945%2C945&ssl=1\",\"width\":945,\"height\":945,\"caption\":\"dispensador gel desinfectante\"},{\"@type\":\"BreadcrumbList\",\"@id\":\"https:\\\/\\\/impresiondigitalgranformato.es\\\/producto\\\/dispensador-de-gel-desinfectante-accionado-con-el-pie\\\/#breadcrumb\",\"itemListElement\":[{\"@type\":\"ListItem\",\"position\":1,\"name\":\"Portada\",\"item\":\"https:\\\/\\\/impresiondigitalgranformato.es\\\/\"},{\"@type\":\"ListItem\",\"position\":2,\"name\":\"Productos\",\"item\":\"https:\\\/\\\/impresiondigitalgranformato.es\\\/venta-roll-up-banner\\\/\"},{\"@type\":\"ListItem\",\"position\":3,\"name\":\"Dispensador de Gel Desinfectante Accionado con el Pie\"}]},{\"@type\":\"WebSite\",\"@id\":\"https:\\\/\\\/impresiondigitalgranformato.es\\\/#website\",\"url\":\"https:\\\/\\\/impresiondigitalgranformato.es\\\/\",\"name\":\"Los + baratos\",\"description\":\"impresi\u00f3n digital gran formato venta de roll up, banner, banderas, lonas, carteles, displays, publicidad\",\"publisher\":{\"@id\":\"https:\\\/\\\/impresiondigitalgranformato.es\\\/#organization\"},\"potentialAction\":[{\"@type\":\"SearchAction\",\"target\":{\"@type\":\"EntryPoint\",\"urlTemplate\":\"https:\\\/\\\/impresiondigitalgranformato.es\\\/?s={search_term_string}\"},\"query-input\":{\"@type\":\"PropertyValueSpecification\",\"valueRequired\":true,\"valueName\":\"search_term_string\"}}],\"inLanguage\":\"fr-FR\"},{\"@type\":\"Organization\",\"@id\":\"https:\\\/\\\/impresiondigitalgranformato.es\\\/#organization\",\"name\":\"Los + baratos\",\"url\":\"https:\\\/\\\/impresiondigitalgranformato.es\\\/\",\"logo\":{\"@type\":\"ImageObject\",\"inLanguage\":\"fr-FR\",\"@id\":\"https:\\\/\\\/impresiondigitalgranformato.es\\\/#\\\/schema\\\/logo\\\/image\\\/\",\"url\":\"https:\\\/\\\/i0.wp.com\\\/impresiondigitalgranformato.es\\\/wp-content\\\/uploads\\\/2016\\\/12\\\/cropped-logotipo-2-e1483373659766.png?fit=500%2C101&ssl=1\",\"contentUrl\":\"https:\\\/\\\/i0.wp.com\\\/impresiondigitalgranformato.es\\\/wp-content\\\/uploads\\\/2016\\\/12\\\/cropped-logotipo-2-e1483373659766.png?fit=500%2C101&ssl=1\",\"width\":500,\"height\":101,\"caption\":\"Los + baratos\"},\"image\":{\"@id\":\"https:\\\/\\\/impresiondigitalgranformato.es\\\/#\\\/schema\\\/logo\\\/image\\\/\"}}]}<\/script>\n<!-- \/ Yoast SEO plugin. -->","yoast_head_json":{"title":"Dispensador de Gel Desinfectante Accionado con el Pie - Los + baratos","description":"Dispensador de gel desinfectante, accionado con el pie. MANOS LIBRES sin contacto ni contagios.Fabricado en aluminio y muy robusto.","robots":{"index":"index","follow":"follow","max-snippet":"max-snippet:-1","max-image-preview":"max-image-preview:large","max-video-preview":"max-video-preview:-1"},"canonical":"https:\/\/impresiondigitalgranformato.es\/fr\/produit\/dispensador-de-gel-desinfectante-accionado-con-el-pie\/","og_locale":"fr_FR","og_type":"article","og_title":"Dispensador de Gel Desinfectante Accionado con el Pie - Los + baratos","og_description":"Dispensador de gel desinfectante, accionado con el pie. MANOS LIBRES sin contacto ni contagios.Fabricado en aluminio y muy robusto.","og_url":"https:\/\/impresiondigitalgranformato.es\/fr\/produit\/dispensador-de-gel-desinfectante-accionado-con-el-pie\/","og_site_name":"Los + baratos","article_modified_time":"2020-06-04T18:22:45+00:00","og_image":[{"width":945,"height":945,"url":"https:\/\/i2.wp.com\/impresiondigitalgranformato.es\/wp-content\/uploads\/2020\/06\/dispensador-gel-desinfectante.jpg?fit=945%2C945&ssl=1","type":"image\/jpeg"}],"twitter_card":"summary_large_image","twitter_misc":{"Dur\u00e9e de lecture estim\u00e9e":"1 minute"},"schema":{"@context":"https:\/\/schema.org","@graph":[{"@type":"WebPage","@id":"https:\/\/impresiondigitalgranformato.es\/producto\/dispensador-de-gel-desinfectante-accionado-con-el-pie\/","url":"https:\/\/impresiondigitalgranformato.es\/producto\/dispensador-de-gel-desinfectante-accionado-con-el-pie\/","name":"Dispensador de Gel Desinfectante Accionado con el Pie - Los + baratos","isPartOf":{"@id":"https:\/\/impresiondigitalgranformato.es\/#website"},"primaryImageOfPage":{"@id":"https:\/\/impresiondigitalgranformato.es\/producto\/dispensador-de-gel-desinfectante-accionado-con-el-pie\/#primaryimage"},"image":{"@id":"https:\/\/impresiondigitalgranformato.es\/producto\/dispensador-de-gel-desinfectante-accionado-con-el-pie\/#primaryimage"},"thumbnailUrl":"https:\/\/i0.wp.com\/impresiondigitalgranformato.es\/wp-content\/uploads\/2020\/06\/dispensador-gel-desinfectante.jpg?fit=945%2C945&ssl=1","datePublished":"2020-06-04T17:04:29+00:00","dateModified":"2020-06-04T18:22:45+00:00","description":"Dispensador de gel desinfectante, accionado con el pie. MANOS LIBRES sin contacto ni contagios.Fabricado en aluminio y muy robusto.","breadcrumb":{"@id":"https:\/\/impresiondigitalgranformato.es\/producto\/dispensador-de-gel-desinfectante-accionado-con-el-pie\/#breadcrumb"},"inLanguage":"fr-FR","potentialAction":[{"@type":"ReadAction","target":["https:\/\/impresiondigitalgranformato.es\/producto\/dispensador-de-gel-desinfectante-accionado-con-el-pie\/"]}]},{"@type":"ImageObject","inLanguage":"fr-FR","@id":"https:\/\/impresiondigitalgranformato.es\/producto\/dispensador-de-gel-desinfectante-accionado-con-el-pie\/#primaryimage","url":"https:\/\/i0.wp.com\/impresiondigitalgranformato.es\/wp-content\/uploads\/2020\/06\/dispensador-gel-desinfectante.jpg?fit=945%2C945&ssl=1","contentUrl":"https:\/\/i0.wp.com\/impresiondigitalgranformato.es\/wp-content\/uploads\/2020\/06\/dispensador-gel-desinfectante.jpg?fit=945%2C945&ssl=1","width":945,"height":945,"caption":"dispensador gel desinfectante"},{"@type":"BreadcrumbList","@id":"https:\/\/impresiondigitalgranformato.es\/producto\/dispensador-de-gel-desinfectante-accionado-con-el-pie\/#breadcrumb","itemListElement":[{"@type":"ListItem","position":1,"name":"Portada","item":"https:\/\/impresiondigitalgranformato.es\/"},{"@type":"ListItem","position":2,"name":"Productos","item":"https:\/\/impresiondigitalgranformato.es\/venta-roll-up-banner\/"},{"@type":"ListItem","position":3,"name":"Dispensador de Gel Desinfectante Accionado con el Pie"}]},{"@type":"WebSite","@id":"https:\/\/impresiondigitalgranformato.es\/#website","url":"https:\/\/impresiondigitalgranformato.es\/","name":"Les moins chers","description":"impression num\u00e9rique grand format vente de roll up, banni\u00e8res, drapeaux, banderoles, b\u00e2ches, affiches, pr\u00e9sentoirs, publicit\u00e9s","publisher":{"@id":"https:\/\/impresiondigitalgranformato.es\/#organization"},"potentialAction":[{"@type":"SearchAction","target":{"@type":"EntryPoint","urlTemplate":"https:\/\/impresiondigitalgranformato.es\/?s={search_term_string}"},"query-input":{"@type":"PropertyValueSpecification","valueRequired":true,"valueName":"search_term_string"}}],"inLanguage":"fr-FR"},{"@type":"Organization","@id":"https:\/\/impresiondigitalgranformato.es\/#organization","name":"Les moins chers","url":"https:\/\/impresiondigitalgranformato.es\/","logo":{"@type":"ImageObject","inLanguage":"fr-FR","@id":"https:\/\/impresiondigitalgranformato.es\/#\/schema\/logo\/image\/","url":"https:\/\/i0.wp.com\/impresiondigitalgranformato.es\/wp-content\/uploads\/2016\/12\/cropped-logotipo-2-e1483373659766.png?fit=500%2C101&ssl=1","contentUrl":"https:\/\/i0.wp.com\/impresiondigitalgranformato.es\/wp-content\/uploads\/2016\/12\/cropped-logotipo-2-e1483373659766.png?fit=500%2C101&ssl=1","width":500,"height":101,"caption":"Los + baratos"},"image":{"@id":"https:\/\/impresiondigitalgranformato.es\/#\/schema\/logo\/image\/"}}]}},"jetpack_sharing_enabled":true,"_links":{"self":[{"href":"https:\/\/impresiondigitalgranformato.es\/fr\/wp-json\/wp\/v2\/product\/12736","targetHints":{"allow":["GET"]}}],"collection":[{"href":"https:\/\/impresiondigitalgranformato.es\/fr\/wp-json\/wp\/v2\/product"}],"about":[{"href":"https:\/\/impresiondigitalgranformato.es\/fr\/wp-json\/wp\/v2\/types\/product"}],"replies":[{"embeddable":true,"href":"https:\/\/impresiondigitalgranformato.es\/fr\/wp-json\/wp\/v2\/comments?post=12736"}],"wp:featuredmedia":[{"embeddable":true,"href":"https:\/\/impresiondigitalgranformato.es\/fr\/wp-json\/wp\/v2\/media\/12744"}],"wp:attachment":[{"href":"https:\/\/impresiondigitalgranformato.es\/fr\/wp-json\/wp\/v2\/media?parent=12736"}],"wp:term":[{"taxonomy":"product_brand","embeddable":true,"href":"https:\/\/impresiondigitalgranformato.es\/fr\/wp-json\/wp\/v2\/product_brand?post=12736"},{"taxonomy":"product_cat","embeddable":true,"href":"https:\/\/impresiondigitalgranformato.es\/fr\/wp-json\/wp\/v2\/product_cat?post=12736"},{"taxonomy":"product_tag","embeddable":true,"href":"https:\/\/impresiondigitalgranformato.es\/fr\/wp-json\/wp\/v2\/product_tag?post=12736"}],"curies":[{"name":"wp","href":"https:\/\/api.w.org\/{rel}","templated":true}]}}