{"id":12755,"date":"2020-06-08T18:27:52","date_gmt":"2020-06-08T16:27:52","guid":{"rendered":"http:\/\/impresiondigitalgranformato.es\/?post_type=product&#038;p=12755"},"modified":"2020-06-09T11:38:12","modified_gmt":"2020-06-09T09:38:12","slug":"vinilo-suelo-distancia-de-seguridad","status":"publish","type":"product","link":"https:\/\/impresiondigitalgranformato.es\/fr\/producto\/vinilo-suelo-distancia-de-seguridad\/","title":{"rendered":"Vinilo Suelo Distancia de Seguridad"},"content":{"rendered":"<p><span style=\"color: #008000;\"><strong>Vinilo de Suelo para distancia de Seguridad<\/strong><\/span> <span style=\"color: #000000;\"><strong>PACK DE 4 UNID<\/strong><\/span><\/p>\n<h4><span style=\"color: #ff0000;\"><strong>DESCUENTOS POR CANTIDADES <\/strong><span style=\"color: #000000;\">(vea la tabla)<\/span><\/span><\/h4>\n<p>Dos tama\u00f1os a elegir <strong>32 x 32 cm<\/strong> para tiendas, locales peque\u00f1os, restaurante, cafeter\u00edas, bares o negocios con poco transito de personas y de <strong>45 x 45 cm<\/strong> para grandes superficies, cines, salsas de espera, centros comerciales y lugares con mucho transito.<\/p>\n<p>Realizado en impresi\u00f3n digital sobre vinilo adhesivo para el suelo y laminado con material\u00a0<em><a target=\"_blank\" href=\"https:\/\/graphics.averydennison.es\/es\/home\/graphics-products\/digitally-printable-films\/digital-overlaminate-films\/floor-graphics-series-overlaminate-films.html\" xlink=\"href\" rel=\"noopener noreferrer\"><strong>ANTI-DESLIZANTE <\/strong><\/a>seg\u00fan la normativa<\/em><\/p>\n<p><strong>PUEDE PERSONALIZAR LOS TEXTOS Y COLORES<\/strong><\/p>\n<h4><span style=\"color: #003300;\">HUELLAS<\/span><\/h4>\n<p>Diferentes tipos de huellas para elegir seg\u00fan prefiera para su negocio y mas se ajuste a su tipo de cliente. Huella de hombre o de mujer, huella de animal para centros veterinarios y tiendas de mascotas o de veh\u00edculo para concesionarios, talleres o itv.<\/p>\n<h4><span style=\"color: #003300;\">TEXTOS<\/span><\/h4>\n<p>Puede elegir entre 4 textos diferentes: <strong>Respete la distancia de seguridad <\/strong>para pasillos, salas de espera, galer\u00edas comerciales. <strong>Espere aqu\u00ed su turno <\/strong>para colocar en puntos de venta, filas a cajas, ventanillas de venta de entradas, colas de espera. <strong>Espere aqu\u00ed a ser atendido<\/strong> para tiendas con venta personalizada, cl\u00ednicas dentales, centros de belleza, restaurantes&#8230;\u00a0 <strong>La salud es cosa de todos <\/strong>mensaje valido para cualquier negocio o lugar publico para concienciar sobre la importancia de mantener la distancia. Ademas tambi\u00e9n tiene la opci\u00f3n de <strong>PERSONALIZAR<\/strong>\u00a0 su mensaje para una mejor adaptaci\u00f3n sus necesidades.<\/p>\n<h4><span style=\"color: #003300;\">COLORES<\/span><\/h4>\n<p><span style=\"color: #000000;\">En el Vinilo de Suelo para distancia de Seguridad puede personalizas los colores de las huellas, textos y fondo. De esta manera los colores de la pegatina de distancia social se adaptara al dise\u00f1o de su local o tienda. Esta opci\u00f3n nos permite que la colocaci\u00f3n de este tipo de productos de prevenci\u00f3n contra el contagio no rompa la est\u00e9tica de su negocio y permitira que sus clientes vuelvan mas r\u00e1pido a la normalidad sin olvidar lo importante que es la salud de todos.<\/span><\/p>\n<p><span style=\"color: #008000;\"><strong>RECUERDE<\/strong> siempre que tenemos que mantener la distancia de seguridad para la NO propagaci\u00f3n.<\/span><\/p>\n<p>En esto tambien podemos ayudarle con nuestras <a href=\"https:\/\/impresiondigitalgranformato.es\/fr\/categorie-produit\/mamparas-protectoras\/\" xlink=\"href\">Mamparas protectora anticontagios<\/a>, tanto fijas como port\u00e1tiles<\/p>\n<p>&nbsp;<\/p>\n<p><strong><span style=\"color: #800000;\">ENV\u00cdO ESPECIAL EN 48 HORAS<\/span>\u00a0<\/strong>(solo para productos relacionados con la lucha contra el coronavirus)<\/p>\n<p>En el caso que este articulo no sea lo que esta buscando\u00a0<strong>Vea mas modelos<\/strong>\u00a0en nuestra secci\u00f3n de\u00a0<a href=\"https:\/\/impresiondigitalgranformato.es\/fr\/categorie-produit\/carteles-coronavirus\/\" xlink=\"href\">carteles coronavirus para la NO propagaci\u00f3n.<\/a><\/p>\n<p><strong>JUNTOS, LO CONSEGUIREMOS!!!<\/strong><\/p>\n<p>&nbsp;<\/p>\n<p data-pbs-phone-margin-bottom=\"18px\"><strong>Diff\u00e9rents types d'envois :<\/strong><\/p>\n<p data-pbs-phone-margin-bottom=\"18px\"><strong>*<\/strong>\u00a0desde la 1\u00aa unid en 8 d\u00edas laborales.<\/p>\n<p data-pbs-phone-margin-bottom=\"18px\"><strong>Env\u00edo en 4 d\u00edas laborales<\/strong>\u00a0con coste (seg\u00fan pedido) o\u00a0<strong>GRATUITO<\/strong>\u00a0en 4 d\u00edas laborales a partir de 250 \u20ac de compra. *(sin contar el I.V.A.)<\/p>\n<p data-pbs-phone-margin-top=\"1px\"><strong>Production et livraison dans les 2 jours ouvrables<\/strong>: 6 \u20ac de incremento en el pedido.<\/p>\n<p data-pbs-phone-margin-top=\"1px\"><strong>Producci\u00f3n y entrega en 24 horas*<\/strong>: 9 \u20ac de incremento en el pedido (este servicio es solo valido para pedidos confirmado antes de las 11:30 horas del d\u00eda en curso.)<\/p>","protected":false},"excerpt":{"rendered":"<p><span style=\"color: #008000;\"><strong>Vinilo de Suelo para distancia de Seguridad<\/strong><\/span> <span style=\"color: #000000;\"><strong>PACK DE 4 UNID<\/strong><\/span><\/p>\n<p><strong>Puede personalizar los textos y los colores<\/strong><\/p>\n<p>2 tama\u00f1os cuadrados a elegir: 32 x 32 cm y 45 x 45 cm<\/p>\n<h4><span style=\"color: #800000;\"><strong>ENV\u00cdO ESPECIAL EN 48 HORAS<\/strong><\/span><\/h4>\n<p>(solo para productos relacionados con la lucha contra el coronavirus)<\/p>\n<p>Tambi\u00e9n tiene la posibilidad de env\u00edo gratis desde la 1\u00aa unid.<\/p>\n<p>Posibilidad de entrega en 24 horas<\/p>\n<p><span style=\"color: #ff0000;\"><strong>DESCUENTO POR CANTIDADES <\/strong><span style=\"color: #000000;\">(vea la tabla)<\/span><\/span><\/p>\n<p><a href=\"https:\/\/impresiondigitalgranformato.es\/fr\/categorie-produit\/carteles-coronavirus\/\" xlink=\"href\"><img loading=\"lazy\" decoding=\"async\" class=\"aligncenter size-medium wp-image-12523\" src=\"https:\/\/impresiondigitalgranformato.es\/wp-content\/uploads\/2020\/03\/productos-impresion-digital-gran-formato-600x36.png\" alt=\"productos impresion digital gran formato\" width=\"600\" height=\"36\" srcset=\"https:\/\/i0.wp.com\/impresiondigitalgranformato.es\/wp-content\/uploads\/2020\/03\/productos-impresion-digital-gran-formato.png?resize=600%2C36&amp;ssl=1 600w, https:\/\/i0.wp.com\/impresiondigitalgranformato.es\/wp-content\/uploads\/2020\/03\/productos-impresion-digital-gran-formato.png?resize=100%2C6&amp;ssl=1 100w, https:\/\/i0.wp.com\/impresiondigitalgranformato.es\/wp-content\/uploads\/2020\/03\/productos-impresion-digital-gran-formato.png?resize=150%2C9&amp;ssl=1 150w, https:\/\/i0.wp.com\/impresiondigitalgranformato.es\/wp-content\/uploads\/2020\/03\/productos-impresion-digital-gran-formato.png?resize=200%2C12&amp;ssl=1 200w, https:\/\/i0.wp.com\/impresiondigitalgranformato.es\/wp-content\/uploads\/2020\/03\/productos-impresion-digital-gran-formato.png?resize=300%2C18&amp;ssl=1 300w, https:\/\/i0.wp.com\/impresiondigitalgranformato.es\/wp-content\/uploads\/2020\/03\/productos-impresion-digital-gran-formato.png?resize=450%2C27&amp;ssl=1 450w, https:\/\/i0.wp.com\/impresiondigitalgranformato.es\/wp-content\/uploads\/2020\/03\/productos-impresion-digital-gran-formato.png?w=621&amp;ssl=1 621w\" sizes=\"auto, (max-width: 600px) 100vw, 600px\" \/><\/a><\/p>","protected":false},"featured_media":12762,"comment_status":"open","ping_status":"closed","template":"","meta":[],"product_brand":[],"product_cat":[83],"product_tag":[],"class_list":{"0":"post-12755","1":"product","2":"type-product","3":"status-publish","4":"has-post-thumbnail","6":"product_cat-carteles-coronavirus","8":"first","9":"instock","10":"taxable","11":"shipping-taxable","12":"purchasable","13":"product-type-simple"},"yoast_head":"<!-- This site is optimized with the Yoast SEO plugin v27.3 - https:\/\/yoast.com\/product\/yoast-seo-wordpress\/ -->\n<title>Vinilo suelo distancia seguridad - Los + baratos - en Oferta pack 4 unid<\/title>\n<meta name=\"description\" content=\"Vinilo para el suelo indicando que mantengan la distancia de seguridad. Puede personalizar los textos y colores. oferta en pack de 4 unid. Env\u00edo en 48 horas\" \/>\n<meta name=\"robots\" content=\"index, follow, max-snippet:-1, max-image-preview:large, max-video-preview:-1\" \/>\n<link rel=\"canonical\" href=\"https:\/\/impresiondigitalgranformato.es\/fr\/produit\/vinilo-suelo-distancia-de-seguridad\/\" \/>\n<meta property=\"og:locale\" content=\"fr_FR\" \/>\n<meta property=\"og:type\" content=\"article\" \/>\n<meta property=\"og:title\" content=\"Vinilo suelo distancia seguridad - Los + baratos - en Oferta pack 4 unid\" \/>\n<meta property=\"og:description\" content=\"Vinilo para el suelo indicando que mantengan la distancia de seguridad. Puede personalizar los textos y colores. oferta en pack de 4 unid. Env\u00edo en 48 horas\" \/>\n<meta property=\"og:url\" content=\"https:\/\/impresiondigitalgranformato.es\/fr\/produit\/vinilo-suelo-distancia-de-seguridad\/\" \/>\n<meta property=\"og:site_name\" content=\"Los + baratos\" \/>\n<meta property=\"article:modified_time\" content=\"2020-06-09T09:38:12+00:00\" \/>\n<meta property=\"og:image\" content=\"https:\/\/i0.wp.com\/impresiondigitalgranformato.es\/wp-content\/uploads\/2020\/06\/Vinilo-Suelo-Distancia-de-Seguridad.png?fit=630%2C610&ssl=1\" \/>\n\t<meta property=\"og:image:width\" content=\"630\" \/>\n\t<meta property=\"og:image:height\" content=\"610\" \/>\n\t<meta property=\"og:image:type\" content=\"image\/png\" \/>\n<meta name=\"twitter:card\" content=\"summary_large_image\" \/>\n<meta name=\"twitter:label1\" content=\"Dur\u00e9e de lecture estim\u00e9e\" \/>\n\t<meta name=\"twitter:data1\" content=\"2 minutes\" \/>\n<script type=\"application\/ld+json\" class=\"yoast-schema-graph\">{\"@context\":\"https:\\\/\\\/schema.org\",\"@graph\":[{\"@type\":\"WebPage\",\"@id\":\"https:\\\/\\\/impresiondigitalgranformato.es\\\/producto\\\/vinilo-suelo-distancia-de-seguridad\\\/\",\"url\":\"https:\\\/\\\/impresiondigitalgranformato.es\\\/producto\\\/vinilo-suelo-distancia-de-seguridad\\\/\",\"name\":\"Vinilo suelo distancia seguridad - Los + baratos - en Oferta pack 4 unid\",\"isPartOf\":{\"@id\":\"https:\\\/\\\/impresiondigitalgranformato.es\\\/#website\"},\"primaryImageOfPage\":{\"@id\":\"https:\\\/\\\/impresiondigitalgranformato.es\\\/producto\\\/vinilo-suelo-distancia-de-seguridad\\\/#primaryimage\"},\"image\":{\"@id\":\"https:\\\/\\\/impresiondigitalgranformato.es\\\/producto\\\/vinilo-suelo-distancia-de-seguridad\\\/#primaryimage\"},\"thumbnailUrl\":\"https:\\\/\\\/i0.wp.com\\\/impresiondigitalgranformato.es\\\/wp-content\\\/uploads\\\/2020\\\/06\\\/Vinilo-Suelo-Distancia-de-Seguridad.png?fit=630%2C610&ssl=1\",\"datePublished\":\"2020-06-08T16:27:52+00:00\",\"dateModified\":\"2020-06-09T09:38:12+00:00\",\"description\":\"Vinilo para el suelo indicando que mantengan la distancia de seguridad. Puede personalizar los textos y colores. oferta en pack de 4 unid. Env\u00edo en 48 horas\",\"breadcrumb\":{\"@id\":\"https:\\\/\\\/impresiondigitalgranformato.es\\\/producto\\\/vinilo-suelo-distancia-de-seguridad\\\/#breadcrumb\"},\"inLanguage\":\"fr-FR\",\"potentialAction\":[{\"@type\":\"ReadAction\",\"target\":[\"https:\\\/\\\/impresiondigitalgranformato.es\\\/producto\\\/vinilo-suelo-distancia-de-seguridad\\\/\"]}]},{\"@type\":\"ImageObject\",\"inLanguage\":\"fr-FR\",\"@id\":\"https:\\\/\\\/impresiondigitalgranformato.es\\\/producto\\\/vinilo-suelo-distancia-de-seguridad\\\/#primaryimage\",\"url\":\"https:\\\/\\\/i0.wp.com\\\/impresiondigitalgranformato.es\\\/wp-content\\\/uploads\\\/2020\\\/06\\\/Vinilo-Suelo-Distancia-de-Seguridad.png?fit=630%2C610&ssl=1\",\"contentUrl\":\"https:\\\/\\\/i0.wp.com\\\/impresiondigitalgranformato.es\\\/wp-content\\\/uploads\\\/2020\\\/06\\\/Vinilo-Suelo-Distancia-de-Seguridad.png?fit=630%2C610&ssl=1\",\"width\":630,\"height\":610,\"caption\":\"vinilo suelo distancia seguridad\"},{\"@type\":\"BreadcrumbList\",\"@id\":\"https:\\\/\\\/impresiondigitalgranformato.es\\\/producto\\\/vinilo-suelo-distancia-de-seguridad\\\/#breadcrumb\",\"itemListElement\":[{\"@type\":\"ListItem\",\"position\":1,\"name\":\"Portada\",\"item\":\"https:\\\/\\\/impresiondigitalgranformato.es\\\/\"},{\"@type\":\"ListItem\",\"position\":2,\"name\":\"Productos\",\"item\":\"https:\\\/\\\/impresiondigitalgranformato.es\\\/venta-roll-up-banner\\\/\"},{\"@type\":\"ListItem\",\"position\":3,\"name\":\"Vinilo Suelo Distancia de Seguridad\"}]},{\"@type\":\"WebSite\",\"@id\":\"https:\\\/\\\/impresiondigitalgranformato.es\\\/#website\",\"url\":\"https:\\\/\\\/impresiondigitalgranformato.es\\\/\",\"name\":\"Los + baratos\",\"description\":\"impresi\u00f3n digital gran formato venta de roll up, banner, banderas, lonas, carteles, displays, publicidad\",\"publisher\":{\"@id\":\"https:\\\/\\\/impresiondigitalgranformato.es\\\/#organization\"},\"potentialAction\":[{\"@type\":\"SearchAction\",\"target\":{\"@type\":\"EntryPoint\",\"urlTemplate\":\"https:\\\/\\\/impresiondigitalgranformato.es\\\/?s={search_term_string}\"},\"query-input\":{\"@type\":\"PropertyValueSpecification\",\"valueRequired\":true,\"valueName\":\"search_term_string\"}}],\"inLanguage\":\"fr-FR\"},{\"@type\":\"Organization\",\"@id\":\"https:\\\/\\\/impresiondigitalgranformato.es\\\/#organization\",\"name\":\"Los + baratos\",\"url\":\"https:\\\/\\\/impresiondigitalgranformato.es\\\/\",\"logo\":{\"@type\":\"ImageObject\",\"inLanguage\":\"fr-FR\",\"@id\":\"https:\\\/\\\/impresiondigitalgranformato.es\\\/#\\\/schema\\\/logo\\\/image\\\/\",\"url\":\"https:\\\/\\\/i0.wp.com\\\/impresiondigitalgranformato.es\\\/wp-content\\\/uploads\\\/2016\\\/12\\\/cropped-logotipo-2-e1483373659766.png?fit=500%2C101&ssl=1\",\"contentUrl\":\"https:\\\/\\\/i0.wp.com\\\/impresiondigitalgranformato.es\\\/wp-content\\\/uploads\\\/2016\\\/12\\\/cropped-logotipo-2-e1483373659766.png?fit=500%2C101&ssl=1\",\"width\":500,\"height\":101,\"caption\":\"Los + baratos\"},\"image\":{\"@id\":\"https:\\\/\\\/impresiondigitalgranformato.es\\\/#\\\/schema\\\/logo\\\/image\\\/\"}}]}<\/script>\n<!-- \/ Yoast SEO plugin. -->","yoast_head_json":{"title":"Vinilo suelo distancia seguridad - Los + baratos - en Oferta pack 4 unid","description":"Vinilo para el suelo indicando que mantengan la distancia de seguridad. Puede personalizar los textos y colores. oferta en pack de 4 unid. Env\u00edo en 48 horas","robots":{"index":"index","follow":"follow","max-snippet":"max-snippet:-1","max-image-preview":"max-image-preview:large","max-video-preview":"max-video-preview:-1"},"canonical":"https:\/\/impresiondigitalgranformato.es\/fr\/produit\/vinilo-suelo-distancia-de-seguridad\/","og_locale":"fr_FR","og_type":"article","og_title":"Vinilo suelo distancia seguridad - Los + baratos - en Oferta pack 4 unid","og_description":"Vinilo para el suelo indicando que mantengan la distancia de seguridad. Puede personalizar los textos y colores. oferta en pack de 4 unid. Env\u00edo en 48 horas","og_url":"https:\/\/impresiondigitalgranformato.es\/fr\/produit\/vinilo-suelo-distancia-de-seguridad\/","og_site_name":"Los + baratos","article_modified_time":"2020-06-09T09:38:12+00:00","og_image":[{"width":630,"height":610,"url":"https:\/\/i0.wp.com\/impresiondigitalgranformato.es\/wp-content\/uploads\/2020\/06\/Vinilo-Suelo-Distancia-de-Seguridad.png?fit=630%2C610&ssl=1","type":"image\/png"}],"twitter_card":"summary_large_image","twitter_misc":{"Dur\u00e9e de lecture estim\u00e9e":"2 minutes"},"schema":{"@context":"https:\/\/schema.org","@graph":[{"@type":"WebPage","@id":"https:\/\/impresiondigitalgranformato.es\/producto\/vinilo-suelo-distancia-de-seguridad\/","url":"https:\/\/impresiondigitalgranformato.es\/producto\/vinilo-suelo-distancia-de-seguridad\/","name":"Vinilo suelo distancia seguridad - Los + baratos - en Oferta pack 4 unid","isPartOf":{"@id":"https:\/\/impresiondigitalgranformato.es\/#website"},"primaryImageOfPage":{"@id":"https:\/\/impresiondigitalgranformato.es\/producto\/vinilo-suelo-distancia-de-seguridad\/#primaryimage"},"image":{"@id":"https:\/\/impresiondigitalgranformato.es\/producto\/vinilo-suelo-distancia-de-seguridad\/#primaryimage"},"thumbnailUrl":"https:\/\/i0.wp.com\/impresiondigitalgranformato.es\/wp-content\/uploads\/2020\/06\/Vinilo-Suelo-Distancia-de-Seguridad.png?fit=630%2C610&ssl=1","datePublished":"2020-06-08T16:27:52+00:00","dateModified":"2020-06-09T09:38:12+00:00","description":"Vinilo para el suelo indicando que mantengan la distancia de seguridad. Puede personalizar los textos y colores. oferta en pack de 4 unid. Env\u00edo en 48 horas","breadcrumb":{"@id":"https:\/\/impresiondigitalgranformato.es\/producto\/vinilo-suelo-distancia-de-seguridad\/#breadcrumb"},"inLanguage":"fr-FR","potentialAction":[{"@type":"ReadAction","target":["https:\/\/impresiondigitalgranformato.es\/producto\/vinilo-suelo-distancia-de-seguridad\/"]}]},{"@type":"ImageObject","inLanguage":"fr-FR","@id":"https:\/\/impresiondigitalgranformato.es\/producto\/vinilo-suelo-distancia-de-seguridad\/#primaryimage","url":"https:\/\/i0.wp.com\/impresiondigitalgranformato.es\/wp-content\/uploads\/2020\/06\/Vinilo-Suelo-Distancia-de-Seguridad.png?fit=630%2C610&ssl=1","contentUrl":"https:\/\/i0.wp.com\/impresiondigitalgranformato.es\/wp-content\/uploads\/2020\/06\/Vinilo-Suelo-Distancia-de-Seguridad.png?fit=630%2C610&ssl=1","width":630,"height":610,"caption":"vinilo suelo distancia seguridad"},{"@type":"BreadcrumbList","@id":"https:\/\/impresiondigitalgranformato.es\/producto\/vinilo-suelo-distancia-de-seguridad\/#breadcrumb","itemListElement":[{"@type":"ListItem","position":1,"name":"Portada","item":"https:\/\/impresiondigitalgranformato.es\/"},{"@type":"ListItem","position":2,"name":"Productos","item":"https:\/\/impresiondigitalgranformato.es\/venta-roll-up-banner\/"},{"@type":"ListItem","position":3,"name":"Vinilo Suelo Distancia de Seguridad"}]},{"@type":"WebSite","@id":"https:\/\/impresiondigitalgranformato.es\/#website","url":"https:\/\/impresiondigitalgranformato.es\/","name":"Les moins chers","description":"impression num\u00e9rique grand format vente de roll up, banni\u00e8res, drapeaux, banderoles, b\u00e2ches, affiches, pr\u00e9sentoirs, publicit\u00e9s","publisher":{"@id":"https:\/\/impresiondigitalgranformato.es\/#organization"},"potentialAction":[{"@type":"SearchAction","target":{"@type":"EntryPoint","urlTemplate":"https:\/\/impresiondigitalgranformato.es\/?s={search_term_string}"},"query-input":{"@type":"PropertyValueSpecification","valueRequired":true,"valueName":"search_term_string"}}],"inLanguage":"fr-FR"},{"@type":"Organization","@id":"https:\/\/impresiondigitalgranformato.es\/#organization","name":"Les moins chers","url":"https:\/\/impresiondigitalgranformato.es\/","logo":{"@type":"ImageObject","inLanguage":"fr-FR","@id":"https:\/\/impresiondigitalgranformato.es\/#\/schema\/logo\/image\/","url":"https:\/\/i0.wp.com\/impresiondigitalgranformato.es\/wp-content\/uploads\/2016\/12\/cropped-logotipo-2-e1483373659766.png?fit=500%2C101&ssl=1","contentUrl":"https:\/\/i0.wp.com\/impresiondigitalgranformato.es\/wp-content\/uploads\/2016\/12\/cropped-logotipo-2-e1483373659766.png?fit=500%2C101&ssl=1","width":500,"height":101,"caption":"Los + baratos"},"image":{"@id":"https:\/\/impresiondigitalgranformato.es\/#\/schema\/logo\/image\/"}}]}},"jetpack_sharing_enabled":true,"_links":{"self":[{"href":"https:\/\/impresiondigitalgranformato.es\/fr\/wp-json\/wp\/v2\/product\/12755","targetHints":{"allow":["GET"]}}],"collection":[{"href":"https:\/\/impresiondigitalgranformato.es\/fr\/wp-json\/wp\/v2\/product"}],"about":[{"href":"https:\/\/impresiondigitalgranformato.es\/fr\/wp-json\/wp\/v2\/types\/product"}],"replies":[{"embeddable":true,"href":"https:\/\/impresiondigitalgranformato.es\/fr\/wp-json\/wp\/v2\/comments?post=12755"}],"wp:featuredmedia":[{"embeddable":true,"href":"https:\/\/impresiondigitalgranformato.es\/fr\/wp-json\/wp\/v2\/media\/12762"}],"wp:attachment":[{"href":"https:\/\/impresiondigitalgranformato.es\/fr\/wp-json\/wp\/v2\/media?parent=12755"}],"wp:term":[{"taxonomy":"product_brand","embeddable":true,"href":"https:\/\/impresiondigitalgranformato.es\/fr\/wp-json\/wp\/v2\/product_brand?post=12755"},{"taxonomy":"product_cat","embeddable":true,"href":"https:\/\/impresiondigitalgranformato.es\/fr\/wp-json\/wp\/v2\/product_cat?post=12755"},{"taxonomy":"product_tag","embeddable":true,"href":"https:\/\/impresiondigitalgranformato.es\/fr\/wp-json\/wp\/v2\/product_tag?post=12755"}],"curies":[{"name":"wp","href":"https:\/\/api.w.org\/{rel}","templated":true}]}}