{"id":1294,"date":"2017-10-09T18:50:28","date_gmt":"2017-10-09T16:50:28","guid":{"rendered":"http:\/\/impresiondigitalgranformato.es\/?post_type=product&#038;p=1294"},"modified":"2025-07-04T18:23:07","modified_gmt":"2025-07-04T16:23:07","slug":"roll-up-60-x-200-cm","status":"publish","type":"product","link":"https:\/\/impresiondigitalgranformato.es\/fr\/producto\/roll-up-de-60-x-200-cm\/","title":{"rendered":"roll up de 60 x 200 cm"},"content":{"rendered":"<h1><span style=\"color: #003366;\">Roll up de 60 x 200 cm.<\/span><\/h1>\n<p>La structure du roll up 60 x 200 cm est en aluminium.<\/p>\n<p>Le graphique rollup est imprim\u00e9 num\u00e9riquement sur une toile en PVC coul\u00e9 de 450 g.<\/p>\n<p>Comprend un \u00e9tui de transport en nylon.<\/p>\n<p>Roll up \u00e9troit pour les zones \u00e0 espace limit\u00e9 telles que les entr\u00e9es, les couloirs, les salles d'attente, etc.<\/p>\n<p>Le graphique du rouleau a une taille de 60 cm de large sur une hauteur de 200 cm et d\u00e9j\u00e0 <strong>Il est livr\u00e9 mont\u00e9 sur le roll up<\/strong><\/p>\n<p>Dans la gamme des roll ups de 60 cm de large, nous avons ce mod\u00e8le de 200 cm de haut et le petit mod\u00e8le roll up qui est un peu plus bas, avec un <a href=\"https:\/\/impresiondigitalgranformato.es\/fr\/produit\/petit-rollup-60x160\/\">taille 60 x 160 cm<\/a><\/p>\n<p><span style=\"color: #ff0000;\">RABAIS DE QUANTIT\u00c9 ! !!<\/span><\/p>\n<p>Ce produit peut \u00eatre livr\u00e9 dans les 24 heures<\/p>\n<p><strong>-<\/strong><\/p>\n<p>&nbsp;<\/p>\n<h3><span style=\"color: #ff9900;\">Le mod\u00e8le standard \u00e0 cadre enroulable est le plus vendu.<\/span><\/h3>\n<p>Le cadre du pr\u00e9sentoir enroulable est en aluminium, les visuels sont r\u00e9alis\u00e9s sur une toile en PVC coul\u00e9 satin\u00e9 de 450 g\/m\u00b2, et les pr\u00e9sentoirs sont imprim\u00e9s en impression num\u00e9rique grand format de haute qualit\u00e9. Ils sont \u00e9galement livr\u00e9s avec une housse en nylon noir pour le transport. Tous ces avantages font de ces pr\u00e9sentoirs enroulables abordables la meilleure option pour l'achat d'affichages publicitaires, offrant le meilleur rapport qualit\u00e9-prix.<\/p>\n<p>Ce mod\u00e8le de roll-up \u00e9conomique est tr\u00e8s populaire pour les grandes promotions ou les projets n\u00e9cessitant de grandes quantit\u00e9s de roll-ups. Ce type de structure roll-up pr\u00e9sente <strong>les 3 B<\/strong>: bon roll up, joli roll up et roll up pas cher.<\/p>\n<h3><span style=\"color: #ff9900;\">Qui ach\u00e8te le roll up 60 x 200 cm\u00a0<\/span><\/h3>\n<p>Le roll-up mesure 60 x 200 cm. Il est utilis\u00e9 dans divers secteurs commerciaux et culturels pour promouvoir leurs produits ou services. Il est largement utilis\u00e9 pour la publicit\u00e9 dans les quincailleries, la promotion de produits de beaut\u00e9 dans les salons de coiffure, l'affichage des menus \u00e0 l'entr\u00e9e des restaurants, ou encore comme roll-up pour les magasins de sport, afin d'indiquer le rayon des produits. Ce mod\u00e8le est \u00e9galement utilis\u00e9 \u00e0 l'entr\u00e9e d'\u00e9v\u00e9nements culturels tels que les th\u00e9\u00e2tres, les concerts, les expositions, les r\u00e9unions, etc.<\/p>","protected":false},"excerpt":{"rendered":"<p>Roll-up 60 x 200 cm. Mod\u00e8le \u00e9troit pour les espaces restreints comme les entr\u00e9es et les couloirs.<\/p>\n<p>La structure enroulable est en aluminium et comprend un sac de transport en nylon.<\/p>\n<p>Le graphique enroulable mesure 60 cm de large sur 200 cm de haut et est imprim\u00e9 en couleur sur une toile PVC coul\u00e9e satin\u00e9e de 450 gr.<\/p>\n<p><span style=\"color: #ff0000;\">RABAIS DE QUANTIT\u00c9 ! !!\u00a0<\/span><\/p>\n<p><strong>-<\/strong>\u00a0de la 1\u00e8re unit\u00e9<\/p>\n<p>Ce produit peut \u00eatre livr\u00e9 dans les 24 heures<strong>*<\/strong><\/p>\n<p><a href=\"https:\/\/impresiondigitalgranformato.es\/fr\/roll-up\/\"><img loading=\"lazy\" decoding=\"async\" class=\"alignnone wp-image-12936 size-full\" src=\"https:\/\/impresiondigitalgranformato.es\/wp-content\/uploads\/2019\/09\/impresion-digital-mas-modelos.png\" alt=\"impression num\u00e9rique plus de mod\u00e8les\" width=\"468\" height=\"61\" srcset=\"https:\/\/i0.wp.com\/impresiondigitalgranformato.es\/wp-content\/uploads\/2019\/09\/impresion-digital-mas-modelos.png?w=468&amp;ssl=1 468w, https:\/\/i0.wp.com\/impresiondigitalgranformato.es\/wp-content\/uploads\/2019\/09\/impresion-digital-mas-modelos.png?resize=100%2C13&amp;ssl=1 100w, https:\/\/i0.wp.com\/impresiondigitalgranformato.es\/wp-content\/uploads\/2019\/09\/impresion-digital-mas-modelos.png?resize=150%2C20&amp;ssl=1 150w, https:\/\/i0.wp.com\/impresiondigitalgranformato.es\/wp-content\/uploads\/2019\/09\/impresion-digital-mas-modelos.png?resize=200%2C26&amp;ssl=1 200w, https:\/\/i0.wp.com\/impresiondigitalgranformato.es\/wp-content\/uploads\/2019\/09\/impresion-digital-mas-modelos.png?resize=300%2C39&amp;ssl=1 300w, https:\/\/i0.wp.com\/impresiondigitalgranformato.es\/wp-content\/uploads\/2019\/09\/impresion-digital-mas-modelos.png?resize=450%2C59&amp;ssl=1 450w\" sizes=\"auto, (max-width: 468px) 100vw, 468px\" \/><\/a><\/p>","protected":false},"featured_media":12989,"comment_status":"open","ping_status":"closed","template":"","meta":[],"product_brand":[],"product_cat":[24,78],"product_tag":[],"class_list":{"0":"post-1294","1":"product","2":"type-product","3":"status-publish","4":"has-post-thumbnail","6":"product_cat-roll-up-baratos","7":"product_cat-rollup-banner-photocall-carteles-lona-impresion-economicos","9":"first","10":"instock","11":"sold-individually","12":"taxable","13":"shipping-taxable","14":"purchasable","15":"product-type-simple"},"yoast_head":"<!-- This site is optimized with the Yoast SEO plugin v27.5 - https:\/\/yoast.com\/product\/yoast-seo-wordpress\/ -->\n<title>Roll up 60 x 200 cm - Los + baratos - Desde 27 \u20ac con envio gratuito<\/title>\n<meta name=\"description\" content=\"Roll up de 60 x 200 cm. Estructura de aluminio y gr\u00e1fica realizada en impresion digital sobre lona. Env\u00edo gratis desde la primera unidad\" \/>\n<meta name=\"robots\" content=\"index, follow, max-snippet:-1, max-image-preview:large, max-video-preview:-1\" \/>\n<link rel=\"canonical\" href=\"https:\/\/impresiondigitalgranformato.es\/fr\/produit\/roll-up-60-x-200-cm\/\" \/>\n<meta property=\"og:locale\" content=\"fr_FR\" \/>\n<meta property=\"og:type\" content=\"article\" \/>\n<meta property=\"og:title\" content=\"Roll up 60 x 200 cm - Los + baratos - Desde 27 \u20ac con envio gratuito\" \/>\n<meta property=\"og:description\" content=\"Roll up de 60 x 200 cm. Estructura de aluminio y gr\u00e1fica realizada en impresion digital sobre lona. Env\u00edo gratis desde la primera unidad\" \/>\n<meta property=\"og:url\" content=\"https:\/\/impresiondigitalgranformato.es\/fr\/produit\/roll-up-60-x-200-cm\/\" \/>\n<meta property=\"og:site_name\" content=\"Los + baratos\" \/>\n<meta property=\"article:modified_time\" content=\"2025-07-04T16:23:07+00:00\" \/>\n<meta property=\"og:image\" content=\"http:\/\/impresiondigitalgranformato.es\/wp-content\/uploads\/2017\/10\/roll-up-60-x-200-cm.jpg\" \/>\n\t<meta property=\"og:image:width\" content=\"946\" \/>\n\t<meta property=\"og:image:height\" content=\"946\" \/>\n\t<meta property=\"og:image:type\" content=\"image\/jpeg\" \/>\n<meta name=\"twitter:card\" content=\"summary_large_image\" \/>\n<meta name=\"twitter:label1\" content=\"Dur\u00e9e de lecture estim\u00e9e\" \/>\n\t<meta name=\"twitter:data1\" content=\"2 minutes\" \/>\n<script type=\"application\/ld+json\" class=\"yoast-schema-graph\">{\"@context\":\"https:\\\/\\\/schema.org\",\"@graph\":[{\"@type\":\"WebPage\",\"@id\":\"https:\\\/\\\/impresiondigitalgranformato.es\\\/producto\\\/roll-up-de-60-x-200-cm\\\/\",\"url\":\"https:\\\/\\\/impresiondigitalgranformato.es\\\/producto\\\/roll-up-de-60-x-200-cm\\\/\",\"name\":\"Roll up 60 x 200 cm - Los + baratos - Desde 27 \u20ac con envio gratuito\",\"isPartOf\":{\"@id\":\"https:\\\/\\\/impresiondigitalgranformato.es\\\/#website\"},\"primaryImageOfPage\":{\"@id\":\"https:\\\/\\\/impresiondigitalgranformato.es\\\/producto\\\/roll-up-de-60-x-200-cm\\\/#primaryimage\"},\"image\":{\"@id\":\"https:\\\/\\\/impresiondigitalgranformato.es\\\/producto\\\/roll-up-de-60-x-200-cm\\\/#primaryimage\"},\"thumbnailUrl\":\"https:\\\/\\\/i0.wp.com\\\/impresiondigitalgranformato.es\\\/wp-content\\\/uploads\\\/2017\\\/10\\\/roll-up-60-x-200-cm.jpg?fit=946%2C946&ssl=1\",\"datePublished\":\"2017-10-09T16:50:28+00:00\",\"dateModified\":\"2025-07-04T16:23:07+00:00\",\"description\":\"Roll up de 60 x 200 cm. Estructura de aluminio y gr\u00e1fica realizada en impresion digital sobre lona. Env\u00edo gratis desde la primera unidad\",\"breadcrumb\":{\"@id\":\"https:\\\/\\\/impresiondigitalgranformato.es\\\/producto\\\/roll-up-de-60-x-200-cm\\\/#breadcrumb\"},\"inLanguage\":\"fr-FR\",\"potentialAction\":[{\"@type\":\"ReadAction\",\"target\":[\"https:\\\/\\\/impresiondigitalgranformato.es\\\/producto\\\/roll-up-de-60-x-200-cm\\\/\"]}]},{\"@type\":\"ImageObject\",\"inLanguage\":\"fr-FR\",\"@id\":\"https:\\\/\\\/impresiondigitalgranformato.es\\\/producto\\\/roll-up-de-60-x-200-cm\\\/#primaryimage\",\"url\":\"https:\\\/\\\/i0.wp.com\\\/impresiondigitalgranformato.es\\\/wp-content\\\/uploads\\\/2017\\\/10\\\/roll-up-60-x-200-cm.jpg?fit=946%2C946&ssl=1\",\"contentUrl\":\"https:\\\/\\\/i0.wp.com\\\/impresiondigitalgranformato.es\\\/wp-content\\\/uploads\\\/2017\\\/10\\\/roll-up-60-x-200-cm.jpg?fit=946%2C946&ssl=1\",\"width\":946,\"height\":946,\"caption\":\"roll up 60 x 200\"},{\"@type\":\"BreadcrumbList\",\"@id\":\"https:\\\/\\\/impresiondigitalgranformato.es\\\/producto\\\/roll-up-de-60-x-200-cm\\\/#breadcrumb\",\"itemListElement\":[{\"@type\":\"ListItem\",\"position\":1,\"name\":\"Portada\",\"item\":\"https:\\\/\\\/impresiondigitalgranformato.es\\\/\"},{\"@type\":\"ListItem\",\"position\":2,\"name\":\"Productos\",\"item\":\"https:\\\/\\\/impresiondigitalgranformato.es\\\/venta-roll-up-banner\\\/\"},{\"@type\":\"ListItem\",\"position\":3,\"name\":\"roll up de 60 x 200 cm\"}]},{\"@type\":\"WebSite\",\"@id\":\"https:\\\/\\\/impresiondigitalgranformato.es\\\/#website\",\"url\":\"https:\\\/\\\/impresiondigitalgranformato.es\\\/\",\"name\":\"Los + baratos\",\"description\":\"impresi\u00f3n digital gran formato venta de roll up, banner, banderas, lonas, carteles, displays, publicidad\",\"publisher\":{\"@id\":\"https:\\\/\\\/impresiondigitalgranformato.es\\\/#organization\"},\"potentialAction\":[{\"@type\":\"SearchAction\",\"target\":{\"@type\":\"EntryPoint\",\"urlTemplate\":\"https:\\\/\\\/impresiondigitalgranformato.es\\\/?s={search_term_string}\"},\"query-input\":{\"@type\":\"PropertyValueSpecification\",\"valueRequired\":true,\"valueName\":\"search_term_string\"}}],\"inLanguage\":\"fr-FR\"},{\"@type\":\"Organization\",\"@id\":\"https:\\\/\\\/impresiondigitalgranformato.es\\\/#organization\",\"name\":\"Los + baratos\",\"url\":\"https:\\\/\\\/impresiondigitalgranformato.es\\\/\",\"logo\":{\"@type\":\"ImageObject\",\"inLanguage\":\"fr-FR\",\"@id\":\"https:\\\/\\\/impresiondigitalgranformato.es\\\/#\\\/schema\\\/logo\\\/image\\\/\",\"url\":\"https:\\\/\\\/i0.wp.com\\\/impresiondigitalgranformato.es\\\/wp-content\\\/uploads\\\/2016\\\/12\\\/cropped-logotipo-2-e1483373659766.png?fit=500%2C101&ssl=1\",\"contentUrl\":\"https:\\\/\\\/i0.wp.com\\\/impresiondigitalgranformato.es\\\/wp-content\\\/uploads\\\/2016\\\/12\\\/cropped-logotipo-2-e1483373659766.png?fit=500%2C101&ssl=1\",\"width\":500,\"height\":101,\"caption\":\"Los + baratos\"},\"image\":{\"@id\":\"https:\\\/\\\/impresiondigitalgranformato.es\\\/#\\\/schema\\\/logo\\\/image\\\/\"}}]}<\/script>\n<!-- \/ Yoast SEO plugin. -->","yoast_head_json":{"title":"Roll-up 60 x 200 cm - Le moins cher - \u00c0 partir de 27 \u20ac avec livraison gratuite","description":"Roll-up 60 x 200 cm. Cadre en aluminium et impression num\u00e9rique sur toile. Livraison offerte pour le premier exemplaire.","robots":{"index":"index","follow":"follow","max-snippet":"max-snippet:-1","max-image-preview":"max-image-preview:large","max-video-preview":"max-video-preview:-1"},"canonical":"https:\/\/impresiondigitalgranformato.es\/fr\/produit\/roll-up-60-x-200-cm\/","og_locale":"fr_FR","og_type":"article","og_title":"Roll up 60 x 200 cm - Los + baratos - Desde 27 \u20ac con envio gratuito","og_description":"Roll up de 60 x 200 cm. Estructura de aluminio y gr\u00e1fica realizada en impresion digital sobre lona. Env\u00edo gratis desde la primera unidad","og_url":"https:\/\/impresiondigitalgranformato.es\/fr\/produit\/roll-up-60-x-200-cm\/","og_site_name":"Los + baratos","article_modified_time":"2025-07-04T16:23:07+00:00","og_image":[{"width":946,"height":946,"url":"http:\/\/impresiondigitalgranformato.es\/wp-content\/uploads\/2017\/10\/roll-up-60-x-200-cm.jpg","type":"image\/jpeg"}],"twitter_card":"summary_large_image","twitter_misc":{"Dur\u00e9e de lecture estim\u00e9e":"2 minutes"},"schema":{"@context":"https:\/\/schema.org","@graph":[{"@type":"WebPage","@id":"https:\/\/impresiondigitalgranformato.es\/producto\/roll-up-de-60-x-200-cm\/","url":"https:\/\/impresiondigitalgranformato.es\/producto\/roll-up-de-60-x-200-cm\/","name":"Roll-up 60 x 200 cm - Le moins cher - \u00c0 partir de 27 \u20ac avec livraison gratuite","isPartOf":{"@id":"https:\/\/impresiondigitalgranformato.es\/#website"},"primaryImageOfPage":{"@id":"https:\/\/impresiondigitalgranformato.es\/producto\/roll-up-de-60-x-200-cm\/#primaryimage"},"image":{"@id":"https:\/\/impresiondigitalgranformato.es\/producto\/roll-up-de-60-x-200-cm\/#primaryimage"},"thumbnailUrl":"https:\/\/i0.wp.com\/impresiondigitalgranformato.es\/wp-content\/uploads\/2017\/10\/roll-up-60-x-200-cm.jpg?fit=946%2C946&ssl=1","datePublished":"2017-10-09T16:50:28+00:00","dateModified":"2025-07-04T16:23:07+00:00","description":"Roll-up 60 x 200 cm. Cadre en aluminium et impression num\u00e9rique sur toile. Livraison offerte pour le premier exemplaire.","breadcrumb":{"@id":"https:\/\/impresiondigitalgranformato.es\/producto\/roll-up-de-60-x-200-cm\/#breadcrumb"},"inLanguage":"fr-FR","potentialAction":[{"@type":"ReadAction","target":["https:\/\/impresiondigitalgranformato.es\/producto\/roll-up-de-60-x-200-cm\/"]}]},{"@type":"ImageObject","inLanguage":"fr-FR","@id":"https:\/\/impresiondigitalgranformato.es\/producto\/roll-up-de-60-x-200-cm\/#primaryimage","url":"https:\/\/i0.wp.com\/impresiondigitalgranformato.es\/wp-content\/uploads\/2017\/10\/roll-up-60-x-200-cm.jpg?fit=946%2C946&ssl=1","contentUrl":"https:\/\/i0.wp.com\/impresiondigitalgranformato.es\/wp-content\/uploads\/2017\/10\/roll-up-60-x-200-cm.jpg?fit=946%2C946&ssl=1","width":946,"height":946,"caption":"roll up 60 x 200"},{"@type":"BreadcrumbList","@id":"https:\/\/impresiondigitalgranformato.es\/producto\/roll-up-de-60-x-200-cm\/#breadcrumb","itemListElement":[{"@type":"ListItem","position":1,"name":"Portada","item":"https:\/\/impresiondigitalgranformato.es\/"},{"@type":"ListItem","position":2,"name":"Productos","item":"https:\/\/impresiondigitalgranformato.es\/venta-roll-up-banner\/"},{"@type":"ListItem","position":3,"name":"roll up de 60 x 200 cm"}]},{"@type":"WebSite","@id":"https:\/\/impresiondigitalgranformato.es\/#website","url":"https:\/\/impresiondigitalgranformato.es\/","name":"Les moins chers","description":"impression num\u00e9rique grand format vente de roll up, banni\u00e8res, drapeaux, banderoles, b\u00e2ches, affiches, pr\u00e9sentoirs, publicit\u00e9s","publisher":{"@id":"https:\/\/impresiondigitalgranformato.es\/#organization"},"potentialAction":[{"@type":"SearchAction","target":{"@type":"EntryPoint","urlTemplate":"https:\/\/impresiondigitalgranformato.es\/?s={search_term_string}"},"query-input":{"@type":"PropertyValueSpecification","valueRequired":true,"valueName":"search_term_string"}}],"inLanguage":"fr-FR"},{"@type":"Organization","@id":"https:\/\/impresiondigitalgranformato.es\/#organization","name":"Les moins chers","url":"https:\/\/impresiondigitalgranformato.es\/","logo":{"@type":"ImageObject","inLanguage":"fr-FR","@id":"https:\/\/impresiondigitalgranformato.es\/#\/schema\/logo\/image\/","url":"https:\/\/i0.wp.com\/impresiondigitalgranformato.es\/wp-content\/uploads\/2016\/12\/cropped-logotipo-2-e1483373659766.png?fit=500%2C101&ssl=1","contentUrl":"https:\/\/i0.wp.com\/impresiondigitalgranformato.es\/wp-content\/uploads\/2016\/12\/cropped-logotipo-2-e1483373659766.png?fit=500%2C101&ssl=1","width":500,"height":101,"caption":"Los + baratos"},"image":{"@id":"https:\/\/impresiondigitalgranformato.es\/#\/schema\/logo\/image\/"}}]}},"jetpack_sharing_enabled":true,"_links":{"self":[{"href":"https:\/\/impresiondigitalgranformato.es\/fr\/wp-json\/wp\/v2\/product\/1294","targetHints":{"allow":["GET"]}}],"collection":[{"href":"https:\/\/impresiondigitalgranformato.es\/fr\/wp-json\/wp\/v2\/product"}],"about":[{"href":"https:\/\/impresiondigitalgranformato.es\/fr\/wp-json\/wp\/v2\/types\/product"}],"replies":[{"embeddable":true,"href":"https:\/\/impresiondigitalgranformato.es\/fr\/wp-json\/wp\/v2\/comments?post=1294"}],"wp:featuredmedia":[{"embeddable":true,"href":"https:\/\/impresiondigitalgranformato.es\/fr\/wp-json\/wp\/v2\/media\/12989"}],"wp:attachment":[{"href":"https:\/\/impresiondigitalgranformato.es\/fr\/wp-json\/wp\/v2\/media?parent=1294"}],"wp:term":[{"taxonomy":"product_brand","embeddable":true,"href":"https:\/\/impresiondigitalgranformato.es\/fr\/wp-json\/wp\/v2\/product_brand?post=1294"},{"taxonomy":"product_cat","embeddable":true,"href":"https:\/\/impresiondigitalgranformato.es\/fr\/wp-json\/wp\/v2\/product_cat?post=1294"},{"taxonomy":"product_tag","embeddable":true,"href":"https:\/\/impresiondigitalgranformato.es\/fr\/wp-json\/wp\/v2\/product_tag?post=1294"}],"curies":[{"name":"wp","href":"https:\/\/api.w.org\/{rel}","templated":true}]}}