{"id":13000,"date":"2020-07-14T19:42:48","date_gmt":"2020-07-14T17:42:48","guid":{"rendered":"http:\/\/impresiondigitalgranformato.es\/?post_type=product&#038;p=13000"},"modified":"2025-07-04T18:16:17","modified_gmt":"2025-07-04T16:16:17","slug":"cartel-para-roll-up","status":"publish","type":"product","link":"https:\/\/impresiondigitalgranformato.es\/fr\/producto\/cartel-para-roll-up\/","title":{"rendered":"Affiche enroulable"},"content":{"rendered":"<h1><span style=\"color: #003366;\">Affiche enroulable.<\/span><\/h1>\n<p>Avec cette affiche enroulable<strong> Vous pouvez profiter des structures roll-up avec d'autres publicit\u00e9s.<\/strong><\/p>\n<p>Nous avons r\u00e9alis\u00e9 le graphisme enroulable sur une toile PVC coul\u00e9e satin\u00e9e de 450 g.<\/p>\n<p>Avec une impression num\u00e9rique de haute qualit\u00e9<\/p>\n<p>Nous livrons l'affiche avec de l'adh\u00e9sif sur le dessous afin de pouvoir la fixer \u00e0 la structure.<\/p>\n<p>Nous incluons \u00e9galement une cl\u00e9 pour que vous puissiez maintenir le syst\u00e8me de collecte en place pendant que vous changez le panneau enroulable.<\/p>\n<p><span style=\"color: #000000;\"><strong>Changer les graphismes est assez simple.<\/strong>.<\/span> <a href=\"https:\/\/youtu.be\/WABAGAbb1SY\" target=\"_blank\" rel=\"noopener\">Regardez notre vid\u00e9o.<\/a><\/p>\n<p><span style=\"color: #ff0000;\">RABAIS DE QUANTIT\u00c9 ! !!<\/span><\/p>\n<p><strong>-<\/strong><\/p>\n<p>Ce produit peut \u00eatre livr\u00e9 dans les 24 heures<strong>*<\/strong><\/p>\n<p><span style=\"color: #003366;\"><strong>Nous avons plusieurs tailles disponibles<\/strong><\/span> Les formats graphiques les plus utilis\u00e9s pour les roll-ups sont les suivants\u00a0: 40\u00a0x\u00a0200\u00a0cm, 50\u00a0x\u00a0200\u00a0cm, 60\u00a0x\u00a0160\u00a0cm, 60\u00a0x\u00a0200\u00a0cm, 80\u00a0x\u00a0200\u00a0cm, 85\u00a0x\u00a0200\u00a0cm, 100\u00a0x\u00a0200\u00a0cm, 120\u00a0x\u00a0200\u00a0cm, 125\u00a0x\u00a0200\u00a0cm, 150\u00a0x\u00a0200\u00a0cm, 175\u00a0x\u00a0200\u00a0cm, 200\u00a0x\u00a0200\u00a0cm, 220\u00a0x\u00a0200\u00a0cm, 240\u00a0x\u00a0200\u00a0cm et 320\u00a0x\u00a0200\u00a0cm. Si vous ne trouvez pas la taille de l'affiche pour le roll-up, veuillez nous contacter. <a href=\"https:\/\/impresiondigitalgranformato.es\/fr\/contacto\/\" target=\"_blank\" rel=\"noopener\">contact<\/a> avec nous et nous pouvons le fabriquer \u00e0 la taille dont vous avez besoin.<\/p>\n<h3><span style=\"color: #008000;\">Pourquoi changer le graphisme du roll-up ?<\/span><\/h3>\n<p>Tout d'abord, c'est une question financi\u00e8re. \u00c9videmment, il est moins cher d'acheter une banni\u00e8re enroulable seule qu'une banni\u00e8re compl\u00e8te avec cadre, visuels et housse de transport. Mais le plus important est de recycler une vieille banni\u00e8re enroulable. En r\u00e9utilisant une banni\u00e8re enroulable en aluminium, nous contribuons \u00e0 cr\u00e9er une plan\u00e8te plus propre et moins polluante.<\/p>\n<p>Chez impresiondigitalgranformato.es, nous savons que de nombreuses entreprises, directement et indirectement, ainsi que les travailleurs et leurs familles, d\u00e9pendent de la fabrication de l'aluminium. Nous n'y sommes donc pas oppos\u00e9s. Cependant, nous souhaitons nous adresser \u00e0 nous-m\u00eames, en tant que consommateurs, pour sensibiliser \u00e0 sa r\u00e9utilisation. Nous sommes conscients d'avoir pris l'habitude d'acheter directement de nouvelles structures enroulables au lieu d'utiliser celles que nous poss\u00e9dons d\u00e9j\u00e0. Un simple changement de graphisme ne serait pas adapt\u00e9 \u00e0 n'importe quel \u00e9v\u00e9nement. Les structures enroulables que nous vendons sont de bonne qualit\u00e9 et r\u00e9sistent bien au temps et \u00e0 l'usage. En 5 minutes, soit le temps n\u00e9cessaire pour changer le graphisme d'une structure enroulable, nous contribuons \u00e0 r\u00e9duire les \u00e9missions de CO2, \u00e0 limiter l'abattage d'arbres et \u00e0 cr\u00e9er un meilleur \u00e9cosyst\u00e8me\u2026 en plus de r\u00e9aliser des \u00e9conomies, ce qui est toujours un plus.<\/p>\n<p>&nbsp;<\/p>","protected":false},"excerpt":{"rendered":"<p>Affiche enroulable, <strong>Vous pouvez profiter des structures roll-up avec d'autres publicit\u00e9s.<\/strong><\/p>\n<p>Graphique r\u00e9alis\u00e9 en toile PVC coul\u00e9e satin\u00e9e 450 gr.<\/p>\n<p>Avec une impression num\u00e9rique de haute qualit\u00e9<\/p>\n<p>Nous livrons l'affiche avec de l'adh\u00e9sif sur le dessous afin de pouvoir la fixer \u00e0 la structure.<\/p>\n<p>Nous incluons \u00e9galement une cl\u00e9 pour que vous puissiez maintenir le syst\u00e8me de collecte en place pendant que vous changez le panneau enroulable.<\/p>\n<p><span style=\"color: #000000;\"><strong>Changer les graphismes est assez simple.<\/strong>.<\/span> <a href=\"https:\/\/youtu.be\/WABAGAbb1SY\" target=\"_blank\" rel=\"noopener\">Regardez notre vid\u00e9o.<\/a><\/p>\n<p><span style=\"color: #ff0000;\">RABAIS DE QUANTIT\u00c9 ! !!<\/span><\/p>\n<p><strong>-<\/strong><\/p>\n<p>Ce produit peut \u00eatre livr\u00e9 dans les 24 heures<strong>*<\/strong><\/p>\n<p><a href=\"https:\/\/impresiondigitalgranformato.es\/fr\/roll-up\/\"><img loading=\"lazy\" decoding=\"async\" class=\"size-full wp-image-12936 alignnone\" src=\"https:\/\/impresiondigitalgranformato.es\/wp-content\/uploads\/2019\/09\/impresion-digital-mas-modelos.png\" alt=\"impression num\u00e9rique plus de mod\u00e8les\" width=\"468\" height=\"61\" srcset=\"https:\/\/i0.wp.com\/impresiondigitalgranformato.es\/wp-content\/uploads\/2019\/09\/impresion-digital-mas-modelos.png?w=468&amp;ssl=1 468w, https:\/\/i0.wp.com\/impresiondigitalgranformato.es\/wp-content\/uploads\/2019\/09\/impresion-digital-mas-modelos.png?resize=100%2C13&amp;ssl=1 100w, https:\/\/i0.wp.com\/impresiondigitalgranformato.es\/wp-content\/uploads\/2019\/09\/impresion-digital-mas-modelos.png?resize=150%2C20&amp;ssl=1 150w, https:\/\/i0.wp.com\/impresiondigitalgranformato.es\/wp-content\/uploads\/2019\/09\/impresion-digital-mas-modelos.png?resize=200%2C26&amp;ssl=1 200w, https:\/\/i0.wp.com\/impresiondigitalgranformato.es\/wp-content\/uploads\/2019\/09\/impresion-digital-mas-modelos.png?resize=300%2C39&amp;ssl=1 300w, https:\/\/i0.wp.com\/impresiondigitalgranformato.es\/wp-content\/uploads\/2019\/09\/impresion-digital-mas-modelos.png?resize=450%2C59&amp;ssl=1 450w\" sizes=\"auto, (max-width: 468px) 100vw, 468px\" \/><\/a><\/p>\n<p>&nbsp;<\/p>","protected":false},"featured_media":13001,"comment_status":"open","ping_status":"closed","template":"","meta":[],"product_brand":[],"product_cat":[24],"product_tag":[],"class_list":{"0":"post-13000","1":"product","2":"type-product","3":"status-publish","4":"has-post-thumbnail","6":"product_cat-roll-up-baratos","8":"first","9":"instock","10":"sold-individually","11":"taxable","12":"shipping-taxable","13":"purchasable","14":"product-type-simple"},"yoast_head":"<!-- This site is optimized with the Yoast SEO plugin v27.3 - https:\/\/yoast.com\/product\/yoast-seo-wordpress\/ -->\n<title>Cartel para roll up - Los + baratos - Gr\u00e1fica barata para rollup<\/title>\n<meta name=\"description\" content=\"Cartel para roll up. Desde 11 euros podr\u00e1 reutilizar los roll ups, gr\u00e1fica para roll up con entrega en 24 horas. Cartel rollup en lona.\" \/>\n<meta name=\"robots\" content=\"index, follow, max-snippet:-1, max-image-preview:large, max-video-preview:-1\" \/>\n<link rel=\"canonical\" href=\"https:\/\/impresiondigitalgranformato.es\/fr\/produit\/cartel-para-roll-up\/\" \/>\n<meta property=\"og:locale\" content=\"fr_FR\" \/>\n<meta property=\"og:type\" content=\"article\" \/>\n<meta property=\"og:title\" content=\"Cartel para roll up - Los + baratos - Gr\u00e1fica barata para rollup\" \/>\n<meta property=\"og:description\" content=\"Cartel para roll up. Desde 11 euros podr\u00e1 reutilizar los roll ups, gr\u00e1fica para roll up con entrega en 24 horas. Cartel rollup en lona.\" \/>\n<meta property=\"og:url\" content=\"https:\/\/impresiondigitalgranformato.es\/fr\/produit\/cartel-para-roll-up\/\" \/>\n<meta property=\"og:site_name\" content=\"Los + baratos\" \/>\n<meta property=\"article:modified_time\" content=\"2025-07-04T16:16:17+00:00\" \/>\n<meta property=\"og:image\" content=\"http:\/\/impresiondigitalgranformato.es\/wp-content\/uploads\/2020\/07\/cartel-para-roll-up.jpg\" \/>\n\t<meta property=\"og:image:width\" content=\"637\" \/>\n\t<meta property=\"og:image:height\" content=\"637\" \/>\n\t<meta property=\"og:image:type\" content=\"image\/jpeg\" \/>\n<meta name=\"twitter:card\" content=\"summary_large_image\" \/>\n<meta name=\"twitter:label1\" content=\"Dur\u00e9e de lecture estim\u00e9e\" \/>\n\t<meta name=\"twitter:data1\" content=\"3 minutes\" \/>\n<script type=\"application\/ld+json\" class=\"yoast-schema-graph\">{\"@context\":\"https:\\\/\\\/schema.org\",\"@graph\":[{\"@type\":\"WebPage\",\"@id\":\"https:\\\/\\\/impresiondigitalgranformato.es\\\/producto\\\/cartel-para-roll-up\\\/\",\"url\":\"https:\\\/\\\/impresiondigitalgranformato.es\\\/producto\\\/cartel-para-roll-up\\\/\",\"name\":\"Cartel para roll up - Los + baratos - Gr\u00e1fica barata para rollup\",\"isPartOf\":{\"@id\":\"https:\\\/\\\/impresiondigitalgranformato.es\\\/#website\"},\"primaryImageOfPage\":{\"@id\":\"https:\\\/\\\/impresiondigitalgranformato.es\\\/producto\\\/cartel-para-roll-up\\\/#primaryimage\"},\"image\":{\"@id\":\"https:\\\/\\\/impresiondigitalgranformato.es\\\/producto\\\/cartel-para-roll-up\\\/#primaryimage\"},\"thumbnailUrl\":\"https:\\\/\\\/i0.wp.com\\\/impresiondigitalgranformato.es\\\/wp-content\\\/uploads\\\/2020\\\/07\\\/cartel-para-roll-up.jpg?fit=637%2C637&ssl=1\",\"datePublished\":\"2020-07-14T17:42:48+00:00\",\"dateModified\":\"2025-07-04T16:16:17+00:00\",\"description\":\"Cartel para roll up. Desde 11 euros podr\u00e1 reutilizar los roll ups, gr\u00e1fica para roll up con entrega en 24 horas. Cartel rollup en lona.\",\"breadcrumb\":{\"@id\":\"https:\\\/\\\/impresiondigitalgranformato.es\\\/producto\\\/cartel-para-roll-up\\\/#breadcrumb\"},\"inLanguage\":\"fr-FR\",\"potentialAction\":[{\"@type\":\"ReadAction\",\"target\":[\"https:\\\/\\\/impresiondigitalgranformato.es\\\/producto\\\/cartel-para-roll-up\\\/\"]}]},{\"@type\":\"ImageObject\",\"inLanguage\":\"fr-FR\",\"@id\":\"https:\\\/\\\/impresiondigitalgranformato.es\\\/producto\\\/cartel-para-roll-up\\\/#primaryimage\",\"url\":\"https:\\\/\\\/i0.wp.com\\\/impresiondigitalgranformato.es\\\/wp-content\\\/uploads\\\/2020\\\/07\\\/cartel-para-roll-up.jpg?fit=637%2C637&ssl=1\",\"contentUrl\":\"https:\\\/\\\/i0.wp.com\\\/impresiondigitalgranformato.es\\\/wp-content\\\/uploads\\\/2020\\\/07\\\/cartel-para-roll-up.jpg?fit=637%2C637&ssl=1\",\"width\":637,\"height\":637,\"caption\":\"cartel para roll up\"},{\"@type\":\"BreadcrumbList\",\"@id\":\"https:\\\/\\\/impresiondigitalgranformato.es\\\/producto\\\/cartel-para-roll-up\\\/#breadcrumb\",\"itemListElement\":[{\"@type\":\"ListItem\",\"position\":1,\"name\":\"Portada\",\"item\":\"https:\\\/\\\/impresiondigitalgranformato.es\\\/\"},{\"@type\":\"ListItem\",\"position\":2,\"name\":\"Productos\",\"item\":\"https:\\\/\\\/impresiondigitalgranformato.es\\\/venta-roll-up-banner\\\/\"},{\"@type\":\"ListItem\",\"position\":3,\"name\":\"Cartel para Roll up\"}]},{\"@type\":\"WebSite\",\"@id\":\"https:\\\/\\\/impresiondigitalgranformato.es\\\/#website\",\"url\":\"https:\\\/\\\/impresiondigitalgranformato.es\\\/\",\"name\":\"Los + baratos\",\"description\":\"impresi\u00f3n digital gran formato venta de roll up, banner, banderas, lonas, carteles, displays, publicidad\",\"publisher\":{\"@id\":\"https:\\\/\\\/impresiondigitalgranformato.es\\\/#organization\"},\"potentialAction\":[{\"@type\":\"SearchAction\",\"target\":{\"@type\":\"EntryPoint\",\"urlTemplate\":\"https:\\\/\\\/impresiondigitalgranformato.es\\\/?s={search_term_string}\"},\"query-input\":{\"@type\":\"PropertyValueSpecification\",\"valueRequired\":true,\"valueName\":\"search_term_string\"}}],\"inLanguage\":\"fr-FR\"},{\"@type\":\"Organization\",\"@id\":\"https:\\\/\\\/impresiondigitalgranformato.es\\\/#organization\",\"name\":\"Los + baratos\",\"url\":\"https:\\\/\\\/impresiondigitalgranformato.es\\\/\",\"logo\":{\"@type\":\"ImageObject\",\"inLanguage\":\"fr-FR\",\"@id\":\"https:\\\/\\\/impresiondigitalgranformato.es\\\/#\\\/schema\\\/logo\\\/image\\\/\",\"url\":\"https:\\\/\\\/i0.wp.com\\\/impresiondigitalgranformato.es\\\/wp-content\\\/uploads\\\/2016\\\/12\\\/cropped-logotipo-2-e1483373659766.png?fit=500%2C101&ssl=1\",\"contentUrl\":\"https:\\\/\\\/i0.wp.com\\\/impresiondigitalgranformato.es\\\/wp-content\\\/uploads\\\/2016\\\/12\\\/cropped-logotipo-2-e1483373659766.png?fit=500%2C101&ssl=1\",\"width\":500,\"height\":101,\"caption\":\"Los + baratos\"},\"image\":{\"@id\":\"https:\\\/\\\/impresiondigitalgranformato.es\\\/#\\\/schema\\\/logo\\\/image\\\/\"}}]}<\/script>\n<!-- \/ Yoast SEO plugin. -->","yoast_head_json":{"title":"Affiche enroulable - Le moins cher - Affiches enroulables bon march\u00e9","description":"Affiche enroulable. \u00c0 partir de 11 euros, r\u00e9utilisez vos affiches enroulables. Livraison en 24h. Affiche enroulable sur toile.","robots":{"index":"index","follow":"follow","max-snippet":"max-snippet:-1","max-image-preview":"max-image-preview:large","max-video-preview":"max-video-preview:-1"},"canonical":"https:\/\/impresiondigitalgranformato.es\/fr\/produit\/cartel-para-roll-up\/","og_locale":"fr_FR","og_type":"article","og_title":"Cartel para roll up - Los + baratos - Gr\u00e1fica barata para rollup","og_description":"Cartel para roll up. Desde 11 euros podr\u00e1 reutilizar los roll ups, gr\u00e1fica para roll up con entrega en 24 horas. Cartel rollup en lona.","og_url":"https:\/\/impresiondigitalgranformato.es\/fr\/produit\/cartel-para-roll-up\/","og_site_name":"Los + baratos","article_modified_time":"2025-07-04T16:16:17+00:00","og_image":[{"width":637,"height":637,"url":"http:\/\/impresiondigitalgranformato.es\/wp-content\/uploads\/2020\/07\/cartel-para-roll-up.jpg","type":"image\/jpeg"}],"twitter_card":"summary_large_image","twitter_misc":{"Dur\u00e9e de lecture estim\u00e9e":"3 minutes"},"schema":{"@context":"https:\/\/schema.org","@graph":[{"@type":"WebPage","@id":"https:\/\/impresiondigitalgranformato.es\/producto\/cartel-para-roll-up\/","url":"https:\/\/impresiondigitalgranformato.es\/producto\/cartel-para-roll-up\/","name":"Affiche enroulable - Le moins cher - Affiches enroulables bon march\u00e9","isPartOf":{"@id":"https:\/\/impresiondigitalgranformato.es\/#website"},"primaryImageOfPage":{"@id":"https:\/\/impresiondigitalgranformato.es\/producto\/cartel-para-roll-up\/#primaryimage"},"image":{"@id":"https:\/\/impresiondigitalgranformato.es\/producto\/cartel-para-roll-up\/#primaryimage"},"thumbnailUrl":"https:\/\/i0.wp.com\/impresiondigitalgranformato.es\/wp-content\/uploads\/2020\/07\/cartel-para-roll-up.jpg?fit=637%2C637&ssl=1","datePublished":"2020-07-14T17:42:48+00:00","dateModified":"2025-07-04T16:16:17+00:00","description":"Affiche enroulable. \u00c0 partir de 11 euros, r\u00e9utilisez vos affiches enroulables. Livraison en 24h. Affiche enroulable sur toile.","breadcrumb":{"@id":"https:\/\/impresiondigitalgranformato.es\/producto\/cartel-para-roll-up\/#breadcrumb"},"inLanguage":"fr-FR","potentialAction":[{"@type":"ReadAction","target":["https:\/\/impresiondigitalgranformato.es\/producto\/cartel-para-roll-up\/"]}]},{"@type":"ImageObject","inLanguage":"fr-FR","@id":"https:\/\/impresiondigitalgranformato.es\/producto\/cartel-para-roll-up\/#primaryimage","url":"https:\/\/i0.wp.com\/impresiondigitalgranformato.es\/wp-content\/uploads\/2020\/07\/cartel-para-roll-up.jpg?fit=637%2C637&ssl=1","contentUrl":"https:\/\/i0.wp.com\/impresiondigitalgranformato.es\/wp-content\/uploads\/2020\/07\/cartel-para-roll-up.jpg?fit=637%2C637&ssl=1","width":637,"height":637,"caption":"cartel para roll up"},{"@type":"BreadcrumbList","@id":"https:\/\/impresiondigitalgranformato.es\/producto\/cartel-para-roll-up\/#breadcrumb","itemListElement":[{"@type":"ListItem","position":1,"name":"Portada","item":"https:\/\/impresiondigitalgranformato.es\/"},{"@type":"ListItem","position":2,"name":"Productos","item":"https:\/\/impresiondigitalgranformato.es\/venta-roll-up-banner\/"},{"@type":"ListItem","position":3,"name":"Cartel para Roll up"}]},{"@type":"WebSite","@id":"https:\/\/impresiondigitalgranformato.es\/#website","url":"https:\/\/impresiondigitalgranformato.es\/","name":"Les moins chers","description":"impression num\u00e9rique grand format vente de roll up, banni\u00e8res, drapeaux, banderoles, b\u00e2ches, affiches, pr\u00e9sentoirs, publicit\u00e9s","publisher":{"@id":"https:\/\/impresiondigitalgranformato.es\/#organization"},"potentialAction":[{"@type":"SearchAction","target":{"@type":"EntryPoint","urlTemplate":"https:\/\/impresiondigitalgranformato.es\/?s={search_term_string}"},"query-input":{"@type":"PropertyValueSpecification","valueRequired":true,"valueName":"search_term_string"}}],"inLanguage":"fr-FR"},{"@type":"Organization","@id":"https:\/\/impresiondigitalgranformato.es\/#organization","name":"Les moins chers","url":"https:\/\/impresiondigitalgranformato.es\/","logo":{"@type":"ImageObject","inLanguage":"fr-FR","@id":"https:\/\/impresiondigitalgranformato.es\/#\/schema\/logo\/image\/","url":"https:\/\/i0.wp.com\/impresiondigitalgranformato.es\/wp-content\/uploads\/2016\/12\/cropped-logotipo-2-e1483373659766.png?fit=500%2C101&ssl=1","contentUrl":"https:\/\/i0.wp.com\/impresiondigitalgranformato.es\/wp-content\/uploads\/2016\/12\/cropped-logotipo-2-e1483373659766.png?fit=500%2C101&ssl=1","width":500,"height":101,"caption":"Los + baratos"},"image":{"@id":"https:\/\/impresiondigitalgranformato.es\/#\/schema\/logo\/image\/"}}]}},"jetpack_sharing_enabled":true,"_links":{"self":[{"href":"https:\/\/impresiondigitalgranformato.es\/fr\/wp-json\/wp\/v2\/product\/13000","targetHints":{"allow":["GET"]}}],"collection":[{"href":"https:\/\/impresiondigitalgranformato.es\/fr\/wp-json\/wp\/v2\/product"}],"about":[{"href":"https:\/\/impresiondigitalgranformato.es\/fr\/wp-json\/wp\/v2\/types\/product"}],"replies":[{"embeddable":true,"href":"https:\/\/impresiondigitalgranformato.es\/fr\/wp-json\/wp\/v2\/comments?post=13000"}],"wp:featuredmedia":[{"embeddable":true,"href":"https:\/\/impresiondigitalgranformato.es\/fr\/wp-json\/wp\/v2\/media\/13001"}],"wp:attachment":[{"href":"https:\/\/impresiondigitalgranformato.es\/fr\/wp-json\/wp\/v2\/media?parent=13000"}],"wp:term":[{"taxonomy":"product_brand","embeddable":true,"href":"https:\/\/impresiondigitalgranformato.es\/fr\/wp-json\/wp\/v2\/product_brand?post=13000"},{"taxonomy":"product_cat","embeddable":true,"href":"https:\/\/impresiondigitalgranformato.es\/fr\/wp-json\/wp\/v2\/product_cat?post=13000"},{"taxonomy":"product_tag","embeddable":true,"href":"https:\/\/impresiondigitalgranformato.es\/fr\/wp-json\/wp\/v2\/product_tag?post=13000"}],"curies":[{"name":"wp","href":"https:\/\/api.w.org\/{rel}","templated":true}]}}