{"id":1318,"date":"2017-10-11T18:55:16","date_gmt":"2017-10-11T16:55:16","guid":{"rendered":"http:\/\/impresiondigitalgranformato.es\/?post_type=product&#038;p=1318"},"modified":"2025-07-14T11:37:19","modified_gmt":"2025-07-14T09:37:19","slug":"banniere-economique-60-x-160-cm","status":"publish","type":"product","link":"https:\/\/impresiondigitalgranformato.es\/fr\/producto\/banner-economico-60-x-160-cm\/","title":{"rendered":"banni\u00e8re 60 x 160 cm"},"content":{"rendered":"<p>Banni\u00e8re X \u00e9conomique 60 x 160 cm.<\/p>\n<p>Structure en fibre de verre.<\/p>\n<p>Impression num\u00e9rique de haute qualit\u00e9 sur toile pvc coul\u00e9e.<\/p>\n<p>Sac de transport en daim inclus.<\/p>\n<p>Vous pouvez voir d'autres mod\u00e8les dans notre<a href=\"https:\/\/impresiondigitalgranformato.es\/fr\/banniere-economique-et-banniere-x\/\"> banni\u00e8re ou Xbanner<\/a><\/p>\n<hr \/>\n<p>Cette banni\u00e8re \u00e9conomique en forme de X vous permet de changer de graphisme aussi souvent que vous le souhaitez.<\/p>\n<p>Utilisez-le pour les foires, les congr\u00e8s, les mariages, les f\u00eates ou dans les points de vente pour promouvoir n'importe quel type d'offre ou d'\u00e9v\u00e9nement dans des espaces restreints. La banni\u00e8re est facile \u00e0 transporter car tout le produit se trouve dans le sac de transport et p\u00e8se 1 kilo. Vous pouvez stocker ou d\u00e9placer la banni\u00e8re autant de fois que vous le souhaitez et elle reste bien prot\u00e9g\u00e9e.<\/p>\n<p>Si vous avez besoin d'un format plus grand, vous pouvez visiter notre site web pour la banni\u00e8re de 80 x 200 cm. Cette taille de banni\u00e8re est \u00e9galement tr\u00e8s populaire. Si votre projet n\u00e9cessite une taille sp\u00e9ciale, veuillez consulter le site suivant <a href=\"https:\/\/impresiondigitalgranformato.es\/fr\/produit\/banner-medida-especial\/\" target=\"_blank\" rel=\"noopener\">MESURE SP\u00c9CIALE POUR LES BANNI\u00c8RES. <\/a>Vous trouverez ici diff\u00e9rentes tailles. Apr\u00e8s tant d'ann\u00e9es dans l'industrie, nous avons r\u00e9alis\u00e9 qu'il n'est pas toujours facile d'adapter les dessins \u00e0 des formats standardis\u00e9s.<\/p>\n<p>Toutes les banni\u00e8res que nous proposons sont faciles \u00e0 assembler, vous pouvez le voir sur notre site. <a href=\"https:\/\/www.youtube.com\/watch?v=x3H4sVQyc40\" target=\"_blank\" rel=\"noopener\">vid\u00e9o<\/a> Vous l'assemblerez en moins d'une minute et, comme nous l'avons d\u00e9j\u00e0 indiqu\u00e9, vous pourrez interchanger les graphiques autant de fois que vous le souhaitez. Vous pouvez choisir d'acheter la structure + les graphiques ou seulement les graphiques.<\/p>\n<hr \/>\n<p data-pbs-phone-margin-top=\"1px\">","protected":false},"excerpt":{"rendered":"<p><strong>Banni\u00e8re \u00e9conomique de 60 x 160 cm :<\/strong><\/p>\n<p><strong><span style=\"color: #ff0000;\">RABAIS DE QUANTIT\u00c9 ! !!<\/span><\/strong><\/p>\n<p><strong>-<\/strong>\u00a0de la 1\u00e8re unit\u00e9<\/p>\n<p>Ce produit peut \u00eatre livr\u00e9 dans les 24 heures<strong>*<\/strong><\/p>\n<p><span style=\"color: #000080;\"><a style=\"color: #000080;\" href=\"https:\/\/impresiondigitalgranformato.es\/fr\/banniere-economique-et-banniere-x\/\">Voir plus de mod\u00e8les<\/a><\/span><\/p>","protected":false},"featured_media":1319,"comment_status":"open","ping_status":"closed","template":"","meta":[],"product_brand":[],"product_cat":[42],"product_tag":[],"class_list":{"0":"post-1318","1":"product","2":"type-product","3":"status-publish","4":"has-post-thumbnail","6":"product_cat-banner-economico","8":"first","9":"instock","10":"sold-individually","11":"taxable","12":"shipping-taxable","13":"purchasable","14":"product-type-simple"},"yoast_head":"<!-- This site is optimized with the Yoast SEO plugin v27.4 - https:\/\/yoast.com\/product\/yoast-seo-wordpress\/ -->\n<title>banner econ\u00f3mico - banner 60 x 160 cm - Env\u00edo Gratis - Los + baratos<\/title>\n<meta name=\"description\" content=\"Banner econ\u00f3mico, gr\u00e1fica realizada en impresi\u00f3n digital sobre lona de pvc y estructura de fibra de vidrio. Banner de 60 x 160 cm. Los + Baratos\" \/>\n<meta name=\"robots\" content=\"index, follow, max-snippet:-1, max-image-preview:large, max-video-preview:-1\" \/>\n<link rel=\"canonical\" href=\"https:\/\/impresiondigitalgranformato.es\/fr\/produit\/banniere-economique-60-x-160-cm\/\" \/>\n<meta property=\"og:locale\" content=\"fr_FR\" \/>\n<meta property=\"og:type\" content=\"article\" \/>\n<meta property=\"og:title\" content=\"banner econ\u00f3mico - banner 60 x 160 cm - Env\u00edo Gratis - Los + baratos\" \/>\n<meta property=\"og:description\" content=\"Banner econ\u00f3mico, gr\u00e1fica realizada en impresi\u00f3n digital sobre lona de pvc y estructura de fibra de vidrio. Banner de 60 x 160 cm. Los + Baratos\" \/>\n<meta property=\"og:url\" content=\"https:\/\/impresiondigitalgranformato.es\/fr\/produit\/banniere-economique-60-x-160-cm\/\" \/>\n<meta property=\"og:site_name\" content=\"Los + baratos\" \/>\n<meta property=\"article:modified_time\" content=\"2025-07-14T09:37:19+00:00\" \/>\n<meta property=\"og:image\" content=\"http:\/\/impresiondigitalgranformato.es\/wp-content\/uploads\/2017\/10\/banner-60-x-160-cm.png\" \/>\n\t<meta property=\"og:image:width\" content=\"1063\" \/>\n\t<meta property=\"og:image:height\" content=\"1063\" \/>\n\t<meta property=\"og:image:type\" content=\"image\/png\" \/>\n<meta name=\"twitter:card\" content=\"summary_large_image\" \/>\n<meta name=\"twitter:label1\" content=\"Dur\u00e9e de lecture estim\u00e9e\" \/>\n\t<meta name=\"twitter:data1\" content=\"2 minutes\" \/>\n<script type=\"application\/ld+json\" class=\"yoast-schema-graph\">{\"@context\":\"https:\\\/\\\/schema.org\",\"@graph\":[{\"@type\":\"WebPage\",\"@id\":\"https:\\\/\\\/impresiondigitalgranformato.es\\\/producto\\\/banner-economico-60-x-160-cm\\\/\",\"url\":\"https:\\\/\\\/impresiondigitalgranformato.es\\\/producto\\\/banner-economico-60-x-160-cm\\\/\",\"name\":\"banner econ\u00f3mico - banner 60 x 160 cm - Env\u00edo Gratis - Los + baratos\",\"isPartOf\":{\"@id\":\"https:\\\/\\\/impresiondigitalgranformato.es\\\/#website\"},\"primaryImageOfPage\":{\"@id\":\"https:\\\/\\\/impresiondigitalgranformato.es\\\/producto\\\/banner-economico-60-x-160-cm\\\/#primaryimage\"},\"image\":{\"@id\":\"https:\\\/\\\/impresiondigitalgranformato.es\\\/producto\\\/banner-economico-60-x-160-cm\\\/#primaryimage\"},\"thumbnailUrl\":\"https:\\\/\\\/i0.wp.com\\\/impresiondigitalgranformato.es\\\/wp-content\\\/uploads\\\/2017\\\/10\\\/banner-60-x-160-cm.png?fit=1063%2C1063&ssl=1\",\"datePublished\":\"2017-10-11T16:55:16+00:00\",\"dateModified\":\"2025-07-14T09:37:19+00:00\",\"description\":\"Banner econ\u00f3mico, gr\u00e1fica realizada en impresi\u00f3n digital sobre lona de pvc y estructura de fibra de vidrio. Banner de 60 x 160 cm. Los + Baratos\",\"breadcrumb\":{\"@id\":\"https:\\\/\\\/impresiondigitalgranformato.es\\\/producto\\\/banner-economico-60-x-160-cm\\\/#breadcrumb\"},\"inLanguage\":\"fr-FR\",\"potentialAction\":[{\"@type\":\"ReadAction\",\"target\":[\"https:\\\/\\\/impresiondigitalgranformato.es\\\/producto\\\/banner-economico-60-x-160-cm\\\/\"]}]},{\"@type\":\"ImageObject\",\"inLanguage\":\"fr-FR\",\"@id\":\"https:\\\/\\\/impresiondigitalgranformato.es\\\/producto\\\/banner-economico-60-x-160-cm\\\/#primaryimage\",\"url\":\"https:\\\/\\\/i0.wp.com\\\/impresiondigitalgranformato.es\\\/wp-content\\\/uploads\\\/2017\\\/10\\\/banner-60-x-160-cm.png?fit=1063%2C1063&ssl=1\",\"contentUrl\":\"https:\\\/\\\/i0.wp.com\\\/impresiondigitalgranformato.es\\\/wp-content\\\/uploads\\\/2017\\\/10\\\/banner-60-x-160-cm.png?fit=1063%2C1063&ssl=1\",\"width\":1063,\"height\":1063,\"caption\":\"banner econ\u00f3mico de 60 x 160 cm\"},{\"@type\":\"BreadcrumbList\",\"@id\":\"https:\\\/\\\/impresiondigitalgranformato.es\\\/producto\\\/banner-economico-60-x-160-cm\\\/#breadcrumb\",\"itemListElement\":[{\"@type\":\"ListItem\",\"position\":1,\"name\":\"Portada\",\"item\":\"https:\\\/\\\/impresiondigitalgranformato.es\\\/\"},{\"@type\":\"ListItem\",\"position\":2,\"name\":\"Productos\",\"item\":\"https:\\\/\\\/impresiondigitalgranformato.es\\\/venta-roll-up-banner\\\/\"},{\"@type\":\"ListItem\",\"position\":3,\"name\":\"banner 60 x 160 cm\"}]},{\"@type\":\"WebSite\",\"@id\":\"https:\\\/\\\/impresiondigitalgranformato.es\\\/#website\",\"url\":\"https:\\\/\\\/impresiondigitalgranformato.es\\\/\",\"name\":\"Los + baratos\",\"description\":\"impresi\u00f3n digital gran formato venta de roll up, banner, banderas, lonas, carteles, displays, publicidad\",\"publisher\":{\"@id\":\"https:\\\/\\\/impresiondigitalgranformato.es\\\/#organization\"},\"potentialAction\":[{\"@type\":\"SearchAction\",\"target\":{\"@type\":\"EntryPoint\",\"urlTemplate\":\"https:\\\/\\\/impresiondigitalgranformato.es\\\/?s={search_term_string}\"},\"query-input\":{\"@type\":\"PropertyValueSpecification\",\"valueRequired\":true,\"valueName\":\"search_term_string\"}}],\"inLanguage\":\"fr-FR\"},{\"@type\":\"Organization\",\"@id\":\"https:\\\/\\\/impresiondigitalgranformato.es\\\/#organization\",\"name\":\"Los + baratos\",\"url\":\"https:\\\/\\\/impresiondigitalgranformato.es\\\/\",\"logo\":{\"@type\":\"ImageObject\",\"inLanguage\":\"fr-FR\",\"@id\":\"https:\\\/\\\/impresiondigitalgranformato.es\\\/#\\\/schema\\\/logo\\\/image\\\/\",\"url\":\"https:\\\/\\\/i0.wp.com\\\/impresiondigitalgranformato.es\\\/wp-content\\\/uploads\\\/2016\\\/12\\\/cropped-logotipo-2-e1483373659766.png?fit=500%2C101&ssl=1\",\"contentUrl\":\"https:\\\/\\\/i0.wp.com\\\/impresiondigitalgranformato.es\\\/wp-content\\\/uploads\\\/2016\\\/12\\\/cropped-logotipo-2-e1483373659766.png?fit=500%2C101&ssl=1\",\"width\":500,\"height\":101,\"caption\":\"Los + baratos\"},\"image\":{\"@id\":\"https:\\\/\\\/impresiondigitalgranformato.es\\\/#\\\/schema\\\/logo\\\/image\\\/\"}}]}<\/script>\n<!-- \/ Yoast SEO plugin. -->","yoast_head_json":{"title":"banni\u00e8re \u00e9conomique - banni\u00e8re 60 x 160 cm - Livraison gratuite - Les moins chers","description":"Banni\u00e8re \u00e9conomique, graphisme imprim\u00e9 num\u00e9riquement sur toile PVC et structure en fibre de verre. Banni\u00e8re de 60 x 160 cm. Le + \u00e9conomique","robots":{"index":"index","follow":"follow","max-snippet":"max-snippet:-1","max-image-preview":"max-image-preview:large","max-video-preview":"max-video-preview:-1"},"canonical":"https:\/\/impresiondigitalgranformato.es\/fr\/produit\/banniere-economique-60-x-160-cm\/","og_locale":"fr_FR","og_type":"article","og_title":"banner econ\u00f3mico - banner 60 x 160 cm - Env\u00edo Gratis - Los + baratos","og_description":"Banner econ\u00f3mico, gr\u00e1fica realizada en impresi\u00f3n digital sobre lona de pvc y estructura de fibra de vidrio. Banner de 60 x 160 cm. Los + Baratos","og_url":"https:\/\/impresiondigitalgranformato.es\/fr\/produit\/banniere-economique-60-x-160-cm\/","og_site_name":"Los + baratos","article_modified_time":"2025-07-14T09:37:19+00:00","og_image":[{"width":1063,"height":1063,"url":"http:\/\/impresiondigitalgranformato.es\/wp-content\/uploads\/2017\/10\/banner-60-x-160-cm.png","type":"image\/png"}],"twitter_card":"summary_large_image","twitter_misc":{"Dur\u00e9e de lecture estim\u00e9e":"2 minutes"},"schema":{"@context":"https:\/\/schema.org","@graph":[{"@type":"WebPage","@id":"https:\/\/impresiondigitalgranformato.es\/producto\/banner-economico-60-x-160-cm\/","url":"https:\/\/impresiondigitalgranformato.es\/producto\/banner-economico-60-x-160-cm\/","name":"banni\u00e8re \u00e9conomique - banni\u00e8re 60 x 160 cm - Livraison gratuite - Les moins chers","isPartOf":{"@id":"https:\/\/impresiondigitalgranformato.es\/#website"},"primaryImageOfPage":{"@id":"https:\/\/impresiondigitalgranformato.es\/producto\/banner-economico-60-x-160-cm\/#primaryimage"},"image":{"@id":"https:\/\/impresiondigitalgranformato.es\/producto\/banner-economico-60-x-160-cm\/#primaryimage"},"thumbnailUrl":"https:\/\/i0.wp.com\/impresiondigitalgranformato.es\/wp-content\/uploads\/2017\/10\/banner-60-x-160-cm.png?fit=1063%2C1063&ssl=1","datePublished":"2017-10-11T16:55:16+00:00","dateModified":"2025-07-14T09:37:19+00:00","description":"Banni\u00e8re \u00e9conomique, graphisme imprim\u00e9 num\u00e9riquement sur toile PVC et structure en fibre de verre. Banni\u00e8re de 60 x 160 cm. Le + \u00e9conomique","breadcrumb":{"@id":"https:\/\/impresiondigitalgranformato.es\/producto\/banner-economico-60-x-160-cm\/#breadcrumb"},"inLanguage":"fr-FR","potentialAction":[{"@type":"ReadAction","target":["https:\/\/impresiondigitalgranformato.es\/producto\/banner-economico-60-x-160-cm\/"]}]},{"@type":"ImageObject","inLanguage":"fr-FR","@id":"https:\/\/impresiondigitalgranformato.es\/producto\/banner-economico-60-x-160-cm\/#primaryimage","url":"https:\/\/i0.wp.com\/impresiondigitalgranformato.es\/wp-content\/uploads\/2017\/10\/banner-60-x-160-cm.png?fit=1063%2C1063&ssl=1","contentUrl":"https:\/\/i0.wp.com\/impresiondigitalgranformato.es\/wp-content\/uploads\/2017\/10\/banner-60-x-160-cm.png?fit=1063%2C1063&ssl=1","width":1063,"height":1063,"caption":"banner econ\u00f3mico de 60 x 160 cm"},{"@type":"BreadcrumbList","@id":"https:\/\/impresiondigitalgranformato.es\/producto\/banner-economico-60-x-160-cm\/#breadcrumb","itemListElement":[{"@type":"ListItem","position":1,"name":"Portada","item":"https:\/\/impresiondigitalgranformato.es\/"},{"@type":"ListItem","position":2,"name":"Productos","item":"https:\/\/impresiondigitalgranformato.es\/venta-roll-up-banner\/"},{"@type":"ListItem","position":3,"name":"banner 60 x 160 cm"}]},{"@type":"WebSite","@id":"https:\/\/impresiondigitalgranformato.es\/#website","url":"https:\/\/impresiondigitalgranformato.es\/","name":"Les moins chers","description":"impression num\u00e9rique grand format vente de roll up, banni\u00e8res, drapeaux, banderoles, b\u00e2ches, affiches, pr\u00e9sentoirs, publicit\u00e9s","publisher":{"@id":"https:\/\/impresiondigitalgranformato.es\/#organization"},"potentialAction":[{"@type":"SearchAction","target":{"@type":"EntryPoint","urlTemplate":"https:\/\/impresiondigitalgranformato.es\/?s={search_term_string}"},"query-input":{"@type":"PropertyValueSpecification","valueRequired":true,"valueName":"search_term_string"}}],"inLanguage":"fr-FR"},{"@type":"Organization","@id":"https:\/\/impresiondigitalgranformato.es\/#organization","name":"Les moins chers","url":"https:\/\/impresiondigitalgranformato.es\/","logo":{"@type":"ImageObject","inLanguage":"fr-FR","@id":"https:\/\/impresiondigitalgranformato.es\/#\/schema\/logo\/image\/","url":"https:\/\/i0.wp.com\/impresiondigitalgranformato.es\/wp-content\/uploads\/2016\/12\/cropped-logotipo-2-e1483373659766.png?fit=500%2C101&ssl=1","contentUrl":"https:\/\/i0.wp.com\/impresiondigitalgranformato.es\/wp-content\/uploads\/2016\/12\/cropped-logotipo-2-e1483373659766.png?fit=500%2C101&ssl=1","width":500,"height":101,"caption":"Los + baratos"},"image":{"@id":"https:\/\/impresiondigitalgranformato.es\/#\/schema\/logo\/image\/"}}]}},"jetpack_sharing_enabled":true,"_links":{"self":[{"href":"https:\/\/impresiondigitalgranformato.es\/fr\/wp-json\/wp\/v2\/product\/1318","targetHints":{"allow":["GET"]}}],"collection":[{"href":"https:\/\/impresiondigitalgranformato.es\/fr\/wp-json\/wp\/v2\/product"}],"about":[{"href":"https:\/\/impresiondigitalgranformato.es\/fr\/wp-json\/wp\/v2\/types\/product"}],"replies":[{"embeddable":true,"href":"https:\/\/impresiondigitalgranformato.es\/fr\/wp-json\/wp\/v2\/comments?post=1318"}],"wp:featuredmedia":[{"embeddable":true,"href":"https:\/\/impresiondigitalgranformato.es\/fr\/wp-json\/wp\/v2\/media\/1319"}],"wp:attachment":[{"href":"https:\/\/impresiondigitalgranformato.es\/fr\/wp-json\/wp\/v2\/media?parent=1318"}],"wp:term":[{"taxonomy":"product_brand","embeddable":true,"href":"https:\/\/impresiondigitalgranformato.es\/fr\/wp-json\/wp\/v2\/product_brand?post=1318"},{"taxonomy":"product_cat","embeddable":true,"href":"https:\/\/impresiondigitalgranformato.es\/fr\/wp-json\/wp\/v2\/product_cat?post=1318"},{"taxonomy":"product_tag","embeddable":true,"href":"https:\/\/impresiondigitalgranformato.es\/fr\/wp-json\/wp\/v2\/product_tag?post=1318"}],"curies":[{"name":"wp","href":"https:\/\/api.w.org\/{rel}","templated":true}]}}