{"id":1337,"date":"2017-10-13T19:09:09","date_gmt":"2017-10-13T17:09:09","guid":{"rendered":"http:\/\/impresiondigitalgranformato.es\/?post_type=product&#038;p=1337"},"modified":"2025-07-14T11:52:03","modified_gmt":"2025-07-14T09:52:03","slug":"banniere-80-x-200-cm-pas-cher","status":"publish","type":"product","link":"https:\/\/impresiondigitalgranformato.es\/fr\/producto\/banner-80-x-200-cm-barato\/","title":{"rendered":"banni\u00e8re 80 x 200 cm"},"content":{"rendered":"<p>banni\u00e8re bon march\u00e9 80\u00d7200 cm<\/p>\n<p>Impression num\u00e9rique de haute qualit\u00e9 sur toile pvc coul\u00e9e.<\/p>\n<p>La structure est en fibre de verre pour une meilleure durabilit\u00e9.<\/p>\n<p>Comprend un sac en daim pour ranger le produit pendant le transport.<\/p>\n<p>Vous pouvez voir d'autres mod\u00e8les dans notre<a href=\"https:\/\/impresiondigitalgranformato.es\/fr\/banniere-economique-et-banniere-x\/\"> banni\u00e8re ou Xbanner<\/a><\/p>\n<hr \/>\n<p>Cette banni\u00e8re X est le mod\u00e8le standard. Elle est largement utilis\u00e9e pour les promotions, les offres et les services, c'est une banni\u00e8re bon march\u00e9 avec une grande visibilit\u00e9. X-banner de 2 m\u00e8tres de haut achet\u00e9 pour des \u00e9v\u00e9nements aussi bien sur le lieu de travail que sur le terrain de sport. Comme il s'agit \u00e9galement d'une banni\u00e8re \u00e9conomique, elle vous permet de faire de grandes pr\u00e9sentations \u00e0 moindre co\u00fbt.<\/p>\n<p>Les banni\u00e8res sont de plus en plus utilis\u00e9es comme supports publicitaires. En raison de leur faible co\u00fbt, de leur grand impact visuel et de leur facilit\u00e9 de montage. Elles vous permettent d'informer ou de faire de la publicit\u00e9 pour tout produit ou service que vous souhaitez offrir.<\/p>\n<p>Utilisez cette banni\u00e8re bon march\u00e9 de 80\u00d7200 cm car elle est tr\u00e8s facile \u00e0 assembler comme vous pouvez le voir sur notre site web. <a href=\"https:\/\/youtu.be\/orGLlJ6LtzQ\" target=\"_blank\" rel=\"noopener\">v\u00eddeo<\/a>. Le xbanner est facile \u00e0 transporter car il tient enti\u00e8rement dans sa mallette de transport et p\u00e8se \u00e0 peine plus d'un kilo.<\/p>\n<p>Si ce format ne correspond pas \u00e0 vos besoins, vous pouvez visiter et acheter dans notre section de <a href=\"https:\/\/impresiondigitalgranformato.es\/fr\/produit\/banner-medida-especial\/\" target=\"_blank\" rel=\"noopener\">MESURE SP\u00c9CIALE POUR LES BANNI\u00c8RES.<\/a><\/p>\n<hr \/>\n<p data-pbs-phone-margin-top=\"1px\">","protected":false},"excerpt":{"rendered":"<p>Xbanner 80 x 200 cm \u00e9conomique<\/p>\n<p><strong><span style=\"color: #ff0000;\">RABAIS DE QUANTIT\u00c9 ! !!<\/span><\/strong><\/p>\n<p><strong>-<\/strong>\u00a0de la 1\u00e8re unit\u00e9<\/p>\n<p>Ce produit peut \u00eatre livr\u00e9 dans les 24 heures<strong>*<\/strong><\/p>\n<p><a href=\"https:\/\/impresiondigitalgranformato.es\/fr\/banniere-economique-et-banniere-x\/\">Voir plus de mod\u00e8les<\/a><\/p>","protected":false},"featured_media":1338,"comment_status":"open","ping_status":"closed","template":"","meta":[],"product_brand":[],"product_cat":[42,78],"product_tag":[],"class_list":{"0":"post-1337","1":"product","2":"type-product","3":"status-publish","4":"has-post-thumbnail","6":"product_cat-banner-economico","7":"product_cat-rollup-banner-photocall-carteles-lona-impresion-economicos","9":"first","10":"instock","11":"sold-individually","12":"taxable","13":"shipping-taxable","14":"purchasable","15":"product-type-simple"},"yoast_head":"<!-- This site is optimized with the Yoast SEO plugin v27.3 - https:\/\/yoast.com\/product\/yoast-seo-wordpress\/ -->\n<title>banner 80x200 barato - Env\u00edo Gratuito - Los + baratos<\/title>\n<meta name=\"description\" content=\"banner 80x200 barato gr\u00e1fica realizada en lona con impresi\u00f3n digital, estructura de fibra de vidrio incluye bolsa de transporte. Entrega en 24 horas\" \/>\n<meta name=\"robots\" content=\"index, follow, max-snippet:-1, max-image-preview:large, max-video-preview:-1\" \/>\n<link rel=\"canonical\" href=\"https:\/\/impresiondigitalgranformato.es\/fr\/produit\/banniere-80-x-200-cm-pas-cher\/\" \/>\n<meta property=\"og:locale\" content=\"fr_FR\" \/>\n<meta property=\"og:type\" content=\"article\" \/>\n<meta property=\"og:title\" content=\"banner 80x200 barato - Env\u00edo Gratuito - Los + baratos\" \/>\n<meta property=\"og:description\" content=\"banner 80x200 barato gr\u00e1fica realizada en lona con impresi\u00f3n digital, estructura de fibra de vidrio incluye bolsa de transporte. Entrega en 24 horas\" \/>\n<meta property=\"og:url\" content=\"https:\/\/impresiondigitalgranformato.es\/fr\/produit\/banniere-80-x-200-cm-pas-cher\/\" \/>\n<meta property=\"og:site_name\" content=\"Los + baratos\" \/>\n<meta property=\"article:modified_time\" content=\"2025-07-14T09:52:03+00:00\" \/>\n<meta property=\"og:image\" content=\"http:\/\/impresiondigitalgranformato.es\/wp-content\/uploads\/2017\/10\/banner-80-x-200-cm.png\" \/>\n\t<meta property=\"og:image:width\" content=\"1594\" \/>\n\t<meta property=\"og:image:height\" content=\"1594\" \/>\n\t<meta property=\"og:image:type\" content=\"image\/png\" \/>\n<meta name=\"twitter:card\" content=\"summary_large_image\" \/>\n<meta name=\"twitter:label1\" content=\"Dur\u00e9e de lecture estim\u00e9e\" \/>\n\t<meta name=\"twitter:data1\" content=\"2 minutes\" \/>\n<script type=\"application\/ld+json\" class=\"yoast-schema-graph\">{\"@context\":\"https:\\\/\\\/schema.org\",\"@graph\":[{\"@type\":\"WebPage\",\"@id\":\"https:\\\/\\\/impresiondigitalgranformato.es\\\/producto\\\/banner-80-x-200-cm-barato\\\/\",\"url\":\"https:\\\/\\\/impresiondigitalgranformato.es\\\/producto\\\/banner-80-x-200-cm-barato\\\/\",\"name\":\"banner 80x200 barato - Env\u00edo Gratuito - Los + baratos\",\"isPartOf\":{\"@id\":\"https:\\\/\\\/impresiondigitalgranformato.es\\\/#website\"},\"primaryImageOfPage\":{\"@id\":\"https:\\\/\\\/impresiondigitalgranformato.es\\\/producto\\\/banner-80-x-200-cm-barato\\\/#primaryimage\"},\"image\":{\"@id\":\"https:\\\/\\\/impresiondigitalgranformato.es\\\/producto\\\/banner-80-x-200-cm-barato\\\/#primaryimage\"},\"thumbnailUrl\":\"https:\\\/\\\/i0.wp.com\\\/impresiondigitalgranformato.es\\\/wp-content\\\/uploads\\\/2017\\\/10\\\/banner-80-x-200-cm.png?fit=1594%2C1594&ssl=1\",\"datePublished\":\"2017-10-13T17:09:09+00:00\",\"dateModified\":\"2025-07-14T09:52:03+00:00\",\"description\":\"banner 80x200 barato gr\u00e1fica realizada en lona con impresi\u00f3n digital, estructura de fibra de vidrio incluye bolsa de transporte. Entrega en 24 horas\",\"breadcrumb\":{\"@id\":\"https:\\\/\\\/impresiondigitalgranformato.es\\\/producto\\\/banner-80-x-200-cm-barato\\\/#breadcrumb\"},\"inLanguage\":\"fr-FR\",\"potentialAction\":[{\"@type\":\"ReadAction\",\"target\":[\"https:\\\/\\\/impresiondigitalgranformato.es\\\/producto\\\/banner-80-x-200-cm-barato\\\/\"]}]},{\"@type\":\"ImageObject\",\"inLanguage\":\"fr-FR\",\"@id\":\"https:\\\/\\\/impresiondigitalgranformato.es\\\/producto\\\/banner-80-x-200-cm-barato\\\/#primaryimage\",\"url\":\"https:\\\/\\\/i0.wp.com\\\/impresiondigitalgranformato.es\\\/wp-content\\\/uploads\\\/2017\\\/10\\\/banner-80-x-200-cm.png?fit=1594%2C1594&ssl=1\",\"contentUrl\":\"https:\\\/\\\/i0.wp.com\\\/impresiondigitalgranformato.es\\\/wp-content\\\/uploads\\\/2017\\\/10\\\/banner-80-x-200-cm.png?fit=1594%2C1594&ssl=1\",\"width\":1594,\"height\":1594,\"caption\":\"banner barato 80x200\"},{\"@type\":\"BreadcrumbList\",\"@id\":\"https:\\\/\\\/impresiondigitalgranformato.es\\\/producto\\\/banner-80-x-200-cm-barato\\\/#breadcrumb\",\"itemListElement\":[{\"@type\":\"ListItem\",\"position\":1,\"name\":\"Portada\",\"item\":\"https:\\\/\\\/impresiondigitalgranformato.es\\\/\"},{\"@type\":\"ListItem\",\"position\":2,\"name\":\"Productos\",\"item\":\"https:\\\/\\\/impresiondigitalgranformato.es\\\/venta-roll-up-banner\\\/\"},{\"@type\":\"ListItem\",\"position\":3,\"name\":\"banner 80 x 200 cm\"}]},{\"@type\":\"WebSite\",\"@id\":\"https:\\\/\\\/impresiondigitalgranformato.es\\\/#website\",\"url\":\"https:\\\/\\\/impresiondigitalgranformato.es\\\/\",\"name\":\"Los + baratos\",\"description\":\"impresi\u00f3n digital gran formato venta de roll up, banner, banderas, lonas, carteles, displays, publicidad\",\"publisher\":{\"@id\":\"https:\\\/\\\/impresiondigitalgranformato.es\\\/#organization\"},\"potentialAction\":[{\"@type\":\"SearchAction\",\"target\":{\"@type\":\"EntryPoint\",\"urlTemplate\":\"https:\\\/\\\/impresiondigitalgranformato.es\\\/?s={search_term_string}\"},\"query-input\":{\"@type\":\"PropertyValueSpecification\",\"valueRequired\":true,\"valueName\":\"search_term_string\"}}],\"inLanguage\":\"fr-FR\"},{\"@type\":\"Organization\",\"@id\":\"https:\\\/\\\/impresiondigitalgranformato.es\\\/#organization\",\"name\":\"Los + baratos\",\"url\":\"https:\\\/\\\/impresiondigitalgranformato.es\\\/\",\"logo\":{\"@type\":\"ImageObject\",\"inLanguage\":\"fr-FR\",\"@id\":\"https:\\\/\\\/impresiondigitalgranformato.es\\\/#\\\/schema\\\/logo\\\/image\\\/\",\"url\":\"https:\\\/\\\/i0.wp.com\\\/impresiondigitalgranformato.es\\\/wp-content\\\/uploads\\\/2016\\\/12\\\/cropped-logotipo-2-e1483373659766.png?fit=500%2C101&ssl=1\",\"contentUrl\":\"https:\\\/\\\/i0.wp.com\\\/impresiondigitalgranformato.es\\\/wp-content\\\/uploads\\\/2016\\\/12\\\/cropped-logotipo-2-e1483373659766.png?fit=500%2C101&ssl=1\",\"width\":500,\"height\":101,\"caption\":\"Los + baratos\"},\"image\":{\"@id\":\"https:\\\/\\\/impresiondigitalgranformato.es\\\/#\\\/schema\\\/logo\\\/image\\\/\"}}]}<\/script>\n<!-- \/ Yoast SEO plugin. -->","yoast_head_json":{"title":"Banni\u00e8re 80x200 pas ch\u00e8re - Livraison gratuite - La moins ch\u00e8re","description":"Banni\u00e8re graphique 80x200 cm en toile avec impression num\u00e9rique, cadre en fibre de verre et sac de transport. Livraison sous 24 heures.","robots":{"index":"index","follow":"follow","max-snippet":"max-snippet:-1","max-image-preview":"max-image-preview:large","max-video-preview":"max-video-preview:-1"},"canonical":"https:\/\/impresiondigitalgranformato.es\/fr\/produit\/banniere-80-x-200-cm-pas-cher\/","og_locale":"fr_FR","og_type":"article","og_title":"banner 80x200 barato - Env\u00edo Gratuito - Los + baratos","og_description":"banner 80x200 barato gr\u00e1fica realizada en lona con impresi\u00f3n digital, estructura de fibra de vidrio incluye bolsa de transporte. Entrega en 24 horas","og_url":"https:\/\/impresiondigitalgranformato.es\/fr\/produit\/banniere-80-x-200-cm-pas-cher\/","og_site_name":"Los + baratos","article_modified_time":"2025-07-14T09:52:03+00:00","og_image":[{"width":1594,"height":1594,"url":"http:\/\/impresiondigitalgranformato.es\/wp-content\/uploads\/2017\/10\/banner-80-x-200-cm.png","type":"image\/png"}],"twitter_card":"summary_large_image","twitter_misc":{"Dur\u00e9e de lecture estim\u00e9e":"2 minutes"},"schema":{"@context":"https:\/\/schema.org","@graph":[{"@type":"WebPage","@id":"https:\/\/impresiondigitalgranformato.es\/producto\/banner-80-x-200-cm-barato\/","url":"https:\/\/impresiondigitalgranformato.es\/producto\/banner-80-x-200-cm-barato\/","name":"Banni\u00e8re 80x200 pas ch\u00e8re - Livraison gratuite - La moins ch\u00e8re","isPartOf":{"@id":"https:\/\/impresiondigitalgranformato.es\/#website"},"primaryImageOfPage":{"@id":"https:\/\/impresiondigitalgranformato.es\/producto\/banner-80-x-200-cm-barato\/#primaryimage"},"image":{"@id":"https:\/\/impresiondigitalgranformato.es\/producto\/banner-80-x-200-cm-barato\/#primaryimage"},"thumbnailUrl":"https:\/\/i0.wp.com\/impresiondigitalgranformato.es\/wp-content\/uploads\/2017\/10\/banner-80-x-200-cm.png?fit=1594%2C1594&ssl=1","datePublished":"2017-10-13T17:09:09+00:00","dateModified":"2025-07-14T09:52:03+00:00","description":"Banni\u00e8re graphique 80x200 cm en toile avec impression num\u00e9rique, cadre en fibre de verre et sac de transport. Livraison sous 24 heures.","breadcrumb":{"@id":"https:\/\/impresiondigitalgranformato.es\/producto\/banner-80-x-200-cm-barato\/#breadcrumb"},"inLanguage":"fr-FR","potentialAction":[{"@type":"ReadAction","target":["https:\/\/impresiondigitalgranformato.es\/producto\/banner-80-x-200-cm-barato\/"]}]},{"@type":"ImageObject","inLanguage":"fr-FR","@id":"https:\/\/impresiondigitalgranformato.es\/producto\/banner-80-x-200-cm-barato\/#primaryimage","url":"https:\/\/i0.wp.com\/impresiondigitalgranformato.es\/wp-content\/uploads\/2017\/10\/banner-80-x-200-cm.png?fit=1594%2C1594&ssl=1","contentUrl":"https:\/\/i0.wp.com\/impresiondigitalgranformato.es\/wp-content\/uploads\/2017\/10\/banner-80-x-200-cm.png?fit=1594%2C1594&ssl=1","width":1594,"height":1594,"caption":"banner barato 80x200"},{"@type":"BreadcrumbList","@id":"https:\/\/impresiondigitalgranformato.es\/producto\/banner-80-x-200-cm-barato\/#breadcrumb","itemListElement":[{"@type":"ListItem","position":1,"name":"Portada","item":"https:\/\/impresiondigitalgranformato.es\/"},{"@type":"ListItem","position":2,"name":"Productos","item":"https:\/\/impresiondigitalgranformato.es\/venta-roll-up-banner\/"},{"@type":"ListItem","position":3,"name":"banner 80 x 200 cm"}]},{"@type":"WebSite","@id":"https:\/\/impresiondigitalgranformato.es\/#website","url":"https:\/\/impresiondigitalgranformato.es\/","name":"Les moins chers","description":"impression num\u00e9rique grand format vente de roll up, banni\u00e8res, drapeaux, banderoles, b\u00e2ches, affiches, pr\u00e9sentoirs, publicit\u00e9s","publisher":{"@id":"https:\/\/impresiondigitalgranformato.es\/#organization"},"potentialAction":[{"@type":"SearchAction","target":{"@type":"EntryPoint","urlTemplate":"https:\/\/impresiondigitalgranformato.es\/?s={search_term_string}"},"query-input":{"@type":"PropertyValueSpecification","valueRequired":true,"valueName":"search_term_string"}}],"inLanguage":"fr-FR"},{"@type":"Organization","@id":"https:\/\/impresiondigitalgranformato.es\/#organization","name":"Les moins chers","url":"https:\/\/impresiondigitalgranformato.es\/","logo":{"@type":"ImageObject","inLanguage":"fr-FR","@id":"https:\/\/impresiondigitalgranformato.es\/#\/schema\/logo\/image\/","url":"https:\/\/i0.wp.com\/impresiondigitalgranformato.es\/wp-content\/uploads\/2016\/12\/cropped-logotipo-2-e1483373659766.png?fit=500%2C101&ssl=1","contentUrl":"https:\/\/i0.wp.com\/impresiondigitalgranformato.es\/wp-content\/uploads\/2016\/12\/cropped-logotipo-2-e1483373659766.png?fit=500%2C101&ssl=1","width":500,"height":101,"caption":"Los + baratos"},"image":{"@id":"https:\/\/impresiondigitalgranformato.es\/#\/schema\/logo\/image\/"}}]}},"jetpack_sharing_enabled":true,"_links":{"self":[{"href":"https:\/\/impresiondigitalgranformato.es\/fr\/wp-json\/wp\/v2\/product\/1337","targetHints":{"allow":["GET"]}}],"collection":[{"href":"https:\/\/impresiondigitalgranformato.es\/fr\/wp-json\/wp\/v2\/product"}],"about":[{"href":"https:\/\/impresiondigitalgranformato.es\/fr\/wp-json\/wp\/v2\/types\/product"}],"replies":[{"embeddable":true,"href":"https:\/\/impresiondigitalgranformato.es\/fr\/wp-json\/wp\/v2\/comments?post=1337"}],"wp:featuredmedia":[{"embeddable":true,"href":"https:\/\/impresiondigitalgranformato.es\/fr\/wp-json\/wp\/v2\/media\/1338"}],"wp:attachment":[{"href":"https:\/\/impresiondigitalgranformato.es\/fr\/wp-json\/wp\/v2\/media?parent=1337"}],"wp:term":[{"taxonomy":"product_brand","embeddable":true,"href":"https:\/\/impresiondigitalgranformato.es\/fr\/wp-json\/wp\/v2\/product_brand?post=1337"},{"taxonomy":"product_cat","embeddable":true,"href":"https:\/\/impresiondigitalgranformato.es\/fr\/wp-json\/wp\/v2\/product_cat?post=1337"},{"taxonomy":"product_tag","embeddable":true,"href":"https:\/\/impresiondigitalgranformato.es\/fr\/wp-json\/wp\/v2\/product_tag?post=1337"}],"curies":[{"name":"wp","href":"https:\/\/api.w.org\/{rel}","templated":true}]}}