{"id":13437,"date":"2021-01-22T13:31:59","date_gmt":"2021-01-22T12:31:59","guid":{"rendered":"http:\/\/impresiondigitalgranformato.es\/?post_type=product&#038;p=13437"},"modified":"2025-08-02T11:34:18","modified_gmt":"2025-08-02T09:34:18","slug":"film-pour-fenetre-a-effet-miroir","status":"publish","type":"product","link":"https:\/\/impresiondigitalgranformato.es\/fr\/producto\/plastico-para-ventanas-efecto-espejo\/","title":{"rendered":"Fen\u00eatre en plastique \u00e0 effet miroir"},"content":{"rendered":"<p><strong>Fen\u00eatre en plastique \u00e0 effet miroir<\/strong><br \/>\nLe <strong>feuilles \u00e0 effet miroir<\/strong> Ils ont la capacit\u00e9 de r\u00e9fl\u00e9chir la lumi\u00e8re du soleil et la chaleur.<\/p>\n<p>En r\u00e9fl\u00e9chissant la lumi\u00e8re, on obtient l'effet miroir souhait\u00e9. Cela nous permet de voir \u00e0 l'ext\u00e9rieur sans \u00eatre vu, cr\u00e9ant ainsi une intimit\u00e9 au bureau, \u00e0 l'\u00e9tude ou \u00e0 la maison gr\u00e2ce \u00e0 la <strong>vinilos efecto espejo.<\/strong><\/p>\n<p>Il est \u00e9galement important de souligner que le <strong>plastiques de fen\u00eatre \u00e0 effet miroir,<\/strong> Ils ne laissent pas passer une grande partie de la chaleur \u00e9mise par les rayons du soleil lorsqu'ils frappent le verre, ce qui contribue \u00e0 r\u00e9duire la temp\u00e9rature \u00e0 l'int\u00e9rieur et \u00e0 \u00e9conomiser des ressources.<\/p>\n<p>Sur www.impresiondigitalgranformato.es, nous vous proposons plusieurs couleurs \u00e0 l'achat. <strong>feuilles \u00e0 effet miroir<\/strong>. T\u00f4le d'argent effet miroir, t\u00f4le de bronze effet miroir et t\u00f4le d'acier effet miroir.<\/p>\n<p>Dans toutes les couleurs de ceux-ci <strong>plastiques \u00e0 effet miroir<\/strong> Nous avons deux types de feuilles. Pour coller les <strong>feuille miroir<\/strong> Ext\u00e9rieur ou int\u00e9rieur. (Si le verre est tremp\u00e9, \u00e0 double vitrage ou re\u00e7oit de nombreuses heures de soleil direct, il est conseill\u00e9 de payer pour l'ext\u00e9rieur.)<\/p>\n<p>Selon la couleur et l'emplacement du <strong>vinyles \u00e0 effet miroir<\/strong> Nous recevrons plus ou moins d'\u00e9nergie solaire r\u00e9fl\u00e9chie. Vous pouvez consulter ces donn\u00e9es dans le <strong>fiches techniques pour chaque feuille de miroir.<\/strong><\/p>\n<p>Feuille d'argent ext<\/p>\n<p>Feuille d'argent int<\/p>\n<p>Feuille de bronze ext<\/p>\n<p>Feuille de bronze int<\/p>\n<p>Feuille acier ext<\/p>\n<p>Feuille acier int<\/p>\n<p style=\"text-align: center;\">Le placement de ces <strong>feuilles de miroir<\/strong> C'est assez simple :<\/p>\n<p>Nettoyez bien la vitre, coupez le film effet miroir \u00e0 la taille que vous souhaitez recouvrir, d\u00e9collez le dos du vinyle miroir, vaporisez la surface adh\u00e9sive du film et la vitre o\u00f9 vous allez le coller avec beaucoup d'eau, placez le film sur la vitre \u00e0 la hauteur souhait\u00e9e, avec une spatule allez coller et retirez l'eau du centre vers la droite et du centre vers la gauche, une fois que tout est coll\u00e9 au film laissez-le s\u00e9cher pour une meilleure fixation et coupez l'exc\u00e9dent s'il y en a.<\/p>\n<p>Au cas o\u00f9 vous ne voudriez pas coller le <strong>feuilles \u00e0 effet miroir<\/strong>, demandez-nous un devis et nous nous ferons un plaisir d'aller les coller.<\/p>\n<h3 style=\"text-align: center;\"><span style=\"color: #3366ff;\">Avantages de l'achat de fen\u00eatres en plastique \u00e0 effet miroir<\/span><\/h3>\n<p><strong>PROTECTION SOLAIRE :<\/strong> Ils bloquent une grande partie des rayons UV nocifs pour notre sant\u00e9 et pour les objets d\u2019int\u00e9rieur.<\/p>\n<p><strong>\u00c9CONOMIE:<\/strong> Ils r\u00e9duisent l\u2019\u00e9chauffement interne, ce qui nous aide \u00e0 consommer moins de ressources.<\/p>\n<p><strong>CONFIDENTIALIT\u00c9:<\/strong> Les films miroirs assurent l'intimit\u00e9 pendant la journ\u00e9e, vous emp\u00eachant ainsi d'\u00eatre vu de l'ext\u00e9rieur.<\/p>\n<p><strong>ESTH\u00c9TIQUE:<\/strong> Modernisez n'importe quel b\u00e2timent avec l'effet miroir et diff\u00e9rentes couleurs.<\/p>\n<p><strong>FONCTIONNALIT\u00c9 :<\/strong> Il nous permet de mettre en valeur notre b\u00e2timent \u00e0 l'ext\u00e9rieur et de s\u00e9parer les environnements \u00e0 l'int\u00e9rieur.<\/p>\n<p>&nbsp;<\/p>\n<p>En caso que no sea la lamina solar que esta buscando, visite nuestra nuestra galer\u00eda con ms modelos. <a href=\"https:\/\/impresiondigitalgranformato.es\/fr\/categorie-produit\/laminas-solares-para-cristales\/\"><strong>CLIQUEZ ICI.<\/strong><\/a><\/p>\n<p>&nbsp;<\/p>\n<p><span style=\"color: #ff0000;\"><strong>Ce produit peut \u00eatre livr\u00e9 dans les 24 heures<\/strong><\/span><\/p>\n<p data-pbs-phone-margin-bottom=\"18px\"><strong>Diff\u00e9rents types d'envois :<\/strong><\/p>\n<p data-pbs-phone-margin-bottom=\"18px\"><strong>Production et livraison dans les 8 jours ouvrables<\/strong><\/p>\n<p data-pbs-phone-margin-bottom=\"18px\"><strong>Production et livraison dans les 4 jours ouvrables<\/strong><\/p>\n<p data-pbs-phone-margin-top=\"1px\"><strong>Production et livraison dans les 2 jours ouvrables<\/strong><\/p>\n<p data-pbs-phone-margin-top=\"1px\"><strong>Production et livraison dans un d\u00e9lai d'un jour ouvrable*.<\/strong>\u00a0(ce service n'est valable que pour les commandes confirm\u00e9es avant 11h30 le jour m\u00eame).<\/p>","protected":false},"excerpt":{"rendered":"<p><strong>Film pour fen\u00eatres, vitrines, portes vitr\u00e9es\u2026<\/strong><\/p>\n<p><strong>Diff\u00e9rentes couleurs au choix.<\/strong><\/p>\n<p><span style=\"color: #3366ff;\"><strong>Peut \u00eatre livr\u00e9 sous 24 heures<\/strong><\/span><\/p>\n<p><a href=\"https:\/\/impresiondigitalgranformato.es\/fr\/categorie-produit\/laminas-solares-para-cristales\/\">Cliquez ici pour voir plus de mod\u00e8les<\/a><\/p>","protected":false},"featured_media":17906,"comment_status":"open","ping_status":"closed","template":"","meta":[],"product_brand":[],"product_cat":[113],"product_tag":[],"class_list":{"0":"post-13437","1":"product","2":"type-product","3":"status-publish","4":"has-post-thumbnail","6":"product_cat-laminas-solares-para-cristales","8":"first","9":"instock","10":"sold-individually","11":"taxable","12":"shipping-taxable","13":"purchasable","14":"product-type-simple"},"yoast_head":"<!-- This site is optimized with the Yoast SEO plugin v27.3 - https:\/\/yoast.com\/product\/yoast-seo-wordpress\/ -->\n<title>Pl\u00e1stico para ventanas efecto espejo - Los + baratos - Env\u00edo gratis<\/title>\n<meta name=\"description\" content=\"Pl\u00e1stico para ventanas efecto espejo, varios colores para elegir. opci\u00f3n de rollo completo, metros lineales y piezas sueltas a tama\u00f1o deseado. Env\u00edo gratis.\" \/>\n<meta name=\"robots\" content=\"index, follow, max-snippet:-1, max-image-preview:large, max-video-preview:-1\" \/>\n<link rel=\"canonical\" href=\"https:\/\/impresiondigitalgranformato.es\/fr\/produit\/film-pour-fenetre-a-effet-miroir\/\" \/>\n<meta property=\"og:locale\" content=\"fr_FR\" \/>\n<meta property=\"og:type\" content=\"article\" \/>\n<meta property=\"og:title\" content=\"Pl\u00e1stico para ventanas efecto espejo - Los + baratos - Env\u00edo gratis\" \/>\n<meta property=\"og:description\" content=\"Pl\u00e1stico para ventanas efecto espejo, varios colores para elegir. opci\u00f3n de rollo completo, metros lineales y piezas sueltas a tama\u00f1o deseado. Env\u00edo gratis.\" \/>\n<meta property=\"og:url\" content=\"https:\/\/impresiondigitalgranformato.es\/fr\/produit\/film-pour-fenetre-a-effet-miroir\/\" \/>\n<meta property=\"og:site_name\" content=\"Los + baratos\" \/>\n<meta property=\"article:modified_time\" content=\"2025-08-02T09:34:18+00:00\" \/>\n<meta property=\"og:image\" content=\"http:\/\/impresiondigitalgranformato.es\/wp-content\/uploads\/2025\/07\/plastico-para-ventanas-efecto-espejo.jpg\" \/>\n\t<meta property=\"og:image:width\" content=\"630\" \/>\n\t<meta property=\"og:image:height\" content=\"630\" \/>\n\t<meta property=\"og:image:type\" content=\"image\/jpeg\" \/>\n<meta name=\"twitter:card\" content=\"summary_large_image\" \/>\n<meta name=\"twitter:label1\" content=\"Dur\u00e9e de lecture estim\u00e9e\" \/>\n\t<meta name=\"twitter:data1\" content=\"3 minutes\" \/>\n<script type=\"application\/ld+json\" class=\"yoast-schema-graph\">{\"@context\":\"https:\\\/\\\/schema.org\",\"@graph\":[{\"@type\":\"WebPage\",\"@id\":\"https:\\\/\\\/impresiondigitalgranformato.es\\\/producto\\\/plastico-para-ventanas-efecto-espejo\\\/\",\"url\":\"https:\\\/\\\/impresiondigitalgranformato.es\\\/producto\\\/plastico-para-ventanas-efecto-espejo\\\/\",\"name\":\"Pl\u00e1stico para ventanas efecto espejo - Los + baratos - Env\u00edo gratis\",\"isPartOf\":{\"@id\":\"https:\\\/\\\/impresiondigitalgranformato.es\\\/#website\"},\"primaryImageOfPage\":{\"@id\":\"https:\\\/\\\/impresiondigitalgranformato.es\\\/producto\\\/plastico-para-ventanas-efecto-espejo\\\/#primaryimage\"},\"image\":{\"@id\":\"https:\\\/\\\/impresiondigitalgranformato.es\\\/producto\\\/plastico-para-ventanas-efecto-espejo\\\/#primaryimage\"},\"thumbnailUrl\":\"https:\\\/\\\/i0.wp.com\\\/impresiondigitalgranformato.es\\\/wp-content\\\/uploads\\\/2025\\\/07\\\/plastico-para-ventanas-efecto-espejo.jpg?fit=630%2C630&ssl=1\",\"datePublished\":\"2021-01-22T12:31:59+00:00\",\"dateModified\":\"2025-08-02T09:34:18+00:00\",\"description\":\"Pl\u00e1stico para ventanas efecto espejo, varios colores para elegir. opci\u00f3n de rollo completo, metros lineales y piezas sueltas a tama\u00f1o deseado. Env\u00edo gratis.\",\"breadcrumb\":{\"@id\":\"https:\\\/\\\/impresiondigitalgranformato.es\\\/producto\\\/plastico-para-ventanas-efecto-espejo\\\/#breadcrumb\"},\"inLanguage\":\"fr-FR\",\"potentialAction\":[{\"@type\":\"ReadAction\",\"target\":[\"https:\\\/\\\/impresiondigitalgranformato.es\\\/producto\\\/plastico-para-ventanas-efecto-espejo\\\/\"]}]},{\"@type\":\"ImageObject\",\"inLanguage\":\"fr-FR\",\"@id\":\"https:\\\/\\\/impresiondigitalgranformato.es\\\/producto\\\/plastico-para-ventanas-efecto-espejo\\\/#primaryimage\",\"url\":\"https:\\\/\\\/i0.wp.com\\\/impresiondigitalgranformato.es\\\/wp-content\\\/uploads\\\/2025\\\/07\\\/plastico-para-ventanas-efecto-espejo.jpg?fit=630%2C630&ssl=1\",\"contentUrl\":\"https:\\\/\\\/i0.wp.com\\\/impresiondigitalgranformato.es\\\/wp-content\\\/uploads\\\/2025\\\/07\\\/plastico-para-ventanas-efecto-espejo.jpg?fit=630%2C630&ssl=1\",\"width\":630,\"height\":630,\"caption\":\"Pl\u00e1stico para vidros com efeito espelho\"},{\"@type\":\"BreadcrumbList\",\"@id\":\"https:\\\/\\\/impresiondigitalgranformato.es\\\/producto\\\/plastico-para-ventanas-efecto-espejo\\\/#breadcrumb\",\"itemListElement\":[{\"@type\":\"ListItem\",\"position\":1,\"name\":\"Portada\",\"item\":\"https:\\\/\\\/impresiondigitalgranformato.es\\\/\"},{\"@type\":\"ListItem\",\"position\":2,\"name\":\"Productos\",\"item\":\"https:\\\/\\\/impresiondigitalgranformato.es\\\/venta-roll-up-banner\\\/\"},{\"@type\":\"ListItem\",\"position\":3,\"name\":\"Pl\u00e1stico para ventanas efecto espejo\"}]},{\"@type\":\"WebSite\",\"@id\":\"https:\\\/\\\/impresiondigitalgranformato.es\\\/#website\",\"url\":\"https:\\\/\\\/impresiondigitalgranformato.es\\\/\",\"name\":\"Los + baratos\",\"description\":\"impresi\u00f3n digital gran formato venta de roll up, banner, banderas, lonas, carteles, displays, publicidad\",\"publisher\":{\"@id\":\"https:\\\/\\\/impresiondigitalgranformato.es\\\/#organization\"},\"potentialAction\":[{\"@type\":\"SearchAction\",\"target\":{\"@type\":\"EntryPoint\",\"urlTemplate\":\"https:\\\/\\\/impresiondigitalgranformato.es\\\/?s={search_term_string}\"},\"query-input\":{\"@type\":\"PropertyValueSpecification\",\"valueRequired\":true,\"valueName\":\"search_term_string\"}}],\"inLanguage\":\"fr-FR\"},{\"@type\":\"Organization\",\"@id\":\"https:\\\/\\\/impresiondigitalgranformato.es\\\/#organization\",\"name\":\"Los + baratos\",\"url\":\"https:\\\/\\\/impresiondigitalgranformato.es\\\/\",\"logo\":{\"@type\":\"ImageObject\",\"inLanguage\":\"fr-FR\",\"@id\":\"https:\\\/\\\/impresiondigitalgranformato.es\\\/#\\\/schema\\\/logo\\\/image\\\/\",\"url\":\"https:\\\/\\\/i0.wp.com\\\/impresiondigitalgranformato.es\\\/wp-content\\\/uploads\\\/2016\\\/12\\\/cropped-logotipo-2-e1483373659766.png?fit=500%2C101&ssl=1\",\"contentUrl\":\"https:\\\/\\\/i0.wp.com\\\/impresiondigitalgranformato.es\\\/wp-content\\\/uploads\\\/2016\\\/12\\\/cropped-logotipo-2-e1483373659766.png?fit=500%2C101&ssl=1\",\"width\":500,\"height\":101,\"caption\":\"Los + baratos\"},\"image\":{\"@id\":\"https:\\\/\\\/impresiondigitalgranformato.es\\\/#\\\/schema\\\/logo\\\/image\\\/\"}}]}<\/script>\n<!-- \/ Yoast SEO plugin. -->","yoast_head_json":{"title":"Fen\u00eatre miroir en plastique - Le moins cher - Livraison gratuite","description":"Film pour vitrage effet miroir, disponible dans une vari\u00e9t\u00e9 de couleurs. Disponible en rouleaux, au m\u00e8tre lin\u00e9aire ou \u00e0 l'unit\u00e9. Livraison gratuite.","robots":{"index":"index","follow":"follow","max-snippet":"max-snippet:-1","max-image-preview":"max-image-preview:large","max-video-preview":"max-video-preview:-1"},"canonical":"https:\/\/impresiondigitalgranformato.es\/fr\/produit\/film-pour-fenetre-a-effet-miroir\/","og_locale":"fr_FR","og_type":"article","og_title":"Pl\u00e1stico para ventanas efecto espejo - Los + baratos - Env\u00edo gratis","og_description":"Pl\u00e1stico para ventanas efecto espejo, varios colores para elegir. opci\u00f3n de rollo completo, metros lineales y piezas sueltas a tama\u00f1o deseado. Env\u00edo gratis.","og_url":"https:\/\/impresiondigitalgranformato.es\/fr\/produit\/film-pour-fenetre-a-effet-miroir\/","og_site_name":"Los + baratos","article_modified_time":"2025-08-02T09:34:18+00:00","og_image":[{"width":630,"height":630,"url":"http:\/\/impresiondigitalgranformato.es\/wp-content\/uploads\/2025\/07\/plastico-para-ventanas-efecto-espejo.jpg","type":"image\/jpeg"}],"twitter_card":"summary_large_image","twitter_misc":{"Dur\u00e9e de lecture estim\u00e9e":"3 minutes"},"schema":{"@context":"https:\/\/schema.org","@graph":[{"@type":"WebPage","@id":"https:\/\/impresiondigitalgranformato.es\/producto\/plastico-para-ventanas-efecto-espejo\/","url":"https:\/\/impresiondigitalgranformato.es\/producto\/plastico-para-ventanas-efecto-espejo\/","name":"Fen\u00eatre miroir en plastique - Le moins cher - Livraison gratuite","isPartOf":{"@id":"https:\/\/impresiondigitalgranformato.es\/#website"},"primaryImageOfPage":{"@id":"https:\/\/impresiondigitalgranformato.es\/producto\/plastico-para-ventanas-efecto-espejo\/#primaryimage"},"image":{"@id":"https:\/\/impresiondigitalgranformato.es\/producto\/plastico-para-ventanas-efecto-espejo\/#primaryimage"},"thumbnailUrl":"https:\/\/i0.wp.com\/impresiondigitalgranformato.es\/wp-content\/uploads\/2025\/07\/plastico-para-ventanas-efecto-espejo.jpg?fit=630%2C630&ssl=1","datePublished":"2021-01-22T12:31:59+00:00","dateModified":"2025-08-02T09:34:18+00:00","description":"Film pour vitrage effet miroir, disponible dans une vari\u00e9t\u00e9 de couleurs. Disponible en rouleaux, au m\u00e8tre lin\u00e9aire ou \u00e0 l'unit\u00e9. Livraison gratuite.","breadcrumb":{"@id":"https:\/\/impresiondigitalgranformato.es\/producto\/plastico-para-ventanas-efecto-espejo\/#breadcrumb"},"inLanguage":"fr-FR","potentialAction":[{"@type":"ReadAction","target":["https:\/\/impresiondigitalgranformato.es\/producto\/plastico-para-ventanas-efecto-espejo\/"]}]},{"@type":"ImageObject","inLanguage":"fr-FR","@id":"https:\/\/impresiondigitalgranformato.es\/producto\/plastico-para-ventanas-efecto-espejo\/#primaryimage","url":"https:\/\/i0.wp.com\/impresiondigitalgranformato.es\/wp-content\/uploads\/2025\/07\/plastico-para-ventanas-efecto-espejo.jpg?fit=630%2C630&ssl=1","contentUrl":"https:\/\/i0.wp.com\/impresiondigitalgranformato.es\/wp-content\/uploads\/2025\/07\/plastico-para-ventanas-efecto-espejo.jpg?fit=630%2C630&ssl=1","width":630,"height":630,"caption":"Pl\u00e1stico para vidros com efeito espelho"},{"@type":"BreadcrumbList","@id":"https:\/\/impresiondigitalgranformato.es\/producto\/plastico-para-ventanas-efecto-espejo\/#breadcrumb","itemListElement":[{"@type":"ListItem","position":1,"name":"Portada","item":"https:\/\/impresiondigitalgranformato.es\/"},{"@type":"ListItem","position":2,"name":"Productos","item":"https:\/\/impresiondigitalgranformato.es\/venta-roll-up-banner\/"},{"@type":"ListItem","position":3,"name":"Pl\u00e1stico para ventanas efecto espejo"}]},{"@type":"WebSite","@id":"https:\/\/impresiondigitalgranformato.es\/#website","url":"https:\/\/impresiondigitalgranformato.es\/","name":"Les moins chers","description":"impression num\u00e9rique grand format vente de roll up, banni\u00e8res, drapeaux, banderoles, b\u00e2ches, affiches, pr\u00e9sentoirs, publicit\u00e9s","publisher":{"@id":"https:\/\/impresiondigitalgranformato.es\/#organization"},"potentialAction":[{"@type":"SearchAction","target":{"@type":"EntryPoint","urlTemplate":"https:\/\/impresiondigitalgranformato.es\/?s={search_term_string}"},"query-input":{"@type":"PropertyValueSpecification","valueRequired":true,"valueName":"search_term_string"}}],"inLanguage":"fr-FR"},{"@type":"Organization","@id":"https:\/\/impresiondigitalgranformato.es\/#organization","name":"Les moins chers","url":"https:\/\/impresiondigitalgranformato.es\/","logo":{"@type":"ImageObject","inLanguage":"fr-FR","@id":"https:\/\/impresiondigitalgranformato.es\/#\/schema\/logo\/image\/","url":"https:\/\/i0.wp.com\/impresiondigitalgranformato.es\/wp-content\/uploads\/2016\/12\/cropped-logotipo-2-e1483373659766.png?fit=500%2C101&ssl=1","contentUrl":"https:\/\/i0.wp.com\/impresiondigitalgranformato.es\/wp-content\/uploads\/2016\/12\/cropped-logotipo-2-e1483373659766.png?fit=500%2C101&ssl=1","width":500,"height":101,"caption":"Los + baratos"},"image":{"@id":"https:\/\/impresiondigitalgranformato.es\/#\/schema\/logo\/image\/"}}]}},"jetpack_sharing_enabled":true,"_links":{"self":[{"href":"https:\/\/impresiondigitalgranformato.es\/fr\/wp-json\/wp\/v2\/product\/13437","targetHints":{"allow":["GET"]}}],"collection":[{"href":"https:\/\/impresiondigitalgranformato.es\/fr\/wp-json\/wp\/v2\/product"}],"about":[{"href":"https:\/\/impresiondigitalgranformato.es\/fr\/wp-json\/wp\/v2\/types\/product"}],"replies":[{"embeddable":true,"href":"https:\/\/impresiondigitalgranformato.es\/fr\/wp-json\/wp\/v2\/comments?post=13437"}],"wp:featuredmedia":[{"embeddable":true,"href":"https:\/\/impresiondigitalgranformato.es\/fr\/wp-json\/wp\/v2\/media\/17906"}],"wp:attachment":[{"href":"https:\/\/impresiondigitalgranformato.es\/fr\/wp-json\/wp\/v2\/media?parent=13437"}],"wp:term":[{"taxonomy":"product_brand","embeddable":true,"href":"https:\/\/impresiondigitalgranformato.es\/fr\/wp-json\/wp\/v2\/product_brand?post=13437"},{"taxonomy":"product_cat","embeddable":true,"href":"https:\/\/impresiondigitalgranformato.es\/fr\/wp-json\/wp\/v2\/product_cat?post=13437"},{"taxonomy":"product_tag","embeddable":true,"href":"https:\/\/impresiondigitalgranformato.es\/fr\/wp-json\/wp\/v2\/product_tag?post=13437"}],"curies":[{"name":"wp","href":"https:\/\/api.w.org\/{rel}","templated":true}]}}