{"id":13599,"date":"2021-03-06T11:19:55","date_gmt":"2021-03-06T10:19:55","guid":{"rendered":"http:\/\/impresiondigitalgranformato.es\/?post_type=product&#038;p=13599"},"modified":"2025-07-04T19:09:57","modified_gmt":"2025-07-04T17:09:57","slug":"photocall-pop-up-barato","status":"publish","type":"product","link":"https:\/\/impresiondigitalgranformato.es\/fr\/producto\/photocall-pop-up-barato\/","title":{"rendered":"Photocall pop up barato"},"content":{"rendered":"<p>Pop up 7&#215;3<\/p>\n<p>Tama\u00f1o de la gr\u00e1fica solo frontal 516 x 224 cm<\/p>\n<p>Tama\u00f1o de la gr\u00e1fica frontal + laterales 586 x 224 cm<\/p>\n<p>Estructura de aluminio y apertura en fuelle<\/p>\n<p>Gr\u00e1fica realizada en impresi\u00f3n digital de alta calidad. (1440 dpi) con velcro cosido en todo el per\u00edmetro.<\/p>\n<p>2 opciones de material para la gr\u00e1fica del popup 6&#215;3<\/p>\n<p>Opci\u00f3n 1: lona de 450 gramos<\/p>\n<p>Opci\u00f3n 2: Tela de poli\u00e9ster de 250 gramos<\/p>\n<p>Incluye bolsa de transporte para el Pop up 7&#215;3<\/p>\n<p>Este pop up barato de 7&#215;3 es bastante sencillo de montar gracias a su estructura con apertura tipo fuelle. El cartel del pop up se fija a la estructura con velcro tambi\u00e9n se coloca de una forma sencilla y c\u00f3moda. Al realizar el pedido puede elegir si comprarnos la gr\u00e1fica solo para cubrir el frontal o tambi\u00e9n desea cubrir los laterales del photocall pop up.<\/p>\n<p>Puede ver mas tama\u00f1os en nuestra secci\u00f3n de <a href=\"https:\/\/impresiondigitalgranformato.es\/fr\/pop-up-photocall\/\">pop up photocall.<\/a><\/p>\n<h3 style=\"text-align: center;\"><span style=\"color: #ff6600;\">Que es un pop up<\/span><\/h3>\n<p>Un popup es un muro publicitario port\u00e1til de gran tama\u00f1o, que se puede montar y desmontar tantas veces como quiera. Adem\u00e1s permite intercambiar la gr\u00e1fica seg\u00fan el evento.<\/p>\n<h3 style=\"text-align: center;\"><span style=\"color: #ff6600;\">Para que se utiliza un popup<\/span><\/h3>\n<p>Los pop ups se utilizan en ferias, congreso, reuniones de trabajo, islas de ventas, presentaciones de productos \u2026 Ya que en el <strong>pop up textil<\/strong> podr\u00e1s imprimir tu marca, ofertas, servicios e incluso im\u00e1genes de tus productos. Tambi\u00e9n se utiliza en fiestas, aniversarios, cumplea\u00f1os, bodas y comuniones ideal para utilizarlo de <strong>photocall para la alfombra roja <\/strong>como <strong>muro para fotografiar<\/strong> a invitados, celebridades, asistentes al eventos\u2026<\/p>\n<h3 style=\"text-align: center;\"><span style=\"color: #ff6600;\">Necesito comprar un pop up 7&#215;3 para cada evento diferente?<\/span><\/h3>\n<p>Con nuestro pop ap de 7&#215;3 no es necesario que por cada evento diferente que tengas compres un popup completo. Gracias a que su estructura es robusto, la podr\u00e1s reutilizar tantas veces quieras. Solo tendr\u00e1s que comprar la gr\u00e1fica. Que en www.impresiondigitalgranformato.es ya te la vendemos preparada con el velcro cosido en todo el per\u00edmetro para que te sea sencillo fijarla a la estructura del popap. Adem\u00e1s si el dise\u00f1o del cartel para el pop up lo realizas de una forma gen\u00e9rica, tambi\u00e9n lo podr\u00e1s reutilizar en diferentes actos. La impresi\u00f3n es de gran calidad y resistente. Y tanto la lona como el poliester son materiales que aguantan muy bien el paso del tiempo.<\/p>\n<p><span style=\"color: #ff0000;\">RABAIS DE QUANTIT\u00c9 ! !!<\/span><\/p>\n<p><strong>Este producto se puede entregar en 48 horas*<\/strong><\/p>\n<p data-pbs-phone-margin-bottom=\"18px\"><span style=\"color: #000080;\"><strong>Diff\u00e9rents types d'envois :<\/strong><\/span><\/p>\n<p data-pbs-phone-margin-bottom=\"18px\"><strong>Production et livraison dans les 8 jours ouvrables<\/strong><\/p>\n<p data-pbs-phone-margin-bottom=\"18px\"><strong>Production et livraison dans les 4 jours ouvrables<\/strong><\/p>\n<p data-pbs-phone-margin-top=\"1px\"><strong>Production et livraison dans les 2 jours ouvrables<\/strong><\/p>\n<p>&nbsp;<\/p>\n<p style=\"color: #818384;\" data-pbs-phone-margin-bottom=\"18px\">","protected":false},"excerpt":{"rendered":"<p>Pop up 7&#215;3 (516 x 224 cm)<\/p>\n<p><a href=\"https:\/\/impresiondigitalgranformato.es\/fr\/pop-up-photocall\/\"><strong>(Ver m\u00e1s tama\u00f1os)<\/strong><\/a><\/p>\n<p><span style=\"color: #ff0000;\">Env\u00edo gratis desde la 1\u00aa unidad.<\/span><\/p>\n<p><span style=\"color: #000080;\"><strong>Descuentos por cantidades!!<\/strong><\/span><\/p>","protected":false},"featured_media":13551,"comment_status":"open","ping_status":"closed","template":"","meta":[],"product_brand":[],"product_cat":[100],"product_tag":[],"class_list":{"0":"post-13599","1":"product","2":"type-product","3":"status-publish","4":"has-post-thumbnail","6":"product_cat-pop-up-photocall-baratos","8":"first","9":"instock","10":"sold-individually","11":"taxable","12":"shipping-taxable","13":"purchasable","14":"product-type-simple"},"yoast_head":"<!-- This site is optimized with the Yoast SEO plugin v27.3 - https:\/\/yoast.com\/product\/yoast-seo-wordpress\/ -->\n<title>Pop up 7x3 - Los + baratos - Env\u00edo gratuito<\/title>\n<meta name=\"description\" content=\"Pop up 7x3 con impresi\u00f3n textil en lona o tela. Env\u00edo gratuito. Pop up photocall de un tama\u00f1o de 516 x 224 cm. con estructura de aluminio.\" \/>\n<meta name=\"robots\" content=\"index, follow, max-snippet:-1, max-image-preview:large, max-video-preview:-1\" \/>\n<link rel=\"canonical\" href=\"https:\/\/impresiondigitalgranformato.es\/fr\/produit\/photocall-pop-up-barato\/\" \/>\n<meta property=\"og:locale\" content=\"fr_FR\" \/>\n<meta property=\"og:type\" content=\"article\" \/>\n<meta property=\"og:title\" content=\"Pop up 7x3 - Los + baratos - Env\u00edo gratuito\" \/>\n<meta property=\"og:description\" content=\"Pop up 7x3 con impresi\u00f3n textil en lona o tela. Env\u00edo gratuito. Pop up photocall de un tama\u00f1o de 516 x 224 cm. con estructura de aluminio.\" \/>\n<meta property=\"og:url\" content=\"https:\/\/impresiondigitalgranformato.es\/fr\/produit\/photocall-pop-up-barato\/\" \/>\n<meta property=\"og:site_name\" content=\"Los + baratos\" \/>\n<meta property=\"article:modified_time\" content=\"2025-07-04T17:09:57+00:00\" \/>\n<meta property=\"og:image\" content=\"http:\/\/impresiondigitalgranformato.es\/wp-content\/uploads\/2021\/02\/photocall-pop-up-baratos.jpg\" \/>\n\t<meta property=\"og:image:width\" content=\"630\" \/>\n\t<meta property=\"og:image:height\" content=\"630\" \/>\n\t<meta property=\"og:image:type\" content=\"image\/jpeg\" \/>\n<meta name=\"twitter:card\" content=\"summary_large_image\" \/>\n<meta name=\"twitter:label1\" content=\"Dur\u00e9e de lecture estim\u00e9e\" \/>\n\t<meta name=\"twitter:data1\" content=\"3 minutes\" \/>\n<script type=\"application\/ld+json\" class=\"yoast-schema-graph\">{\"@context\":\"https:\\\/\\\/schema.org\",\"@graph\":[{\"@type\":\"WebPage\",\"@id\":\"https:\\\/\\\/impresiondigitalgranformato.es\\\/producto\\\/photocall-pop-up-barato\\\/\",\"url\":\"https:\\\/\\\/impresiondigitalgranformato.es\\\/producto\\\/photocall-pop-up-barato\\\/\",\"name\":\"Pop up 7x3 - Los + baratos - Env\u00edo gratuito\",\"isPartOf\":{\"@id\":\"https:\\\/\\\/impresiondigitalgranformato.es\\\/#website\"},\"primaryImageOfPage\":{\"@id\":\"https:\\\/\\\/impresiondigitalgranformato.es\\\/producto\\\/photocall-pop-up-barato\\\/#primaryimage\"},\"image\":{\"@id\":\"https:\\\/\\\/impresiondigitalgranformato.es\\\/producto\\\/photocall-pop-up-barato\\\/#primaryimage\"},\"thumbnailUrl\":\"https:\\\/\\\/i0.wp.com\\\/impresiondigitalgranformato.es\\\/wp-content\\\/uploads\\\/2021\\\/02\\\/photocall-pop-up-baratos.jpg?fit=630%2C630&ssl=1\",\"datePublished\":\"2021-03-06T10:19:55+00:00\",\"dateModified\":\"2025-07-04T17:09:57+00:00\",\"description\":\"Pop up 7x3 con impresi\u00f3n textil en lona o tela. Env\u00edo gratuito. Pop up photocall de un tama\u00f1o de 516 x 224 cm. con estructura de aluminio.\",\"breadcrumb\":{\"@id\":\"https:\\\/\\\/impresiondigitalgranformato.es\\\/producto\\\/photocall-pop-up-barato\\\/#breadcrumb\"},\"inLanguage\":\"fr-FR\",\"potentialAction\":[{\"@type\":\"ReadAction\",\"target\":[\"https:\\\/\\\/impresiondigitalgranformato.es\\\/producto\\\/photocall-pop-up-barato\\\/\"]}]},{\"@type\":\"ImageObject\",\"inLanguage\":\"fr-FR\",\"@id\":\"https:\\\/\\\/impresiondigitalgranformato.es\\\/producto\\\/photocall-pop-up-barato\\\/#primaryimage\",\"url\":\"https:\\\/\\\/i0.wp.com\\\/impresiondigitalgranformato.es\\\/wp-content\\\/uploads\\\/2021\\\/02\\\/photocall-pop-up-baratos.jpg?fit=630%2C630&ssl=1\",\"contentUrl\":\"https:\\\/\\\/i0.wp.com\\\/impresiondigitalgranformato.es\\\/wp-content\\\/uploads\\\/2021\\\/02\\\/photocall-pop-up-baratos.jpg?fit=630%2C630&ssl=1\",\"width\":630,\"height\":630,\"caption\":\"photocall pop up barato\"},{\"@type\":\"BreadcrumbList\",\"@id\":\"https:\\\/\\\/impresiondigitalgranformato.es\\\/producto\\\/photocall-pop-up-barato\\\/#breadcrumb\",\"itemListElement\":[{\"@type\":\"ListItem\",\"position\":1,\"name\":\"Portada\",\"item\":\"https:\\\/\\\/impresiondigitalgranformato.es\\\/\"},{\"@type\":\"ListItem\",\"position\":2,\"name\":\"Productos\",\"item\":\"https:\\\/\\\/impresiondigitalgranformato.es\\\/venta-roll-up-banner\\\/\"},{\"@type\":\"ListItem\",\"position\":3,\"name\":\"Photocall pop up barato\"}]},{\"@type\":\"WebSite\",\"@id\":\"https:\\\/\\\/impresiondigitalgranformato.es\\\/#website\",\"url\":\"https:\\\/\\\/impresiondigitalgranformato.es\\\/\",\"name\":\"Los + baratos\",\"description\":\"impresi\u00f3n digital gran formato venta de roll up, banner, banderas, lonas, carteles, displays, publicidad\",\"publisher\":{\"@id\":\"https:\\\/\\\/impresiondigitalgranformato.es\\\/#organization\"},\"potentialAction\":[{\"@type\":\"SearchAction\",\"target\":{\"@type\":\"EntryPoint\",\"urlTemplate\":\"https:\\\/\\\/impresiondigitalgranformato.es\\\/?s={search_term_string}\"},\"query-input\":{\"@type\":\"PropertyValueSpecification\",\"valueRequired\":true,\"valueName\":\"search_term_string\"}}],\"inLanguage\":\"fr-FR\"},{\"@type\":\"Organization\",\"@id\":\"https:\\\/\\\/impresiondigitalgranformato.es\\\/#organization\",\"name\":\"Los + baratos\",\"url\":\"https:\\\/\\\/impresiondigitalgranformato.es\\\/\",\"logo\":{\"@type\":\"ImageObject\",\"inLanguage\":\"fr-FR\",\"@id\":\"https:\\\/\\\/impresiondigitalgranformato.es\\\/#\\\/schema\\\/logo\\\/image\\\/\",\"url\":\"https:\\\/\\\/i0.wp.com\\\/impresiondigitalgranformato.es\\\/wp-content\\\/uploads\\\/2016\\\/12\\\/cropped-logotipo-2-e1483373659766.png?fit=500%2C101&ssl=1\",\"contentUrl\":\"https:\\\/\\\/i0.wp.com\\\/impresiondigitalgranformato.es\\\/wp-content\\\/uploads\\\/2016\\\/12\\\/cropped-logotipo-2-e1483373659766.png?fit=500%2C101&ssl=1\",\"width\":500,\"height\":101,\"caption\":\"Los + baratos\"},\"image\":{\"@id\":\"https:\\\/\\\/impresiondigitalgranformato.es\\\/#\\\/schema\\\/logo\\\/image\\\/\"}}]}<\/script>\n<!-- \/ Yoast SEO plugin. -->","yoast_head_json":{"title":"Pop up 7x3 - Los + baratos - Env\u00edo gratuito","description":"Pop up 7x3 con impresi\u00f3n textil en lona o tela. Env\u00edo gratuito. Pop up photocall de un tama\u00f1o de 516 x 224 cm. con estructura de aluminio.","robots":{"index":"index","follow":"follow","max-snippet":"max-snippet:-1","max-image-preview":"max-image-preview:large","max-video-preview":"max-video-preview:-1"},"canonical":"https:\/\/impresiondigitalgranformato.es\/fr\/produit\/photocall-pop-up-barato\/","og_locale":"fr_FR","og_type":"article","og_title":"Pop up 7x3 - Los + baratos - Env\u00edo gratuito","og_description":"Pop up 7x3 con impresi\u00f3n textil en lona o tela. Env\u00edo gratuito. Pop up photocall de un tama\u00f1o de 516 x 224 cm. con estructura de aluminio.","og_url":"https:\/\/impresiondigitalgranformato.es\/fr\/produit\/photocall-pop-up-barato\/","og_site_name":"Los + baratos","article_modified_time":"2025-07-04T17:09:57+00:00","og_image":[{"width":630,"height":630,"url":"http:\/\/impresiondigitalgranformato.es\/wp-content\/uploads\/2021\/02\/photocall-pop-up-baratos.jpg","type":"image\/jpeg"}],"twitter_card":"summary_large_image","twitter_misc":{"Dur\u00e9e de lecture estim\u00e9e":"3 minutes"},"schema":{"@context":"https:\/\/schema.org","@graph":[{"@type":"WebPage","@id":"https:\/\/impresiondigitalgranformato.es\/producto\/photocall-pop-up-barato\/","url":"https:\/\/impresiondigitalgranformato.es\/producto\/photocall-pop-up-barato\/","name":"Pop up 7x3 - Los + baratos - Env\u00edo gratuito","isPartOf":{"@id":"https:\/\/impresiondigitalgranformato.es\/#website"},"primaryImageOfPage":{"@id":"https:\/\/impresiondigitalgranformato.es\/producto\/photocall-pop-up-barato\/#primaryimage"},"image":{"@id":"https:\/\/impresiondigitalgranformato.es\/producto\/photocall-pop-up-barato\/#primaryimage"},"thumbnailUrl":"https:\/\/i0.wp.com\/impresiondigitalgranformato.es\/wp-content\/uploads\/2021\/02\/photocall-pop-up-baratos.jpg?fit=630%2C630&ssl=1","datePublished":"2021-03-06T10:19:55+00:00","dateModified":"2025-07-04T17:09:57+00:00","description":"Pop up 7x3 con impresi\u00f3n textil en lona o tela. Env\u00edo gratuito. Pop up photocall de un tama\u00f1o de 516 x 224 cm. con estructura de aluminio.","breadcrumb":{"@id":"https:\/\/impresiondigitalgranformato.es\/producto\/photocall-pop-up-barato\/#breadcrumb"},"inLanguage":"fr-FR","potentialAction":[{"@type":"ReadAction","target":["https:\/\/impresiondigitalgranformato.es\/producto\/photocall-pop-up-barato\/"]}]},{"@type":"ImageObject","inLanguage":"fr-FR","@id":"https:\/\/impresiondigitalgranformato.es\/producto\/photocall-pop-up-barato\/#primaryimage","url":"https:\/\/i0.wp.com\/impresiondigitalgranformato.es\/wp-content\/uploads\/2021\/02\/photocall-pop-up-baratos.jpg?fit=630%2C630&ssl=1","contentUrl":"https:\/\/i0.wp.com\/impresiondigitalgranformato.es\/wp-content\/uploads\/2021\/02\/photocall-pop-up-baratos.jpg?fit=630%2C630&ssl=1","width":630,"height":630,"caption":"photocall pop up barato"},{"@type":"BreadcrumbList","@id":"https:\/\/impresiondigitalgranformato.es\/producto\/photocall-pop-up-barato\/#breadcrumb","itemListElement":[{"@type":"ListItem","position":1,"name":"Portada","item":"https:\/\/impresiondigitalgranformato.es\/"},{"@type":"ListItem","position":2,"name":"Productos","item":"https:\/\/impresiondigitalgranformato.es\/venta-roll-up-banner\/"},{"@type":"ListItem","position":3,"name":"Photocall pop up barato"}]},{"@type":"WebSite","@id":"https:\/\/impresiondigitalgranformato.es\/#website","url":"https:\/\/impresiondigitalgranformato.es\/","name":"Les moins chers","description":"impression num\u00e9rique grand format vente de roll up, banni\u00e8res, drapeaux, banderoles, b\u00e2ches, affiches, pr\u00e9sentoirs, publicit\u00e9s","publisher":{"@id":"https:\/\/impresiondigitalgranformato.es\/#organization"},"potentialAction":[{"@type":"SearchAction","target":{"@type":"EntryPoint","urlTemplate":"https:\/\/impresiondigitalgranformato.es\/?s={search_term_string}"},"query-input":{"@type":"PropertyValueSpecification","valueRequired":true,"valueName":"search_term_string"}}],"inLanguage":"fr-FR"},{"@type":"Organization","@id":"https:\/\/impresiondigitalgranformato.es\/#organization","name":"Les moins chers","url":"https:\/\/impresiondigitalgranformato.es\/","logo":{"@type":"ImageObject","inLanguage":"fr-FR","@id":"https:\/\/impresiondigitalgranformato.es\/#\/schema\/logo\/image\/","url":"https:\/\/i0.wp.com\/impresiondigitalgranformato.es\/wp-content\/uploads\/2016\/12\/cropped-logotipo-2-e1483373659766.png?fit=500%2C101&ssl=1","contentUrl":"https:\/\/i0.wp.com\/impresiondigitalgranformato.es\/wp-content\/uploads\/2016\/12\/cropped-logotipo-2-e1483373659766.png?fit=500%2C101&ssl=1","width":500,"height":101,"caption":"Los + baratos"},"image":{"@id":"https:\/\/impresiondigitalgranformato.es\/#\/schema\/logo\/image\/"}}]}},"jetpack_sharing_enabled":true,"_links":{"self":[{"href":"https:\/\/impresiondigitalgranformato.es\/fr\/wp-json\/wp\/v2\/product\/13599","targetHints":{"allow":["GET"]}}],"collection":[{"href":"https:\/\/impresiondigitalgranformato.es\/fr\/wp-json\/wp\/v2\/product"}],"about":[{"href":"https:\/\/impresiondigitalgranformato.es\/fr\/wp-json\/wp\/v2\/types\/product"}],"replies":[{"embeddable":true,"href":"https:\/\/impresiondigitalgranformato.es\/fr\/wp-json\/wp\/v2\/comments?post=13599"}],"wp:featuredmedia":[{"embeddable":true,"href":"https:\/\/impresiondigitalgranformato.es\/fr\/wp-json\/wp\/v2\/media\/13551"}],"wp:attachment":[{"href":"https:\/\/impresiondigitalgranformato.es\/fr\/wp-json\/wp\/v2\/media?parent=13599"}],"wp:term":[{"taxonomy":"product_brand","embeddable":true,"href":"https:\/\/impresiondigitalgranformato.es\/fr\/wp-json\/wp\/v2\/product_brand?post=13599"},{"taxonomy":"product_cat","embeddable":true,"href":"https:\/\/impresiondigitalgranformato.es\/fr\/wp-json\/wp\/v2\/product_cat?post=13599"},{"taxonomy":"product_tag","embeddable":true,"href":"https:\/\/impresiondigitalgranformato.es\/fr\/wp-json\/wp\/v2\/product_tag?post=13599"}],"curies":[{"name":"wp","href":"https:\/\/api.w.org\/{rel}","templated":true}]}}