{"id":13934,"date":"2021-07-27T11:51:48","date_gmt":"2021-07-27T09:51:48","guid":{"rendered":"https:\/\/impresiondigitalgranformato.es\/?post_type=product&#038;p=13934"},"modified":"2025-07-04T19:33:22","modified_gmt":"2025-07-04T17:33:22","slug":"pegatinas-inmobiliarias","status":"publish","type":"product","link":"https:\/\/impresiondigitalgranformato.es\/fr\/producto\/pegatinas-inmobiliarias\/","title":{"rendered":"Pegatinas Inmobiliarias"},"content":{"rendered":"<p><span style=\"color: #ff6600;\"><strong>Pegatinas para inmobiliarias <\/strong><\/span><\/p>\n<p><strong>Grosor de la pegatina:<\/strong> 100 micras<\/p>\n<p><strong>Tipo de adhesivo:<\/strong> permanente<\/p>\n<p><strong>Impresi\u00f3n de la pegatina:<\/strong>\u00a0Impresi\u00f3n digital a todo color de alta calidad<\/p>\n<p><a href=\"https:\/\/impresiondigitalgranformato.es\/fr\/carteles-para-inmobiliarias\/\"><strong>Pinche aqu\u00ed para ver mas modelos de carteles para inmobiliarias.<\/strong><\/a><\/p>\n<p>&nbsp;<\/p>\n<h2><span style=\"color: #ff6600;\">Para utilizan las pegatinas de venta o alquiler las inmobiliarias<\/span><\/h2>\n<p>Las pegatinas de se vende o las pegatinas de se alquila, se utiliza sobre todo para pegarlas en cristales o paredes lisas. Dado que en algunos locales o edificios no se permite o simplemente no se pueden poner el <a href=\"https:\/\/impresiondigitalgranformato.es\/fr\/produit\/carteles-de-polipropileno\/\"><strong>cartel de polipropileno para inmobiliarias<\/strong><\/a><\/p>\n<p>Tambi\u00e9n es muy utilizado este tipo de adhesivos de inmobiliarias para pegarlo en las puertas de viviendas o entradas al complejo o edificio, utilizando esta pegatina personalizada con los datos de la inmobiliaria para informar sobre la venta o alquiler de una propiedad dentro de esa edificaci\u00f3n<\/p>\n<p>Los vinilos para inmobiliarias son bastante sencillos de pegar y tiene una gran durabilidad al exterior tanto de color como de adhesividad.<\/p>\n<p>Nuestras pegatinas para inmobiliaria que realizamos en <a href=\"https:\/\/impresiondigitalgranformato.es\/fr\/\">impresiondigitalgranformato.es<\/a> son de pvc flexible con un tipo de adhesivo permanente para tener una gran fijaci\u00f3n. a impresi\u00f3n de los adhesivos inmobiliarios se realiza de forma digital con la ultima tecnolog\u00eda lo que nos permite realizar en la misma tirada adhesivos para inmobiliaria con diferentes dise\u00f1os, esto nos permite abaratar los costes de producci\u00f3n a la hora de comprar pegatinas de se vende y pegatinas de se alquila en un mismo pedido.<\/p>\n<p>&nbsp;<\/p>","protected":false},"excerpt":{"rendered":"<h4 style=\"text-align: center;\"><span style=\"color: #f07e26;\"><span style=\"vertical-align: inherit;\">Impresi\u00f3n a todo color.<\/span><\/span><\/h4>","protected":false},"featured_media":13936,"comment_status":"open","ping_status":"closed","template":"","meta":[],"product_brand":[],"product_cat":[103],"product_tag":[],"class_list":{"0":"post-13934","1":"product","2":"type-product","3":"status-publish","4":"has-post-thumbnail","6":"product_cat-carteles-para-inmobiliarias","8":"first","9":"instock","10":"sold-individually","11":"taxable","12":"shipping-taxable","13":"purchasable","14":"product-type-simple"},"yoast_head":"<!-- This site is optimized with the Yoast SEO plugin v27.3 - https:\/\/yoast.com\/product\/yoast-seo-wordpress\/ -->\n<title>Pegatinas Inmobiliarias - Los + baratos - Env\u00edo gratis - Entrega 24 horas<\/title>\n<meta name=\"description\" content=\"Pegatinas para inmobiliarias baratas con impresi\u00f3n a todo color. Vinilos de venta y alquiler para venta de viviendas. Env\u00edo gratis\" \/>\n<meta name=\"robots\" content=\"index, follow, max-snippet:-1, max-image-preview:large, max-video-preview:-1\" \/>\n<link rel=\"canonical\" href=\"https:\/\/impresiondigitalgranformato.es\/fr\/produit\/pegatinas-inmobiliarias\/\" \/>\n<meta property=\"og:locale\" content=\"fr_FR\" \/>\n<meta property=\"og:type\" content=\"article\" \/>\n<meta property=\"og:title\" content=\"Pegatinas Inmobiliarias - Los + baratos - Env\u00edo gratis - Entrega 24 horas\" \/>\n<meta property=\"og:description\" content=\"Pegatinas para inmobiliarias baratas con impresi\u00f3n a todo color. Vinilos de venta y alquiler para venta de viviendas. Env\u00edo gratis\" \/>\n<meta property=\"og:url\" content=\"https:\/\/impresiondigitalgranformato.es\/fr\/produit\/pegatinas-inmobiliarias\/\" \/>\n<meta property=\"og:site_name\" content=\"Los + baratos\" \/>\n<meta property=\"article:modified_time\" content=\"2025-07-04T17:33:22+00:00\" \/>\n<meta property=\"og:image\" content=\"http:\/\/impresiondigitalgranformato.es\/wp-content\/uploads\/2021\/07\/pegatinas-inmobiliarias.jpg\" \/>\n\t<meta property=\"og:image:width\" content=\"630\" \/>\n\t<meta property=\"og:image:height\" content=\"630\" \/>\n\t<meta property=\"og:image:type\" content=\"image\/jpeg\" \/>\n<meta name=\"twitter:card\" content=\"summary_large_image\" \/>\n<meta name=\"twitter:label1\" content=\"Dur\u00e9e de lecture estim\u00e9e\" \/>\n\t<meta name=\"twitter:data1\" content=\"2 minutes\" \/>\n<script type=\"application\/ld+json\" class=\"yoast-schema-graph\">{\"@context\":\"https:\\\/\\\/schema.org\",\"@graph\":[{\"@type\":\"WebPage\",\"@id\":\"https:\\\/\\\/impresiondigitalgranformato.es\\\/producto\\\/pegatinas-inmobiliarias\\\/\",\"url\":\"https:\\\/\\\/impresiondigitalgranformato.es\\\/producto\\\/pegatinas-inmobiliarias\\\/\",\"name\":\"Pegatinas Inmobiliarias - Los + baratos - Env\u00edo gratis - Entrega 24 horas\",\"isPartOf\":{\"@id\":\"https:\\\/\\\/impresiondigitalgranformato.es\\\/#website\"},\"primaryImageOfPage\":{\"@id\":\"https:\\\/\\\/impresiondigitalgranformato.es\\\/producto\\\/pegatinas-inmobiliarias\\\/#primaryimage\"},\"image\":{\"@id\":\"https:\\\/\\\/impresiondigitalgranformato.es\\\/producto\\\/pegatinas-inmobiliarias\\\/#primaryimage\"},\"thumbnailUrl\":\"https:\\\/\\\/i0.wp.com\\\/impresiondigitalgranformato.es\\\/wp-content\\\/uploads\\\/2021\\\/07\\\/pegatinas-inmobiliarias.jpg?fit=630%2C630&ssl=1\",\"datePublished\":\"2021-07-27T09:51:48+00:00\",\"dateModified\":\"2025-07-04T17:33:22+00:00\",\"description\":\"Pegatinas para inmobiliarias baratas con impresi\u00f3n a todo color. Vinilos de venta y alquiler para venta de viviendas. Env\u00edo gratis\",\"breadcrumb\":{\"@id\":\"https:\\\/\\\/impresiondigitalgranformato.es\\\/producto\\\/pegatinas-inmobiliarias\\\/#breadcrumb\"},\"inLanguage\":\"fr-FR\",\"potentialAction\":[{\"@type\":\"ReadAction\",\"target\":[\"https:\\\/\\\/impresiondigitalgranformato.es\\\/producto\\\/pegatinas-inmobiliarias\\\/\"]}]},{\"@type\":\"ImageObject\",\"inLanguage\":\"fr-FR\",\"@id\":\"https:\\\/\\\/impresiondigitalgranformato.es\\\/producto\\\/pegatinas-inmobiliarias\\\/#primaryimage\",\"url\":\"https:\\\/\\\/i0.wp.com\\\/impresiondigitalgranformato.es\\\/wp-content\\\/uploads\\\/2021\\\/07\\\/pegatinas-inmobiliarias.jpg?fit=630%2C630&ssl=1\",\"contentUrl\":\"https:\\\/\\\/i0.wp.com\\\/impresiondigitalgranformato.es\\\/wp-content\\\/uploads\\\/2021\\\/07\\\/pegatinas-inmobiliarias.jpg?fit=630%2C630&ssl=1\",\"width\":630,\"height\":630,\"caption\":\"pegatinas inmobiliarias\"},{\"@type\":\"BreadcrumbList\",\"@id\":\"https:\\\/\\\/impresiondigitalgranformato.es\\\/producto\\\/pegatinas-inmobiliarias\\\/#breadcrumb\",\"itemListElement\":[{\"@type\":\"ListItem\",\"position\":1,\"name\":\"Portada\",\"item\":\"https:\\\/\\\/impresiondigitalgranformato.es\\\/\"},{\"@type\":\"ListItem\",\"position\":2,\"name\":\"Productos\",\"item\":\"https:\\\/\\\/impresiondigitalgranformato.es\\\/venta-roll-up-banner\\\/\"},{\"@type\":\"ListItem\",\"position\":3,\"name\":\"Pegatinas Inmobiliarias\"}]},{\"@type\":\"WebSite\",\"@id\":\"https:\\\/\\\/impresiondigitalgranformato.es\\\/#website\",\"url\":\"https:\\\/\\\/impresiondigitalgranformato.es\\\/\",\"name\":\"Los + baratos\",\"description\":\"impresi\u00f3n digital gran formato venta de roll up, banner, banderas, lonas, carteles, displays, publicidad\",\"publisher\":{\"@id\":\"https:\\\/\\\/impresiondigitalgranformato.es\\\/#organization\"},\"potentialAction\":[{\"@type\":\"SearchAction\",\"target\":{\"@type\":\"EntryPoint\",\"urlTemplate\":\"https:\\\/\\\/impresiondigitalgranformato.es\\\/?s={search_term_string}\"},\"query-input\":{\"@type\":\"PropertyValueSpecification\",\"valueRequired\":true,\"valueName\":\"search_term_string\"}}],\"inLanguage\":\"fr-FR\"},{\"@type\":\"Organization\",\"@id\":\"https:\\\/\\\/impresiondigitalgranformato.es\\\/#organization\",\"name\":\"Los + baratos\",\"url\":\"https:\\\/\\\/impresiondigitalgranformato.es\\\/\",\"logo\":{\"@type\":\"ImageObject\",\"inLanguage\":\"fr-FR\",\"@id\":\"https:\\\/\\\/impresiondigitalgranformato.es\\\/#\\\/schema\\\/logo\\\/image\\\/\",\"url\":\"https:\\\/\\\/i0.wp.com\\\/impresiondigitalgranformato.es\\\/wp-content\\\/uploads\\\/2016\\\/12\\\/cropped-logotipo-2-e1483373659766.png?fit=500%2C101&ssl=1\",\"contentUrl\":\"https:\\\/\\\/i0.wp.com\\\/impresiondigitalgranformato.es\\\/wp-content\\\/uploads\\\/2016\\\/12\\\/cropped-logotipo-2-e1483373659766.png?fit=500%2C101&ssl=1\",\"width\":500,\"height\":101,\"caption\":\"Los + baratos\"},\"image\":{\"@id\":\"https:\\\/\\\/impresiondigitalgranformato.es\\\/#\\\/schema\\\/logo\\\/image\\\/\"}}]}<\/script>\n<!-- \/ Yoast SEO plugin. -->","yoast_head_json":{"title":"Pegatinas Inmobiliarias - Los + baratos - Env\u00edo gratis - Entrega 24 horas","description":"Pegatinas para inmobiliarias baratas con impresi\u00f3n a todo color. Vinilos de venta y alquiler para venta de viviendas. Env\u00edo gratis","robots":{"index":"index","follow":"follow","max-snippet":"max-snippet:-1","max-image-preview":"max-image-preview:large","max-video-preview":"max-video-preview:-1"},"canonical":"https:\/\/impresiondigitalgranformato.es\/fr\/produit\/pegatinas-inmobiliarias\/","og_locale":"fr_FR","og_type":"article","og_title":"Pegatinas Inmobiliarias - Los + baratos - Env\u00edo gratis - Entrega 24 horas","og_description":"Pegatinas para inmobiliarias baratas con impresi\u00f3n a todo color. Vinilos de venta y alquiler para venta de viviendas. Env\u00edo gratis","og_url":"https:\/\/impresiondigitalgranformato.es\/fr\/produit\/pegatinas-inmobiliarias\/","og_site_name":"Los + baratos","article_modified_time":"2025-07-04T17:33:22+00:00","og_image":[{"width":630,"height":630,"url":"http:\/\/impresiondigitalgranformato.es\/wp-content\/uploads\/2021\/07\/pegatinas-inmobiliarias.jpg","type":"image\/jpeg"}],"twitter_card":"summary_large_image","twitter_misc":{"Dur\u00e9e de lecture estim\u00e9e":"2 minutes"},"schema":{"@context":"https:\/\/schema.org","@graph":[{"@type":"WebPage","@id":"https:\/\/impresiondigitalgranformato.es\/producto\/pegatinas-inmobiliarias\/","url":"https:\/\/impresiondigitalgranformato.es\/producto\/pegatinas-inmobiliarias\/","name":"Pegatinas Inmobiliarias - Los + baratos - Env\u00edo gratis - Entrega 24 horas","isPartOf":{"@id":"https:\/\/impresiondigitalgranformato.es\/#website"},"primaryImageOfPage":{"@id":"https:\/\/impresiondigitalgranformato.es\/producto\/pegatinas-inmobiliarias\/#primaryimage"},"image":{"@id":"https:\/\/impresiondigitalgranformato.es\/producto\/pegatinas-inmobiliarias\/#primaryimage"},"thumbnailUrl":"https:\/\/i0.wp.com\/impresiondigitalgranformato.es\/wp-content\/uploads\/2021\/07\/pegatinas-inmobiliarias.jpg?fit=630%2C630&ssl=1","datePublished":"2021-07-27T09:51:48+00:00","dateModified":"2025-07-04T17:33:22+00:00","description":"Pegatinas para inmobiliarias baratas con impresi\u00f3n a todo color. Vinilos de venta y alquiler para venta de viviendas. Env\u00edo gratis","breadcrumb":{"@id":"https:\/\/impresiondigitalgranformato.es\/producto\/pegatinas-inmobiliarias\/#breadcrumb"},"inLanguage":"fr-FR","potentialAction":[{"@type":"ReadAction","target":["https:\/\/impresiondigitalgranformato.es\/producto\/pegatinas-inmobiliarias\/"]}]},{"@type":"ImageObject","inLanguage":"fr-FR","@id":"https:\/\/impresiondigitalgranformato.es\/producto\/pegatinas-inmobiliarias\/#primaryimage","url":"https:\/\/i0.wp.com\/impresiondigitalgranformato.es\/wp-content\/uploads\/2021\/07\/pegatinas-inmobiliarias.jpg?fit=630%2C630&ssl=1","contentUrl":"https:\/\/i0.wp.com\/impresiondigitalgranformato.es\/wp-content\/uploads\/2021\/07\/pegatinas-inmobiliarias.jpg?fit=630%2C630&ssl=1","width":630,"height":630,"caption":"pegatinas inmobiliarias"},{"@type":"BreadcrumbList","@id":"https:\/\/impresiondigitalgranformato.es\/producto\/pegatinas-inmobiliarias\/#breadcrumb","itemListElement":[{"@type":"ListItem","position":1,"name":"Portada","item":"https:\/\/impresiondigitalgranformato.es\/"},{"@type":"ListItem","position":2,"name":"Productos","item":"https:\/\/impresiondigitalgranformato.es\/venta-roll-up-banner\/"},{"@type":"ListItem","position":3,"name":"Pegatinas Inmobiliarias"}]},{"@type":"WebSite","@id":"https:\/\/impresiondigitalgranformato.es\/#website","url":"https:\/\/impresiondigitalgranformato.es\/","name":"Les moins chers","description":"impression num\u00e9rique grand format vente de roll up, banni\u00e8res, drapeaux, banderoles, b\u00e2ches, affiches, pr\u00e9sentoirs, publicit\u00e9s","publisher":{"@id":"https:\/\/impresiondigitalgranformato.es\/#organization"},"potentialAction":[{"@type":"SearchAction","target":{"@type":"EntryPoint","urlTemplate":"https:\/\/impresiondigitalgranformato.es\/?s={search_term_string}"},"query-input":{"@type":"PropertyValueSpecification","valueRequired":true,"valueName":"search_term_string"}}],"inLanguage":"fr-FR"},{"@type":"Organization","@id":"https:\/\/impresiondigitalgranformato.es\/#organization","name":"Les moins chers","url":"https:\/\/impresiondigitalgranformato.es\/","logo":{"@type":"ImageObject","inLanguage":"fr-FR","@id":"https:\/\/impresiondigitalgranformato.es\/#\/schema\/logo\/image\/","url":"https:\/\/i0.wp.com\/impresiondigitalgranformato.es\/wp-content\/uploads\/2016\/12\/cropped-logotipo-2-e1483373659766.png?fit=500%2C101&ssl=1","contentUrl":"https:\/\/i0.wp.com\/impresiondigitalgranformato.es\/wp-content\/uploads\/2016\/12\/cropped-logotipo-2-e1483373659766.png?fit=500%2C101&ssl=1","width":500,"height":101,"caption":"Los + baratos"},"image":{"@id":"https:\/\/impresiondigitalgranformato.es\/#\/schema\/logo\/image\/"}}]}},"jetpack_sharing_enabled":true,"_links":{"self":[{"href":"https:\/\/impresiondigitalgranformato.es\/fr\/wp-json\/wp\/v2\/product\/13934","targetHints":{"allow":["GET"]}}],"collection":[{"href":"https:\/\/impresiondigitalgranformato.es\/fr\/wp-json\/wp\/v2\/product"}],"about":[{"href":"https:\/\/impresiondigitalgranformato.es\/fr\/wp-json\/wp\/v2\/types\/product"}],"replies":[{"embeddable":true,"href":"https:\/\/impresiondigitalgranformato.es\/fr\/wp-json\/wp\/v2\/comments?post=13934"}],"wp:featuredmedia":[{"embeddable":true,"href":"https:\/\/impresiondigitalgranformato.es\/fr\/wp-json\/wp\/v2\/media\/13936"}],"wp:attachment":[{"href":"https:\/\/impresiondigitalgranformato.es\/fr\/wp-json\/wp\/v2\/media?parent=13934"}],"wp:term":[{"taxonomy":"product_brand","embeddable":true,"href":"https:\/\/impresiondigitalgranformato.es\/fr\/wp-json\/wp\/v2\/product_brand?post=13934"},{"taxonomy":"product_cat","embeddable":true,"href":"https:\/\/impresiondigitalgranformato.es\/fr\/wp-json\/wp\/v2\/product_cat?post=13934"},{"taxonomy":"product_tag","embeddable":true,"href":"https:\/\/impresiondigitalgranformato.es\/fr\/wp-json\/wp\/v2\/product_tag?post=13934"}],"curies":[{"name":"wp","href":"https:\/\/api.w.org\/{rel}","templated":true}]}}