{"id":14034,"date":"2021-12-09T16:47:27","date_gmt":"2021-12-09T15:47:27","guid":{"rendered":"https:\/\/impresiondigitalgranformato.es\/?post_type=product&#038;p=14034"},"modified":"2025-07-04T19:32:26","modified_gmt":"2025-07-04T17:32:26","slug":"cartel-lona-inmobiliarias","status":"publish","type":"product","link":"https:\/\/impresiondigitalgranformato.es\/fr\/producto\/cartel-lona-inmobiliarias\/","title":{"rendered":"Cartel lona inmobiliarias"},"content":{"rendered":"<p><span style=\"color: #ff6600;\"><strong>Cartel de lona para inmobiliarias <\/strong><\/span><\/p>\n<p><strong>Tipo de lona para el cartel:<\/strong> Lona fundida de pvc de 450 gr.<\/p>\n<p><strong>Impresi\u00f3n de la lona:<\/strong> Impresi\u00f3n digital a todo color de alta calidad.<\/p>\n<p><strong>Sujeci\u00f3n de la lona:<\/strong> ollaos.<\/p>\n<p>Env\u00edo gratis desde la 1\u00aa unidad.<\/p>\n<p>Posibilidad de entrega urgente en 24 horas.<\/p>\n<p><a href=\"https:\/\/impresiondigitalgranformato.es\/fr\/carteles-para-inmobiliarias\/\"><strong>Pinche aqu\u00ed para ver mas modelos de carteles para inmobiliarias.<\/strong><\/a><\/p>\n<p>&nbsp;<\/p>\n<h2><span style=\"color: #ff6600;\">Para que utilizan los carteles de lona de venta o alquiler las inmobiliarias<\/span><\/h2>\n<p>Las lonas de se vende o las lonas de se alquila, se utiliza sobre todo para ponerlas en alambreras, vallas, rejas&#8230;<\/p>\n<p>Dado que en algunos locales, terrenos o parcelas no se pueden pegar las <a href=\"https:\/\/impresiondigitalgranformato.es\/fr\/produit\/pegatinas-inmobiliarias\/\">pegatinas para inmobiliarias<\/a> o poner los <a href=\"https:\/\/impresiondigitalgranformato.es\/fr\/produit\/carteles-de-polipropileno\/\"><strong>cartel de polipropileno para inmobiliarias<\/strong><\/a><\/p>\n<p>Tambi\u00e9n es muy utilizado este tipo de cartel de lona para inmobiliarias para colocarlo en la entrada de las obras. Utilizando esta lona personalizada con los datos de la inmobiliaria, para informar sobre la venta o alquiler de una propiedad dentro de esa construcci\u00f3n.<\/p>\n<p>Las lonas para inmobiliarias son bastante c\u00f3modas de transportar ya que permiten llevar los carteles enrollados. Tiene una gran durabilidad al exterior tanto de color como de resistencia ante las roturas.<\/p>\n<p>Los carteles de lona para inmobiliaria que realizamos en <a href=\"https:\/\/impresiondigitalgranformato.es\/fr\/\">impresiondigitalgranformato.es<\/a> son de lona de pvc fundido con ollaos en el per\u00edmetro para permitir ser fijados con bridas, cuerda, alambre.<\/p>\n<p>La impresi\u00f3n de las lonas de venta o alquiler se realiza de forma digital con la ultima tecnolog\u00eda. Lo que nos permite realizar en la misma tirada lonas para inmobiliarias con diferentes dise\u00f1os. Esto nos permite abaratar los costes de producci\u00f3n a la hora de comprar lonas de se vende y lonas de se alquila en un mismo pedido.<\/p>\n<p>&nbsp;<\/p>\n<h2><span style=\"color: #ff6600;\">Carteles de lona para empresas de construcci\u00f3n.<\/span><\/h2>\n<p>Este tipo de carteles de lona son muy comprados por empresas de construcciones. Para promocionarse en las obras ya que permiten ser colocados en cualquier lugar gracias a los ollaos que llevan en todo el per\u00edmetro las lonas. Utilizado por empresas de alba\u00f1iler\u00eda, encofradores, arquitectos, electricistas, yesistas, telecomunicaciones, cerrajeros &#8230;<\/p>\n<p>&nbsp;<\/p>\n<p>&nbsp;<\/p>","protected":false},"excerpt":{"rendered":"<h4 style=\"text-align: center;\"><span style=\"color: #ff6600;\">Impresi\u00f3n a todo color.<\/span><\/h4>","protected":false},"featured_media":14037,"comment_status":"open","ping_status":"closed","template":"","meta":[],"product_brand":[],"product_cat":[103],"product_tag":[],"class_list":{"0":"post-14034","1":"product","2":"type-product","3":"status-publish","4":"has-post-thumbnail","6":"product_cat-carteles-para-inmobiliarias","8":"first","9":"instock","10":"sold-individually","11":"taxable","12":"shipping-taxable","13":"purchasable","14":"product-type-simple"},"yoast_head":"<!-- This site is optimized with the Yoast SEO plugin v27.3 - https:\/\/yoast.com\/product\/yoast-seo-wordpress\/ -->\n<title>Cartel lona inmobiliarias - Los + baratos - Env\u00edo gratuito<\/title>\n<meta name=\"description\" content=\"Cartel de lona para inmobiliarias. Lonas de se vende o se alquila para la promoci\u00f3n de inmobiliarias. Env\u00edo gratis desde la primera unidad\" \/>\n<meta name=\"robots\" content=\"index, follow, max-snippet:-1, max-image-preview:large, max-video-preview:-1\" \/>\n<link rel=\"canonical\" href=\"https:\/\/impresiondigitalgranformato.es\/fr\/produit\/cartel-lona-inmobiliarias\/\" \/>\n<meta property=\"og:locale\" content=\"fr_FR\" \/>\n<meta property=\"og:type\" content=\"article\" \/>\n<meta property=\"og:title\" content=\"Cartel lona inmobiliarias - Los + baratos - Env\u00edo gratuito\" \/>\n<meta property=\"og:description\" content=\"Cartel de lona para inmobiliarias. Lonas de se vende o se alquila para la promoci\u00f3n de inmobiliarias. Env\u00edo gratis desde la primera unidad\" \/>\n<meta property=\"og:url\" content=\"https:\/\/impresiondigitalgranformato.es\/fr\/produit\/cartel-lona-inmobiliarias\/\" \/>\n<meta property=\"og:site_name\" content=\"Los + baratos\" \/>\n<meta property=\"article:modified_time\" content=\"2025-07-04T17:32:26+00:00\" \/>\n<meta property=\"og:image\" content=\"http:\/\/impresiondigitalgranformato.es\/wp-content\/uploads\/2021\/10\/cartel-lona-inmobiliaria.jpg\" \/>\n\t<meta property=\"og:image:width\" content=\"632\" \/>\n\t<meta property=\"og:image:height\" content=\"630\" \/>\n\t<meta property=\"og:image:type\" content=\"image\/jpeg\" \/>\n<meta name=\"twitter:card\" content=\"summary_large_image\" \/>\n<meta name=\"twitter:label1\" content=\"Dur\u00e9e de lecture estim\u00e9e\" \/>\n\t<meta name=\"twitter:data1\" content=\"2 minutes\" \/>\n<script type=\"application\/ld+json\" class=\"yoast-schema-graph\">{\"@context\":\"https:\\\/\\\/schema.org\",\"@graph\":[{\"@type\":\"WebPage\",\"@id\":\"https:\\\/\\\/impresiondigitalgranformato.es\\\/producto\\\/cartel-lona-inmobiliarias\\\/\",\"url\":\"https:\\\/\\\/impresiondigitalgranformato.es\\\/producto\\\/cartel-lona-inmobiliarias\\\/\",\"name\":\"Cartel lona inmobiliarias - Los + baratos - Env\u00edo gratuito\",\"isPartOf\":{\"@id\":\"https:\\\/\\\/impresiondigitalgranformato.es\\\/#website\"},\"primaryImageOfPage\":{\"@id\":\"https:\\\/\\\/impresiondigitalgranformato.es\\\/producto\\\/cartel-lona-inmobiliarias\\\/#primaryimage\"},\"image\":{\"@id\":\"https:\\\/\\\/impresiondigitalgranformato.es\\\/producto\\\/cartel-lona-inmobiliarias\\\/#primaryimage\"},\"thumbnailUrl\":\"https:\\\/\\\/i0.wp.com\\\/impresiondigitalgranformato.es\\\/wp-content\\\/uploads\\\/2021\\\/10\\\/cartel-lona-inmobiliaria.jpg?fit=632%2C630&ssl=1\",\"datePublished\":\"2021-12-09T15:47:27+00:00\",\"dateModified\":\"2025-07-04T17:32:26+00:00\",\"description\":\"Cartel de lona para inmobiliarias. Lonas de se vende o se alquila para la promoci\u00f3n de inmobiliarias. Env\u00edo gratis desde la primera unidad\",\"breadcrumb\":{\"@id\":\"https:\\\/\\\/impresiondigitalgranformato.es\\\/producto\\\/cartel-lona-inmobiliarias\\\/#breadcrumb\"},\"inLanguage\":\"fr-FR\",\"potentialAction\":[{\"@type\":\"ReadAction\",\"target\":[\"https:\\\/\\\/impresiondigitalgranformato.es\\\/producto\\\/cartel-lona-inmobiliarias\\\/\"]}]},{\"@type\":\"ImageObject\",\"inLanguage\":\"fr-FR\",\"@id\":\"https:\\\/\\\/impresiondigitalgranformato.es\\\/producto\\\/cartel-lona-inmobiliarias\\\/#primaryimage\",\"url\":\"https:\\\/\\\/i0.wp.com\\\/impresiondigitalgranformato.es\\\/wp-content\\\/uploads\\\/2021\\\/10\\\/cartel-lona-inmobiliaria.jpg?fit=632%2C630&ssl=1\",\"contentUrl\":\"https:\\\/\\\/i0.wp.com\\\/impresiondigitalgranformato.es\\\/wp-content\\\/uploads\\\/2021\\\/10\\\/cartel-lona-inmobiliaria.jpg?fit=632%2C630&ssl=1\",\"width\":632,\"height\":630,\"caption\":\"cartel lona inmobiliaria\"},{\"@type\":\"BreadcrumbList\",\"@id\":\"https:\\\/\\\/impresiondigitalgranformato.es\\\/producto\\\/cartel-lona-inmobiliarias\\\/#breadcrumb\",\"itemListElement\":[{\"@type\":\"ListItem\",\"position\":1,\"name\":\"Portada\",\"item\":\"https:\\\/\\\/impresiondigitalgranformato.es\\\/\"},{\"@type\":\"ListItem\",\"position\":2,\"name\":\"Productos\",\"item\":\"https:\\\/\\\/impresiondigitalgranformato.es\\\/venta-roll-up-banner\\\/\"},{\"@type\":\"ListItem\",\"position\":3,\"name\":\"Cartel lona inmobiliarias\"}]},{\"@type\":\"WebSite\",\"@id\":\"https:\\\/\\\/impresiondigitalgranformato.es\\\/#website\",\"url\":\"https:\\\/\\\/impresiondigitalgranformato.es\\\/\",\"name\":\"Los + baratos\",\"description\":\"impresi\u00f3n digital gran formato venta de roll up, banner, banderas, lonas, carteles, displays, publicidad\",\"publisher\":{\"@id\":\"https:\\\/\\\/impresiondigitalgranformato.es\\\/#organization\"},\"potentialAction\":[{\"@type\":\"SearchAction\",\"target\":{\"@type\":\"EntryPoint\",\"urlTemplate\":\"https:\\\/\\\/impresiondigitalgranformato.es\\\/?s={search_term_string}\"},\"query-input\":{\"@type\":\"PropertyValueSpecification\",\"valueRequired\":true,\"valueName\":\"search_term_string\"}}],\"inLanguage\":\"fr-FR\"},{\"@type\":\"Organization\",\"@id\":\"https:\\\/\\\/impresiondigitalgranformato.es\\\/#organization\",\"name\":\"Los + baratos\",\"url\":\"https:\\\/\\\/impresiondigitalgranformato.es\\\/\",\"logo\":{\"@type\":\"ImageObject\",\"inLanguage\":\"fr-FR\",\"@id\":\"https:\\\/\\\/impresiondigitalgranformato.es\\\/#\\\/schema\\\/logo\\\/image\\\/\",\"url\":\"https:\\\/\\\/i0.wp.com\\\/impresiondigitalgranformato.es\\\/wp-content\\\/uploads\\\/2016\\\/12\\\/cropped-logotipo-2-e1483373659766.png?fit=500%2C101&ssl=1\",\"contentUrl\":\"https:\\\/\\\/i0.wp.com\\\/impresiondigitalgranformato.es\\\/wp-content\\\/uploads\\\/2016\\\/12\\\/cropped-logotipo-2-e1483373659766.png?fit=500%2C101&ssl=1\",\"width\":500,\"height\":101,\"caption\":\"Los + baratos\"},\"image\":{\"@id\":\"https:\\\/\\\/impresiondigitalgranformato.es\\\/#\\\/schema\\\/logo\\\/image\\\/\"}}]}<\/script>\n<!-- \/ Yoast SEO plugin. -->","yoast_head_json":{"title":"Cartel lona inmobiliarias - Los + baratos - Env\u00edo gratuito","description":"Cartel de lona para inmobiliarias. Lonas de se vende o se alquila para la promoci\u00f3n de inmobiliarias. Env\u00edo gratis desde la primera unidad","robots":{"index":"index","follow":"follow","max-snippet":"max-snippet:-1","max-image-preview":"max-image-preview:large","max-video-preview":"max-video-preview:-1"},"canonical":"https:\/\/impresiondigitalgranformato.es\/fr\/produit\/cartel-lona-inmobiliarias\/","og_locale":"fr_FR","og_type":"article","og_title":"Cartel lona inmobiliarias - Los + baratos - Env\u00edo gratuito","og_description":"Cartel de lona para inmobiliarias. Lonas de se vende o se alquila para la promoci\u00f3n de inmobiliarias. Env\u00edo gratis desde la primera unidad","og_url":"https:\/\/impresiondigitalgranformato.es\/fr\/produit\/cartel-lona-inmobiliarias\/","og_site_name":"Los + baratos","article_modified_time":"2025-07-04T17:32:26+00:00","og_image":[{"width":632,"height":630,"url":"http:\/\/impresiondigitalgranformato.es\/wp-content\/uploads\/2021\/10\/cartel-lona-inmobiliaria.jpg","type":"image\/jpeg"}],"twitter_card":"summary_large_image","twitter_misc":{"Dur\u00e9e de lecture estim\u00e9e":"2 minutes"},"schema":{"@context":"https:\/\/schema.org","@graph":[{"@type":"WebPage","@id":"https:\/\/impresiondigitalgranformato.es\/producto\/cartel-lona-inmobiliarias\/","url":"https:\/\/impresiondigitalgranformato.es\/producto\/cartel-lona-inmobiliarias\/","name":"Cartel lona inmobiliarias - Los + baratos - Env\u00edo gratuito","isPartOf":{"@id":"https:\/\/impresiondigitalgranformato.es\/#website"},"primaryImageOfPage":{"@id":"https:\/\/impresiondigitalgranformato.es\/producto\/cartel-lona-inmobiliarias\/#primaryimage"},"image":{"@id":"https:\/\/impresiondigitalgranformato.es\/producto\/cartel-lona-inmobiliarias\/#primaryimage"},"thumbnailUrl":"https:\/\/i0.wp.com\/impresiondigitalgranformato.es\/wp-content\/uploads\/2021\/10\/cartel-lona-inmobiliaria.jpg?fit=632%2C630&ssl=1","datePublished":"2021-12-09T15:47:27+00:00","dateModified":"2025-07-04T17:32:26+00:00","description":"Cartel de lona para inmobiliarias. Lonas de se vende o se alquila para la promoci\u00f3n de inmobiliarias. Env\u00edo gratis desde la primera unidad","breadcrumb":{"@id":"https:\/\/impresiondigitalgranformato.es\/producto\/cartel-lona-inmobiliarias\/#breadcrumb"},"inLanguage":"fr-FR","potentialAction":[{"@type":"ReadAction","target":["https:\/\/impresiondigitalgranformato.es\/producto\/cartel-lona-inmobiliarias\/"]}]},{"@type":"ImageObject","inLanguage":"fr-FR","@id":"https:\/\/impresiondigitalgranformato.es\/producto\/cartel-lona-inmobiliarias\/#primaryimage","url":"https:\/\/i0.wp.com\/impresiondigitalgranformato.es\/wp-content\/uploads\/2021\/10\/cartel-lona-inmobiliaria.jpg?fit=632%2C630&ssl=1","contentUrl":"https:\/\/i0.wp.com\/impresiondigitalgranformato.es\/wp-content\/uploads\/2021\/10\/cartel-lona-inmobiliaria.jpg?fit=632%2C630&ssl=1","width":632,"height":630,"caption":"cartel lona inmobiliaria"},{"@type":"BreadcrumbList","@id":"https:\/\/impresiondigitalgranformato.es\/producto\/cartel-lona-inmobiliarias\/#breadcrumb","itemListElement":[{"@type":"ListItem","position":1,"name":"Portada","item":"https:\/\/impresiondigitalgranformato.es\/"},{"@type":"ListItem","position":2,"name":"Productos","item":"https:\/\/impresiondigitalgranformato.es\/venta-roll-up-banner\/"},{"@type":"ListItem","position":3,"name":"Cartel lona inmobiliarias"}]},{"@type":"WebSite","@id":"https:\/\/impresiondigitalgranformato.es\/#website","url":"https:\/\/impresiondigitalgranformato.es\/","name":"Les moins chers","description":"impression num\u00e9rique grand format vente de roll up, banni\u00e8res, drapeaux, banderoles, b\u00e2ches, affiches, pr\u00e9sentoirs, publicit\u00e9s","publisher":{"@id":"https:\/\/impresiondigitalgranformato.es\/#organization"},"potentialAction":[{"@type":"SearchAction","target":{"@type":"EntryPoint","urlTemplate":"https:\/\/impresiondigitalgranformato.es\/?s={search_term_string}"},"query-input":{"@type":"PropertyValueSpecification","valueRequired":true,"valueName":"search_term_string"}}],"inLanguage":"fr-FR"},{"@type":"Organization","@id":"https:\/\/impresiondigitalgranformato.es\/#organization","name":"Les moins chers","url":"https:\/\/impresiondigitalgranformato.es\/","logo":{"@type":"ImageObject","inLanguage":"fr-FR","@id":"https:\/\/impresiondigitalgranformato.es\/#\/schema\/logo\/image\/","url":"https:\/\/i0.wp.com\/impresiondigitalgranformato.es\/wp-content\/uploads\/2016\/12\/cropped-logotipo-2-e1483373659766.png?fit=500%2C101&ssl=1","contentUrl":"https:\/\/i0.wp.com\/impresiondigitalgranformato.es\/wp-content\/uploads\/2016\/12\/cropped-logotipo-2-e1483373659766.png?fit=500%2C101&ssl=1","width":500,"height":101,"caption":"Los + baratos"},"image":{"@id":"https:\/\/impresiondigitalgranformato.es\/#\/schema\/logo\/image\/"}}]}},"jetpack_sharing_enabled":true,"_links":{"self":[{"href":"https:\/\/impresiondigitalgranformato.es\/fr\/wp-json\/wp\/v2\/product\/14034","targetHints":{"allow":["GET"]}}],"collection":[{"href":"https:\/\/impresiondigitalgranformato.es\/fr\/wp-json\/wp\/v2\/product"}],"about":[{"href":"https:\/\/impresiondigitalgranformato.es\/fr\/wp-json\/wp\/v2\/types\/product"}],"replies":[{"embeddable":true,"href":"https:\/\/impresiondigitalgranformato.es\/fr\/wp-json\/wp\/v2\/comments?post=14034"}],"wp:featuredmedia":[{"embeddable":true,"href":"https:\/\/impresiondigitalgranformato.es\/fr\/wp-json\/wp\/v2\/media\/14037"}],"wp:attachment":[{"href":"https:\/\/impresiondigitalgranformato.es\/fr\/wp-json\/wp\/v2\/media?parent=14034"}],"wp:term":[{"taxonomy":"product_brand","embeddable":true,"href":"https:\/\/impresiondigitalgranformato.es\/fr\/wp-json\/wp\/v2\/product_brand?post=14034"},{"taxonomy":"product_cat","embeddable":true,"href":"https:\/\/impresiondigitalgranformato.es\/fr\/wp-json\/wp\/v2\/product_cat?post=14034"},{"taxonomy":"product_tag","embeddable":true,"href":"https:\/\/impresiondigitalgranformato.es\/fr\/wp-json\/wp\/v2\/product_tag?post=14034"}],"curies":[{"name":"wp","href":"https:\/\/api.w.org\/{rel}","templated":true}]}}