{"id":14244,"date":"2022-01-07T09:42:11","date_gmt":"2022-01-07T08:42:11","guid":{"rendered":"https:\/\/impresiondigitalgranformato.es\/?post_type=product&#038;p=14244"},"modified":"2022-01-11T09:50:54","modified_gmt":"2022-01-11T08:50:54","slug":"portaprecios-a-2-caras","status":"publish","type":"product","link":"https:\/\/impresiondigitalgranformato.es\/fr\/producto\/portaprecios-a-2-caras\/","title":{"rendered":"Portaprecios a 2 caras"},"content":{"rendered":"<p>Portaprecios a 2 caras fabricado en metacrilato.<\/p>\n<p>Grosor del metacrilato: 2 mm<\/p>\n<p><strong>Varios tama\u00f1os del portaprecios pl\u00e1stico a elegir:<\/strong><\/p>\n<p>Portaprecios A-3 (29,7 x 42 cm) (metacrilato de 3 mm)<\/p>\n<p>Portaprecios A-4 (21 x 29,7 cm)<\/p>\n<p>Portaprecios A-5 (14,8 x 21 cm)<\/p>\n<p>Portaprecios A-6 (10,5 x 14,8 cm)<\/p>\n<p>Portaprecios A-7 (7,4 x 10,5 cm)<\/p>\n<p>Portaprecios 1\/3 de A-4 (7 x 29,7 cm)<\/p>\n<p>Si este modelo de porta-precios a dos caras no es el que esta buscando puede ver mas expositores de pl\u00e1stico en nuestra secci\u00f3n de <a href=\"https:\/\/impresiondigitalgranformato.es\/fr\/expositores-para-tiendas\/\" xlink=\"href\">Expositores para tiendas<\/a><\/p>\n<h3 style=\"text-align: center;\"><span style=\"color: #ff6600;\">Donde se utilizan los porta precios<\/span><\/h3>\n<p>El portaprecios a 2 caras se utiliza para informar del precio de los art\u00edculos que est\u00e1n en exposici\u00f3n. Puede usar el expositor porta precios de dos caras en las mismas estanter\u00edas cerca del producto, como tambi\u00e9n en cualquier lugar dentro de la tienda donde exponga productos u ofertas. Adem\u00e1s el expositor porta-precios de 2 caras puede y debe ser utilizado para informar de los precios de los art\u00edculos y\/o productos que coloque en el escaparate de su tienda. <a target=\"_blank\" href=\"https:\/\/www.boe.es\/diario_boe\/txt.php?id=BOE-A-1972-1465\" xlink=\"href\" rel=\"noopener\">(https:\/\/www.boe.es\/diario_boe\/txt.php?id=BOE-A-1972-1465)<\/a><\/p>\n<h3 style=\"text-align: center;\"><span style=\"color: #ff6600;\">Que negocios utilizan los portaprecios a 2 caras<\/span><\/h3>\n<p>Utilizan porta precios a 2 caras todas las tiendas, cualquier establecimiento que venda productos y\/o servicios tanto en su interior, exterior y escaparate. Los porta-precios con visi\u00f3n a 2 caras se utilizan en zapater\u00edas, tiendas de ropa, cosm\u00e9tica, ferreter\u00edas, farmacias, tiendas de m\u00f3viles e inform\u00e1tica, bares, cafeter\u00edas&#8230;<\/p>","protected":false},"excerpt":{"rendered":"<p>Expositor a 2 caras de metacrilato de 2 mm de grosor<\/p>\n<p><a href=\"https:\/\/impresiondigitalgranformato.es\/fr\/expositores-para-tiendas\/\" xlink=\"href\">Ver mas modelos.<\/a><\/p>","protected":false},"featured_media":14241,"comment_status":"open","ping_status":"closed","template":"","meta":[],"product_brand":[],"product_cat":[105],"product_tag":[],"class_list":{"0":"post-14244","1":"product","2":"type-product","3":"status-publish","4":"has-post-thumbnail","6":"product_cat-expositores-para-tiendas","8":"first","9":"instock","10":"taxable","11":"shipping-taxable","12":"purchasable","13":"product-type-simple"},"yoast_head":"<!-- This site is optimized with the Yoast SEO plugin v27.3 - https:\/\/yoast.com\/product\/yoast-seo-wordpress\/ -->\n<title>Portaprecios 2 caras - Los + baratos - Expositor de metacrilato dos caras<\/title>\n<meta name=\"description\" content=\"Portaprecios a 2 caras fabricado en metacrilato. Varios tama\u00f1os del expositor de dos caras. Descuentos por cantidad. Env\u00edo gratuito.\" \/>\n<meta name=\"robots\" content=\"index, follow, max-snippet:-1, max-image-preview:large, max-video-preview:-1\" \/>\n<link rel=\"canonical\" href=\"https:\/\/impresiondigitalgranformato.es\/fr\/produit\/portaprecios-a-2-caras\/\" \/>\n<meta property=\"og:locale\" content=\"fr_FR\" \/>\n<meta property=\"og:type\" content=\"article\" \/>\n<meta property=\"og:title\" content=\"Portaprecios 2 caras - Los + baratos - Expositor de metacrilato dos caras\" \/>\n<meta property=\"og:description\" content=\"Portaprecios a 2 caras fabricado en metacrilato. Varios tama\u00f1os del expositor de dos caras. Descuentos por cantidad. Env\u00edo gratuito.\" \/>\n<meta property=\"og:url\" content=\"https:\/\/impresiondigitalgranformato.es\/fr\/produit\/portaprecios-a-2-caras\/\" \/>\n<meta property=\"og:site_name\" content=\"Los + baratos\" \/>\n<meta property=\"article:modified_time\" content=\"2022-01-11T08:50:54+00:00\" \/>\n<meta property=\"og:image\" content=\"http:\/\/impresiondigitalgranformato.es\/wp-content\/uploads\/2022\/01\/portaprecios-2-caras.jpg\" \/>\n\t<meta property=\"og:image:width\" content=\"947\" \/>\n\t<meta property=\"og:image:height\" content=\"947\" \/>\n\t<meta property=\"og:image:type\" content=\"image\/jpeg\" \/>\n<meta name=\"twitter:card\" content=\"summary_large_image\" \/>\n<meta name=\"twitter:label1\" content=\"Dur\u00e9e de lecture estim\u00e9e\" \/>\n\t<meta name=\"twitter:data1\" content=\"2 minutes\" \/>\n<script type=\"application\/ld+json\" class=\"yoast-schema-graph\">{\"@context\":\"https:\\\/\\\/schema.org\",\"@graph\":[{\"@type\":\"WebPage\",\"@id\":\"https:\\\/\\\/impresiondigitalgranformato.es\\\/producto\\\/portaprecios-a-2-caras\\\/\",\"url\":\"https:\\\/\\\/impresiondigitalgranformato.es\\\/producto\\\/portaprecios-a-2-caras\\\/\",\"name\":\"Portaprecios 2 caras - Los + baratos - Expositor de metacrilato dos caras\",\"isPartOf\":{\"@id\":\"https:\\\/\\\/impresiondigitalgranformato.es\\\/#website\"},\"primaryImageOfPage\":{\"@id\":\"https:\\\/\\\/impresiondigitalgranformato.es\\\/producto\\\/portaprecios-a-2-caras\\\/#primaryimage\"},\"image\":{\"@id\":\"https:\\\/\\\/impresiondigitalgranformato.es\\\/producto\\\/portaprecios-a-2-caras\\\/#primaryimage\"},\"thumbnailUrl\":\"https:\\\/\\\/i0.wp.com\\\/impresiondigitalgranformato.es\\\/wp-content\\\/uploads\\\/2022\\\/01\\\/portaprecios-2-caras.jpg?fit=947%2C947&ssl=1\",\"datePublished\":\"2022-01-07T08:42:11+00:00\",\"dateModified\":\"2022-01-11T08:50:54+00:00\",\"description\":\"Portaprecios a 2 caras fabricado en metacrilato. Varios tama\u00f1os del expositor de dos caras. Descuentos por cantidad. Env\u00edo gratuito.\",\"breadcrumb\":{\"@id\":\"https:\\\/\\\/impresiondigitalgranformato.es\\\/producto\\\/portaprecios-a-2-caras\\\/#breadcrumb\"},\"inLanguage\":\"fr-FR\",\"potentialAction\":[{\"@type\":\"ReadAction\",\"target\":[\"https:\\\/\\\/impresiondigitalgranformato.es\\\/producto\\\/portaprecios-a-2-caras\\\/\"]}]},{\"@type\":\"ImageObject\",\"inLanguage\":\"fr-FR\",\"@id\":\"https:\\\/\\\/impresiondigitalgranformato.es\\\/producto\\\/portaprecios-a-2-caras\\\/#primaryimage\",\"url\":\"https:\\\/\\\/i0.wp.com\\\/impresiondigitalgranformato.es\\\/wp-content\\\/uploads\\\/2022\\\/01\\\/portaprecios-2-caras.jpg?fit=947%2C947&ssl=1\",\"contentUrl\":\"https:\\\/\\\/i0.wp.com\\\/impresiondigitalgranformato.es\\\/wp-content\\\/uploads\\\/2022\\\/01\\\/portaprecios-2-caras.jpg?fit=947%2C947&ssl=1\",\"width\":947,\"height\":947,\"caption\":\"Portaprecios a 2 caras\"},{\"@type\":\"BreadcrumbList\",\"@id\":\"https:\\\/\\\/impresiondigitalgranformato.es\\\/producto\\\/portaprecios-a-2-caras\\\/#breadcrumb\",\"itemListElement\":[{\"@type\":\"ListItem\",\"position\":1,\"name\":\"Portada\",\"item\":\"https:\\\/\\\/impresiondigitalgranformato.es\\\/\"},{\"@type\":\"ListItem\",\"position\":2,\"name\":\"Productos\",\"item\":\"https:\\\/\\\/impresiondigitalgranformato.es\\\/venta-roll-up-banner\\\/\"},{\"@type\":\"ListItem\",\"position\":3,\"name\":\"Portaprecios a 2 caras\"}]},{\"@type\":\"WebSite\",\"@id\":\"https:\\\/\\\/impresiondigitalgranformato.es\\\/#website\",\"url\":\"https:\\\/\\\/impresiondigitalgranformato.es\\\/\",\"name\":\"Los + baratos\",\"description\":\"impresi\u00f3n digital gran formato venta de roll up, banner, banderas, lonas, carteles, displays, publicidad\",\"publisher\":{\"@id\":\"https:\\\/\\\/impresiondigitalgranformato.es\\\/#organization\"},\"potentialAction\":[{\"@type\":\"SearchAction\",\"target\":{\"@type\":\"EntryPoint\",\"urlTemplate\":\"https:\\\/\\\/impresiondigitalgranformato.es\\\/?s={search_term_string}\"},\"query-input\":{\"@type\":\"PropertyValueSpecification\",\"valueRequired\":true,\"valueName\":\"search_term_string\"}}],\"inLanguage\":\"fr-FR\"},{\"@type\":\"Organization\",\"@id\":\"https:\\\/\\\/impresiondigitalgranformato.es\\\/#organization\",\"name\":\"Los + baratos\",\"url\":\"https:\\\/\\\/impresiondigitalgranformato.es\\\/\",\"logo\":{\"@type\":\"ImageObject\",\"inLanguage\":\"fr-FR\",\"@id\":\"https:\\\/\\\/impresiondigitalgranformato.es\\\/#\\\/schema\\\/logo\\\/image\\\/\",\"url\":\"https:\\\/\\\/i0.wp.com\\\/impresiondigitalgranformato.es\\\/wp-content\\\/uploads\\\/2016\\\/12\\\/cropped-logotipo-2-e1483373659766.png?fit=500%2C101&ssl=1\",\"contentUrl\":\"https:\\\/\\\/i0.wp.com\\\/impresiondigitalgranformato.es\\\/wp-content\\\/uploads\\\/2016\\\/12\\\/cropped-logotipo-2-e1483373659766.png?fit=500%2C101&ssl=1\",\"width\":500,\"height\":101,\"caption\":\"Los + baratos\"},\"image\":{\"@id\":\"https:\\\/\\\/impresiondigitalgranformato.es\\\/#\\\/schema\\\/logo\\\/image\\\/\"}}]}<\/script>\n<!-- \/ Yoast SEO plugin. -->","yoast_head_json":{"title":"Portaprecios 2 caras - Los + baratos - Expositor de metacrilato dos caras","description":"Portaprecios a 2 caras fabricado en metacrilato. Varios tama\u00f1os del expositor de dos caras. Descuentos por cantidad. Env\u00edo gratuito.","robots":{"index":"index","follow":"follow","max-snippet":"max-snippet:-1","max-image-preview":"max-image-preview:large","max-video-preview":"max-video-preview:-1"},"canonical":"https:\/\/impresiondigitalgranformato.es\/fr\/produit\/portaprecios-a-2-caras\/","og_locale":"fr_FR","og_type":"article","og_title":"Portaprecios 2 caras - Los + baratos - Expositor de metacrilato dos caras","og_description":"Portaprecios a 2 caras fabricado en metacrilato. Varios tama\u00f1os del expositor de dos caras. Descuentos por cantidad. Env\u00edo gratuito.","og_url":"https:\/\/impresiondigitalgranformato.es\/fr\/produit\/portaprecios-a-2-caras\/","og_site_name":"Los + baratos","article_modified_time":"2022-01-11T08:50:54+00:00","og_image":[{"width":947,"height":947,"url":"http:\/\/impresiondigitalgranformato.es\/wp-content\/uploads\/2022\/01\/portaprecios-2-caras.jpg","type":"image\/jpeg"}],"twitter_card":"summary_large_image","twitter_misc":{"Dur\u00e9e de lecture estim\u00e9e":"2 minutes"},"schema":{"@context":"https:\/\/schema.org","@graph":[{"@type":"WebPage","@id":"https:\/\/impresiondigitalgranformato.es\/producto\/portaprecios-a-2-caras\/","url":"https:\/\/impresiondigitalgranformato.es\/producto\/portaprecios-a-2-caras\/","name":"Portaprecios 2 caras - Los + baratos - Expositor de metacrilato dos caras","isPartOf":{"@id":"https:\/\/impresiondigitalgranformato.es\/#website"},"primaryImageOfPage":{"@id":"https:\/\/impresiondigitalgranformato.es\/producto\/portaprecios-a-2-caras\/#primaryimage"},"image":{"@id":"https:\/\/impresiondigitalgranformato.es\/producto\/portaprecios-a-2-caras\/#primaryimage"},"thumbnailUrl":"https:\/\/i0.wp.com\/impresiondigitalgranformato.es\/wp-content\/uploads\/2022\/01\/portaprecios-2-caras.jpg?fit=947%2C947&ssl=1","datePublished":"2022-01-07T08:42:11+00:00","dateModified":"2022-01-11T08:50:54+00:00","description":"Portaprecios a 2 caras fabricado en metacrilato. Varios tama\u00f1os del expositor de dos caras. Descuentos por cantidad. Env\u00edo gratuito.","breadcrumb":{"@id":"https:\/\/impresiondigitalgranformato.es\/producto\/portaprecios-a-2-caras\/#breadcrumb"},"inLanguage":"fr-FR","potentialAction":[{"@type":"ReadAction","target":["https:\/\/impresiondigitalgranformato.es\/producto\/portaprecios-a-2-caras\/"]}]},{"@type":"ImageObject","inLanguage":"fr-FR","@id":"https:\/\/impresiondigitalgranformato.es\/producto\/portaprecios-a-2-caras\/#primaryimage","url":"https:\/\/i0.wp.com\/impresiondigitalgranformato.es\/wp-content\/uploads\/2022\/01\/portaprecios-2-caras.jpg?fit=947%2C947&ssl=1","contentUrl":"https:\/\/i0.wp.com\/impresiondigitalgranformato.es\/wp-content\/uploads\/2022\/01\/portaprecios-2-caras.jpg?fit=947%2C947&ssl=1","width":947,"height":947,"caption":"Portaprecios a 2 caras"},{"@type":"BreadcrumbList","@id":"https:\/\/impresiondigitalgranformato.es\/producto\/portaprecios-a-2-caras\/#breadcrumb","itemListElement":[{"@type":"ListItem","position":1,"name":"Portada","item":"https:\/\/impresiondigitalgranformato.es\/"},{"@type":"ListItem","position":2,"name":"Productos","item":"https:\/\/impresiondigitalgranformato.es\/venta-roll-up-banner\/"},{"@type":"ListItem","position":3,"name":"Portaprecios a 2 caras"}]},{"@type":"WebSite","@id":"https:\/\/impresiondigitalgranformato.es\/#website","url":"https:\/\/impresiondigitalgranformato.es\/","name":"Les moins chers","description":"impression num\u00e9rique grand format vente de roll up, banni\u00e8res, drapeaux, banderoles, b\u00e2ches, affiches, pr\u00e9sentoirs, publicit\u00e9s","publisher":{"@id":"https:\/\/impresiondigitalgranformato.es\/#organization"},"potentialAction":[{"@type":"SearchAction","target":{"@type":"EntryPoint","urlTemplate":"https:\/\/impresiondigitalgranformato.es\/?s={search_term_string}"},"query-input":{"@type":"PropertyValueSpecification","valueRequired":true,"valueName":"search_term_string"}}],"inLanguage":"fr-FR"},{"@type":"Organization","@id":"https:\/\/impresiondigitalgranformato.es\/#organization","name":"Les moins chers","url":"https:\/\/impresiondigitalgranformato.es\/","logo":{"@type":"ImageObject","inLanguage":"fr-FR","@id":"https:\/\/impresiondigitalgranformato.es\/#\/schema\/logo\/image\/","url":"https:\/\/i0.wp.com\/impresiondigitalgranformato.es\/wp-content\/uploads\/2016\/12\/cropped-logotipo-2-e1483373659766.png?fit=500%2C101&ssl=1","contentUrl":"https:\/\/i0.wp.com\/impresiondigitalgranformato.es\/wp-content\/uploads\/2016\/12\/cropped-logotipo-2-e1483373659766.png?fit=500%2C101&ssl=1","width":500,"height":101,"caption":"Los + baratos"},"image":{"@id":"https:\/\/impresiondigitalgranformato.es\/#\/schema\/logo\/image\/"}}]}},"jetpack_sharing_enabled":true,"_links":{"self":[{"href":"https:\/\/impresiondigitalgranformato.es\/fr\/wp-json\/wp\/v2\/product\/14244","targetHints":{"allow":["GET"]}}],"collection":[{"href":"https:\/\/impresiondigitalgranformato.es\/fr\/wp-json\/wp\/v2\/product"}],"about":[{"href":"https:\/\/impresiondigitalgranformato.es\/fr\/wp-json\/wp\/v2\/types\/product"}],"replies":[{"embeddable":true,"href":"https:\/\/impresiondigitalgranformato.es\/fr\/wp-json\/wp\/v2\/comments?post=14244"}],"wp:featuredmedia":[{"embeddable":true,"href":"https:\/\/impresiondigitalgranformato.es\/fr\/wp-json\/wp\/v2\/media\/14241"}],"wp:attachment":[{"href":"https:\/\/impresiondigitalgranformato.es\/fr\/wp-json\/wp\/v2\/media?parent=14244"}],"wp:term":[{"taxonomy":"product_brand","embeddable":true,"href":"https:\/\/impresiondigitalgranformato.es\/fr\/wp-json\/wp\/v2\/product_brand?post=14244"},{"taxonomy":"product_cat","embeddable":true,"href":"https:\/\/impresiondigitalgranformato.es\/fr\/wp-json\/wp\/v2\/product_cat?post=14244"},{"taxonomy":"product_tag","embeddable":true,"href":"https:\/\/impresiondigitalgranformato.es\/fr\/wp-json\/wp\/v2\/product_tag?post=14244"}],"curies":[{"name":"wp","href":"https:\/\/api.w.org\/{rel}","templated":true}]}}