{"id":16315,"date":"2024-02-15T12:18:49","date_gmt":"2024-02-15T11:18:49","guid":{"rendered":"https:\/\/impresiondigitalgranformato.es\/?post_type=product&#038;p=16315"},"modified":"2025-07-04T18:48:22","modified_gmt":"2025-07-04T16:48:22","slug":"photocall-de-3-metros","status":"publish","type":"product","link":"https:\/\/impresiondigitalgranformato.es\/fr\/producto\/photocall-de-3-metros\/","title":{"rendered":"Photocall de 3 m\u00e8tres"},"content":{"rendered":"<p>Photocall de 3 m\u00e8tres<\/p>\n<p><strong>Taille :<\/strong> 320 x 200 cm<\/p>\n<p><strong>Il comprend<\/strong> Contient des graphiques personnalis\u00e9s en toile pvc 450 gr. avec impression num\u00e9rique de haute qualit\u00e9 et 3 structures en fibre de verre avec \u00e9tui de transport.<\/p>\n<p>Les photocalls sont tr\u00e8s importants, presque essentiels pour tout \u00e9v\u00e9nement ou promotion de produit. Avec ce photocoll de 250 x 200 cm, vous pouvez donner une touche d'\u00e9l\u00e9gance \u00e0 votre f\u00eate, communion, mariage... en permettant \u00e0 vos invit\u00e9s de se prendre en photo avec ce fond mural pour s'en souvenir \u00e0 jamais.<\/p>\n<p>Facile \u00e0 monter, vous pouvez le monter et le d\u00e9monter autant de fois que vous le souhaitez. Voyez-le dans notre\u00a0<a href=\"https:\/\/youtu.be\/Nuzr8IbuDew\" target=\"_blank\" rel=\"noopener\">vid\u00e9o de montage<\/a>Une fois collect\u00e9, vous pouvez le laisser dans votre bo\u00eete jusqu'\u00e0 votre prochain \u00e9v\u00e9nement.<\/p>\n<p>Ce format de photocall pas cher 320\u00d7200 cm est l'un des mod\u00e8les de grande taille que nous proposons. Avec ce format de photocall, 6 personnes peuvent \u00eatre confortablement repr\u00e9sent\u00e9es ensemble.<\/p>\n<p>Si vous cherchez quelque chose de plus grand parce que vous avez besoin de couvrir plus d'arri\u00e8re-plan \u00e0 photographier, le nombre de personnes que vous voulez faire poser dans l'arri\u00e8re-plan personnalis\u00e9, vous voulez qu'il soit plus grand ou, au contraire, vous avez besoin d'un photocall petit et \u00e9conomique. <a href=\"https:\/\/impresiondigitalgranformato.es\/fr\/photocall-baratos\/\">Visitez notre galerie<\/a>\u00a0o\u00f9 il y a plus de tailles.<\/p>\n<p><span style=\"color: #ff0000;\">RABAIS DE QUANTIT\u00c9 ! !!<\/span><\/p>\n<p><strong>Ce produit peut \u00eatre livr\u00e9 dans les 24 heures<\/strong><\/p>\n<p data-pbs-phone-margin-bottom=\"18px\">Diff\u00e9rents types d'envois :<\/p>\n<p data-pbs-phone-margin-bottom=\"18px\"><strong>Production et livraison dans les 8 jours ouvrables<\/strong><\/p>\n<p data-pbs-phone-margin-bottom=\"18px\"><strong>Production et livraison dans les 4 jours ouvrables<\/strong><\/p>\n<p data-pbs-phone-margin-top=\"1px\"><strong>Production et livraison dans les 2 jours ouvrables<\/strong><\/p>\n<p data-pbs-phone-margin-top=\"1px\"><strong>Production et livraison dans un d\u00e9lai d'un jour ouvrable*.<\/strong>\u00a0(ce service n'est valable que pour les commandes confirm\u00e9es avant 11h30 le jour m\u00eame).<\/p>\n<h2 class=\"yikes-custom-woo-tab-title yikes-custom-woo-tab-title-como-preparar-los-archivos\">Comment pr\u00e9parer les archives du photocall de 3 m\u00e8tres de long ?<\/h2>\n<div class=\"pbs-main-wrapper\">\n<p>Les formats valables pour l'impression sont JPG, TIFF ou PDF, et doivent toujours \u00eatre de 320 x 200 cm ou mis \u00e0 l'\u00e9chelle \u00e0 cette taille.<\/p>\n<p>Nous conseillons une r\u00e9solution d'au moins 125 p.p.p.<\/p>\n<p>Les modes de couleur CMJN et RVB sont tous deux valables pour l'impression.<\/p>\n<p>** Tous les articles ont un mod\u00e8le d'assemblage que vous pouvez t\u00e9l\u00e9charger si vous en avez besoin. <a href=\"http:\/\/impresiondigitalgranformato.es\/wp-content\/uploads\/2024\/02\/plantilla-photocall-de-3-metros.pdf\" target=\"_blank\" rel=\"noopener\">(cliquez ici)<\/a><\/p>\n<p><strong>Nous v\u00e9rifions la taille et la qualit\u00e9 de tous les dessins. Nous vous informons s'il est correct pour l'impression ou si nous pensons qu'il doit \u00eatre modifi\u00e9.<\/strong><\/p>\n<ul>\n<li>Pour envoyer le fichier d'impression. Vous pouvez le faire lors de la configuration de la commande en cliquant sur : <span style=\"color: #ff0000;\">SELECTIONNER LE FICHIER<\/span> ou s'il p\u00e8se plus de 10 MB ou s'il y a plusieurs fichiers, vous devrez finaliser l'achat avec tous les articles dont vous avez besoin et nous les envoyer avec le num\u00e9ro de commande \u00e0 comercial@impresiondigitalgranformato.es.<\/li>\n<\/ul>\n<h4>Il est \u00e9galement possible que nous le pr\u00e9parions pour vous.<\/h4>\n<p>Pour ce faire, dans la section POUR L'IMPRESSION, s\u00e9lectionnez NOUS DEVONS LE CONCEVOIR.<\/p>\n<p>Envoyez-nous ensuite le document suivant, accompagn\u00e9 du num\u00e9ro de commande, \u00e0 l'adresse \u00e9lectronique suivante : comercial@impresiondigitalgranformato.es :<\/p>\n<p>- Logo et\/ou images que vous souhaitez voir appara\u00eetre.<\/p>\n<p>- Textes \u00e0 ins\u00e9rer<\/p>\n<p>- Une br\u00e8ve description de la mani\u00e8re dont vous souhaitez que le site soit pr\u00e9sent\u00e9, avec le plus d'informations possible (position des images, couleurs, polices...).<\/p>\n<p><strong>Nous vous enverrons l'adaptation pour approbation avant l'impression.<\/strong><\/p>\n<p>A tout moment de l'achat ou de la consultation sur le web, vous pouvez nous contacter pour poser vos questions :<\/p>\n<p>+34 925 761 762 ou +34 605 265 602 (tous les jours)<\/p>\n<p>whatsapp +34 605 265 602 (Roberto)<\/p>\n<p>ch\u00e1t : vivre<\/p>\n<p>e-mail:\u00a0comercial@impresiondigitalgranformato.es<\/p>\n<\/div>","protected":false},"excerpt":{"rendered":"<p style=\"text-align: left;\">Photocall 320 x 200 cm<\/p>\n<p style=\"text-align: left;\">Inclus : Graphisme personnalis\u00e9 sur toile et structures pour le montage.<\/p>\n<p style=\"text-align: left;\"><span style=\"color: #ff0000;\">RABAIS DE QUANTIT\u00c9 ! !!<\/span><\/p>\n<p style=\"text-align: left;\"><strong>-<\/strong>\u00a0de la 1\u00e8re unit\u00e9<\/p>\n<p style=\"text-align: left;\">Ce produit peut \u00eatre livr\u00e9 dans les 24 heures<strong>*<\/strong><\/p>\n<p style=\"text-align: left;\"><a href=\"https:\/\/impresiondigitalgranformato.es\/fr\/photocall-baratos\/\"><img loading=\"lazy\" decoding=\"async\" class=\"aligncenter wp-image-12936 size-full\" src=\"http:\/\/impresiondigitalgranformato.es\/wp-content\/uploads\/2019\/09\/impresion-digital-mas-modelos.png\" alt=\"impression num\u00e9rique plus de mod\u00e8les\" width=\"468\" height=\"61\" srcset=\"https:\/\/i0.wp.com\/impresiondigitalgranformato.es\/wp-content\/uploads\/2019\/09\/impresion-digital-mas-modelos.png?w=468&amp;ssl=1 468w, https:\/\/i0.wp.com\/impresiondigitalgranformato.es\/wp-content\/uploads\/2019\/09\/impresion-digital-mas-modelos.png?resize=100%2C13&amp;ssl=1 100w, https:\/\/i0.wp.com\/impresiondigitalgranformato.es\/wp-content\/uploads\/2019\/09\/impresion-digital-mas-modelos.png?resize=150%2C20&amp;ssl=1 150w, https:\/\/i0.wp.com\/impresiondigitalgranformato.es\/wp-content\/uploads\/2019\/09\/impresion-digital-mas-modelos.png?resize=200%2C26&amp;ssl=1 200w, https:\/\/i0.wp.com\/impresiondigitalgranformato.es\/wp-content\/uploads\/2019\/09\/impresion-digital-mas-modelos.png?resize=300%2C39&amp;ssl=1 300w, https:\/\/i0.wp.com\/impresiondigitalgranformato.es\/wp-content\/uploads\/2019\/09\/impresion-digital-mas-modelos.png?resize=450%2C59&amp;ssl=1 450w\" sizes=\"auto, (max-width: 468px) 100vw, 468px\" \/><\/a><\/p>","protected":false},"featured_media":16321,"comment_status":"open","ping_status":"closed","template":"","meta":[],"product_brand":[],"product_cat":[9],"product_tag":[],"class_list":{"0":"post-16315","1":"product","2":"type-product","3":"status-publish","4":"has-post-thumbnail","6":"product_cat-photocall-barato","8":"first","9":"instock","10":"sold-individually","11":"taxable","12":"shipping-taxable","13":"purchasable","14":"product-type-simple"},"yoast_head":"<!-- This site is optimized with the Yoast SEO plugin v27.3 - https:\/\/yoast.com\/product\/yoast-seo-wordpress\/ -->\n<title>Photocall de 3 metros - Los + baratos<\/title>\n<meta name=\"description\" content=\"Photocall de 3 metros econ\u00f3mico. Tama\u00f1o de 320 x 200 cm, incluye gr\u00e1fica del photocall personalizada en lona y estructura. Env\u00edo gratis.\" \/>\n<meta name=\"robots\" content=\"index, follow, max-snippet:-1, max-image-preview:large, max-video-preview:-1\" \/>\n<link rel=\"canonical\" href=\"https:\/\/impresiondigitalgranformato.es\/fr\/produit\/photocall-de-3-metros\/\" \/>\n<meta property=\"og:locale\" content=\"fr_FR\" \/>\n<meta property=\"og:type\" content=\"article\" \/>\n<meta property=\"og:title\" content=\"Photocall de 3 metros - Los + baratos\" \/>\n<meta property=\"og:description\" content=\"Photocall de 3 metros econ\u00f3mico. Tama\u00f1o de 320 x 200 cm, incluye gr\u00e1fica del photocall personalizada en lona y estructura. Env\u00edo gratis.\" \/>\n<meta property=\"og:url\" content=\"https:\/\/impresiondigitalgranformato.es\/fr\/produit\/photocall-de-3-metros\/\" \/>\n<meta property=\"og:site_name\" content=\"Los + baratos\" \/>\n<meta property=\"article:modified_time\" content=\"2025-07-04T16:48:22+00:00\" \/>\n<meta property=\"og:image\" content=\"http:\/\/impresiondigitalgranformato.es\/wp-content\/uploads\/2024\/02\/photocall-de-3-metros.jpg\" \/>\n\t<meta property=\"og:image:width\" content=\"1260\" \/>\n\t<meta property=\"og:image:height\" content=\"1260\" \/>\n\t<meta property=\"og:image:type\" content=\"image\/jpeg\" \/>\n<meta name=\"twitter:card\" content=\"summary_large_image\" \/>\n<meta name=\"twitter:label1\" content=\"Dur\u00e9e de lecture estim\u00e9e\" \/>\n\t<meta name=\"twitter:data1\" content=\"3 minutes\" \/>\n<script type=\"application\/ld+json\" class=\"yoast-schema-graph\">{\"@context\":\"https:\\\/\\\/schema.org\",\"@graph\":[{\"@type\":\"WebPage\",\"@id\":\"https:\\\/\\\/impresiondigitalgranformato.es\\\/producto\\\/photocall-de-3-metros\\\/\",\"url\":\"https:\\\/\\\/impresiondigitalgranformato.es\\\/producto\\\/photocall-de-3-metros\\\/\",\"name\":\"Photocall de 3 metros - Los + baratos\",\"isPartOf\":{\"@id\":\"https:\\\/\\\/impresiondigitalgranformato.es\\\/#website\"},\"primaryImageOfPage\":{\"@id\":\"https:\\\/\\\/impresiondigitalgranformato.es\\\/producto\\\/photocall-de-3-metros\\\/#primaryimage\"},\"image\":{\"@id\":\"https:\\\/\\\/impresiondigitalgranformato.es\\\/producto\\\/photocall-de-3-metros\\\/#primaryimage\"},\"thumbnailUrl\":\"https:\\\/\\\/i0.wp.com\\\/impresiondigitalgranformato.es\\\/wp-content\\\/uploads\\\/2024\\\/02\\\/photocall-de-3-metros.jpg?fit=1260%2C1260&ssl=1\",\"datePublished\":\"2024-02-15T11:18:49+00:00\",\"dateModified\":\"2025-07-04T16:48:22+00:00\",\"description\":\"Photocall de 3 metros econ\u00f3mico. Tama\u00f1o de 320 x 200 cm, incluye gr\u00e1fica del photocall personalizada en lona y estructura. Env\u00edo gratis.\",\"breadcrumb\":{\"@id\":\"https:\\\/\\\/impresiondigitalgranformato.es\\\/producto\\\/photocall-de-3-metros\\\/#breadcrumb\"},\"inLanguage\":\"fr-FR\",\"potentialAction\":[{\"@type\":\"ReadAction\",\"target\":[\"https:\\\/\\\/impresiondigitalgranformato.es\\\/producto\\\/photocall-de-3-metros\\\/\"]}]},{\"@type\":\"ImageObject\",\"inLanguage\":\"fr-FR\",\"@id\":\"https:\\\/\\\/impresiondigitalgranformato.es\\\/producto\\\/photocall-de-3-metros\\\/#primaryimage\",\"url\":\"https:\\\/\\\/i0.wp.com\\\/impresiondigitalgranformato.es\\\/wp-content\\\/uploads\\\/2024\\\/02\\\/photocall-de-3-metros.jpg?fit=1260%2C1260&ssl=1\",\"contentUrl\":\"https:\\\/\\\/i0.wp.com\\\/impresiondigitalgranformato.es\\\/wp-content\\\/uploads\\\/2024\\\/02\\\/photocall-de-3-metros.jpg?fit=1260%2C1260&ssl=1\",\"width\":1260,\"height\":1260,\"caption\":\"photocall de 3 metros\"},{\"@type\":\"BreadcrumbList\",\"@id\":\"https:\\\/\\\/impresiondigitalgranformato.es\\\/producto\\\/photocall-de-3-metros\\\/#breadcrumb\",\"itemListElement\":[{\"@type\":\"ListItem\",\"position\":1,\"name\":\"Portada\",\"item\":\"https:\\\/\\\/impresiondigitalgranformato.es\\\/\"},{\"@type\":\"ListItem\",\"position\":2,\"name\":\"Productos\",\"item\":\"https:\\\/\\\/impresiondigitalgranformato.es\\\/venta-roll-up-banner\\\/\"},{\"@type\":\"ListItem\",\"position\":3,\"name\":\"Photocall de 3 metros\"}]},{\"@type\":\"WebSite\",\"@id\":\"https:\\\/\\\/impresiondigitalgranformato.es\\\/#website\",\"url\":\"https:\\\/\\\/impresiondigitalgranformato.es\\\/\",\"name\":\"Los + baratos\",\"description\":\"impresi\u00f3n digital gran formato venta de roll up, banner, banderas, lonas, carteles, displays, publicidad\",\"publisher\":{\"@id\":\"https:\\\/\\\/impresiondigitalgranformato.es\\\/#organization\"},\"potentialAction\":[{\"@type\":\"SearchAction\",\"target\":{\"@type\":\"EntryPoint\",\"urlTemplate\":\"https:\\\/\\\/impresiondigitalgranformato.es\\\/?s={search_term_string}\"},\"query-input\":{\"@type\":\"PropertyValueSpecification\",\"valueRequired\":true,\"valueName\":\"search_term_string\"}}],\"inLanguage\":\"fr-FR\"},{\"@type\":\"Organization\",\"@id\":\"https:\\\/\\\/impresiondigitalgranformato.es\\\/#organization\",\"name\":\"Los + baratos\",\"url\":\"https:\\\/\\\/impresiondigitalgranformato.es\\\/\",\"logo\":{\"@type\":\"ImageObject\",\"inLanguage\":\"fr-FR\",\"@id\":\"https:\\\/\\\/impresiondigitalgranformato.es\\\/#\\\/schema\\\/logo\\\/image\\\/\",\"url\":\"https:\\\/\\\/i0.wp.com\\\/impresiondigitalgranformato.es\\\/wp-content\\\/uploads\\\/2016\\\/12\\\/cropped-logotipo-2-e1483373659766.png?fit=500%2C101&ssl=1\",\"contentUrl\":\"https:\\\/\\\/i0.wp.com\\\/impresiondigitalgranformato.es\\\/wp-content\\\/uploads\\\/2016\\\/12\\\/cropped-logotipo-2-e1483373659766.png?fit=500%2C101&ssl=1\",\"width\":500,\"height\":101,\"caption\":\"Los + baratos\"},\"image\":{\"@id\":\"https:\\\/\\\/impresiondigitalgranformato.es\\\/#\\\/schema\\\/logo\\\/image\\\/\"}}]}<\/script>\n<!-- \/ Yoast SEO plugin. -->","yoast_head_json":{"title":"Photocall de 3 metros - Los + baratos","description":"Photocall de 3 metros econ\u00f3mico. Tama\u00f1o de 320 x 200 cm, incluye gr\u00e1fica del photocall personalizada en lona y estructura. Env\u00edo gratis.","robots":{"index":"index","follow":"follow","max-snippet":"max-snippet:-1","max-image-preview":"max-image-preview:large","max-video-preview":"max-video-preview:-1"},"canonical":"https:\/\/impresiondigitalgranformato.es\/fr\/produit\/photocall-de-3-metros\/","og_locale":"fr_FR","og_type":"article","og_title":"Photocall de 3 metros - Los + baratos","og_description":"Photocall de 3 metros econ\u00f3mico. Tama\u00f1o de 320 x 200 cm, incluye gr\u00e1fica del photocall personalizada en lona y estructura. Env\u00edo gratis.","og_url":"https:\/\/impresiondigitalgranformato.es\/fr\/produit\/photocall-de-3-metros\/","og_site_name":"Los + baratos","article_modified_time":"2025-07-04T16:48:22+00:00","og_image":[{"width":1260,"height":1260,"url":"http:\/\/impresiondigitalgranformato.es\/wp-content\/uploads\/2024\/02\/photocall-de-3-metros.jpg","type":"image\/jpeg"}],"twitter_card":"summary_large_image","twitter_misc":{"Dur\u00e9e de lecture estim\u00e9e":"3 minutes"},"schema":{"@context":"https:\/\/schema.org","@graph":[{"@type":"WebPage","@id":"https:\/\/impresiondigitalgranformato.es\/producto\/photocall-de-3-metros\/","url":"https:\/\/impresiondigitalgranformato.es\/producto\/photocall-de-3-metros\/","name":"Photocall de 3 metros - Los + baratos","isPartOf":{"@id":"https:\/\/impresiondigitalgranformato.es\/#website"},"primaryImageOfPage":{"@id":"https:\/\/impresiondigitalgranformato.es\/producto\/photocall-de-3-metros\/#primaryimage"},"image":{"@id":"https:\/\/impresiondigitalgranformato.es\/producto\/photocall-de-3-metros\/#primaryimage"},"thumbnailUrl":"https:\/\/i0.wp.com\/impresiondigitalgranformato.es\/wp-content\/uploads\/2024\/02\/photocall-de-3-metros.jpg?fit=1260%2C1260&ssl=1","datePublished":"2024-02-15T11:18:49+00:00","dateModified":"2025-07-04T16:48:22+00:00","description":"Photocall de 3 metros econ\u00f3mico. Tama\u00f1o de 320 x 200 cm, incluye gr\u00e1fica del photocall personalizada en lona y estructura. Env\u00edo gratis.","breadcrumb":{"@id":"https:\/\/impresiondigitalgranformato.es\/producto\/photocall-de-3-metros\/#breadcrumb"},"inLanguage":"fr-FR","potentialAction":[{"@type":"ReadAction","target":["https:\/\/impresiondigitalgranformato.es\/producto\/photocall-de-3-metros\/"]}]},{"@type":"ImageObject","inLanguage":"fr-FR","@id":"https:\/\/impresiondigitalgranformato.es\/producto\/photocall-de-3-metros\/#primaryimage","url":"https:\/\/i0.wp.com\/impresiondigitalgranformato.es\/wp-content\/uploads\/2024\/02\/photocall-de-3-metros.jpg?fit=1260%2C1260&ssl=1","contentUrl":"https:\/\/i0.wp.com\/impresiondigitalgranformato.es\/wp-content\/uploads\/2024\/02\/photocall-de-3-metros.jpg?fit=1260%2C1260&ssl=1","width":1260,"height":1260,"caption":"photocall de 3 metros"},{"@type":"BreadcrumbList","@id":"https:\/\/impresiondigitalgranformato.es\/producto\/photocall-de-3-metros\/#breadcrumb","itemListElement":[{"@type":"ListItem","position":1,"name":"Portada","item":"https:\/\/impresiondigitalgranformato.es\/"},{"@type":"ListItem","position":2,"name":"Productos","item":"https:\/\/impresiondigitalgranformato.es\/venta-roll-up-banner\/"},{"@type":"ListItem","position":3,"name":"Photocall de 3 metros"}]},{"@type":"WebSite","@id":"https:\/\/impresiondigitalgranformato.es\/#website","url":"https:\/\/impresiondigitalgranformato.es\/","name":"Les moins chers","description":"impression num\u00e9rique grand format vente de roll up, banni\u00e8res, drapeaux, banderoles, b\u00e2ches, affiches, pr\u00e9sentoirs, publicit\u00e9s","publisher":{"@id":"https:\/\/impresiondigitalgranformato.es\/#organization"},"potentialAction":[{"@type":"SearchAction","target":{"@type":"EntryPoint","urlTemplate":"https:\/\/impresiondigitalgranformato.es\/?s={search_term_string}"},"query-input":{"@type":"PropertyValueSpecification","valueRequired":true,"valueName":"search_term_string"}}],"inLanguage":"fr-FR"},{"@type":"Organization","@id":"https:\/\/impresiondigitalgranformato.es\/#organization","name":"Les moins chers","url":"https:\/\/impresiondigitalgranformato.es\/","logo":{"@type":"ImageObject","inLanguage":"fr-FR","@id":"https:\/\/impresiondigitalgranformato.es\/#\/schema\/logo\/image\/","url":"https:\/\/i0.wp.com\/impresiondigitalgranformato.es\/wp-content\/uploads\/2016\/12\/cropped-logotipo-2-e1483373659766.png?fit=500%2C101&ssl=1","contentUrl":"https:\/\/i0.wp.com\/impresiondigitalgranformato.es\/wp-content\/uploads\/2016\/12\/cropped-logotipo-2-e1483373659766.png?fit=500%2C101&ssl=1","width":500,"height":101,"caption":"Los + baratos"},"image":{"@id":"https:\/\/impresiondigitalgranformato.es\/#\/schema\/logo\/image\/"}}]}},"jetpack_sharing_enabled":true,"_links":{"self":[{"href":"https:\/\/impresiondigitalgranformato.es\/fr\/wp-json\/wp\/v2\/product\/16315","targetHints":{"allow":["GET"]}}],"collection":[{"href":"https:\/\/impresiondigitalgranformato.es\/fr\/wp-json\/wp\/v2\/product"}],"about":[{"href":"https:\/\/impresiondigitalgranformato.es\/fr\/wp-json\/wp\/v2\/types\/product"}],"replies":[{"embeddable":true,"href":"https:\/\/impresiondigitalgranformato.es\/fr\/wp-json\/wp\/v2\/comments?post=16315"}],"wp:featuredmedia":[{"embeddable":true,"href":"https:\/\/impresiondigitalgranformato.es\/fr\/wp-json\/wp\/v2\/media\/16321"}],"wp:attachment":[{"href":"https:\/\/impresiondigitalgranformato.es\/fr\/wp-json\/wp\/v2\/media?parent=16315"}],"wp:term":[{"taxonomy":"product_brand","embeddable":true,"href":"https:\/\/impresiondigitalgranformato.es\/fr\/wp-json\/wp\/v2\/product_brand?post=16315"},{"taxonomy":"product_cat","embeddable":true,"href":"https:\/\/impresiondigitalgranformato.es\/fr\/wp-json\/wp\/v2\/product_cat?post=16315"},{"taxonomy":"product_tag","embeddable":true,"href":"https:\/\/impresiondigitalgranformato.es\/fr\/wp-json\/wp\/v2\/product_tag?post=16315"}],"curies":[{"name":"wp","href":"https:\/\/api.w.org\/{rel}","templated":true}]}}