{"id":16893,"date":"2024-08-14T12:22:34","date_gmt":"2024-08-14T10:22:34","guid":{"rendered":"https:\/\/impresiondigitalgranformato.es\/?post_type=product&#038;p=16893"},"modified":"2025-08-04T18:40:19","modified_gmt":"2025-08-04T16:40:19","slug":"vinilo-acido-para-cristales","status":"publish","type":"product","link":"https:\/\/impresiondigitalgranformato.es\/fr\/producto\/vinilo-acido-para-cristales\/","title":{"rendered":"Vinyle acide pour verre"},"content":{"rendered":"<p>Vinilo \u00e1cido para cristales.<\/p>\n<p>Vinilo polim\u00e9rico para rotular cristales con un efecto esmerilado o chorro de arena con una garant\u00eda de adhesividad de 5 a 7 a\u00f1os en exterior y de 15 a 20 a\u00f1os en interior.<\/p>\n<p>Con esta pegatina para cristales con efecto esmerilado podr\u00e1 rotular todos los cristales de su negocio o vivienda. Tanto ventanas, escaparates, puertas, separadores de oficinas, duchas &#8230;<\/p>\n<p>En www.impresiondigitalgranformato.es puede comprar el vinilo al \u00e1cido por rollos, por metros lineales con el ancho del rollo o con un tama\u00f1o personalizado para que solo lo tenga que pegar. Tambi\u00e9n ofrecemos este vinilo para rotulaci\u00f3n con efecto esmerilado <a href=\"https:\/\/impresiondigitalgranformato.es\/fr\/produit\/vinilo-para-cristales-personalizado\/\">personalizado con su logotipo<\/a> o cenefas y ademas con impresi\u00f3n digital a todo color. Aunque lo mas demandado es el vinilo de corte de colores con esta lamina adhesiva efecto \u00e1cido de fondo.<\/p>\n<p>&nbsp;<\/p>\n<h2 style=\"text-align: center;\">Beneficios del vinilo \u00e1cido para cristales.<\/h2>\n<p><strong>Privacidad:<\/strong> Este vinilo efecto esmerilado no permite ver lo que hay al otro lado. Puedes ver el bulto pero no distinguirlo.<\/p>\n<p><strong>Luminosidad:<\/strong> Permite pasar la luz y se mantendr\u00e1 la luminosidad que tenia antes de la instalaci\u00f3n del vinilo al \u00e1cido sin que se pueda ver lo que hay dentro.<\/p>\n<p><strong>Aislante:<\/strong> este tipo de pegatinas efecto esmerilado consiguen reducir entre un 60 y un 80% el calor generado por los rayos del sol al pasar por el cristal.<\/p>\n<h4 style=\"text-align: center;\">Como configurar el pedido del vinilo efecto esmerilado<\/h4>\n<p style=\"color: #818384;\"><span style=\"font-weight: bold; font-style: inherit; color: #3366ff;\">En cualquier momento de la compra o visualizaci\u00f3n del vinilo para rotulaci\u00f3n en la web puede ponerse en contacto con nosotros para consultarnos cualquier duda a trav\u00e9s de:<\/span><\/p>\n<p style=\"color: #818384;\"><span style=\"font-weight: bold; font-style: inherit;\">T\u00e9l\u00e9phone :<\/span>\u00a0+34 925 761 762 ou +34 605 265 602 (tous les jours)<\/p>\n<p style=\"color: #818384;\"><span style=\"font-weight: bold; font-style: inherit;\">Wasap :<\/span>\u00a0+34 605 265 602 (Roberto)<\/p>\n<p style=\"color: #818384;\"><span style=\"font-weight: bold; font-style: inherit;\">Mail:<\/span>\u00a0comercial@impresiondigitalgranformato.es<\/p>\n<p>&nbsp;<\/p>\n<p><strong>A continuaci\u00f3n le indicamos que es cada secci\u00f3n:<\/strong><\/p>\n<h4><span style=\"color: #ff9900;\">EL VINILO LO NECESITO<\/span><\/h4>\n<p>En est\u00e1 secci\u00f3n prodra elegir si el vinilo \u00e1cido lo quiere ya cortado a tama\u00f1o en TAMA\u00d1O PERSONALIZADO o lo prefiere del ANCHO DE LA BOBINA<\/p>\n<h4><span style=\"color: #ff9900;\">TAMA\u00d1O (si selecciona personalizado)<\/span><\/h4>\n<p>Aqu\u00ed tendr\u00e1 que indicar el ancho y el alto de la superficie del cristal que quiere tapar, entero o solo una parte. Ademas tendr\u00e1 que indicar que CANTIDAD DE PIEZAS CON ESTE TAMA\u00d1O.<\/p>\n<h4><span style=\"color: #ff9900;\">TAMA\u00d1O (si selecciona ancho del rollo)<\/span><\/h4>\n<p>Elija el ANCHO DE LA BOBINA que mas se le adapte. (tenemos 2 tama\u00f1os 122 cm y 152 cm). A continuaci\u00f3n CUANTOS METROS LINEALES NECESITA (el pedido ser\u00eda de metros lineales por el ancho elejido)<\/p>\n<h4><span style=\"color: #ff9900;\">PRODUCCI\u00d3N Y ENTREGA<\/span><\/h4>\n<p>Seleccione en cuanto tiempo lo quiere recibir (este plazo de entrega incluye la producci\u00f3n y el tiempo de entrega en sus instalaciones)<\/p>","protected":false},"excerpt":{"rendered":"<p style=\"text-align: center;\"><span style=\"color: #000000;\"><span style=\"color: #000080;\"><strong>Vinilo polim\u00e9rico<\/strong><\/span> efecto \u00e1cido o chorro de arena<\/span><\/p>\n<p style=\"text-align: center;\"><strong>Garant\u00eda de adhesividad en exterior de 5 a 7 a\u00f1os<\/strong><\/p>\n<p style=\"text-align: center;\"><strong>Garant\u00eda de adhesividad en interior de 15 a 20 a\u00f1os<\/strong><\/p>","protected":false},"featured_media":16887,"comment_status":"open","ping_status":"closed","template":"","meta":[],"product_brand":[],"product_cat":[113,112],"product_tag":[],"class_list":{"0":"post-16893","1":"product","2":"type-product","3":"status-publish","4":"has-post-thumbnail","6":"product_cat-laminas-solares-para-cristales","7":"product_cat-vinilo-para-rotular-cristales-al-acido","9":"first","10":"instock","11":"sold-individually","12":"taxable","13":"shipping-taxable","14":"purchasable","15":"product-type-simple"},"yoast_head":"<!-- This site is optimized with the Yoast SEO plugin v27.3 - https:\/\/yoast.com\/product\/yoast-seo-wordpress\/ -->\n<title>Vinilo \u00e1cido para cristales - Los + baratos Vinilo efecto chorro de arena<\/title>\n<meta name=\"description\" content=\"Vinilo \u00e1cido para cristales. Vinilo para rotular escaparates, puertas y separadores de cristal con un efecto esmerilado o chorro de arena. Env\u00edo gratis.\" \/>\n<meta name=\"robots\" content=\"index, follow, max-snippet:-1, max-image-preview:large, max-video-preview:-1\" \/>\n<link rel=\"canonical\" href=\"https:\/\/impresiondigitalgranformato.es\/fr\/produit\/vinilo-acido-para-cristales\/\" \/>\n<meta property=\"og:locale\" content=\"fr_FR\" \/>\n<meta property=\"og:type\" content=\"article\" \/>\n<meta property=\"og:title\" content=\"Vinilo \u00e1cido para cristales - Los + baratos Vinilo efecto chorro de arena\" \/>\n<meta property=\"og:description\" content=\"Vinilo \u00e1cido para cristales. Vinilo para rotular escaparates, puertas y separadores de cristal con un efecto esmerilado o chorro de arena. Env\u00edo gratis.\" \/>\n<meta property=\"og:url\" content=\"https:\/\/impresiondigitalgranformato.es\/fr\/produit\/vinilo-acido-para-cristales\/\" \/>\n<meta property=\"og:site_name\" content=\"Los + baratos\" \/>\n<meta property=\"article:modified_time\" content=\"2025-08-04T16:40:19+00:00\" \/>\n<meta property=\"og:image\" content=\"http:\/\/impresiondigitalgranformato.es\/wp-content\/uploads\/2024\/08\/vinilo-efecto-acido.jpg\" \/>\n\t<meta property=\"og:image:width\" content=\"986\" \/>\n\t<meta property=\"og:image:height\" content=\"986\" \/>\n\t<meta property=\"og:image:type\" content=\"image\/jpeg\" \/>\n<meta name=\"twitter:card\" content=\"summary_large_image\" \/>\n<meta name=\"twitter:label1\" content=\"Dur\u00e9e de lecture estim\u00e9e\" \/>\n\t<meta name=\"twitter:data1\" content=\"3 minutes\" \/>\n<script type=\"application\/ld+json\" class=\"yoast-schema-graph\">{\"@context\":\"https:\\\/\\\/schema.org\",\"@graph\":[{\"@type\":\"WebPage\",\"@id\":\"https:\\\/\\\/impresiondigitalgranformato.es\\\/producto\\\/vinilo-acido-para-cristales\\\/\",\"url\":\"https:\\\/\\\/impresiondigitalgranformato.es\\\/producto\\\/vinilo-acido-para-cristales\\\/\",\"name\":\"Vinilo \u00e1cido para cristales - Los + baratos Vinilo efecto chorro de arena\",\"isPartOf\":{\"@id\":\"https:\\\/\\\/impresiondigitalgranformato.es\\\/#website\"},\"primaryImageOfPage\":{\"@id\":\"https:\\\/\\\/impresiondigitalgranformato.es\\\/producto\\\/vinilo-acido-para-cristales\\\/#primaryimage\"},\"image\":{\"@id\":\"https:\\\/\\\/impresiondigitalgranformato.es\\\/producto\\\/vinilo-acido-para-cristales\\\/#primaryimage\"},\"thumbnailUrl\":\"https:\\\/\\\/i0.wp.com\\\/impresiondigitalgranformato.es\\\/wp-content\\\/uploads\\\/2024\\\/08\\\/vinilo-efecto-acido.jpg?fit=986%2C986&ssl=1\",\"datePublished\":\"2024-08-14T10:22:34+00:00\",\"dateModified\":\"2025-08-04T16:40:19+00:00\",\"description\":\"Vinilo \u00e1cido para cristales. Vinilo para rotular escaparates, puertas y separadores de cristal con un efecto esmerilado o chorro de arena. Env\u00edo gratis.\",\"breadcrumb\":{\"@id\":\"https:\\\/\\\/impresiondigitalgranformato.es\\\/producto\\\/vinilo-acido-para-cristales\\\/#breadcrumb\"},\"inLanguage\":\"fr-FR\",\"potentialAction\":[{\"@type\":\"ReadAction\",\"target\":[\"https:\\\/\\\/impresiondigitalgranformato.es\\\/producto\\\/vinilo-acido-para-cristales\\\/\"]}]},{\"@type\":\"ImageObject\",\"inLanguage\":\"fr-FR\",\"@id\":\"https:\\\/\\\/impresiondigitalgranformato.es\\\/producto\\\/vinilo-acido-para-cristales\\\/#primaryimage\",\"url\":\"https:\\\/\\\/i0.wp.com\\\/impresiondigitalgranformato.es\\\/wp-content\\\/uploads\\\/2024\\\/08\\\/vinilo-efecto-acido.jpg?fit=986%2C986&ssl=1\",\"contentUrl\":\"https:\\\/\\\/i0.wp.com\\\/impresiondigitalgranformato.es\\\/wp-content\\\/uploads\\\/2024\\\/08\\\/vinilo-efecto-acido.jpg?fit=986%2C986&ssl=1\",\"width\":986,\"height\":986,\"caption\":\"vinilo \u00e1cido para cristales\"},{\"@type\":\"BreadcrumbList\",\"@id\":\"https:\\\/\\\/impresiondigitalgranformato.es\\\/producto\\\/vinilo-acido-para-cristales\\\/#breadcrumb\",\"itemListElement\":[{\"@type\":\"ListItem\",\"position\":1,\"name\":\"Portada\",\"item\":\"https:\\\/\\\/impresiondigitalgranformato.es\\\/\"},{\"@type\":\"ListItem\",\"position\":2,\"name\":\"Productos\",\"item\":\"https:\\\/\\\/impresiondigitalgranformato.es\\\/venta-roll-up-banner\\\/\"},{\"@type\":\"ListItem\",\"position\":3,\"name\":\"Vinilo \u00e1cido para cristales\"}]},{\"@type\":\"WebSite\",\"@id\":\"https:\\\/\\\/impresiondigitalgranformato.es\\\/#website\",\"url\":\"https:\\\/\\\/impresiondigitalgranformato.es\\\/\",\"name\":\"Los + baratos\",\"description\":\"impresi\u00f3n digital gran formato venta de roll up, banner, banderas, lonas, carteles, displays, publicidad\",\"publisher\":{\"@id\":\"https:\\\/\\\/impresiondigitalgranformato.es\\\/#organization\"},\"potentialAction\":[{\"@type\":\"SearchAction\",\"target\":{\"@type\":\"EntryPoint\",\"urlTemplate\":\"https:\\\/\\\/impresiondigitalgranformato.es\\\/?s={search_term_string}\"},\"query-input\":{\"@type\":\"PropertyValueSpecification\",\"valueRequired\":true,\"valueName\":\"search_term_string\"}}],\"inLanguage\":\"fr-FR\"},{\"@type\":\"Organization\",\"@id\":\"https:\\\/\\\/impresiondigitalgranformato.es\\\/#organization\",\"name\":\"Los + baratos\",\"url\":\"https:\\\/\\\/impresiondigitalgranformato.es\\\/\",\"logo\":{\"@type\":\"ImageObject\",\"inLanguage\":\"fr-FR\",\"@id\":\"https:\\\/\\\/impresiondigitalgranformato.es\\\/#\\\/schema\\\/logo\\\/image\\\/\",\"url\":\"https:\\\/\\\/i0.wp.com\\\/impresiondigitalgranformato.es\\\/wp-content\\\/uploads\\\/2016\\\/12\\\/cropped-logotipo-2-e1483373659766.png?fit=500%2C101&ssl=1\",\"contentUrl\":\"https:\\\/\\\/i0.wp.com\\\/impresiondigitalgranformato.es\\\/wp-content\\\/uploads\\\/2016\\\/12\\\/cropped-logotipo-2-e1483373659766.png?fit=500%2C101&ssl=1\",\"width\":500,\"height\":101,\"caption\":\"Los + baratos\"},\"image\":{\"@id\":\"https:\\\/\\\/impresiondigitalgranformato.es\\\/#\\\/schema\\\/logo\\\/image\\\/\"}}]}<\/script>\n<!-- \/ Yoast SEO plugin. -->","yoast_head_json":{"title":"Vinilo \u00e1cido para cristales - Los + baratos Vinilo efecto chorro de arena","description":"Vinilo \u00e1cido para cristales. Vinilo para rotular escaparates, puertas y separadores de cristal con un efecto esmerilado o chorro de arena. Env\u00edo gratis.","robots":{"index":"index","follow":"follow","max-snippet":"max-snippet:-1","max-image-preview":"max-image-preview:large","max-video-preview":"max-video-preview:-1"},"canonical":"https:\/\/impresiondigitalgranformato.es\/fr\/produit\/vinilo-acido-para-cristales\/","og_locale":"fr_FR","og_type":"article","og_title":"Vinilo \u00e1cido para cristales - Los + baratos Vinilo efecto chorro de arena","og_description":"Vinilo \u00e1cido para cristales. Vinilo para rotular escaparates, puertas y separadores de cristal con un efecto esmerilado o chorro de arena. Env\u00edo gratis.","og_url":"https:\/\/impresiondigitalgranformato.es\/fr\/produit\/vinilo-acido-para-cristales\/","og_site_name":"Los + baratos","article_modified_time":"2025-08-04T16:40:19+00:00","og_image":[{"width":986,"height":986,"url":"http:\/\/impresiondigitalgranformato.es\/wp-content\/uploads\/2024\/08\/vinilo-efecto-acido.jpg","type":"image\/jpeg"}],"twitter_card":"summary_large_image","twitter_misc":{"Dur\u00e9e de lecture estim\u00e9e":"3 minutes"},"schema":{"@context":"https:\/\/schema.org","@graph":[{"@type":"WebPage","@id":"https:\/\/impresiondigitalgranformato.es\/producto\/vinilo-acido-para-cristales\/","url":"https:\/\/impresiondigitalgranformato.es\/producto\/vinilo-acido-para-cristales\/","name":"Vinilo \u00e1cido para cristales - Los + baratos Vinilo efecto chorro de arena","isPartOf":{"@id":"https:\/\/impresiondigitalgranformato.es\/#website"},"primaryImageOfPage":{"@id":"https:\/\/impresiondigitalgranformato.es\/producto\/vinilo-acido-para-cristales\/#primaryimage"},"image":{"@id":"https:\/\/impresiondigitalgranformato.es\/producto\/vinilo-acido-para-cristales\/#primaryimage"},"thumbnailUrl":"https:\/\/i0.wp.com\/impresiondigitalgranformato.es\/wp-content\/uploads\/2024\/08\/vinilo-efecto-acido.jpg?fit=986%2C986&ssl=1","datePublished":"2024-08-14T10:22:34+00:00","dateModified":"2025-08-04T16:40:19+00:00","description":"Vinilo \u00e1cido para cristales. Vinilo para rotular escaparates, puertas y separadores de cristal con un efecto esmerilado o chorro de arena. Env\u00edo gratis.","breadcrumb":{"@id":"https:\/\/impresiondigitalgranformato.es\/producto\/vinilo-acido-para-cristales\/#breadcrumb"},"inLanguage":"fr-FR","potentialAction":[{"@type":"ReadAction","target":["https:\/\/impresiondigitalgranformato.es\/producto\/vinilo-acido-para-cristales\/"]}]},{"@type":"ImageObject","inLanguage":"fr-FR","@id":"https:\/\/impresiondigitalgranformato.es\/producto\/vinilo-acido-para-cristales\/#primaryimage","url":"https:\/\/i0.wp.com\/impresiondigitalgranformato.es\/wp-content\/uploads\/2024\/08\/vinilo-efecto-acido.jpg?fit=986%2C986&ssl=1","contentUrl":"https:\/\/i0.wp.com\/impresiondigitalgranformato.es\/wp-content\/uploads\/2024\/08\/vinilo-efecto-acido.jpg?fit=986%2C986&ssl=1","width":986,"height":986,"caption":"vinilo \u00e1cido para cristales"},{"@type":"BreadcrumbList","@id":"https:\/\/impresiondigitalgranformato.es\/producto\/vinilo-acido-para-cristales\/#breadcrumb","itemListElement":[{"@type":"ListItem","position":1,"name":"Portada","item":"https:\/\/impresiondigitalgranformato.es\/"},{"@type":"ListItem","position":2,"name":"Productos","item":"https:\/\/impresiondigitalgranformato.es\/venta-roll-up-banner\/"},{"@type":"ListItem","position":3,"name":"Vinilo \u00e1cido para cristales"}]},{"@type":"WebSite","@id":"https:\/\/impresiondigitalgranformato.es\/#website","url":"https:\/\/impresiondigitalgranformato.es\/","name":"Les moins chers","description":"impression num\u00e9rique grand format vente de roll up, banni\u00e8res, drapeaux, banderoles, b\u00e2ches, affiches, pr\u00e9sentoirs, publicit\u00e9s","publisher":{"@id":"https:\/\/impresiondigitalgranformato.es\/#organization"},"potentialAction":[{"@type":"SearchAction","target":{"@type":"EntryPoint","urlTemplate":"https:\/\/impresiondigitalgranformato.es\/?s={search_term_string}"},"query-input":{"@type":"PropertyValueSpecification","valueRequired":true,"valueName":"search_term_string"}}],"inLanguage":"fr-FR"},{"@type":"Organization","@id":"https:\/\/impresiondigitalgranformato.es\/#organization","name":"Les moins chers","url":"https:\/\/impresiondigitalgranformato.es\/","logo":{"@type":"ImageObject","inLanguage":"fr-FR","@id":"https:\/\/impresiondigitalgranformato.es\/#\/schema\/logo\/image\/","url":"https:\/\/i0.wp.com\/impresiondigitalgranformato.es\/wp-content\/uploads\/2016\/12\/cropped-logotipo-2-e1483373659766.png?fit=500%2C101&ssl=1","contentUrl":"https:\/\/i0.wp.com\/impresiondigitalgranformato.es\/wp-content\/uploads\/2016\/12\/cropped-logotipo-2-e1483373659766.png?fit=500%2C101&ssl=1","width":500,"height":101,"caption":"Los + baratos"},"image":{"@id":"https:\/\/impresiondigitalgranformato.es\/#\/schema\/logo\/image\/"}}]}},"jetpack_sharing_enabled":true,"_links":{"self":[{"href":"https:\/\/impresiondigitalgranformato.es\/fr\/wp-json\/wp\/v2\/product\/16893","targetHints":{"allow":["GET"]}}],"collection":[{"href":"https:\/\/impresiondigitalgranformato.es\/fr\/wp-json\/wp\/v2\/product"}],"about":[{"href":"https:\/\/impresiondigitalgranformato.es\/fr\/wp-json\/wp\/v2\/types\/product"}],"replies":[{"embeddable":true,"href":"https:\/\/impresiondigitalgranformato.es\/fr\/wp-json\/wp\/v2\/comments?post=16893"}],"wp:featuredmedia":[{"embeddable":true,"href":"https:\/\/impresiondigitalgranformato.es\/fr\/wp-json\/wp\/v2\/media\/16887"}],"wp:attachment":[{"href":"https:\/\/impresiondigitalgranformato.es\/fr\/wp-json\/wp\/v2\/media?parent=16893"}],"wp:term":[{"taxonomy":"product_brand","embeddable":true,"href":"https:\/\/impresiondigitalgranformato.es\/fr\/wp-json\/wp\/v2\/product_brand?post=16893"},{"taxonomy":"product_cat","embeddable":true,"href":"https:\/\/impresiondigitalgranformato.es\/fr\/wp-json\/wp\/v2\/product_cat?post=16893"},{"taxonomy":"product_tag","embeddable":true,"href":"https:\/\/impresiondigitalgranformato.es\/fr\/wp-json\/wp\/v2\/product_tag?post=16893"}],"curies":[{"name":"wp","href":"https:\/\/api.w.org\/{rel}","templated":true}]}}