{"id":17909,"date":"2025-08-01T13:07:17","date_gmt":"2025-08-01T11:07:17","guid":{"rendered":"https:\/\/impresiondigitalgranformato.es\/?post_type=product&#038;p=17909"},"modified":"2025-08-04T18:02:10","modified_gmt":"2025-08-04T16:02:10","slug":"vinyle-transparent-et-resistant-a-la-decoloration-pour-fenetres","status":"publish","type":"product","link":"https:\/\/impresiondigitalgranformato.es\/fr\/producto\/vinilo-escaparates-transparente-antidecoloracion\/","title":{"rendered":"vinyle transparent pour fen\u00eatre anti-d\u00e9coloration"},"content":{"rendered":"<p><strong>vinyle transparent pour fen\u00eatre anti-d\u00e9coloration<\/strong><\/p>\n<p>Le <strong>films anti-d\u00e9coloration<\/strong> pour les vitrines de magasins, les maisons et les bureaux ont la capacit\u00e9 d'absorber les rayons ultraviolets jusqu'\u00e0 40% et les rayons UVA jusqu'\u00e0 25%.<\/p>\n<p>En pla\u00e7ant ceci <strong>vinyle pour \u00e9viter la d\u00e9coloration<\/strong> Vous pourrez conserver en meilleur \u00e9tat les produits expos\u00e9s dans votre vitrine, les meubles de votre maison et le mat\u00e9riel de bureau.<\/p>\n<p>Il fonctionne \u00e9galement comme un isolant thermique en emp\u00eachant la surchauffe de l'int\u00e9rieur.<\/p>\n<p>O\u00f9 ils sont install\u00e9s <strong>vinyles anti-d\u00e9coloration,<\/strong> Cela donnera une plus grande duret\u00e9 au verre, l'emp\u00eachant de se briser s'il est frapp\u00e9 ou vandalis\u00e9.<\/p>\n<p>&nbsp;<\/p>\n<p style=\"text-align: center;\">Le placement de ces <strong>films anti-d\u00e9coloration<\/strong>\u00a0C'est assez simple :<\/p>\n<p>Nettoyez bien le verre, coupez le film anti-d\u00e9coloration \u00e0 la taille que vous souhaitez recouvrir, d\u00e9collez le dos du vinyle anti-d\u00e9coloration, vaporisez la surface adh\u00e9sive du film et le verre o\u00f9 vous allez le coller avec beaucoup d'eau, placez le film sur le verre \u00e0 la hauteur souhait\u00e9e, avec une spatule allez coller et retirez l'eau du centre vers la droite et du centre vers la gauche, une fois que tout est coll\u00e9 au film laissez-le s\u00e9cher pour une meilleure fixation et coupez l'exc\u00e9dent s'il y en a.<\/p>\n<p>Au cas o\u00f9 vous ne voudriez pas coller le <strong>films anti-d\u00e9coloration<\/strong>, demandez-nous un devis et nous nous ferons un plaisir d'aller les coller.<\/p>\n<h3 style=\"text-align: center;\"><span style=\"color: #3366ff;\">Avantages de l'achat de vinyle transparent pour fen\u00eatre, anti-d\u00e9coloration<\/span><\/h3>\n<p><strong>EFFICACIT\u00c9:<\/strong> Ils r\u00e9duisent la d\u00e9coloration des produits expos\u00e9s en vitrine. Dans les maisons et les bureaux, ils pr\u00e9viennent la d\u00e9coloration des meubles et des appareils \u00e9lectrom\u00e9nagers.<\/p>\n<p><strong>\u00c9CONOMIE:<\/strong> En r\u00e9duisant la d\u00e9coloration des produits et des meubles, vous \u00e9conomiserez sur les remplacements.<\/p>\n<p><strong>CONFORT THERMIQUE :<\/strong> Les films anti-d\u00e9coloration aident \u00e9galement \u00e0 emp\u00eacher la surchauffe de l'int\u00e9rieur.<\/p>\n<p><strong>S\u00c9CURIT\u00c9:<\/strong> Les vinyles transparents anti-d\u00e9coloration donneront une r\u00e9sistance suppl\u00e9mentaire au verre et l'emp\u00eacheront de se briser.<\/p>\n<p>&nbsp;<\/p>\n<p>Si ce n\u2019est pas le film solaire que vous recherchez, visitez notre galerie pour plus de mod\u00e8les. <a href=\"https:\/\/impresiondigitalgranformato.es\/fr\/categorie-produit\/laminas-solares-para-cristales\/\"><strong>CLIQUEZ ICI.<\/strong><\/a><\/p>\n<p>&nbsp;<\/p>\n<p><span style=\"color: #ff0000;\"><strong>Ce produit peut \u00eatre livr\u00e9 dans les 24 heures<\/strong><\/span><\/p>\n<p data-pbs-phone-margin-bottom=\"18px\"><strong>Diff\u00e9rents types d'envois :<\/strong><\/p>\n<p data-pbs-phone-margin-bottom=\"18px\"><strong>Production et livraison dans les 8 jours ouvrables<\/strong><\/p>\n<p data-pbs-phone-margin-bottom=\"18px\"><strong>Production et livraison dans les 4 jours ouvrables<\/strong><\/p>\n<p data-pbs-phone-margin-top=\"1px\"><strong>Production et livraison dans les 2 jours ouvrables<\/strong><\/p>\n<p data-pbs-phone-margin-top=\"1px\"><strong>Production et livraison dans un d\u00e9lai d'un jour ouvrable*.<\/strong>\u00a0(ce service n'est valable que pour les commandes confirm\u00e9es avant 11h30 le jour m\u00eame).<\/p>","protected":false},"excerpt":{"rendered":"<p><strong>Film de fen\u00eatre anti-d\u00e9coloration.<\/strong><\/p>\n<p>\u00c9vitez d\u2019endommager les produits expos\u00e9s dans la vitrine.<\/p>\n<p><span style=\"color: #3366ff;\"><strong>Peut \u00eatre livr\u00e9 sous 24 heures<\/strong><\/span><\/p>\n<p><a href=\"https:\/\/impresiondigitalgranformato.es\/fr\/categorie-produit\/laminas-solares-para-cristales\/\">Cliquez ici pour voir plus de mod\u00e8les<\/a><\/p>","protected":false},"featured_media":17929,"comment_status":"open","ping_status":"closed","template":"","meta":[],"product_brand":[],"product_cat":[113],"product_tag":[],"class_list":{"0":"post-17909","1":"product","2":"type-product","3":"status-publish","4":"has-post-thumbnail","6":"product_cat-laminas-solares-para-cristales","8":"first","9":"instock","10":"sold-individually","11":"taxable","12":"shipping-taxable","13":"purchasable","14":"product-type-simple"},"yoast_head":"<!-- This site is optimized with the Yoast SEO plugin v27.3 - https:\/\/yoast.com\/product\/yoast-seo-wordpress\/ -->\n<title>vinilo escaparates transparente antidecoloracion - Los + baratos - env\u00edo gratis<\/title>\n<meta name=\"description\" content=\"vinilo escaparates transparente antidecoloracion. Evite el deterioro de productos expuestos en el escaparate con esta lamina anti-decoloraci\u00f3n. Env\u00edo gratis\" \/>\n<meta name=\"robots\" content=\"index, follow, max-snippet:-1, max-image-preview:large, max-video-preview:-1\" \/>\n<link rel=\"canonical\" href=\"https:\/\/impresiondigitalgranformato.es\/fr\/produit\/vinyle-transparent-et-resistant-a-la-decoloration-pour-fenetres\/\" \/>\n<meta property=\"og:locale\" content=\"fr_FR\" \/>\n<meta property=\"og:type\" content=\"article\" \/>\n<meta property=\"og:title\" content=\"vinilo escaparates transparente antidecoloracion - Los + baratos - env\u00edo gratis\" \/>\n<meta property=\"og:description\" content=\"vinilo escaparates transparente antidecoloracion. Evite el deterioro de productos expuestos en el escaparate con esta lamina anti-decoloraci\u00f3n. Env\u00edo gratis\" \/>\n<meta property=\"og:url\" content=\"https:\/\/impresiondigitalgranformato.es\/fr\/produit\/vinyle-transparent-et-resistant-a-la-decoloration-pour-fenetres\/\" \/>\n<meta property=\"og:site_name\" content=\"Los + baratos\" \/>\n<meta property=\"article:modified_time\" content=\"2025-08-04T16:02:10+00:00\" \/>\n<meta property=\"og:image\" content=\"http:\/\/impresiondigitalgranformato.es\/wp-content\/uploads\/2025\/08\/vinilo-escaparates-transparente-antidecoloracion.jpg\" \/>\n\t<meta property=\"og:image:width\" content=\"472\" \/>\n\t<meta property=\"og:image:height\" content=\"472\" \/>\n\t<meta property=\"og:image:type\" content=\"image\/jpeg\" \/>\n<meta name=\"twitter:card\" content=\"summary_large_image\" \/>\n<meta name=\"twitter:label1\" content=\"Dur\u00e9e de lecture estim\u00e9e\" \/>\n\t<meta name=\"twitter:data1\" content=\"2 minutes\" \/>\n<script type=\"application\/ld+json\" class=\"yoast-schema-graph\">{\"@context\":\"https:\\\/\\\/schema.org\",\"@graph\":[{\"@type\":\"WebPage\",\"@id\":\"https:\\\/\\\/impresiondigitalgranformato.es\\\/producto\\\/vinilo-escaparates-transparente-antidecoloracion\\\/\",\"url\":\"https:\\\/\\\/impresiondigitalgranformato.es\\\/producto\\\/vinilo-escaparates-transparente-antidecoloracion\\\/\",\"name\":\"vinilo escaparates transparente antidecoloracion - Los + baratos - env\u00edo gratis\",\"isPartOf\":{\"@id\":\"https:\\\/\\\/impresiondigitalgranformato.es\\\/#website\"},\"primaryImageOfPage\":{\"@id\":\"https:\\\/\\\/impresiondigitalgranformato.es\\\/producto\\\/vinilo-escaparates-transparente-antidecoloracion\\\/#primaryimage\"},\"image\":{\"@id\":\"https:\\\/\\\/impresiondigitalgranformato.es\\\/producto\\\/vinilo-escaparates-transparente-antidecoloracion\\\/#primaryimage\"},\"thumbnailUrl\":\"https:\\\/\\\/i0.wp.com\\\/impresiondigitalgranformato.es\\\/wp-content\\\/uploads\\\/2025\\\/08\\\/vinilo-escaparates-transparente-antidecoloracion.jpg?fit=472%2C472&ssl=1\",\"datePublished\":\"2025-08-01T11:07:17+00:00\",\"dateModified\":\"2025-08-04T16:02:10+00:00\",\"description\":\"vinilo escaparates transparente antidecoloracion. Evite el deterioro de productos expuestos en el escaparate con esta lamina anti-decoloraci\u00f3n. Env\u00edo gratis\",\"breadcrumb\":{\"@id\":\"https:\\\/\\\/impresiondigitalgranformato.es\\\/producto\\\/vinilo-escaparates-transparente-antidecoloracion\\\/#breadcrumb\"},\"inLanguage\":\"fr-FR\",\"potentialAction\":[{\"@type\":\"ReadAction\",\"target\":[\"https:\\\/\\\/impresiondigitalgranformato.es\\\/producto\\\/vinilo-escaparates-transparente-antidecoloracion\\\/\"]}]},{\"@type\":\"ImageObject\",\"inLanguage\":\"fr-FR\",\"@id\":\"https:\\\/\\\/impresiondigitalgranformato.es\\\/producto\\\/vinilo-escaparates-transparente-antidecoloracion\\\/#primaryimage\",\"url\":\"https:\\\/\\\/i0.wp.com\\\/impresiondigitalgranformato.es\\\/wp-content\\\/uploads\\\/2025\\\/08\\\/vinilo-escaparates-transparente-antidecoloracion.jpg?fit=472%2C472&ssl=1\",\"contentUrl\":\"https:\\\/\\\/i0.wp.com\\\/impresiondigitalgranformato.es\\\/wp-content\\\/uploads\\\/2025\\\/08\\\/vinilo-escaparates-transparente-antidecoloracion.jpg?fit=472%2C472&ssl=1\",\"width\":472,\"height\":472,\"caption\":\"vinilo escaparates transparente anti-decoloracion\"},{\"@type\":\"BreadcrumbList\",\"@id\":\"https:\\\/\\\/impresiondigitalgranformato.es\\\/producto\\\/vinilo-escaparates-transparente-antidecoloracion\\\/#breadcrumb\",\"itemListElement\":[{\"@type\":\"ListItem\",\"position\":1,\"name\":\"Portada\",\"item\":\"https:\\\/\\\/impresiondigitalgranformato.es\\\/\"},{\"@type\":\"ListItem\",\"position\":2,\"name\":\"Productos\",\"item\":\"https:\\\/\\\/impresiondigitalgranformato.es\\\/venta-roll-up-banner\\\/\"},{\"@type\":\"ListItem\",\"position\":3,\"name\":\"vinilo escaparates transparente antidecoloracion\"}]},{\"@type\":\"WebSite\",\"@id\":\"https:\\\/\\\/impresiondigitalgranformato.es\\\/#website\",\"url\":\"https:\\\/\\\/impresiondigitalgranformato.es\\\/\",\"name\":\"Los + baratos\",\"description\":\"impresi\u00f3n digital gran formato venta de roll up, banner, banderas, lonas, carteles, displays, publicidad\",\"publisher\":{\"@id\":\"https:\\\/\\\/impresiondigitalgranformato.es\\\/#organization\"},\"potentialAction\":[{\"@type\":\"SearchAction\",\"target\":{\"@type\":\"EntryPoint\",\"urlTemplate\":\"https:\\\/\\\/impresiondigitalgranformato.es\\\/?s={search_term_string}\"},\"query-input\":{\"@type\":\"PropertyValueSpecification\",\"valueRequired\":true,\"valueName\":\"search_term_string\"}}],\"inLanguage\":\"fr-FR\"},{\"@type\":\"Organization\",\"@id\":\"https:\\\/\\\/impresiondigitalgranformato.es\\\/#organization\",\"name\":\"Los + baratos\",\"url\":\"https:\\\/\\\/impresiondigitalgranformato.es\\\/\",\"logo\":{\"@type\":\"ImageObject\",\"inLanguage\":\"fr-FR\",\"@id\":\"https:\\\/\\\/impresiondigitalgranformato.es\\\/#\\\/schema\\\/logo\\\/image\\\/\",\"url\":\"https:\\\/\\\/i0.wp.com\\\/impresiondigitalgranformato.es\\\/wp-content\\\/uploads\\\/2016\\\/12\\\/cropped-logotipo-2-e1483373659766.png?fit=500%2C101&ssl=1\",\"contentUrl\":\"https:\\\/\\\/i0.wp.com\\\/impresiondigitalgranformato.es\\\/wp-content\\\/uploads\\\/2016\\\/12\\\/cropped-logotipo-2-e1483373659766.png?fit=500%2C101&ssl=1\",\"width\":500,\"height\":101,\"caption\":\"Los + baratos\"},\"image\":{\"@id\":\"https:\\\/\\\/impresiondigitalgranformato.es\\\/#\\\/schema\\\/logo\\\/image\\\/\"}}]}<\/script>\n<!-- \/ Yoast SEO plugin. -->","yoast_head_json":{"title":"Vinyle transparent et r\u00e9sistant \u00e0 la d\u00e9coloration pour fen\u00eatres - Le moins cher - Livraison gratuite","description":"Film transparent et r\u00e9sistant \u00e0 la d\u00e9coloration. Prot\u00e9gez vos produits expos\u00e9s gr\u00e2ce \u00e0 ce film r\u00e9sistant \u00e0 la d\u00e9coloration. Livraison gratuite.","robots":{"index":"index","follow":"follow","max-snippet":"max-snippet:-1","max-image-preview":"max-image-preview:large","max-video-preview":"max-video-preview:-1"},"canonical":"https:\/\/impresiondigitalgranformato.es\/fr\/produit\/vinyle-transparent-et-resistant-a-la-decoloration-pour-fenetres\/","og_locale":"fr_FR","og_type":"article","og_title":"vinilo escaparates transparente antidecoloracion - Los + baratos - env\u00edo gratis","og_description":"vinilo escaparates transparente antidecoloracion. Evite el deterioro de productos expuestos en el escaparate con esta lamina anti-decoloraci\u00f3n. Env\u00edo gratis","og_url":"https:\/\/impresiondigitalgranformato.es\/fr\/produit\/vinyle-transparent-et-resistant-a-la-decoloration-pour-fenetres\/","og_site_name":"Los + baratos","article_modified_time":"2025-08-04T16:02:10+00:00","og_image":[{"width":472,"height":472,"url":"http:\/\/impresiondigitalgranformato.es\/wp-content\/uploads\/2025\/08\/vinilo-escaparates-transparente-antidecoloracion.jpg","type":"image\/jpeg"}],"twitter_card":"summary_large_image","twitter_misc":{"Dur\u00e9e de lecture estim\u00e9e":"2 minutes"},"schema":{"@context":"https:\/\/schema.org","@graph":[{"@type":"WebPage","@id":"https:\/\/impresiondigitalgranformato.es\/producto\/vinilo-escaparates-transparente-antidecoloracion\/","url":"https:\/\/impresiondigitalgranformato.es\/producto\/vinilo-escaparates-transparente-antidecoloracion\/","name":"Vinyle transparent et r\u00e9sistant \u00e0 la d\u00e9coloration pour fen\u00eatres - Le moins cher - Livraison gratuite","isPartOf":{"@id":"https:\/\/impresiondigitalgranformato.es\/#website"},"primaryImageOfPage":{"@id":"https:\/\/impresiondigitalgranformato.es\/producto\/vinilo-escaparates-transparente-antidecoloracion\/#primaryimage"},"image":{"@id":"https:\/\/impresiondigitalgranformato.es\/producto\/vinilo-escaparates-transparente-antidecoloracion\/#primaryimage"},"thumbnailUrl":"https:\/\/i0.wp.com\/impresiondigitalgranformato.es\/wp-content\/uploads\/2025\/08\/vinilo-escaparates-transparente-antidecoloracion.jpg?fit=472%2C472&ssl=1","datePublished":"2025-08-01T11:07:17+00:00","dateModified":"2025-08-04T16:02:10+00:00","description":"Film transparent et r\u00e9sistant \u00e0 la d\u00e9coloration. Prot\u00e9gez vos produits expos\u00e9s gr\u00e2ce \u00e0 ce film r\u00e9sistant \u00e0 la d\u00e9coloration. Livraison gratuite.","breadcrumb":{"@id":"https:\/\/impresiondigitalgranformato.es\/producto\/vinilo-escaparates-transparente-antidecoloracion\/#breadcrumb"},"inLanguage":"fr-FR","potentialAction":[{"@type":"ReadAction","target":["https:\/\/impresiondigitalgranformato.es\/producto\/vinilo-escaparates-transparente-antidecoloracion\/"]}]},{"@type":"ImageObject","inLanguage":"fr-FR","@id":"https:\/\/impresiondigitalgranformato.es\/producto\/vinilo-escaparates-transparente-antidecoloracion\/#primaryimage","url":"https:\/\/i0.wp.com\/impresiondigitalgranformato.es\/wp-content\/uploads\/2025\/08\/vinilo-escaparates-transparente-antidecoloracion.jpg?fit=472%2C472&ssl=1","contentUrl":"https:\/\/i0.wp.com\/impresiondigitalgranformato.es\/wp-content\/uploads\/2025\/08\/vinilo-escaparates-transparente-antidecoloracion.jpg?fit=472%2C472&ssl=1","width":472,"height":472,"caption":"vinilo escaparates transparente anti-decoloracion"},{"@type":"BreadcrumbList","@id":"https:\/\/impresiondigitalgranformato.es\/producto\/vinilo-escaparates-transparente-antidecoloracion\/#breadcrumb","itemListElement":[{"@type":"ListItem","position":1,"name":"Portada","item":"https:\/\/impresiondigitalgranformato.es\/"},{"@type":"ListItem","position":2,"name":"Productos","item":"https:\/\/impresiondigitalgranformato.es\/venta-roll-up-banner\/"},{"@type":"ListItem","position":3,"name":"vinilo escaparates transparente antidecoloracion"}]},{"@type":"WebSite","@id":"https:\/\/impresiondigitalgranformato.es\/#website","url":"https:\/\/impresiondigitalgranformato.es\/","name":"Les moins chers","description":"impression num\u00e9rique grand format vente de roll up, banni\u00e8res, drapeaux, banderoles, b\u00e2ches, affiches, pr\u00e9sentoirs, publicit\u00e9s","publisher":{"@id":"https:\/\/impresiondigitalgranformato.es\/#organization"},"potentialAction":[{"@type":"SearchAction","target":{"@type":"EntryPoint","urlTemplate":"https:\/\/impresiondigitalgranformato.es\/?s={search_term_string}"},"query-input":{"@type":"PropertyValueSpecification","valueRequired":true,"valueName":"search_term_string"}}],"inLanguage":"fr-FR"},{"@type":"Organization","@id":"https:\/\/impresiondigitalgranformato.es\/#organization","name":"Les moins chers","url":"https:\/\/impresiondigitalgranformato.es\/","logo":{"@type":"ImageObject","inLanguage":"fr-FR","@id":"https:\/\/impresiondigitalgranformato.es\/#\/schema\/logo\/image\/","url":"https:\/\/i0.wp.com\/impresiondigitalgranformato.es\/wp-content\/uploads\/2016\/12\/cropped-logotipo-2-e1483373659766.png?fit=500%2C101&ssl=1","contentUrl":"https:\/\/i0.wp.com\/impresiondigitalgranformato.es\/wp-content\/uploads\/2016\/12\/cropped-logotipo-2-e1483373659766.png?fit=500%2C101&ssl=1","width":500,"height":101,"caption":"Los + baratos"},"image":{"@id":"https:\/\/impresiondigitalgranformato.es\/#\/schema\/logo\/image\/"}}]}},"jetpack_sharing_enabled":true,"_links":{"self":[{"href":"https:\/\/impresiondigitalgranformato.es\/fr\/wp-json\/wp\/v2\/product\/17909","targetHints":{"allow":["GET"]}}],"collection":[{"href":"https:\/\/impresiondigitalgranformato.es\/fr\/wp-json\/wp\/v2\/product"}],"about":[{"href":"https:\/\/impresiondigitalgranformato.es\/fr\/wp-json\/wp\/v2\/types\/product"}],"replies":[{"embeddable":true,"href":"https:\/\/impresiondigitalgranformato.es\/fr\/wp-json\/wp\/v2\/comments?post=17909"}],"wp:featuredmedia":[{"embeddable":true,"href":"https:\/\/impresiondigitalgranformato.es\/fr\/wp-json\/wp\/v2\/media\/17929"}],"wp:attachment":[{"href":"https:\/\/impresiondigitalgranformato.es\/fr\/wp-json\/wp\/v2\/media?parent=17909"}],"wp:term":[{"taxonomy":"product_brand","embeddable":true,"href":"https:\/\/impresiondigitalgranformato.es\/fr\/wp-json\/wp\/v2\/product_brand?post=17909"},{"taxonomy":"product_cat","embeddable":true,"href":"https:\/\/impresiondigitalgranformato.es\/fr\/wp-json\/wp\/v2\/product_cat?post=17909"},{"taxonomy":"product_tag","embeddable":true,"href":"https:\/\/impresiondigitalgranformato.es\/fr\/wp-json\/wp\/v2\/product_tag?post=17909"}],"curies":[{"name":"wp","href":"https:\/\/api.w.org\/{rel}","templated":true}]}}