{"id":17941,"date":"2025-09-02T18:21:08","date_gmt":"2025-09-02T16:21:08","guid":{"rendered":"https:\/\/impresiondigitalgranformato.es\/?post_type=product&#038;p=17941"},"modified":"2025-09-02T18:21:09","modified_gmt":"2025-09-02T16:21:09","slug":"affiche-economique-aluminium-dibond","status":"publish","type":"product","link":"https:\/\/impresiondigitalgranformato.es\/fr\/producto\/cartel-economico-aluminio-dibond\/","title":{"rendered":"Affiche \u00e9conomique en aluminium dibond"},"content":{"rendered":"<p><strong>Affiche \u00e9conomique en aluminium dibond<\/strong><\/p>\n<p>UN <strong>\u00c9tiquette Dibond<\/strong> Il s'agit d'une plaque de type sandwich avec 2 faces en aluminium et un noyau central en poly\u00e9thyl\u00e8ne.<\/p>\n<p>\u00c9tiquet\u00e9 sur 1 ou 2 faces en impression num\u00e9rique de haute qualit\u00e9 <strong>1440 dpi<\/strong><\/p>\n<p><strong>Affiche \u00e9conomique en aluminium dibond <\/strong>Il est parfait aussi bien comme panneau ext\u00e9rieur que pour la photographie et la signalisation \u00e0 l'int\u00e9rieur.<\/p>\n<p>Sur www.impresiondigitalgranformato.es, nous proposons plusieurs options pour la finition et la fixation des<strong> panneau aluminium dibond :<\/strong><\/p>\n<p><strong>Uniquement avec impression :<\/strong> Affiche Dibond avec impression sur 1 ou 2 faces.<\/p>\n<p><strong>Avec des perceuses :<\/strong> Affiche Dibond imprim\u00e9e recto ou recto-verso, avec trous pr\u00e9-perc\u00e9s pour fixation murale (un \u00e0 chaque angle, tous les 50 cm si n\u00e9cessaire). *Si vous souhaitez des trous de dimensions diff\u00e9rentes, veuillez le pr\u00e9ciser lors de votre commande.<\/p>\n<p><strong>Adh\u00e9sif:<\/strong> Affiche Dibond imprim\u00e9e en simple ou double face et dot\u00e9e d'un adh\u00e9sif double face haute adh\u00e9rence. \u00c0 coller sur des murs lisses et propres, en int\u00e9rieur comme en ext\u00e9rieur.<\/p>\n<p><strong>Garniture en plastique :<\/strong> Affiche Dibond imprim\u00e9e recto et pr\u00e9-perc\u00e9e pour fixation murale. Bordure en plastique peinte selon le lettrage Dibond. Vis et chevilles fournies.<\/p>\n<p><strong>Garniture chrom\u00e9e :<\/strong> Affiche Dibond imprim\u00e9e recto et pr\u00e9-perc\u00e9e pour fixation murale. Garniture en m\u00e9tal chrom\u00e9 argent\u00e9, vis et chevilles fournies.<\/p>\n<p><strong>S\u00e9parateur mural :<\/strong> Affiche sur Dibond imprim\u00e9e recto et pr\u00e9-perc\u00e9e pour fixation murale. Entretoises en aluminium argent\u00e9 de 3 cm de hauteur, vis et chevilles fournies.<\/p>\n<p><strong>Support de banni\u00e8re INT\u00c9RIEUR :<\/strong> Panneau Dibond avec impression simple ou double face. + \u00e9querres aluminium argent\u00e9es pour s\u00e9parer le panneau Dibond \u00e9conomique de 3 cm du mur ou du plafond + vis et chevilles.<\/p>\n<p><strong>Support de banni\u00e8re EXT\u00c9RIEUR :<\/strong> Panneau Dibond avec impression simple ou double face. + corni\u00e8res en aluminium viss\u00e9es sur le panneau Dibond et peintes \u00e0 la couleur du lettrage, pour fixation au mur ou au plafond + vis et chevilles.<\/p>\n<h3 style=\"text-align: center;\"><span style=\"color: #0000ff;\">Comment acheter une affiche en aluminium Dibond \u00e9conomique<\/span><\/h3>\n<p>Tout d'abord, veuillez noter que si vous avez des questions sur la mani\u00e8re de proc\u00e9der \u00e0 un achat, vous pouvez nous contacter sans engagement.\u00a0<a style=\"color: #029bdd;\" href=\"https:\/\/impresiondigitalgranformato.es\/fr\/contacto\/\">(comment contacter)<\/a><\/p>\n<p>En raison des circonstances de fabrication ou d'exp\u00e9dition, la taille des colis d'affiches que nous envoyons ne d\u00e9passera jamais 2 m2.<br \/>\nAinsi, les panneaux aluminium Dibond de plus de 2 m2 seront fabriqu\u00e9s et exp\u00e9di\u00e9s en pi\u00e8ces d\u00e9tach\u00e9es.<\/p>\n<p><img data-recalc-dims=\"1\" loading=\"lazy\" decoding=\"async\" class=\"size-medium wp-image-18005 aligncenter\" src=\"https:\/\/i0.wp.com\/impresiondigitalgranformato.es\/wp-content\/uploads\/2025\/08\/tamano-dibond.jpg?resize=600%2C600\" alt=\"format dibond bon march\u00e9\" width=\"600\" height=\"600\" srcset=\"https:\/\/i0.wp.com\/impresiondigitalgranformato.es\/wp-content\/uploads\/2025\/08\/tamano-dibond.jpg?resize=600%2C600&amp;ssl=1 600w, https:\/\/i0.wp.com\/impresiondigitalgranformato.es\/wp-content\/uploads\/2025\/08\/tamano-dibond.jpg?resize=1200%2C1200&amp;ssl=1 1200w, https:\/\/i0.wp.com\/impresiondigitalgranformato.es\/wp-content\/uploads\/2025\/08\/tamano-dibond.jpg?resize=300%2C300&amp;ssl=1 300w, https:\/\/i0.wp.com\/impresiondigitalgranformato.es\/wp-content\/uploads\/2025\/08\/tamano-dibond.jpg?resize=768%2C768&amp;ssl=1 768w, https:\/\/i0.wp.com\/impresiondigitalgranformato.es\/wp-content\/uploads\/2025\/08\/tamano-dibond.jpg?resize=12%2C12&amp;ssl=1 12w, https:\/\/i0.wp.com\/impresiondigitalgranformato.es\/wp-content\/uploads\/2025\/08\/tamano-dibond.jpg?resize=500%2C500&amp;ssl=1 500w, https:\/\/i0.wp.com\/impresiondigitalgranformato.es\/wp-content\/uploads\/2025\/08\/tamano-dibond.jpg?resize=100%2C100&amp;ssl=1 100w, https:\/\/i0.wp.com\/impresiondigitalgranformato.es\/wp-content\/uploads\/2025\/08\/tamano-dibond.jpg?w=1260&amp;ssl=1 1260w\" sizes=\"auto, (max-width: 600px) 100vw, 600px\" \/><\/p>\n<p>&nbsp;<\/p>\n<p><span style=\"color: #000080;\"><strong style=\"font-weight: bold; font-style: inherit;\">Comment acheter des panneaux Dibond qui d\u00e9passent la taille :<\/strong><\/span><\/p>\n<p>Pour les pi\u00e8ces plus grandes que l'une des dimensions indiqu\u00e9es ci-dessus, nous diviserons l'affiche en pi\u00e8ces \u00e9gales, ou si l'impression l'exige, nous adapterons la taille de chaque pi\u00e8ce afin que l'assemblage de celles-ci soit le moins visible possible.<\/p>\n<p>Vous avez \u00e9galement la possibilit\u00e9 de le faire vous-m\u00eame, de diviser l'affiche en tailles dans les dimensions et de proc\u00e9der \u00e0 l'achat individuel.<\/p>\n<p>Exemple:<\/p>\n<p>Affiche 300 x 100 cm<\/p>\n<ol>\n<li style=\"font-weight: inherit; font-style: inherit;\">divisera la pi\u00e8ce en deux unit\u00e9s. (La premi\u00e8re par exemple 180 x 100 cm et la seconde 120 x 100 cm)<\/li>\n<li style=\"font-weight: inherit; font-style: inherit;\">Nous indiquons les dimensions de la premi\u00e8re pi\u00e8ce\u00a0: 180\u00a0x\u00a0100\u00a0cm. Nous t\u00e9l\u00e9chargeons le fichier pour impression et l'ajoutons au panier.<\/li>\n<li style=\"font-weight: inherit; font-style: inherit;\">Nous indiquons les dimensions de la deuxi\u00e8me pi\u00e8ce\u00a0: 120\u00a0x\u00a0100\u00a0cm. Nous t\u00e9l\u00e9chargeons le fichier pour impression et l'ajoutons au panier.<\/li>\n<li style=\"font-weight: inherit; font-style: inherit;\">nous allons au panier et finalisons l'achat<\/li>\n<\/ol>\n<p>&nbsp;<\/p>\n<p><span style=\"color: #000080;\"><strong>Comment acheter des affiches Dibond de m\u00eame taille mais avec des motifs et des quantit\u00e9s diff\u00e9rents :<\/strong><\/span><\/p>\n<p>Pour les commandes de feuilles de m\u00eame taille mais avec des motifs et des quantit\u00e9s diff\u00e9rents, veuillez acheter individuellement par motif.<\/p>\n<p>Exemple:<\/p>\n<p>15 affiches de format 100 x 50 cm, dont 10 identiques, 3 identiques et 2 identiques.<\/p>\n<ol>\n<li>Nous indiquons la quantit\u00e9 (10 unit\u00e9s)<\/li>\n<li>Nous indiquons si l'impression est recto ou recto-verso.<\/li>\n<li>Nous indiquons la largeur et la hauteur (100 x 50 cm)<\/li>\n<li>Nous indiquons la fixation et la terminaison<\/li>\n<li>Nous indiquons que nous envoyons le design<\/li>\n<li>Nous choisissons le d\u00e9lai de production et de livraison<\/li>\n<li>Pinchamos en SELECCIONE ARCHIVO y elegimos el dise\u00f1o de las 10 unid<\/li>\n<li>A\u00f1adimos al carrito<\/li>\n<\/ol>\n<p><strong>Despu\u00e9s repetimos la misma operaci\u00f3n para subir el dise\u00f1o de las 3 unid. Y volvemos a repetir la operaci\u00f3n con las 2 unid.<\/strong><\/p>\n<p>&nbsp;<\/p>\n<p><span style=\"color: #000080;\"><strong>Como comprar carteles que necesitan dise\u00f1o:<\/strong><\/span><\/p>\n<p>Para pedidos de carteles de aluminio dibond que necesiten dise\u00f1o:<\/p>\n<p>Realice la compra de la siguiente manera.:<\/p>\n<ol>\n<li>Indicamos la cantidad<\/li>\n<li>Nous indiquons si l'impression est recto ou recto-verso.<\/li>\n<li>Indicamos el ancho y el alto<\/li>\n<li>Nous indiquons la fixation et la terminaison<\/li>\n<li><strong>Indicamos que NECESITAMOS QUE NOS LO DISE\u00d1EN<\/strong><\/li>\n<li>Nous choisissons le d\u00e9lai de production et de livraison<\/li>\n<li>A\u00f1adimos al carrito<\/li>\n<li>Finalizamos la compra<\/li>\n<\/ol>\n<p>Despu\u00e9s env\u00edenos los artes finales de impresi\u00f3n al mail: comercial@impresiondigitalgranformato.es junto con el NUMERO DE PEDIDO que obtendr\u00e1 al finalizar la compra.<\/p>\n<p><strong>Nuestro equipo dise\u00f1ar\u00e1 el cartel y se lo enviara para su aprobaci\u00f3n antes de realizar la impresi\u00f3n del rotulo de dibond<\/strong><\/p>","protected":false},"excerpt":{"rendered":"<p style=\"text-align: center;\">Affiche \u00e9conomique en aluminium dibond<\/p>\n<p style=\"text-align: center;\"><strong>Pour une utilisation EXT\u00c9RIEURE et INT\u00c9RIEURE<\/strong><\/p>\n<p style=\"text-align: center;\">Fabriqu\u00e9 en impression num\u00e9rique\u00a0<strong>1440 dpi<\/strong><\/p>\n<p style=\"text-align: center;\"><span style=\"color: #ff9900;\"><strong>-<\/strong><\/span><\/p>\n<p style=\"text-align: center;\"><a href=\"https:\/\/impresiondigitalgranformato.es\/fr\/categorie-produit\/carteleria-economica\/\">Ici vous pouvez voir plus de mod\u00e8les d'affiches et de panneaux<\/a><\/p>","protected":false},"featured_media":17938,"comment_status":"open","ping_status":"closed","template":"","meta":[],"product_brand":[],"product_cat":[77],"product_tag":[],"class_list":{"0":"post-17941","1":"product","2":"type-product","3":"status-publish","4":"has-post-thumbnail","6":"product_cat-carteleria-economica","8":"first","9":"instock","10":"sold-individually","11":"taxable","12":"shipping-taxable","13":"purchasable","14":"product-type-simple"},"yoast_head":"<!-- This site is optimized with the Yoast SEO plugin v27.3 - https:\/\/yoast.com\/product\/yoast-seo-wordpress\/ -->\n<title>Cartel econ\u00f3mico aluminio dibond - Los + baratos - env\u00edo gratis<\/title>\n<meta name=\"description\" content=\"Cartel econ\u00f3mico aluminio dibond con impresi\u00f3n de alta calidad a 1 o 2 caras. la estrella de los r\u00f3tulos por su versatilidad y bajos coste. Env\u00edo gratis.\" \/>\n<meta name=\"robots\" content=\"index, follow, max-snippet:-1, max-image-preview:large, max-video-preview:-1\" \/>\n<link rel=\"canonical\" href=\"https:\/\/impresiondigitalgranformato.es\/fr\/produit\/affiche-economique-aluminium-dibond\/\" \/>\n<meta property=\"og:locale\" content=\"fr_FR\" \/>\n<meta property=\"og:type\" content=\"article\" \/>\n<meta property=\"og:title\" content=\"Cartel econ\u00f3mico aluminio dibond - Los + baratos - env\u00edo gratis\" \/>\n<meta property=\"og:description\" content=\"Cartel econ\u00f3mico aluminio dibond con impresi\u00f3n de alta calidad a 1 o 2 caras. la estrella de los r\u00f3tulos por su versatilidad y bajos coste. Env\u00edo gratis.\" \/>\n<meta property=\"og:url\" content=\"https:\/\/impresiondigitalgranformato.es\/fr\/produit\/affiche-economique-aluminium-dibond\/\" \/>\n<meta property=\"og:site_name\" content=\"Los + baratos\" \/>\n<meta property=\"article:modified_time\" content=\"2025-09-02T16:21:09+00:00\" \/>\n<meta property=\"og:image\" content=\"http:\/\/impresiondigitalgranformato.es\/wp-content\/uploads\/2025\/08\/cartel-economico-aluminio-dibond.jpg\" \/>\n\t<meta property=\"og:image:width\" content=\"1260\" \/>\n\t<meta property=\"og:image:height\" content=\"1260\" \/>\n\t<meta property=\"og:image:type\" content=\"image\/jpeg\" \/>\n<meta name=\"twitter:card\" content=\"summary_large_image\" \/>\n<meta name=\"twitter:label1\" content=\"Dur\u00e9e de lecture estim\u00e9e\" \/>\n\t<meta name=\"twitter:data1\" content=\"5 minutes\" \/>\n<script type=\"application\/ld+json\" class=\"yoast-schema-graph\">{\"@context\":\"https:\\\/\\\/schema.org\",\"@graph\":[{\"@type\":\"WebPage\",\"@id\":\"https:\\\/\\\/impresiondigitalgranformato.es\\\/producto\\\/cartel-economico-aluminio-dibond\\\/\",\"url\":\"https:\\\/\\\/impresiondigitalgranformato.es\\\/producto\\\/cartel-economico-aluminio-dibond\\\/\",\"name\":\"Cartel econ\u00f3mico aluminio dibond - Los + baratos - env\u00edo gratis\",\"isPartOf\":{\"@id\":\"https:\\\/\\\/impresiondigitalgranformato.es\\\/#website\"},\"primaryImageOfPage\":{\"@id\":\"https:\\\/\\\/impresiondigitalgranformato.es\\\/producto\\\/cartel-economico-aluminio-dibond\\\/#primaryimage\"},\"image\":{\"@id\":\"https:\\\/\\\/impresiondigitalgranformato.es\\\/producto\\\/cartel-economico-aluminio-dibond\\\/#primaryimage\"},\"thumbnailUrl\":\"https:\\\/\\\/i0.wp.com\\\/impresiondigitalgranformato.es\\\/wp-content\\\/uploads\\\/2025\\\/08\\\/cartel-economico-aluminio-dibond.jpg?fit=1260%2C1260&ssl=1\",\"datePublished\":\"2025-09-02T16:21:08+00:00\",\"dateModified\":\"2025-09-02T16:21:09+00:00\",\"description\":\"Cartel econ\u00f3mico aluminio dibond con impresi\u00f3n de alta calidad a 1 o 2 caras. la estrella de los r\u00f3tulos por su versatilidad y bajos coste. Env\u00edo gratis.\",\"breadcrumb\":{\"@id\":\"https:\\\/\\\/impresiondigitalgranformato.es\\\/producto\\\/cartel-economico-aluminio-dibond\\\/#breadcrumb\"},\"inLanguage\":\"fr-FR\",\"potentialAction\":[{\"@type\":\"ReadAction\",\"target\":[\"https:\\\/\\\/impresiondigitalgranformato.es\\\/producto\\\/cartel-economico-aluminio-dibond\\\/\"]}]},{\"@type\":\"ImageObject\",\"inLanguage\":\"fr-FR\",\"@id\":\"https:\\\/\\\/impresiondigitalgranformato.es\\\/producto\\\/cartel-economico-aluminio-dibond\\\/#primaryimage\",\"url\":\"https:\\\/\\\/i0.wp.com\\\/impresiondigitalgranformato.es\\\/wp-content\\\/uploads\\\/2025\\\/08\\\/cartel-economico-aluminio-dibond.jpg?fit=1260%2C1260&ssl=1\",\"contentUrl\":\"https:\\\/\\\/i0.wp.com\\\/impresiondigitalgranformato.es\\\/wp-content\\\/uploads\\\/2025\\\/08\\\/cartel-economico-aluminio-dibond.jpg?fit=1260%2C1260&ssl=1\",\"width\":1260,\"height\":1260,\"caption\":\"Cartel econ\u00f3mico aluminio dibond\"},{\"@type\":\"BreadcrumbList\",\"@id\":\"https:\\\/\\\/impresiondigitalgranformato.es\\\/producto\\\/cartel-economico-aluminio-dibond\\\/#breadcrumb\",\"itemListElement\":[{\"@type\":\"ListItem\",\"position\":1,\"name\":\"Portada\",\"item\":\"https:\\\/\\\/impresiondigitalgranformato.es\\\/\"},{\"@type\":\"ListItem\",\"position\":2,\"name\":\"Productos\",\"item\":\"https:\\\/\\\/impresiondigitalgranformato.es\\\/venta-roll-up-banner\\\/\"},{\"@type\":\"ListItem\",\"position\":3,\"name\":\"Cartel econ\u00f3mico aluminio dibond\"}]},{\"@type\":\"WebSite\",\"@id\":\"https:\\\/\\\/impresiondigitalgranformato.es\\\/#website\",\"url\":\"https:\\\/\\\/impresiondigitalgranformato.es\\\/\",\"name\":\"Los + baratos\",\"description\":\"impresi\u00f3n digital gran formato venta de roll up, banner, banderas, lonas, carteles, displays, publicidad\",\"publisher\":{\"@id\":\"https:\\\/\\\/impresiondigitalgranformato.es\\\/#organization\"},\"potentialAction\":[{\"@type\":\"SearchAction\",\"target\":{\"@type\":\"EntryPoint\",\"urlTemplate\":\"https:\\\/\\\/impresiondigitalgranformato.es\\\/?s={search_term_string}\"},\"query-input\":{\"@type\":\"PropertyValueSpecification\",\"valueRequired\":true,\"valueName\":\"search_term_string\"}}],\"inLanguage\":\"fr-FR\"},{\"@type\":\"Organization\",\"@id\":\"https:\\\/\\\/impresiondigitalgranformato.es\\\/#organization\",\"name\":\"Los + baratos\",\"url\":\"https:\\\/\\\/impresiondigitalgranformato.es\\\/\",\"logo\":{\"@type\":\"ImageObject\",\"inLanguage\":\"fr-FR\",\"@id\":\"https:\\\/\\\/impresiondigitalgranformato.es\\\/#\\\/schema\\\/logo\\\/image\\\/\",\"url\":\"https:\\\/\\\/i0.wp.com\\\/impresiondigitalgranformato.es\\\/wp-content\\\/uploads\\\/2016\\\/12\\\/cropped-logotipo-2-e1483373659766.png?fit=500%2C101&ssl=1\",\"contentUrl\":\"https:\\\/\\\/i0.wp.com\\\/impresiondigitalgranformato.es\\\/wp-content\\\/uploads\\\/2016\\\/12\\\/cropped-logotipo-2-e1483373659766.png?fit=500%2C101&ssl=1\",\"width\":500,\"height\":101,\"caption\":\"Los + baratos\"},\"image\":{\"@id\":\"https:\\\/\\\/impresiondigitalgranformato.es\\\/#\\\/schema\\\/logo\\\/image\\\/\"}}]}<\/script>\n<!-- \/ Yoast SEO plugin. -->","yoast_head_json":{"title":"Affiche aluminium Dibond \u00e9conomique - La moins ch\u00e8re - Livraison gratuite","description":"Panneau en aluminium Dibond \u00e9conomique avec impression haute qualit\u00e9 recto ou recto-verso. Polyvalent et \u00e9conomique, il se distingue par sa grande qualit\u00e9. Livraison gratuite.","robots":{"index":"index","follow":"follow","max-snippet":"max-snippet:-1","max-image-preview":"max-image-preview:large","max-video-preview":"max-video-preview:-1"},"canonical":"https:\/\/impresiondigitalgranformato.es\/fr\/produit\/affiche-economique-aluminium-dibond\/","og_locale":"fr_FR","og_type":"article","og_title":"Cartel econ\u00f3mico aluminio dibond - Los + baratos - env\u00edo gratis","og_description":"Cartel econ\u00f3mico aluminio dibond con impresi\u00f3n de alta calidad a 1 o 2 caras. la estrella de los r\u00f3tulos por su versatilidad y bajos coste. Env\u00edo gratis.","og_url":"https:\/\/impresiondigitalgranformato.es\/fr\/produit\/affiche-economique-aluminium-dibond\/","og_site_name":"Los + baratos","article_modified_time":"2025-09-02T16:21:09+00:00","og_image":[{"width":1260,"height":1260,"url":"http:\/\/impresiondigitalgranformato.es\/wp-content\/uploads\/2025\/08\/cartel-economico-aluminio-dibond.jpg","type":"image\/jpeg"}],"twitter_card":"summary_large_image","twitter_misc":{"Dur\u00e9e de lecture estim\u00e9e":"5 minutes"},"schema":{"@context":"https:\/\/schema.org","@graph":[{"@type":"WebPage","@id":"https:\/\/impresiondigitalgranformato.es\/producto\/cartel-economico-aluminio-dibond\/","url":"https:\/\/impresiondigitalgranformato.es\/producto\/cartel-economico-aluminio-dibond\/","name":"Affiche aluminium Dibond \u00e9conomique - La moins ch\u00e8re - Livraison gratuite","isPartOf":{"@id":"https:\/\/impresiondigitalgranformato.es\/#website"},"primaryImageOfPage":{"@id":"https:\/\/impresiondigitalgranformato.es\/producto\/cartel-economico-aluminio-dibond\/#primaryimage"},"image":{"@id":"https:\/\/impresiondigitalgranformato.es\/producto\/cartel-economico-aluminio-dibond\/#primaryimage"},"thumbnailUrl":"https:\/\/i0.wp.com\/impresiondigitalgranformato.es\/wp-content\/uploads\/2025\/08\/cartel-economico-aluminio-dibond.jpg?fit=1260%2C1260&ssl=1","datePublished":"2025-09-02T16:21:08+00:00","dateModified":"2025-09-02T16:21:09+00:00","description":"Panneau en aluminium Dibond \u00e9conomique avec impression haute qualit\u00e9 recto ou recto-verso. Polyvalent et \u00e9conomique, il se distingue par sa grande qualit\u00e9. Livraison gratuite.","breadcrumb":{"@id":"https:\/\/impresiondigitalgranformato.es\/producto\/cartel-economico-aluminio-dibond\/#breadcrumb"},"inLanguage":"fr-FR","potentialAction":[{"@type":"ReadAction","target":["https:\/\/impresiondigitalgranformato.es\/producto\/cartel-economico-aluminio-dibond\/"]}]},{"@type":"ImageObject","inLanguage":"fr-FR","@id":"https:\/\/impresiondigitalgranformato.es\/producto\/cartel-economico-aluminio-dibond\/#primaryimage","url":"https:\/\/i0.wp.com\/impresiondigitalgranformato.es\/wp-content\/uploads\/2025\/08\/cartel-economico-aluminio-dibond.jpg?fit=1260%2C1260&ssl=1","contentUrl":"https:\/\/i0.wp.com\/impresiondigitalgranformato.es\/wp-content\/uploads\/2025\/08\/cartel-economico-aluminio-dibond.jpg?fit=1260%2C1260&ssl=1","width":1260,"height":1260,"caption":"Cartel econ\u00f3mico aluminio dibond"},{"@type":"BreadcrumbList","@id":"https:\/\/impresiondigitalgranformato.es\/producto\/cartel-economico-aluminio-dibond\/#breadcrumb","itemListElement":[{"@type":"ListItem","position":1,"name":"Portada","item":"https:\/\/impresiondigitalgranformato.es\/"},{"@type":"ListItem","position":2,"name":"Productos","item":"https:\/\/impresiondigitalgranformato.es\/venta-roll-up-banner\/"},{"@type":"ListItem","position":3,"name":"Cartel econ\u00f3mico aluminio dibond"}]},{"@type":"WebSite","@id":"https:\/\/impresiondigitalgranformato.es\/#website","url":"https:\/\/impresiondigitalgranformato.es\/","name":"Les moins chers","description":"impression num\u00e9rique grand format vente de roll up, banni\u00e8res, drapeaux, banderoles, b\u00e2ches, affiches, pr\u00e9sentoirs, publicit\u00e9s","publisher":{"@id":"https:\/\/impresiondigitalgranformato.es\/#organization"},"potentialAction":[{"@type":"SearchAction","target":{"@type":"EntryPoint","urlTemplate":"https:\/\/impresiondigitalgranformato.es\/?s={search_term_string}"},"query-input":{"@type":"PropertyValueSpecification","valueRequired":true,"valueName":"search_term_string"}}],"inLanguage":"fr-FR"},{"@type":"Organization","@id":"https:\/\/impresiondigitalgranformato.es\/#organization","name":"Les moins chers","url":"https:\/\/impresiondigitalgranformato.es\/","logo":{"@type":"ImageObject","inLanguage":"fr-FR","@id":"https:\/\/impresiondigitalgranformato.es\/#\/schema\/logo\/image\/","url":"https:\/\/i0.wp.com\/impresiondigitalgranformato.es\/wp-content\/uploads\/2016\/12\/cropped-logotipo-2-e1483373659766.png?fit=500%2C101&ssl=1","contentUrl":"https:\/\/i0.wp.com\/impresiondigitalgranformato.es\/wp-content\/uploads\/2016\/12\/cropped-logotipo-2-e1483373659766.png?fit=500%2C101&ssl=1","width":500,"height":101,"caption":"Los + baratos"},"image":{"@id":"https:\/\/impresiondigitalgranformato.es\/#\/schema\/logo\/image\/"}}]}},"jetpack_sharing_enabled":true,"_links":{"self":[{"href":"https:\/\/impresiondigitalgranformato.es\/fr\/wp-json\/wp\/v2\/product\/17941","targetHints":{"allow":["GET"]}}],"collection":[{"href":"https:\/\/impresiondigitalgranformato.es\/fr\/wp-json\/wp\/v2\/product"}],"about":[{"href":"https:\/\/impresiondigitalgranformato.es\/fr\/wp-json\/wp\/v2\/types\/product"}],"replies":[{"embeddable":true,"href":"https:\/\/impresiondigitalgranformato.es\/fr\/wp-json\/wp\/v2\/comments?post=17941"}],"wp:featuredmedia":[{"embeddable":true,"href":"https:\/\/impresiondigitalgranformato.es\/fr\/wp-json\/wp\/v2\/media\/17938"}],"wp:attachment":[{"href":"https:\/\/impresiondigitalgranformato.es\/fr\/wp-json\/wp\/v2\/media?parent=17941"}],"wp:term":[{"taxonomy":"product_brand","embeddable":true,"href":"https:\/\/impresiondigitalgranformato.es\/fr\/wp-json\/wp\/v2\/product_brand?post=17941"},{"taxonomy":"product_cat","embeddable":true,"href":"https:\/\/impresiondigitalgranformato.es\/fr\/wp-json\/wp\/v2\/product_cat?post=17941"},{"taxonomy":"product_tag","embeddable":true,"href":"https:\/\/impresiondigitalgranformato.es\/fr\/wp-json\/wp\/v2\/product_tag?post=17941"}],"curies":[{"name":"wp","href":"https:\/\/api.w.org\/{rel}","templated":true}]}}