{"id":3708,"date":"2018-04-11T18:43:42","date_gmt":"2018-04-11T16:43:42","guid":{"rendered":"http:\/\/impresiondigitalgranformato.es\/?post_type=product&#038;p=3708"},"modified":"2019-01-24T12:05:31","modified_gmt":"2019-01-24T11:05:31","slug":"cartel-de-comunion-de-nina-pelo-corto","status":"publish","type":"product","link":"https:\/\/impresiondigitalgranformato.es\/fr\/producto\/cartel-de-comunion-de-nina-pelo-corto\/","title":{"rendered":"cartel de comunion de ni\u00f1a pelo corto"},"content":{"rendered":"<p>Cartel o banner de comuni\u00f3n realizado en impresi\u00f3n digital de alta calidad sobre lona de pvc.<\/p>\n<p>Estructura de fibra de vidrio<\/p>\n<p>inclut un sac de transport.<\/p>","protected":false},"excerpt":{"rendered":"<h3><span style=\"color: #993366;\"><strong>Personalice la comuni\u00f3n de su hija con un cartel de bienvenida.<\/strong><\/span><\/h3>\n<p>La colocaci\u00f3n de este banner de comuni\u00f3n en la entrada del evento har\u00e1 saber a sus invitados que est\u00e1n entrando en el lugar donde se celebrar\u00e1 uno de los d\u00edas mas importante de su hija.<\/p>\n<p>&nbsp;<\/p>\n<p><strong>Elija el color de pelo<\/strong> (rubio, casta\u00f1o o moreno)<\/p>\n<p><strong>Elija el color de fondo<\/strong> (rosa, lila, fuxia o verde)<\/p>\n<p><strong>Elija el tama\u00f1o<\/strong> (60 x 160 cm \u00f3 80 x 200 cm)<\/p>\n<p><strong>Ind\u00edquenos el nombre de la ni\u00f1a y la fecha del evento para personalizar el cartel.<\/strong><\/p>","protected":false},"featured_media":3717,"comment_status":"open","ping_status":"closed","template":"","meta":[],"product_brand":[],"product_cat":[61,62],"product_tag":[],"class_list":{"0":"post-3708","1":"product","2":"type-product","3":"status-publish","4":"has-post-thumbnail","6":"product_cat-cartel-de-bienvenida-de-comunion","7":"product_cat-cartel-de-bienvenida-de-comunion-nina","9":"first","10":"instock","11":"taxable","12":"shipping-taxable","13":"purchasable","14":"product-type-variable"},"yoast_head":"<!-- This site is optimized with the Yoast SEO plugin v27.3 - https:\/\/yoast.com\/product\/yoast-seo-wordpress\/ -->\n<title>cartel de comunion de ni\u00f1a pelo corto - Los + baratos<\/title>\n<meta name=\"robots\" content=\"index, follow, max-snippet:-1, max-image-preview:large, max-video-preview:-1\" \/>\n<link rel=\"canonical\" href=\"https:\/\/impresiondigitalgranformato.es\/fr\/produit\/cartel-de-comunion-de-nina-pelo-corto\/\" \/>\n<meta property=\"og:locale\" content=\"fr_FR\" \/>\n<meta property=\"og:type\" content=\"article\" \/>\n<meta property=\"og:title\" content=\"cartel de comunion de ni\u00f1a pelo corto - Los + baratos\" \/>\n<meta property=\"og:description\" content=\"Personalice la comuni\u00f3n de su hija con un cartel de bienvenida. La colocaci\u00f3n de este banner de comuni\u00f3n en la entrada del evento har\u00e1 saber a sus invitados que est\u00e1n entrando en el lugar donde se celebrar\u00e1 uno de los d\u00edas mas importante de su hija.  &nbsp;  Elija el color de pelo (rubio, casta\u00f1o o moreno)  Elija el color de fondo (rosa, lila, fuxia o verde)  Elija el tama\u00f1o (60 x 160 cm \u00f3 80 x 200 cm)  Ind\u00edquenos el nombre de la ni\u00f1a y la fecha del evento para personalizar el cartel.\" \/>\n<meta property=\"og:url\" content=\"https:\/\/impresiondigitalgranformato.es\/fr\/produit\/cartel-de-comunion-de-nina-pelo-corto\/\" \/>\n<meta property=\"og:site_name\" content=\"Los + baratos\" \/>\n<meta property=\"article:modified_time\" content=\"2019-01-24T11:05:31+00:00\" \/>\n<meta property=\"og:image\" content=\"https:\/\/i0.wp.com\/impresiondigitalgranformato.es\/wp-content\/uploads\/2018\/04\/cartel-comunion-de-ni\u00f1a-rubia-color-fuxia.png?fit=1063%2C1063&ssl=1\" \/>\n\t<meta property=\"og:image:width\" content=\"1063\" \/>\n\t<meta property=\"og:image:height\" content=\"1063\" \/>\n\t<meta property=\"og:image:type\" content=\"image\/png\" \/>\n<meta name=\"twitter:card\" content=\"summary_large_image\" \/>\n<script type=\"application\/ld+json\" class=\"yoast-schema-graph\">{\"@context\":\"https:\\\/\\\/schema.org\",\"@graph\":[{\"@type\":\"WebPage\",\"@id\":\"https:\\\/\\\/impresiondigitalgranformato.es\\\/producto\\\/cartel-de-comunion-de-nina-pelo-corto\\\/\",\"url\":\"https:\\\/\\\/impresiondigitalgranformato.es\\\/producto\\\/cartel-de-comunion-de-nina-pelo-corto\\\/\",\"name\":\"cartel de comunion de ni\u00f1a pelo corto - Los + baratos\",\"isPartOf\":{\"@id\":\"https:\\\/\\\/impresiondigitalgranformato.es\\\/#website\"},\"primaryImageOfPage\":{\"@id\":\"https:\\\/\\\/impresiondigitalgranformato.es\\\/producto\\\/cartel-de-comunion-de-nina-pelo-corto\\\/#primaryimage\"},\"image\":{\"@id\":\"https:\\\/\\\/impresiondigitalgranformato.es\\\/producto\\\/cartel-de-comunion-de-nina-pelo-corto\\\/#primaryimage\"},\"thumbnailUrl\":\"https:\\\/\\\/i0.wp.com\\\/impresiondigitalgranformato.es\\\/wp-content\\\/uploads\\\/2018\\\/04\\\/cartel-comunion-de-ni%C3%B1a-rubia-color-fuxia.png?fit=1063%2C1063&ssl=1\",\"datePublished\":\"2018-04-11T16:43:42+00:00\",\"dateModified\":\"2019-01-24T11:05:31+00:00\",\"breadcrumb\":{\"@id\":\"https:\\\/\\\/impresiondigitalgranformato.es\\\/producto\\\/cartel-de-comunion-de-nina-pelo-corto\\\/#breadcrumb\"},\"inLanguage\":\"fr-FR\",\"potentialAction\":[{\"@type\":\"ReadAction\",\"target\":[\"https:\\\/\\\/impresiondigitalgranformato.es\\\/producto\\\/cartel-de-comunion-de-nina-pelo-corto\\\/\"]}]},{\"@type\":\"ImageObject\",\"inLanguage\":\"fr-FR\",\"@id\":\"https:\\\/\\\/impresiondigitalgranformato.es\\\/producto\\\/cartel-de-comunion-de-nina-pelo-corto\\\/#primaryimage\",\"url\":\"https:\\\/\\\/i0.wp.com\\\/impresiondigitalgranformato.es\\\/wp-content\\\/uploads\\\/2018\\\/04\\\/cartel-comunion-de-ni%C3%B1a-rubia-color-fuxia.png?fit=1063%2C1063&ssl=1\",\"contentUrl\":\"https:\\\/\\\/i0.wp.com\\\/impresiondigitalgranformato.es\\\/wp-content\\\/uploads\\\/2018\\\/04\\\/cartel-comunion-de-ni%C3%B1a-rubia-color-fuxia.png?fit=1063%2C1063&ssl=1\",\"width\":1063,\"height\":1063,\"caption\":\"banner de comunion de ni\u00f1a fuxia\"},{\"@type\":\"BreadcrumbList\",\"@id\":\"https:\\\/\\\/impresiondigitalgranformato.es\\\/producto\\\/cartel-de-comunion-de-nina-pelo-corto\\\/#breadcrumb\",\"itemListElement\":[{\"@type\":\"ListItem\",\"position\":1,\"name\":\"Portada\",\"item\":\"https:\\\/\\\/impresiondigitalgranformato.es\\\/\"},{\"@type\":\"ListItem\",\"position\":2,\"name\":\"Productos\",\"item\":\"https:\\\/\\\/impresiondigitalgranformato.es\\\/venta-roll-up-banner\\\/\"},{\"@type\":\"ListItem\",\"position\":3,\"name\":\"cartel de comunion de ni\u00f1a pelo corto\"}]},{\"@type\":\"WebSite\",\"@id\":\"https:\\\/\\\/impresiondigitalgranformato.es\\\/#website\",\"url\":\"https:\\\/\\\/impresiondigitalgranformato.es\\\/\",\"name\":\"Los + baratos\",\"description\":\"impresi\u00f3n digital gran formato venta de roll up, banner, banderas, lonas, carteles, displays, publicidad\",\"publisher\":{\"@id\":\"https:\\\/\\\/impresiondigitalgranformato.es\\\/#organization\"},\"potentialAction\":[{\"@type\":\"SearchAction\",\"target\":{\"@type\":\"EntryPoint\",\"urlTemplate\":\"https:\\\/\\\/impresiondigitalgranformato.es\\\/?s={search_term_string}\"},\"query-input\":{\"@type\":\"PropertyValueSpecification\",\"valueRequired\":true,\"valueName\":\"search_term_string\"}}],\"inLanguage\":\"fr-FR\"},{\"@type\":\"Organization\",\"@id\":\"https:\\\/\\\/impresiondigitalgranformato.es\\\/#organization\",\"name\":\"Los + baratos\",\"url\":\"https:\\\/\\\/impresiondigitalgranformato.es\\\/\",\"logo\":{\"@type\":\"ImageObject\",\"inLanguage\":\"fr-FR\",\"@id\":\"https:\\\/\\\/impresiondigitalgranformato.es\\\/#\\\/schema\\\/logo\\\/image\\\/\",\"url\":\"https:\\\/\\\/i0.wp.com\\\/impresiondigitalgranformato.es\\\/wp-content\\\/uploads\\\/2016\\\/12\\\/cropped-logotipo-2-e1483373659766.png?fit=500%2C101&ssl=1\",\"contentUrl\":\"https:\\\/\\\/i0.wp.com\\\/impresiondigitalgranformato.es\\\/wp-content\\\/uploads\\\/2016\\\/12\\\/cropped-logotipo-2-e1483373659766.png?fit=500%2C101&ssl=1\",\"width\":500,\"height\":101,\"caption\":\"Los + baratos\"},\"image\":{\"@id\":\"https:\\\/\\\/impresiondigitalgranformato.es\\\/#\\\/schema\\\/logo\\\/image\\\/\"}}]}<\/script>\n<!-- \/ Yoast SEO plugin. -->","yoast_head_json":{"title":"cartel de comunion de ni\u00f1a pelo corto - Los + baratos","robots":{"index":"index","follow":"follow","max-snippet":"max-snippet:-1","max-image-preview":"max-image-preview:large","max-video-preview":"max-video-preview:-1"},"canonical":"https:\/\/impresiondigitalgranformato.es\/fr\/produit\/cartel-de-comunion-de-nina-pelo-corto\/","og_locale":"fr_FR","og_type":"article","og_title":"cartel de comunion de ni\u00f1a pelo corto - Los + baratos","og_description":"Personalice la comuni\u00f3n de su hija con un cartel de bienvenida. La colocaci\u00f3n de este banner de comuni\u00f3n en la entrada del evento har\u00e1 saber a sus invitados que est\u00e1n entrando en el lugar donde se celebrar\u00e1 uno de los d\u00edas mas importante de su hija.  &nbsp;  Elija el color de pelo (rubio, casta\u00f1o o moreno)  Elija el color de fondo (rosa, lila, fuxia o verde)  Elija el tama\u00f1o (60 x 160 cm \u00f3 80 x 200 cm)  Ind\u00edquenos el nombre de la ni\u00f1a y la fecha del evento para personalizar el cartel.","og_url":"https:\/\/impresiondigitalgranformato.es\/fr\/produit\/cartel-de-comunion-de-nina-pelo-corto\/","og_site_name":"Los + baratos","article_modified_time":"2019-01-24T11:05:31+00:00","og_image":[{"width":1063,"height":1063,"url":"https:\/\/i0.wp.com\/impresiondigitalgranformato.es\/wp-content\/uploads\/2018\/04\/cartel-comunion-de-ni\u00f1a-rubia-color-fuxia.png?fit=1063%2C1063&ssl=1","type":"image\/png"}],"twitter_card":"summary_large_image","schema":{"@context":"https:\/\/schema.org","@graph":[{"@type":"WebPage","@id":"https:\/\/impresiondigitalgranformato.es\/producto\/cartel-de-comunion-de-nina-pelo-corto\/","url":"https:\/\/impresiondigitalgranformato.es\/producto\/cartel-de-comunion-de-nina-pelo-corto\/","name":"cartel de comunion de ni\u00f1a pelo corto - Los + baratos","isPartOf":{"@id":"https:\/\/impresiondigitalgranformato.es\/#website"},"primaryImageOfPage":{"@id":"https:\/\/impresiondigitalgranformato.es\/producto\/cartel-de-comunion-de-nina-pelo-corto\/#primaryimage"},"image":{"@id":"https:\/\/impresiondigitalgranformato.es\/producto\/cartel-de-comunion-de-nina-pelo-corto\/#primaryimage"},"thumbnailUrl":"https:\/\/i0.wp.com\/impresiondigitalgranformato.es\/wp-content\/uploads\/2018\/04\/cartel-comunion-de-ni%C3%B1a-rubia-color-fuxia.png?fit=1063%2C1063&ssl=1","datePublished":"2018-04-11T16:43:42+00:00","dateModified":"2019-01-24T11:05:31+00:00","breadcrumb":{"@id":"https:\/\/impresiondigitalgranformato.es\/producto\/cartel-de-comunion-de-nina-pelo-corto\/#breadcrumb"},"inLanguage":"fr-FR","potentialAction":[{"@type":"ReadAction","target":["https:\/\/impresiondigitalgranformato.es\/producto\/cartel-de-comunion-de-nina-pelo-corto\/"]}]},{"@type":"ImageObject","inLanguage":"fr-FR","@id":"https:\/\/impresiondigitalgranformato.es\/producto\/cartel-de-comunion-de-nina-pelo-corto\/#primaryimage","url":"https:\/\/i0.wp.com\/impresiondigitalgranformato.es\/wp-content\/uploads\/2018\/04\/cartel-comunion-de-ni%C3%B1a-rubia-color-fuxia.png?fit=1063%2C1063&ssl=1","contentUrl":"https:\/\/i0.wp.com\/impresiondigitalgranformato.es\/wp-content\/uploads\/2018\/04\/cartel-comunion-de-ni%C3%B1a-rubia-color-fuxia.png?fit=1063%2C1063&ssl=1","width":1063,"height":1063,"caption":"banner de comunion de ni\u00f1a fuxia"},{"@type":"BreadcrumbList","@id":"https:\/\/impresiondigitalgranformato.es\/producto\/cartel-de-comunion-de-nina-pelo-corto\/#breadcrumb","itemListElement":[{"@type":"ListItem","position":1,"name":"Portada","item":"https:\/\/impresiondigitalgranformato.es\/"},{"@type":"ListItem","position":2,"name":"Productos","item":"https:\/\/impresiondigitalgranformato.es\/venta-roll-up-banner\/"},{"@type":"ListItem","position":3,"name":"cartel de comunion de ni\u00f1a pelo corto"}]},{"@type":"WebSite","@id":"https:\/\/impresiondigitalgranformato.es\/#website","url":"https:\/\/impresiondigitalgranformato.es\/","name":"Les moins chers","description":"impression num\u00e9rique grand format vente de roll up, banni\u00e8res, drapeaux, banderoles, b\u00e2ches, affiches, pr\u00e9sentoirs, publicit\u00e9s","publisher":{"@id":"https:\/\/impresiondigitalgranformato.es\/#organization"},"potentialAction":[{"@type":"SearchAction","target":{"@type":"EntryPoint","urlTemplate":"https:\/\/impresiondigitalgranformato.es\/?s={search_term_string}"},"query-input":{"@type":"PropertyValueSpecification","valueRequired":true,"valueName":"search_term_string"}}],"inLanguage":"fr-FR"},{"@type":"Organization","@id":"https:\/\/impresiondigitalgranformato.es\/#organization","name":"Les moins chers","url":"https:\/\/impresiondigitalgranformato.es\/","logo":{"@type":"ImageObject","inLanguage":"fr-FR","@id":"https:\/\/impresiondigitalgranformato.es\/#\/schema\/logo\/image\/","url":"https:\/\/i0.wp.com\/impresiondigitalgranformato.es\/wp-content\/uploads\/2016\/12\/cropped-logotipo-2-e1483373659766.png?fit=500%2C101&ssl=1","contentUrl":"https:\/\/i0.wp.com\/impresiondigitalgranformato.es\/wp-content\/uploads\/2016\/12\/cropped-logotipo-2-e1483373659766.png?fit=500%2C101&ssl=1","width":500,"height":101,"caption":"Los + baratos"},"image":{"@id":"https:\/\/impresiondigitalgranformato.es\/#\/schema\/logo\/image\/"}}]}},"jetpack_sharing_enabled":true,"_links":{"self":[{"href":"https:\/\/impresiondigitalgranformato.es\/fr\/wp-json\/wp\/v2\/product\/3708","targetHints":{"allow":["GET"]}}],"collection":[{"href":"https:\/\/impresiondigitalgranformato.es\/fr\/wp-json\/wp\/v2\/product"}],"about":[{"href":"https:\/\/impresiondigitalgranformato.es\/fr\/wp-json\/wp\/v2\/types\/product"}],"replies":[{"embeddable":true,"href":"https:\/\/impresiondigitalgranformato.es\/fr\/wp-json\/wp\/v2\/comments?post=3708"}],"wp:featuredmedia":[{"embeddable":true,"href":"https:\/\/impresiondigitalgranformato.es\/fr\/wp-json\/wp\/v2\/media\/3717"}],"wp:attachment":[{"href":"https:\/\/impresiondigitalgranformato.es\/fr\/wp-json\/wp\/v2\/media?parent=3708"}],"wp:term":[{"taxonomy":"product_brand","embeddable":true,"href":"https:\/\/impresiondigitalgranformato.es\/fr\/wp-json\/wp\/v2\/product_brand?post=3708"},{"taxonomy":"product_cat","embeddable":true,"href":"https:\/\/impresiondigitalgranformato.es\/fr\/wp-json\/wp\/v2\/product_cat?post=3708"},{"taxonomy":"product_tag","embeddable":true,"href":"https:\/\/impresiondigitalgranformato.es\/fr\/wp-json\/wp\/v2\/product_tag?post=3708"}],"curies":[{"name":"wp","href":"https:\/\/api.w.org\/{rel}","templated":true}]}}