{"id":3831,"date":"2018-08-03T12:32:44","date_gmt":"2018-08-03T10:32:44","guid":{"rendered":"http:\/\/impresiondigitalgranformato.es\/?post_type=product&#038;p=3831"},"modified":"2025-07-04T18:17:51","modified_gmt":"2025-07-04T16:17:51","slug":"roll-up-100-x-200-cm","status":"publish","type":"product","link":"https:\/\/impresiondigitalgranformato.es\/fr\/producto\/roll-up-100-x-200-cm\/","title":{"rendered":"enroulable 100 x 200 cm"},"content":{"rendered":"<p>Roll up 100 x 200 cm avec structure en aluminium tr\u00e8s stable.<\/p>\n<p>Graphiques imprim\u00e9s num\u00e9riquement sur une toile en pvc coul\u00e9 de 450 gr.<\/p>\n<p>Comprend un \u00e9tui de transport en nylon.<\/p>\n<p>La structure du roll-up 100 x 200 cm est en aluminium, avec un support de m\u00e2t renforc\u00e9 pour am\u00e9liorer la stabilit\u00e9 et la durabilit\u00e9.<\/p>\n<p>Comprend un \u00e9tui en nylon noir pour rendre le transport du rolap plus confortable.<\/p>\n<p>Le graphisme de la banni\u00e8re enroulable de 100 cm de large sur 200 cm de haut est r\u00e9alis\u00e9 sur une toile en PVC coul\u00e9 satin\u00e9 de 450 g\/m\u00b2 \u00e0 l'aide d'une impression num\u00e9rique couleur de haute qualit\u00e9.<\/p>\n<p>Ce roll-up est de qualit\u00e9 standard. Dot\u00e9 d'une structure robuste, d'une grande stabilit\u00e9 gr\u00e2ce \u00e0 ses renforts et de son \u00e9tui, il sera facile \u00e0 transporter. Si la taille propos\u00e9e ici ne correspond pas \u00e0 votre recherche, vous pouvez consulter d'autres tailles de roll-up dans notre section. <a href=\"https:\/\/impresiondigitalgranformato.es\/fr\/produit\/economie-standard-rollup\/\">ROLL UP STANDARD en cliquant ici<\/a>Dans cette section, vous pouvez trouver diff\u00e9rentes tailles avec la m\u00eame qualit\u00e9.<\/p>\n<p>Nous proposons \u00e9galement ce m\u00eame format dans un cadre de meilleure qualit\u00e9. Vous pouvez le d\u00e9couvrir sur <a href=\"https:\/\/impresiondigitalgranformato.es\/fr\/produit\/rollup-premium-economico\/\">ROLL UP PREMIUM<\/a> \u00e0 la fois la taille de 100 x 200 cm et d'autres tailles.<\/p>\n<p>Les banni\u00e8res d\u00e9roulantes sont tr\u00e8s faciles \u00e0 installer\u00a0; vous pouvez afficher votre publicit\u00e9 en un peu plus d'une minute. Et pour d\u00e9monter la banni\u00e8re d\u00e9roulante 100\u00a0x\u00a0200\u00a0cm encore plus rapidement, d\u00e9couvrez-la sur notre site web. <a href=\"https:\/\/youtu.be\/gq7KMUbozVo\" target=\"_blank\" rel=\"noopener\">video.<\/a><\/p>\n<p>&nbsp;<\/p>\n<p><span style=\"color: #ff0000;\">RABAIS DE QUANTIT\u00c9 ! !!<\/span><\/p>\n<p><strong>Ce produit peut \u00eatre livr\u00e9 dans les 24 heures<\/strong><\/p>\n<p data-pbs-phone-margin-top=\"1px\">","protected":false},"excerpt":{"rendered":"<p>La structure du roll up 100 x 200 cm est en aluminium avec <strong>amplificateur<\/strong> pour am\u00e9liorer la stabilit\u00e9.<\/p>\n<p>Comprend une housse en nylon pour une plus grande durabilit\u00e9 de l'enroulement pendant le transport.<\/p>\n<p>La banni\u00e8re graphique enroulable mesure 100 x 200 cm et est fabriqu\u00e9e en toile PVC coul\u00e9e satin\u00e9e de 450 g\/m\u00b2.<\/p>\n<p>Grav\u00e9 en impression num\u00e9rique couleur de haute qualit\u00e9.<\/p>\n<p><span style=\"color: #ff0000;\">RABAIS DE QUANTIT\u00c9 ! !!<\/span><\/p>\n<p><strong>-<\/strong><\/p>\n<p>Ce produit peut \u00eatre livr\u00e9 dans les 24 heures<strong>*<\/strong><\/p>\n<p><a href=\"https:\/\/impresiondigitalgranformato.es\/fr\/roll-up\/\"><img loading=\"lazy\" decoding=\"async\" class=\"size-full wp-image-12936 aligncenter\" src=\"https:\/\/impresiondigitalgranformato.es\/wp-content\/uploads\/2019\/09\/impresion-digital-mas-modelos.png\" alt=\"impression num\u00e9rique plus de mod\u00e8les\" width=\"468\" height=\"61\" srcset=\"https:\/\/i0.wp.com\/impresiondigitalgranformato.es\/wp-content\/uploads\/2019\/09\/impresion-digital-mas-modelos.png?w=468&amp;ssl=1 468w, https:\/\/i0.wp.com\/impresiondigitalgranformato.es\/wp-content\/uploads\/2019\/09\/impresion-digital-mas-modelos.png?resize=100%2C13&amp;ssl=1 100w, https:\/\/i0.wp.com\/impresiondigitalgranformato.es\/wp-content\/uploads\/2019\/09\/impresion-digital-mas-modelos.png?resize=150%2C20&amp;ssl=1 150w, https:\/\/i0.wp.com\/impresiondigitalgranformato.es\/wp-content\/uploads\/2019\/09\/impresion-digital-mas-modelos.png?resize=200%2C26&amp;ssl=1 200w, https:\/\/i0.wp.com\/impresiondigitalgranformato.es\/wp-content\/uploads\/2019\/09\/impresion-digital-mas-modelos.png?resize=300%2C39&amp;ssl=1 300w, https:\/\/i0.wp.com\/impresiondigitalgranformato.es\/wp-content\/uploads\/2019\/09\/impresion-digital-mas-modelos.png?resize=450%2C59&amp;ssl=1 450w\" sizes=\"auto, (max-width: 468px) 100vw, 468px\" \/><\/a><\/p>","protected":false},"featured_media":14123,"comment_status":"open","ping_status":"closed","template":"","meta":[],"product_brand":[],"product_cat":[24],"product_tag":[],"class_list":{"0":"post-3831","1":"product","2":"type-product","3":"status-publish","4":"has-post-thumbnail","6":"product_cat-roll-up-baratos","8":"first","9":"instock","10":"sold-individually","11":"taxable","12":"shipping-taxable","13":"purchasable","14":"product-type-simple"},"yoast_head":"<!-- This site is optimized with the Yoast SEO plugin v27.3 - https:\/\/yoast.com\/product\/yoast-seo-wordpress\/ -->\n<title>roll up 100 x 200 - env\u00edo gratuito - roll up los + baratos<\/title>\n<meta name=\"description\" content=\"roll up 100 x 200 cm. econ\u00f3mico Estructura de aluminio con una gran estabilidad, gr\u00e1fica realizada en lona y funda de nyl\u00f3n. Env\u00edo gratis\" \/>\n<meta name=\"robots\" content=\"index, follow, max-snippet:-1, max-image-preview:large, max-video-preview:-1\" \/>\n<link rel=\"canonical\" href=\"https:\/\/impresiondigitalgranformato.es\/fr\/produit\/roll-up-100-x-200-cm\/\" \/>\n<meta property=\"og:locale\" content=\"fr_FR\" \/>\n<meta property=\"og:type\" content=\"article\" \/>\n<meta property=\"og:title\" content=\"roll up 100 x 200 - env\u00edo gratuito - roll up los + baratos\" \/>\n<meta property=\"og:description\" content=\"roll up 100 x 200 cm. econ\u00f3mico Estructura de aluminio con una gran estabilidad, gr\u00e1fica realizada en lona y funda de nyl\u00f3n. Env\u00edo gratis\" \/>\n<meta property=\"og:url\" content=\"https:\/\/impresiondigitalgranformato.es\/fr\/produit\/roll-up-100-x-200-cm\/\" \/>\n<meta property=\"og:site_name\" content=\"Los + baratos\" \/>\n<meta property=\"article:modified_time\" content=\"2025-07-04T16:17:51+00:00\" \/>\n<meta property=\"og:image\" content=\"http:\/\/impresiondigitalgranformato.es\/wp-content\/uploads\/2018\/08\/roll-up-100-x-200.jpg\" \/>\n\t<meta property=\"og:image:width\" content=\"630\" \/>\n\t<meta property=\"og:image:height\" content=\"630\" \/>\n\t<meta property=\"og:image:type\" content=\"image\/jpeg\" \/>\n<meta name=\"twitter:card\" content=\"summary_large_image\" \/>\n<meta name=\"twitter:label1\" content=\"Dur\u00e9e de lecture estim\u00e9e\" \/>\n\t<meta name=\"twitter:data1\" content=\"2 minutes\" \/>\n<script type=\"application\/ld+json\" class=\"yoast-schema-graph\">{\"@context\":\"https:\\\/\\\/schema.org\",\"@graph\":[{\"@type\":\"WebPage\",\"@id\":\"https:\\\/\\\/impresiondigitalgranformato.es\\\/producto\\\/roll-up-100-x-200-cm\\\/\",\"url\":\"https:\\\/\\\/impresiondigitalgranformato.es\\\/producto\\\/roll-up-100-x-200-cm\\\/\",\"name\":\"roll up 100 x 200 - env\u00edo gratuito - roll up los + baratos\",\"isPartOf\":{\"@id\":\"https:\\\/\\\/impresiondigitalgranformato.es\\\/#website\"},\"primaryImageOfPage\":{\"@id\":\"https:\\\/\\\/impresiondigitalgranformato.es\\\/producto\\\/roll-up-100-x-200-cm\\\/#primaryimage\"},\"image\":{\"@id\":\"https:\\\/\\\/impresiondigitalgranformato.es\\\/producto\\\/roll-up-100-x-200-cm\\\/#primaryimage\"},\"thumbnailUrl\":\"https:\\\/\\\/i0.wp.com\\\/impresiondigitalgranformato.es\\\/wp-content\\\/uploads\\\/2018\\\/08\\\/roll-up-100-x-200.jpg?fit=630%2C630&ssl=1\",\"datePublished\":\"2018-08-03T10:32:44+00:00\",\"dateModified\":\"2025-07-04T16:17:51+00:00\",\"description\":\"roll up 100 x 200 cm. econ\u00f3mico Estructura de aluminio con una gran estabilidad, gr\u00e1fica realizada en lona y funda de nyl\u00f3n. Env\u00edo gratis\",\"breadcrumb\":{\"@id\":\"https:\\\/\\\/impresiondigitalgranformato.es\\\/producto\\\/roll-up-100-x-200-cm\\\/#breadcrumb\"},\"inLanguage\":\"fr-FR\",\"potentialAction\":[{\"@type\":\"ReadAction\",\"target\":[\"https:\\\/\\\/impresiondigitalgranformato.es\\\/producto\\\/roll-up-100-x-200-cm\\\/\"]}]},{\"@type\":\"ImageObject\",\"inLanguage\":\"fr-FR\",\"@id\":\"https:\\\/\\\/impresiondigitalgranformato.es\\\/producto\\\/roll-up-100-x-200-cm\\\/#primaryimage\",\"url\":\"https:\\\/\\\/i0.wp.com\\\/impresiondigitalgranformato.es\\\/wp-content\\\/uploads\\\/2018\\\/08\\\/roll-up-100-x-200.jpg?fit=630%2C630&ssl=1\",\"contentUrl\":\"https:\\\/\\\/i0.wp.com\\\/impresiondigitalgranformato.es\\\/wp-content\\\/uploads\\\/2018\\\/08\\\/roll-up-100-x-200.jpg?fit=630%2C630&ssl=1\",\"width\":630,\"height\":630,\"caption\":\"roll up 100 x 200\"},{\"@type\":\"BreadcrumbList\",\"@id\":\"https:\\\/\\\/impresiondigitalgranformato.es\\\/producto\\\/roll-up-100-x-200-cm\\\/#breadcrumb\",\"itemListElement\":[{\"@type\":\"ListItem\",\"position\":1,\"name\":\"Portada\",\"item\":\"https:\\\/\\\/impresiondigitalgranformato.es\\\/\"},{\"@type\":\"ListItem\",\"position\":2,\"name\":\"Productos\",\"item\":\"https:\\\/\\\/impresiondigitalgranformato.es\\\/venta-roll-up-banner\\\/\"},{\"@type\":\"ListItem\",\"position\":3,\"name\":\"roll up 100 x 200 cm\"}]},{\"@type\":\"WebSite\",\"@id\":\"https:\\\/\\\/impresiondigitalgranformato.es\\\/#website\",\"url\":\"https:\\\/\\\/impresiondigitalgranformato.es\\\/\",\"name\":\"Los + baratos\",\"description\":\"impresi\u00f3n digital gran formato venta de roll up, banner, banderas, lonas, carteles, displays, publicidad\",\"publisher\":{\"@id\":\"https:\\\/\\\/impresiondigitalgranformato.es\\\/#organization\"},\"potentialAction\":[{\"@type\":\"SearchAction\",\"target\":{\"@type\":\"EntryPoint\",\"urlTemplate\":\"https:\\\/\\\/impresiondigitalgranformato.es\\\/?s={search_term_string}\"},\"query-input\":{\"@type\":\"PropertyValueSpecification\",\"valueRequired\":true,\"valueName\":\"search_term_string\"}}],\"inLanguage\":\"fr-FR\"},{\"@type\":\"Organization\",\"@id\":\"https:\\\/\\\/impresiondigitalgranformato.es\\\/#organization\",\"name\":\"Los + baratos\",\"url\":\"https:\\\/\\\/impresiondigitalgranformato.es\\\/\",\"logo\":{\"@type\":\"ImageObject\",\"inLanguage\":\"fr-FR\",\"@id\":\"https:\\\/\\\/impresiondigitalgranformato.es\\\/#\\\/schema\\\/logo\\\/image\\\/\",\"url\":\"https:\\\/\\\/i0.wp.com\\\/impresiondigitalgranformato.es\\\/wp-content\\\/uploads\\\/2016\\\/12\\\/cropped-logotipo-2-e1483373659766.png?fit=500%2C101&ssl=1\",\"contentUrl\":\"https:\\\/\\\/i0.wp.com\\\/impresiondigitalgranformato.es\\\/wp-content\\\/uploads\\\/2016\\\/12\\\/cropped-logotipo-2-e1483373659766.png?fit=500%2C101&ssl=1\",\"width\":500,\"height\":101,\"caption\":\"Los + baratos\"},\"image\":{\"@id\":\"https:\\\/\\\/impresiondigitalgranformato.es\\\/#\\\/schema\\\/logo\\\/image\\\/\"}}]}<\/script>\n<!-- \/ Yoast SEO plugin. -->","yoast_head_json":{"title":"Roll-up 100 x 200 - Livraison gratuite - Le roll-up le moins cher","description":"Toile enroulable 100 x 200 cm. \u00c9conomique. Structure en aluminium tr\u00e8s stable, graphisme sur toile et housse en nylon. Livraison gratuite.","robots":{"index":"index","follow":"follow","max-snippet":"max-snippet:-1","max-image-preview":"max-image-preview:large","max-video-preview":"max-video-preview:-1"},"canonical":"https:\/\/impresiondigitalgranformato.es\/fr\/produit\/roll-up-100-x-200-cm\/","og_locale":"fr_FR","og_type":"article","og_title":"roll up 100 x 200 - env\u00edo gratuito - roll up los + baratos","og_description":"roll up 100 x 200 cm. econ\u00f3mico Estructura de aluminio con una gran estabilidad, gr\u00e1fica realizada en lona y funda de nyl\u00f3n. Env\u00edo gratis","og_url":"https:\/\/impresiondigitalgranformato.es\/fr\/produit\/roll-up-100-x-200-cm\/","og_site_name":"Los + baratos","article_modified_time":"2025-07-04T16:17:51+00:00","og_image":[{"width":630,"height":630,"url":"http:\/\/impresiondigitalgranformato.es\/wp-content\/uploads\/2018\/08\/roll-up-100-x-200.jpg","type":"image\/jpeg"}],"twitter_card":"summary_large_image","twitter_misc":{"Dur\u00e9e de lecture estim\u00e9e":"2 minutes"},"schema":{"@context":"https:\/\/schema.org","@graph":[{"@type":"WebPage","@id":"https:\/\/impresiondigitalgranformato.es\/producto\/roll-up-100-x-200-cm\/","url":"https:\/\/impresiondigitalgranformato.es\/producto\/roll-up-100-x-200-cm\/","name":"Roll-up 100 x 200 - Livraison gratuite - Le roll-up le moins cher","isPartOf":{"@id":"https:\/\/impresiondigitalgranformato.es\/#website"},"primaryImageOfPage":{"@id":"https:\/\/impresiondigitalgranformato.es\/producto\/roll-up-100-x-200-cm\/#primaryimage"},"image":{"@id":"https:\/\/impresiondigitalgranformato.es\/producto\/roll-up-100-x-200-cm\/#primaryimage"},"thumbnailUrl":"https:\/\/i0.wp.com\/impresiondigitalgranformato.es\/wp-content\/uploads\/2018\/08\/roll-up-100-x-200.jpg?fit=630%2C630&ssl=1","datePublished":"2018-08-03T10:32:44+00:00","dateModified":"2025-07-04T16:17:51+00:00","description":"Toile enroulable 100 x 200 cm. \u00c9conomique. Structure en aluminium tr\u00e8s stable, graphisme sur toile et housse en nylon. Livraison gratuite.","breadcrumb":{"@id":"https:\/\/impresiondigitalgranformato.es\/producto\/roll-up-100-x-200-cm\/#breadcrumb"},"inLanguage":"fr-FR","potentialAction":[{"@type":"ReadAction","target":["https:\/\/impresiondigitalgranformato.es\/producto\/roll-up-100-x-200-cm\/"]}]},{"@type":"ImageObject","inLanguage":"fr-FR","@id":"https:\/\/impresiondigitalgranformato.es\/producto\/roll-up-100-x-200-cm\/#primaryimage","url":"https:\/\/i0.wp.com\/impresiondigitalgranformato.es\/wp-content\/uploads\/2018\/08\/roll-up-100-x-200.jpg?fit=630%2C630&ssl=1","contentUrl":"https:\/\/i0.wp.com\/impresiondigitalgranformato.es\/wp-content\/uploads\/2018\/08\/roll-up-100-x-200.jpg?fit=630%2C630&ssl=1","width":630,"height":630,"caption":"roll up 100 x 200"},{"@type":"BreadcrumbList","@id":"https:\/\/impresiondigitalgranformato.es\/producto\/roll-up-100-x-200-cm\/#breadcrumb","itemListElement":[{"@type":"ListItem","position":1,"name":"Portada","item":"https:\/\/impresiondigitalgranformato.es\/"},{"@type":"ListItem","position":2,"name":"Productos","item":"https:\/\/impresiondigitalgranformato.es\/venta-roll-up-banner\/"},{"@type":"ListItem","position":3,"name":"roll up 100 x 200 cm"}]},{"@type":"WebSite","@id":"https:\/\/impresiondigitalgranformato.es\/#website","url":"https:\/\/impresiondigitalgranformato.es\/","name":"Les moins chers","description":"impression num\u00e9rique grand format vente de roll up, banni\u00e8res, drapeaux, banderoles, b\u00e2ches, affiches, pr\u00e9sentoirs, publicit\u00e9s","publisher":{"@id":"https:\/\/impresiondigitalgranformato.es\/#organization"},"potentialAction":[{"@type":"SearchAction","target":{"@type":"EntryPoint","urlTemplate":"https:\/\/impresiondigitalgranformato.es\/?s={search_term_string}"},"query-input":{"@type":"PropertyValueSpecification","valueRequired":true,"valueName":"search_term_string"}}],"inLanguage":"fr-FR"},{"@type":"Organization","@id":"https:\/\/impresiondigitalgranformato.es\/#organization","name":"Les moins chers","url":"https:\/\/impresiondigitalgranformato.es\/","logo":{"@type":"ImageObject","inLanguage":"fr-FR","@id":"https:\/\/impresiondigitalgranformato.es\/#\/schema\/logo\/image\/","url":"https:\/\/i0.wp.com\/impresiondigitalgranformato.es\/wp-content\/uploads\/2016\/12\/cropped-logotipo-2-e1483373659766.png?fit=500%2C101&ssl=1","contentUrl":"https:\/\/i0.wp.com\/impresiondigitalgranformato.es\/wp-content\/uploads\/2016\/12\/cropped-logotipo-2-e1483373659766.png?fit=500%2C101&ssl=1","width":500,"height":101,"caption":"Los + baratos"},"image":{"@id":"https:\/\/impresiondigitalgranformato.es\/#\/schema\/logo\/image\/"}}]}},"jetpack_sharing_enabled":true,"_links":{"self":[{"href":"https:\/\/impresiondigitalgranformato.es\/fr\/wp-json\/wp\/v2\/product\/3831","targetHints":{"allow":["GET"]}}],"collection":[{"href":"https:\/\/impresiondigitalgranformato.es\/fr\/wp-json\/wp\/v2\/product"}],"about":[{"href":"https:\/\/impresiondigitalgranformato.es\/fr\/wp-json\/wp\/v2\/types\/product"}],"replies":[{"embeddable":true,"href":"https:\/\/impresiondigitalgranformato.es\/fr\/wp-json\/wp\/v2\/comments?post=3831"}],"wp:featuredmedia":[{"embeddable":true,"href":"https:\/\/impresiondigitalgranformato.es\/fr\/wp-json\/wp\/v2\/media\/14123"}],"wp:attachment":[{"href":"https:\/\/impresiondigitalgranformato.es\/fr\/wp-json\/wp\/v2\/media?parent=3831"}],"wp:term":[{"taxonomy":"product_brand","embeddable":true,"href":"https:\/\/impresiondigitalgranformato.es\/fr\/wp-json\/wp\/v2\/product_brand?post=3831"},{"taxonomy":"product_cat","embeddable":true,"href":"https:\/\/impresiondigitalgranformato.es\/fr\/wp-json\/wp\/v2\/product_cat?post=3831"},{"taxonomy":"product_tag","embeddable":true,"href":"https:\/\/impresiondigitalgranformato.es\/fr\/wp-json\/wp\/v2\/product_tag?post=3831"}],"curies":[{"name":"wp","href":"https:\/\/api.w.org\/{rel}","templated":true}]}}