{"id":4884,"date":"2019-01-15T16:45:32","date_gmt":"2019-01-15T15:45:32","guid":{"rendered":"http:\/\/impresiondigitalgranformato.es\/?post_type=product&#038;p=4884"},"modified":"2019-01-15T18:45:01","modified_gmt":"2019-01-15T17:45:01","slug":"photocall-comunion-personalizado","status":"publish","type":"product","link":"https:\/\/impresiondigitalgranformato.es\/fr\/producto\/photocall-comunion-personalizado\/","title":{"rendered":"Photocall de comuni\u00f3n personalizado"},"content":{"rendered":"<p>Cartel o photocall de comuni\u00f3n realizado en impresi\u00f3n digital de alta calidad sobre lona de pvc.<\/p>\n<p>Estructura de fibra de vidrio y seg\u00fan el tama\u00f1o llevar\u00eda las siguiente:<\/p>\n<p>170 x 200 cm &#8230;. 2 estructuras en X<\/p>\n<p>200 x 200 cm &#8230;. 2 estructuras en X<\/p>\n<p>250 x 200 cm &#8230;. 3 estructuras en X<\/p>\n<p>300 x 200 cm &#8230;. 4 estructuras en X<\/p>\n<p>inclut un sac de transport.<\/p>","protected":false},"excerpt":{"rendered":"<h3><span style=\"color: #000080;\"><strong>Personalice la comuni\u00f3n de su hijo o hija con un cartel photocall para realizar fotograf\u00edas con sus invitados.<\/strong><\/span><\/h3>\n<p>Al colocar el photocall en su comuni\u00f3n conseguir\u00e1 que sus invitados se diviertan realizando fotograf\u00edas en muchas posiciones, y servir\u00e1n a su hija o hijo para tener un bonito recuerdo.<\/p>\n<p>Si no le gusta ninguno de nuestros modelos o tiene una idea mejor se lo podemos dise\u00f1ar a su gusto.<\/p>\n<p>El coste de adaptaci\u00f3n es de 15 \u20ac + el valor del photocall elegido. (consulte la tabla de precios)<\/p>\n<p><strong>Elija el tama\u00f1o:<\/strong> 170 x 200 cm, 200 x 200 cm, 250 x 200 cm \u00f3 300 x 200 cm<\/p>","protected":false},"featured_media":4889,"comment_status":"open","ping_status":"closed","template":"","meta":[],"product_brand":[],"product_cat":[72],"product_tag":[],"class_list":{"0":"post-4884","1":"product","2":"type-product","3":"status-publish","4":"has-post-thumbnail","6":"product_cat-photocall-comunion","8":"first","9":"instock","10":"taxable","11":"shipping-taxable","12":"purchasable","13":"product-type-variable"},"yoast_head":"<!-- This site is optimized with the Yoast SEO plugin v27.3 - https:\/\/yoast.com\/product\/yoast-seo-wordpress\/ -->\n<title>Photocall de comuni\u00f3n personalizado - Los + baratos<\/title>\n<meta name=\"robots\" content=\"index, follow, max-snippet:-1, max-image-preview:large, max-video-preview:-1\" \/>\n<link rel=\"canonical\" href=\"https:\/\/impresiondigitalgranformato.es\/fr\/produit\/photocall-comunion-personalizado\/\" \/>\n<meta property=\"og:locale\" content=\"fr_FR\" \/>\n<meta property=\"og:type\" content=\"article\" \/>\n<meta property=\"og:title\" content=\"Photocall de comuni\u00f3n personalizado - Los + baratos\" \/>\n<meta property=\"og:description\" content=\"Personalice la comuni\u00f3n de su hijo o hija con un cartel photocall para realizar fotograf\u00edas con sus invitados. Al colocar el photocall en su comuni\u00f3n conseguir\u00e1 que sus invitados se diviertan realizando fotograf\u00edas en muchas posiciones, y servir\u00e1n a su hija o hijo para tener un bonito recuerdo.  Si no le gusta ninguno de nuestros modelos o tiene una idea mejor se lo podemos dise\u00f1ar a su gusto.  El coste de adaptaci\u00f3n es de 15 \u20ac + el valor del photocall elegido. (consulte la tabla de precios)  Elija el tama\u00f1o: 170 x 200 cm, 200 x 200 cm, 250 x 200 cm \u00f3 300 x 200 cm\" \/>\n<meta property=\"og:url\" content=\"https:\/\/impresiondigitalgranformato.es\/fr\/produit\/photocall-comunion-personalizado\/\" \/>\n<meta property=\"og:site_name\" content=\"Los + baratos\" \/>\n<meta property=\"article:modified_time\" content=\"2019-01-15T17:45:01+00:00\" \/>\n<meta property=\"og:image\" content=\"https:\/\/i0.wp.com\/impresiondigitalgranformato.es\/wp-content\/uploads\/2019\/01\/photocall-comunion-personalizado.png?fit=1064%2C1064&ssl=1\" \/>\n\t<meta property=\"og:image:width\" content=\"1064\" \/>\n\t<meta property=\"og:image:height\" content=\"1064\" \/>\n\t<meta property=\"og:image:type\" content=\"image\/png\" \/>\n<meta name=\"twitter:card\" content=\"summary_large_image\" \/>\n<script type=\"application\/ld+json\" class=\"yoast-schema-graph\">{\"@context\":\"https:\\\/\\\/schema.org\",\"@graph\":[{\"@type\":\"WebPage\",\"@id\":\"https:\\\/\\\/impresiondigitalgranformato.es\\\/producto\\\/photocall-comunion-personalizado\\\/\",\"url\":\"https:\\\/\\\/impresiondigitalgranformato.es\\\/producto\\\/photocall-comunion-personalizado\\\/\",\"name\":\"Photocall de comuni\u00f3n personalizado - Los + baratos\",\"isPartOf\":{\"@id\":\"https:\\\/\\\/impresiondigitalgranformato.es\\\/#website\"},\"primaryImageOfPage\":{\"@id\":\"https:\\\/\\\/impresiondigitalgranformato.es\\\/producto\\\/photocall-comunion-personalizado\\\/#primaryimage\"},\"image\":{\"@id\":\"https:\\\/\\\/impresiondigitalgranformato.es\\\/producto\\\/photocall-comunion-personalizado\\\/#primaryimage\"},\"thumbnailUrl\":\"https:\\\/\\\/i0.wp.com\\\/impresiondigitalgranformato.es\\\/wp-content\\\/uploads\\\/2019\\\/01\\\/photocall-comunion-personalizado.png?fit=1064%2C1064&ssl=1\",\"datePublished\":\"2019-01-15T15:45:32+00:00\",\"dateModified\":\"2019-01-15T17:45:01+00:00\",\"breadcrumb\":{\"@id\":\"https:\\\/\\\/impresiondigitalgranformato.es\\\/producto\\\/photocall-comunion-personalizado\\\/#breadcrumb\"},\"inLanguage\":\"fr-FR\",\"potentialAction\":[{\"@type\":\"ReadAction\",\"target\":[\"https:\\\/\\\/impresiondigitalgranformato.es\\\/producto\\\/photocall-comunion-personalizado\\\/\"]}]},{\"@type\":\"ImageObject\",\"inLanguage\":\"fr-FR\",\"@id\":\"https:\\\/\\\/impresiondigitalgranformato.es\\\/producto\\\/photocall-comunion-personalizado\\\/#primaryimage\",\"url\":\"https:\\\/\\\/i0.wp.com\\\/impresiondigitalgranformato.es\\\/wp-content\\\/uploads\\\/2019\\\/01\\\/photocall-comunion-personalizado.png?fit=1064%2C1064&ssl=1\",\"contentUrl\":\"https:\\\/\\\/i0.wp.com\\\/impresiondigitalgranformato.es\\\/wp-content\\\/uploads\\\/2019\\\/01\\\/photocall-comunion-personalizado.png?fit=1064%2C1064&ssl=1\",\"width\":1064,\"height\":1064,\"caption\":\"cartel photocall comunion personalizado\"},{\"@type\":\"BreadcrumbList\",\"@id\":\"https:\\\/\\\/impresiondigitalgranformato.es\\\/producto\\\/photocall-comunion-personalizado\\\/#breadcrumb\",\"itemListElement\":[{\"@type\":\"ListItem\",\"position\":1,\"name\":\"Portada\",\"item\":\"https:\\\/\\\/impresiondigitalgranformato.es\\\/\"},{\"@type\":\"ListItem\",\"position\":2,\"name\":\"Productos\",\"item\":\"https:\\\/\\\/impresiondigitalgranformato.es\\\/venta-roll-up-banner\\\/\"},{\"@type\":\"ListItem\",\"position\":3,\"name\":\"Photocall de comuni\u00f3n personalizado\"}]},{\"@type\":\"WebSite\",\"@id\":\"https:\\\/\\\/impresiondigitalgranformato.es\\\/#website\",\"url\":\"https:\\\/\\\/impresiondigitalgranformato.es\\\/\",\"name\":\"Los + baratos\",\"description\":\"impresi\u00f3n digital gran formato venta de roll up, banner, banderas, lonas, carteles, displays, publicidad\",\"publisher\":{\"@id\":\"https:\\\/\\\/impresiondigitalgranformato.es\\\/#organization\"},\"potentialAction\":[{\"@type\":\"SearchAction\",\"target\":{\"@type\":\"EntryPoint\",\"urlTemplate\":\"https:\\\/\\\/impresiondigitalgranformato.es\\\/?s={search_term_string}\"},\"query-input\":{\"@type\":\"PropertyValueSpecification\",\"valueRequired\":true,\"valueName\":\"search_term_string\"}}],\"inLanguage\":\"fr-FR\"},{\"@type\":\"Organization\",\"@id\":\"https:\\\/\\\/impresiondigitalgranformato.es\\\/#organization\",\"name\":\"Los + baratos\",\"url\":\"https:\\\/\\\/impresiondigitalgranformato.es\\\/\",\"logo\":{\"@type\":\"ImageObject\",\"inLanguage\":\"fr-FR\",\"@id\":\"https:\\\/\\\/impresiondigitalgranformato.es\\\/#\\\/schema\\\/logo\\\/image\\\/\",\"url\":\"https:\\\/\\\/i0.wp.com\\\/impresiondigitalgranformato.es\\\/wp-content\\\/uploads\\\/2016\\\/12\\\/cropped-logotipo-2-e1483373659766.png?fit=500%2C101&ssl=1\",\"contentUrl\":\"https:\\\/\\\/i0.wp.com\\\/impresiondigitalgranformato.es\\\/wp-content\\\/uploads\\\/2016\\\/12\\\/cropped-logotipo-2-e1483373659766.png?fit=500%2C101&ssl=1\",\"width\":500,\"height\":101,\"caption\":\"Los + baratos\"},\"image\":{\"@id\":\"https:\\\/\\\/impresiondigitalgranformato.es\\\/#\\\/schema\\\/logo\\\/image\\\/\"}}]}<\/script>\n<!-- \/ Yoast SEO plugin. -->","yoast_head_json":{"title":"Photocall de comuni\u00f3n personalizado - Los + baratos","robots":{"index":"index","follow":"follow","max-snippet":"max-snippet:-1","max-image-preview":"max-image-preview:large","max-video-preview":"max-video-preview:-1"},"canonical":"https:\/\/impresiondigitalgranformato.es\/fr\/produit\/photocall-comunion-personalizado\/","og_locale":"fr_FR","og_type":"article","og_title":"Photocall de comuni\u00f3n personalizado - Los + baratos","og_description":"Personalice la comuni\u00f3n de su hijo o hija con un cartel photocall para realizar fotograf\u00edas con sus invitados. Al colocar el photocall en su comuni\u00f3n conseguir\u00e1 que sus invitados se diviertan realizando fotograf\u00edas en muchas posiciones, y servir\u00e1n a su hija o hijo para tener un bonito recuerdo.  Si no le gusta ninguno de nuestros modelos o tiene una idea mejor se lo podemos dise\u00f1ar a su gusto.  El coste de adaptaci\u00f3n es de 15 \u20ac + el valor del photocall elegido. (consulte la tabla de precios)  Elija el tama\u00f1o: 170 x 200 cm, 200 x 200 cm, 250 x 200 cm \u00f3 300 x 200 cm","og_url":"https:\/\/impresiondigitalgranformato.es\/fr\/produit\/photocall-comunion-personalizado\/","og_site_name":"Los + baratos","article_modified_time":"2019-01-15T17:45:01+00:00","og_image":[{"width":1064,"height":1064,"url":"https:\/\/i0.wp.com\/impresiondigitalgranformato.es\/wp-content\/uploads\/2019\/01\/photocall-comunion-personalizado.png?fit=1064%2C1064&ssl=1","type":"image\/png"}],"twitter_card":"summary_large_image","schema":{"@context":"https:\/\/schema.org","@graph":[{"@type":"WebPage","@id":"https:\/\/impresiondigitalgranformato.es\/producto\/photocall-comunion-personalizado\/","url":"https:\/\/impresiondigitalgranformato.es\/producto\/photocall-comunion-personalizado\/","name":"Photocall de comuni\u00f3n personalizado - Los + baratos","isPartOf":{"@id":"https:\/\/impresiondigitalgranformato.es\/#website"},"primaryImageOfPage":{"@id":"https:\/\/impresiondigitalgranformato.es\/producto\/photocall-comunion-personalizado\/#primaryimage"},"image":{"@id":"https:\/\/impresiondigitalgranformato.es\/producto\/photocall-comunion-personalizado\/#primaryimage"},"thumbnailUrl":"https:\/\/i0.wp.com\/impresiondigitalgranformato.es\/wp-content\/uploads\/2019\/01\/photocall-comunion-personalizado.png?fit=1064%2C1064&ssl=1","datePublished":"2019-01-15T15:45:32+00:00","dateModified":"2019-01-15T17:45:01+00:00","breadcrumb":{"@id":"https:\/\/impresiondigitalgranformato.es\/producto\/photocall-comunion-personalizado\/#breadcrumb"},"inLanguage":"fr-FR","potentialAction":[{"@type":"ReadAction","target":["https:\/\/impresiondigitalgranformato.es\/producto\/photocall-comunion-personalizado\/"]}]},{"@type":"ImageObject","inLanguage":"fr-FR","@id":"https:\/\/impresiondigitalgranformato.es\/producto\/photocall-comunion-personalizado\/#primaryimage","url":"https:\/\/i0.wp.com\/impresiondigitalgranformato.es\/wp-content\/uploads\/2019\/01\/photocall-comunion-personalizado.png?fit=1064%2C1064&ssl=1","contentUrl":"https:\/\/i0.wp.com\/impresiondigitalgranformato.es\/wp-content\/uploads\/2019\/01\/photocall-comunion-personalizado.png?fit=1064%2C1064&ssl=1","width":1064,"height":1064,"caption":"cartel photocall comunion personalizado"},{"@type":"BreadcrumbList","@id":"https:\/\/impresiondigitalgranformato.es\/producto\/photocall-comunion-personalizado\/#breadcrumb","itemListElement":[{"@type":"ListItem","position":1,"name":"Portada","item":"https:\/\/impresiondigitalgranformato.es\/"},{"@type":"ListItem","position":2,"name":"Productos","item":"https:\/\/impresiondigitalgranformato.es\/venta-roll-up-banner\/"},{"@type":"ListItem","position":3,"name":"Photocall de comuni\u00f3n personalizado"}]},{"@type":"WebSite","@id":"https:\/\/impresiondigitalgranformato.es\/#website","url":"https:\/\/impresiondigitalgranformato.es\/","name":"Les moins chers","description":"impression num\u00e9rique grand format vente de roll up, banni\u00e8res, drapeaux, banderoles, b\u00e2ches, affiches, pr\u00e9sentoirs, publicit\u00e9s","publisher":{"@id":"https:\/\/impresiondigitalgranformato.es\/#organization"},"potentialAction":[{"@type":"SearchAction","target":{"@type":"EntryPoint","urlTemplate":"https:\/\/impresiondigitalgranformato.es\/?s={search_term_string}"},"query-input":{"@type":"PropertyValueSpecification","valueRequired":true,"valueName":"search_term_string"}}],"inLanguage":"fr-FR"},{"@type":"Organization","@id":"https:\/\/impresiondigitalgranformato.es\/#organization","name":"Les moins chers","url":"https:\/\/impresiondigitalgranformato.es\/","logo":{"@type":"ImageObject","inLanguage":"fr-FR","@id":"https:\/\/impresiondigitalgranformato.es\/#\/schema\/logo\/image\/","url":"https:\/\/i0.wp.com\/impresiondigitalgranformato.es\/wp-content\/uploads\/2016\/12\/cropped-logotipo-2-e1483373659766.png?fit=500%2C101&ssl=1","contentUrl":"https:\/\/i0.wp.com\/impresiondigitalgranformato.es\/wp-content\/uploads\/2016\/12\/cropped-logotipo-2-e1483373659766.png?fit=500%2C101&ssl=1","width":500,"height":101,"caption":"Los + baratos"},"image":{"@id":"https:\/\/impresiondigitalgranformato.es\/#\/schema\/logo\/image\/"}}]}},"jetpack_sharing_enabled":true,"_links":{"self":[{"href":"https:\/\/impresiondigitalgranformato.es\/fr\/wp-json\/wp\/v2\/product\/4884","targetHints":{"allow":["GET"]}}],"collection":[{"href":"https:\/\/impresiondigitalgranformato.es\/fr\/wp-json\/wp\/v2\/product"}],"about":[{"href":"https:\/\/impresiondigitalgranformato.es\/fr\/wp-json\/wp\/v2\/types\/product"}],"replies":[{"embeddable":true,"href":"https:\/\/impresiondigitalgranformato.es\/fr\/wp-json\/wp\/v2\/comments?post=4884"}],"wp:featuredmedia":[{"embeddable":true,"href":"https:\/\/impresiondigitalgranformato.es\/fr\/wp-json\/wp\/v2\/media\/4889"}],"wp:attachment":[{"href":"https:\/\/impresiondigitalgranformato.es\/fr\/wp-json\/wp\/v2\/media?parent=4884"}],"wp:term":[{"taxonomy":"product_brand","embeddable":true,"href":"https:\/\/impresiondigitalgranformato.es\/fr\/wp-json\/wp\/v2\/product_brand?post=4884"},{"taxonomy":"product_cat","embeddable":true,"href":"https:\/\/impresiondigitalgranformato.es\/fr\/wp-json\/wp\/v2\/product_cat?post=4884"},{"taxonomy":"product_tag","embeddable":true,"href":"https:\/\/impresiondigitalgranformato.es\/fr\/wp-json\/wp\/v2\/product_tag?post=4884"}],"curies":[{"name":"wp","href":"https:\/\/api.w.org\/{rel}","templated":true}]}}