{"id":4906,"date":"2019-01-21T19:29:47","date_gmt":"2019-01-21T18:29:47","guid":{"rendered":"http:\/\/impresiondigitalgranformato.es\/?post_type=product&#038;p=4906"},"modified":"2025-07-04T18:25:14","modified_gmt":"2025-07-04T16:25:14","slug":"roll-up-barato-85-x-200-cm","status":"publish","type":"product","link":"https:\/\/impresiondigitalgranformato.es\/fr\/producto\/roll-up-barato-85-x-200-cm\/","title":{"rendered":"roll-up 85 x 200 cm Premium"},"content":{"rendered":"<p>Rouleau bon march\u00e9 de 85 x 200 cm. avec structure en aluminium et <strong>vannerie inf\u00e9rieure<\/strong>\u00a0pour une meilleure stabilit\u00e9.<\/p>\n<p>Graphiques imprim\u00e9s num\u00e9riquement sur une toile en pvc coul\u00e9 de 450 gr.<\/p>\n<p>inclut un \u00e9tui de transport.\u00a0<strong>REMBOURR\u00c9.<\/strong><\/p>\n<p>La structure du rollup est en aluminium avec\u00a0<strong>vannerie inf\u00e9rieure<\/strong> pour am\u00e9liorer la stabilit\u00e9 de votre roll up gr\u00e2ce \u00e0 son poids.<\/p>\n<p>Les\u00a0<strong>le couvercle est rembourr\u00e9<\/strong> pour une meilleure durabilit\u00e9 du roll-up pendant le transport, de cette fa\u00e7on vous aurez toujours le roll-up pas cher 85x200 cm dans un \u00e9tat optimal pour pouvoir l'exposer.<\/p>\n<p>L'affiche enroulable de 85 cm de largeur sur 200 cm de hauteur est fabriqu\u00e9e en impression num\u00e9rique en couleurs sur une toile en PVC de 450 gr. satin\u00e9e.<\/p>\n<p>Le montage et le d\u00e9montage du rollup se font rapidement et facilement, vous pouvez le voir dans notre <a href=\"https:\/\/youtu.be\/lFcLD--zvN0\" target=\"_blank\" rel=\"noopener\">vid\u00e9o<\/a>.<\/p>\n<p>Si vous \u00eates int\u00e9ress\u00e9 par ce type de structure mais que vous en avez besoin dans une autre taille, visitez et achetez dans notre <a href=\"https:\/\/impresiondigitalgranformato.es\/fr\/produit\/rollup-premium-economico\/\">section de rollup premium<\/a>.<\/p>\n<p>&nbsp;<\/p>\n<p><span style=\"color: #ff0000;\">RABAIS DE QUANTIT\u00c9 ! !!<\/span><\/p>\n<p><strong>Ce produit peut \u00eatre livr\u00e9 dans les 24 heures<\/strong><\/p>\n<p data-pbs-phone-margin-bottom=\"18px\"><span style=\"color: #000080;\"><strong>Diff\u00e9rents types d'envois :<\/strong><\/span><\/p>\n<p data-pbs-phone-margin-bottom=\"18px\"><strong>Production et livraison dans les 8 jours ouvrables<\/strong><\/p>\n<p data-pbs-phone-margin-bottom=\"18px\"><strong>Production et livraison dans les 4 jours ouvrables<\/strong><\/p>\n<p data-pbs-phone-margin-top=\"1px\"><strong>Production et livraison dans les 2 jours ouvrables<\/strong><\/p>\n<p data-pbs-phone-margin-top=\"1px\"><strong>Production et livraison dans un d\u00e9lai d'un jour ouvrable*.<\/strong>\u00a0(ce service n'est valable que pour les commandes confirm\u00e9es avant 11h30 le jour m\u00eame).<\/p>\n<p>&nbsp;<\/p>","protected":false},"excerpt":{"rendered":"<p>La structure du rollup est fabriqu\u00e9e en aluminium plus r\u00e9sistant avec <strong>vannerie inf\u00e9rieure<\/strong>\u00a0pour am\u00e9liorer la stabilit\u00e9 gr\u00e2ce \u00e0 son poids.<\/p>\n<p>Les\u00a0<strong>le couvercle est rembourr\u00e9<\/strong>\u00a0pour une meilleure durabilit\u00e9 du rolap lors des transports.<\/p>\n<p>L'affiche enroulable de 85 cm de largeur sur 200 cm de hauteur est fabriqu\u00e9e en impression num\u00e9rique en couleurs sur une toile en PVC de 450 gr. satin\u00e9e.<\/p>\n<p><span style=\"color: #ff0000;\">RABAIS DE QUANTIT\u00c9 ! !!<\/span><\/p>\n<p><strong>-<\/strong><\/p>\n<p>Ce produit peut \u00eatre livr\u00e9 dans les 24 heures<strong>*<\/strong><\/p>\n<p><a href=\"https:\/\/impresiondigitalgranformato.es\/fr\/roll-up\/\"><img loading=\"lazy\" decoding=\"async\" class=\"size-full wp-image-12936 alignnone\" src=\"https:\/\/impresiondigitalgranformato.es\/wp-content\/uploads\/2019\/09\/impresion-digital-mas-modelos.png\" alt=\"impression num\u00e9rique plus de mod\u00e8les\" width=\"468\" height=\"61\" srcset=\"https:\/\/i0.wp.com\/impresiondigitalgranformato.es\/wp-content\/uploads\/2019\/09\/impresion-digital-mas-modelos.png?w=468&amp;ssl=1 468w, https:\/\/i0.wp.com\/impresiondigitalgranformato.es\/wp-content\/uploads\/2019\/09\/impresion-digital-mas-modelos.png?resize=100%2C13&amp;ssl=1 100w, https:\/\/i0.wp.com\/impresiondigitalgranformato.es\/wp-content\/uploads\/2019\/09\/impresion-digital-mas-modelos.png?resize=150%2C20&amp;ssl=1 150w, https:\/\/i0.wp.com\/impresiondigitalgranformato.es\/wp-content\/uploads\/2019\/09\/impresion-digital-mas-modelos.png?resize=200%2C26&amp;ssl=1 200w, https:\/\/i0.wp.com\/impresiondigitalgranformato.es\/wp-content\/uploads\/2019\/09\/impresion-digital-mas-modelos.png?resize=300%2C39&amp;ssl=1 300w, https:\/\/i0.wp.com\/impresiondigitalgranformato.es\/wp-content\/uploads\/2019\/09\/impresion-digital-mas-modelos.png?resize=450%2C59&amp;ssl=1 450w\" sizes=\"auto, (max-width: 468px) 100vw, 468px\" \/><\/a><\/p>","protected":false},"featured_media":9415,"comment_status":"open","ping_status":"closed","template":"","meta":[],"product_brand":[],"product_cat":[78,24],"product_tag":[],"class_list":{"0":"post-4906","1":"product","2":"type-product","3":"status-publish","4":"has-post-thumbnail","6":"product_cat-rollup-banner-photocall-carteles-lona-impresion-economicos","7":"product_cat-roll-up-baratos","9":"first","10":"instock","11":"sold-individually","12":"taxable","13":"shipping-taxable","14":"purchasable","15":"product-type-simple"},"yoast_head":"<!-- This site is optimized with the Yoast SEO plugin v27.3 - https:\/\/yoast.com\/product\/yoast-seo-wordpress\/ -->\n<title>roll up barato - rollup 85 x 200 cm Premium - Env\u00edo Gratis - Los + baratos<\/title>\n<meta name=\"description\" content=\"Roll up barato de 85 x 200 cm. Con Env\u00edo Gratis desde la 1\u00aa unidad. Estructura de Aluminio y gr\u00e1fica en lona con funda de transporte acolchada\" \/>\n<meta name=\"robots\" content=\"index, follow, max-snippet:-1, max-image-preview:large, max-video-preview:-1\" \/>\n<link rel=\"canonical\" href=\"https:\/\/impresiondigitalgranformato.es\/fr\/produit\/roll-up-barato-85-x-200-cm\/\" \/>\n<meta property=\"og:locale\" content=\"fr_FR\" \/>\n<meta property=\"og:type\" content=\"article\" \/>\n<meta property=\"og:title\" content=\"roll up barato - rollup 85 x 200 cm Premium - Env\u00edo Gratis - Los + baratos\" \/>\n<meta property=\"og:description\" content=\"Roll up barato de 85 x 200 cm. Con Env\u00edo Gratis desde la 1\u00aa unidad. Estructura de Aluminio y gr\u00e1fica en lona con funda de transporte acolchada\" \/>\n<meta property=\"og:url\" content=\"https:\/\/impresiondigitalgranformato.es\/fr\/produit\/roll-up-barato-85-x-200-cm\/\" \/>\n<meta property=\"og:site_name\" content=\"Los + baratos\" \/>\n<meta property=\"article:modified_time\" content=\"2025-07-04T16:25:14+00:00\" \/>\n<meta property=\"og:image\" content=\"http:\/\/impresiondigitalgranformato.es\/wp-content\/uploads\/2019\/01\/roll-up-85-x-200.png\" \/>\n\t<meta property=\"og:image:width\" content=\"630\" \/>\n\t<meta property=\"og:image:height\" content=\"630\" \/>\n\t<meta property=\"og:image:type\" content=\"image\/png\" \/>\n<meta name=\"twitter:card\" content=\"summary_large_image\" \/>\n<meta name=\"twitter:label1\" content=\"Dur\u00e9e de lecture estim\u00e9e\" \/>\n\t<meta name=\"twitter:data1\" content=\"2 minutes\" \/>\n<script type=\"application\/ld+json\" class=\"yoast-schema-graph\">{\"@context\":\"https:\\\/\\\/schema.org\",\"@graph\":[{\"@type\":\"WebPage\",\"@id\":\"https:\\\/\\\/impresiondigitalgranformato.es\\\/producto\\\/roll-up-barato-85-x-200-cm\\\/\",\"url\":\"https:\\\/\\\/impresiondigitalgranformato.es\\\/producto\\\/roll-up-barato-85-x-200-cm\\\/\",\"name\":\"roll up barato - rollup 85 x 200 cm Premium - Env\u00edo Gratis - Los + baratos\",\"isPartOf\":{\"@id\":\"https:\\\/\\\/impresiondigitalgranformato.es\\\/#website\"},\"primaryImageOfPage\":{\"@id\":\"https:\\\/\\\/impresiondigitalgranformato.es\\\/producto\\\/roll-up-barato-85-x-200-cm\\\/#primaryimage\"},\"image\":{\"@id\":\"https:\\\/\\\/impresiondigitalgranformato.es\\\/producto\\\/roll-up-barato-85-x-200-cm\\\/#primaryimage\"},\"thumbnailUrl\":\"https:\\\/\\\/i0.wp.com\\\/impresiondigitalgranformato.es\\\/wp-content\\\/uploads\\\/2019\\\/01\\\/roll-up-85-x-200.png?fit=630%2C630&ssl=1\",\"datePublished\":\"2019-01-21T18:29:47+00:00\",\"dateModified\":\"2025-07-04T16:25:14+00:00\",\"description\":\"Roll up barato de 85 x 200 cm. Con Env\u00edo Gratis desde la 1\u00aa unidad. Estructura de Aluminio y gr\u00e1fica en lona con funda de transporte acolchada\",\"breadcrumb\":{\"@id\":\"https:\\\/\\\/impresiondigitalgranformato.es\\\/producto\\\/roll-up-barato-85-x-200-cm\\\/#breadcrumb\"},\"inLanguage\":\"fr-FR\",\"potentialAction\":[{\"@type\":\"ReadAction\",\"target\":[\"https:\\\/\\\/impresiondigitalgranformato.es\\\/producto\\\/roll-up-barato-85-x-200-cm\\\/\"]}]},{\"@type\":\"ImageObject\",\"inLanguage\":\"fr-FR\",\"@id\":\"https:\\\/\\\/impresiondigitalgranformato.es\\\/producto\\\/roll-up-barato-85-x-200-cm\\\/#primaryimage\",\"url\":\"https:\\\/\\\/i0.wp.com\\\/impresiondigitalgranformato.es\\\/wp-content\\\/uploads\\\/2019\\\/01\\\/roll-up-85-x-200.png?fit=630%2C630&ssl=1\",\"contentUrl\":\"https:\\\/\\\/i0.wp.com\\\/impresiondigitalgranformato.es\\\/wp-content\\\/uploads\\\/2019\\\/01\\\/roll-up-85-x-200.png?fit=630%2C630&ssl=1\",\"width\":630,\"height\":630,\"caption\":\"roll up barato\"},{\"@type\":\"BreadcrumbList\",\"@id\":\"https:\\\/\\\/impresiondigitalgranformato.es\\\/producto\\\/roll-up-barato-85-x-200-cm\\\/#breadcrumb\",\"itemListElement\":[{\"@type\":\"ListItem\",\"position\":1,\"name\":\"Portada\",\"item\":\"https:\\\/\\\/impresiondigitalgranformato.es\\\/\"},{\"@type\":\"ListItem\",\"position\":2,\"name\":\"Productos\",\"item\":\"https:\\\/\\\/impresiondigitalgranformato.es\\\/venta-roll-up-banner\\\/\"},{\"@type\":\"ListItem\",\"position\":3,\"name\":\"rollup 85 x 200 cm Premium\"}]},{\"@type\":\"WebSite\",\"@id\":\"https:\\\/\\\/impresiondigitalgranformato.es\\\/#website\",\"url\":\"https:\\\/\\\/impresiondigitalgranformato.es\\\/\",\"name\":\"Los + baratos\",\"description\":\"impresi\u00f3n digital gran formato venta de roll up, banner, banderas, lonas, carteles, displays, publicidad\",\"publisher\":{\"@id\":\"https:\\\/\\\/impresiondigitalgranformato.es\\\/#organization\"},\"potentialAction\":[{\"@type\":\"SearchAction\",\"target\":{\"@type\":\"EntryPoint\",\"urlTemplate\":\"https:\\\/\\\/impresiondigitalgranformato.es\\\/?s={search_term_string}\"},\"query-input\":{\"@type\":\"PropertyValueSpecification\",\"valueRequired\":true,\"valueName\":\"search_term_string\"}}],\"inLanguage\":\"fr-FR\"},{\"@type\":\"Organization\",\"@id\":\"https:\\\/\\\/impresiondigitalgranformato.es\\\/#organization\",\"name\":\"Los + baratos\",\"url\":\"https:\\\/\\\/impresiondigitalgranformato.es\\\/\",\"logo\":{\"@type\":\"ImageObject\",\"inLanguage\":\"fr-FR\",\"@id\":\"https:\\\/\\\/impresiondigitalgranformato.es\\\/#\\\/schema\\\/logo\\\/image\\\/\",\"url\":\"https:\\\/\\\/i0.wp.com\\\/impresiondigitalgranformato.es\\\/wp-content\\\/uploads\\\/2016\\\/12\\\/cropped-logotipo-2-e1483373659766.png?fit=500%2C101&ssl=1\",\"contentUrl\":\"https:\\\/\\\/i0.wp.com\\\/impresiondigitalgranformato.es\\\/wp-content\\\/uploads\\\/2016\\\/12\\\/cropped-logotipo-2-e1483373659766.png?fit=500%2C101&ssl=1\",\"width\":500,\"height\":101,\"caption\":\"Los + baratos\"},\"image\":{\"@id\":\"https:\\\/\\\/impresiondigitalgranformato.es\\\/#\\\/schema\\\/logo\\\/image\\\/\"}}]}<\/script>\n<!-- \/ Yoast SEO plugin. -->","yoast_head_json":{"title":"Roll up pas cher - Roll up 85 x 200 cm Premium - Livraison gratuite - Les moins chers","description":"Ruban adh\u00e9sif bon march\u00e9 de 85 x 200 cm. Livraison gratuite \u00e0 partir de la premi\u00e8re unit\u00e9. Structure en aluminium et graphique sur toile avec housse de transport rembourr\u00e9e","robots":{"index":"index","follow":"follow","max-snippet":"max-snippet:-1","max-image-preview":"max-image-preview:large","max-video-preview":"max-video-preview:-1"},"canonical":"https:\/\/impresiondigitalgranformato.es\/fr\/produit\/roll-up-barato-85-x-200-cm\/","og_locale":"fr_FR","og_type":"article","og_title":"roll up barato - rollup 85 x 200 cm Premium - Env\u00edo Gratis - Los + baratos","og_description":"Roll up barato de 85 x 200 cm. Con Env\u00edo Gratis desde la 1\u00aa unidad. Estructura de Aluminio y gr\u00e1fica en lona con funda de transporte acolchada","og_url":"https:\/\/impresiondigitalgranformato.es\/fr\/produit\/roll-up-barato-85-x-200-cm\/","og_site_name":"Los + baratos","article_modified_time":"2025-07-04T16:25:14+00:00","og_image":[{"width":630,"height":630,"url":"http:\/\/impresiondigitalgranformato.es\/wp-content\/uploads\/2019\/01\/roll-up-85-x-200.png","type":"image\/png"}],"twitter_card":"summary_large_image","twitter_misc":{"Dur\u00e9e de lecture estim\u00e9e":"2 minutes"},"schema":{"@context":"https:\/\/schema.org","@graph":[{"@type":"WebPage","@id":"https:\/\/impresiondigitalgranformato.es\/producto\/roll-up-barato-85-x-200-cm\/","url":"https:\/\/impresiondigitalgranformato.es\/producto\/roll-up-barato-85-x-200-cm\/","name":"Roll up pas cher - Roll up 85 x 200 cm Premium - Livraison gratuite - Les moins chers","isPartOf":{"@id":"https:\/\/impresiondigitalgranformato.es\/#website"},"primaryImageOfPage":{"@id":"https:\/\/impresiondigitalgranformato.es\/producto\/roll-up-barato-85-x-200-cm\/#primaryimage"},"image":{"@id":"https:\/\/impresiondigitalgranformato.es\/producto\/roll-up-barato-85-x-200-cm\/#primaryimage"},"thumbnailUrl":"https:\/\/i0.wp.com\/impresiondigitalgranformato.es\/wp-content\/uploads\/2019\/01\/roll-up-85-x-200.png?fit=630%2C630&ssl=1","datePublished":"2019-01-21T18:29:47+00:00","dateModified":"2025-07-04T16:25:14+00:00","description":"Ruban adh\u00e9sif bon march\u00e9 de 85 x 200 cm. Livraison gratuite \u00e0 partir de la premi\u00e8re unit\u00e9. Structure en aluminium et graphique sur toile avec housse de transport rembourr\u00e9e","breadcrumb":{"@id":"https:\/\/impresiondigitalgranformato.es\/producto\/roll-up-barato-85-x-200-cm\/#breadcrumb"},"inLanguage":"fr-FR","potentialAction":[{"@type":"ReadAction","target":["https:\/\/impresiondigitalgranformato.es\/producto\/roll-up-barato-85-x-200-cm\/"]}]},{"@type":"ImageObject","inLanguage":"fr-FR","@id":"https:\/\/impresiondigitalgranformato.es\/producto\/roll-up-barato-85-x-200-cm\/#primaryimage","url":"https:\/\/i0.wp.com\/impresiondigitalgranformato.es\/wp-content\/uploads\/2019\/01\/roll-up-85-x-200.png?fit=630%2C630&ssl=1","contentUrl":"https:\/\/i0.wp.com\/impresiondigitalgranformato.es\/wp-content\/uploads\/2019\/01\/roll-up-85-x-200.png?fit=630%2C630&ssl=1","width":630,"height":630,"caption":"roll up barato"},{"@type":"BreadcrumbList","@id":"https:\/\/impresiondigitalgranformato.es\/producto\/roll-up-barato-85-x-200-cm\/#breadcrumb","itemListElement":[{"@type":"ListItem","position":1,"name":"Portada","item":"https:\/\/impresiondigitalgranformato.es\/"},{"@type":"ListItem","position":2,"name":"Productos","item":"https:\/\/impresiondigitalgranformato.es\/venta-roll-up-banner\/"},{"@type":"ListItem","position":3,"name":"rollup 85 x 200 cm Premium"}]},{"@type":"WebSite","@id":"https:\/\/impresiondigitalgranformato.es\/#website","url":"https:\/\/impresiondigitalgranformato.es\/","name":"Les moins chers","description":"impression num\u00e9rique grand format vente de roll up, banni\u00e8res, drapeaux, banderoles, b\u00e2ches, affiches, pr\u00e9sentoirs, publicit\u00e9s","publisher":{"@id":"https:\/\/impresiondigitalgranformato.es\/#organization"},"potentialAction":[{"@type":"SearchAction","target":{"@type":"EntryPoint","urlTemplate":"https:\/\/impresiondigitalgranformato.es\/?s={search_term_string}"},"query-input":{"@type":"PropertyValueSpecification","valueRequired":true,"valueName":"search_term_string"}}],"inLanguage":"fr-FR"},{"@type":"Organization","@id":"https:\/\/impresiondigitalgranformato.es\/#organization","name":"Les moins chers","url":"https:\/\/impresiondigitalgranformato.es\/","logo":{"@type":"ImageObject","inLanguage":"fr-FR","@id":"https:\/\/impresiondigitalgranformato.es\/#\/schema\/logo\/image\/","url":"https:\/\/i0.wp.com\/impresiondigitalgranformato.es\/wp-content\/uploads\/2016\/12\/cropped-logotipo-2-e1483373659766.png?fit=500%2C101&ssl=1","contentUrl":"https:\/\/i0.wp.com\/impresiondigitalgranformato.es\/wp-content\/uploads\/2016\/12\/cropped-logotipo-2-e1483373659766.png?fit=500%2C101&ssl=1","width":500,"height":101,"caption":"Los + baratos"},"image":{"@id":"https:\/\/impresiondigitalgranformato.es\/#\/schema\/logo\/image\/"}}]}},"jetpack_sharing_enabled":true,"_links":{"self":[{"href":"https:\/\/impresiondigitalgranformato.es\/fr\/wp-json\/wp\/v2\/product\/4906","targetHints":{"allow":["GET"]}}],"collection":[{"href":"https:\/\/impresiondigitalgranformato.es\/fr\/wp-json\/wp\/v2\/product"}],"about":[{"href":"https:\/\/impresiondigitalgranformato.es\/fr\/wp-json\/wp\/v2\/types\/product"}],"replies":[{"embeddable":true,"href":"https:\/\/impresiondigitalgranformato.es\/fr\/wp-json\/wp\/v2\/comments?post=4906"}],"wp:featuredmedia":[{"embeddable":true,"href":"https:\/\/impresiondigitalgranformato.es\/fr\/wp-json\/wp\/v2\/media\/9415"}],"wp:attachment":[{"href":"https:\/\/impresiondigitalgranformato.es\/fr\/wp-json\/wp\/v2\/media?parent=4906"}],"wp:term":[{"taxonomy":"product_brand","embeddable":true,"href":"https:\/\/impresiondigitalgranformato.es\/fr\/wp-json\/wp\/v2\/product_brand?post=4906"},{"taxonomy":"product_cat","embeddable":true,"href":"https:\/\/impresiondigitalgranformato.es\/fr\/wp-json\/wp\/v2\/product_cat?post=4906"},{"taxonomy":"product_tag","embeddable":true,"href":"https:\/\/impresiondigitalgranformato.es\/fr\/wp-json\/wp\/v2\/product_tag?post=4906"}],"curies":[{"name":"wp","href":"https:\/\/api.w.org\/{rel}","templated":true}]}}