{"id":5380,"date":"2019-08-14T08:40:39","date_gmt":"2019-08-14T06:40:39","guid":{"rendered":"http:\/\/impresiondigitalgranformato.es\/?post_type=product&#038;p=5380"},"modified":"2025-07-14T11:57:41","modified_gmt":"2025-07-14T09:57:41","slug":"banner-medida-especial","status":"publish","type":"product","link":"https:\/\/impresiondigitalgranformato.es\/fr\/producto\/banner-medida-especial\/","title":{"rendered":"Xbanner Taille sp\u00e9ciale"},"content":{"rendered":"<p>Xbanner Taille sp\u00e9ciale<\/p>\n<p>Nous proposons 4 tailles de xbanner diff\u00e9rentes des tailles standard.<\/p>\n<p>Graphique r\u00e9alis\u00e9 sur toile pvc coul\u00e9e satin\u00e9e avec impression num\u00e9rique de haute qualit\u00e9.<\/p>\n<p>La structure est en fibre de verre pour une meilleure durabilit\u00e9.<\/p>\n<p>inclut un sac de transport.<\/p>\n<p>Cette banni\u00e8re de taille sp\u00e9ciale est largement utilis\u00e9e pour les promotions, les offres et les services. Il s'agit d'une banni\u00e8re peu co\u00fbteuse et tr\u00e8s visible.<\/p>\n<p>Les banni\u00e8res sont tr\u00e8s faciles \u00e0 assembler, elles peuvent \u00eatre mont\u00e9es en 1 minute, vous pouvez le voir sur notre site. <a href=\"https:\/\/youtu.be\/cX6Ehf93SLI\" target=\"_blank\" rel=\"noopener\">vid\u00e9o<\/a> .<\/p>\n<p>L'\u00e9cran est facile \u00e0 transporter car l'ensemble du produit est contenu dans le sac de transport et p\u00e8se environ 1 kilo.<\/p>\n<p>Vous pouvez \u00e9galement opter pour les tailles les plus courantes telles que le mod\u00e8le de <a href=\"https:\/\/impresiondigitalgranformato.es\/fr\/produit\/banniere-economique-60-x-160-cm\/\">60 x 160 cm<\/a> ou celui de <a href=\"https:\/\/impresiondigitalgranformato.es\/fr\/produit\/banniere-80-x-200-cm-pas-cher\/\">80 x 200 cm<\/a><\/p>\n<p><a href=\"https:\/\/impresiondigitalgranformato.es\/fr\/banniere-economique-et-banniere-x\/\">Voir les tailles standard<\/a><\/p>\n<p><span style=\"color: #ff0000;\">RABAIS DE QUANTIT\u00c9 ! !!<\/span><\/p>\n<p><strong>Ce produit peut \u00eatre livr\u00e9 dans les 24 heures<\/strong><\/p>\n<p><strong>*<\/strong> de la 1\u00e8re unit\u00e9<\/p>\n<p data-pbs-phone-margin-bottom=\"18px\"><span style=\"color: #000080;\"><strong>Diff\u00e9rents types d'envois :<\/strong><\/span><\/p>\n<p data-pbs-phone-margin-bottom=\"18px\"><strong>Production et livraison dans un d\u00e9lai d'un jour ouvrable <\/strong>(*ce service n'est valable que pour les commandes confirm\u00e9es avant 11h30 le jour m\u00eame).<\/p>\n<p data-pbs-phone-margin-bottom=\"18px\"><strong>Production et livraison dans les 2 jours ouvrables<\/strong><\/p>\n<p data-pbs-phone-margin-bottom=\"18px\"><strong>Production et livraison dans les 4 jours ouvrables<\/strong><\/p>\n<p data-pbs-phone-margin-bottom=\"18px\"><strong>Production et livraison dans les 8 jours ouvrables<\/strong><\/p>","protected":false},"excerpt":{"rendered":"<p>Nous proposons 4 tailles de xbanner diff\u00e9rentes des tailles standard.<\/p>\n<p>Graphique r\u00e9alis\u00e9 sur toile pvc coul\u00e9e satin\u00e9e avec impression num\u00e9rique de haute qualit\u00e9.<\/p>\n<p>La structure est en fibre de verre pour une meilleure durabilit\u00e9.<\/p>\n<p>inclut un sac de transport.<\/p>\n<p><strong><span style=\"color: #ff0000;\">RABAIS DE QUANTIT\u00c9 ! !!\u00a0<\/span><\/strong><\/p>\n<p><strong>-<\/strong>\u00a0de la 1\u00e8re unit\u00e9<\/p>\n<p>Ce produit peut \u00eatre livr\u00e9 dans les 24 heures<strong>*<\/strong><\/p>\n<p><a href=\"https:\/\/impresiondigitalgranformato.es\/fr\/banniere-economique-et-banniere-x\/\">Voir les tailles standard<\/a><\/p>","protected":false},"featured_media":5383,"comment_status":"open","ping_status":"closed","template":"","meta":[],"product_brand":[],"product_cat":[42],"product_tag":[],"class_list":{"0":"post-5380","1":"product","2":"type-product","3":"status-publish","4":"has-post-thumbnail","6":"product_cat-banner-economico","8":"first","9":"instock","10":"sold-individually","11":"taxable","12":"shipping-taxable","13":"purchasable","14":"product-type-simple"},"yoast_head":"<!-- This site is optimized with the Yoast SEO plugin v27.3 - https:\/\/yoast.com\/product\/yoast-seo-wordpress\/ -->\n<title>banner medida especial - Los + baratos - Env\u00edo Gratuito desde la 1\u00aa unid<\/title>\n<meta name=\"description\" content=\"Banner de medida especial. Ofrecemos tama\u00f1os diferentes a los habituales para adaptarnos a su dise\u00f1o. Env\u00edo gratuito desde la 1\u00aa unidad.\" \/>\n<meta name=\"robots\" content=\"index, follow, max-snippet:-1, max-image-preview:large, max-video-preview:-1\" \/>\n<link rel=\"canonical\" href=\"https:\/\/impresiondigitalgranformato.es\/fr\/produit\/banner-medida-especial\/\" \/>\n<meta property=\"og:locale\" content=\"fr_FR\" \/>\n<meta property=\"og:type\" content=\"article\" \/>\n<meta property=\"og:title\" content=\"banner medida especial - Los + baratos - Env\u00edo Gratuito desde la 1\u00aa unid\" \/>\n<meta property=\"og:description\" content=\"Banner de medida especial. Ofrecemos tama\u00f1os diferentes a los habituales para adaptarnos a su dise\u00f1o. Env\u00edo gratuito desde la 1\u00aa unidad.\" \/>\n<meta property=\"og:url\" content=\"https:\/\/impresiondigitalgranformato.es\/fr\/produit\/banner-medida-especial\/\" \/>\n<meta property=\"og:site_name\" content=\"Los + baratos\" \/>\n<meta property=\"article:modified_time\" content=\"2025-07-14T09:57:41+00:00\" \/>\n<meta property=\"og:image\" content=\"http:\/\/impresiondigitalgranformato.es\/wp-content\/uploads\/2019\/08\/banner-medida-especial.png\" \/>\n\t<meta property=\"og:image:width\" content=\"709\" \/>\n\t<meta property=\"og:image:height\" content=\"709\" \/>\n\t<meta property=\"og:image:type\" content=\"image\/png\" \/>\n<meta name=\"twitter:card\" content=\"summary_large_image\" \/>\n<meta name=\"twitter:label1\" content=\"Dur\u00e9e de lecture estim\u00e9e\" \/>\n\t<meta name=\"twitter:data1\" content=\"2 minutes\" \/>\n<script type=\"application\/ld+json\" class=\"yoast-schema-graph\">{\"@context\":\"https:\\\/\\\/schema.org\",\"@graph\":[{\"@type\":\"WebPage\",\"@id\":\"https:\\\/\\\/impresiondigitalgranformato.es\\\/producto\\\/banner-medida-especial\\\/\",\"url\":\"https:\\\/\\\/impresiondigitalgranformato.es\\\/producto\\\/banner-medida-especial\\\/\",\"name\":\"banner medida especial - Los + baratos - Env\u00edo Gratuito desde la 1\u00aa unid\",\"isPartOf\":{\"@id\":\"https:\\\/\\\/impresiondigitalgranformato.es\\\/#website\"},\"primaryImageOfPage\":{\"@id\":\"https:\\\/\\\/impresiondigitalgranformato.es\\\/producto\\\/banner-medida-especial\\\/#primaryimage\"},\"image\":{\"@id\":\"https:\\\/\\\/impresiondigitalgranformato.es\\\/producto\\\/banner-medida-especial\\\/#primaryimage\"},\"thumbnailUrl\":\"https:\\\/\\\/i0.wp.com\\\/impresiondigitalgranformato.es\\\/wp-content\\\/uploads\\\/2019\\\/08\\\/banner-medida-especial.png?fit=709%2C709&ssl=1\",\"datePublished\":\"2019-08-14T06:40:39+00:00\",\"dateModified\":\"2025-07-14T09:57:41+00:00\",\"description\":\"Banner de medida especial. Ofrecemos tama\u00f1os diferentes a los habituales para adaptarnos a su dise\u00f1o. Env\u00edo gratuito desde la 1\u00aa unidad.\",\"breadcrumb\":{\"@id\":\"https:\\\/\\\/impresiondigitalgranformato.es\\\/producto\\\/banner-medida-especial\\\/#breadcrumb\"},\"inLanguage\":\"fr-FR\",\"potentialAction\":[{\"@type\":\"ReadAction\",\"target\":[\"https:\\\/\\\/impresiondigitalgranformato.es\\\/producto\\\/banner-medida-especial\\\/\"]}]},{\"@type\":\"ImageObject\",\"inLanguage\":\"fr-FR\",\"@id\":\"https:\\\/\\\/impresiondigitalgranformato.es\\\/producto\\\/banner-medida-especial\\\/#primaryimage\",\"url\":\"https:\\\/\\\/i0.wp.com\\\/impresiondigitalgranformato.es\\\/wp-content\\\/uploads\\\/2019\\\/08\\\/banner-medida-especial.png?fit=709%2C709&ssl=1\",\"contentUrl\":\"https:\\\/\\\/i0.wp.com\\\/impresiondigitalgranformato.es\\\/wp-content\\\/uploads\\\/2019\\\/08\\\/banner-medida-especial.png?fit=709%2C709&ssl=1\",\"width\":709,\"height\":709,\"caption\":\"banner tama\u00f1o especial\"},{\"@type\":\"BreadcrumbList\",\"@id\":\"https:\\\/\\\/impresiondigitalgranformato.es\\\/producto\\\/banner-medida-especial\\\/#breadcrumb\",\"itemListElement\":[{\"@type\":\"ListItem\",\"position\":1,\"name\":\"Portada\",\"item\":\"https:\\\/\\\/impresiondigitalgranformato.es\\\/\"},{\"@type\":\"ListItem\",\"position\":2,\"name\":\"Productos\",\"item\":\"https:\\\/\\\/impresiondigitalgranformato.es\\\/venta-roll-up-banner\\\/\"},{\"@type\":\"ListItem\",\"position\":3,\"name\":\"banner medida especial\"}]},{\"@type\":\"WebSite\",\"@id\":\"https:\\\/\\\/impresiondigitalgranformato.es\\\/#website\",\"url\":\"https:\\\/\\\/impresiondigitalgranformato.es\\\/\",\"name\":\"Los + baratos\",\"description\":\"impresi\u00f3n digital gran formato venta de roll up, banner, banderas, lonas, carteles, displays, publicidad\",\"publisher\":{\"@id\":\"https:\\\/\\\/impresiondigitalgranformato.es\\\/#organization\"},\"potentialAction\":[{\"@type\":\"SearchAction\",\"target\":{\"@type\":\"EntryPoint\",\"urlTemplate\":\"https:\\\/\\\/impresiondigitalgranformato.es\\\/?s={search_term_string}\"},\"query-input\":{\"@type\":\"PropertyValueSpecification\",\"valueRequired\":true,\"valueName\":\"search_term_string\"}}],\"inLanguage\":\"fr-FR\"},{\"@type\":\"Organization\",\"@id\":\"https:\\\/\\\/impresiondigitalgranformato.es\\\/#organization\",\"name\":\"Los + baratos\",\"url\":\"https:\\\/\\\/impresiondigitalgranformato.es\\\/\",\"logo\":{\"@type\":\"ImageObject\",\"inLanguage\":\"fr-FR\",\"@id\":\"https:\\\/\\\/impresiondigitalgranformato.es\\\/#\\\/schema\\\/logo\\\/image\\\/\",\"url\":\"https:\\\/\\\/i0.wp.com\\\/impresiondigitalgranformato.es\\\/wp-content\\\/uploads\\\/2016\\\/12\\\/cropped-logotipo-2-e1483373659766.png?fit=500%2C101&ssl=1\",\"contentUrl\":\"https:\\\/\\\/i0.wp.com\\\/impresiondigitalgranformato.es\\\/wp-content\\\/uploads\\\/2016\\\/12\\\/cropped-logotipo-2-e1483373659766.png?fit=500%2C101&ssl=1\",\"width\":500,\"height\":101,\"caption\":\"Los + baratos\"},\"image\":{\"@id\":\"https:\\\/\\\/impresiondigitalgranformato.es\\\/#\\\/schema\\\/logo\\\/image\\\/\"}}]}<\/script>\n<!-- \/ Yoast SEO plugin. -->","yoast_head_json":{"title":"banner medida especial - Los + baratos - Env\u00edo Gratuito desde la 1\u00aa unid","description":"Banner de medida especial. Ofrecemos tama\u00f1os diferentes a los habituales para adaptarnos a su dise\u00f1o. Env\u00edo gratuito desde la 1\u00aa unidad.","robots":{"index":"index","follow":"follow","max-snippet":"max-snippet:-1","max-image-preview":"max-image-preview:large","max-video-preview":"max-video-preview:-1"},"canonical":"https:\/\/impresiondigitalgranformato.es\/fr\/produit\/banner-medida-especial\/","og_locale":"fr_FR","og_type":"article","og_title":"banner medida especial - Los + baratos - Env\u00edo Gratuito desde la 1\u00aa unid","og_description":"Banner de medida especial. Ofrecemos tama\u00f1os diferentes a los habituales para adaptarnos a su dise\u00f1o. Env\u00edo gratuito desde la 1\u00aa unidad.","og_url":"https:\/\/impresiondigitalgranformato.es\/fr\/produit\/banner-medida-especial\/","og_site_name":"Los + baratos","article_modified_time":"2025-07-14T09:57:41+00:00","og_image":[{"width":709,"height":709,"url":"http:\/\/impresiondigitalgranformato.es\/wp-content\/uploads\/2019\/08\/banner-medida-especial.png","type":"image\/png"}],"twitter_card":"summary_large_image","twitter_misc":{"Dur\u00e9e de lecture estim\u00e9e":"2 minutes"},"schema":{"@context":"https:\/\/schema.org","@graph":[{"@type":"WebPage","@id":"https:\/\/impresiondigitalgranformato.es\/producto\/banner-medida-especial\/","url":"https:\/\/impresiondigitalgranformato.es\/producto\/banner-medida-especial\/","name":"banner medida especial - Los + baratos - Env\u00edo Gratuito desde la 1\u00aa unid","isPartOf":{"@id":"https:\/\/impresiondigitalgranformato.es\/#website"},"primaryImageOfPage":{"@id":"https:\/\/impresiondigitalgranformato.es\/producto\/banner-medida-especial\/#primaryimage"},"image":{"@id":"https:\/\/impresiondigitalgranformato.es\/producto\/banner-medida-especial\/#primaryimage"},"thumbnailUrl":"https:\/\/i0.wp.com\/impresiondigitalgranformato.es\/wp-content\/uploads\/2019\/08\/banner-medida-especial.png?fit=709%2C709&ssl=1","datePublished":"2019-08-14T06:40:39+00:00","dateModified":"2025-07-14T09:57:41+00:00","description":"Banner de medida especial. Ofrecemos tama\u00f1os diferentes a los habituales para adaptarnos a su dise\u00f1o. Env\u00edo gratuito desde la 1\u00aa unidad.","breadcrumb":{"@id":"https:\/\/impresiondigitalgranformato.es\/producto\/banner-medida-especial\/#breadcrumb"},"inLanguage":"fr-FR","potentialAction":[{"@type":"ReadAction","target":["https:\/\/impresiondigitalgranformato.es\/producto\/banner-medida-especial\/"]}]},{"@type":"ImageObject","inLanguage":"fr-FR","@id":"https:\/\/impresiondigitalgranformato.es\/producto\/banner-medida-especial\/#primaryimage","url":"https:\/\/i0.wp.com\/impresiondigitalgranformato.es\/wp-content\/uploads\/2019\/08\/banner-medida-especial.png?fit=709%2C709&ssl=1","contentUrl":"https:\/\/i0.wp.com\/impresiondigitalgranformato.es\/wp-content\/uploads\/2019\/08\/banner-medida-especial.png?fit=709%2C709&ssl=1","width":709,"height":709,"caption":"banner tama\u00f1o especial"},{"@type":"BreadcrumbList","@id":"https:\/\/impresiondigitalgranformato.es\/producto\/banner-medida-especial\/#breadcrumb","itemListElement":[{"@type":"ListItem","position":1,"name":"Portada","item":"https:\/\/impresiondigitalgranformato.es\/"},{"@type":"ListItem","position":2,"name":"Productos","item":"https:\/\/impresiondigitalgranformato.es\/venta-roll-up-banner\/"},{"@type":"ListItem","position":3,"name":"banner medida especial"}]},{"@type":"WebSite","@id":"https:\/\/impresiondigitalgranformato.es\/#website","url":"https:\/\/impresiondigitalgranformato.es\/","name":"Les moins chers","description":"impression num\u00e9rique grand format vente de roll up, banni\u00e8res, drapeaux, banderoles, b\u00e2ches, affiches, pr\u00e9sentoirs, publicit\u00e9s","publisher":{"@id":"https:\/\/impresiondigitalgranformato.es\/#organization"},"potentialAction":[{"@type":"SearchAction","target":{"@type":"EntryPoint","urlTemplate":"https:\/\/impresiondigitalgranformato.es\/?s={search_term_string}"},"query-input":{"@type":"PropertyValueSpecification","valueRequired":true,"valueName":"search_term_string"}}],"inLanguage":"fr-FR"},{"@type":"Organization","@id":"https:\/\/impresiondigitalgranformato.es\/#organization","name":"Les moins chers","url":"https:\/\/impresiondigitalgranformato.es\/","logo":{"@type":"ImageObject","inLanguage":"fr-FR","@id":"https:\/\/impresiondigitalgranformato.es\/#\/schema\/logo\/image\/","url":"https:\/\/i0.wp.com\/impresiondigitalgranformato.es\/wp-content\/uploads\/2016\/12\/cropped-logotipo-2-e1483373659766.png?fit=500%2C101&ssl=1","contentUrl":"https:\/\/i0.wp.com\/impresiondigitalgranformato.es\/wp-content\/uploads\/2016\/12\/cropped-logotipo-2-e1483373659766.png?fit=500%2C101&ssl=1","width":500,"height":101,"caption":"Los + baratos"},"image":{"@id":"https:\/\/impresiondigitalgranformato.es\/#\/schema\/logo\/image\/"}}]}},"jetpack_sharing_enabled":true,"_links":{"self":[{"href":"https:\/\/impresiondigitalgranformato.es\/fr\/wp-json\/wp\/v2\/product\/5380","targetHints":{"allow":["GET"]}}],"collection":[{"href":"https:\/\/impresiondigitalgranformato.es\/fr\/wp-json\/wp\/v2\/product"}],"about":[{"href":"https:\/\/impresiondigitalgranformato.es\/fr\/wp-json\/wp\/v2\/types\/product"}],"replies":[{"embeddable":true,"href":"https:\/\/impresiondigitalgranformato.es\/fr\/wp-json\/wp\/v2\/comments?post=5380"}],"wp:featuredmedia":[{"embeddable":true,"href":"https:\/\/impresiondigitalgranformato.es\/fr\/wp-json\/wp\/v2\/media\/5383"}],"wp:attachment":[{"href":"https:\/\/impresiondigitalgranformato.es\/fr\/wp-json\/wp\/v2\/media?parent=5380"}],"wp:term":[{"taxonomy":"product_brand","embeddable":true,"href":"https:\/\/impresiondigitalgranformato.es\/fr\/wp-json\/wp\/v2\/product_brand?post=5380"},{"taxonomy":"product_cat","embeddable":true,"href":"https:\/\/impresiondigitalgranformato.es\/fr\/wp-json\/wp\/v2\/product_cat?post=5380"},{"taxonomy":"product_tag","embeddable":true,"href":"https:\/\/impresiondigitalgranformato.es\/fr\/wp-json\/wp\/v2\/product_tag?post=5380"}],"curies":[{"name":"wp","href":"https:\/\/api.w.org\/{rel}","templated":true}]}}