{"id":5417,"date":"2019-08-28T21:00:41","date_gmt":"2019-08-28T19:00:41","guid":{"rendered":"http:\/\/impresiondigitalgranformato.es\/?post_type=product&#038;p=5417"},"modified":"2025-07-24T12:54:39","modified_gmt":"2025-07-24T10:54:39","slug":"cartel-economico-pvc-forex","status":"publish","type":"product","link":"https:\/\/impresiondigitalgranformato.es\/fr\/producto\/cartel-economico-pvc-forex\/","title":{"rendered":"Affiche en PVC (forex)"},"content":{"rendered":"<p>Cartel econ\u00f3mico pvc forex pero de gran resistencia.<\/p>\n<p>El cartel econ\u00f3mico de PVC o FOREX econ\u00f3mico es ideal para decoraci\u00f3n interior, tambi\u00e9n es valido para exterior*<\/p>\n<p>** el pvc expandido o forex no es aconsejable para fachadas al exterior que tengan un gran numero de horas de exposici\u00f3n al sol.<\/p>\n<p>Fabriqu\u00e9 en impression num\u00e9rique\u00a0<strong>1440 dpi<\/strong>\u00a0sobre vinilo de alto agarre + laminado en mate y pegado sobre el pvc del grosor elegido (3, 5 o 10 mm)<\/p>\n<h4><strong>Cartel de pvc o forex de 3 mm de grosor:<\/strong><\/h4>\n<p>utilizado para carteles alargados en interior pegados o atornillados a la pared, decoraci\u00f3n de columnas, displays publicitarios econ\u00f3micos en formato A5, A4 y A3<\/p>\n<h4><strong>Cartel de pvc o forex de 5 mm de grosor:<\/strong><\/h4>\n<p>utilizado para la decoraci\u00f3n de paredes completas pegado o atornillado a la pared en interior fotomurales, displays publicitarios econ\u00f3micos, A2, A1, A0, 50 x 70 cm, 70 x 100 cm<\/p>\n<h4><strong>Cartel de pvc o forex de 10 mm de grosor:<\/strong><\/h4>\n<p>utilizado para cuadros individuales pegados o atornillados, decoraci\u00f3n de paredes completas en interior o exterior* pegado o atornillado fotomurales, r\u00f3tulos en interior o exterior*<\/p>\n<p>&nbsp;<\/p>\n<p><strong>Los carteles de pvc o forex<\/strong> est\u00e1n impresos en alta calidad y siempre est\u00e1n laminados y protegidos con una lamina incolora para poder limpiar el cartel en caso de manchas<strong>.<\/strong> Ideal para decorar de un modo econ\u00f3mico, sin tornillos ni agujeros, ya que al ser tan ligero, puedes sujetarlo con la cinta doble cara, silicona &#8230; Estos carteles en PVC son ideales para decorar con tu dise\u00f1o o foto siempre al mejor precio. Los paneles de pvc permiten tapar paredes con gotel\u00e9, o <a href=\"https:\/\/www.pinterest.es\/callejadecastro\/decoraci%C3%B3n-de-stands\/\">decorar el stand de una feria<\/a> de un modo econ\u00f3mico.<\/p>\n<p>&nbsp;<\/p>\n<p>Compre siempre en nuestra web y aseg\u00farese el mejor precio con la mayor calidad del mercado. En carteles, rollup, <a href=\"https:\/\/impresiondigitalgranformato.es\/fr\/categorie-produit\/banner-economico\/\">banni\u00e8re<\/a>, photocall, banderas&#8230; Consulte a nuestros profesionales y ellos le asesoraran y aconsejaran a la hora de realizar la compra.<\/p>","protected":false},"excerpt":{"rendered":"<p>Cartel econ\u00f3mico pvc forex pero de gran resistencia.<\/p>\n<p>Fabriqu\u00e9 en impression num\u00e9rique <strong>1440 dpi<\/strong><\/p>\n<p><strong><span style=\"color: #ff9900;\">-<\/span><\/strong><\/p>","protected":false},"featured_media":5423,"comment_status":"open","ping_status":"closed","template":"","meta":[],"product_brand":[],"product_cat":[77],"product_tag":[87,86],"class_list":{"0":"post-5417","1":"product","2":"type-product","3":"status-publish","4":"has-post-thumbnail","6":"product_cat-carteleria-economica","7":"product_tag-extensible","8":"product_tag-photocall-eventos-fiestas","10":"first","11":"instock","12":"sold-individually","13":"taxable","14":"shipping-taxable","15":"purchasable","16":"product-type-simple"},"yoast_head":"<!-- This site is optimized with the Yoast SEO plugin v27.3 - https:\/\/yoast.com\/product\/yoast-seo-wordpress\/ -->\n<title>cartel economico pvc forex - Env\u00edo Gratuito - cartel PVC<\/title>\n<meta name=\"description\" content=\"cartel economico pvc forex, realizado en impresion digital sobre pvc (forex) del grosor elegido. 3, 5 o 10 mm. Vea el precio del cartel de pvc econ\u00f3mico\" \/>\n<meta name=\"robots\" content=\"index, follow, max-snippet:-1, max-image-preview:large, max-video-preview:-1\" \/>\n<link rel=\"canonical\" href=\"https:\/\/impresiondigitalgranformato.es\/fr\/produit\/cartel-economico-pvc-forex\/\" \/>\n<meta property=\"og:locale\" content=\"fr_FR\" \/>\n<meta property=\"og:type\" content=\"article\" \/>\n<meta property=\"og:title\" content=\"cartel economico pvc forex - Env\u00edo Gratuito - cartel PVC\" \/>\n<meta property=\"og:description\" content=\"cartel economico pvc forex, realizado en impresion digital sobre pvc (forex) del grosor elegido. 3, 5 o 10 mm. Vea el precio del cartel de pvc econ\u00f3mico\" \/>\n<meta property=\"og:url\" content=\"https:\/\/impresiondigitalgranformato.es\/fr\/produit\/cartel-economico-pvc-forex\/\" \/>\n<meta property=\"og:site_name\" content=\"Los + baratos\" \/>\n<meta property=\"article:modified_time\" content=\"2025-07-24T10:54:39+00:00\" \/>\n<meta property=\"og:image\" content=\"http:\/\/impresiondigitalgranformato.es\/wp-content\/uploads\/2019\/08\/carteles-pvc-economicos.png\" \/>\n\t<meta property=\"og:image:width\" content=\"454\" \/>\n\t<meta property=\"og:image:height\" content=\"454\" \/>\n\t<meta property=\"og:image:type\" content=\"image\/png\" \/>\n<meta name=\"twitter:card\" content=\"summary_large_image\" \/>\n<meta name=\"twitter:label1\" content=\"Dur\u00e9e de lecture estim\u00e9e\" \/>\n\t<meta name=\"twitter:data1\" content=\"2 minutes\" \/>\n<script type=\"application\/ld+json\" class=\"yoast-schema-graph\">{\"@context\":\"https:\\\/\\\/schema.org\",\"@graph\":[{\"@type\":\"WebPage\",\"@id\":\"https:\\\/\\\/impresiondigitalgranformato.es\\\/producto\\\/cartel-economico-pvc-forex\\\/\",\"url\":\"https:\\\/\\\/impresiondigitalgranformato.es\\\/producto\\\/cartel-economico-pvc-forex\\\/\",\"name\":\"cartel economico pvc forex - Env\u00edo Gratuito - cartel PVC\",\"isPartOf\":{\"@id\":\"https:\\\/\\\/impresiondigitalgranformato.es\\\/#website\"},\"primaryImageOfPage\":{\"@id\":\"https:\\\/\\\/impresiondigitalgranformato.es\\\/producto\\\/cartel-economico-pvc-forex\\\/#primaryimage\"},\"image\":{\"@id\":\"https:\\\/\\\/impresiondigitalgranformato.es\\\/producto\\\/cartel-economico-pvc-forex\\\/#primaryimage\"},\"thumbnailUrl\":\"https:\\\/\\\/i0.wp.com\\\/impresiondigitalgranformato.es\\\/wp-content\\\/uploads\\\/2019\\\/08\\\/carteles-pvc-economicos.png?fit=454%2C454&ssl=1\",\"datePublished\":\"2019-08-28T19:00:41+00:00\",\"dateModified\":\"2025-07-24T10:54:39+00:00\",\"description\":\"cartel economico pvc forex, realizado en impresion digital sobre pvc (forex) del grosor elegido. 3, 5 o 10 mm. Vea el precio del cartel de pvc econ\u00f3mico\",\"breadcrumb\":{\"@id\":\"https:\\\/\\\/impresiondigitalgranformato.es\\\/producto\\\/cartel-economico-pvc-forex\\\/#breadcrumb\"},\"inLanguage\":\"fr-FR\",\"potentialAction\":[{\"@type\":\"ReadAction\",\"target\":[\"https:\\\/\\\/impresiondigitalgranformato.es\\\/producto\\\/cartel-economico-pvc-forex\\\/\"]}]},{\"@type\":\"ImageObject\",\"inLanguage\":\"fr-FR\",\"@id\":\"https:\\\/\\\/impresiondigitalgranformato.es\\\/producto\\\/cartel-economico-pvc-forex\\\/#primaryimage\",\"url\":\"https:\\\/\\\/i0.wp.com\\\/impresiondigitalgranformato.es\\\/wp-content\\\/uploads\\\/2019\\\/08\\\/carteles-pvc-economicos.png?fit=454%2C454&ssl=1\",\"contentUrl\":\"https:\\\/\\\/i0.wp.com\\\/impresiondigitalgranformato.es\\\/wp-content\\\/uploads\\\/2019\\\/08\\\/carteles-pvc-economicos.png?fit=454%2C454&ssl=1\",\"width\":454,\"height\":454,\"caption\":\"cartel economico forex\"},{\"@type\":\"BreadcrumbList\",\"@id\":\"https:\\\/\\\/impresiondigitalgranformato.es\\\/producto\\\/cartel-economico-pvc-forex\\\/#breadcrumb\",\"itemListElement\":[{\"@type\":\"ListItem\",\"position\":1,\"name\":\"Portada\",\"item\":\"https:\\\/\\\/impresiondigitalgranformato.es\\\/\"},{\"@type\":\"ListItem\",\"position\":2,\"name\":\"Productos\",\"item\":\"https:\\\/\\\/impresiondigitalgranformato.es\\\/venta-roll-up-banner\\\/\"},{\"@type\":\"ListItem\",\"position\":3,\"name\":\"cartel de PVC (forex)\"}]},{\"@type\":\"WebSite\",\"@id\":\"https:\\\/\\\/impresiondigitalgranformato.es\\\/#website\",\"url\":\"https:\\\/\\\/impresiondigitalgranformato.es\\\/\",\"name\":\"Los + baratos\",\"description\":\"impresi\u00f3n digital gran formato venta de roll up, banner, banderas, lonas, carteles, displays, publicidad\",\"publisher\":{\"@id\":\"https:\\\/\\\/impresiondigitalgranformato.es\\\/#organization\"},\"potentialAction\":[{\"@type\":\"SearchAction\",\"target\":{\"@type\":\"EntryPoint\",\"urlTemplate\":\"https:\\\/\\\/impresiondigitalgranformato.es\\\/?s={search_term_string}\"},\"query-input\":{\"@type\":\"PropertyValueSpecification\",\"valueRequired\":true,\"valueName\":\"search_term_string\"}}],\"inLanguage\":\"fr-FR\"},{\"@type\":\"Organization\",\"@id\":\"https:\\\/\\\/impresiondigitalgranformato.es\\\/#organization\",\"name\":\"Los + baratos\",\"url\":\"https:\\\/\\\/impresiondigitalgranformato.es\\\/\",\"logo\":{\"@type\":\"ImageObject\",\"inLanguage\":\"fr-FR\",\"@id\":\"https:\\\/\\\/impresiondigitalgranformato.es\\\/#\\\/schema\\\/logo\\\/image\\\/\",\"url\":\"https:\\\/\\\/i0.wp.com\\\/impresiondigitalgranformato.es\\\/wp-content\\\/uploads\\\/2016\\\/12\\\/cropped-logotipo-2-e1483373659766.png?fit=500%2C101&ssl=1\",\"contentUrl\":\"https:\\\/\\\/i0.wp.com\\\/impresiondigitalgranformato.es\\\/wp-content\\\/uploads\\\/2016\\\/12\\\/cropped-logotipo-2-e1483373659766.png?fit=500%2C101&ssl=1\",\"width\":500,\"height\":101,\"caption\":\"Los + baratos\"},\"image\":{\"@id\":\"https:\\\/\\\/impresiondigitalgranformato.es\\\/#\\\/schema\\\/logo\\\/image\\\/\"}}]}<\/script>\n<!-- \/ Yoast SEO plugin. -->","yoast_head_json":{"title":"cartel economico pvc forex - Env\u00edo Gratuito - cartel PVC","description":"cartel economico pvc forex, realizado en impresion digital sobre pvc (forex) del grosor elegido. 3, 5 o 10 mm. Vea el precio del cartel de pvc econ\u00f3mico","robots":{"index":"index","follow":"follow","max-snippet":"max-snippet:-1","max-image-preview":"max-image-preview:large","max-video-preview":"max-video-preview:-1"},"canonical":"https:\/\/impresiondigitalgranformato.es\/fr\/produit\/cartel-economico-pvc-forex\/","og_locale":"fr_FR","og_type":"article","og_title":"cartel economico pvc forex - Env\u00edo Gratuito - cartel PVC","og_description":"cartel economico pvc forex, realizado en impresion digital sobre pvc (forex) del grosor elegido. 3, 5 o 10 mm. Vea el precio del cartel de pvc econ\u00f3mico","og_url":"https:\/\/impresiondigitalgranformato.es\/fr\/produit\/cartel-economico-pvc-forex\/","og_site_name":"Los + baratos","article_modified_time":"2025-07-24T10:54:39+00:00","og_image":[{"width":454,"height":454,"url":"http:\/\/impresiondigitalgranformato.es\/wp-content\/uploads\/2019\/08\/carteles-pvc-economicos.png","type":"image\/png"}],"twitter_card":"summary_large_image","twitter_misc":{"Dur\u00e9e de lecture estim\u00e9e":"2 minutes"},"schema":{"@context":"https:\/\/schema.org","@graph":[{"@type":"WebPage","@id":"https:\/\/impresiondigitalgranformato.es\/producto\/cartel-economico-pvc-forex\/","url":"https:\/\/impresiondigitalgranformato.es\/producto\/cartel-economico-pvc-forex\/","name":"cartel economico pvc forex - Env\u00edo Gratuito - cartel PVC","isPartOf":{"@id":"https:\/\/impresiondigitalgranformato.es\/#website"},"primaryImageOfPage":{"@id":"https:\/\/impresiondigitalgranformato.es\/producto\/cartel-economico-pvc-forex\/#primaryimage"},"image":{"@id":"https:\/\/impresiondigitalgranformato.es\/producto\/cartel-economico-pvc-forex\/#primaryimage"},"thumbnailUrl":"https:\/\/i0.wp.com\/impresiondigitalgranformato.es\/wp-content\/uploads\/2019\/08\/carteles-pvc-economicos.png?fit=454%2C454&ssl=1","datePublished":"2019-08-28T19:00:41+00:00","dateModified":"2025-07-24T10:54:39+00:00","description":"cartel economico pvc forex, realizado en impresion digital sobre pvc (forex) del grosor elegido. 3, 5 o 10 mm. Vea el precio del cartel de pvc econ\u00f3mico","breadcrumb":{"@id":"https:\/\/impresiondigitalgranformato.es\/producto\/cartel-economico-pvc-forex\/#breadcrumb"},"inLanguage":"fr-FR","potentialAction":[{"@type":"ReadAction","target":["https:\/\/impresiondigitalgranformato.es\/producto\/cartel-economico-pvc-forex\/"]}]},{"@type":"ImageObject","inLanguage":"fr-FR","@id":"https:\/\/impresiondigitalgranformato.es\/producto\/cartel-economico-pvc-forex\/#primaryimage","url":"https:\/\/i0.wp.com\/impresiondigitalgranformato.es\/wp-content\/uploads\/2019\/08\/carteles-pvc-economicos.png?fit=454%2C454&ssl=1","contentUrl":"https:\/\/i0.wp.com\/impresiondigitalgranformato.es\/wp-content\/uploads\/2019\/08\/carteles-pvc-economicos.png?fit=454%2C454&ssl=1","width":454,"height":454,"caption":"cartel economico forex"},{"@type":"BreadcrumbList","@id":"https:\/\/impresiondigitalgranformato.es\/producto\/cartel-economico-pvc-forex\/#breadcrumb","itemListElement":[{"@type":"ListItem","position":1,"name":"Portada","item":"https:\/\/impresiondigitalgranformato.es\/"},{"@type":"ListItem","position":2,"name":"Productos","item":"https:\/\/impresiondigitalgranformato.es\/venta-roll-up-banner\/"},{"@type":"ListItem","position":3,"name":"cartel de PVC (forex)"}]},{"@type":"WebSite","@id":"https:\/\/impresiondigitalgranformato.es\/#website","url":"https:\/\/impresiondigitalgranformato.es\/","name":"Les moins chers","description":"impression num\u00e9rique grand format vente de roll up, banni\u00e8res, drapeaux, banderoles, b\u00e2ches, affiches, pr\u00e9sentoirs, publicit\u00e9s","publisher":{"@id":"https:\/\/impresiondigitalgranformato.es\/#organization"},"potentialAction":[{"@type":"SearchAction","target":{"@type":"EntryPoint","urlTemplate":"https:\/\/impresiondigitalgranformato.es\/?s={search_term_string}"},"query-input":{"@type":"PropertyValueSpecification","valueRequired":true,"valueName":"search_term_string"}}],"inLanguage":"fr-FR"},{"@type":"Organization","@id":"https:\/\/impresiondigitalgranformato.es\/#organization","name":"Les moins chers","url":"https:\/\/impresiondigitalgranformato.es\/","logo":{"@type":"ImageObject","inLanguage":"fr-FR","@id":"https:\/\/impresiondigitalgranformato.es\/#\/schema\/logo\/image\/","url":"https:\/\/i0.wp.com\/impresiondigitalgranformato.es\/wp-content\/uploads\/2016\/12\/cropped-logotipo-2-e1483373659766.png?fit=500%2C101&ssl=1","contentUrl":"https:\/\/i0.wp.com\/impresiondigitalgranformato.es\/wp-content\/uploads\/2016\/12\/cropped-logotipo-2-e1483373659766.png?fit=500%2C101&ssl=1","width":500,"height":101,"caption":"Los + baratos"},"image":{"@id":"https:\/\/impresiondigitalgranformato.es\/#\/schema\/logo\/image\/"}}]}},"jetpack_sharing_enabled":true,"_links":{"self":[{"href":"https:\/\/impresiondigitalgranformato.es\/fr\/wp-json\/wp\/v2\/product\/5417","targetHints":{"allow":["GET"]}}],"collection":[{"href":"https:\/\/impresiondigitalgranformato.es\/fr\/wp-json\/wp\/v2\/product"}],"about":[{"href":"https:\/\/impresiondigitalgranformato.es\/fr\/wp-json\/wp\/v2\/types\/product"}],"replies":[{"embeddable":true,"href":"https:\/\/impresiondigitalgranformato.es\/fr\/wp-json\/wp\/v2\/comments?post=5417"}],"wp:featuredmedia":[{"embeddable":true,"href":"https:\/\/impresiondigitalgranformato.es\/fr\/wp-json\/wp\/v2\/media\/5423"}],"wp:attachment":[{"href":"https:\/\/impresiondigitalgranformato.es\/fr\/wp-json\/wp\/v2\/media?parent=5417"}],"wp:term":[{"taxonomy":"product_brand","embeddable":true,"href":"https:\/\/impresiondigitalgranformato.es\/fr\/wp-json\/wp\/v2\/product_brand?post=5417"},{"taxonomy":"product_cat","embeddable":true,"href":"https:\/\/impresiondigitalgranformato.es\/fr\/wp-json\/wp\/v2\/product_cat?post=5417"},{"taxonomy":"product_tag","embeddable":true,"href":"https:\/\/impresiondigitalgranformato.es\/fr\/wp-json\/wp\/v2\/product_tag?post=5417"}],"curies":[{"name":"wp","href":"https:\/\/api.w.org\/{rel}","templated":true}]}}