{"id":5532,"date":"2019-09-06T19:27:59","date_gmt":"2019-09-06T17:27:59","guid":{"rendered":"http:\/\/impresiondigitalgranformato.es\/?post_type=product&#038;p=5532"},"modified":"2025-07-04T18:10:11","modified_gmt":"2025-07-04T16:10:11","slug":"rollup-premium-economico","status":"publish","type":"product","link":"https:\/\/impresiondigitalgranformato.es\/fr\/producto\/rollup-premium-economico\/","title":{"rendered":"rollup PREMIUM"},"content":{"rendered":"<h2><span style=\"color: #333333;\">Premium economy roll up<\/span><\/h2>\n<h2>QUALITE ! fait rouler<\/h2>\n<p><span style=\"color: #333333;\">La structure de l'enrouleur de la classe \u00e9conomique sup\u00e9rieure est compos\u00e9e d'un <strong>aluminium plus r\u00e9sistant<\/strong> et comprend un <strong>vannerie inf\u00e9rieure<\/strong>\u00a0pour am\u00e9liorer la <strong>stabilit\u00e9<\/strong> gr\u00e2ce \u00e0 son poids.<\/span><\/p>\n<p><span style=\"color: #333333;\">Les\u00a0<strong>le couvercle est rembourr\u00e9<\/strong> pour une meilleure durabilit\u00e9 du roll up pendant le transport.<\/span><\/p>\n<p><span style=\"color: #333333;\">Le graphisme du poster enroulable est r\u00e9alis\u00e9 en toile pvc 450 gr. avec une finition satin\u00e9e. <strong>(pour \u00e9viter les d\u00e9chirures et les plis)<\/strong><\/span><\/p>\n<p><span style=\"color: #333333;\">L'impression des visuels de l'enrouleur premium economy est r\u00e9alis\u00e9e \u00e0 <strong>impression num\u00e9rique de haute qualit\u00e9<\/strong><\/span><\/p>\n<p>Diff\u00e9rentes tailles sont disponibles pour l'enrouleur premium economy : 60 x 200 cm, 80 x 200 cm, 85 x 200 cm, 100 x 200 cm, 120 x 200 cm et d'autres encore. <strong>servira de photocall :<\/strong> 150 x 200 cm, 175 x 200 cm, 200 x 200 cm, 220 x 200 cm et 240 x 200 cm. <a href=\"https:\/\/impresiondigitalgranformato.es\/fr\/categorie-produit\/photocall-bon-marche\/\">nous disposons \u00e9galement d'une section pour l'achat de photocalls.<\/a><\/p>\n<p>&nbsp;<\/p>\n<h4>Les rouleaux<\/h4>\n<p>Ils constituent un outil de publicit\u00e9 pour vos produits ou services qui <a href=\"https:\/\/www.diarioinformacion.com\/blogs\/diseno-y-marketing\/roll-up-la-nueva-moda-del-marketing-publicitario.html\" target=\"_blank\" rel=\"noopener\">est de plus en plus utilis\u00e9<\/a>. Pour les salons, les congr\u00e8s, les points de vente ou simplement pour la signal\u00e9tique. Sa facilit\u00e9 de montage et de d\u00e9montage et sa l\u00e9g\u00e8ret\u00e9 font de cette banni\u00e8re enroulable l'une des plus utilis\u00e9es dans la pr\u00e9paration d'\u00e9v\u00e9nements. B\u00e9n\u00e9ficiez d'une publicit\u00e9 \u00e9conomique et durable.<\/p>\n<p>&nbsp;<\/p>\n<p><span style=\"color: #ff0000;\">RABAIS DE QUANTIT\u00c9 ! !!<\/span><\/p>\n<p><strong>Ce produit peut \u00eatre livr\u00e9 dans les 24 heures<\/strong><\/p>\n<p><strong>*<\/strong>\u00a0de la 1\u00e8re unit\u00e9<\/p>\n<p data-pbs-phone-margin-bottom=\"18px\"><span style=\"color: #000080;\"><strong>Diff\u00e9rents types d'envois :<\/strong><\/span><\/p>\n<p data-pbs-phone-margin-bottom=\"18px\"><strong>Production et livraison dans un d\u00e9lai d'un jour ouvrable\u00a0<\/strong>(*ce service n'est valable que pour les commandes confirm\u00e9es avant 11h30 le jour m\u00eame).<\/p>\n<p data-pbs-phone-margin-bottom=\"18px\"><strong>Production et livraison dans les 2 jours ouvrables<\/strong><\/p>\n<p data-pbs-phone-margin-bottom=\"18px\"><strong>Production et livraison dans les 4 jours ouvrables<\/strong><\/p>\n<p data-pbs-phone-margin-bottom=\"18px\"><strong>Production et livraison dans les 8 jours ouvrables<\/strong><\/p>","protected":false},"excerpt":{"rendered":"<p><strong>Premium economy roll up<\/strong><\/p>\n<p><span style=\"color: #ff0000;\">RABAIS DE QUANTIT\u00c9 ! !!<\/span><\/p>\n<p><strong>-<\/strong>\u00a0de la 1\u00e8re unit\u00e9<\/p>\n<p><a href=\"https:\/\/impresiondigitalgranformato.es\/fr\/roll-up\/\"><img loading=\"lazy\" decoding=\"async\" class=\"size-full wp-image-12936 alignnone\" src=\"https:\/\/impresiondigitalgranformato.es\/wp-content\/uploads\/2019\/09\/impresion-digital-mas-modelos.png\" alt=\"impression num\u00e9rique plus de mod\u00e8les\" width=\"468\" height=\"61\" srcset=\"https:\/\/i0.wp.com\/impresiondigitalgranformato.es\/wp-content\/uploads\/2019\/09\/impresion-digital-mas-modelos.png?w=468&amp;ssl=1 468w, https:\/\/i0.wp.com\/impresiondigitalgranformato.es\/wp-content\/uploads\/2019\/09\/impresion-digital-mas-modelos.png?resize=100%2C13&amp;ssl=1 100w, https:\/\/i0.wp.com\/impresiondigitalgranformato.es\/wp-content\/uploads\/2019\/09\/impresion-digital-mas-modelos.png?resize=150%2C20&amp;ssl=1 150w, https:\/\/i0.wp.com\/impresiondigitalgranformato.es\/wp-content\/uploads\/2019\/09\/impresion-digital-mas-modelos.png?resize=200%2C26&amp;ssl=1 200w, https:\/\/i0.wp.com\/impresiondigitalgranformato.es\/wp-content\/uploads\/2019\/09\/impresion-digital-mas-modelos.png?resize=300%2C39&amp;ssl=1 300w, https:\/\/i0.wp.com\/impresiondigitalgranformato.es\/wp-content\/uploads\/2019\/09\/impresion-digital-mas-modelos.png?resize=450%2C59&amp;ssl=1 450w\" sizes=\"auto, (max-width: 468px) 100vw, 468px\" \/><\/a><\/p>","protected":false},"featured_media":5534,"comment_status":"open","ping_status":"closed","template":"","meta":[],"product_brand":[],"product_cat":[24],"product_tag":[86],"class_list":{"0":"post-5532","1":"product","2":"type-product","3":"status-publish","4":"has-post-thumbnail","6":"product_cat-roll-up-baratos","7":"product_tag-photocall-eventos-fiestas","9":"first","10":"instock","11":"sold-individually","12":"taxable","13":"shipping-taxable","14":"purchasable","15":"product-type-simple"},"yoast_head":"<!-- This site is optimized with the Yoast SEO plugin v27.3 - https:\/\/yoast.com\/product\/yoast-seo-wordpress\/ -->\n<title>rollup economico premium - Env\u00edo Gratuito - Los + baratos<\/title>\n<meta name=\"description\" content=\"rollup econ\u00f3mico premium. Estructura mas fuerte, grafica en lona, bolsa de transporte del rollup acolchada y como siempre barato. la calidad hecha rollup.\" \/>\n<meta name=\"robots\" content=\"index, follow, max-snippet:-1, max-image-preview:large, max-video-preview:-1\" \/>\n<link rel=\"canonical\" href=\"https:\/\/impresiondigitalgranformato.es\/fr\/produit\/rollup-premium-economico\/\" \/>\n<meta property=\"og:locale\" content=\"fr_FR\" \/>\n<meta property=\"og:type\" content=\"article\" \/>\n<meta property=\"og:title\" content=\"rollup economico premium - Env\u00edo Gratuito - Los + baratos\" \/>\n<meta property=\"og:description\" content=\"rollup econ\u00f3mico premium. Estructura mas fuerte, grafica en lona, bolsa de transporte del rollup acolchada y como siempre barato. la calidad hecha rollup.\" \/>\n<meta property=\"og:url\" content=\"https:\/\/impresiondigitalgranformato.es\/fr\/produit\/rollup-premium-economico\/\" \/>\n<meta property=\"og:site_name\" content=\"Los + baratos\" \/>\n<meta property=\"article:modified_time\" content=\"2025-07-04T16:10:11+00:00\" \/>\n<meta property=\"og:image\" content=\"http:\/\/impresiondigitalgranformato.es\/wp-content\/uploads\/2019\/09\/rollup-economico-premium.png\" \/>\n\t<meta property=\"og:image:width\" content=\"473\" \/>\n\t<meta property=\"og:image:height\" content=\"473\" \/>\n\t<meta property=\"og:image:type\" content=\"image\/png\" \/>\n<meta name=\"twitter:card\" content=\"summary_large_image\" \/>\n<meta name=\"twitter:label1\" content=\"Dur\u00e9e de lecture estim\u00e9e\" \/>\n\t<meta name=\"twitter:data1\" content=\"2 minutes\" \/>\n<script type=\"application\/ld+json\" class=\"yoast-schema-graph\">{\"@context\":\"https:\\\/\\\/schema.org\",\"@graph\":[{\"@type\":\"WebPage\",\"@id\":\"https:\\\/\\\/impresiondigitalgranformato.es\\\/producto\\\/rollup-premium-economico\\\/\",\"url\":\"https:\\\/\\\/impresiondigitalgranformato.es\\\/producto\\\/rollup-premium-economico\\\/\",\"name\":\"rollup economico premium - Env\u00edo Gratuito - Los + baratos\",\"isPartOf\":{\"@id\":\"https:\\\/\\\/impresiondigitalgranformato.es\\\/#website\"},\"primaryImageOfPage\":{\"@id\":\"https:\\\/\\\/impresiondigitalgranformato.es\\\/producto\\\/rollup-premium-economico\\\/#primaryimage\"},\"image\":{\"@id\":\"https:\\\/\\\/impresiondigitalgranformato.es\\\/producto\\\/rollup-premium-economico\\\/#primaryimage\"},\"thumbnailUrl\":\"https:\\\/\\\/i0.wp.com\\\/impresiondigitalgranformato.es\\\/wp-content\\\/uploads\\\/2019\\\/09\\\/rollup-economico-premium.png?fit=473%2C473&ssl=1\",\"datePublished\":\"2019-09-06T17:27:59+00:00\",\"dateModified\":\"2025-07-04T16:10:11+00:00\",\"description\":\"rollup econ\u00f3mico premium. Estructura mas fuerte, grafica en lona, bolsa de transporte del rollup acolchada y como siempre barato. la calidad hecha rollup.\",\"breadcrumb\":{\"@id\":\"https:\\\/\\\/impresiondigitalgranformato.es\\\/producto\\\/rollup-premium-economico\\\/#breadcrumb\"},\"inLanguage\":\"fr-FR\",\"potentialAction\":[{\"@type\":\"ReadAction\",\"target\":[\"https:\\\/\\\/impresiondigitalgranformato.es\\\/producto\\\/rollup-premium-economico\\\/\"]}]},{\"@type\":\"ImageObject\",\"inLanguage\":\"fr-FR\",\"@id\":\"https:\\\/\\\/impresiondigitalgranformato.es\\\/producto\\\/rollup-premium-economico\\\/#primaryimage\",\"url\":\"https:\\\/\\\/i0.wp.com\\\/impresiondigitalgranformato.es\\\/wp-content\\\/uploads\\\/2019\\\/09\\\/rollup-economico-premium.png?fit=473%2C473&ssl=1\",\"contentUrl\":\"https:\\\/\\\/i0.wp.com\\\/impresiondigitalgranformato.es\\\/wp-content\\\/uploads\\\/2019\\\/09\\\/rollup-economico-premium.png?fit=473%2C473&ssl=1\",\"width\":473,\"height\":473,\"caption\":\"rollup barato premium\"},{\"@type\":\"BreadcrumbList\",\"@id\":\"https:\\\/\\\/impresiondigitalgranformato.es\\\/producto\\\/rollup-premium-economico\\\/#breadcrumb\",\"itemListElement\":[{\"@type\":\"ListItem\",\"position\":1,\"name\":\"Portada\",\"item\":\"https:\\\/\\\/impresiondigitalgranformato.es\\\/\"},{\"@type\":\"ListItem\",\"position\":2,\"name\":\"Productos\",\"item\":\"https:\\\/\\\/impresiondigitalgranformato.es\\\/venta-roll-up-banner\\\/\"},{\"@type\":\"ListItem\",\"position\":3,\"name\":\"rollup PREMIUM\"}]},{\"@type\":\"WebSite\",\"@id\":\"https:\\\/\\\/impresiondigitalgranformato.es\\\/#website\",\"url\":\"https:\\\/\\\/impresiondigitalgranformato.es\\\/\",\"name\":\"Los + baratos\",\"description\":\"impresi\u00f3n digital gran formato venta de roll up, banner, banderas, lonas, carteles, displays, publicidad\",\"publisher\":{\"@id\":\"https:\\\/\\\/impresiondigitalgranformato.es\\\/#organization\"},\"potentialAction\":[{\"@type\":\"SearchAction\",\"target\":{\"@type\":\"EntryPoint\",\"urlTemplate\":\"https:\\\/\\\/impresiondigitalgranformato.es\\\/?s={search_term_string}\"},\"query-input\":{\"@type\":\"PropertyValueSpecification\",\"valueRequired\":true,\"valueName\":\"search_term_string\"}}],\"inLanguage\":\"fr-FR\"},{\"@type\":\"Organization\",\"@id\":\"https:\\\/\\\/impresiondigitalgranformato.es\\\/#organization\",\"name\":\"Los + baratos\",\"url\":\"https:\\\/\\\/impresiondigitalgranformato.es\\\/\",\"logo\":{\"@type\":\"ImageObject\",\"inLanguage\":\"fr-FR\",\"@id\":\"https:\\\/\\\/impresiondigitalgranformato.es\\\/#\\\/schema\\\/logo\\\/image\\\/\",\"url\":\"https:\\\/\\\/i0.wp.com\\\/impresiondigitalgranformato.es\\\/wp-content\\\/uploads\\\/2016\\\/12\\\/cropped-logotipo-2-e1483373659766.png?fit=500%2C101&ssl=1\",\"contentUrl\":\"https:\\\/\\\/i0.wp.com\\\/impresiondigitalgranformato.es\\\/wp-content\\\/uploads\\\/2016\\\/12\\\/cropped-logotipo-2-e1483373659766.png?fit=500%2C101&ssl=1\",\"width\":500,\"height\":101,\"caption\":\"Los + baratos\"},\"image\":{\"@id\":\"https:\\\/\\\/impresiondigitalgranformato.es\\\/#\\\/schema\\\/logo\\\/image\\\/\"}}]}<\/script>\n<!-- \/ Yoast SEO plugin. -->","yoast_head_json":{"title":"rollup economico premium - Livraison gratuite - Le + bon march\u00e9","description":"rollup premium economy. Structure plus solide, graphiques en toile, sac de transport rembourr\u00e9 et, comme toujours, rollup bon march\u00e9 de qualit\u00e9.","robots":{"index":"index","follow":"follow","max-snippet":"max-snippet:-1","max-image-preview":"max-image-preview:large","max-video-preview":"max-video-preview:-1"},"canonical":"https:\/\/impresiondigitalgranformato.es\/fr\/produit\/rollup-premium-economico\/","og_locale":"fr_FR","og_type":"article","og_title":"rollup economico premium - Env\u00edo Gratuito - Los + baratos","og_description":"rollup econ\u00f3mico premium. Estructura mas fuerte, grafica en lona, bolsa de transporte del rollup acolchada y como siempre barato. la calidad hecha rollup.","og_url":"https:\/\/impresiondigitalgranformato.es\/fr\/produit\/rollup-premium-economico\/","og_site_name":"Los + baratos","article_modified_time":"2025-07-04T16:10:11+00:00","og_image":[{"width":473,"height":473,"url":"http:\/\/impresiondigitalgranformato.es\/wp-content\/uploads\/2019\/09\/rollup-economico-premium.png","type":"image\/png"}],"twitter_card":"summary_large_image","twitter_misc":{"Dur\u00e9e de lecture estim\u00e9e":"2 minutes"},"schema":{"@context":"https:\/\/schema.org","@graph":[{"@type":"WebPage","@id":"https:\/\/impresiondigitalgranformato.es\/producto\/rollup-premium-economico\/","url":"https:\/\/impresiondigitalgranformato.es\/producto\/rollup-premium-economico\/","name":"rollup economico premium - Livraison gratuite - Le + bon march\u00e9","isPartOf":{"@id":"https:\/\/impresiondigitalgranformato.es\/#website"},"primaryImageOfPage":{"@id":"https:\/\/impresiondigitalgranformato.es\/producto\/rollup-premium-economico\/#primaryimage"},"image":{"@id":"https:\/\/impresiondigitalgranformato.es\/producto\/rollup-premium-economico\/#primaryimage"},"thumbnailUrl":"https:\/\/i0.wp.com\/impresiondigitalgranformato.es\/wp-content\/uploads\/2019\/09\/rollup-economico-premium.png?fit=473%2C473&ssl=1","datePublished":"2019-09-06T17:27:59+00:00","dateModified":"2025-07-04T16:10:11+00:00","description":"rollup premium economy. Structure plus solide, graphiques en toile, sac de transport rembourr\u00e9 et, comme toujours, rollup bon march\u00e9 de qualit\u00e9.","breadcrumb":{"@id":"https:\/\/impresiondigitalgranformato.es\/producto\/rollup-premium-economico\/#breadcrumb"},"inLanguage":"fr-FR","potentialAction":[{"@type":"ReadAction","target":["https:\/\/impresiondigitalgranformato.es\/producto\/rollup-premium-economico\/"]}]},{"@type":"ImageObject","inLanguage":"fr-FR","@id":"https:\/\/impresiondigitalgranformato.es\/producto\/rollup-premium-economico\/#primaryimage","url":"https:\/\/i0.wp.com\/impresiondigitalgranformato.es\/wp-content\/uploads\/2019\/09\/rollup-economico-premium.png?fit=473%2C473&ssl=1","contentUrl":"https:\/\/i0.wp.com\/impresiondigitalgranformato.es\/wp-content\/uploads\/2019\/09\/rollup-economico-premium.png?fit=473%2C473&ssl=1","width":473,"height":473,"caption":"rollup barato premium"},{"@type":"BreadcrumbList","@id":"https:\/\/impresiondigitalgranformato.es\/producto\/rollup-premium-economico\/#breadcrumb","itemListElement":[{"@type":"ListItem","position":1,"name":"Portada","item":"https:\/\/impresiondigitalgranformato.es\/"},{"@type":"ListItem","position":2,"name":"Productos","item":"https:\/\/impresiondigitalgranformato.es\/venta-roll-up-banner\/"},{"@type":"ListItem","position":3,"name":"rollup PREMIUM"}]},{"@type":"WebSite","@id":"https:\/\/impresiondigitalgranformato.es\/#website","url":"https:\/\/impresiondigitalgranformato.es\/","name":"Les moins chers","description":"impression num\u00e9rique grand format vente de roll up, banni\u00e8res, drapeaux, banderoles, b\u00e2ches, affiches, pr\u00e9sentoirs, publicit\u00e9s","publisher":{"@id":"https:\/\/impresiondigitalgranformato.es\/#organization"},"potentialAction":[{"@type":"SearchAction","target":{"@type":"EntryPoint","urlTemplate":"https:\/\/impresiondigitalgranformato.es\/?s={search_term_string}"},"query-input":{"@type":"PropertyValueSpecification","valueRequired":true,"valueName":"search_term_string"}}],"inLanguage":"fr-FR"},{"@type":"Organization","@id":"https:\/\/impresiondigitalgranformato.es\/#organization","name":"Les moins chers","url":"https:\/\/impresiondigitalgranformato.es\/","logo":{"@type":"ImageObject","inLanguage":"fr-FR","@id":"https:\/\/impresiondigitalgranformato.es\/#\/schema\/logo\/image\/","url":"https:\/\/i0.wp.com\/impresiondigitalgranformato.es\/wp-content\/uploads\/2016\/12\/cropped-logotipo-2-e1483373659766.png?fit=500%2C101&ssl=1","contentUrl":"https:\/\/i0.wp.com\/impresiondigitalgranformato.es\/wp-content\/uploads\/2016\/12\/cropped-logotipo-2-e1483373659766.png?fit=500%2C101&ssl=1","width":500,"height":101,"caption":"Los + baratos"},"image":{"@id":"https:\/\/impresiondigitalgranformato.es\/#\/schema\/logo\/image\/"}}]}},"jetpack_sharing_enabled":true,"_links":{"self":[{"href":"https:\/\/impresiondigitalgranformato.es\/fr\/wp-json\/wp\/v2\/product\/5532","targetHints":{"allow":["GET"]}}],"collection":[{"href":"https:\/\/impresiondigitalgranformato.es\/fr\/wp-json\/wp\/v2\/product"}],"about":[{"href":"https:\/\/impresiondigitalgranformato.es\/fr\/wp-json\/wp\/v2\/types\/product"}],"replies":[{"embeddable":true,"href":"https:\/\/impresiondigitalgranformato.es\/fr\/wp-json\/wp\/v2\/comments?post=5532"}],"wp:featuredmedia":[{"embeddable":true,"href":"https:\/\/impresiondigitalgranformato.es\/fr\/wp-json\/wp\/v2\/media\/5534"}],"wp:attachment":[{"href":"https:\/\/impresiondigitalgranformato.es\/fr\/wp-json\/wp\/v2\/media?parent=5532"}],"wp:term":[{"taxonomy":"product_brand","embeddable":true,"href":"https:\/\/impresiondigitalgranformato.es\/fr\/wp-json\/wp\/v2\/product_brand?post=5532"},{"taxonomy":"product_cat","embeddable":true,"href":"https:\/\/impresiondigitalgranformato.es\/fr\/wp-json\/wp\/v2\/product_cat?post=5532"},{"taxonomy":"product_tag","embeddable":true,"href":"https:\/\/impresiondigitalgranformato.es\/fr\/wp-json\/wp\/v2\/product_tag?post=5532"}],"curies":[{"name":"wp","href":"https:\/\/api.w.org\/{rel}","templated":true}]}}