{"id":7714,"date":"2019-11-13T17:51:19","date_gmt":"2019-11-13T16:51:19","guid":{"rendered":"http:\/\/impresiondigitalgranformato.es\/?post_type=product&#038;p=7714"},"modified":"2025-07-04T19:24:11","modified_gmt":"2025-07-04T17:24:11","slug":"lona-publicitaria","status":"publish","type":"product","link":"https:\/\/impresiondigitalgranformato.es\/fr\/producto\/lona-publicitaria\/","title":{"rendered":"Banni\u00e8re publicitaire"},"content":{"rendered":"<p><strong>Lona publicitaria de calidad.<\/strong><\/p>\n<p>El tipo de <a href=\"https:\/\/es.wikipedia.org\/wiki\/Lona_publicitaria\" target=\"_blank\" rel=\"noopener\">lona frontlit (de pvc fundido)<\/a> es la mas demanda para el uso de pancartas, carteles y r\u00f3tulos. Ya que gracias a su gran calidad y su bajo precio es un producto ideal para conseguir un gran impacto visual a un bajo coste.<\/p>\n<p>Este tipo de carteles en lona son validos tanto para interior como para exterior, aguantando muy bien las inclemencias del tiempo.<\/p>\n<p>La impresi\u00f3n se realiza en alta calidad para que su visi\u00f3n sea adecuada tanto de cerca como de lejos. con una duraci\u00f3n al exterior minina de 3 a\u00f1os manteniendo sus colores intactos. En interior te durada de por vida.<\/p>\n<p>Tienes la opci\u00f3n de poder configurar la terminaci\u00f3n de la lona publicitaria con o sin ollaos, con dobladillo perimetral, con velcro, con vaina superior o inferior para poderla colgar y tensar. Ademas si no encuentras la terminaci\u00f3n que necesitas no dudes en llamarnos y te daremos el presupuesto mas econ\u00f3mico.<\/p>\n<p>Para r\u00f3tulos econ\u00f3micos puede utilizar esta lona es muy demandada, aunque tambi\u00e9n puede usar <a href=\"https:\/\/impresiondigitalgranformato.es\/fr\/produit\/cartel-economico-pvc-forex\/\">carteles de pvc<\/a><\/p>","protected":false},"excerpt":{"rendered":"<h4>Lona publicitaria para pancartas y carteles mas utilizada.<\/h4>\n<p>lona frontlit de <em>pvc fundido<\/em> de 450 gr\/m2<\/p>\n<p>lona en impresi\u00f3n digital de alta calidad valida para exterior e interior.<\/p>","protected":false},"featured_media":8386,"comment_status":"open","ping_status":"closed","template":"","meta":[],"product_brand":[],"product_cat":[77,81],"product_tag":[86],"class_list":{"0":"post-7714","1":"product","2":"type-product","3":"status-publish","4":"has-post-thumbnail","6":"product_cat-carteleria-economica","7":"product_cat-lona-publicitaria","8":"product_tag-photocall-eventos-fiestas","10":"first","11":"instock","12":"taxable","13":"shipping-taxable","14":"purchasable","15":"product-type-simple"},"yoast_head":"<!-- This site is optimized with the Yoast SEO plugin v27.3 - https:\/\/yoast.com\/product\/yoast-seo-wordpress\/ -->\n<title>Lona publicitaria - Env\u00edo gratuito - Los + baratos - Calcula tu precio online<\/title>\n<meta name=\"description\" content=\"lona publicitaria economica la mas utilizada para pancartas carteles y rotulos. Elija el tama\u00f1o y la terminaci\u00f3n. con servicio 24 horas.\" \/>\n<meta name=\"robots\" content=\"index, follow, max-snippet:-1, max-image-preview:large, max-video-preview:-1\" \/>\n<link rel=\"canonical\" href=\"https:\/\/impresiondigitalgranformato.es\/fr\/produit\/lona-publicitaria\/\" \/>\n<meta property=\"og:locale\" content=\"fr_FR\" \/>\n<meta property=\"og:type\" content=\"article\" \/>\n<meta property=\"og:title\" content=\"Lona publicitaria - Env\u00edo gratuito - Los + baratos - Calcula tu precio online\" \/>\n<meta property=\"og:description\" content=\"lona publicitaria economica la mas utilizada para pancartas carteles y rotulos. Elija el tama\u00f1o y la terminaci\u00f3n. con servicio 24 horas.\" \/>\n<meta property=\"og:url\" content=\"https:\/\/impresiondigitalgranformato.es\/fr\/produit\/lona-publicitaria\/\" \/>\n<meta property=\"og:site_name\" content=\"Los + baratos\" \/>\n<meta property=\"article:modified_time\" content=\"2025-07-04T17:24:11+00:00\" \/>\n<meta property=\"og:image\" content=\"http:\/\/impresiondigitalgranformato.es\/wp-content\/uploads\/2019\/11\/lona-publicitaria-entrada.jpg\" \/>\n\t<meta property=\"og:image:width\" content=\"603\" \/>\n\t<meta property=\"og:image:height\" content=\"605\" \/>\n\t<meta property=\"og:image:type\" content=\"image\/jpeg\" \/>\n<meta name=\"twitter:card\" content=\"summary_large_image\" \/>\n<meta name=\"twitter:label1\" content=\"Dur\u00e9e de lecture estim\u00e9e\" \/>\n\t<meta name=\"twitter:data1\" content=\"2 minutes\" \/>\n<script type=\"application\/ld+json\" class=\"yoast-schema-graph\">{\"@context\":\"https:\\\/\\\/schema.org\",\"@graph\":[{\"@type\":\"WebPage\",\"@id\":\"https:\\\/\\\/impresiondigitalgranformato.es\\\/producto\\\/lona-publicitaria\\\/\",\"url\":\"https:\\\/\\\/impresiondigitalgranformato.es\\\/producto\\\/lona-publicitaria\\\/\",\"name\":\"Lona publicitaria - Env\u00edo gratuito - Los + baratos - Calcula tu precio online\",\"isPartOf\":{\"@id\":\"https:\\\/\\\/impresiondigitalgranformato.es\\\/#website\"},\"primaryImageOfPage\":{\"@id\":\"https:\\\/\\\/impresiondigitalgranformato.es\\\/producto\\\/lona-publicitaria\\\/#primaryimage\"},\"image\":{\"@id\":\"https:\\\/\\\/impresiondigitalgranformato.es\\\/producto\\\/lona-publicitaria\\\/#primaryimage\"},\"thumbnailUrl\":\"https:\\\/\\\/i0.wp.com\\\/impresiondigitalgranformato.es\\\/wp-content\\\/uploads\\\/2019\\\/11\\\/lona-publicitaria-entrada.jpg?fit=603%2C605&ssl=1\",\"datePublished\":\"2019-11-13T16:51:19+00:00\",\"dateModified\":\"2025-07-04T17:24:11+00:00\",\"description\":\"lona publicitaria economica la mas utilizada para pancartas carteles y rotulos. Elija el tama\u00f1o y la terminaci\u00f3n. con servicio 24 horas.\",\"breadcrumb\":{\"@id\":\"https:\\\/\\\/impresiondigitalgranformato.es\\\/producto\\\/lona-publicitaria\\\/#breadcrumb\"},\"inLanguage\":\"fr-FR\",\"potentialAction\":[{\"@type\":\"ReadAction\",\"target\":[\"https:\\\/\\\/impresiondigitalgranformato.es\\\/producto\\\/lona-publicitaria\\\/\"]}]},{\"@type\":\"ImageObject\",\"inLanguage\":\"fr-FR\",\"@id\":\"https:\\\/\\\/impresiondigitalgranformato.es\\\/producto\\\/lona-publicitaria\\\/#primaryimage\",\"url\":\"https:\\\/\\\/i0.wp.com\\\/impresiondigitalgranformato.es\\\/wp-content\\\/uploads\\\/2019\\\/11\\\/lona-publicitaria-entrada.jpg?fit=603%2C605&ssl=1\",\"contentUrl\":\"https:\\\/\\\/i0.wp.com\\\/impresiondigitalgranformato.es\\\/wp-content\\\/uploads\\\/2019\\\/11\\\/lona-publicitaria-entrada.jpg?fit=603%2C605&ssl=1\",\"width\":603,\"height\":605,\"caption\":\"lona impresa\"},{\"@type\":\"BreadcrumbList\",\"@id\":\"https:\\\/\\\/impresiondigitalgranformato.es\\\/producto\\\/lona-publicitaria\\\/#breadcrumb\",\"itemListElement\":[{\"@type\":\"ListItem\",\"position\":1,\"name\":\"Portada\",\"item\":\"https:\\\/\\\/impresiondigitalgranformato.es\\\/\"},{\"@type\":\"ListItem\",\"position\":2,\"name\":\"Productos\",\"item\":\"https:\\\/\\\/impresiondigitalgranformato.es\\\/venta-roll-up-banner\\\/\"},{\"@type\":\"ListItem\",\"position\":3,\"name\":\"Lona publicitaria\"}]},{\"@type\":\"WebSite\",\"@id\":\"https:\\\/\\\/impresiondigitalgranformato.es\\\/#website\",\"url\":\"https:\\\/\\\/impresiondigitalgranformato.es\\\/\",\"name\":\"Los + baratos\",\"description\":\"impresi\u00f3n digital gran formato venta de roll up, banner, banderas, lonas, carteles, displays, publicidad\",\"publisher\":{\"@id\":\"https:\\\/\\\/impresiondigitalgranformato.es\\\/#organization\"},\"potentialAction\":[{\"@type\":\"SearchAction\",\"target\":{\"@type\":\"EntryPoint\",\"urlTemplate\":\"https:\\\/\\\/impresiondigitalgranformato.es\\\/?s={search_term_string}\"},\"query-input\":{\"@type\":\"PropertyValueSpecification\",\"valueRequired\":true,\"valueName\":\"search_term_string\"}}],\"inLanguage\":\"fr-FR\"},{\"@type\":\"Organization\",\"@id\":\"https:\\\/\\\/impresiondigitalgranformato.es\\\/#organization\",\"name\":\"Los + baratos\",\"url\":\"https:\\\/\\\/impresiondigitalgranformato.es\\\/\",\"logo\":{\"@type\":\"ImageObject\",\"inLanguage\":\"fr-FR\",\"@id\":\"https:\\\/\\\/impresiondigitalgranformato.es\\\/#\\\/schema\\\/logo\\\/image\\\/\",\"url\":\"https:\\\/\\\/i0.wp.com\\\/impresiondigitalgranformato.es\\\/wp-content\\\/uploads\\\/2016\\\/12\\\/cropped-logotipo-2-e1483373659766.png?fit=500%2C101&ssl=1\",\"contentUrl\":\"https:\\\/\\\/i0.wp.com\\\/impresiondigitalgranformato.es\\\/wp-content\\\/uploads\\\/2016\\\/12\\\/cropped-logotipo-2-e1483373659766.png?fit=500%2C101&ssl=1\",\"width\":500,\"height\":101,\"caption\":\"Los + baratos\"},\"image\":{\"@id\":\"https:\\\/\\\/impresiondigitalgranformato.es\\\/#\\\/schema\\\/logo\\\/image\\\/\"}}]}<\/script>\n<!-- \/ Yoast SEO plugin. -->","yoast_head_json":{"title":"Lona publicitaria - Env\u00edo gratuito - Los + baratos - Calcula tu precio online","description":"lona publicitaria economica la mas utilizada para pancartas carteles y rotulos. Elija el tama\u00f1o y la terminaci\u00f3n. con servicio 24 horas.","robots":{"index":"index","follow":"follow","max-snippet":"max-snippet:-1","max-image-preview":"max-image-preview:large","max-video-preview":"max-video-preview:-1"},"canonical":"https:\/\/impresiondigitalgranformato.es\/fr\/produit\/lona-publicitaria\/","og_locale":"fr_FR","og_type":"article","og_title":"Lona publicitaria - Env\u00edo gratuito - Los + baratos - Calcula tu precio online","og_description":"lona publicitaria economica la mas utilizada para pancartas carteles y rotulos. Elija el tama\u00f1o y la terminaci\u00f3n. con servicio 24 horas.","og_url":"https:\/\/impresiondigitalgranformato.es\/fr\/produit\/lona-publicitaria\/","og_site_name":"Los + baratos","article_modified_time":"2025-07-04T17:24:11+00:00","og_image":[{"width":603,"height":605,"url":"http:\/\/impresiondigitalgranformato.es\/wp-content\/uploads\/2019\/11\/lona-publicitaria-entrada.jpg","type":"image\/jpeg"}],"twitter_card":"summary_large_image","twitter_misc":{"Dur\u00e9e de lecture estim\u00e9e":"2 minutes"},"schema":{"@context":"https:\/\/schema.org","@graph":[{"@type":"WebPage","@id":"https:\/\/impresiondigitalgranformato.es\/producto\/lona-publicitaria\/","url":"https:\/\/impresiondigitalgranformato.es\/producto\/lona-publicitaria\/","name":"Lona publicitaria - Env\u00edo gratuito - Los + baratos - Calcula tu precio online","isPartOf":{"@id":"https:\/\/impresiondigitalgranformato.es\/#website"},"primaryImageOfPage":{"@id":"https:\/\/impresiondigitalgranformato.es\/producto\/lona-publicitaria\/#primaryimage"},"image":{"@id":"https:\/\/impresiondigitalgranformato.es\/producto\/lona-publicitaria\/#primaryimage"},"thumbnailUrl":"https:\/\/i0.wp.com\/impresiondigitalgranformato.es\/wp-content\/uploads\/2019\/11\/lona-publicitaria-entrada.jpg?fit=603%2C605&ssl=1","datePublished":"2019-11-13T16:51:19+00:00","dateModified":"2025-07-04T17:24:11+00:00","description":"lona publicitaria economica la mas utilizada para pancartas carteles y rotulos. Elija el tama\u00f1o y la terminaci\u00f3n. con servicio 24 horas.","breadcrumb":{"@id":"https:\/\/impresiondigitalgranformato.es\/producto\/lona-publicitaria\/#breadcrumb"},"inLanguage":"fr-FR","potentialAction":[{"@type":"ReadAction","target":["https:\/\/impresiondigitalgranformato.es\/producto\/lona-publicitaria\/"]}]},{"@type":"ImageObject","inLanguage":"fr-FR","@id":"https:\/\/impresiondigitalgranformato.es\/producto\/lona-publicitaria\/#primaryimage","url":"https:\/\/i0.wp.com\/impresiondigitalgranformato.es\/wp-content\/uploads\/2019\/11\/lona-publicitaria-entrada.jpg?fit=603%2C605&ssl=1","contentUrl":"https:\/\/i0.wp.com\/impresiondigitalgranformato.es\/wp-content\/uploads\/2019\/11\/lona-publicitaria-entrada.jpg?fit=603%2C605&ssl=1","width":603,"height":605,"caption":"lona impresa"},{"@type":"BreadcrumbList","@id":"https:\/\/impresiondigitalgranformato.es\/producto\/lona-publicitaria\/#breadcrumb","itemListElement":[{"@type":"ListItem","position":1,"name":"Portada","item":"https:\/\/impresiondigitalgranformato.es\/"},{"@type":"ListItem","position":2,"name":"Productos","item":"https:\/\/impresiondigitalgranformato.es\/venta-roll-up-banner\/"},{"@type":"ListItem","position":3,"name":"Lona publicitaria"}]},{"@type":"WebSite","@id":"https:\/\/impresiondigitalgranformato.es\/#website","url":"https:\/\/impresiondigitalgranformato.es\/","name":"Les moins chers","description":"impression num\u00e9rique grand format vente de roll up, banni\u00e8res, drapeaux, banderoles, b\u00e2ches, affiches, pr\u00e9sentoirs, publicit\u00e9s","publisher":{"@id":"https:\/\/impresiondigitalgranformato.es\/#organization"},"potentialAction":[{"@type":"SearchAction","target":{"@type":"EntryPoint","urlTemplate":"https:\/\/impresiondigitalgranformato.es\/?s={search_term_string}"},"query-input":{"@type":"PropertyValueSpecification","valueRequired":true,"valueName":"search_term_string"}}],"inLanguage":"fr-FR"},{"@type":"Organization","@id":"https:\/\/impresiondigitalgranformato.es\/#organization","name":"Les moins chers","url":"https:\/\/impresiondigitalgranformato.es\/","logo":{"@type":"ImageObject","inLanguage":"fr-FR","@id":"https:\/\/impresiondigitalgranformato.es\/#\/schema\/logo\/image\/","url":"https:\/\/i0.wp.com\/impresiondigitalgranformato.es\/wp-content\/uploads\/2016\/12\/cropped-logotipo-2-e1483373659766.png?fit=500%2C101&ssl=1","contentUrl":"https:\/\/i0.wp.com\/impresiondigitalgranformato.es\/wp-content\/uploads\/2016\/12\/cropped-logotipo-2-e1483373659766.png?fit=500%2C101&ssl=1","width":500,"height":101,"caption":"Los + baratos"},"image":{"@id":"https:\/\/impresiondigitalgranformato.es\/#\/schema\/logo\/image\/"}}]}},"jetpack_sharing_enabled":true,"_links":{"self":[{"href":"https:\/\/impresiondigitalgranformato.es\/fr\/wp-json\/wp\/v2\/product\/7714","targetHints":{"allow":["GET"]}}],"collection":[{"href":"https:\/\/impresiondigitalgranformato.es\/fr\/wp-json\/wp\/v2\/product"}],"about":[{"href":"https:\/\/impresiondigitalgranformato.es\/fr\/wp-json\/wp\/v2\/types\/product"}],"replies":[{"embeddable":true,"href":"https:\/\/impresiondigitalgranformato.es\/fr\/wp-json\/wp\/v2\/comments?post=7714"}],"wp:featuredmedia":[{"embeddable":true,"href":"https:\/\/impresiondigitalgranformato.es\/fr\/wp-json\/wp\/v2\/media\/8386"}],"wp:attachment":[{"href":"https:\/\/impresiondigitalgranformato.es\/fr\/wp-json\/wp\/v2\/media?parent=7714"}],"wp:term":[{"taxonomy":"product_brand","embeddable":true,"href":"https:\/\/impresiondigitalgranformato.es\/fr\/wp-json\/wp\/v2\/product_brand?post=7714"},{"taxonomy":"product_cat","embeddable":true,"href":"https:\/\/impresiondigitalgranformato.es\/fr\/wp-json\/wp\/v2\/product_cat?post=7714"},{"taxonomy":"product_tag","embeddable":true,"href":"https:\/\/impresiondigitalgranformato.es\/fr\/wp-json\/wp\/v2\/product_tag?post=7714"}],"curies":[{"name":"wp","href":"https:\/\/api.w.org\/{rel}","templated":true}]}}