{"id":16,"date":"2016-12-08T09:24:57","date_gmt":"2016-12-08T08:24:57","guid":{"rendered":"http:\/\/impresiondigitalgranformato.es\/wordpress\/?page_id=16"},"modified":"2020-06-11T13:40:36","modified_gmt":"2020-06-11T11:40:36","slug":"quem-somos","status":"publish","type":"page","link":"https:\/\/impresiondigitalgranformato.es\/pt\/quienes-somos\/","title":{"rendered":"Conhe\u00e7a-nos"},"content":{"rendered":"<p style=\"text-align: center;\"><span style=\"font-weight:bold;font-size:calc(1rem + 0.48vw);\">No nosso s\u00edtio Web, encontrar\u00e1 produtos de impress\u00e3o digital de grande formato de alta qualidade ao melhor pre\u00e7o.<\/span><\/p>\n<p style=\"text-align: center;\"><span style=\"font-size:calc(1rem + 0.33vw);\">Impress\u00e3o de vinis, telas, cartazes ou letreiros, metacrilatos, vinil para vidro ... Tamb\u00e9m dispomos de produtos publicit\u00e1rios port\u00e1teis com os quais pode publicitar a sua empresa, ofertas ou produtos, tais como roll up, banners, photocalls, bandeiras ou fly banners, cavaletes, balc\u00f5es, mini-banners, displays de secret\u00e1ria .....<\/span><\/p>\n<h4 style=\"text-align: center;\"> <span style=\"font-weight: bold; color: #06347d; font-size: calc(1rem + 0.66vw);\">Fazemos entregas em qualquer ponto da pen\u00ednsula e ilhas, com servi\u00e7o expresso at\u00e9 24 horas.<\/span><\/h4>\n<h1 style=\"text-align: center;\"> <a href=\"https:\/\/impresiondigitalgranformato.es\/pt\/\" xlink=\"href\"><span style=\"font-weight: normal; color: #459675;\">Ver os nossos produtos<\/span><\/a><\/h1>\n<p style=\"text-align: center;\"><span style=\"font-weight: bold; font-size: calc(1rem + 0.38vw);\">Oferecemos solu\u00e7\u00f5es para decorar a sua empresa, reuni\u00e3o, evento, festa ou celebra\u00e7\u00e3o, pontos de venda, venda de produtos, etc.<\/span><\/p>\n<h4 style=\"text-align: center;\"> Com 25 anos de experi\u00eancia no sector, somos os mais baratos do mercado.<\/h4>\n<h2 style=\"text-align: center;\"> CONSULTE-NOS E FICAR\u00c1 SURPREENDIDO<\/h2>","protected":false},"excerpt":{"rendered":"<p>En nuestra web encontrara productos de impresi\u00f3n digital gran formato de alta calidad al mejor precio. Impresi\u00f3n de vinilos, lonas, carteles o r\u00f3tulos, metacrilatos, vinilos para cristales \u2026 Tambi\u00e9n tenemos productos de publicidad port\u00e1til con los que puede publicitar su negocio, ofertas o productos tales como roll up, banner, photocall, banderas o fly banner, caballetes, [&hellip;]<\/p>\n","protected":false},"author":1,"featured_media":0,"parent":0,"menu_order":0,"comment_status":"closed","ping_status":"closed","template":"page-templates\/full-width-page.php","meta":{"footnotes":""},"class_list":["post-16","page","type-page","status-publish","hentry"],"yoast_head":"<!-- This site is optimized with the Yoast SEO plugin v27.4 - https:\/\/yoast.com\/product\/yoast-seo-wordpress\/ -->\n<title>Productos de impresi\u00f3n digital - Gran formato - Los + baratos<\/title>\n<meta name=\"description\" content=\"Productos de impresi\u00f3n digital en gran formato. Vinilo impresos y laminados, lonas en impresi\u00f3n digital y publicidad portatil roll up, banner, banderas...\" \/>\n<meta name=\"robots\" content=\"index, follow, max-snippet:-1, max-image-preview:large, max-video-preview:-1\" \/>\n<link rel=\"canonical\" href=\"https:\/\/impresiondigitalgranformato.es\/pt\/quem-somos\/\" \/>\n<meta property=\"og:locale\" content=\"pt_PT\" \/>\n<meta property=\"og:type\" content=\"article\" \/>\n<meta property=\"og:title\" content=\"Productos de impresi\u00f3n digital - Gran formato - Los + baratos\" \/>\n<meta property=\"og:description\" content=\"Productos de impresi\u00f3n digital en gran formato. Vinilo impresos y laminados, lonas en impresi\u00f3n digital y publicidad portatil roll up, banner, banderas...\" \/>\n<meta property=\"og:url\" content=\"https:\/\/impresiondigitalgranformato.es\/pt\/quem-somos\/\" \/>\n<meta property=\"og:site_name\" content=\"Los + baratos\" \/>\n<meta property=\"article:modified_time\" content=\"2020-06-11T11:40:36+00:00\" \/>\n<meta name=\"twitter:card\" content=\"summary_large_image\" \/>\n<meta name=\"twitter:label1\" content=\"Tempo estimado de leitura\" \/>\n\t<meta name=\"twitter:data1\" content=\"1 minuto\" \/>\n<script type=\"application\/ld+json\" class=\"yoast-schema-graph\">{\"@context\":\"https:\\\/\\\/schema.org\",\"@graph\":[{\"@type\":\"WebPage\",\"@id\":\"https:\\\/\\\/impresiondigitalgranformato.es\\\/quienes-somos\\\/\",\"url\":\"https:\\\/\\\/impresiondigitalgranformato.es\\\/quienes-somos\\\/\",\"name\":\"Productos de impresi\u00f3n digital - Gran formato - Los + baratos\",\"isPartOf\":{\"@id\":\"https:\\\/\\\/impresiondigitalgranformato.es\\\/#website\"},\"datePublished\":\"2016-12-08T08:24:57+00:00\",\"dateModified\":\"2020-06-11T11:40:36+00:00\",\"description\":\"Productos de impresi\u00f3n digital en gran formato. Vinilo impresos y laminados, lonas en impresi\u00f3n digital y publicidad portatil roll up, banner, banderas...\",\"breadcrumb\":{\"@id\":\"https:\\\/\\\/impresiondigitalgranformato.es\\\/quienes-somos\\\/#breadcrumb\"},\"inLanguage\":\"pt-PT\",\"potentialAction\":[{\"@type\":\"ReadAction\",\"target\":[\"https:\\\/\\\/impresiondigitalgranformato.es\\\/quienes-somos\\\/\"]}]},{\"@type\":\"BreadcrumbList\",\"@id\":\"https:\\\/\\\/impresiondigitalgranformato.es\\\/quienes-somos\\\/#breadcrumb\",\"itemListElement\":[{\"@type\":\"ListItem\",\"position\":1,\"name\":\"Portada\",\"item\":\"https:\\\/\\\/impresiondigitalgranformato.es\\\/\"},{\"@type\":\"ListItem\",\"position\":2,\"name\":\"Con\u00f3cenos\"}]},{\"@type\":\"WebSite\",\"@id\":\"https:\\\/\\\/impresiondigitalgranformato.es\\\/#website\",\"url\":\"https:\\\/\\\/impresiondigitalgranformato.es\\\/\",\"name\":\"Los + baratos\",\"description\":\"impresi\u00f3n digital gran formato venta de roll up, banner, banderas, lonas, carteles, displays, publicidad\",\"publisher\":{\"@id\":\"https:\\\/\\\/impresiondigitalgranformato.es\\\/#organization\"},\"potentialAction\":[{\"@type\":\"SearchAction\",\"target\":{\"@type\":\"EntryPoint\",\"urlTemplate\":\"https:\\\/\\\/impresiondigitalgranformato.es\\\/?s={search_term_string}\"},\"query-input\":{\"@type\":\"PropertyValueSpecification\",\"valueRequired\":true,\"valueName\":\"search_term_string\"}}],\"inLanguage\":\"pt-PT\"},{\"@type\":\"Organization\",\"@id\":\"https:\\\/\\\/impresiondigitalgranformato.es\\\/#organization\",\"name\":\"Los + baratos\",\"url\":\"https:\\\/\\\/impresiondigitalgranformato.es\\\/\",\"logo\":{\"@type\":\"ImageObject\",\"inLanguage\":\"pt-PT\",\"@id\":\"https:\\\/\\\/impresiondigitalgranformato.es\\\/#\\\/schema\\\/logo\\\/image\\\/\",\"url\":\"https:\\\/\\\/i0.wp.com\\\/impresiondigitalgranformato.es\\\/wp-content\\\/uploads\\\/2016\\\/12\\\/cropped-logotipo-2-e1483373659766.png?fit=500%2C101&ssl=1\",\"contentUrl\":\"https:\\\/\\\/i0.wp.com\\\/impresiondigitalgranformato.es\\\/wp-content\\\/uploads\\\/2016\\\/12\\\/cropped-logotipo-2-e1483373659766.png?fit=500%2C101&ssl=1\",\"width\":500,\"height\":101,\"caption\":\"Los + baratos\"},\"image\":{\"@id\":\"https:\\\/\\\/impresiondigitalgranformato.es\\\/#\\\/schema\\\/logo\\\/image\\\/\"}}]}<\/script>\n<!-- \/ Yoast SEO plugin. -->","yoast_head_json":{"title":"Produtos de impress\u00e3o digital - Grandes formatos - O mais barato","description":"Produtos de impress\u00e3o digital de grande formato. Vinil impresso e laminado, lonas impressas digitalmente e publicidade port\u00e1til em rolo, faixas, bandeiras...","robots":{"index":"index","follow":"follow","max-snippet":"max-snippet:-1","max-image-preview":"max-image-preview:large","max-video-preview":"max-video-preview:-1"},"canonical":"https:\/\/impresiondigitalgranformato.es\/pt\/quem-somos\/","og_locale":"pt_PT","og_type":"article","og_title":"Productos de impresi\u00f3n digital - Gran formato - Los + baratos","og_description":"Productos de impresi\u00f3n digital en gran formato. Vinilo impresos y laminados, lonas en impresi\u00f3n digital y publicidad portatil roll up, banner, banderas...","og_url":"https:\/\/impresiondigitalgranformato.es\/pt\/quem-somos\/","og_site_name":"Los + baratos","article_modified_time":"2020-06-11T11:40:36+00:00","twitter_card":"summary_large_image","twitter_misc":{"Tempo estimado de leitura":"1 minuto"},"schema":{"@context":"https:\/\/schema.org","@graph":[{"@type":"WebPage","@id":"https:\/\/impresiondigitalgranformato.es\/quienes-somos\/","url":"https:\/\/impresiondigitalgranformato.es\/quienes-somos\/","name":"Produtos de impress\u00e3o digital - Grandes formatos - O mais barato","isPartOf":{"@id":"https:\/\/impresiondigitalgranformato.es\/#website"},"datePublished":"2016-12-08T08:24:57+00:00","dateModified":"2020-06-11T11:40:36+00:00","description":"Produtos de impress\u00e3o digital de grande formato. Vinil impresso e laminado, lonas impressas digitalmente e publicidade port\u00e1til em rolo, faixas, bandeiras...","breadcrumb":{"@id":"https:\/\/impresiondigitalgranformato.es\/quienes-somos\/#breadcrumb"},"inLanguage":"pt-PT","potentialAction":[{"@type":"ReadAction","target":["https:\/\/impresiondigitalgranformato.es\/quienes-somos\/"]}]},{"@type":"BreadcrumbList","@id":"https:\/\/impresiondigitalgranformato.es\/quienes-somos\/#breadcrumb","itemListElement":[{"@type":"ListItem","position":1,"name":"Portada","item":"https:\/\/impresiondigitalgranformato.es\/"},{"@type":"ListItem","position":2,"name":"Con\u00f3cenos"}]},{"@type":"WebSite","@id":"https:\/\/impresiondigitalgranformato.es\/#website","url":"https:\/\/impresiondigitalgranformato.es\/","name":"Os mais baratos","description":"impress\u00e3o digital de grande formato venda de roll up, banners, bandeiras, faixas, lonas, cartazes, expositores, an\u00fancios","publisher":{"@id":"https:\/\/impresiondigitalgranformato.es\/#organization"},"potentialAction":[{"@type":"SearchAction","target":{"@type":"EntryPoint","urlTemplate":"https:\/\/impresiondigitalgranformato.es\/?s={search_term_string}"},"query-input":{"@type":"PropertyValueSpecification","valueRequired":true,"valueName":"search_term_string"}}],"inLanguage":"pt-PT"},{"@type":"Organization","@id":"https:\/\/impresiondigitalgranformato.es\/#organization","name":"Os mais baratos","url":"https:\/\/impresiondigitalgranformato.es\/","logo":{"@type":"ImageObject","inLanguage":"pt-PT","@id":"https:\/\/impresiondigitalgranformato.es\/#\/schema\/logo\/image\/","url":"https:\/\/i0.wp.com\/impresiondigitalgranformato.es\/wp-content\/uploads\/2016\/12\/cropped-logotipo-2-e1483373659766.png?fit=500%2C101&ssl=1","contentUrl":"https:\/\/i0.wp.com\/impresiondigitalgranformato.es\/wp-content\/uploads\/2016\/12\/cropped-logotipo-2-e1483373659766.png?fit=500%2C101&ssl=1","width":500,"height":101,"caption":"Los + baratos"},"image":{"@id":"https:\/\/impresiondigitalgranformato.es\/#\/schema\/logo\/image\/"}}]}},"jetpack_sharing_enabled":true,"_links":{"self":[{"href":"https:\/\/impresiondigitalgranformato.es\/pt\/wp-json\/wp\/v2\/pages\/16","targetHints":{"allow":["GET"]}}],"collection":[{"href":"https:\/\/impresiondigitalgranformato.es\/pt\/wp-json\/wp\/v2\/pages"}],"about":[{"href":"https:\/\/impresiondigitalgranformato.es\/pt\/wp-json\/wp\/v2\/types\/page"}],"author":[{"embeddable":true,"href":"https:\/\/impresiondigitalgranformato.es\/pt\/wp-json\/wp\/v2\/users\/1"}],"replies":[{"embeddable":true,"href":"https:\/\/impresiondigitalgranformato.es\/pt\/wp-json\/wp\/v2\/comments?post=16"}],"version-history":[{"count":26,"href":"https:\/\/impresiondigitalgranformato.es\/pt\/wp-json\/wp\/v2\/pages\/16\/revisions"}],"predecessor-version":[{"id":12837,"href":"https:\/\/impresiondigitalgranformato.es\/pt\/wp-json\/wp\/v2\/pages\/16\/revisions\/12837"}],"wp:attachment":[{"href":"https:\/\/impresiondigitalgranformato.es\/pt\/wp-json\/wp\/v2\/media?parent=16"}],"curies":[{"name":"wp","href":"https:\/\/api.w.org\/{rel}","templated":true}]}}