{"id":3525,"date":"2018-03-28T13:15:04","date_gmt":"2018-03-28T11:15:04","guid":{"rendered":"http:\/\/impresiondigitalgranformato.es\/?page_id=3525"},"modified":"2024-01-20T10:43:37","modified_gmt":"2024-01-20T09:43:37","slug":"politica-de-ventas-cancelacion-y-devoluciones","status":"publish","type":"page","link":"https:\/\/impresiondigitalgranformato.es\/pt\/politica-de-ventas-cancelacion-y-devoluciones\/","title":{"rendered":"Pol\u00edtica de vendas, envio, cancelamento e devolu\u00e7\u00f5es"},"content":{"rendered":"<p><strong>VENDAS:<\/strong><\/p>\n<p>Puede realizar su compra\u00a0directamente ON-LINE (Excluidos ciertos servicios) o a trav\u00e9s de nuestro e-mail indicado en el apartado de CONTACTO. Para ello deber\u00e1 indicar las referencias, medidas, etc. de los productos que desee contratar. Posteriormente recibir\u00e1 un presupuesto con dichos productos para que pueda realizar el pago de los mismos.<br \/>\nSolamente se admiten pedidos mediante forma de pago por transferencia bancaria anticipada,mediante plataforma PAYPAL o a trav\u00e9s de TPV- VIRTUAL instalado en la tienda on-line. Dicho pedido no pasar\u00e1 a producci\u00f3n hasta que ROTULACIONES, SERIGRAFIAS Y MONTAJES PACHECO, S.L. tenga constancia de que el pago ha sido realizado.<br \/>\nLos precios est\u00e1n sujetos a cambios, sin previo aviso.<\/p>\n<p>En casos de rotura de stock de soporte y\/o estructuras. ROTULACIONES, SERIGRAFIAS Y MONTAJES PACHECO, S.L. se reserva el derecho del cambio del producto final por otro modelo de la misma calidad o superior. (Nunca de calidad inferior). En este caso el producto final entregado, tendr\u00e1 variaciones con respecto a las im\u00e1genes de los productos vistas en la web.<\/p>\n<p><strong>ENV\u00cdOS:<\/strong><\/p>\n<p>Los plazos de entrega indicados en la web son orientativos aunque por lo general siempre se cumplen. Ya que el transporte y la entrega de los pedidos corresponde a una empresa externa de transportes. Los retrasos en la entrega que no son habituales pero pueden ocurrir no podr\u00e1n ser atribuidos a Rotulaciones, serigrafias y montajes Pacheco. S.L. Los pedidos se env\u00edan con la empresa designada por Rotulaci\u00f3nes, Serigraf\u00edas y Montajes Pacheco, S.L. Pero el cliente tiene la opci\u00f3n de indicar que env\u00eda a recoger a otra empresa designada por el. Para ello tendr\u00e1 que dejarlo indicado en OBSERVACIONES DEL PEDIDO\u00a0 a la hora de finalizar la compra.<\/p>\n<p><strong>CANCELACI\u00d3N:<\/strong><br \/>\nOs cancelamentos completos de encomendas s\u00f3 s\u00e3o permitidos se o produto ainda n\u00e3o tiver entrado em produ\u00e7\u00e3o. Caso j\u00e1 se encontre em produ\u00e7\u00e3o, o cliente ser\u00e1 respons\u00e1vel pelo custo do produto. Este valor ser\u00e1 deduzido do reembolso total que devemos ao cliente.<\/p>\n<p><strong>RETORNAR:<\/strong><br \/>\nAs devolu\u00e7\u00f5es de produtos s\u00f3 ser\u00e3o aceites at\u00e9 24 horas ap\u00f3s a rece\u00e7\u00e3o da encomenda, desde que sejam decorrentes de defeitos de fabrico e n\u00e3o de utiliza\u00e7\u00e3o indevida.<br \/>\nSe desejar mais informa\u00e7\u00f5es sobre qualquer um dos nossos produtos ou aconselhamento pr\u00e9vio, n\u00e3o hesite em contactar-nos.<\/p>\n<p><strong>ROTULACIONES, SERIGRAFIAS Y MONTAJES PACHECO, S.L.<\/strong><\/p>\n<p><strong>C\/ Eras de San Francisco, 1 local 3<\/strong><\/p>\n<p><strong>45500 Torrijos (Toledo<\/strong><\/p>\n<p><strong>comercial@impresiondigitalgranforamto.es<\/strong><\/p>","protected":false},"excerpt":{"rendered":"<p>VENTAS: Puede realizar su compra\u00a0directamente ON-LINE (Excluidos ciertos servicios) o a trav\u00e9s de nuestro e-mail indicado en el apartado de CONTACTO. Para ello deber\u00e1 indicar las referencias, medidas, etc. de los productos que desee contratar. Posteriormente recibir\u00e1 un presupuesto con dichos productos para que pueda realizar el pago de los mismos. Solamente se admiten pedidos [&hellip;]<\/p>\n","protected":false},"author":1,"featured_media":0,"parent":0,"menu_order":0,"comment_status":"closed","ping_status":"closed","template":"","meta":{"footnotes":""},"class_list":["post-3525","page","type-page","status-publish","hentry"],"yoast_head":"<!-- This site is optimized with the Yoast SEO plugin v27.4 - https:\/\/yoast.com\/product\/yoast-seo-wordpress\/ -->\n<title>Politica de ventas, env\u00edos, cancelaci\u00f3n y devoluciones - Los + baratos<\/title>\n<meta name=\"robots\" content=\"index, follow, max-snippet:-1, max-image-preview:large, max-video-preview:-1\" \/>\n<link rel=\"canonical\" href=\"https:\/\/impresiondigitalgranformato.es\/pt\/politica-de-ventas-cancelacion-y-devoluciones\/\" \/>\n<meta property=\"og:locale\" content=\"pt_PT\" \/>\n<meta property=\"og:type\" content=\"article\" \/>\n<meta property=\"og:title\" content=\"Politica de ventas, env\u00edos, cancelaci\u00f3n y devoluciones - Los + baratos\" \/>\n<meta property=\"og:description\" content=\"VENTAS: Puede realizar su compra\u00a0directamente ON-LINE (Excluidos ciertos servicios) o a trav\u00e9s de nuestro e-mail indicado en el apartado de CONTACTO. Para ello deber\u00e1 indicar las referencias, medidas, etc. de los productos que desee contratar. Posteriormente recibir\u00e1 un presupuesto con dichos productos para que pueda realizar el pago de los mismos. Solamente se admiten pedidos [&hellip;]\" \/>\n<meta property=\"og:url\" content=\"https:\/\/impresiondigitalgranformato.es\/pt\/politica-de-ventas-cancelacion-y-devoluciones\/\" \/>\n<meta property=\"og:site_name\" content=\"Los + baratos\" \/>\n<meta property=\"article:modified_time\" content=\"2024-01-20T09:43:37+00:00\" \/>\n<meta name=\"twitter:card\" content=\"summary_large_image\" \/>\n<meta name=\"twitter:label1\" content=\"Tempo estimado de leitura\" \/>\n\t<meta name=\"twitter:data1\" content=\"2 minutos\" \/>\n<script type=\"application\/ld+json\" class=\"yoast-schema-graph\">{\"@context\":\"https:\\\/\\\/schema.org\",\"@graph\":[{\"@type\":\"WebPage\",\"@id\":\"https:\\\/\\\/impresiondigitalgranformato.es\\\/politica-de-ventas-cancelacion-y-devoluciones\\\/\",\"url\":\"https:\\\/\\\/impresiondigitalgranformato.es\\\/politica-de-ventas-cancelacion-y-devoluciones\\\/\",\"name\":\"Politica de ventas, env\u00edos, cancelaci\u00f3n y devoluciones - Los + baratos\",\"isPartOf\":{\"@id\":\"https:\\\/\\\/impresiondigitalgranformato.es\\\/#website\"},\"datePublished\":\"2018-03-28T11:15:04+00:00\",\"dateModified\":\"2024-01-20T09:43:37+00:00\",\"breadcrumb\":{\"@id\":\"https:\\\/\\\/impresiondigitalgranformato.es\\\/politica-de-ventas-cancelacion-y-devoluciones\\\/#breadcrumb\"},\"inLanguage\":\"pt-PT\",\"potentialAction\":[{\"@type\":\"ReadAction\",\"target\":[\"https:\\\/\\\/impresiondigitalgranformato.es\\\/politica-de-ventas-cancelacion-y-devoluciones\\\/\"]}]},{\"@type\":\"BreadcrumbList\",\"@id\":\"https:\\\/\\\/impresiondigitalgranformato.es\\\/politica-de-ventas-cancelacion-y-devoluciones\\\/#breadcrumb\",\"itemListElement\":[{\"@type\":\"ListItem\",\"position\":1,\"name\":\"Portada\",\"item\":\"https:\\\/\\\/impresiondigitalgranformato.es\\\/\"},{\"@type\":\"ListItem\",\"position\":2,\"name\":\"Politica de ventas, env\u00edos, cancelaci\u00f3n y devoluciones\"}]},{\"@type\":\"WebSite\",\"@id\":\"https:\\\/\\\/impresiondigitalgranformato.es\\\/#website\",\"url\":\"https:\\\/\\\/impresiondigitalgranformato.es\\\/\",\"name\":\"Los + baratos\",\"description\":\"impresi\u00f3n digital gran formato venta de roll up, banner, banderas, lonas, carteles, displays, publicidad\",\"publisher\":{\"@id\":\"https:\\\/\\\/impresiondigitalgranformato.es\\\/#organization\"},\"potentialAction\":[{\"@type\":\"SearchAction\",\"target\":{\"@type\":\"EntryPoint\",\"urlTemplate\":\"https:\\\/\\\/impresiondigitalgranformato.es\\\/?s={search_term_string}\"},\"query-input\":{\"@type\":\"PropertyValueSpecification\",\"valueRequired\":true,\"valueName\":\"search_term_string\"}}],\"inLanguage\":\"pt-PT\"},{\"@type\":\"Organization\",\"@id\":\"https:\\\/\\\/impresiondigitalgranformato.es\\\/#organization\",\"name\":\"Los + baratos\",\"url\":\"https:\\\/\\\/impresiondigitalgranformato.es\\\/\",\"logo\":{\"@type\":\"ImageObject\",\"inLanguage\":\"pt-PT\",\"@id\":\"https:\\\/\\\/impresiondigitalgranformato.es\\\/#\\\/schema\\\/logo\\\/image\\\/\",\"url\":\"https:\\\/\\\/i0.wp.com\\\/impresiondigitalgranformato.es\\\/wp-content\\\/uploads\\\/2016\\\/12\\\/cropped-logotipo-2-e1483373659766.png?fit=500%2C101&ssl=1\",\"contentUrl\":\"https:\\\/\\\/i0.wp.com\\\/impresiondigitalgranformato.es\\\/wp-content\\\/uploads\\\/2016\\\/12\\\/cropped-logotipo-2-e1483373659766.png?fit=500%2C101&ssl=1\",\"width\":500,\"height\":101,\"caption\":\"Los + baratos\"},\"image\":{\"@id\":\"https:\\\/\\\/impresiondigitalgranformato.es\\\/#\\\/schema\\\/logo\\\/image\\\/\"}}]}<\/script>\n<!-- \/ Yoast SEO plugin. -->","yoast_head_json":{"title":"Politica de ventas, env\u00edos, cancelaci\u00f3n y devoluciones - Los + baratos","robots":{"index":"index","follow":"follow","max-snippet":"max-snippet:-1","max-image-preview":"max-image-preview:large","max-video-preview":"max-video-preview:-1"},"canonical":"https:\/\/impresiondigitalgranformato.es\/pt\/politica-de-ventas-cancelacion-y-devoluciones\/","og_locale":"pt_PT","og_type":"article","og_title":"Politica de ventas, env\u00edos, cancelaci\u00f3n y devoluciones - Los + baratos","og_description":"VENTAS: Puede realizar su compra\u00a0directamente ON-LINE (Excluidos ciertos servicios) o a trav\u00e9s de nuestro e-mail indicado en el apartado de CONTACTO. Para ello deber\u00e1 indicar las referencias, medidas, etc. de los productos que desee contratar. Posteriormente recibir\u00e1 un presupuesto con dichos productos para que pueda realizar el pago de los mismos. Solamente se admiten pedidos [&hellip;]","og_url":"https:\/\/impresiondigitalgranformato.es\/pt\/politica-de-ventas-cancelacion-y-devoluciones\/","og_site_name":"Los + baratos","article_modified_time":"2024-01-20T09:43:37+00:00","twitter_card":"summary_large_image","twitter_misc":{"Tempo estimado de leitura":"2 minutos"},"schema":{"@context":"https:\/\/schema.org","@graph":[{"@type":"WebPage","@id":"https:\/\/impresiondigitalgranformato.es\/politica-de-ventas-cancelacion-y-devoluciones\/","url":"https:\/\/impresiondigitalgranformato.es\/politica-de-ventas-cancelacion-y-devoluciones\/","name":"Politica de ventas, env\u00edos, cancelaci\u00f3n y devoluciones - Los + baratos","isPartOf":{"@id":"https:\/\/impresiondigitalgranformato.es\/#website"},"datePublished":"2018-03-28T11:15:04+00:00","dateModified":"2024-01-20T09:43:37+00:00","breadcrumb":{"@id":"https:\/\/impresiondigitalgranformato.es\/politica-de-ventas-cancelacion-y-devoluciones\/#breadcrumb"},"inLanguage":"pt-PT","potentialAction":[{"@type":"ReadAction","target":["https:\/\/impresiondigitalgranformato.es\/politica-de-ventas-cancelacion-y-devoluciones\/"]}]},{"@type":"BreadcrumbList","@id":"https:\/\/impresiondigitalgranformato.es\/politica-de-ventas-cancelacion-y-devoluciones\/#breadcrumb","itemListElement":[{"@type":"ListItem","position":1,"name":"Portada","item":"https:\/\/impresiondigitalgranformato.es\/"},{"@type":"ListItem","position":2,"name":"Politica de ventas, env\u00edos, cancelaci\u00f3n y devoluciones"}]},{"@type":"WebSite","@id":"https:\/\/impresiondigitalgranformato.es\/#website","url":"https:\/\/impresiondigitalgranformato.es\/","name":"Os mais baratos","description":"impress\u00e3o digital de grande formato venda de roll up, banners, bandeiras, faixas, lonas, cartazes, expositores, an\u00fancios","publisher":{"@id":"https:\/\/impresiondigitalgranformato.es\/#organization"},"potentialAction":[{"@type":"SearchAction","target":{"@type":"EntryPoint","urlTemplate":"https:\/\/impresiondigitalgranformato.es\/?s={search_term_string}"},"query-input":{"@type":"PropertyValueSpecification","valueRequired":true,"valueName":"search_term_string"}}],"inLanguage":"pt-PT"},{"@type":"Organization","@id":"https:\/\/impresiondigitalgranformato.es\/#organization","name":"Os mais baratos","url":"https:\/\/impresiondigitalgranformato.es\/","logo":{"@type":"ImageObject","inLanguage":"pt-PT","@id":"https:\/\/impresiondigitalgranformato.es\/#\/schema\/logo\/image\/","url":"https:\/\/i0.wp.com\/impresiondigitalgranformato.es\/wp-content\/uploads\/2016\/12\/cropped-logotipo-2-e1483373659766.png?fit=500%2C101&ssl=1","contentUrl":"https:\/\/i0.wp.com\/impresiondigitalgranformato.es\/wp-content\/uploads\/2016\/12\/cropped-logotipo-2-e1483373659766.png?fit=500%2C101&ssl=1","width":500,"height":101,"caption":"Los + baratos"},"image":{"@id":"https:\/\/impresiondigitalgranformato.es\/#\/schema\/logo\/image\/"}}]}},"jetpack_sharing_enabled":true,"_links":{"self":[{"href":"https:\/\/impresiondigitalgranformato.es\/pt\/wp-json\/wp\/v2\/pages\/3525","targetHints":{"allow":["GET"]}}],"collection":[{"href":"https:\/\/impresiondigitalgranformato.es\/pt\/wp-json\/wp\/v2\/pages"}],"about":[{"href":"https:\/\/impresiondigitalgranformato.es\/pt\/wp-json\/wp\/v2\/types\/page"}],"author":[{"embeddable":true,"href":"https:\/\/impresiondigitalgranformato.es\/pt\/wp-json\/wp\/v2\/users\/1"}],"replies":[{"embeddable":true,"href":"https:\/\/impresiondigitalgranformato.es\/pt\/wp-json\/wp\/v2\/comments?post=3525"}],"version-history":[{"count":4,"href":"https:\/\/impresiondigitalgranformato.es\/pt\/wp-json\/wp\/v2\/pages\/3525\/revisions"}],"predecessor-version":[{"id":16080,"href":"https:\/\/impresiondigitalgranformato.es\/pt\/wp-json\/wp\/v2\/pages\/3525\/revisions\/16080"}],"wp:attachment":[{"href":"https:\/\/impresiondigitalgranformato.es\/pt\/wp-json\/wp\/v2\/media?parent=3525"}],"curies":[{"name":"wp","href":"https:\/\/api.w.org\/{rel}","templated":true}]}}