{"id":656,"date":"2017-01-26T13:30:54","date_gmt":"2017-01-26T12:30:54","guid":{"rendered":"http:\/\/impresiondigitalgranformato.es\/wordpress\/?page_id=656"},"modified":"2019-08-08T10:03:09","modified_gmt":"2019-08-08T08:03:09","slug":"como-comprar","status":"publish","type":"page","link":"https:\/\/impresiondigitalgranformato.es\/pt\/como-comprar\/","title":{"rendered":"como comprar"},"content":{"rendered":"<div class=\"pbs-row\" style=\"min-height: 247px; margin-bottom: 40px;\">\n<div class=\"pbs-col\" style=\"flex-basis: 50%;\">\n<p><img data-recalc-dims=\"1\" loading=\"lazy\" decoding=\"async\" class=\"aligncenter size-medium wp-image-800\" src=\"https:\/\/i0.wp.com\/impresiondigitalgranformato.es\/wp-content\/uploads\/2017\/01\/logotipo_rotulaciones-300x131.png?resize=300%2C131&#038;ssl=1\" alt=\"logotipo impresiondigitalgranformato\" width=\"300\" height=\"131\" srcset=\"https:\/\/i0.wp.com\/impresiondigitalgranformato.es\/wp-content\/uploads\/2017\/01\/logotipo_rotulaciones.png?resize=300%2C131&amp;ssl=1 300w, https:\/\/i0.wp.com\/impresiondigitalgranformato.es\/wp-content\/uploads\/2017\/01\/logotipo_rotulaciones.png?resize=450%2C196&amp;ssl=1 450w, https:\/\/i0.wp.com\/impresiondigitalgranformato.es\/wp-content\/uploads\/2017\/01\/logotipo_rotulaciones.png?resize=100%2C44&amp;ssl=1 100w, https:\/\/i0.wp.com\/impresiondigitalgranformato.es\/wp-content\/uploads\/2017\/01\/logotipo_rotulaciones.png?resize=150%2C65&amp;ssl=1 150w, https:\/\/i0.wp.com\/impresiondigitalgranformato.es\/wp-content\/uploads\/2017\/01\/logotipo_rotulaciones.png?resize=200%2C87&amp;ssl=1 200w, https:\/\/i0.wp.com\/impresiondigitalgranformato.es\/wp-content\/uploads\/2017\/01\/logotipo_rotulaciones.png?w=580&amp;ssl=1 580w\" sizes=\"auto, (max-width: 300px) 100vw, 300px\" \/><\/p>\n<p><img data-recalc-dims=\"1\" loading=\"lazy\" decoding=\"async\" class=\"aligncenter size-medium wp-image-15\" style=\"margin-top: 25px;\" src=\"https:\/\/i0.wp.com\/impresiondigitalgranformato.es\/wp-content\/uploads\/2016\/12\/logotipo-2-300x61.png?resize=300%2C61&#038;ssl=1\" alt=\"impresion digital los mas baratos\" width=\"300\" height=\"61\" \/><\/p>\n<\/div>\n<div class=\"pbs-col\" style=\"flex-basis: 50%;\">\n<h4><span style=\"font-weight: normal;\">Em primeiro lugar, informamos que a qualquer momento durante a sua compra ou visualiza\u00e7\u00e3o no site, poder\u00e1 contactar-nos atrav\u00e9s de:<\/span><\/h4>\n<h4 style=\"text-align: left;\"><span style=\"font-weight: bold; color: #0e1252;\">Telefone:<\/span>+34 925 761 762 ou +34 605 265 602 (diariamente)<\/h4>\n<h4><span style=\"font-weight: bold; color: #0d9a41;\">Wasap<\/span>+34 605 265 602 (Roberto)<\/h4>\n<h4><span style=\"font-weight: bold; color: #3a484a;\">ch\u00e1t:<\/span><span style=\"font-weight: bold;\">\u00a0<\/span><span style=\"font-weight: normal;\">viver<\/span><\/h4>\n<h4><span style=\"font-weight: bold;\">correio eletr\u00f3nico:<\/span> <span style=\"font-weight: normal;\">comercial@impresiondigitalgranformato.es<\/span><\/h4>\n<\/div>\n<\/div>\n<div class=\"pbs-row\" style=\"min-height: 200px;\">\n<div class=\"pbs-col\" style=\"justify-content: center;\">\n<h3>Pedidos:<\/h3>\n<p><span style=\"font-weight: bold;\">Todos os pedidos s\u00e3o feitos atrav\u00e9s da loja online.<\/span><\/p>\n<p><span style=\"font-weight: bold;\">1<\/span>. - Veja o produto que lhe interessa.<\/p>\n<p style=\"margin-bottom: 10px;\"><b>2<\/b>. - Indique a quantidade de artigos que pretende.<\/p>\n<p><b>3<\/b>.- Clique em \u201ccomprar agora\u201d<\/p>\n<p><b>4<\/b>- Quando terminar de adicionar artigos ao seu carrinho de compras, abra o carrinho (canto superior direito ou canto inferior esquerdo)<\/p>\n<p><strong>5<\/strong>.- Clique em \u00bb FINALIZAR COMPRA \u00bb Siga os passos indicados para criar o formul\u00e1rio para a fatura e envio do material.<\/p>\n<p><strong>6<\/strong>.- Selecione o m\u00e9todo de pagamento (cart\u00e3o ou transfer\u00eancia banc\u00e1ria) e clique em \"FAZER ENCOMENDA\"<\/p>\n<p style=\"margin-bottom: 31px;\">**ao efetuar a compra pode indicar o que pretende na caixa <span style=\"font-weight: bold;\">\u201cordenar observa\u00e7\u00f5es\u201d<\/span><\/p>\n<p style=\"margin-bottom: 31px;\"><strong>7<\/strong>.- <strong>(apenas para encomendas em que o cliente envia o desenho para ser impresso)<\/strong> Conclua a compra e, juntamente com o n\u00famero da encomenda que ir\u00e1 receber, envie os ficheiros de impress\u00e3o para o seguinte endere\u00e7o de e-mail: comercial@impresiondigitalgranformato.es<\/p>\n<p>** <strong>Verificamos o tamanho e a qualidade de todos os desenhos. Informamos se est\u00e1 correto para impress\u00e3o ou se achamos que deve ser modificado.<\/strong><\/p>\n<\/div>\n<\/div>\n<div class=\"pbs-row\" style=\"min-height: 200px;\">\n<div class=\"pbs-col\" style=\"justify-content: center;\">\n<p><span style=\"font-weight: bold;\">Encomendas com prepara\u00e7\u00e3o de gr\u00e1ficos ou arte final.<\/span><\/p>\n<p>Para a prepara\u00e7\u00e3o da arte final, \u00e9 necess\u00e1rio que nos envie os seguintes dados por correio eletr\u00f3nico: <span style=\"font-weight: bold;\">comercial@impresiondigitalgranformato.es<\/span><\/p>\n<p>- N\u00famero de encomenda (receber\u00e1 no seu e-mail assim que a compra for efetuada)<\/p>\n<p>- Log\u00f3tipo e\/ou imagens que pretende que apare\u00e7am.<\/p>\n<p>- Textos a inserir<\/p>\n<p>- Uma breve descri\u00e7\u00e3o de como o pretende, com o m\u00e1ximo de informa\u00e7\u00e3o poss\u00edvel (posi\u00e7\u00e3o das imagens, cores, tipos de letra...).<\/p>\n<p>Enviaremos a adapta\u00e7\u00e3o para sua aprova\u00e7\u00e3o antes de iniciar a produ\u00e7\u00e3o.<\/p>\n<p style=\"margin-top: 17px;\"><span style=\"font-weight: bold;\">Pre\u00e7os e formas de pagamento:<\/span><\/p>\n<p>Todos os pre\u00e7os no site incluem o seguinte: <span style=\"font-weight: bold;\">estruturas e impress\u00e3o<\/span>O IVA e os custos de envio precisariam de ser adicionados, se necess\u00e1rio.<\/p>\n<p style=\"margin-bottom: 27px;\">Os pagamentos ser\u00e3o efetuados no momento da encomenda por transfer\u00eancia banc\u00e1ria ou cart\u00e3o de cr\u00e9dito. (Pode escolher esta op\u00e7\u00e3o ao efetuar a sua compra.)<\/p>\n<p><span style=\"font-weight: bold;\">Arte final ou ficheiros a imprimir<\/span><\/p>\n<p>TODOS OS ARTIGOS T\u00caM UM MODELO DE MONTAGEM QUE PODE FAZER O DOWNLOAD.<\/p>\n<p>Os formatos v\u00e1lidos para impress\u00e3o s\u00e3o JPG, TIFF ou PDF, e t\u00eam sempre de ter o tamanho do artigo escolhido.<\/p>\n<p>(por exemplo, se escolher um rolo de 85 x 200 cm, a imagem a imprimir tem de ter 85 x 200 cm).<\/p>\n<p style=\"margin-bottom: 22px;\"><span style=\"font-weight: bold;\">Verificamos todos os designs quanto ao tamanho e qualidade e, se detetarmos algum problema, iremos notific\u00e1-lo.<\/span><\/p>\n<p><span style=\"font-weight: bold;\">Prazo de envio e entrega:<\/span><\/p>\n<p>Los env\u00edos est\u00e1n pagados a partir de 250\u20ac de compra (sin incluir IVA) en pen\u00ednsula de no llegar a esta cantidad el coste variar\u00eda entre 9 y 21\u20ac + IVA.<\/p>\n<p>El plazo de entrega pude elegirlo entre 4 y 2 d\u00edas o incluso en 24 horas en destino<span style=\"color: #9c161f;\">*<\/span> (pen\u00ednsula) una vez confirmado arte final y pago de la mercanc\u00eda.<\/p>\n<p><span style=\"color: #9c161f;\">*Siempre que se realice antes de las 12 de la ma\u00f1ana del d\u00eda en curso<\/span><\/p>\n<p><strong>VENDAS:<\/strong><\/p>\n<p>Puede realizar su compra\u00a0directamente ON-LINE (Excluidos ciertos servicios) o a trav\u00e9s de nuestro e-mail indicado en el apartado de CONTACTO. Para ello deber\u00e1 indicar las referencias, medidas, etc. de los productos que desee contratar. Posteriormente recibir\u00e1 un presupuesto con dichos productos para que pueda realizar el pago de los mismos.<br \/>\nSolamente se admiten pedidos mediante forma de pago por transferencia bancaria anticipada o a trav\u00e9s de TPV- VIRTUAL instalado en la tienda on-line. Dicho pedido no pasar\u00e1 a producci\u00f3n hasta que ROTULACIONES, SERIGRAFIAS Y MONTAJES PACHECO, S.L. tenga constancia de que el pago ha sido realizado.<br \/>\nLos precios est\u00e1n sujetos a cambios, sin previo aviso.<\/p>\n<p><strong>CANCELACI\u00d3N:<\/strong><br \/>\nOs cancelamentos completos de encomendas s\u00f3 s\u00e3o permitidos se o produto ainda n\u00e3o tiver entrado em produ\u00e7\u00e3o. Caso j\u00e1 se encontre em produ\u00e7\u00e3o, o cliente ser\u00e1 respons\u00e1vel pelo custo do produto. Este valor ser\u00e1 deduzido do reembolso total que devemos ao cliente.<\/p>\n<p><strong>RETORNAR:<\/strong><br \/>\nAs devolu\u00e7\u00f5es de produtos s\u00f3 ser\u00e3o aceites at\u00e9 24 horas ap\u00f3s a rece\u00e7\u00e3o da encomenda, desde que sejam decorrentes de defeitos de fabrico e n\u00e3o de utiliza\u00e7\u00e3o indevida.<br \/>\nSe desejar mais informa\u00e7\u00f5es sobre qualquer um dos nossos produtos ou aconselhamento pr\u00e9vio, n\u00e3o hesite em contactar-nos.<\/p>\n<p><strong>ROTULACIONES, SERIGRAFIAS Y MONTAJES PACHECO, S.L.<\/strong><\/p>\n<p>B-45808052<\/p>\n<p><strong>C\/ Eras de San Francisco, 1 local 3<\/strong><\/p>\n<p><strong>45500 Torrijos (Toledo<\/strong><\/p>\n<p><strong>comercial@impresiondigitalgranforamto.es<\/strong><\/p>\n<\/div>\n<\/div>\n<h2 style=\"text-align: center; margin-bottom: 4px;\"><span style=\"font-weight: bold; color: #048f6c;\">Volver a<\/span><\/h2>\n<p><a href=\"https:\/\/impresiondigitalgranformato.es\/pt\/productosimpresiondigital\/\" xlink=\"href\"> <img data-recalc-dims=\"1\" loading=\"lazy\" decoding=\"async\" class=\"aligncenter wp-image-272 size-medium\" src=\"https:\/\/i0.wp.com\/impresiondigitalgranformato.es\/wp-content\/uploads\/2017\/01\/ICONO-VER-PRODUCTOS-300x66.png?resize=300%2C66&#038;ssl=1\" alt=\"productos impresion de gran foramto\" width=\"300\" height=\"66\" srcset=\"https:\/\/i0.wp.com\/impresiondigitalgranformato.es\/wp-content\/uploads\/2017\/01\/ICONO-VER-PRODUCTOS.png?resize=300%2C66&amp;ssl=1 300w, https:\/\/i0.wp.com\/impresiondigitalgranformato.es\/wp-content\/uploads\/2017\/01\/ICONO-VER-PRODUCTOS.png?resize=450%2C99&amp;ssl=1 450w, https:\/\/i0.wp.com\/impresiondigitalgranformato.es\/wp-content\/uploads\/2017\/01\/ICONO-VER-PRODUCTOS.png?resize=100%2C22&amp;ssl=1 100w, https:\/\/i0.wp.com\/impresiondigitalgranformato.es\/wp-content\/uploads\/2017\/01\/ICONO-VER-PRODUCTOS.png?resize=150%2C33&amp;ssl=1 150w, https:\/\/i0.wp.com\/impresiondigitalgranformato.es\/wp-content\/uploads\/2017\/01\/ICONO-VER-PRODUCTOS.png?resize=200%2C44&amp;ssl=1 200w, https:\/\/i0.wp.com\/impresiondigitalgranformato.es\/wp-content\/uploads\/2017\/01\/ICONO-VER-PRODUCTOS.png?resize=600%2C132&amp;ssl=1 600w, https:\/\/i0.wp.com\/impresiondigitalgranformato.es\/wp-content\/uploads\/2017\/01\/ICONO-VER-PRODUCTOS.png?w=601&amp;ssl=1 601w\" sizes=\"auto, (max-width: 300px) 100vw, 300px\" \/> <\/a><\/p>","protected":false},"excerpt":{"rendered":"<p>En primer lugar indicar que en cualquier momento de la compra o visualizaci\u00f3n en la web puede ponerse en contacto con nosotros a trav\u00e9s de: Tel\u00e9fono: 925 761 762 o al 605 265 602 (todos los d\u00edas) Wasap: 605 265 602 (Roberto) ch\u00e1t:\u00a0en vivo e-mail: comercial@impresiondigitalgranformato.es Pedidos: Todos los pedidos se realizan a trav\u00e9s de [&hellip;]<\/p>\n","protected":false},"author":1,"featured_media":0,"parent":0,"menu_order":0,"comment_status":"closed","ping_status":"closed","template":"","meta":{"footnotes":""},"class_list":["post-656","page","type-page","status-publish","hentry"],"yoast_head":"<!-- This site is optimized with the Yoast SEO plugin v27.3 - https:\/\/yoast.com\/product\/yoast-seo-wordpress\/ -->\n<title>como-comprar - Los + baratos<\/title>\n<meta name=\"robots\" content=\"index, follow, max-snippet:-1, max-image-preview:large, max-video-preview:-1\" \/>\n<link rel=\"canonical\" href=\"https:\/\/impresiondigitalgranformato.es\/pt\/como-comprar\/\" \/>\n<meta property=\"og:locale\" content=\"pt_PT\" \/>\n<meta property=\"og:type\" content=\"article\" \/>\n<meta property=\"og:title\" content=\"como-comprar - Los + baratos\" \/>\n<meta property=\"og:description\" content=\"En primer lugar indicar que en cualquier momento de la compra o visualizaci\u00f3n en la web puede ponerse en contacto con nosotros a trav\u00e9s de: Tel\u00e9fono: 925 761 762 o al 605 265 602 (todos los d\u00edas) Wasap: 605 265 602 (Roberto) ch\u00e1t:\u00a0en vivo e-mail: comercial@impresiondigitalgranformato.es Pedidos: Todos los pedidos se realizan a trav\u00e9s de [&hellip;]\" \/>\n<meta property=\"og:url\" content=\"https:\/\/impresiondigitalgranformato.es\/pt\/como-comprar\/\" \/>\n<meta property=\"og:site_name\" content=\"Los + baratos\" \/>\n<meta property=\"article:modified_time\" content=\"2019-08-08T08:03:09+00:00\" \/>\n<meta property=\"og:image\" content=\"https:\/\/impresiondigitalgranformato.es\/wp-content\/uploads\/2017\/01\/logotipo_rotulaciones-300x131.png\" \/>\n<meta name=\"twitter:card\" content=\"summary_large_image\" \/>\n<meta name=\"twitter:label1\" content=\"Tempo estimado de leitura\" \/>\n\t<meta name=\"twitter:data1\" content=\"4 minutos\" \/>\n<script type=\"application\/ld+json\" class=\"yoast-schema-graph\">{\"@context\":\"https:\\\/\\\/schema.org\",\"@graph\":[{\"@type\":\"WebPage\",\"@id\":\"https:\\\/\\\/impresiondigitalgranformato.es\\\/como-comprar\\\/\",\"url\":\"https:\\\/\\\/impresiondigitalgranformato.es\\\/como-comprar\\\/\",\"name\":\"como-comprar - Los + baratos\",\"isPartOf\":{\"@id\":\"https:\\\/\\\/impresiondigitalgranformato.es\\\/#website\"},\"primaryImageOfPage\":{\"@id\":\"https:\\\/\\\/impresiondigitalgranformato.es\\\/como-comprar\\\/#primaryimage\"},\"image\":{\"@id\":\"https:\\\/\\\/impresiondigitalgranformato.es\\\/como-comprar\\\/#primaryimage\"},\"thumbnailUrl\":\"https:\\\/\\\/impresiondigitalgranformato.es\\\/wp-content\\\/uploads\\\/2017\\\/01\\\/logotipo_rotulaciones-300x131.png\",\"datePublished\":\"2017-01-26T12:30:54+00:00\",\"dateModified\":\"2019-08-08T08:03:09+00:00\",\"breadcrumb\":{\"@id\":\"https:\\\/\\\/impresiondigitalgranformato.es\\\/como-comprar\\\/#breadcrumb\"},\"inLanguage\":\"pt-PT\",\"potentialAction\":[{\"@type\":\"ReadAction\",\"target\":[\"https:\\\/\\\/impresiondigitalgranformato.es\\\/como-comprar\\\/\"]}]},{\"@type\":\"ImageObject\",\"inLanguage\":\"pt-PT\",\"@id\":\"https:\\\/\\\/impresiondigitalgranformato.es\\\/como-comprar\\\/#primaryimage\",\"url\":\"https:\\\/\\\/impresiondigitalgranformato.es\\\/wp-content\\\/uploads\\\/2017\\\/01\\\/logotipo_rotulaciones-300x131.png\",\"contentUrl\":\"https:\\\/\\\/impresiondigitalgranformato.es\\\/wp-content\\\/uploads\\\/2017\\\/01\\\/logotipo_rotulaciones-300x131.png\"},{\"@type\":\"BreadcrumbList\",\"@id\":\"https:\\\/\\\/impresiondigitalgranformato.es\\\/como-comprar\\\/#breadcrumb\",\"itemListElement\":[{\"@type\":\"ListItem\",\"position\":1,\"name\":\"Portada\",\"item\":\"https:\\\/\\\/impresiondigitalgranformato.es\\\/\"},{\"@type\":\"ListItem\",\"position\":2,\"name\":\"como-comprar\"}]},{\"@type\":\"WebSite\",\"@id\":\"https:\\\/\\\/impresiondigitalgranformato.es\\\/#website\",\"url\":\"https:\\\/\\\/impresiondigitalgranformato.es\\\/\",\"name\":\"Los + baratos\",\"description\":\"impresi\u00f3n digital gran formato venta de roll up, banner, banderas, lonas, carteles, displays, publicidad\",\"publisher\":{\"@id\":\"https:\\\/\\\/impresiondigitalgranformato.es\\\/#organization\"},\"potentialAction\":[{\"@type\":\"SearchAction\",\"target\":{\"@type\":\"EntryPoint\",\"urlTemplate\":\"https:\\\/\\\/impresiondigitalgranformato.es\\\/?s={search_term_string}\"},\"query-input\":{\"@type\":\"PropertyValueSpecification\",\"valueRequired\":true,\"valueName\":\"search_term_string\"}}],\"inLanguage\":\"pt-PT\"},{\"@type\":\"Organization\",\"@id\":\"https:\\\/\\\/impresiondigitalgranformato.es\\\/#organization\",\"name\":\"Los + baratos\",\"url\":\"https:\\\/\\\/impresiondigitalgranformato.es\\\/\",\"logo\":{\"@type\":\"ImageObject\",\"inLanguage\":\"pt-PT\",\"@id\":\"https:\\\/\\\/impresiondigitalgranformato.es\\\/#\\\/schema\\\/logo\\\/image\\\/\",\"url\":\"https:\\\/\\\/i0.wp.com\\\/impresiondigitalgranformato.es\\\/wp-content\\\/uploads\\\/2016\\\/12\\\/cropped-logotipo-2-e1483373659766.png?fit=500%2C101&ssl=1\",\"contentUrl\":\"https:\\\/\\\/i0.wp.com\\\/impresiondigitalgranformato.es\\\/wp-content\\\/uploads\\\/2016\\\/12\\\/cropped-logotipo-2-e1483373659766.png?fit=500%2C101&ssl=1\",\"width\":500,\"height\":101,\"caption\":\"Los + baratos\"},\"image\":{\"@id\":\"https:\\\/\\\/impresiondigitalgranformato.es\\\/#\\\/schema\\\/logo\\\/image\\\/\"}}]}<\/script>\n<!-- \/ Yoast SEO plugin. -->","yoast_head_json":{"title":"como-comprar - Los + baratos","robots":{"index":"index","follow":"follow","max-snippet":"max-snippet:-1","max-image-preview":"max-image-preview:large","max-video-preview":"max-video-preview:-1"},"canonical":"https:\/\/impresiondigitalgranformato.es\/pt\/como-comprar\/","og_locale":"pt_PT","og_type":"article","og_title":"como-comprar - Los + baratos","og_description":"En primer lugar indicar que en cualquier momento de la compra o visualizaci\u00f3n en la web puede ponerse en contacto con nosotros a trav\u00e9s de: Tel\u00e9fono: 925 761 762 o al 605 265 602 (todos los d\u00edas) Wasap: 605 265 602 (Roberto) ch\u00e1t:\u00a0en vivo e-mail: comercial@impresiondigitalgranformato.es Pedidos: Todos los pedidos se realizan a trav\u00e9s de [&hellip;]","og_url":"https:\/\/impresiondigitalgranformato.es\/pt\/como-comprar\/","og_site_name":"Los + baratos","article_modified_time":"2019-08-08T08:03:09+00:00","og_image":[{"url":"https:\/\/impresiondigitalgranformato.es\/wp-content\/uploads\/2017\/01\/logotipo_rotulaciones-300x131.png","type":"","width":"","height":""}],"twitter_card":"summary_large_image","twitter_misc":{"Tempo estimado de leitura":"4 minutos"},"schema":{"@context":"https:\/\/schema.org","@graph":[{"@type":"WebPage","@id":"https:\/\/impresiondigitalgranformato.es\/como-comprar\/","url":"https:\/\/impresiondigitalgranformato.es\/como-comprar\/","name":"como-comprar - Los + baratos","isPartOf":{"@id":"https:\/\/impresiondigitalgranformato.es\/#website"},"primaryImageOfPage":{"@id":"https:\/\/impresiondigitalgranformato.es\/como-comprar\/#primaryimage"},"image":{"@id":"https:\/\/impresiondigitalgranformato.es\/como-comprar\/#primaryimage"},"thumbnailUrl":"https:\/\/impresiondigitalgranformato.es\/wp-content\/uploads\/2017\/01\/logotipo_rotulaciones-300x131.png","datePublished":"2017-01-26T12:30:54+00:00","dateModified":"2019-08-08T08:03:09+00:00","breadcrumb":{"@id":"https:\/\/impresiondigitalgranformato.es\/como-comprar\/#breadcrumb"},"inLanguage":"pt-PT","potentialAction":[{"@type":"ReadAction","target":["https:\/\/impresiondigitalgranformato.es\/como-comprar\/"]}]},{"@type":"ImageObject","inLanguage":"pt-PT","@id":"https:\/\/impresiondigitalgranformato.es\/como-comprar\/#primaryimage","url":"https:\/\/impresiondigitalgranformato.es\/wp-content\/uploads\/2017\/01\/logotipo_rotulaciones-300x131.png","contentUrl":"https:\/\/impresiondigitalgranformato.es\/wp-content\/uploads\/2017\/01\/logotipo_rotulaciones-300x131.png"},{"@type":"BreadcrumbList","@id":"https:\/\/impresiondigitalgranformato.es\/como-comprar\/#breadcrumb","itemListElement":[{"@type":"ListItem","position":1,"name":"Portada","item":"https:\/\/impresiondigitalgranformato.es\/"},{"@type":"ListItem","position":2,"name":"como-comprar"}]},{"@type":"WebSite","@id":"https:\/\/impresiondigitalgranformato.es\/#website","url":"https:\/\/impresiondigitalgranformato.es\/","name":"Os mais baratos","description":"impress\u00e3o digital de grande formato venda de roll up, banners, bandeiras, faixas, lonas, cartazes, expositores, an\u00fancios","publisher":{"@id":"https:\/\/impresiondigitalgranformato.es\/#organization"},"potentialAction":[{"@type":"SearchAction","target":{"@type":"EntryPoint","urlTemplate":"https:\/\/impresiondigitalgranformato.es\/?s={search_term_string}"},"query-input":{"@type":"PropertyValueSpecification","valueRequired":true,"valueName":"search_term_string"}}],"inLanguage":"pt-PT"},{"@type":"Organization","@id":"https:\/\/impresiondigitalgranformato.es\/#organization","name":"Os mais baratos","url":"https:\/\/impresiondigitalgranformato.es\/","logo":{"@type":"ImageObject","inLanguage":"pt-PT","@id":"https:\/\/impresiondigitalgranformato.es\/#\/schema\/logo\/image\/","url":"https:\/\/i0.wp.com\/impresiondigitalgranformato.es\/wp-content\/uploads\/2016\/12\/cropped-logotipo-2-e1483373659766.png?fit=500%2C101&ssl=1","contentUrl":"https:\/\/i0.wp.com\/impresiondigitalgranformato.es\/wp-content\/uploads\/2016\/12\/cropped-logotipo-2-e1483373659766.png?fit=500%2C101&ssl=1","width":500,"height":101,"caption":"Los + baratos"},"image":{"@id":"https:\/\/impresiondigitalgranformato.es\/#\/schema\/logo\/image\/"}}]}},"jetpack_sharing_enabled":true,"_links":{"self":[{"href":"https:\/\/impresiondigitalgranformato.es\/pt\/wp-json\/wp\/v2\/pages\/656","targetHints":{"allow":["GET"]}}],"collection":[{"href":"https:\/\/impresiondigitalgranformato.es\/pt\/wp-json\/wp\/v2\/pages"}],"about":[{"href":"https:\/\/impresiondigitalgranformato.es\/pt\/wp-json\/wp\/v2\/types\/page"}],"author":[{"embeddable":true,"href":"https:\/\/impresiondigitalgranformato.es\/pt\/wp-json\/wp\/v2\/users\/1"}],"replies":[{"embeddable":true,"href":"https:\/\/impresiondigitalgranformato.es\/pt\/wp-json\/wp\/v2\/comments?post=656"}],"version-history":[{"count":13,"href":"https:\/\/impresiondigitalgranformato.es\/pt\/wp-json\/wp\/v2\/pages\/656\/revisions"}],"predecessor-version":[{"id":5379,"href":"https:\/\/impresiondigitalgranformato.es\/pt\/wp-json\/wp\/v2\/pages\/656\/revisions\/5379"}],"wp:attachment":[{"href":"https:\/\/impresiondigitalgranformato.es\/pt\/wp-json\/wp\/v2\/media?parent=656"}],"curies":[{"name":"wp","href":"https:\/\/api.w.org\/{rel}","templated":true}]}}