{"id":11664,"date":"2020-03-17T18:02:35","date_gmt":"2020-03-17T17:02:35","guid":{"rendered":"http:\/\/impresiondigitalgranformato.es\/?post_type=product&#038;p=11664"},"modified":"2020-05-29T20:33:09","modified_gmt":"2020-05-29T18:33:09","slug":"cartel-coronavirus-acceso-limitado","status":"publish","type":"product","link":"https:\/\/impresiondigitalgranformato.es\/pt\/producto\/cartel-coronavirus-acceso-limitado\/","title":{"rendered":"cartel coronavirus acceso limitado"},"content":{"rendered":"<p>Cartel coronavirus para el acceso limitado. Informe a sus cliente que el acceso al local, negocio y\/o oficina solo podr\u00e1 ser de uno en uno.<\/p>\n<p>Siguiendo las instrucciones del ministerio de sanidad informe a sus clientes con este cartel para la <a target=\"_blank\" href=\"https:\/\/www.mscbs.gob.es\/profesionales\/saludPublica\/ccayes\/alertasActual\/nCov-China\/ciudadania.htm\" xlink=\"href\" rel=\"noopener noreferrer\">NO propagaci\u00f3n<\/a> del covid 19.<\/p>\n<p>El cartel coronavirus acceso limitado se puede fabricar en varios materiales.<\/p>\n<p><strong>Fabricaci\u00f3n en vinilo adhesivo<\/strong>\u00a0con impresi\u00f3n normal o reflejada (se pega por dentro del cristal y se ve por fuera)<\/p>\n<p><strong>Fabricaci\u00f3n en lona<\/strong>\u00a0puede elegir si la quiere con ollaos para poder sujetarla a una reja o cierre. O bien con ollaos y ventosas para pegarla por dentro del cristal o escaparate y se vea por fuera. Lo podria quitar y poner tantas veces como quiera.<\/p>\n<p><strong>Fabricaci\u00f3n en PVC Forex con Peana trasera,\u00a0<\/strong>(display de sobremesa) para colocar encima de una mesa, estanter\u00eda o mostrador.<\/p>\n<p><strong>Fabricaci\u00f3n en PVC Forex<\/strong>\u00a0para poder atornillar o pegar a la pared o bien sujetar al cierre o reja. Si necesita le podemos enviar tacos, tornillos y embellecedores para la cabeza del tornillo. Ind\u00edquenos tambi\u00e9n si quiere que le dejemos hecho los taladros en las esquinas. (este material esta pensado para locales que est\u00e9n dentro de galer\u00edas o soportales donde no tienen una gran exposici\u00f3n al sol, ya que este material se acaba deformando si tiene mucha exposici\u00f3n al sol)<\/p>\n<p><strong>Fabricaci\u00f3n en Chapa Galvanizada<\/strong>\u00a0para poder atornillar o pegar a la pared o bien sujetar al cierre o reja. Si necesita le podemos enviar tacos, tornillos y embellecedores para la cabeza del tornillo. Ind\u00edquenos tambi\u00e9n si quiere que le dejemos hecho los taladros en <span style=\"color: #000000;\">las esquinas. Este material es ideal para exterior<\/span><\/p>\n<h4><span style=\"color: #800000;\"><strong>ENV\u00cdO ESPECIAL EN 48 HORAS<\/strong><\/span><\/h4>\n<p>(solo para productos relacionados con la lucha contra el coronavirus)<\/p>\n<p>Tambi\u00e9n tiene la posibilidad de env\u00edo gratis desde la 1\u00aa unid.<\/p>\n<p><span style=\"color: #ff0000;\">Posibilidad de entrega en 24 horas<\/span><\/p>\n<p>Vea mas modelos en nuestra secci\u00f3n de\u00a0<a href=\"https:\/\/impresiondigitalgranformato.es\/pt\/categoria-produto\/carteles-coronavirus\/\" xlink=\"href\">carteles coronavirus para la NO propagaci\u00f3n.<\/a><\/p>\n<p>&nbsp;<\/p>\n<p><span style=\"color: #0000ff;\"><strong>JUNTOS, LO CONSEGUIREMOS!!!<\/strong><\/span><\/p>\n<p>#YoMeQuedoEnCasa<\/p>","protected":false},"excerpt":{"rendered":"<p>Cartel para la\u00a0<strong>NO<\/strong>\u00a0<strong>propagaci\u00f3n<\/strong>\u00a0del coronavirus<\/p>\n<p><span style=\"color: #0000ff;\"><strong>ACCESO LIMITADO<\/strong><\/span><\/p>\n<p>Se puede realizar en varios materiales:<\/p>\n<p><strong>Vinilo<\/strong>\u00a0con impresi\u00f3n normal o reflejada<\/p>\n<p><strong>Lona<\/strong>\u00a0con ollaos solo o con ollaos y ventosas<\/p>\n<p><strong>Cartel con peana trasera<\/strong>\u00a0(display de sobremesa)<\/p>\n<p><strong>PVC o Forex<\/strong>\u00a0(si lo necesita le enviamos la torniller\u00eda)<\/p>\n<p><strong>Chapa Galvanizada<\/strong>\u00a0(si lo necesita le enviamos la torniller\u00eda)<\/p>\n<h4><span style=\"color: #800000;\"><strong>ENV\u00cdO ESPECIAL EN 48 HORAS<\/strong><\/span><\/h4>\n<p>(solo para productos relacionados con la lucha contra el coronavirus)<\/p>\n<p>Tambi\u00e9n tiene la posibilidad de env\u00edo gratis desde la 1\u00aa unid.<\/p>\n<p><span style=\"color: #ff0000;\">Posibilidad de entrega en 24 horas<\/span><\/p>\n<p><a href=\"https:\/\/impresiondigitalgranformato.es\/pt\/categoria-produto\/carteles-coronavirus\/\" xlink=\"href\"><img loading=\"lazy\" decoding=\"async\" class=\"size-medium wp-image-12523 alignleft\" src=\"https:\/\/impresiondigitalgranformato.es\/wp-content\/uploads\/2020\/03\/productos-impresion-digital-gran-formato-600x36.png\" alt=\"productos impresion digital gran formato\" width=\"600\" height=\"36\" srcset=\"https:\/\/i0.wp.com\/impresiondigitalgranformato.es\/wp-content\/uploads\/2020\/03\/productos-impresion-digital-gran-formato.png?resize=600%2C36&amp;ssl=1 600w, https:\/\/i0.wp.com\/impresiondigitalgranformato.es\/wp-content\/uploads\/2020\/03\/productos-impresion-digital-gran-formato.png?resize=100%2C6&amp;ssl=1 100w, https:\/\/i0.wp.com\/impresiondigitalgranformato.es\/wp-content\/uploads\/2020\/03\/productos-impresion-digital-gran-formato.png?resize=150%2C9&amp;ssl=1 150w, https:\/\/i0.wp.com\/impresiondigitalgranformato.es\/wp-content\/uploads\/2020\/03\/productos-impresion-digital-gran-formato.png?resize=200%2C12&amp;ssl=1 200w, https:\/\/i0.wp.com\/impresiondigitalgranformato.es\/wp-content\/uploads\/2020\/03\/productos-impresion-digital-gran-formato.png?resize=300%2C18&amp;ssl=1 300w, https:\/\/i0.wp.com\/impresiondigitalgranformato.es\/wp-content\/uploads\/2020\/03\/productos-impresion-digital-gran-formato.png?resize=450%2C27&amp;ssl=1 450w, https:\/\/i0.wp.com\/impresiondigitalgranformato.es\/wp-content\/uploads\/2020\/03\/productos-impresion-digital-gran-formato.png?w=621&amp;ssl=1 621w\" sizes=\"auto, (max-width: 600px) 100vw, 600px\" \/><\/a><\/p>\n<p>&nbsp;<\/p>\n<p>&nbsp;<\/p>\n<p><span style=\"color: #0000ff;\"><strong>Elija<\/strong> el material, seleccione el tama\u00f1o y si quiere realizar alg\u00fan cambio.<\/span><\/p>\n<p>&nbsp;<\/p>","protected":false},"featured_media":12480,"comment_status":"open","ping_status":"closed","template":"","meta":[],"product_brand":[],"product_cat":[83],"product_tag":[],"class_list":{"0":"post-11664","1":"product","2":"type-product","3":"status-publish","4":"has-post-thumbnail","6":"product_cat-carteles-coronavirus","8":"first","9":"instock","10":"taxable","11":"shipping-taxable","12":"purchasable","13":"product-type-simple"},"yoast_head":"<!-- This site is optimized with the Yoast SEO plugin v27.3 - https:\/\/yoast.com\/product\/yoast-seo-wordpress\/ -->\n<title>cartel coronavirus acceso limitado - Los + baratos - entrega en 24horas<\/title>\n<meta name=\"description\" content=\"cartel coronavirus para el acceso limitado, se puede entregar en 24 horas. fabricado en lona o vinilo adhesivo. para la NO propagaci\u00f3n del virus covid 19\" \/>\n<meta name=\"robots\" content=\"index, follow, max-snippet:-1, max-image-preview:large, max-video-preview:-1\" \/>\n<link rel=\"canonical\" href=\"https:\/\/impresiondigitalgranformato.es\/pt\/produto\/cartel-coronavirus-acceso-limitado\/\" \/>\n<meta property=\"og:locale\" content=\"pt_PT\" \/>\n<meta property=\"og:type\" content=\"article\" \/>\n<meta property=\"og:title\" content=\"cartel coronavirus acceso limitado - Los + baratos - entrega en 24horas\" \/>\n<meta property=\"og:description\" content=\"cartel coronavirus para el acceso limitado, se puede entregar en 24 horas. fabricado en lona o vinilo adhesivo. para la NO propagaci\u00f3n del virus covid 19\" \/>\n<meta property=\"og:url\" content=\"https:\/\/impresiondigitalgranformato.es\/pt\/produto\/cartel-coronavirus-acceso-limitado\/\" \/>\n<meta property=\"og:site_name\" content=\"Los + baratos\" \/>\n<meta property=\"article:modified_time\" content=\"2020-05-29T18:33:09+00:00\" \/>\n<meta property=\"og:image\" content=\"https:\/\/i1.wp.com\/impresiondigitalgranformato.es\/wp-content\/uploads\/2020\/03\/cartel-de-acceso-coronavirus-limitado.png?fit=630%2C630&ssl=1\" \/>\n\t<meta property=\"og:image:width\" content=\"630\" \/>\n\t<meta property=\"og:image:height\" content=\"630\" \/>\n\t<meta property=\"og:image:type\" content=\"image\/png\" \/>\n<meta name=\"twitter:card\" content=\"summary_large_image\" \/>\n<meta name=\"twitter:label1\" content=\"Tempo estimado de leitura\" \/>\n\t<meta name=\"twitter:data1\" content=\"2 minutos\" \/>\n<script type=\"application\/ld+json\" class=\"yoast-schema-graph\">{\"@context\":\"https:\\\/\\\/schema.org\",\"@graph\":[{\"@type\":\"WebPage\",\"@id\":\"https:\\\/\\\/impresiondigitalgranformato.es\\\/producto\\\/cartel-coronavirus-acceso-limitado\\\/\",\"url\":\"https:\\\/\\\/impresiondigitalgranformato.es\\\/producto\\\/cartel-coronavirus-acceso-limitado\\\/\",\"name\":\"cartel coronavirus acceso limitado - Los + baratos - entrega en 24horas\",\"isPartOf\":{\"@id\":\"https:\\\/\\\/impresiondigitalgranformato.es\\\/#website\"},\"primaryImageOfPage\":{\"@id\":\"https:\\\/\\\/impresiondigitalgranformato.es\\\/producto\\\/cartel-coronavirus-acceso-limitado\\\/#primaryimage\"},\"image\":{\"@id\":\"https:\\\/\\\/impresiondigitalgranformato.es\\\/producto\\\/cartel-coronavirus-acceso-limitado\\\/#primaryimage\"},\"thumbnailUrl\":\"https:\\\/\\\/i0.wp.com\\\/impresiondigitalgranformato.es\\\/wp-content\\\/uploads\\\/2020\\\/03\\\/cartel-de-acceso-coronavirus-limitado.png?fit=630%2C630&ssl=1\",\"datePublished\":\"2020-03-17T17:02:35+00:00\",\"dateModified\":\"2020-05-29T18:33:09+00:00\",\"description\":\"cartel coronavirus para el acceso limitado, se puede entregar en 24 horas. fabricado en lona o vinilo adhesivo. para la NO propagaci\u00f3n del virus covid 19\",\"breadcrumb\":{\"@id\":\"https:\\\/\\\/impresiondigitalgranformato.es\\\/producto\\\/cartel-coronavirus-acceso-limitado\\\/#breadcrumb\"},\"inLanguage\":\"pt-PT\",\"potentialAction\":[{\"@type\":\"ReadAction\",\"target\":[\"https:\\\/\\\/impresiondigitalgranformato.es\\\/producto\\\/cartel-coronavirus-acceso-limitado\\\/\"]}]},{\"@type\":\"ImageObject\",\"inLanguage\":\"pt-PT\",\"@id\":\"https:\\\/\\\/impresiondigitalgranformato.es\\\/producto\\\/cartel-coronavirus-acceso-limitado\\\/#primaryimage\",\"url\":\"https:\\\/\\\/i0.wp.com\\\/impresiondigitalgranformato.es\\\/wp-content\\\/uploads\\\/2020\\\/03\\\/cartel-de-acceso-coronavirus-limitado.png?fit=630%2C630&ssl=1\",\"contentUrl\":\"https:\\\/\\\/i0.wp.com\\\/impresiondigitalgranformato.es\\\/wp-content\\\/uploads\\\/2020\\\/03\\\/cartel-de-acceso-coronavirus-limitado.png?fit=630%2C630&ssl=1\",\"width\":630,\"height\":630,\"caption\":\"cartel coronavirus acceso\"},{\"@type\":\"BreadcrumbList\",\"@id\":\"https:\\\/\\\/impresiondigitalgranformato.es\\\/producto\\\/cartel-coronavirus-acceso-limitado\\\/#breadcrumb\",\"itemListElement\":[{\"@type\":\"ListItem\",\"position\":1,\"name\":\"Portada\",\"item\":\"https:\\\/\\\/impresiondigitalgranformato.es\\\/\"},{\"@type\":\"ListItem\",\"position\":2,\"name\":\"Productos\",\"item\":\"https:\\\/\\\/impresiondigitalgranformato.es\\\/venta-roll-up-banner\\\/\"},{\"@type\":\"ListItem\",\"position\":3,\"name\":\"cartel coronavirus acceso limitado\"}]},{\"@type\":\"WebSite\",\"@id\":\"https:\\\/\\\/impresiondigitalgranformato.es\\\/#website\",\"url\":\"https:\\\/\\\/impresiondigitalgranformato.es\\\/\",\"name\":\"Los + baratos\",\"description\":\"impresi\u00f3n digital gran formato venta de roll up, banner, banderas, lonas, carteles, displays, publicidad\",\"publisher\":{\"@id\":\"https:\\\/\\\/impresiondigitalgranformato.es\\\/#organization\"},\"potentialAction\":[{\"@type\":\"SearchAction\",\"target\":{\"@type\":\"EntryPoint\",\"urlTemplate\":\"https:\\\/\\\/impresiondigitalgranformato.es\\\/?s={search_term_string}\"},\"query-input\":{\"@type\":\"PropertyValueSpecification\",\"valueRequired\":true,\"valueName\":\"search_term_string\"}}],\"inLanguage\":\"pt-PT\"},{\"@type\":\"Organization\",\"@id\":\"https:\\\/\\\/impresiondigitalgranformato.es\\\/#organization\",\"name\":\"Los + baratos\",\"url\":\"https:\\\/\\\/impresiondigitalgranformato.es\\\/\",\"logo\":{\"@type\":\"ImageObject\",\"inLanguage\":\"pt-PT\",\"@id\":\"https:\\\/\\\/impresiondigitalgranformato.es\\\/#\\\/schema\\\/logo\\\/image\\\/\",\"url\":\"https:\\\/\\\/i0.wp.com\\\/impresiondigitalgranformato.es\\\/wp-content\\\/uploads\\\/2016\\\/12\\\/cropped-logotipo-2-e1483373659766.png?fit=500%2C101&ssl=1\",\"contentUrl\":\"https:\\\/\\\/i0.wp.com\\\/impresiondigitalgranformato.es\\\/wp-content\\\/uploads\\\/2016\\\/12\\\/cropped-logotipo-2-e1483373659766.png?fit=500%2C101&ssl=1\",\"width\":500,\"height\":101,\"caption\":\"Los + baratos\"},\"image\":{\"@id\":\"https:\\\/\\\/impresiondigitalgranformato.es\\\/#\\\/schema\\\/logo\\\/image\\\/\"}}]}<\/script>\n<!-- \/ Yoast SEO plugin. -->","yoast_head_json":{"title":"cartel coronavirus acceso limitado - Los + baratos - entrega en 24horas","description":"cartel coronavirus para el acceso limitado, se puede entregar en 24 horas. fabricado en lona o vinilo adhesivo. para la NO propagaci\u00f3n del virus covid 19","robots":{"index":"index","follow":"follow","max-snippet":"max-snippet:-1","max-image-preview":"max-image-preview:large","max-video-preview":"max-video-preview:-1"},"canonical":"https:\/\/impresiondigitalgranformato.es\/pt\/produto\/cartel-coronavirus-acceso-limitado\/","og_locale":"pt_PT","og_type":"article","og_title":"cartel coronavirus acceso limitado - Los + baratos - entrega en 24horas","og_description":"cartel coronavirus para el acceso limitado, se puede entregar en 24 horas. fabricado en lona o vinilo adhesivo. para la NO propagaci\u00f3n del virus covid 19","og_url":"https:\/\/impresiondigitalgranformato.es\/pt\/produto\/cartel-coronavirus-acceso-limitado\/","og_site_name":"Los + baratos","article_modified_time":"2020-05-29T18:33:09+00:00","og_image":[{"width":630,"height":630,"url":"https:\/\/i1.wp.com\/impresiondigitalgranformato.es\/wp-content\/uploads\/2020\/03\/cartel-de-acceso-coronavirus-limitado.png?fit=630%2C630&ssl=1","type":"image\/png"}],"twitter_card":"summary_large_image","twitter_misc":{"Tempo estimado de leitura":"2 minutos"},"schema":{"@context":"https:\/\/schema.org","@graph":[{"@type":"WebPage","@id":"https:\/\/impresiondigitalgranformato.es\/producto\/cartel-coronavirus-acceso-limitado\/","url":"https:\/\/impresiondigitalgranformato.es\/producto\/cartel-coronavirus-acceso-limitado\/","name":"cartel coronavirus acceso limitado - Los + baratos - entrega en 24horas","isPartOf":{"@id":"https:\/\/impresiondigitalgranformato.es\/#website"},"primaryImageOfPage":{"@id":"https:\/\/impresiondigitalgranformato.es\/producto\/cartel-coronavirus-acceso-limitado\/#primaryimage"},"image":{"@id":"https:\/\/impresiondigitalgranformato.es\/producto\/cartel-coronavirus-acceso-limitado\/#primaryimage"},"thumbnailUrl":"https:\/\/i0.wp.com\/impresiondigitalgranformato.es\/wp-content\/uploads\/2020\/03\/cartel-de-acceso-coronavirus-limitado.png?fit=630%2C630&ssl=1","datePublished":"2020-03-17T17:02:35+00:00","dateModified":"2020-05-29T18:33:09+00:00","description":"cartel coronavirus para el acceso limitado, se puede entregar en 24 horas. fabricado en lona o vinilo adhesivo. para la NO propagaci\u00f3n del virus covid 19","breadcrumb":{"@id":"https:\/\/impresiondigitalgranformato.es\/producto\/cartel-coronavirus-acceso-limitado\/#breadcrumb"},"inLanguage":"pt-PT","potentialAction":[{"@type":"ReadAction","target":["https:\/\/impresiondigitalgranformato.es\/producto\/cartel-coronavirus-acceso-limitado\/"]}]},{"@type":"ImageObject","inLanguage":"pt-PT","@id":"https:\/\/impresiondigitalgranformato.es\/producto\/cartel-coronavirus-acceso-limitado\/#primaryimage","url":"https:\/\/i0.wp.com\/impresiondigitalgranformato.es\/wp-content\/uploads\/2020\/03\/cartel-de-acceso-coronavirus-limitado.png?fit=630%2C630&ssl=1","contentUrl":"https:\/\/i0.wp.com\/impresiondigitalgranformato.es\/wp-content\/uploads\/2020\/03\/cartel-de-acceso-coronavirus-limitado.png?fit=630%2C630&ssl=1","width":630,"height":630,"caption":"cartel coronavirus acceso"},{"@type":"BreadcrumbList","@id":"https:\/\/impresiondigitalgranformato.es\/producto\/cartel-coronavirus-acceso-limitado\/#breadcrumb","itemListElement":[{"@type":"ListItem","position":1,"name":"Portada","item":"https:\/\/impresiondigitalgranformato.es\/"},{"@type":"ListItem","position":2,"name":"Productos","item":"https:\/\/impresiondigitalgranformato.es\/venta-roll-up-banner\/"},{"@type":"ListItem","position":3,"name":"cartel coronavirus acceso limitado"}]},{"@type":"WebSite","@id":"https:\/\/impresiondigitalgranformato.es\/#website","url":"https:\/\/impresiondigitalgranformato.es\/","name":"Os mais baratos","description":"impress\u00e3o digital de grande formato venda de roll up, banners, bandeiras, faixas, lonas, cartazes, expositores, an\u00fancios","publisher":{"@id":"https:\/\/impresiondigitalgranformato.es\/#organization"},"potentialAction":[{"@type":"SearchAction","target":{"@type":"EntryPoint","urlTemplate":"https:\/\/impresiondigitalgranformato.es\/?s={search_term_string}"},"query-input":{"@type":"PropertyValueSpecification","valueRequired":true,"valueName":"search_term_string"}}],"inLanguage":"pt-PT"},{"@type":"Organization","@id":"https:\/\/impresiondigitalgranformato.es\/#organization","name":"Os mais baratos","url":"https:\/\/impresiondigitalgranformato.es\/","logo":{"@type":"ImageObject","inLanguage":"pt-PT","@id":"https:\/\/impresiondigitalgranformato.es\/#\/schema\/logo\/image\/","url":"https:\/\/i0.wp.com\/impresiondigitalgranformato.es\/wp-content\/uploads\/2016\/12\/cropped-logotipo-2-e1483373659766.png?fit=500%2C101&ssl=1","contentUrl":"https:\/\/i0.wp.com\/impresiondigitalgranformato.es\/wp-content\/uploads\/2016\/12\/cropped-logotipo-2-e1483373659766.png?fit=500%2C101&ssl=1","width":500,"height":101,"caption":"Los + baratos"},"image":{"@id":"https:\/\/impresiondigitalgranformato.es\/#\/schema\/logo\/image\/"}}]}},"jetpack_sharing_enabled":true,"_links":{"self":[{"href":"https:\/\/impresiondigitalgranformato.es\/pt\/wp-json\/wp\/v2\/product\/11664","targetHints":{"allow":["GET"]}}],"collection":[{"href":"https:\/\/impresiondigitalgranformato.es\/pt\/wp-json\/wp\/v2\/product"}],"about":[{"href":"https:\/\/impresiondigitalgranformato.es\/pt\/wp-json\/wp\/v2\/types\/product"}],"replies":[{"embeddable":true,"href":"https:\/\/impresiondigitalgranformato.es\/pt\/wp-json\/wp\/v2\/comments?post=11664"}],"wp:featuredmedia":[{"embeddable":true,"href":"https:\/\/impresiondigitalgranformato.es\/pt\/wp-json\/wp\/v2\/media\/12480"}],"wp:attachment":[{"href":"https:\/\/impresiondigitalgranformato.es\/pt\/wp-json\/wp\/v2\/media?parent=11664"}],"wp:term":[{"taxonomy":"product_brand","embeddable":true,"href":"https:\/\/impresiondigitalgranformato.es\/pt\/wp-json\/wp\/v2\/product_brand?post=11664"},{"taxonomy":"product_cat","embeddable":true,"href":"https:\/\/impresiondigitalgranformato.es\/pt\/wp-json\/wp\/v2\/product_cat?post=11664"},{"taxonomy":"product_tag","embeddable":true,"href":"https:\/\/impresiondigitalgranformato.es\/pt\/wp-json\/wp\/v2\/product_tag?post=11664"}],"curies":[{"name":"wp","href":"https:\/\/api.w.org\/{rel}","templated":true}]}}