{"id":1271,"date":"2017-10-04T19:13:12","date_gmt":"2017-10-04T17:13:12","guid":{"rendered":"http:\/\/impresiondigitalgranformato.es\/?post_type=product&#038;p=1271"},"modified":"2025-07-04T18:12:45","modified_gmt":"2025-07-04T16:12:45","slug":"rollup-economico-84-x-200-cm","status":"publish","type":"product","link":"https:\/\/impresiondigitalgranformato.es\/pt\/producto\/rollup-economico-84-x-200-cm\/","title":{"rendered":"rollup 85 x 200 cm Standard"},"content":{"rendered":"<p>Rollup econ\u00f3mico de 85 x 200 cm o modelo standard.<\/p>\n<p>Estrutura em alum\u00ednio<\/p>\n<p>Gr\u00e1ficos impressos digitalmente em tela de pvc fundido de 450 gr.<\/p>\n<p>inclui estojo de transporte.<\/p>\n<p>Este rollup econ\u00f3mico \u00e9 ideal para a promo\u00e7\u00e3o de produtos e\/ou servi\u00e7os em lojas, salas de espera, escrit\u00f3rios, ...<\/p>\n<p>Embora seja um roll up barato, a sua estrutura de alum\u00ednio confere-lhe uma grande estabilidade e resist\u00eancia, o seu gr\u00e1fico \u00e9 feito de lona para uma maior durabilidade ao estender e recolher o gr\u00e1fico.<\/p>\n<p>\u00c9 muito r\u00e1pido e f\u00e1cil de montar, pode v\u00ea-lo na nossa <a href=\"https:\/\/youtu.be\/gq7KMUbozVo\" target=\"_blank\" rel=\"noopener\">v\u00eddeo do produto<\/a><\/p>\n<h4>Os rollups est\u00e3o a ser cada vez mais utilizados, pois s\u00e3o uma ferramenta de publicidade muito eficaz.<\/h4>\n<p>O seu peso \u00e9 muito reduzido, o que permite transport\u00e1-lo de forma c\u00f3moda, a sua montagem \u00e9 muito r\u00e1pida, \u00e9 exposto em menos de 1 minuto e \u00e9 recolhido em menos tempo ainda. Utilize este tipo de produto para promover os seus produtos. Comparando o seu pre\u00e7o com a sua qualidade e o seu grande efeito visual em qualquer lugar, como escrit\u00f3rios, lojas, salas de espera... Ser\u00e1 sempre rent\u00e1vel comprar um rollup econ\u00f3mico de 85\u00d7200 cm.<\/p>\n<p>&nbsp;<\/p>\n<p><span style=\"color: #ff0000;\">DESCONTOS POR QUANTIDADE !!!<\/span><\/p>\n<p><strong>Este produto pode ser entregue em 24 horas*.<\/strong><\/p>\n<p data-pbs-phone-margin-bottom=\"18px\"><span style=\"color: #000080;\"><strong>Diferentes tipos de transporte:<\/strong><\/span><\/p>\n<p data-pbs-phone-margin-bottom=\"18px\"><strong>Produ\u00e7\u00e3o e entrega no prazo de 8 dias \u00fateis<\/strong><\/p>\n<p data-pbs-phone-margin-bottom=\"18px\"><strong>Produ\u00e7\u00e3o e entrega no prazo de 4 dias \u00fateis<\/strong><\/p>\n<p data-pbs-phone-margin-top=\"1px\"><strong>Produ\u00e7\u00e3o e entrega no prazo de 2 dias \u00fateis<\/strong><\/p>\n<p data-pbs-phone-margin-top=\"1px\"><strong>Produ\u00e7\u00e3o e entrega no prazo de 1 dia \u00fatil*.<\/strong>\u00a0(este servi\u00e7o s\u00f3 \u00e9 v\u00e1lido para as encomendas confirmadas antes das 11h30 do dia em curso).<\/p>\n<p>&nbsp;<\/p>\n<h3><span style=\"color: #ff9900;\">O modelo standard com arma\u00e7\u00e3o de enrolar \u00e9 o mais vendido.<\/span><\/h3>\n<p>A estrutura \u00e9 feita de alum\u00ednio, os gr\u00e1ficos do rollup s\u00e3o feitos de 450 gr\/m2 de lona de pvc acetinada, o rollup \u00e9 impresso com impress\u00e3o digital de alta qualidade e inclui um saco de transporte de nylon preto. Tudo isto faz deste rollup barato a melhor escolha quando se compra um expositor publicit\u00e1rio. Porque tem a melhor rela\u00e7\u00e3o qualidade\/pre\u00e7o.<\/p>\n<p>Este modelo de enrolar barato \u00e9 um excelente vendedor em todos os tamanhos para grandes tiragens de impress\u00f5es para promo\u00e7\u00f5es ou projectos, gra\u00e7as ao seu grande tamanho de cartaz e ao seu baixo pre\u00e7o.<\/p>\n<h3><span style=\"color: #ff9900;\">O rollup 85 x 200 cm Standard<\/span><\/h3>\n<p>Este \u00e9 o tamanho de rollup que a maioria das pessoas nos compra, pois \u00e9 muito vers\u00e1til e \u00e9 o rollup mais econ\u00f3mico em termos de rela\u00e7\u00e3o tamanho\/pre\u00e7o. \u00c9 vendido para promo\u00e7\u00f5es de todo o g\u00e9nero. Como promo\u00e7\u00e3o de produtos de beleza, produtos de est\u00e9tica, venda de produtos fotovoltaicos, promo\u00e7\u00e3o de seguros, em restaurantes para promover ofertas, para adegas para promover vinhos... Tamb\u00e9m o rollup de 85\u00d7200 cm \u00e9 muito vendido para centros comerciais, exposi\u00e7\u00f5es, feiras e congressos.<\/p>\n<p>&nbsp;<\/p>\n<p><span style=\"color: #800000;\"><strong>Se precisar de algo mais econ\u00f3mico, pode visitar a nossa<\/strong><\/span><a href=\"https:\/\/impresiondigitalgranformato.es\/pt\/categoria-produto\/banner-economico\/\"> <strong>Sec\u00e7\u00e3o de banners.<\/strong><\/a><\/p>","protected":false},"excerpt":{"rendered":"<p>Este rollup econ\u00f3mico \u00e9 ideal para a promo\u00e7\u00e3o de produtos e\/ou servi\u00e7os em lojas, salas de espera, escrit\u00f3rios, ...<\/p>\n<p>Apesar de ser um roll up barato, a sua estrutura em alum\u00ednio confere-lhe uma grande estabilidade e resist\u00eancia, o seu grafismo \u00e9 feito em lona para uma maior durabilidade na extens\u00e3o e recolha do grafismo.<\/p>\n<p>Saco de transporte em nylon inclu\u00eddo.<\/p>\n<p><span style=\"color: #ff0000;\">DESCONTOS POR QUANTIDADE !!!\u00a0<\/span><\/p>\n<p><strong>Portes gr\u00e1tis a partir da 1\u00aa unidade.<\/strong><\/p>\n<p><span style=\"color: #ff0000;\"><strong>Este produto pode ser entregue em 24 horas*.<\/strong><\/span><\/p>\n<p><a href=\"https:\/\/impresiondigitalgranformato.es\/pt\/roll-up\/\"><img loading=\"lazy\" decoding=\"async\" class=\"size-full wp-image-12936 alignnone\" src=\"https:\/\/impresiondigitalgranformato.es\/wp-content\/uploads\/2019\/09\/impresion-digital-mas-modelos.png\" alt=\"impress\u00e3o digital mais modelos\" width=\"468\" height=\"61\" srcset=\"https:\/\/i0.wp.com\/impresiondigitalgranformato.es\/wp-content\/uploads\/2019\/09\/impresion-digital-mas-modelos.png?w=468&amp;ssl=1 468w, https:\/\/i0.wp.com\/impresiondigitalgranformato.es\/wp-content\/uploads\/2019\/09\/impresion-digital-mas-modelos.png?resize=100%2C13&amp;ssl=1 100w, https:\/\/i0.wp.com\/impresiondigitalgranformato.es\/wp-content\/uploads\/2019\/09\/impresion-digital-mas-modelos.png?resize=150%2C20&amp;ssl=1 150w, https:\/\/i0.wp.com\/impresiondigitalgranformato.es\/wp-content\/uploads\/2019\/09\/impresion-digital-mas-modelos.png?resize=200%2C26&amp;ssl=1 200w, https:\/\/i0.wp.com\/impresiondigitalgranformato.es\/wp-content\/uploads\/2019\/09\/impresion-digital-mas-modelos.png?resize=300%2C39&amp;ssl=1 300w, https:\/\/i0.wp.com\/impresiondigitalgranformato.es\/wp-content\/uploads\/2019\/09\/impresion-digital-mas-modelos.png?resize=450%2C59&amp;ssl=1 450w\" sizes=\"auto, (max-width: 468px) 100vw, 468px\" \/><\/a><\/p>","protected":false},"featured_media":5376,"comment_status":"open","ping_status":"closed","template":"","meta":[],"product_brand":[],"product_cat":[78,24],"product_tag":[],"class_list":{"0":"post-1271","1":"product","2":"type-product","3":"status-publish","4":"has-post-thumbnail","6":"product_cat-rollup-banner-photocall-carteles-lona-impresion-economicos","7":"product_cat-roll-up-baratos","9":"first","10":"instock","11":"featured","12":"sold-individually","13":"taxable","14":"shipping-taxable","15":"purchasable","16":"product-type-simple"},"yoast_head":"<!-- This site is optimized with the Yoast SEO plugin v27.4 - https:\/\/yoast.com\/product\/yoast-seo-wordpress\/ -->\n<title>rollup economico - rollup 85 x 200 cm Est\u00e1ndar - Env\u00edo gratis- Los + baratos<\/title>\n<meta name=\"description\" content=\"rollup economico, rollup de 85 x 200 cm el modelo estandar y el mas vendido. Estructura de aluminio, gr\u00e1fica en impresion digital y funda de transporte\" \/>\n<meta name=\"robots\" content=\"index, follow, max-snippet:-1, max-image-preview:large, max-video-preview:-1\" \/>\n<link rel=\"canonical\" href=\"https:\/\/impresiondigitalgranformato.es\/pt\/produto\/rollup-economico-84-x-200-cm\/\" \/>\n<meta property=\"og:locale\" content=\"pt_PT\" \/>\n<meta property=\"og:type\" content=\"article\" \/>\n<meta property=\"og:title\" content=\"rollup economico - rollup 85 x 200 cm Est\u00e1ndar - Env\u00edo gratis- Los + baratos\" \/>\n<meta property=\"og:description\" content=\"rollup economico, rollup de 85 x 200 cm el modelo estandar y el mas vendido. Estructura de aluminio, gr\u00e1fica en impresion digital y funda de transporte\" \/>\n<meta property=\"og:url\" content=\"https:\/\/impresiondigitalgranformato.es\/pt\/produto\/rollup-economico-84-x-200-cm\/\" \/>\n<meta property=\"og:site_name\" content=\"Los + baratos\" \/>\n<meta property=\"article:modified_time\" content=\"2025-07-04T16:12:45+00:00\" \/>\n<meta property=\"og:image\" content=\"http:\/\/impresiondigitalgranformato.es\/wp-content\/uploads\/2017\/10\/rollup-de-85-x-200-cm-estandar.png\" \/>\n\t<meta property=\"og:image:width\" content=\"765\" \/>\n\t<meta property=\"og:image:height\" content=\"765\" \/>\n\t<meta property=\"og:image:type\" content=\"image\/png\" \/>\n<meta name=\"twitter:card\" content=\"summary_large_image\" \/>\n<meta name=\"twitter:label1\" content=\"Tempo estimado de leitura\" \/>\n\t<meta name=\"twitter:data1\" content=\"3 minutos\" \/>\n<script type=\"application\/ld+json\" class=\"yoast-schema-graph\">{\"@context\":\"https:\\\/\\\/schema.org\",\"@graph\":[{\"@type\":\"WebPage\",\"@id\":\"https:\\\/\\\/impresiondigitalgranformato.es\\\/producto\\\/rollup-economico-84-x-200-cm\\\/\",\"url\":\"https:\\\/\\\/impresiondigitalgranformato.es\\\/producto\\\/rollup-economico-84-x-200-cm\\\/\",\"name\":\"rollup economico - rollup 85 x 200 cm Est\u00e1ndar - Env\u00edo gratis- Los + baratos\",\"isPartOf\":{\"@id\":\"https:\\\/\\\/impresiondigitalgranformato.es\\\/#website\"},\"primaryImageOfPage\":{\"@id\":\"https:\\\/\\\/impresiondigitalgranformato.es\\\/producto\\\/rollup-economico-84-x-200-cm\\\/#primaryimage\"},\"image\":{\"@id\":\"https:\\\/\\\/impresiondigitalgranformato.es\\\/producto\\\/rollup-economico-84-x-200-cm\\\/#primaryimage\"},\"thumbnailUrl\":\"https:\\\/\\\/i0.wp.com\\\/impresiondigitalgranformato.es\\\/wp-content\\\/uploads\\\/2017\\\/10\\\/rollup-de-85-x-200-cm-estandar.png?fit=765%2C765&ssl=1\",\"datePublished\":\"2017-10-04T17:13:12+00:00\",\"dateModified\":\"2025-07-04T16:12:45+00:00\",\"description\":\"rollup economico, rollup de 85 x 200 cm el modelo estandar y el mas vendido. Estructura de aluminio, gr\u00e1fica en impresion digital y funda de transporte\",\"breadcrumb\":{\"@id\":\"https:\\\/\\\/impresiondigitalgranformato.es\\\/producto\\\/rollup-economico-84-x-200-cm\\\/#breadcrumb\"},\"inLanguage\":\"pt-PT\",\"potentialAction\":[{\"@type\":\"ReadAction\",\"target\":[\"https:\\\/\\\/impresiondigitalgranformato.es\\\/producto\\\/rollup-economico-84-x-200-cm\\\/\"]}]},{\"@type\":\"ImageObject\",\"inLanguage\":\"pt-PT\",\"@id\":\"https:\\\/\\\/impresiondigitalgranformato.es\\\/producto\\\/rollup-economico-84-x-200-cm\\\/#primaryimage\",\"url\":\"https:\\\/\\\/i0.wp.com\\\/impresiondigitalgranformato.es\\\/wp-content\\\/uploads\\\/2017\\\/10\\\/rollup-de-85-x-200-cm-estandar.png?fit=765%2C765&ssl=1\",\"contentUrl\":\"https:\\\/\\\/i0.wp.com\\\/impresiondigitalgranformato.es\\\/wp-content\\\/uploads\\\/2017\\\/10\\\/rollup-de-85-x-200-cm-estandar.png?fit=765%2C765&ssl=1\",\"width\":765,\"height\":765,\"caption\":\"rollup estandar 85 x 200 cm\"},{\"@type\":\"BreadcrumbList\",\"@id\":\"https:\\\/\\\/impresiondigitalgranformato.es\\\/producto\\\/rollup-economico-84-x-200-cm\\\/#breadcrumb\",\"itemListElement\":[{\"@type\":\"ListItem\",\"position\":1,\"name\":\"Portada\",\"item\":\"https:\\\/\\\/impresiondigitalgranformato.es\\\/\"},{\"@type\":\"ListItem\",\"position\":2,\"name\":\"Productos\",\"item\":\"https:\\\/\\\/impresiondigitalgranformato.es\\\/venta-roll-up-banner\\\/\"},{\"@type\":\"ListItem\",\"position\":3,\"name\":\"rollup 85 x 200 cm Est\u00e1ndar\"}]},{\"@type\":\"WebSite\",\"@id\":\"https:\\\/\\\/impresiondigitalgranformato.es\\\/#website\",\"url\":\"https:\\\/\\\/impresiondigitalgranformato.es\\\/\",\"name\":\"Los + baratos\",\"description\":\"impresi\u00f3n digital gran formato venta de roll up, banner, banderas, lonas, carteles, displays, publicidad\",\"publisher\":{\"@id\":\"https:\\\/\\\/impresiondigitalgranformato.es\\\/#organization\"},\"potentialAction\":[{\"@type\":\"SearchAction\",\"target\":{\"@type\":\"EntryPoint\",\"urlTemplate\":\"https:\\\/\\\/impresiondigitalgranformato.es\\\/?s={search_term_string}\"},\"query-input\":{\"@type\":\"PropertyValueSpecification\",\"valueRequired\":true,\"valueName\":\"search_term_string\"}}],\"inLanguage\":\"pt-PT\"},{\"@type\":\"Organization\",\"@id\":\"https:\\\/\\\/impresiondigitalgranformato.es\\\/#organization\",\"name\":\"Los + baratos\",\"url\":\"https:\\\/\\\/impresiondigitalgranformato.es\\\/\",\"logo\":{\"@type\":\"ImageObject\",\"inLanguage\":\"pt-PT\",\"@id\":\"https:\\\/\\\/impresiondigitalgranformato.es\\\/#\\\/schema\\\/logo\\\/image\\\/\",\"url\":\"https:\\\/\\\/i0.wp.com\\\/impresiondigitalgranformato.es\\\/wp-content\\\/uploads\\\/2016\\\/12\\\/cropped-logotipo-2-e1483373659766.png?fit=500%2C101&ssl=1\",\"contentUrl\":\"https:\\\/\\\/i0.wp.com\\\/impresiondigitalgranformato.es\\\/wp-content\\\/uploads\\\/2016\\\/12\\\/cropped-logotipo-2-e1483373659766.png?fit=500%2C101&ssl=1\",\"width\":500,\"height\":101,\"caption\":\"Los + baratos\"},\"image\":{\"@id\":\"https:\\\/\\\/impresiondigitalgranformato.es\\\/#\\\/schema\\\/logo\\\/image\\\/\"}}]}<\/script>\n<!-- \/ Yoast SEO plugin. -->","yoast_head_json":{"title":"rollup economico - rollup 85 x 200 cm Standard - Envio gratuito - O + barato","description":"rollup econ\u00f3mico, rollup 85 x 200 cm o modelo padr\u00e3o e mais vendido. Estrutura em alum\u00ednio, grafismos impressos digitalmente e mala de transporte.","robots":{"index":"index","follow":"follow","max-snippet":"max-snippet:-1","max-image-preview":"max-image-preview:large","max-video-preview":"max-video-preview:-1"},"canonical":"https:\/\/impresiondigitalgranformato.es\/pt\/produto\/rollup-economico-84-x-200-cm\/","og_locale":"pt_PT","og_type":"article","og_title":"rollup economico - rollup 85 x 200 cm Est\u00e1ndar - Env\u00edo gratis- Los + baratos","og_description":"rollup economico, rollup de 85 x 200 cm el modelo estandar y el mas vendido. Estructura de aluminio, gr\u00e1fica en impresion digital y funda de transporte","og_url":"https:\/\/impresiondigitalgranformato.es\/pt\/produto\/rollup-economico-84-x-200-cm\/","og_site_name":"Los + baratos","article_modified_time":"2025-07-04T16:12:45+00:00","og_image":[{"width":765,"height":765,"url":"http:\/\/impresiondigitalgranformato.es\/wp-content\/uploads\/2017\/10\/rollup-de-85-x-200-cm-estandar.png","type":"image\/png"}],"twitter_card":"summary_large_image","twitter_misc":{"Tempo estimado de leitura":"3 minutos"},"schema":{"@context":"https:\/\/schema.org","@graph":[{"@type":"WebPage","@id":"https:\/\/impresiondigitalgranformato.es\/producto\/rollup-economico-84-x-200-cm\/","url":"https:\/\/impresiondigitalgranformato.es\/producto\/rollup-economico-84-x-200-cm\/","name":"rollup economico - rollup 85 x 200 cm Standard - Envio gratuito - O + barato","isPartOf":{"@id":"https:\/\/impresiondigitalgranformato.es\/#website"},"primaryImageOfPage":{"@id":"https:\/\/impresiondigitalgranformato.es\/producto\/rollup-economico-84-x-200-cm\/#primaryimage"},"image":{"@id":"https:\/\/impresiondigitalgranformato.es\/producto\/rollup-economico-84-x-200-cm\/#primaryimage"},"thumbnailUrl":"https:\/\/i0.wp.com\/impresiondigitalgranformato.es\/wp-content\/uploads\/2017\/10\/rollup-de-85-x-200-cm-estandar.png?fit=765%2C765&ssl=1","datePublished":"2017-10-04T17:13:12+00:00","dateModified":"2025-07-04T16:12:45+00:00","description":"rollup econ\u00f3mico, rollup 85 x 200 cm o modelo padr\u00e3o e mais vendido. Estrutura em alum\u00ednio, grafismos impressos digitalmente e mala de transporte.","breadcrumb":{"@id":"https:\/\/impresiondigitalgranformato.es\/producto\/rollup-economico-84-x-200-cm\/#breadcrumb"},"inLanguage":"pt-PT","potentialAction":[{"@type":"ReadAction","target":["https:\/\/impresiondigitalgranformato.es\/producto\/rollup-economico-84-x-200-cm\/"]}]},{"@type":"ImageObject","inLanguage":"pt-PT","@id":"https:\/\/impresiondigitalgranformato.es\/producto\/rollup-economico-84-x-200-cm\/#primaryimage","url":"https:\/\/i0.wp.com\/impresiondigitalgranformato.es\/wp-content\/uploads\/2017\/10\/rollup-de-85-x-200-cm-estandar.png?fit=765%2C765&ssl=1","contentUrl":"https:\/\/i0.wp.com\/impresiondigitalgranformato.es\/wp-content\/uploads\/2017\/10\/rollup-de-85-x-200-cm-estandar.png?fit=765%2C765&ssl=1","width":765,"height":765,"caption":"rollup estandar 85 x 200 cm"},{"@type":"BreadcrumbList","@id":"https:\/\/impresiondigitalgranformato.es\/producto\/rollup-economico-84-x-200-cm\/#breadcrumb","itemListElement":[{"@type":"ListItem","position":1,"name":"Portada","item":"https:\/\/impresiondigitalgranformato.es\/"},{"@type":"ListItem","position":2,"name":"Productos","item":"https:\/\/impresiondigitalgranformato.es\/venta-roll-up-banner\/"},{"@type":"ListItem","position":3,"name":"rollup 85 x 200 cm Est\u00e1ndar"}]},{"@type":"WebSite","@id":"https:\/\/impresiondigitalgranformato.es\/#website","url":"https:\/\/impresiondigitalgranformato.es\/","name":"Os mais baratos","description":"impress\u00e3o digital de grande formato venda de roll up, banners, bandeiras, faixas, lonas, cartazes, expositores, an\u00fancios","publisher":{"@id":"https:\/\/impresiondigitalgranformato.es\/#organization"},"potentialAction":[{"@type":"SearchAction","target":{"@type":"EntryPoint","urlTemplate":"https:\/\/impresiondigitalgranformato.es\/?s={search_term_string}"},"query-input":{"@type":"PropertyValueSpecification","valueRequired":true,"valueName":"search_term_string"}}],"inLanguage":"pt-PT"},{"@type":"Organization","@id":"https:\/\/impresiondigitalgranformato.es\/#organization","name":"Os mais baratos","url":"https:\/\/impresiondigitalgranformato.es\/","logo":{"@type":"ImageObject","inLanguage":"pt-PT","@id":"https:\/\/impresiondigitalgranformato.es\/#\/schema\/logo\/image\/","url":"https:\/\/i0.wp.com\/impresiondigitalgranformato.es\/wp-content\/uploads\/2016\/12\/cropped-logotipo-2-e1483373659766.png?fit=500%2C101&ssl=1","contentUrl":"https:\/\/i0.wp.com\/impresiondigitalgranformato.es\/wp-content\/uploads\/2016\/12\/cropped-logotipo-2-e1483373659766.png?fit=500%2C101&ssl=1","width":500,"height":101,"caption":"Los + baratos"},"image":{"@id":"https:\/\/impresiondigitalgranformato.es\/#\/schema\/logo\/image\/"}}]}},"jetpack_sharing_enabled":true,"_links":{"self":[{"href":"https:\/\/impresiondigitalgranformato.es\/pt\/wp-json\/wp\/v2\/product\/1271","targetHints":{"allow":["GET"]}}],"collection":[{"href":"https:\/\/impresiondigitalgranformato.es\/pt\/wp-json\/wp\/v2\/product"}],"about":[{"href":"https:\/\/impresiondigitalgranformato.es\/pt\/wp-json\/wp\/v2\/types\/product"}],"replies":[{"embeddable":true,"href":"https:\/\/impresiondigitalgranformato.es\/pt\/wp-json\/wp\/v2\/comments?post=1271"}],"wp:featuredmedia":[{"embeddable":true,"href":"https:\/\/impresiondigitalgranformato.es\/pt\/wp-json\/wp\/v2\/media\/5376"}],"wp:attachment":[{"href":"https:\/\/impresiondigitalgranformato.es\/pt\/wp-json\/wp\/v2\/media?parent=1271"}],"wp:term":[{"taxonomy":"product_brand","embeddable":true,"href":"https:\/\/impresiondigitalgranformato.es\/pt\/wp-json\/wp\/v2\/product_brand?post=1271"},{"taxonomy":"product_cat","embeddable":true,"href":"https:\/\/impresiondigitalgranformato.es\/pt\/wp-json\/wp\/v2\/product_cat?post=1271"},{"taxonomy":"product_tag","embeddable":true,"href":"https:\/\/impresiondigitalgranformato.es\/pt\/wp-json\/wp\/v2\/product_tag?post=1271"}],"curies":[{"name":"wp","href":"https:\/\/api.w.org\/{rel}","templated":true}]}}