{"id":1294,"date":"2017-10-09T18:50:28","date_gmt":"2017-10-09T16:50:28","guid":{"rendered":"http:\/\/impresiondigitalgranformato.es\/?post_type=product&#038;p=1294"},"modified":"2025-07-04T18:23:07","modified_gmt":"2025-07-04T16:23:07","slug":"roll-up-60-x-200-cm","status":"publish","type":"product","link":"https:\/\/impresiondigitalgranformato.es\/pt\/producto\/roll-up-de-60-x-200-cm\/","title":{"rendered":"roll up 60 x 200 cm"},"content":{"rendered":"<h1><span style=\"color: #003366;\">Roll up de 60 x 200 cm.<\/span><\/h1>\n<p>A estrutura do roll up de 60 x 200 cm \u00e9 fabricada em alum\u00ednio.<\/p>\n<p>O gr\u00e1fico rollup \u00e9 impresso digitalmente em tela de PVC moldado de 450g.<\/p>\n<p>Inclui mala de transporte em nylon.<\/p>\n<p>Roll up estreito para \u00e1reas com espa\u00e7o limitado, como entradas, corredores, salas de espera, etc.<\/p>\n<p>O gr\u00e1fico do rolo tem um tamanho de 60 cm de largura por 200 cm de altura e j\u00e1 <strong>\u00c9 entregue montado no roll up<\/strong><\/p>\n<p>Dentro da gama de roll ups de 60 cm de largura temos este modelo de 200 cm de altura e o modelo roll up pequeno que \u00e9 um pouco mais baixo, com uma <a href=\"https:\/\/impresiondigitalgranformato.es\/pt\/produto\/pequeno-rollup-60x160\/\">tamanho 60 x 160 cm<\/a><\/p>\n<p><span style=\"color: #ff0000;\">DESCONTOS POR QUANTIDADE !!!<\/span><\/p>\n<p>Este produto pode ser entregue em 24 horas*.<\/p>\n<p><strong>Portes gr\u00e1tis a partir da 1\u00aa unidade.<\/strong><\/p>\n<p>&nbsp;<\/p>\n<h3><span style=\"color: #ff9900;\">O modelo standard com arma\u00e7\u00e3o de enrolar \u00e9 o mais vendido.<\/span><\/h3>\n<p>A estrutura do expositor roll-up \u00e9 feita de alum\u00ednio, os gr\u00e1ficos s\u00e3o feitos de lona de PVC fundido com um acabamento acetinado de 450 g\/m\u00b2 e os expositores roll-up s\u00e3o impressos em impress\u00e3o digital de grande formato de alta qualidade. Incluem tamb\u00e9m uma capa de nylon preta para transporte. Tudo isto faz destes expositores roll-up acess\u00edveis a melhor op\u00e7\u00e3o na hora de comprar expositores publicit\u00e1rios, pois oferecem a melhor rela\u00e7\u00e3o custo-benef\u00edcio em publicidade.<\/p>\n<p>Este modelo roll-up de baixo custo \u00e9 muito popular para grandes promo\u00e7\u00f5es ou projetos que exijam grandes quantidades de roll-ups. Como este tipo de estrutura roll-up tem <strong>os 3 B's<\/strong>: bom roll up, bom roll up e barato roll up.<\/p>\n<h3><span style=\"color: #ff9900;\">Quem compra o rolo 60 x 200 cm\u00a0<\/span><\/h3>\n<p>O tamanho do roll-up \u00e9 de 60x200 cm. \u00c9 utilizado em diversos setores empresariais e culturais que necessitam de publicitar os seus produtos ou servi\u00e7os. \u00c9 amplamente utilizado para publicidade em lojas de ferragens, promo\u00e7\u00e3o de produtos de beleza com roll-ups em sal\u00f5es de beleza, exposi\u00e7\u00e3o de menus \u00e0 porta de restaurantes ou como roll-up para lojas de artigos desportivos, indicando a sec\u00e7\u00e3o de produtos. Este modelo \u00e9 tamb\u00e9m utilizado nas entradas de eventos culturais, como teatros, concertos, exposi\u00e7\u00f5es, reuni\u00f5es e muito mais.<\/p>","protected":false},"excerpt":{"rendered":"<p>Roll-up 60 x 200 cm. Modelo estreito para \u00e1reas com espa\u00e7o limitado, como entradas e corredores.<\/p>\n<p>A estrutura enrol\u00e1vel \u00e9 feita de alum\u00ednio e inclui uma bolsa de transporte em nylon.<\/p>\n<p>O gr\u00e1fico roll-up mede 60 cm de largura por 200 cm de altura e \u00e9 impresso a cores em tela de PVC moldado com acabamento acetinado de 450 gr.<\/p>\n<p><span style=\"color: #ff0000;\">DESCONTOS POR QUANTIDADE !!!\u00a0<\/span><\/p>\n<p><strong>Envio gratuito<\/strong>\u00a0da 1\u00aa unidade<\/p>\n<p>Este produto pode ser entregue no prazo de 24 horas<strong>*<\/strong><\/p>\n<p><a href=\"https:\/\/impresiondigitalgranformato.es\/pt\/roll-up\/\"><img loading=\"lazy\" decoding=\"async\" class=\"alignnone wp-image-12936 size-full\" src=\"https:\/\/impresiondigitalgranformato.es\/wp-content\/uploads\/2019\/09\/impresion-digital-mas-modelos.png\" alt=\"impress\u00e3o digital mais modelos\" width=\"468\" height=\"61\" srcset=\"https:\/\/i0.wp.com\/impresiondigitalgranformato.es\/wp-content\/uploads\/2019\/09\/impresion-digital-mas-modelos.png?w=468&amp;ssl=1 468w, https:\/\/i0.wp.com\/impresiondigitalgranformato.es\/wp-content\/uploads\/2019\/09\/impresion-digital-mas-modelos.png?resize=100%2C13&amp;ssl=1 100w, https:\/\/i0.wp.com\/impresiondigitalgranformato.es\/wp-content\/uploads\/2019\/09\/impresion-digital-mas-modelos.png?resize=150%2C20&amp;ssl=1 150w, https:\/\/i0.wp.com\/impresiondigitalgranformato.es\/wp-content\/uploads\/2019\/09\/impresion-digital-mas-modelos.png?resize=200%2C26&amp;ssl=1 200w, https:\/\/i0.wp.com\/impresiondigitalgranformato.es\/wp-content\/uploads\/2019\/09\/impresion-digital-mas-modelos.png?resize=300%2C39&amp;ssl=1 300w, https:\/\/i0.wp.com\/impresiondigitalgranformato.es\/wp-content\/uploads\/2019\/09\/impresion-digital-mas-modelos.png?resize=450%2C59&amp;ssl=1 450w\" sizes=\"auto, (max-width: 468px) 100vw, 468px\" \/><\/a><\/p>","protected":false},"featured_media":12989,"comment_status":"open","ping_status":"closed","template":"","meta":[],"product_brand":[],"product_cat":[78,24],"product_tag":[],"class_list":{"0":"post-1294","1":"product","2":"type-product","3":"status-publish","4":"has-post-thumbnail","6":"product_cat-rollup-banner-photocall-carteles-lona-impresion-economicos","7":"product_cat-roll-up-baratos","9":"first","10":"instock","11":"sold-individually","12":"taxable","13":"shipping-taxable","14":"purchasable","15":"product-type-simple"},"yoast_head":"<!-- This site is optimized with the Yoast SEO plugin v27.3 - https:\/\/yoast.com\/product\/yoast-seo-wordpress\/ -->\n<title>Roll up 60 x 200 cm - Los + baratos - Desde 27 \u20ac con envio gratuito<\/title>\n<meta name=\"description\" content=\"Roll up de 60 x 200 cm. Estructura de aluminio y gr\u00e1fica realizada en impresion digital sobre lona. Env\u00edo gratis desde la primera unidad\" \/>\n<meta name=\"robots\" content=\"index, follow, max-snippet:-1, max-image-preview:large, max-video-preview:-1\" \/>\n<link rel=\"canonical\" href=\"https:\/\/impresiondigitalgranformato.es\/pt\/produto\/roll-up-60-x-200-cm\/\" \/>\n<meta property=\"og:locale\" content=\"pt_PT\" \/>\n<meta property=\"og:type\" content=\"article\" \/>\n<meta property=\"og:title\" content=\"Roll up 60 x 200 cm - Los + baratos - Desde 27 \u20ac con envio gratuito\" \/>\n<meta property=\"og:description\" content=\"Roll up de 60 x 200 cm. Estructura de aluminio y gr\u00e1fica realizada en impresion digital sobre lona. Env\u00edo gratis desde la primera unidad\" \/>\n<meta property=\"og:url\" content=\"https:\/\/impresiondigitalgranformato.es\/pt\/produto\/roll-up-60-x-200-cm\/\" \/>\n<meta property=\"og:site_name\" content=\"Los + baratos\" \/>\n<meta property=\"article:modified_time\" content=\"2025-07-04T16:23:07+00:00\" \/>\n<meta property=\"og:image\" content=\"http:\/\/impresiondigitalgranformato.es\/wp-content\/uploads\/2017\/10\/roll-up-60-x-200-cm.jpg\" \/>\n\t<meta property=\"og:image:width\" content=\"946\" \/>\n\t<meta property=\"og:image:height\" content=\"946\" \/>\n\t<meta property=\"og:image:type\" content=\"image\/jpeg\" \/>\n<meta name=\"twitter:card\" content=\"summary_large_image\" \/>\n<meta name=\"twitter:label1\" content=\"Tempo estimado de leitura\" \/>\n\t<meta name=\"twitter:data1\" content=\"2 minutos\" \/>\n<script type=\"application\/ld+json\" class=\"yoast-schema-graph\">{\"@context\":\"https:\\\/\\\/schema.org\",\"@graph\":[{\"@type\":\"WebPage\",\"@id\":\"https:\\\/\\\/impresiondigitalgranformato.es\\\/producto\\\/roll-up-de-60-x-200-cm\\\/\",\"url\":\"https:\\\/\\\/impresiondigitalgranformato.es\\\/producto\\\/roll-up-de-60-x-200-cm\\\/\",\"name\":\"Roll up 60 x 200 cm - Los + baratos - Desde 27 \u20ac con envio gratuito\",\"isPartOf\":{\"@id\":\"https:\\\/\\\/impresiondigitalgranformato.es\\\/#website\"},\"primaryImageOfPage\":{\"@id\":\"https:\\\/\\\/impresiondigitalgranformato.es\\\/producto\\\/roll-up-de-60-x-200-cm\\\/#primaryimage\"},\"image\":{\"@id\":\"https:\\\/\\\/impresiondigitalgranformato.es\\\/producto\\\/roll-up-de-60-x-200-cm\\\/#primaryimage\"},\"thumbnailUrl\":\"https:\\\/\\\/i0.wp.com\\\/impresiondigitalgranformato.es\\\/wp-content\\\/uploads\\\/2017\\\/10\\\/roll-up-60-x-200-cm.jpg?fit=946%2C946&ssl=1\",\"datePublished\":\"2017-10-09T16:50:28+00:00\",\"dateModified\":\"2025-07-04T16:23:07+00:00\",\"description\":\"Roll up de 60 x 200 cm. Estructura de aluminio y gr\u00e1fica realizada en impresion digital sobre lona. Env\u00edo gratis desde la primera unidad\",\"breadcrumb\":{\"@id\":\"https:\\\/\\\/impresiondigitalgranformato.es\\\/producto\\\/roll-up-de-60-x-200-cm\\\/#breadcrumb\"},\"inLanguage\":\"pt-PT\",\"potentialAction\":[{\"@type\":\"ReadAction\",\"target\":[\"https:\\\/\\\/impresiondigitalgranformato.es\\\/producto\\\/roll-up-de-60-x-200-cm\\\/\"]}]},{\"@type\":\"ImageObject\",\"inLanguage\":\"pt-PT\",\"@id\":\"https:\\\/\\\/impresiondigitalgranformato.es\\\/producto\\\/roll-up-de-60-x-200-cm\\\/#primaryimage\",\"url\":\"https:\\\/\\\/i0.wp.com\\\/impresiondigitalgranformato.es\\\/wp-content\\\/uploads\\\/2017\\\/10\\\/roll-up-60-x-200-cm.jpg?fit=946%2C946&ssl=1\",\"contentUrl\":\"https:\\\/\\\/i0.wp.com\\\/impresiondigitalgranformato.es\\\/wp-content\\\/uploads\\\/2017\\\/10\\\/roll-up-60-x-200-cm.jpg?fit=946%2C946&ssl=1\",\"width\":946,\"height\":946,\"caption\":\"roll up 60 x 200\"},{\"@type\":\"BreadcrumbList\",\"@id\":\"https:\\\/\\\/impresiondigitalgranformato.es\\\/producto\\\/roll-up-de-60-x-200-cm\\\/#breadcrumb\",\"itemListElement\":[{\"@type\":\"ListItem\",\"position\":1,\"name\":\"Portada\",\"item\":\"https:\\\/\\\/impresiondigitalgranformato.es\\\/\"},{\"@type\":\"ListItem\",\"position\":2,\"name\":\"Productos\",\"item\":\"https:\\\/\\\/impresiondigitalgranformato.es\\\/venta-roll-up-banner\\\/\"},{\"@type\":\"ListItem\",\"position\":3,\"name\":\"roll up de 60 x 200 cm\"}]},{\"@type\":\"WebSite\",\"@id\":\"https:\\\/\\\/impresiondigitalgranformato.es\\\/#website\",\"url\":\"https:\\\/\\\/impresiondigitalgranformato.es\\\/\",\"name\":\"Los + baratos\",\"description\":\"impresi\u00f3n digital gran formato venta de roll up, banner, banderas, lonas, carteles, displays, publicidad\",\"publisher\":{\"@id\":\"https:\\\/\\\/impresiondigitalgranformato.es\\\/#organization\"},\"potentialAction\":[{\"@type\":\"SearchAction\",\"target\":{\"@type\":\"EntryPoint\",\"urlTemplate\":\"https:\\\/\\\/impresiondigitalgranformato.es\\\/?s={search_term_string}\"},\"query-input\":{\"@type\":\"PropertyValueSpecification\",\"valueRequired\":true,\"valueName\":\"search_term_string\"}}],\"inLanguage\":\"pt-PT\"},{\"@type\":\"Organization\",\"@id\":\"https:\\\/\\\/impresiondigitalgranformato.es\\\/#organization\",\"name\":\"Los + baratos\",\"url\":\"https:\\\/\\\/impresiondigitalgranformato.es\\\/\",\"logo\":{\"@type\":\"ImageObject\",\"inLanguage\":\"pt-PT\",\"@id\":\"https:\\\/\\\/impresiondigitalgranformato.es\\\/#\\\/schema\\\/logo\\\/image\\\/\",\"url\":\"https:\\\/\\\/i0.wp.com\\\/impresiondigitalgranformato.es\\\/wp-content\\\/uploads\\\/2016\\\/12\\\/cropped-logotipo-2-e1483373659766.png?fit=500%2C101&ssl=1\",\"contentUrl\":\"https:\\\/\\\/i0.wp.com\\\/impresiondigitalgranformato.es\\\/wp-content\\\/uploads\\\/2016\\\/12\\\/cropped-logotipo-2-e1483373659766.png?fit=500%2C101&ssl=1\",\"width\":500,\"height\":101,\"caption\":\"Los + baratos\"},\"image\":{\"@id\":\"https:\\\/\\\/impresiondigitalgranformato.es\\\/#\\\/schema\\\/logo\\\/image\\\/\"}}]}<\/script>\n<!-- \/ Yoast SEO plugin. -->","yoast_head_json":{"title":"Roll-up 60 x 200 cm - O mais barato - Desde 27\u20ac com portes gr\u00e1tis","description":"roll up, 60 x 200 cm. Estrutura em alum\u00ednio e gr\u00e1ficos impressos digitalmente em tela. Portes gr\u00e1tis na primeira unidade.","robots":{"index":"index","follow":"follow","max-snippet":"max-snippet:-1","max-image-preview":"max-image-preview:large","max-video-preview":"max-video-preview:-1"},"canonical":"https:\/\/impresiondigitalgranformato.es\/pt\/produto\/roll-up-60-x-200-cm\/","og_locale":"pt_PT","og_type":"article","og_title":"Roll up 60 x 200 cm - Los + baratos - Desde 27 \u20ac con envio gratuito","og_description":"Roll up de 60 x 200 cm. Estructura de aluminio y gr\u00e1fica realizada en impresion digital sobre lona. Env\u00edo gratis desde la primera unidad","og_url":"https:\/\/impresiondigitalgranformato.es\/pt\/produto\/roll-up-60-x-200-cm\/","og_site_name":"Los + baratos","article_modified_time":"2025-07-04T16:23:07+00:00","og_image":[{"width":946,"height":946,"url":"http:\/\/impresiondigitalgranformato.es\/wp-content\/uploads\/2017\/10\/roll-up-60-x-200-cm.jpg","type":"image\/jpeg"}],"twitter_card":"summary_large_image","twitter_misc":{"Tempo estimado de leitura":"2 minutos"},"schema":{"@context":"https:\/\/schema.org","@graph":[{"@type":"WebPage","@id":"https:\/\/impresiondigitalgranformato.es\/producto\/roll-up-de-60-x-200-cm\/","url":"https:\/\/impresiondigitalgranformato.es\/producto\/roll-up-de-60-x-200-cm\/","name":"Roll-up 60 x 200 cm - O mais barato - Desde 27\u20ac com portes gr\u00e1tis","isPartOf":{"@id":"https:\/\/impresiondigitalgranformato.es\/#website"},"primaryImageOfPage":{"@id":"https:\/\/impresiondigitalgranformato.es\/producto\/roll-up-de-60-x-200-cm\/#primaryimage"},"image":{"@id":"https:\/\/impresiondigitalgranformato.es\/producto\/roll-up-de-60-x-200-cm\/#primaryimage"},"thumbnailUrl":"https:\/\/i0.wp.com\/impresiondigitalgranformato.es\/wp-content\/uploads\/2017\/10\/roll-up-60-x-200-cm.jpg?fit=946%2C946&ssl=1","datePublished":"2017-10-09T16:50:28+00:00","dateModified":"2025-07-04T16:23:07+00:00","description":"roll up, 60 x 200 cm. Estrutura em alum\u00ednio e gr\u00e1ficos impressos digitalmente em tela. Portes gr\u00e1tis na primeira unidade.","breadcrumb":{"@id":"https:\/\/impresiondigitalgranformato.es\/producto\/roll-up-de-60-x-200-cm\/#breadcrumb"},"inLanguage":"pt-PT","potentialAction":[{"@type":"ReadAction","target":["https:\/\/impresiondigitalgranformato.es\/producto\/roll-up-de-60-x-200-cm\/"]}]},{"@type":"ImageObject","inLanguage":"pt-PT","@id":"https:\/\/impresiondigitalgranformato.es\/producto\/roll-up-de-60-x-200-cm\/#primaryimage","url":"https:\/\/i0.wp.com\/impresiondigitalgranformato.es\/wp-content\/uploads\/2017\/10\/roll-up-60-x-200-cm.jpg?fit=946%2C946&ssl=1","contentUrl":"https:\/\/i0.wp.com\/impresiondigitalgranformato.es\/wp-content\/uploads\/2017\/10\/roll-up-60-x-200-cm.jpg?fit=946%2C946&ssl=1","width":946,"height":946,"caption":"roll up 60 x 200"},{"@type":"BreadcrumbList","@id":"https:\/\/impresiondigitalgranformato.es\/producto\/roll-up-de-60-x-200-cm\/#breadcrumb","itemListElement":[{"@type":"ListItem","position":1,"name":"Portada","item":"https:\/\/impresiondigitalgranformato.es\/"},{"@type":"ListItem","position":2,"name":"Productos","item":"https:\/\/impresiondigitalgranformato.es\/venta-roll-up-banner\/"},{"@type":"ListItem","position":3,"name":"roll up de 60 x 200 cm"}]},{"@type":"WebSite","@id":"https:\/\/impresiondigitalgranformato.es\/#website","url":"https:\/\/impresiondigitalgranformato.es\/","name":"Os mais baratos","description":"impress\u00e3o digital de grande formato venda de roll up, banners, bandeiras, faixas, lonas, cartazes, expositores, an\u00fancios","publisher":{"@id":"https:\/\/impresiondigitalgranformato.es\/#organization"},"potentialAction":[{"@type":"SearchAction","target":{"@type":"EntryPoint","urlTemplate":"https:\/\/impresiondigitalgranformato.es\/?s={search_term_string}"},"query-input":{"@type":"PropertyValueSpecification","valueRequired":true,"valueName":"search_term_string"}}],"inLanguage":"pt-PT"},{"@type":"Organization","@id":"https:\/\/impresiondigitalgranformato.es\/#organization","name":"Os mais baratos","url":"https:\/\/impresiondigitalgranformato.es\/","logo":{"@type":"ImageObject","inLanguage":"pt-PT","@id":"https:\/\/impresiondigitalgranformato.es\/#\/schema\/logo\/image\/","url":"https:\/\/i0.wp.com\/impresiondigitalgranformato.es\/wp-content\/uploads\/2016\/12\/cropped-logotipo-2-e1483373659766.png?fit=500%2C101&ssl=1","contentUrl":"https:\/\/i0.wp.com\/impresiondigitalgranformato.es\/wp-content\/uploads\/2016\/12\/cropped-logotipo-2-e1483373659766.png?fit=500%2C101&ssl=1","width":500,"height":101,"caption":"Los + baratos"},"image":{"@id":"https:\/\/impresiondigitalgranformato.es\/#\/schema\/logo\/image\/"}}]}},"jetpack_sharing_enabled":true,"_links":{"self":[{"href":"https:\/\/impresiondigitalgranformato.es\/pt\/wp-json\/wp\/v2\/product\/1294","targetHints":{"allow":["GET"]}}],"collection":[{"href":"https:\/\/impresiondigitalgranformato.es\/pt\/wp-json\/wp\/v2\/product"}],"about":[{"href":"https:\/\/impresiondigitalgranformato.es\/pt\/wp-json\/wp\/v2\/types\/product"}],"replies":[{"embeddable":true,"href":"https:\/\/impresiondigitalgranformato.es\/pt\/wp-json\/wp\/v2\/comments?post=1294"}],"wp:featuredmedia":[{"embeddable":true,"href":"https:\/\/impresiondigitalgranformato.es\/pt\/wp-json\/wp\/v2\/media\/12989"}],"wp:attachment":[{"href":"https:\/\/impresiondigitalgranformato.es\/pt\/wp-json\/wp\/v2\/media?parent=1294"}],"wp:term":[{"taxonomy":"product_brand","embeddable":true,"href":"https:\/\/impresiondigitalgranformato.es\/pt\/wp-json\/wp\/v2\/product_brand?post=1294"},{"taxonomy":"product_cat","embeddable":true,"href":"https:\/\/impresiondigitalgranformato.es\/pt\/wp-json\/wp\/v2\/product_cat?post=1294"},{"taxonomy":"product_tag","embeddable":true,"href":"https:\/\/impresiondigitalgranformato.es\/pt\/wp-json\/wp\/v2\/product_tag?post=1294"}],"curies":[{"name":"wp","href":"https:\/\/api.w.org\/{rel}","templated":true}]}}