{"id":12972,"date":"2020-07-07T19:27:39","date_gmt":"2020-07-07T17:27:39","guid":{"rendered":"http:\/\/impresiondigitalgranformato.es\/?post_type=product&#038;p=12972"},"modified":"2021-01-20T08:49:32","modified_gmt":"2021-01-20T07:49:32","slug":"cartel-rebajas-reutilizable-redondo","status":"publish","type":"product","link":"https:\/\/impresiondigitalgranformato.es\/pt\/producto\/cartel-rebajas-reutilizable-redondo\/","title":{"rendered":"Cartel para rebajas reutilizable redondo"},"content":{"rendered":"","protected":false},"excerpt":{"rendered":"<p>Cartel para periodos de rebajas <strong><span style=\"color: #003300;\">Reutilizable <\/span><\/strong>redondo<\/p>\n<p>El cartel de realiza sobre PVC incoloro flexible y queda sujeto al cristal con ventosas<\/p>\n<p>Una vez termine las rebajas lo podr\u00e1 recoger <strong>y utilizar en el siguiente periodo de rebajas <\/strong><a target=\"_blank\" href=\"https:\/\/youtu.be\/PxdvDTrR_Xc\" xlink=\"href\" rel=\"noopener\">(v\u00eddeo del producto)<\/a><\/p>\n<p>Diferentes tama\u00f1os para elegir.<\/p>\n<p>Varios colores para personalizar el texto REBAJAS<\/p>\n<p><span style=\"color: #ff0000;\">DESCONTOS POR QUANTIDADE !!!<\/span>\u00a0<strong>(ver tabela de pre\u00e7os)<\/strong><\/p>\n<p><strong>Envio gratuito<\/strong>\u00a0da 1\u00aa unidade<\/p>\n<p>Este produto pode ser entregue no prazo de 24 horas<strong>*<\/strong><\/p>\n<p><a href=\"https:\/\/impresiondigitalgranformato.es\/pt\/categoria-produto\/carteles-para-rebajas-reutilizables\/\" xlink=\"href\"><img loading=\"lazy\" decoding=\"async\" class=\"size-full wp-image-12936 alignnone\" src=\"https:\/\/impresiondigitalgranformato.es\/wp-content\/uploads\/2019\/09\/impresion-digital-mas-modelos.png\" alt=\"impress\u00e3o digital mais modelos\" width=\"468\" height=\"61\" srcset=\"https:\/\/i0.wp.com\/impresiondigitalgranformato.es\/wp-content\/uploads\/2019\/09\/impresion-digital-mas-modelos.png?w=468&amp;ssl=1 468w, https:\/\/i0.wp.com\/impresiondigitalgranformato.es\/wp-content\/uploads\/2019\/09\/impresion-digital-mas-modelos.png?resize=100%2C13&amp;ssl=1 100w, https:\/\/i0.wp.com\/impresiondigitalgranformato.es\/wp-content\/uploads\/2019\/09\/impresion-digital-mas-modelos.png?resize=150%2C20&amp;ssl=1 150w, https:\/\/i0.wp.com\/impresiondigitalgranformato.es\/wp-content\/uploads\/2019\/09\/impresion-digital-mas-modelos.png?resize=200%2C26&amp;ssl=1 200w, https:\/\/i0.wp.com\/impresiondigitalgranformato.es\/wp-content\/uploads\/2019\/09\/impresion-digital-mas-modelos.png?resize=300%2C39&amp;ssl=1 300w, https:\/\/i0.wp.com\/impresiondigitalgranformato.es\/wp-content\/uploads\/2019\/09\/impresion-digital-mas-modelos.png?resize=450%2C59&amp;ssl=1 450w\" sizes=\"auto, (max-width: 468px) 100vw, 468px\" \/><\/a><\/p>\n<p><span style=\"color: #ff6600;\"><strong>PARA COMPRAR:<\/strong>\u00a0<\/span>Elija el tama\u00f1o que necesita, el color de texto y el porcentaje de descuento a indicar.<\/p>","protected":false},"featured_media":12974,"comment_status":"open","ping_status":"closed","template":"","meta":[],"product_brand":[],"product_cat":[94],"product_tag":[],"class_list":{"0":"post-12972","1":"product","2":"type-product","3":"status-publish","4":"has-post-thumbnail","6":"product_cat-carteles-para-rebajas-reutilizables","8":"first","9":"instock","10":"taxable","11":"shipping-taxable","12":"purchasable","13":"product-type-simple"},"yoast_head":"<!-- This site is optimized with the Yoast SEO plugin v27.3 - https:\/\/yoast.com\/product\/yoast-seo-wordpress\/ -->\n<title>Cartel para rebajas reutilizable redondo - Los + baratos<\/title>\n<meta name=\"robots\" content=\"index, follow, max-snippet:-1, max-image-preview:large, max-video-preview:-1\" \/>\n<link rel=\"canonical\" href=\"https:\/\/impresiondigitalgranformato.es\/pt\/produto\/cartel-rebajas-reutilizable-redondo\/\" \/>\n<meta property=\"og:locale\" content=\"pt_PT\" \/>\n<meta property=\"og:type\" content=\"article\" \/>\n<meta property=\"og:title\" content=\"Cartel para rebajas reutilizable redondo - Los + baratos\" \/>\n<meta property=\"og:description\" content=\"Cartel para periodos de rebajas Reutilizable redondo  El cartel de realiza sobre PVC incoloro flexible y queda sujeto al cristal con ventosas  Una vez termine las rebajas lo podr\u00e1 recoger y utilizar en el siguiente periodo de rebajas (v\u00eddeo del producto)  Diferentes tama\u00f1os para elegir.  Varios colores para personalizar el texto REBAJAS  DESCUENTOS POR CANTIDADES !!!\u00a0(consulte la tabla de precios)  Env\u00edo gratuito\u00a0desde la 1\u00aa unid.  Este producto se puede entregar en 24 horas*    PARA COMPRAR:\u00a0Elija el tama\u00f1o que necesita, el color de texto y el porcentaje de descuento a indicar.\" \/>\n<meta property=\"og:url\" content=\"https:\/\/impresiondigitalgranformato.es\/pt\/produto\/cartel-rebajas-reutilizable-redondo\/\" \/>\n<meta property=\"og:site_name\" content=\"Los + baratos\" \/>\n<meta property=\"article:modified_time\" content=\"2021-01-20T07:49:32+00:00\" \/>\n<meta property=\"og:image\" content=\"https:\/\/i1.wp.com\/impresiondigitalgranformato.es\/wp-content\/uploads\/2020\/07\/cartel-rebajas-reutilizable-circular.jpg?fit=630%2C630&ssl=1\" \/>\n\t<meta property=\"og:image:width\" content=\"630\" \/>\n\t<meta property=\"og:image:height\" content=\"630\" \/>\n\t<meta property=\"og:image:type\" content=\"image\/jpeg\" \/>\n<meta name=\"twitter:card\" content=\"summary_large_image\" \/>\n<script type=\"application\/ld+json\" class=\"yoast-schema-graph\">{\"@context\":\"https:\\\/\\\/schema.org\",\"@graph\":[{\"@type\":\"WebPage\",\"@id\":\"https:\\\/\\\/impresiondigitalgranformato.es\\\/producto\\\/cartel-rebajas-reutilizable-redondo\\\/\",\"url\":\"https:\\\/\\\/impresiondigitalgranformato.es\\\/producto\\\/cartel-rebajas-reutilizable-redondo\\\/\",\"name\":\"Cartel para rebajas reutilizable redondo - Los + baratos\",\"isPartOf\":{\"@id\":\"https:\\\/\\\/impresiondigitalgranformato.es\\\/#website\"},\"primaryImageOfPage\":{\"@id\":\"https:\\\/\\\/impresiondigitalgranformato.es\\\/producto\\\/cartel-rebajas-reutilizable-redondo\\\/#primaryimage\"},\"image\":{\"@id\":\"https:\\\/\\\/impresiondigitalgranformato.es\\\/producto\\\/cartel-rebajas-reutilizable-redondo\\\/#primaryimage\"},\"thumbnailUrl\":\"https:\\\/\\\/i0.wp.com\\\/impresiondigitalgranformato.es\\\/wp-content\\\/uploads\\\/2020\\\/07\\\/cartel-rebajas-reutilizable-circular.jpg?fit=630%2C630&ssl=1\",\"datePublished\":\"2020-07-07T17:27:39+00:00\",\"dateModified\":\"2021-01-20T07:49:32+00:00\",\"breadcrumb\":{\"@id\":\"https:\\\/\\\/impresiondigitalgranformato.es\\\/producto\\\/cartel-rebajas-reutilizable-redondo\\\/#breadcrumb\"},\"inLanguage\":\"pt-PT\",\"potentialAction\":[{\"@type\":\"ReadAction\",\"target\":[\"https:\\\/\\\/impresiondigitalgranformato.es\\\/producto\\\/cartel-rebajas-reutilizable-redondo\\\/\"]}]},{\"@type\":\"ImageObject\",\"inLanguage\":\"pt-PT\",\"@id\":\"https:\\\/\\\/impresiondigitalgranformato.es\\\/producto\\\/cartel-rebajas-reutilizable-redondo\\\/#primaryimage\",\"url\":\"https:\\\/\\\/i0.wp.com\\\/impresiondigitalgranformato.es\\\/wp-content\\\/uploads\\\/2020\\\/07\\\/cartel-rebajas-reutilizable-circular.jpg?fit=630%2C630&ssl=1\",\"contentUrl\":\"https:\\\/\\\/i0.wp.com\\\/impresiondigitalgranformato.es\\\/wp-content\\\/uploads\\\/2020\\\/07\\\/cartel-rebajas-reutilizable-circular.jpg?fit=630%2C630&ssl=1\",\"width\":630,\"height\":630,\"caption\":\"cartel rebajas reutilizable redondo\"},{\"@type\":\"BreadcrumbList\",\"@id\":\"https:\\\/\\\/impresiondigitalgranformato.es\\\/producto\\\/cartel-rebajas-reutilizable-redondo\\\/#breadcrumb\",\"itemListElement\":[{\"@type\":\"ListItem\",\"position\":1,\"name\":\"Portada\",\"item\":\"https:\\\/\\\/impresiondigitalgranformato.es\\\/\"},{\"@type\":\"ListItem\",\"position\":2,\"name\":\"Productos\",\"item\":\"https:\\\/\\\/impresiondigitalgranformato.es\\\/venta-roll-up-banner\\\/\"},{\"@type\":\"ListItem\",\"position\":3,\"name\":\"Cartel para rebajas reutilizable redondo\"}]},{\"@type\":\"WebSite\",\"@id\":\"https:\\\/\\\/impresiondigitalgranformato.es\\\/#website\",\"url\":\"https:\\\/\\\/impresiondigitalgranformato.es\\\/\",\"name\":\"Los + baratos\",\"description\":\"impresi\u00f3n digital gran formato venta de roll up, banner, banderas, lonas, carteles, displays, publicidad\",\"publisher\":{\"@id\":\"https:\\\/\\\/impresiondigitalgranformato.es\\\/#organization\"},\"potentialAction\":[{\"@type\":\"SearchAction\",\"target\":{\"@type\":\"EntryPoint\",\"urlTemplate\":\"https:\\\/\\\/impresiondigitalgranformato.es\\\/?s={search_term_string}\"},\"query-input\":{\"@type\":\"PropertyValueSpecification\",\"valueRequired\":true,\"valueName\":\"search_term_string\"}}],\"inLanguage\":\"pt-PT\"},{\"@type\":\"Organization\",\"@id\":\"https:\\\/\\\/impresiondigitalgranformato.es\\\/#organization\",\"name\":\"Los + baratos\",\"url\":\"https:\\\/\\\/impresiondigitalgranformato.es\\\/\",\"logo\":{\"@type\":\"ImageObject\",\"inLanguage\":\"pt-PT\",\"@id\":\"https:\\\/\\\/impresiondigitalgranformato.es\\\/#\\\/schema\\\/logo\\\/image\\\/\",\"url\":\"https:\\\/\\\/i0.wp.com\\\/impresiondigitalgranformato.es\\\/wp-content\\\/uploads\\\/2016\\\/12\\\/cropped-logotipo-2-e1483373659766.png?fit=500%2C101&ssl=1\",\"contentUrl\":\"https:\\\/\\\/i0.wp.com\\\/impresiondigitalgranformato.es\\\/wp-content\\\/uploads\\\/2016\\\/12\\\/cropped-logotipo-2-e1483373659766.png?fit=500%2C101&ssl=1\",\"width\":500,\"height\":101,\"caption\":\"Los + baratos\"},\"image\":{\"@id\":\"https:\\\/\\\/impresiondigitalgranformato.es\\\/#\\\/schema\\\/logo\\\/image\\\/\"}}]}<\/script>\n<!-- \/ Yoast SEO plugin. -->","yoast_head_json":{"title":"Cartel para rebajas reutilizable redondo - Los + baratos","robots":{"index":"index","follow":"follow","max-snippet":"max-snippet:-1","max-image-preview":"max-image-preview:large","max-video-preview":"max-video-preview:-1"},"canonical":"https:\/\/impresiondigitalgranformato.es\/pt\/produto\/cartel-rebajas-reutilizable-redondo\/","og_locale":"pt_PT","og_type":"article","og_title":"Cartel para rebajas reutilizable redondo - Los + baratos","og_description":"Cartel para periodos de rebajas Reutilizable redondo  El cartel de realiza sobre PVC incoloro flexible y queda sujeto al cristal con ventosas  Una vez termine las rebajas lo podr\u00e1 recoger y utilizar en el siguiente periodo de rebajas (v\u00eddeo del producto)  Diferentes tama\u00f1os para elegir.  Varios colores para personalizar el texto REBAJAS  DESCUENTOS POR CANTIDADES !!!\u00a0(consulte la tabla de precios)  Env\u00edo gratuito\u00a0desde la 1\u00aa unid.  Este producto se puede entregar en 24 horas*    PARA COMPRAR:\u00a0Elija el tama\u00f1o que necesita, el color de texto y el porcentaje de descuento a indicar.","og_url":"https:\/\/impresiondigitalgranformato.es\/pt\/produto\/cartel-rebajas-reutilizable-redondo\/","og_site_name":"Los + baratos","article_modified_time":"2021-01-20T07:49:32+00:00","og_image":[{"width":630,"height":630,"url":"https:\/\/i1.wp.com\/impresiondigitalgranformato.es\/wp-content\/uploads\/2020\/07\/cartel-rebajas-reutilizable-circular.jpg?fit=630%2C630&ssl=1","type":"image\/jpeg"}],"twitter_card":"summary_large_image","schema":{"@context":"https:\/\/schema.org","@graph":[{"@type":"WebPage","@id":"https:\/\/impresiondigitalgranformato.es\/producto\/cartel-rebajas-reutilizable-redondo\/","url":"https:\/\/impresiondigitalgranformato.es\/producto\/cartel-rebajas-reutilizable-redondo\/","name":"Cartel para rebajas reutilizable redondo - Los + baratos","isPartOf":{"@id":"https:\/\/impresiondigitalgranformato.es\/#website"},"primaryImageOfPage":{"@id":"https:\/\/impresiondigitalgranformato.es\/producto\/cartel-rebajas-reutilizable-redondo\/#primaryimage"},"image":{"@id":"https:\/\/impresiondigitalgranformato.es\/producto\/cartel-rebajas-reutilizable-redondo\/#primaryimage"},"thumbnailUrl":"https:\/\/i0.wp.com\/impresiondigitalgranformato.es\/wp-content\/uploads\/2020\/07\/cartel-rebajas-reutilizable-circular.jpg?fit=630%2C630&ssl=1","datePublished":"2020-07-07T17:27:39+00:00","dateModified":"2021-01-20T07:49:32+00:00","breadcrumb":{"@id":"https:\/\/impresiondigitalgranformato.es\/producto\/cartel-rebajas-reutilizable-redondo\/#breadcrumb"},"inLanguage":"pt-PT","potentialAction":[{"@type":"ReadAction","target":["https:\/\/impresiondigitalgranformato.es\/producto\/cartel-rebajas-reutilizable-redondo\/"]}]},{"@type":"ImageObject","inLanguage":"pt-PT","@id":"https:\/\/impresiondigitalgranformato.es\/producto\/cartel-rebajas-reutilizable-redondo\/#primaryimage","url":"https:\/\/i0.wp.com\/impresiondigitalgranformato.es\/wp-content\/uploads\/2020\/07\/cartel-rebajas-reutilizable-circular.jpg?fit=630%2C630&ssl=1","contentUrl":"https:\/\/i0.wp.com\/impresiondigitalgranformato.es\/wp-content\/uploads\/2020\/07\/cartel-rebajas-reutilizable-circular.jpg?fit=630%2C630&ssl=1","width":630,"height":630,"caption":"cartel rebajas reutilizable redondo"},{"@type":"BreadcrumbList","@id":"https:\/\/impresiondigitalgranformato.es\/producto\/cartel-rebajas-reutilizable-redondo\/#breadcrumb","itemListElement":[{"@type":"ListItem","position":1,"name":"Portada","item":"https:\/\/impresiondigitalgranformato.es\/"},{"@type":"ListItem","position":2,"name":"Productos","item":"https:\/\/impresiondigitalgranformato.es\/venta-roll-up-banner\/"},{"@type":"ListItem","position":3,"name":"Cartel para rebajas reutilizable redondo"}]},{"@type":"WebSite","@id":"https:\/\/impresiondigitalgranformato.es\/#website","url":"https:\/\/impresiondigitalgranformato.es\/","name":"Os mais baratos","description":"impress\u00e3o digital de grande formato venda de roll up, banners, bandeiras, faixas, lonas, cartazes, expositores, an\u00fancios","publisher":{"@id":"https:\/\/impresiondigitalgranformato.es\/#organization"},"potentialAction":[{"@type":"SearchAction","target":{"@type":"EntryPoint","urlTemplate":"https:\/\/impresiondigitalgranformato.es\/?s={search_term_string}"},"query-input":{"@type":"PropertyValueSpecification","valueRequired":true,"valueName":"search_term_string"}}],"inLanguage":"pt-PT"},{"@type":"Organization","@id":"https:\/\/impresiondigitalgranformato.es\/#organization","name":"Os mais baratos","url":"https:\/\/impresiondigitalgranformato.es\/","logo":{"@type":"ImageObject","inLanguage":"pt-PT","@id":"https:\/\/impresiondigitalgranformato.es\/#\/schema\/logo\/image\/","url":"https:\/\/i0.wp.com\/impresiondigitalgranformato.es\/wp-content\/uploads\/2016\/12\/cropped-logotipo-2-e1483373659766.png?fit=500%2C101&ssl=1","contentUrl":"https:\/\/i0.wp.com\/impresiondigitalgranformato.es\/wp-content\/uploads\/2016\/12\/cropped-logotipo-2-e1483373659766.png?fit=500%2C101&ssl=1","width":500,"height":101,"caption":"Los + baratos"},"image":{"@id":"https:\/\/impresiondigitalgranformato.es\/#\/schema\/logo\/image\/"}}]}},"jetpack_sharing_enabled":true,"_links":{"self":[{"href":"https:\/\/impresiondigitalgranformato.es\/pt\/wp-json\/wp\/v2\/product\/12972","targetHints":{"allow":["GET"]}}],"collection":[{"href":"https:\/\/impresiondigitalgranformato.es\/pt\/wp-json\/wp\/v2\/product"}],"about":[{"href":"https:\/\/impresiondigitalgranformato.es\/pt\/wp-json\/wp\/v2\/types\/product"}],"replies":[{"embeddable":true,"href":"https:\/\/impresiondigitalgranformato.es\/pt\/wp-json\/wp\/v2\/comments?post=12972"}],"wp:featuredmedia":[{"embeddable":true,"href":"https:\/\/impresiondigitalgranformato.es\/pt\/wp-json\/wp\/v2\/media\/12974"}],"wp:attachment":[{"href":"https:\/\/impresiondigitalgranformato.es\/pt\/wp-json\/wp\/v2\/media?parent=12972"}],"wp:term":[{"taxonomy":"product_brand","embeddable":true,"href":"https:\/\/impresiondigitalgranformato.es\/pt\/wp-json\/wp\/v2\/product_brand?post=12972"},{"taxonomy":"product_cat","embeddable":true,"href":"https:\/\/impresiondigitalgranformato.es\/pt\/wp-json\/wp\/v2\/product_cat?post=12972"},{"taxonomy":"product_tag","embeddable":true,"href":"https:\/\/impresiondigitalgranformato.es\/pt\/wp-json\/wp\/v2\/product_tag?post=12972"}],"curies":[{"name":"wp","href":"https:\/\/api.w.org\/{rel}","templated":true}]}}