{"id":1318,"date":"2017-10-11T18:55:16","date_gmt":"2017-10-11T16:55:16","guid":{"rendered":"http:\/\/impresiondigitalgranformato.es\/?post_type=product&#038;p=1318"},"modified":"2025-07-14T11:37:19","modified_gmt":"2025-07-14T09:37:19","slug":"banner-economica-60-x-160-cm","status":"publish","type":"product","link":"https:\/\/impresiondigitalgranformato.es\/pt\/producto\/banner-economico-60-x-160-cm\/","title":{"rendered":"Banner 60 x 160 cm"},"content":{"rendered":"<p>X-banner econ\u00f3mico de 60 x 160 cm.<\/p>\n<p>Estrutura em fibra de vidro.<\/p>\n<p>Impress\u00e3o digital de alta qualidade em tela de pvc fundido.<\/p>\n<p>Inclui um saco de transporte em camur\u00e7a.<\/p>\n<p>Pode ver mais modelos na nossa<a href=\"https:\/\/impresiondigitalgranformato.es\/pt\/banner-economica-e-x-banner\/\"> banner ou Xbanner<\/a><\/p>\n<hr \/>\n<p>Este banner em forma de X de baixo custo permite-lhe alterar os gr\u00e1ficos sempre que precisar.<\/p>\n<p>Utilize-o em feiras, congressos, casamentos, festas ou em pontos de venda para promover qualquer tipo de oferta ou evento em espa\u00e7os reduzidos. O expositor \u00e9 f\u00e1cil de transportar, uma vez que todo o produto se encontra dentro do saco de transporte e pesa 1 quilo. Pode guardar ou deslocar o banner as vezes que quiser e este permanece bem protegido.<\/p>\n<p>Se precisar de um tamanho maior, pode visitar o nosso s\u00edtio Web para ver a faixa de 80 x 200 cm. Este tamanho de faixa tamb\u00e9m \u00e9 muito popular. Ou, se o seu projeto necessitar de um tamanho especial, visite <a href=\"https:\/\/impresiondigitalgranformato.es\/pt\/produto\/banner-medida-especial\/\" target=\"_blank\" rel=\"noopener\">MEDIDA ESPECIAL DE BANDEIRA. <\/a>Aqui encontra diferentes tamanhos. Ap\u00f3s tantos anos no sector, apercebemo-nos de que nem sempre \u00e9 f\u00e1cil adaptar os desenhos a formatos normalizados.<\/p>\n<p>Todas as faixas que oferecemos s\u00e3o f\u00e1ceis de montar e pode v\u00ea-las na nossa <a href=\"https:\/\/www.youtube.com\/watch?v=x3H4sVQyc40\" target=\"_blank\" rel=\"noopener\">v\u00eddeo<\/a> Mont\u00e1-lo-\u00e1 em menos de um minuto e, como j\u00e1 indic\u00e1mos, pode trocar os gr\u00e1ficos tantas vezes quantas as necess\u00e1rias. Pode optar por comprar estrutura + grafismo ou apenas o grafismo.<\/p>\n<hr \/>\n<p data-pbs-phone-margin-top=\"1px\">","protected":false},"excerpt":{"rendered":"<p><strong>Banner econ\u00f3mica de 60 x 160 cm.<\/strong><\/p>\n<p><strong><span style=\"color: #ff0000;\">DESCONTOS POR QUANTIDADE !!!<\/span><\/strong><\/p>\n<p><strong>Envio gratuito<\/strong>\u00a0da 1\u00aa unidade<\/p>\n<p>Este produto pode ser entregue no prazo de 24 horas<strong>*<\/strong><\/p>\n<p><span style=\"color: #000080;\"><a style=\"color: #000080;\" href=\"https:\/\/impresiondigitalgranformato.es\/pt\/banner-economica-e-x-banner\/\">Ver mais modelos<\/a><\/span><\/p>","protected":false},"featured_media":1319,"comment_status":"open","ping_status":"closed","template":"","meta":[],"product_brand":[],"product_cat":[42],"product_tag":[],"class_list":{"0":"post-1318","1":"product","2":"type-product","3":"status-publish","4":"has-post-thumbnail","6":"product_cat-banner-economico","8":"first","9":"instock","10":"sold-individually","11":"taxable","12":"shipping-taxable","13":"purchasable","14":"product-type-simple"},"yoast_head":"<!-- This site is optimized with the Yoast SEO plugin v27.3 - https:\/\/yoast.com\/product\/yoast-seo-wordpress\/ -->\n<title>banner econ\u00f3mico - banner 60 x 160 cm - Env\u00edo Gratis - Los + baratos<\/title>\n<meta name=\"description\" content=\"Banner econ\u00f3mico, gr\u00e1fica realizada en impresi\u00f3n digital sobre lona de pvc y estructura de fibra de vidrio. Banner de 60 x 160 cm. Los + Baratos\" \/>\n<meta name=\"robots\" content=\"index, follow, max-snippet:-1, max-image-preview:large, max-video-preview:-1\" \/>\n<link rel=\"canonical\" href=\"https:\/\/impresiondigitalgranformato.es\/pt\/produto\/banner-economica-60-x-160-cm\/\" \/>\n<meta property=\"og:locale\" content=\"pt_PT\" \/>\n<meta property=\"og:type\" content=\"article\" \/>\n<meta property=\"og:title\" content=\"banner econ\u00f3mico - banner 60 x 160 cm - Env\u00edo Gratis - Los + baratos\" \/>\n<meta property=\"og:description\" content=\"Banner econ\u00f3mico, gr\u00e1fica realizada en impresi\u00f3n digital sobre lona de pvc y estructura de fibra de vidrio. Banner de 60 x 160 cm. Los + Baratos\" \/>\n<meta property=\"og:url\" content=\"https:\/\/impresiondigitalgranformato.es\/pt\/produto\/banner-economica-60-x-160-cm\/\" \/>\n<meta property=\"og:site_name\" content=\"Los + baratos\" \/>\n<meta property=\"article:modified_time\" content=\"2025-07-14T09:37:19+00:00\" \/>\n<meta property=\"og:image\" content=\"http:\/\/impresiondigitalgranformato.es\/wp-content\/uploads\/2017\/10\/banner-60-x-160-cm.png\" \/>\n\t<meta property=\"og:image:width\" content=\"1063\" \/>\n\t<meta property=\"og:image:height\" content=\"1063\" \/>\n\t<meta property=\"og:image:type\" content=\"image\/png\" \/>\n<meta name=\"twitter:card\" content=\"summary_large_image\" \/>\n<meta name=\"twitter:label1\" content=\"Tempo estimado de leitura\" \/>\n\t<meta name=\"twitter:data1\" content=\"2 minutos\" \/>\n<script type=\"application\/ld+json\" class=\"yoast-schema-graph\">{\"@context\":\"https:\\\/\\\/schema.org\",\"@graph\":[{\"@type\":\"WebPage\",\"@id\":\"https:\\\/\\\/impresiondigitalgranformato.es\\\/producto\\\/banner-economico-60-x-160-cm\\\/\",\"url\":\"https:\\\/\\\/impresiondigitalgranformato.es\\\/producto\\\/banner-economico-60-x-160-cm\\\/\",\"name\":\"banner econ\u00f3mico - banner 60 x 160 cm - Env\u00edo Gratis - Los + baratos\",\"isPartOf\":{\"@id\":\"https:\\\/\\\/impresiondigitalgranformato.es\\\/#website\"},\"primaryImageOfPage\":{\"@id\":\"https:\\\/\\\/impresiondigitalgranformato.es\\\/producto\\\/banner-economico-60-x-160-cm\\\/#primaryimage\"},\"image\":{\"@id\":\"https:\\\/\\\/impresiondigitalgranformato.es\\\/producto\\\/banner-economico-60-x-160-cm\\\/#primaryimage\"},\"thumbnailUrl\":\"https:\\\/\\\/i0.wp.com\\\/impresiondigitalgranformato.es\\\/wp-content\\\/uploads\\\/2017\\\/10\\\/banner-60-x-160-cm.png?fit=1063%2C1063&ssl=1\",\"datePublished\":\"2017-10-11T16:55:16+00:00\",\"dateModified\":\"2025-07-14T09:37:19+00:00\",\"description\":\"Banner econ\u00f3mico, gr\u00e1fica realizada en impresi\u00f3n digital sobre lona de pvc y estructura de fibra de vidrio. Banner de 60 x 160 cm. Los + Baratos\",\"breadcrumb\":{\"@id\":\"https:\\\/\\\/impresiondigitalgranformato.es\\\/producto\\\/banner-economico-60-x-160-cm\\\/#breadcrumb\"},\"inLanguage\":\"pt-PT\",\"potentialAction\":[{\"@type\":\"ReadAction\",\"target\":[\"https:\\\/\\\/impresiondigitalgranformato.es\\\/producto\\\/banner-economico-60-x-160-cm\\\/\"]}]},{\"@type\":\"ImageObject\",\"inLanguage\":\"pt-PT\",\"@id\":\"https:\\\/\\\/impresiondigitalgranformato.es\\\/producto\\\/banner-economico-60-x-160-cm\\\/#primaryimage\",\"url\":\"https:\\\/\\\/i0.wp.com\\\/impresiondigitalgranformato.es\\\/wp-content\\\/uploads\\\/2017\\\/10\\\/banner-60-x-160-cm.png?fit=1063%2C1063&ssl=1\",\"contentUrl\":\"https:\\\/\\\/i0.wp.com\\\/impresiondigitalgranformato.es\\\/wp-content\\\/uploads\\\/2017\\\/10\\\/banner-60-x-160-cm.png?fit=1063%2C1063&ssl=1\",\"width\":1063,\"height\":1063,\"caption\":\"banner econ\u00f3mico de 60 x 160 cm\"},{\"@type\":\"BreadcrumbList\",\"@id\":\"https:\\\/\\\/impresiondigitalgranformato.es\\\/producto\\\/banner-economico-60-x-160-cm\\\/#breadcrumb\",\"itemListElement\":[{\"@type\":\"ListItem\",\"position\":1,\"name\":\"Portada\",\"item\":\"https:\\\/\\\/impresiondigitalgranformato.es\\\/\"},{\"@type\":\"ListItem\",\"position\":2,\"name\":\"Productos\",\"item\":\"https:\\\/\\\/impresiondigitalgranformato.es\\\/venta-roll-up-banner\\\/\"},{\"@type\":\"ListItem\",\"position\":3,\"name\":\"banner 60 x 160 cm\"}]},{\"@type\":\"WebSite\",\"@id\":\"https:\\\/\\\/impresiondigitalgranformato.es\\\/#website\",\"url\":\"https:\\\/\\\/impresiondigitalgranformato.es\\\/\",\"name\":\"Los + baratos\",\"description\":\"impresi\u00f3n digital gran formato venta de roll up, banner, banderas, lonas, carteles, displays, publicidad\",\"publisher\":{\"@id\":\"https:\\\/\\\/impresiondigitalgranformato.es\\\/#organization\"},\"potentialAction\":[{\"@type\":\"SearchAction\",\"target\":{\"@type\":\"EntryPoint\",\"urlTemplate\":\"https:\\\/\\\/impresiondigitalgranformato.es\\\/?s={search_term_string}\"},\"query-input\":{\"@type\":\"PropertyValueSpecification\",\"valueRequired\":true,\"valueName\":\"search_term_string\"}}],\"inLanguage\":\"pt-PT\"},{\"@type\":\"Organization\",\"@id\":\"https:\\\/\\\/impresiondigitalgranformato.es\\\/#organization\",\"name\":\"Los + baratos\",\"url\":\"https:\\\/\\\/impresiondigitalgranformato.es\\\/\",\"logo\":{\"@type\":\"ImageObject\",\"inLanguage\":\"pt-PT\",\"@id\":\"https:\\\/\\\/impresiondigitalgranformato.es\\\/#\\\/schema\\\/logo\\\/image\\\/\",\"url\":\"https:\\\/\\\/i0.wp.com\\\/impresiondigitalgranformato.es\\\/wp-content\\\/uploads\\\/2016\\\/12\\\/cropped-logotipo-2-e1483373659766.png?fit=500%2C101&ssl=1\",\"contentUrl\":\"https:\\\/\\\/i0.wp.com\\\/impresiondigitalgranformato.es\\\/wp-content\\\/uploads\\\/2016\\\/12\\\/cropped-logotipo-2-e1483373659766.png?fit=500%2C101&ssl=1\",\"width\":500,\"height\":101,\"caption\":\"Los + baratos\"},\"image\":{\"@id\":\"https:\\\/\\\/impresiondigitalgranformato.es\\\/#\\\/schema\\\/logo\\\/image\\\/\"}}]}<\/script>\n<!-- \/ Yoast SEO plugin. -->","yoast_head_json":{"title":"banner econ\u00f3mica - banner 60 x 160 cm - Envio gratuito - As mais baratas","description":"Banner econ\u00f3mico, grafismo impresso digitalmente sobre tela de PVC e estrutura de fibra de vidro. Banner de 60 x 160 cm. O + Econ\u00f3mico","robots":{"index":"index","follow":"follow","max-snippet":"max-snippet:-1","max-image-preview":"max-image-preview:large","max-video-preview":"max-video-preview:-1"},"canonical":"https:\/\/impresiondigitalgranformato.es\/pt\/produto\/banner-economica-60-x-160-cm\/","og_locale":"pt_PT","og_type":"article","og_title":"banner econ\u00f3mico - banner 60 x 160 cm - Env\u00edo Gratis - Los + baratos","og_description":"Banner econ\u00f3mico, gr\u00e1fica realizada en impresi\u00f3n digital sobre lona de pvc y estructura de fibra de vidrio. Banner de 60 x 160 cm. Los + Baratos","og_url":"https:\/\/impresiondigitalgranformato.es\/pt\/produto\/banner-economica-60-x-160-cm\/","og_site_name":"Los + baratos","article_modified_time":"2025-07-14T09:37:19+00:00","og_image":[{"width":1063,"height":1063,"url":"http:\/\/impresiondigitalgranformato.es\/wp-content\/uploads\/2017\/10\/banner-60-x-160-cm.png","type":"image\/png"}],"twitter_card":"summary_large_image","twitter_misc":{"Tempo estimado de leitura":"2 minutos"},"schema":{"@context":"https:\/\/schema.org","@graph":[{"@type":"WebPage","@id":"https:\/\/impresiondigitalgranformato.es\/producto\/banner-economico-60-x-160-cm\/","url":"https:\/\/impresiondigitalgranformato.es\/producto\/banner-economico-60-x-160-cm\/","name":"banner econ\u00f3mica - banner 60 x 160 cm - Envio gratuito - As mais baratas","isPartOf":{"@id":"https:\/\/impresiondigitalgranformato.es\/#website"},"primaryImageOfPage":{"@id":"https:\/\/impresiondigitalgranformato.es\/producto\/banner-economico-60-x-160-cm\/#primaryimage"},"image":{"@id":"https:\/\/impresiondigitalgranformato.es\/producto\/banner-economico-60-x-160-cm\/#primaryimage"},"thumbnailUrl":"https:\/\/i0.wp.com\/impresiondigitalgranformato.es\/wp-content\/uploads\/2017\/10\/banner-60-x-160-cm.png?fit=1063%2C1063&ssl=1","datePublished":"2017-10-11T16:55:16+00:00","dateModified":"2025-07-14T09:37:19+00:00","description":"Banner econ\u00f3mico, grafismo impresso digitalmente sobre tela de PVC e estrutura de fibra de vidro. Banner de 60 x 160 cm. O + Econ\u00f3mico","breadcrumb":{"@id":"https:\/\/impresiondigitalgranformato.es\/producto\/banner-economico-60-x-160-cm\/#breadcrumb"},"inLanguage":"pt-PT","potentialAction":[{"@type":"ReadAction","target":["https:\/\/impresiondigitalgranformato.es\/producto\/banner-economico-60-x-160-cm\/"]}]},{"@type":"ImageObject","inLanguage":"pt-PT","@id":"https:\/\/impresiondigitalgranformato.es\/producto\/banner-economico-60-x-160-cm\/#primaryimage","url":"https:\/\/i0.wp.com\/impresiondigitalgranformato.es\/wp-content\/uploads\/2017\/10\/banner-60-x-160-cm.png?fit=1063%2C1063&ssl=1","contentUrl":"https:\/\/i0.wp.com\/impresiondigitalgranformato.es\/wp-content\/uploads\/2017\/10\/banner-60-x-160-cm.png?fit=1063%2C1063&ssl=1","width":1063,"height":1063,"caption":"banner econ\u00f3mico de 60 x 160 cm"},{"@type":"BreadcrumbList","@id":"https:\/\/impresiondigitalgranformato.es\/producto\/banner-economico-60-x-160-cm\/#breadcrumb","itemListElement":[{"@type":"ListItem","position":1,"name":"Portada","item":"https:\/\/impresiondigitalgranformato.es\/"},{"@type":"ListItem","position":2,"name":"Productos","item":"https:\/\/impresiondigitalgranformato.es\/venta-roll-up-banner\/"},{"@type":"ListItem","position":3,"name":"banner 60 x 160 cm"}]},{"@type":"WebSite","@id":"https:\/\/impresiondigitalgranformato.es\/#website","url":"https:\/\/impresiondigitalgranformato.es\/","name":"Os mais baratos","description":"impress\u00e3o digital de grande formato venda de roll up, banners, bandeiras, faixas, lonas, cartazes, expositores, an\u00fancios","publisher":{"@id":"https:\/\/impresiondigitalgranformato.es\/#organization"},"potentialAction":[{"@type":"SearchAction","target":{"@type":"EntryPoint","urlTemplate":"https:\/\/impresiondigitalgranformato.es\/?s={search_term_string}"},"query-input":{"@type":"PropertyValueSpecification","valueRequired":true,"valueName":"search_term_string"}}],"inLanguage":"pt-PT"},{"@type":"Organization","@id":"https:\/\/impresiondigitalgranformato.es\/#organization","name":"Os mais baratos","url":"https:\/\/impresiondigitalgranformato.es\/","logo":{"@type":"ImageObject","inLanguage":"pt-PT","@id":"https:\/\/impresiondigitalgranformato.es\/#\/schema\/logo\/image\/","url":"https:\/\/i0.wp.com\/impresiondigitalgranformato.es\/wp-content\/uploads\/2016\/12\/cropped-logotipo-2-e1483373659766.png?fit=500%2C101&ssl=1","contentUrl":"https:\/\/i0.wp.com\/impresiondigitalgranformato.es\/wp-content\/uploads\/2016\/12\/cropped-logotipo-2-e1483373659766.png?fit=500%2C101&ssl=1","width":500,"height":101,"caption":"Los + baratos"},"image":{"@id":"https:\/\/impresiondigitalgranformato.es\/#\/schema\/logo\/image\/"}}]}},"jetpack_sharing_enabled":true,"_links":{"self":[{"href":"https:\/\/impresiondigitalgranformato.es\/pt\/wp-json\/wp\/v2\/product\/1318","targetHints":{"allow":["GET"]}}],"collection":[{"href":"https:\/\/impresiondigitalgranformato.es\/pt\/wp-json\/wp\/v2\/product"}],"about":[{"href":"https:\/\/impresiondigitalgranformato.es\/pt\/wp-json\/wp\/v2\/types\/product"}],"replies":[{"embeddable":true,"href":"https:\/\/impresiondigitalgranformato.es\/pt\/wp-json\/wp\/v2\/comments?post=1318"}],"wp:featuredmedia":[{"embeddable":true,"href":"https:\/\/impresiondigitalgranformato.es\/pt\/wp-json\/wp\/v2\/media\/1319"}],"wp:attachment":[{"href":"https:\/\/impresiondigitalgranformato.es\/pt\/wp-json\/wp\/v2\/media?parent=1318"}],"wp:term":[{"taxonomy":"product_brand","embeddable":true,"href":"https:\/\/impresiondigitalgranformato.es\/pt\/wp-json\/wp\/v2\/product_brand?post=1318"},{"taxonomy":"product_cat","embeddable":true,"href":"https:\/\/impresiondigitalgranformato.es\/pt\/wp-json\/wp\/v2\/product_cat?post=1318"},{"taxonomy":"product_tag","embeddable":true,"href":"https:\/\/impresiondigitalgranformato.es\/pt\/wp-json\/wp\/v2\/product_tag?post=1318"}],"curies":[{"name":"wp","href":"https:\/\/api.w.org\/{rel}","templated":true}]}}