{"id":13290,"date":"2020-11-06T13:22:08","date_gmt":"2020-11-06T12:22:08","guid":{"rendered":"http:\/\/impresiondigitalgranformato.es\/?post_type=product&#038;p=13290"},"modified":"2025-07-04T19:30:53","modified_gmt":"2025-07-04T17:30:53","slug":"vinilo-pared-personalizado","status":"publish","type":"product","link":"https:\/\/impresiondigitalgranformato.es\/pt\/producto\/vinilo-pared-personalizado\/","title":{"rendered":"vinilo pared personalizado"},"content":{"rendered":"<h1><span style=\"color: #ff9900;\">Vinilo pared personalizado.<\/span><\/h1>\n<p>Decora tu hogar o negocio con nuestro vinilo de pared de alto agarre personalizado con tu imagen o dise\u00f1o.<\/p>\n<p>Puede ver dise\u00f1os ya preparados en <a href=\"https:\/\/impresiondigitalgranformato.es\/pt\/categoria-produto\/vinilos-para-la-pared\/\">nuestra galer\u00eda.<\/a><\/p>\n<p>La impresi\u00f3n se realiza en maquinas de impresi\u00f3n digital de alta calidad, con lo que conseguimos que tu fotomural para la pared tenga una calidad optima. Ademas te facilitamos la opci\u00f3n de indicarnos que te laminemos la impresi\u00f3n del vinilo de pared. Con lo que conseguir\u00e1s que la impresi\u00f3n de tu fotomural no se vea degradada con el paso del tiempo, limpiezas &#8230;<\/p>\n<p><strong>Alto agarre<\/strong> en tu fotomural de vinilo para la pared personalizado, valido hasta para paredes lisas.<\/p>\n<p>Con nuestros vinilos de pared personalizados podr\u00e1s decorar las paredes de tu hogar con una fotografia tuya o una imagen o paisaje que te guste. En tu negocio podr\u00e1s decorar con vinilos personalizados para la pared tanto las interiores como las exteriores. Gracias a estos vinilos para pared de alto agarre.<\/p>\n<h4><strong><span style=\"color: #3366ff;\">Decoraci\u00f3n con vinilos en el Hogar:<\/span><\/strong><\/h4>\n<p>En salones utiliza fotomurales de vinilo con una foto realizada por ti que nosotros te imprimiremos en alta calidad sobre el vinilo o con paisajes de monta\u00f1as, playas, el desierto &#8230; tambi\u00e9n puedes utilizar fondos de ciudades o de algo emblem\u00e1tico de alg\u00fan lugar del mundo. Siempre teniendo en cuenta el color de tu mobiliario para que tu fotomural de pared combine a la perfecci\u00f3n.<\/p>\n<p>Para la decoraci\u00f3n de pasillos, distribuidores y salas de entrada te recomendamos que utilices vinilos para la pared en forma de fotomural con im\u00e1genes de lugares abiertos para dar mas sensaci\u00f3n de amplitud. Tambi\u00e9n te podemos fabricar cenefas en adhesivos de pared con los motivos y colores que tu quieras para dar tu toque de personalidad en tu hogar con los vinilos de pared.<\/p>\n<p>En cocinas y ba\u00f1os apostamos por los adhesivos para la pared en forma de cenefa, con los que conseguir\u00e1s dar un toque de dise\u00f1o y alegr\u00eda en estos lugares. Te recordamos que nuestro vinilo para la pared es de alto agarre aguanta perfectamente la humedad. Te recomendamos que nos pidas tu adhesivo de pared laminado con esta lamina protectora transparente podr\u00e1s limpiar las veces que sean necesarias tu vinilo para pared personalizado sin deteriorar la impresi\u00f3n.<\/p>\n<h4><span style=\"color: #3366ff;\"><strong>Decoraci\u00f3n con vinilos para la pared en negocios:<\/strong><\/span><\/h4>\n<p>Sabemos que la decoraci\u00f3n de tu negocio es muy importante para que tus clientes se sientan a gusto e informados.<\/p>\n<p>Con los vinilos para la pared personalizados en el interior podr\u00e1s informar con fotomurales de todos tus productos o servicios. Con los adhesivos de pared personalizados tambi\u00e9n puedes cambiar los colores de las paredes de una forma r\u00e1pida y econ\u00f3mica. Y si lo necesitas al ser vinilos para la pared personalizados podr\u00e1s crear cambios de ambiente seg\u00fan para lo que este destinada esa zona o el tipo de producto que se venda. Podr\u00e1s utilizar colores o im\u00e1genes diferentes en tu fotomural de pared.<\/p>\n<p>En el exterior al ser un vinilo de pared de alto agarre tambi\u00e9n podr\u00e1 decorar su fachada con su logotipo, eslogan &#8230; O crear un fotomural para la pared que llena toda o todas las fachadas. Con estos vinilos de pared personalizados podr\u00e1 informar en el exterior de todas sus ofertas de una forma econ\u00f3mica.<\/p>\n<p>&nbsp;<\/p>\n<p><span style=\"color: #800000;\"><strong>Este produto pode ser entregue em 24 horas*.<\/strong><\/span><\/p>\n<p data-pbs-phone-margin-bottom=\"18px\"><span style=\"color: #000080;\"><strong>Diferentes tipos de transporte:<\/strong><\/span><\/p>\n<p data-pbs-phone-margin-bottom=\"18px\"><span style=\"color: #0000ff;\"><strong>**<\/strong><\/span> desde la 1\u00aa unid<\/p>\n<p data-pbs-phone-margin-bottom=\"18px\"><span style=\"color: #0000ff;\"><strong>Producci\u00f3n y entrega en 24 horas*<\/strong><\/span>\u00a0(este servi\u00e7o s\u00f3 \u00e9 v\u00e1lido para as encomendas confirmadas antes das 11h30 do dia em curso).<\/p>\n<p data-pbs-phone-margin-top=\"1px\"><span style=\"color: #0000ff;\"><strong>Produ\u00e7\u00e3o e entrega no prazo de 2 dias \u00fateis<\/strong><\/span><\/p>\n<p data-pbs-phone-margin-top=\"1px\"><span style=\"color: #0000ff;\"><strong>Produ\u00e7\u00e3o e entrega no prazo de 4 dias \u00fateis<\/strong><\/span><\/p>\n<p data-pbs-phone-margin-top=\"1px\"><span style=\"color: #0000ff;\"><strong>Produ\u00e7\u00e3o e entrega no prazo de 8 dias \u00fateis<\/strong><\/span><\/p>\n<p>&nbsp;<\/p>","protected":false},"excerpt":{"rendered":"<p>Vinilo de alto agarre para decoraci\u00f3n de paredes.<\/p>\n<p>Personalizados con tu dise\u00f1o.<\/p>\n<p>&nbsp;<\/p>","protected":false},"featured_media":13317,"comment_status":"open","ping_status":"closed","template":"","meta":[],"product_brand":[],"product_cat":[98],"product_tag":[],"class_list":{"0":"post-13290","1":"product","2":"type-product","3":"status-publish","4":"has-post-thumbnail","6":"product_cat-vinilos-para-la-pared","8":"first","9":"instock","10":"sold-individually","11":"taxable","12":"shipping-taxable","13":"purchasable","14":"product-type-simple"},"yoast_head":"<!-- This site is optimized with the Yoast SEO plugin v27.3 - https:\/\/yoast.com\/product\/yoast-seo-wordpress\/ -->\n<title>vinilo pared personalizado - Los + baratos - vinilos de alto agarre<\/title>\n<meta name=\"description\" content=\"Vinilo para la pared personalizado. Env\u00eda tu dise\u00f1o y nosotros lo imprimimos en vinilo para la pared con calidad de alto agare. Envio gratis\" \/>\n<meta name=\"robots\" content=\"index, follow, max-snippet:-1, max-image-preview:large, max-video-preview:-1\" \/>\n<link rel=\"canonical\" href=\"https:\/\/impresiondigitalgranformato.es\/pt\/produto\/vinilo-pared-personalizado\/\" \/>\n<meta property=\"og:locale\" content=\"pt_PT\" \/>\n<meta property=\"og:type\" content=\"article\" \/>\n<meta property=\"og:title\" content=\"vinilo pared personalizado - Los + baratos - vinilos de alto agarre\" \/>\n<meta property=\"og:description\" content=\"Vinilo para la pared personalizado. Env\u00eda tu dise\u00f1o y nosotros lo imprimimos en vinilo para la pared con calidad de alto agare. Envio gratis\" \/>\n<meta property=\"og:url\" content=\"https:\/\/impresiondigitalgranformato.es\/pt\/produto\/vinilo-pared-personalizado\/\" \/>\n<meta property=\"og:site_name\" content=\"Los + baratos\" \/>\n<meta property=\"article:modified_time\" content=\"2025-07-04T17:30:53+00:00\" \/>\n<meta property=\"og:image\" content=\"http:\/\/impresiondigitalgranformato.es\/wp-content\/uploads\/2020\/11\/vinilos-de-pared-personalizados.jpg\" \/>\n\t<meta property=\"og:image:width\" content=\"986\" \/>\n\t<meta property=\"og:image:height\" content=\"986\" \/>\n\t<meta property=\"og:image:type\" content=\"image\/jpeg\" \/>\n<meta name=\"twitter:card\" content=\"summary_large_image\" \/>\n<meta name=\"twitter:label1\" content=\"Tempo estimado de leitura\" \/>\n\t<meta name=\"twitter:data1\" content=\"3 minutos\" \/>\n<script type=\"application\/ld+json\" class=\"yoast-schema-graph\">{\"@context\":\"https:\\\/\\\/schema.org\",\"@graph\":[{\"@type\":\"WebPage\",\"@id\":\"https:\\\/\\\/impresiondigitalgranformato.es\\\/producto\\\/vinilo-pared-personalizado\\\/\",\"url\":\"https:\\\/\\\/impresiondigitalgranformato.es\\\/producto\\\/vinilo-pared-personalizado\\\/\",\"name\":\"vinilo pared personalizado - Los + baratos - vinilos de alto agarre\",\"isPartOf\":{\"@id\":\"https:\\\/\\\/impresiondigitalgranformato.es\\\/#website\"},\"primaryImageOfPage\":{\"@id\":\"https:\\\/\\\/impresiondigitalgranformato.es\\\/producto\\\/vinilo-pared-personalizado\\\/#primaryimage\"},\"image\":{\"@id\":\"https:\\\/\\\/impresiondigitalgranformato.es\\\/producto\\\/vinilo-pared-personalizado\\\/#primaryimage\"},\"thumbnailUrl\":\"https:\\\/\\\/i0.wp.com\\\/impresiondigitalgranformato.es\\\/wp-content\\\/uploads\\\/2020\\\/11\\\/vinilos-de-pared-personalizados.jpg?fit=986%2C986&ssl=1\",\"datePublished\":\"2020-11-06T12:22:08+00:00\",\"dateModified\":\"2025-07-04T17:30:53+00:00\",\"description\":\"Vinilo para la pared personalizado. Env\u00eda tu dise\u00f1o y nosotros lo imprimimos en vinilo para la pared con calidad de alto agare. Envio gratis\",\"breadcrumb\":{\"@id\":\"https:\\\/\\\/impresiondigitalgranformato.es\\\/producto\\\/vinilo-pared-personalizado\\\/#breadcrumb\"},\"inLanguage\":\"pt-PT\",\"potentialAction\":[{\"@type\":\"ReadAction\",\"target\":[\"https:\\\/\\\/impresiondigitalgranformato.es\\\/producto\\\/vinilo-pared-personalizado\\\/\"]}]},{\"@type\":\"ImageObject\",\"inLanguage\":\"pt-PT\",\"@id\":\"https:\\\/\\\/impresiondigitalgranformato.es\\\/producto\\\/vinilo-pared-personalizado\\\/#primaryimage\",\"url\":\"https:\\\/\\\/i0.wp.com\\\/impresiondigitalgranformato.es\\\/wp-content\\\/uploads\\\/2020\\\/11\\\/vinilos-de-pared-personalizados.jpg?fit=986%2C986&ssl=1\",\"contentUrl\":\"https:\\\/\\\/i0.wp.com\\\/impresiondigitalgranformato.es\\\/wp-content\\\/uploads\\\/2020\\\/11\\\/vinilos-de-pared-personalizados.jpg?fit=986%2C986&ssl=1\",\"width\":986,\"height\":986,\"caption\":\"vinilo pared personalizado\"},{\"@type\":\"BreadcrumbList\",\"@id\":\"https:\\\/\\\/impresiondigitalgranformato.es\\\/producto\\\/vinilo-pared-personalizado\\\/#breadcrumb\",\"itemListElement\":[{\"@type\":\"ListItem\",\"position\":1,\"name\":\"Portada\",\"item\":\"https:\\\/\\\/impresiondigitalgranformato.es\\\/\"},{\"@type\":\"ListItem\",\"position\":2,\"name\":\"Productos\",\"item\":\"https:\\\/\\\/impresiondigitalgranformato.es\\\/venta-roll-up-banner\\\/\"},{\"@type\":\"ListItem\",\"position\":3,\"name\":\"vinilo pared personalizado\"}]},{\"@type\":\"WebSite\",\"@id\":\"https:\\\/\\\/impresiondigitalgranformato.es\\\/#website\",\"url\":\"https:\\\/\\\/impresiondigitalgranformato.es\\\/\",\"name\":\"Los + baratos\",\"description\":\"impresi\u00f3n digital gran formato venta de roll up, banner, banderas, lonas, carteles, displays, publicidad\",\"publisher\":{\"@id\":\"https:\\\/\\\/impresiondigitalgranformato.es\\\/#organization\"},\"potentialAction\":[{\"@type\":\"SearchAction\",\"target\":{\"@type\":\"EntryPoint\",\"urlTemplate\":\"https:\\\/\\\/impresiondigitalgranformato.es\\\/?s={search_term_string}\"},\"query-input\":{\"@type\":\"PropertyValueSpecification\",\"valueRequired\":true,\"valueName\":\"search_term_string\"}}],\"inLanguage\":\"pt-PT\"},{\"@type\":\"Organization\",\"@id\":\"https:\\\/\\\/impresiondigitalgranformato.es\\\/#organization\",\"name\":\"Los + baratos\",\"url\":\"https:\\\/\\\/impresiondigitalgranformato.es\\\/\",\"logo\":{\"@type\":\"ImageObject\",\"inLanguage\":\"pt-PT\",\"@id\":\"https:\\\/\\\/impresiondigitalgranformato.es\\\/#\\\/schema\\\/logo\\\/image\\\/\",\"url\":\"https:\\\/\\\/i0.wp.com\\\/impresiondigitalgranformato.es\\\/wp-content\\\/uploads\\\/2016\\\/12\\\/cropped-logotipo-2-e1483373659766.png?fit=500%2C101&ssl=1\",\"contentUrl\":\"https:\\\/\\\/i0.wp.com\\\/impresiondigitalgranformato.es\\\/wp-content\\\/uploads\\\/2016\\\/12\\\/cropped-logotipo-2-e1483373659766.png?fit=500%2C101&ssl=1\",\"width\":500,\"height\":101,\"caption\":\"Los + baratos\"},\"image\":{\"@id\":\"https:\\\/\\\/impresiondigitalgranformato.es\\\/#\\\/schema\\\/logo\\\/image\\\/\"}}]}<\/script>\n<!-- \/ Yoast SEO plugin. -->","yoast_head_json":{"title":"vinilo pared personalizado - Los + baratos - vinilos de alto agarre","description":"Vinilo para la pared personalizado. Env\u00eda tu dise\u00f1o y nosotros lo imprimimos en vinilo para la pared con calidad de alto agare. Envio gratis","robots":{"index":"index","follow":"follow","max-snippet":"max-snippet:-1","max-image-preview":"max-image-preview:large","max-video-preview":"max-video-preview:-1"},"canonical":"https:\/\/impresiondigitalgranformato.es\/pt\/produto\/vinilo-pared-personalizado\/","og_locale":"pt_PT","og_type":"article","og_title":"vinilo pared personalizado - Los + baratos - vinilos de alto agarre","og_description":"Vinilo para la pared personalizado. Env\u00eda tu dise\u00f1o y nosotros lo imprimimos en vinilo para la pared con calidad de alto agare. Envio gratis","og_url":"https:\/\/impresiondigitalgranformato.es\/pt\/produto\/vinilo-pared-personalizado\/","og_site_name":"Los + baratos","article_modified_time":"2025-07-04T17:30:53+00:00","og_image":[{"width":986,"height":986,"url":"http:\/\/impresiondigitalgranformato.es\/wp-content\/uploads\/2020\/11\/vinilos-de-pared-personalizados.jpg","type":"image\/jpeg"}],"twitter_card":"summary_large_image","twitter_misc":{"Tempo estimado de leitura":"3 minutos"},"schema":{"@context":"https:\/\/schema.org","@graph":[{"@type":"WebPage","@id":"https:\/\/impresiondigitalgranformato.es\/producto\/vinilo-pared-personalizado\/","url":"https:\/\/impresiondigitalgranformato.es\/producto\/vinilo-pared-personalizado\/","name":"vinilo pared personalizado - Los + baratos - vinilos de alto agarre","isPartOf":{"@id":"https:\/\/impresiondigitalgranformato.es\/#website"},"primaryImageOfPage":{"@id":"https:\/\/impresiondigitalgranformato.es\/producto\/vinilo-pared-personalizado\/#primaryimage"},"image":{"@id":"https:\/\/impresiondigitalgranformato.es\/producto\/vinilo-pared-personalizado\/#primaryimage"},"thumbnailUrl":"https:\/\/i0.wp.com\/impresiondigitalgranformato.es\/wp-content\/uploads\/2020\/11\/vinilos-de-pared-personalizados.jpg?fit=986%2C986&ssl=1","datePublished":"2020-11-06T12:22:08+00:00","dateModified":"2025-07-04T17:30:53+00:00","description":"Vinilo para la pared personalizado. Env\u00eda tu dise\u00f1o y nosotros lo imprimimos en vinilo para la pared con calidad de alto agare. Envio gratis","breadcrumb":{"@id":"https:\/\/impresiondigitalgranformato.es\/producto\/vinilo-pared-personalizado\/#breadcrumb"},"inLanguage":"pt-PT","potentialAction":[{"@type":"ReadAction","target":["https:\/\/impresiondigitalgranformato.es\/producto\/vinilo-pared-personalizado\/"]}]},{"@type":"ImageObject","inLanguage":"pt-PT","@id":"https:\/\/impresiondigitalgranformato.es\/producto\/vinilo-pared-personalizado\/#primaryimage","url":"https:\/\/i0.wp.com\/impresiondigitalgranformato.es\/wp-content\/uploads\/2020\/11\/vinilos-de-pared-personalizados.jpg?fit=986%2C986&ssl=1","contentUrl":"https:\/\/i0.wp.com\/impresiondigitalgranformato.es\/wp-content\/uploads\/2020\/11\/vinilos-de-pared-personalizados.jpg?fit=986%2C986&ssl=1","width":986,"height":986,"caption":"vinilo pared personalizado"},{"@type":"BreadcrumbList","@id":"https:\/\/impresiondigitalgranformato.es\/producto\/vinilo-pared-personalizado\/#breadcrumb","itemListElement":[{"@type":"ListItem","position":1,"name":"Portada","item":"https:\/\/impresiondigitalgranformato.es\/"},{"@type":"ListItem","position":2,"name":"Productos","item":"https:\/\/impresiondigitalgranformato.es\/venta-roll-up-banner\/"},{"@type":"ListItem","position":3,"name":"vinilo pared personalizado"}]},{"@type":"WebSite","@id":"https:\/\/impresiondigitalgranformato.es\/#website","url":"https:\/\/impresiondigitalgranformato.es\/","name":"Os mais baratos","description":"impress\u00e3o digital de grande formato venda de roll up, banners, bandeiras, faixas, lonas, cartazes, expositores, an\u00fancios","publisher":{"@id":"https:\/\/impresiondigitalgranformato.es\/#organization"},"potentialAction":[{"@type":"SearchAction","target":{"@type":"EntryPoint","urlTemplate":"https:\/\/impresiondigitalgranformato.es\/?s={search_term_string}"},"query-input":{"@type":"PropertyValueSpecification","valueRequired":true,"valueName":"search_term_string"}}],"inLanguage":"pt-PT"},{"@type":"Organization","@id":"https:\/\/impresiondigitalgranformato.es\/#organization","name":"Os mais baratos","url":"https:\/\/impresiondigitalgranformato.es\/","logo":{"@type":"ImageObject","inLanguage":"pt-PT","@id":"https:\/\/impresiondigitalgranformato.es\/#\/schema\/logo\/image\/","url":"https:\/\/i0.wp.com\/impresiondigitalgranformato.es\/wp-content\/uploads\/2016\/12\/cropped-logotipo-2-e1483373659766.png?fit=500%2C101&ssl=1","contentUrl":"https:\/\/i0.wp.com\/impresiondigitalgranformato.es\/wp-content\/uploads\/2016\/12\/cropped-logotipo-2-e1483373659766.png?fit=500%2C101&ssl=1","width":500,"height":101,"caption":"Los + baratos"},"image":{"@id":"https:\/\/impresiondigitalgranformato.es\/#\/schema\/logo\/image\/"}}]}},"jetpack_sharing_enabled":true,"_links":{"self":[{"href":"https:\/\/impresiondigitalgranformato.es\/pt\/wp-json\/wp\/v2\/product\/13290","targetHints":{"allow":["GET"]}}],"collection":[{"href":"https:\/\/impresiondigitalgranformato.es\/pt\/wp-json\/wp\/v2\/product"}],"about":[{"href":"https:\/\/impresiondigitalgranformato.es\/pt\/wp-json\/wp\/v2\/types\/product"}],"replies":[{"embeddable":true,"href":"https:\/\/impresiondigitalgranformato.es\/pt\/wp-json\/wp\/v2\/comments?post=13290"}],"wp:featuredmedia":[{"embeddable":true,"href":"https:\/\/impresiondigitalgranformato.es\/pt\/wp-json\/wp\/v2\/media\/13317"}],"wp:attachment":[{"href":"https:\/\/impresiondigitalgranformato.es\/pt\/wp-json\/wp\/v2\/media?parent=13290"}],"wp:term":[{"taxonomy":"product_brand","embeddable":true,"href":"https:\/\/impresiondigitalgranformato.es\/pt\/wp-json\/wp\/v2\/product_brand?post=13290"},{"taxonomy":"product_cat","embeddable":true,"href":"https:\/\/impresiondigitalgranformato.es\/pt\/wp-json\/wp\/v2\/product_cat?post=13290"},{"taxonomy":"product_tag","embeddable":true,"href":"https:\/\/impresiondigitalgranformato.es\/pt\/wp-json\/wp\/v2\/product_tag?post=13290"}],"curies":[{"name":"wp","href":"https:\/\/api.w.org\/{rel}","templated":true}]}}