{"id":13437,"date":"2021-01-22T13:31:59","date_gmt":"2021-01-22T12:31:59","guid":{"rendered":"http:\/\/impresiondigitalgranformato.es\/?post_type=product&#038;p=13437"},"modified":"2025-08-02T11:34:18","modified_gmt":"2025-08-02T09:34:18","slug":"pelicula-para-vidros-com-efeito-de-espelho","status":"publish","type":"product","link":"https:\/\/impresiondigitalgranformato.es\/pt\/producto\/plastico-para-ventanas-efecto-espejo\/","title":{"rendered":"Pl\u00e1stico para vidros com efeito espelho"},"content":{"rendered":"<p><strong>Pl\u00e1stico para vidros com efeito espelho<\/strong><br \/>\nO <strong>folhas com efeito de espelho<\/strong> T\u00eam a capacidade de refletir a luz solar e o calor.<\/p>\n<p>Ao refletir a luz, obt\u00e9m-se o efeito de espelho desejado. Isto permite-nos ver o exterior sem sermos vistos, criando privacidade no nosso escrit\u00f3rio, escrit\u00f3rio ou casa gra\u00e7as \u00e0 <strong>vinis com efeito espelho.<\/strong><\/p>\n<p>\u00c9 importante destacar tamb\u00e9m que a <strong>pl\u00e1sticos para janelas com efeito de espelho,<\/strong> N\u00e3o permitem que grande parte do calor emitido pelos raios solares passe quando atingem o vidro, ajudando a reduzir a temperatura interior e poupando recursos.<\/p>\n<p>Em www.impresiondigitalgranformato.es oferecemos v\u00e1rias cores para que possa comprar. <strong>folhas com efeito de espelho<\/strong>. Chapa de prata com efeito espelho, chapa de bronze com efeito espelho e chapa de a\u00e7o com efeito espelho.<\/p>\n<p>Em todas as cores destes <strong>pl\u00e1sticos com efeito de espelho<\/strong> Temos 2 tipos de folhas. Para colar a <strong>folha de espelho<\/strong> Externo ou interno. (Se o vidro for temperado, duplo ou receber muitas horas de luz solar direta, \u00e9 aconselh\u00e1vel pagar pelo exterior.)<\/p>\n<p>Dependendo da cor e do posicionamento do <strong>vinis com efeito espelho<\/strong> teremos mais ou menos energia solar refletida. Pode consultar esses dados no <strong>fichas t\u00e9cnicas de cada espelho.<\/strong><\/p>\n<p>Folha de prata ext<\/p>\n<p>Folha de prata int<\/p>\n<p>Folha de bronze ext<\/p>\n<p>Folha de bronze int<\/p>\n<p>Folha de a\u00e7o ext<\/p>\n<p>Folha de a\u00e7o int<\/p>\n<p style=\"text-align: center;\">A coloca\u00e7\u00e3o destes <strong>folhas de espelho<\/strong> \u00c9 bastante simples:<\/p>\n<p>Limpe bem o vidro, corte a pel\u00edcula efeito espelho no tamanho que pretende cobrir, descole a parte de tr\u00e1s do vinil espelho, pulverize a superf\u00edcie adesiva da pel\u00edcula e do vidro onde a vai colar com bastante \u00e1gua, posicione a pel\u00edcula sobre o vidro na altura desejada, com uma esp\u00e1tula v\u00e1 colando e retirando a \u00e1gua do centro para a direita e do centro para a esquerda, depois de estar tudo colado \u00e0 pel\u00edcula deixe secar para melhor fixa\u00e7\u00e3o e corte qualquer excesso se existir.<\/p>\n<p>Caso n\u00e3o queira colar o <strong>folhas com efeito de espelho<\/strong>, pe\u00e7a-nos um or\u00e7amento e teremos todo o gosto em ir ter consigo e col\u00e1-los.<\/p>\n<h3 style=\"text-align: center;\"><span style=\"color: #3366ff;\">Benef\u00edcios de comprar pl\u00e1sticos para janelas com efeito espelhado<\/span><\/h3>\n<p><strong>PROTE\u00c7\u00c3O SOLAR:<\/strong> Bloqueiam grande parte dos raios UV que s\u00e3o prejudiciais para a nossa sa\u00fade e para os artigos de interior.<\/p>\n<p><strong>ECONOMIA:<\/strong> Reduzem o aquecimento interno, o que nos ajuda a consumir menos recursos.<\/p>\n<p><strong>PRIVACIDADE:<\/strong> As pel\u00edculas espelhadas proporcionam privacidade durante o dia para que n\u00e3o seja visto de fora.<\/p>\n<p><strong>EST\u00c9TICA:<\/strong> Modernize qualquer edif\u00edcio com o efeito espelho e cores diferentes.<\/p>\n<p><strong>FUNCIONALIDADE:<\/strong> Permite-nos destacar o nosso edif\u00edcio por fora e separar ambientes por dentro.<\/p>\n<p>&nbsp;<\/p>\n<p>En caso que no sea la lamina solar que esta buscando, visite nuestra nuestra galer\u00eda con ms modelos. <a href=\"https:\/\/impresiondigitalgranformato.es\/es_es\/categoria-producto\/laminas-solares-para-cristales\/\"><strong>CLIQUE AQUI.<\/strong><\/a><\/p>\n<p>&nbsp;<\/p>\n<p><span style=\"color: #ff0000;\"><strong>Este produto pode ser entregue em 24 horas*.<\/strong><\/span><\/p>\n<p data-pbs-phone-margin-bottom=\"18px\"><strong>Diferentes tipos de transporte:<\/strong><\/p>\n<p data-pbs-phone-margin-bottom=\"18px\"><strong>Produ\u00e7\u00e3o e entrega no prazo de 8 dias \u00fateis<\/strong><\/p>\n<p data-pbs-phone-margin-bottom=\"18px\"><strong>Produ\u00e7\u00e3o e entrega no prazo de 4 dias \u00fateis<\/strong><\/p>\n<p data-pbs-phone-margin-top=\"1px\"><strong>Produ\u00e7\u00e3o e entrega no prazo de 2 dias \u00fateis<\/strong><\/p>\n<p data-pbs-phone-margin-top=\"1px\"><strong>Produ\u00e7\u00e3o e entrega no prazo de 1 dia \u00fatil*.<\/strong>\u00a0(este servi\u00e7o s\u00f3 \u00e9 v\u00e1lido para as encomendas confirmadas antes das 11h30 do dia em curso).<\/p>","protected":false},"excerpt":{"rendered":"<p><strong>Pel\u00edcula para janelas, montras, portas de vidro\u2026<\/strong><\/p>\n<p><strong>V\u00e1rias cores \u00e0 escolha.<\/strong><\/p>\n<p><span style=\"color: #3366ff;\"><strong>Pode ser entregue em 24 horas<\/strong><\/span><\/p>\n<p><a href=\"https:\/\/impresiondigitalgranformato.es\/es_es\/categoria-producto\/laminas-solares-para-cristales\/\">Clique aqui para ver mais modelos<\/a><\/p>","protected":false},"featured_media":17906,"comment_status":"open","ping_status":"closed","template":"","meta":[],"product_brand":[],"product_cat":[113],"product_tag":[],"class_list":{"0":"post-13437","1":"product","2":"type-product","3":"status-publish","4":"has-post-thumbnail","6":"product_cat-laminas-solares-para-cristales","8":"first","9":"instock","10":"sold-individually","11":"taxable","12":"shipping-taxable","13":"purchasable","14":"product-type-simple"},"yoast_head":"<!-- This site is optimized with the Yoast SEO plugin v27.6 - https:\/\/yoast.com\/product\/yoast-seo-wordpress\/ -->\n<title>Pl\u00e1stico para ventanas efecto espejo - Los + baratos - Env\u00edo gratis<\/title>\n<meta name=\"description\" content=\"Pl\u00e1stico para ventanas efecto espejo, varios colores para elegir. opci\u00f3n de rollo completo, metros lineales y piezas sueltas a tama\u00f1o deseado. Env\u00edo gratis.\" \/>\n<meta name=\"robots\" content=\"index, follow, max-snippet:-1, max-image-preview:large, max-video-preview:-1\" \/>\n<link rel=\"canonical\" href=\"https:\/\/impresiondigitalgranformato.es\/pt\/produto\/pelicula-para-vidros-com-efeito-de-espelho\/\" \/>\n<meta property=\"og:locale\" content=\"pt_PT\" \/>\n<meta property=\"og:type\" content=\"article\" \/>\n<meta property=\"og:title\" content=\"Pl\u00e1stico para ventanas efecto espejo - Los + baratos - Env\u00edo gratis\" \/>\n<meta property=\"og:description\" content=\"Pl\u00e1stico para ventanas efecto espejo, varios colores para elegir. opci\u00f3n de rollo completo, metros lineales y piezas sueltas a tama\u00f1o deseado. Env\u00edo gratis.\" \/>\n<meta property=\"og:url\" content=\"https:\/\/impresiondigitalgranformato.es\/pt\/produto\/pelicula-para-vidros-com-efeito-de-espelho\/\" \/>\n<meta property=\"og:site_name\" content=\"Los + baratos\" \/>\n<meta property=\"article:modified_time\" content=\"2025-08-02T09:34:18+00:00\" \/>\n<meta property=\"og:image\" content=\"http:\/\/impresiondigitalgranformato.es\/wp-content\/uploads\/2025\/07\/plastico-para-ventanas-efecto-espejo.jpg\" \/>\n\t<meta property=\"og:image:width\" content=\"630\" \/>\n\t<meta property=\"og:image:height\" content=\"630\" \/>\n\t<meta property=\"og:image:type\" content=\"image\/jpeg\" \/>\n<meta name=\"twitter:card\" content=\"summary_large_image\" \/>\n<meta name=\"twitter:label1\" content=\"Tempo estimado de leitura\" \/>\n\t<meta name=\"twitter:data1\" content=\"3 minutos\" \/>\n<script type=\"application\/ld+json\" class=\"yoast-schema-graph\">{\"@context\":\"https:\\\/\\\/schema.org\",\"@graph\":[{\"@type\":\"WebPage\",\"@id\":\"https:\\\/\\\/impresiondigitalgranformato.es\\\/producto\\\/plastico-para-ventanas-efecto-espejo\\\/\",\"url\":\"https:\\\/\\\/impresiondigitalgranformato.es\\\/producto\\\/plastico-para-ventanas-efecto-espejo\\\/\",\"name\":\"Pl\u00e1stico para ventanas efecto espejo - Los + baratos - Env\u00edo gratis\",\"isPartOf\":{\"@id\":\"https:\\\/\\\/impresiondigitalgranformato.es\\\/#website\"},\"primaryImageOfPage\":{\"@id\":\"https:\\\/\\\/impresiondigitalgranformato.es\\\/producto\\\/plastico-para-ventanas-efecto-espejo\\\/#primaryimage\"},\"image\":{\"@id\":\"https:\\\/\\\/impresiondigitalgranformato.es\\\/producto\\\/plastico-para-ventanas-efecto-espejo\\\/#primaryimage\"},\"thumbnailUrl\":\"https:\\\/\\\/i0.wp.com\\\/impresiondigitalgranformato.es\\\/wp-content\\\/uploads\\\/2025\\\/07\\\/plastico-para-ventanas-efecto-espejo.jpg?fit=630%2C630&ssl=1\",\"datePublished\":\"2021-01-22T12:31:59+00:00\",\"dateModified\":\"2025-08-02T09:34:18+00:00\",\"description\":\"Pl\u00e1stico para ventanas efecto espejo, varios colores para elegir. opci\u00f3n de rollo completo, metros lineales y piezas sueltas a tama\u00f1o deseado. Env\u00edo gratis.\",\"breadcrumb\":{\"@id\":\"https:\\\/\\\/impresiondigitalgranformato.es\\\/producto\\\/plastico-para-ventanas-efecto-espejo\\\/#breadcrumb\"},\"inLanguage\":\"pt-PT\",\"potentialAction\":[{\"@type\":\"ReadAction\",\"target\":[\"https:\\\/\\\/impresiondigitalgranformato.es\\\/producto\\\/plastico-para-ventanas-efecto-espejo\\\/\"]}]},{\"@type\":\"ImageObject\",\"inLanguage\":\"pt-PT\",\"@id\":\"https:\\\/\\\/impresiondigitalgranformato.es\\\/producto\\\/plastico-para-ventanas-efecto-espejo\\\/#primaryimage\",\"url\":\"https:\\\/\\\/i0.wp.com\\\/impresiondigitalgranformato.es\\\/wp-content\\\/uploads\\\/2025\\\/07\\\/plastico-para-ventanas-efecto-espejo.jpg?fit=630%2C630&ssl=1\",\"contentUrl\":\"https:\\\/\\\/i0.wp.com\\\/impresiondigitalgranformato.es\\\/wp-content\\\/uploads\\\/2025\\\/07\\\/plastico-para-ventanas-efecto-espejo.jpg?fit=630%2C630&ssl=1\",\"width\":630,\"height\":630,\"caption\":\"Pl\u00e1stico para vidros com efeito espelho\"},{\"@type\":\"BreadcrumbList\",\"@id\":\"https:\\\/\\\/impresiondigitalgranformato.es\\\/producto\\\/plastico-para-ventanas-efecto-espejo\\\/#breadcrumb\",\"itemListElement\":[{\"@type\":\"ListItem\",\"position\":1,\"name\":\"Portada\",\"item\":\"https:\\\/\\\/impresiondigitalgranformato.es\\\/\"},{\"@type\":\"ListItem\",\"position\":2,\"name\":\"Productos\",\"item\":\"https:\\\/\\\/impresiondigitalgranformato.es\\\/venta-roll-up-banner\\\/\"},{\"@type\":\"ListItem\",\"position\":3,\"name\":\"Pl\u00e1stico para ventanas efecto espejo\"}]},{\"@type\":\"WebSite\",\"@id\":\"https:\\\/\\\/impresiondigitalgranformato.es\\\/#website\",\"url\":\"https:\\\/\\\/impresiondigitalgranformato.es\\\/\",\"name\":\"Los + baratos\",\"description\":\"impresi\u00f3n digital gran formato venta de roll up, banner, banderas, lonas, carteles, displays, publicidad\",\"publisher\":{\"@id\":\"https:\\\/\\\/impresiondigitalgranformato.es\\\/#organization\"},\"potentialAction\":[{\"@type\":\"SearchAction\",\"target\":{\"@type\":\"EntryPoint\",\"urlTemplate\":\"https:\\\/\\\/impresiondigitalgranformato.es\\\/?s={search_term_string}\"},\"query-input\":{\"@type\":\"PropertyValueSpecification\",\"valueRequired\":true,\"valueName\":\"search_term_string\"}}],\"inLanguage\":\"pt-PT\"},{\"@type\":\"Organization\",\"@id\":\"https:\\\/\\\/impresiondigitalgranformato.es\\\/#organization\",\"name\":\"Los + baratos\",\"url\":\"https:\\\/\\\/impresiondigitalgranformato.es\\\/\",\"logo\":{\"@type\":\"ImageObject\",\"inLanguage\":\"pt-PT\",\"@id\":\"https:\\\/\\\/impresiondigitalgranformato.es\\\/#\\\/schema\\\/logo\\\/image\\\/\",\"url\":\"https:\\\/\\\/i0.wp.com\\\/impresiondigitalgranformato.es\\\/wp-content\\\/uploads\\\/2016\\\/12\\\/cropped-logotipo-2-e1483373659766.png?fit=500%2C101&ssl=1\",\"contentUrl\":\"https:\\\/\\\/i0.wp.com\\\/impresiondigitalgranformato.es\\\/wp-content\\\/uploads\\\/2016\\\/12\\\/cropped-logotipo-2-e1483373659766.png?fit=500%2C101&ssl=1\",\"width\":500,\"height\":101,\"caption\":\"Los + baratos\"},\"image\":{\"@id\":\"https:\\\/\\\/impresiondigitalgranformato.es\\\/#\\\/schema\\\/logo\\\/image\\\/\"}}]}<\/script>\n<!-- \/ Yoast SEO plugin. -->","yoast_head_json":{"title":"Pel\u00edcula espelhada para vidros - A mais barata - Portes gr\u00e1tis","description":"Pel\u00edcula para janelas com efeito espelhado, dispon\u00edvel em v\u00e1rias cores. As op\u00e7\u00f5es incluem rolos inteiros, metros lineares e pe\u00e7as individuais \u00e0 sua escolha. Frete gr\u00e1tis.","robots":{"index":"index","follow":"follow","max-snippet":"max-snippet:-1","max-image-preview":"max-image-preview:large","max-video-preview":"max-video-preview:-1"},"canonical":"https:\/\/impresiondigitalgranformato.es\/pt\/produto\/pelicula-para-vidros-com-efeito-de-espelho\/","og_locale":"pt_PT","og_type":"article","og_title":"Pl\u00e1stico para ventanas efecto espejo - Los + baratos - Env\u00edo gratis","og_description":"Pl\u00e1stico para ventanas efecto espejo, varios colores para elegir. opci\u00f3n de rollo completo, metros lineales y piezas sueltas a tama\u00f1o deseado. Env\u00edo gratis.","og_url":"https:\/\/impresiondigitalgranformato.es\/pt\/produto\/pelicula-para-vidros-com-efeito-de-espelho\/","og_site_name":"Los + baratos","article_modified_time":"2025-08-02T09:34:18+00:00","og_image":[{"width":630,"height":630,"url":"http:\/\/impresiondigitalgranformato.es\/wp-content\/uploads\/2025\/07\/plastico-para-ventanas-efecto-espejo.jpg","type":"image\/jpeg"}],"twitter_card":"summary_large_image","twitter_misc":{"Tempo estimado de leitura":"3 minutos"},"schema":{"@context":"https:\/\/schema.org","@graph":[{"@type":"WebPage","@id":"https:\/\/impresiondigitalgranformato.es\/producto\/plastico-para-ventanas-efecto-espejo\/","url":"https:\/\/impresiondigitalgranformato.es\/producto\/plastico-para-ventanas-efecto-espejo\/","name":"Pel\u00edcula espelhada para vidros - A mais barata - Portes gr\u00e1tis","isPartOf":{"@id":"https:\/\/impresiondigitalgranformato.es\/#website"},"primaryImageOfPage":{"@id":"https:\/\/impresiondigitalgranformato.es\/producto\/plastico-para-ventanas-efecto-espejo\/#primaryimage"},"image":{"@id":"https:\/\/impresiondigitalgranformato.es\/producto\/plastico-para-ventanas-efecto-espejo\/#primaryimage"},"thumbnailUrl":"https:\/\/i0.wp.com\/impresiondigitalgranformato.es\/wp-content\/uploads\/2025\/07\/plastico-para-ventanas-efecto-espejo.jpg?fit=630%2C630&ssl=1","datePublished":"2021-01-22T12:31:59+00:00","dateModified":"2025-08-02T09:34:18+00:00","description":"Pel\u00edcula para janelas com efeito espelhado, dispon\u00edvel em v\u00e1rias cores. As op\u00e7\u00f5es incluem rolos inteiros, metros lineares e pe\u00e7as individuais \u00e0 sua escolha. Frete gr\u00e1tis.","breadcrumb":{"@id":"https:\/\/impresiondigitalgranformato.es\/producto\/plastico-para-ventanas-efecto-espejo\/#breadcrumb"},"inLanguage":"pt-PT","potentialAction":[{"@type":"ReadAction","target":["https:\/\/impresiondigitalgranformato.es\/producto\/plastico-para-ventanas-efecto-espejo\/"]}]},{"@type":"ImageObject","inLanguage":"pt-PT","@id":"https:\/\/impresiondigitalgranformato.es\/producto\/plastico-para-ventanas-efecto-espejo\/#primaryimage","url":"https:\/\/i0.wp.com\/impresiondigitalgranformato.es\/wp-content\/uploads\/2025\/07\/plastico-para-ventanas-efecto-espejo.jpg?fit=630%2C630&ssl=1","contentUrl":"https:\/\/i0.wp.com\/impresiondigitalgranformato.es\/wp-content\/uploads\/2025\/07\/plastico-para-ventanas-efecto-espejo.jpg?fit=630%2C630&ssl=1","width":630,"height":630,"caption":"Pl\u00e1stico para vidros com efeito espelho"},{"@type":"BreadcrumbList","@id":"https:\/\/impresiondigitalgranformato.es\/producto\/plastico-para-ventanas-efecto-espejo\/#breadcrumb","itemListElement":[{"@type":"ListItem","position":1,"name":"Portada","item":"https:\/\/impresiondigitalgranformato.es\/"},{"@type":"ListItem","position":2,"name":"Productos","item":"https:\/\/impresiondigitalgranformato.es\/venta-roll-up-banner\/"},{"@type":"ListItem","position":3,"name":"Pl\u00e1stico para ventanas efecto espejo"}]},{"@type":"WebSite","@id":"https:\/\/impresiondigitalgranformato.es\/#website","url":"https:\/\/impresiondigitalgranformato.es\/","name":"Os mais baratos","description":"impress\u00e3o digital de grande formato venda de roll up, banners, bandeiras, faixas, lonas, cartazes, expositores, an\u00fancios","publisher":{"@id":"https:\/\/impresiondigitalgranformato.es\/#organization"},"potentialAction":[{"@type":"SearchAction","target":{"@type":"EntryPoint","urlTemplate":"https:\/\/impresiondigitalgranformato.es\/?s={search_term_string}"},"query-input":{"@type":"PropertyValueSpecification","valueRequired":true,"valueName":"search_term_string"}}],"inLanguage":"pt-PT"},{"@type":"Organization","@id":"https:\/\/impresiondigitalgranformato.es\/#organization","name":"Os mais baratos","url":"https:\/\/impresiondigitalgranformato.es\/","logo":{"@type":"ImageObject","inLanguage":"pt-PT","@id":"https:\/\/impresiondigitalgranformato.es\/#\/schema\/logo\/image\/","url":"https:\/\/i0.wp.com\/impresiondigitalgranformato.es\/wp-content\/uploads\/2016\/12\/cropped-logotipo-2-e1483373659766.png?fit=500%2C101&ssl=1","contentUrl":"https:\/\/i0.wp.com\/impresiondigitalgranformato.es\/wp-content\/uploads\/2016\/12\/cropped-logotipo-2-e1483373659766.png?fit=500%2C101&ssl=1","width":500,"height":101,"caption":"Los + baratos"},"image":{"@id":"https:\/\/impresiondigitalgranformato.es\/#\/schema\/logo\/image\/"}}]}},"jetpack_sharing_enabled":true,"_links":{"self":[{"href":"https:\/\/impresiondigitalgranformato.es\/pt\/wp-json\/wp\/v2\/product\/13437","targetHints":{"allow":["GET"]}}],"collection":[{"href":"https:\/\/impresiondigitalgranformato.es\/pt\/wp-json\/wp\/v2\/product"}],"about":[{"href":"https:\/\/impresiondigitalgranformato.es\/pt\/wp-json\/wp\/v2\/types\/product"}],"replies":[{"embeddable":true,"href":"https:\/\/impresiondigitalgranformato.es\/pt\/wp-json\/wp\/v2\/comments?post=13437"}],"wp:featuredmedia":[{"embeddable":true,"href":"https:\/\/impresiondigitalgranformato.es\/pt\/wp-json\/wp\/v2\/media\/17906"}],"wp:attachment":[{"href":"https:\/\/impresiondigitalgranformato.es\/pt\/wp-json\/wp\/v2\/media?parent=13437"}],"wp:term":[{"taxonomy":"product_brand","embeddable":true,"href":"https:\/\/impresiondigitalgranformato.es\/pt\/wp-json\/wp\/v2\/product_brand?post=13437"},{"taxonomy":"product_cat","embeddable":true,"href":"https:\/\/impresiondigitalgranformato.es\/pt\/wp-json\/wp\/v2\/product_cat?post=13437"},{"taxonomy":"product_tag","embeddable":true,"href":"https:\/\/impresiondigitalgranformato.es\/pt\/wp-json\/wp\/v2\/product_tag?post=13437"}],"curies":[{"name":"wp","href":"https:\/\/api.w.org\/{rel}","templated":true}]}}