{"id":17909,"date":"2025-08-01T13:07:17","date_gmt":"2025-08-01T11:07:17","guid":{"rendered":"https:\/\/impresiondigitalgranformato.es\/?post_type=product&#038;p=17909"},"modified":"2025-08-04T18:02:10","modified_gmt":"2025-08-04T16:02:10","slug":"vinil-transparente-e-resistente-ao-desbotamento-para-janelas","status":"publish","type":"product","link":"https:\/\/impresiondigitalgranformato.es\/pt\/producto\/vinilo-escaparates-transparente-antidecoloracion\/","title":{"rendered":"vinil transparente e antidesbotamento para janelas"},"content":{"rendered":"<p><strong>vinil transparente e antidesbotamento para janelas<\/strong><\/p>\n<p>O <strong>pel\u00edculas anti-desbotamento<\/strong> para montras, as habita\u00e7\u00f5es e escrit\u00f3rios t\u00eam capacidade para absorver os raios ultravioleta at\u00e9 40% e os raios UVA at\u00e9 25%.<\/p>\n<p>Ao colocar este <strong>vinil para evitar desbotamento<\/strong> Poder\u00e1 manter os produtos expostos na sua montra, o mobili\u00e1rio da sua casa e os equipamentos de escrit\u00f3rio em melhores condi\u00e7\u00f5es.<\/p>\n<p>Funciona tamb\u00e9m como isolante t\u00e9rmico, evitando o sobreaquecimento do interior.<\/p>\n<p>Onde est\u00e3o instalados <strong>vinis anti-desvanecimento,<\/strong> Dar\u00e1 maior dureza ao vidro, evitando que este se estilhace caso seja atingido ou vandalizado.<\/p>\n<p>&nbsp;<\/p>\n<p style=\"text-align: center;\">A coloca\u00e7\u00e3o destes <strong>pel\u00edculas anti-desbotamento<\/strong>\u00a0\u00c9 bastante simples:<\/p>\n<p>Limpe bem o vidro, corte a pel\u00edcula anti-desbotamento no tamanho que pretende cobrir, descole a parte de tr\u00e1s do vinil anti-desbotamento, pulverize a superf\u00edcie adesiva da pel\u00edcula e do vidro onde a vai colar com bastante \u00e1gua, posicione a pel\u00edcula sobre o vidro na altura desejada, com uma esp\u00e1tula v\u00e1 colando e retirando a \u00e1gua do centro para a direita e do centro para a esquerda, depois de estar tudo colado \u00e0 pel\u00edcula deixe secar para melhor fixa\u00e7\u00e3o e corte qualquer excesso se existir.<\/p>\n<p>Caso n\u00e3o queira colar o <strong>pel\u00edculas anti-desbotamento<\/strong>, pe\u00e7a-nos um or\u00e7amento e teremos todo o gosto em ir ter consigo e col\u00e1-los.<\/p>\n<h3 style=\"text-align: center;\"><span style=\"color: #3366ff;\">Benef\u00edcios de comprar vinil transparente e anti-desbotamento para janelas<\/span><\/h3>\n<p><strong>EFIC\u00c1CIA:<\/strong> Reduzem a descolora\u00e7\u00e3o dos produtos expostos em vitrinas. Em casas e escrit\u00f3rios, evitam a perda de cor nos m\u00f3veis e eletrodom\u00e9sticos.<\/p>\n<p><strong>ECONOMIA:<\/strong> Ao reduzir a descolora\u00e7\u00e3o em produtos e m\u00f3veis, poupar\u00e1 em substitui\u00e7\u00f5es.<\/p>\n<p><strong>CONFORTO T\u00c9RMICO:<\/strong> As pel\u00edculas antidesbotamento tamb\u00e9m ajudam a evitar o sobreaquecimento do interior.<\/p>\n<p><strong>SEGURAN\u00c7A:<\/strong> Os vinil transparentes anti-desbotamento dar\u00e3o mais resist\u00eancia ao vidro e evitar\u00e3o que se estilhace.<\/p>\n<p>&nbsp;<\/p>\n<p>Se esta n\u00e3o \u00e9 a pel\u00edcula solar que procura, visite a nossa galeria para ver mais modelos. <a href=\"https:\/\/impresiondigitalgranformato.es\/pt\/categoria-produto\/laminas-solares-para-cristales\/\"><strong>CLIQUE AQUI.<\/strong><\/a><\/p>\n<p>&nbsp;<\/p>\n<p><span style=\"color: #ff0000;\"><strong>Este produto pode ser entregue em 24 horas*.<\/strong><\/span><\/p>\n<p data-pbs-phone-margin-bottom=\"18px\"><strong>Diferentes tipos de transporte:<\/strong><\/p>\n<p data-pbs-phone-margin-bottom=\"18px\"><strong>Produ\u00e7\u00e3o e entrega no prazo de 8 dias \u00fateis<\/strong><\/p>\n<p data-pbs-phone-margin-bottom=\"18px\"><strong>Produ\u00e7\u00e3o e entrega no prazo de 4 dias \u00fateis<\/strong><\/p>\n<p data-pbs-phone-margin-top=\"1px\"><strong>Produ\u00e7\u00e3o e entrega no prazo de 2 dias \u00fateis<\/strong><\/p>\n<p data-pbs-phone-margin-top=\"1px\"><strong>Produ\u00e7\u00e3o e entrega no prazo de 1 dia \u00fatil*.<\/strong>\u00a0(este servi\u00e7o s\u00f3 \u00e9 v\u00e1lido para as encomendas confirmadas antes das 11h30 do dia em curso).<\/p>","protected":false},"excerpt":{"rendered":"<p><strong>Pel\u00edcula anti-desbotamento para vidros.<\/strong><\/p>\n<p>Evite danos nos produtos expostos na montra.<\/p>\n<p><span style=\"color: #3366ff;\"><strong>Pode ser entregue em 24 horas<\/strong><\/span><\/p>\n<p><a href=\"https:\/\/impresiondigitalgranformato.es\/pt\/categoria-produto\/laminas-solares-para-cristales\/\">Clique aqui para ver mais modelos<\/a><\/p>","protected":false},"featured_media":17929,"comment_status":"open","ping_status":"closed","template":"","meta":[],"product_brand":[],"product_cat":[113],"product_tag":[],"class_list":{"0":"post-17909","1":"product","2":"type-product","3":"status-publish","4":"has-post-thumbnail","6":"product_cat-laminas-solares-para-cristales","8":"first","9":"instock","10":"sold-individually","11":"taxable","12":"shipping-taxable","13":"purchasable","14":"product-type-simple"},"yoast_head":"<!-- This site is optimized with the Yoast SEO plugin v27.3 - https:\/\/yoast.com\/product\/yoast-seo-wordpress\/ -->\n<title>vinilo escaparates transparente antidecoloracion - Los + baratos - env\u00edo gratis<\/title>\n<meta name=\"description\" content=\"vinilo escaparates transparente antidecoloracion. Evite el deterioro de productos expuestos en el escaparate con esta lamina anti-decoloraci\u00f3n. Env\u00edo gratis\" \/>\n<meta name=\"robots\" content=\"index, follow, max-snippet:-1, max-image-preview:large, max-video-preview:-1\" \/>\n<link rel=\"canonical\" href=\"https:\/\/impresiondigitalgranformato.es\/pt\/produto\/vinil-transparente-e-resistente-ao-desbotamento-para-janelas\/\" \/>\n<meta property=\"og:locale\" content=\"pt_PT\" \/>\n<meta property=\"og:type\" content=\"article\" \/>\n<meta property=\"og:title\" content=\"vinilo escaparates transparente antidecoloracion - Los + baratos - env\u00edo gratis\" \/>\n<meta property=\"og:description\" content=\"vinilo escaparates transparente antidecoloracion. Evite el deterioro de productos expuestos en el escaparate con esta lamina anti-decoloraci\u00f3n. Env\u00edo gratis\" \/>\n<meta property=\"og:url\" content=\"https:\/\/impresiondigitalgranformato.es\/pt\/produto\/vinil-transparente-e-resistente-ao-desbotamento-para-janelas\/\" \/>\n<meta property=\"og:site_name\" content=\"Los + baratos\" \/>\n<meta property=\"article:modified_time\" content=\"2025-08-04T16:02:10+00:00\" \/>\n<meta property=\"og:image\" content=\"http:\/\/impresiondigitalgranformato.es\/wp-content\/uploads\/2025\/08\/vinilo-escaparates-transparente-antidecoloracion.jpg\" \/>\n\t<meta property=\"og:image:width\" content=\"472\" \/>\n\t<meta property=\"og:image:height\" content=\"472\" \/>\n\t<meta property=\"og:image:type\" content=\"image\/jpeg\" \/>\n<meta name=\"twitter:card\" content=\"summary_large_image\" \/>\n<meta name=\"twitter:label1\" content=\"Tempo estimado de leitura\" \/>\n\t<meta name=\"twitter:data1\" content=\"2 minutos\" \/>\n<script type=\"application\/ld+json\" class=\"yoast-schema-graph\">{\"@context\":\"https:\\\/\\\/schema.org\",\"@graph\":[{\"@type\":\"WebPage\",\"@id\":\"https:\\\/\\\/impresiondigitalgranformato.es\\\/producto\\\/vinilo-escaparates-transparente-antidecoloracion\\\/\",\"url\":\"https:\\\/\\\/impresiondigitalgranformato.es\\\/producto\\\/vinilo-escaparates-transparente-antidecoloracion\\\/\",\"name\":\"vinilo escaparates transparente antidecoloracion - Los + baratos - env\u00edo gratis\",\"isPartOf\":{\"@id\":\"https:\\\/\\\/impresiondigitalgranformato.es\\\/#website\"},\"primaryImageOfPage\":{\"@id\":\"https:\\\/\\\/impresiondigitalgranformato.es\\\/producto\\\/vinilo-escaparates-transparente-antidecoloracion\\\/#primaryimage\"},\"image\":{\"@id\":\"https:\\\/\\\/impresiondigitalgranformato.es\\\/producto\\\/vinilo-escaparates-transparente-antidecoloracion\\\/#primaryimage\"},\"thumbnailUrl\":\"https:\\\/\\\/i0.wp.com\\\/impresiondigitalgranformato.es\\\/wp-content\\\/uploads\\\/2025\\\/08\\\/vinilo-escaparates-transparente-antidecoloracion.jpg?fit=472%2C472&ssl=1\",\"datePublished\":\"2025-08-01T11:07:17+00:00\",\"dateModified\":\"2025-08-04T16:02:10+00:00\",\"description\":\"vinilo escaparates transparente antidecoloracion. Evite el deterioro de productos expuestos en el escaparate con esta lamina anti-decoloraci\u00f3n. Env\u00edo gratis\",\"breadcrumb\":{\"@id\":\"https:\\\/\\\/impresiondigitalgranformato.es\\\/producto\\\/vinilo-escaparates-transparente-antidecoloracion\\\/#breadcrumb\"},\"inLanguage\":\"pt-PT\",\"potentialAction\":[{\"@type\":\"ReadAction\",\"target\":[\"https:\\\/\\\/impresiondigitalgranformato.es\\\/producto\\\/vinilo-escaparates-transparente-antidecoloracion\\\/\"]}]},{\"@type\":\"ImageObject\",\"inLanguage\":\"pt-PT\",\"@id\":\"https:\\\/\\\/impresiondigitalgranformato.es\\\/producto\\\/vinilo-escaparates-transparente-antidecoloracion\\\/#primaryimage\",\"url\":\"https:\\\/\\\/i0.wp.com\\\/impresiondigitalgranformato.es\\\/wp-content\\\/uploads\\\/2025\\\/08\\\/vinilo-escaparates-transparente-antidecoloracion.jpg?fit=472%2C472&ssl=1\",\"contentUrl\":\"https:\\\/\\\/i0.wp.com\\\/impresiondigitalgranformato.es\\\/wp-content\\\/uploads\\\/2025\\\/08\\\/vinilo-escaparates-transparente-antidecoloracion.jpg?fit=472%2C472&ssl=1\",\"width\":472,\"height\":472,\"caption\":\"vinilo escaparates transparente anti-decoloracion\"},{\"@type\":\"BreadcrumbList\",\"@id\":\"https:\\\/\\\/impresiondigitalgranformato.es\\\/producto\\\/vinilo-escaparates-transparente-antidecoloracion\\\/#breadcrumb\",\"itemListElement\":[{\"@type\":\"ListItem\",\"position\":1,\"name\":\"Portada\",\"item\":\"https:\\\/\\\/impresiondigitalgranformato.es\\\/\"},{\"@type\":\"ListItem\",\"position\":2,\"name\":\"Productos\",\"item\":\"https:\\\/\\\/impresiondigitalgranformato.es\\\/venta-roll-up-banner\\\/\"},{\"@type\":\"ListItem\",\"position\":3,\"name\":\"vinilo escaparates transparente antidecoloracion\"}]},{\"@type\":\"WebSite\",\"@id\":\"https:\\\/\\\/impresiondigitalgranformato.es\\\/#website\",\"url\":\"https:\\\/\\\/impresiondigitalgranformato.es\\\/\",\"name\":\"Los + baratos\",\"description\":\"impresi\u00f3n digital gran formato venta de roll up, banner, banderas, lonas, carteles, displays, publicidad\",\"publisher\":{\"@id\":\"https:\\\/\\\/impresiondigitalgranformato.es\\\/#organization\"},\"potentialAction\":[{\"@type\":\"SearchAction\",\"target\":{\"@type\":\"EntryPoint\",\"urlTemplate\":\"https:\\\/\\\/impresiondigitalgranformato.es\\\/?s={search_term_string}\"},\"query-input\":{\"@type\":\"PropertyValueSpecification\",\"valueRequired\":true,\"valueName\":\"search_term_string\"}}],\"inLanguage\":\"pt-PT\"},{\"@type\":\"Organization\",\"@id\":\"https:\\\/\\\/impresiondigitalgranformato.es\\\/#organization\",\"name\":\"Los + baratos\",\"url\":\"https:\\\/\\\/impresiondigitalgranformato.es\\\/\",\"logo\":{\"@type\":\"ImageObject\",\"inLanguage\":\"pt-PT\",\"@id\":\"https:\\\/\\\/impresiondigitalgranformato.es\\\/#\\\/schema\\\/logo\\\/image\\\/\",\"url\":\"https:\\\/\\\/i0.wp.com\\\/impresiondigitalgranformato.es\\\/wp-content\\\/uploads\\\/2016\\\/12\\\/cropped-logotipo-2-e1483373659766.png?fit=500%2C101&ssl=1\",\"contentUrl\":\"https:\\\/\\\/i0.wp.com\\\/impresiondigitalgranformato.es\\\/wp-content\\\/uploads\\\/2016\\\/12\\\/cropped-logotipo-2-e1483373659766.png?fit=500%2C101&ssl=1\",\"width\":500,\"height\":101,\"caption\":\"Los + baratos\"},\"image\":{\"@id\":\"https:\\\/\\\/impresiondigitalgranformato.es\\\/#\\\/schema\\\/logo\\\/image\\\/\"}}]}<\/script>\n<!-- \/ Yoast SEO plugin. -->","yoast_head_json":{"title":"Vinil transparente e resistente ao desbotamento para janelas - O mais barato - Envio gr\u00e1tis","description":"Pel\u00edcula transparente e resistente ao desbotamento. Evite danos nos produtos expostos com esta pel\u00edcula resistente ao desbotamento. Frete gr\u00e1tis.","robots":{"index":"index","follow":"follow","max-snippet":"max-snippet:-1","max-image-preview":"max-image-preview:large","max-video-preview":"max-video-preview:-1"},"canonical":"https:\/\/impresiondigitalgranformato.es\/pt\/produto\/vinil-transparente-e-resistente-ao-desbotamento-para-janelas\/","og_locale":"pt_PT","og_type":"article","og_title":"vinilo escaparates transparente antidecoloracion - Los + baratos - env\u00edo gratis","og_description":"vinilo escaparates transparente antidecoloracion. Evite el deterioro de productos expuestos en el escaparate con esta lamina anti-decoloraci\u00f3n. Env\u00edo gratis","og_url":"https:\/\/impresiondigitalgranformato.es\/pt\/produto\/vinil-transparente-e-resistente-ao-desbotamento-para-janelas\/","og_site_name":"Los + baratos","article_modified_time":"2025-08-04T16:02:10+00:00","og_image":[{"width":472,"height":472,"url":"http:\/\/impresiondigitalgranformato.es\/wp-content\/uploads\/2025\/08\/vinilo-escaparates-transparente-antidecoloracion.jpg","type":"image\/jpeg"}],"twitter_card":"summary_large_image","twitter_misc":{"Tempo estimado de leitura":"2 minutos"},"schema":{"@context":"https:\/\/schema.org","@graph":[{"@type":"WebPage","@id":"https:\/\/impresiondigitalgranformato.es\/producto\/vinilo-escaparates-transparente-antidecoloracion\/","url":"https:\/\/impresiondigitalgranformato.es\/producto\/vinilo-escaparates-transparente-antidecoloracion\/","name":"Vinil transparente e resistente ao desbotamento para janelas - O mais barato - Envio gr\u00e1tis","isPartOf":{"@id":"https:\/\/impresiondigitalgranformato.es\/#website"},"primaryImageOfPage":{"@id":"https:\/\/impresiondigitalgranformato.es\/producto\/vinilo-escaparates-transparente-antidecoloracion\/#primaryimage"},"image":{"@id":"https:\/\/impresiondigitalgranformato.es\/producto\/vinilo-escaparates-transparente-antidecoloracion\/#primaryimage"},"thumbnailUrl":"https:\/\/i0.wp.com\/impresiondigitalgranformato.es\/wp-content\/uploads\/2025\/08\/vinilo-escaparates-transparente-antidecoloracion.jpg?fit=472%2C472&ssl=1","datePublished":"2025-08-01T11:07:17+00:00","dateModified":"2025-08-04T16:02:10+00:00","description":"Pel\u00edcula transparente e resistente ao desbotamento. Evite danos nos produtos expostos com esta pel\u00edcula resistente ao desbotamento. Frete gr\u00e1tis.","breadcrumb":{"@id":"https:\/\/impresiondigitalgranformato.es\/producto\/vinilo-escaparates-transparente-antidecoloracion\/#breadcrumb"},"inLanguage":"pt-PT","potentialAction":[{"@type":"ReadAction","target":["https:\/\/impresiondigitalgranformato.es\/producto\/vinilo-escaparates-transparente-antidecoloracion\/"]}]},{"@type":"ImageObject","inLanguage":"pt-PT","@id":"https:\/\/impresiondigitalgranformato.es\/producto\/vinilo-escaparates-transparente-antidecoloracion\/#primaryimage","url":"https:\/\/i0.wp.com\/impresiondigitalgranformato.es\/wp-content\/uploads\/2025\/08\/vinilo-escaparates-transparente-antidecoloracion.jpg?fit=472%2C472&ssl=1","contentUrl":"https:\/\/i0.wp.com\/impresiondigitalgranformato.es\/wp-content\/uploads\/2025\/08\/vinilo-escaparates-transparente-antidecoloracion.jpg?fit=472%2C472&ssl=1","width":472,"height":472,"caption":"vinilo escaparates transparente anti-decoloracion"},{"@type":"BreadcrumbList","@id":"https:\/\/impresiondigitalgranformato.es\/producto\/vinilo-escaparates-transparente-antidecoloracion\/#breadcrumb","itemListElement":[{"@type":"ListItem","position":1,"name":"Portada","item":"https:\/\/impresiondigitalgranformato.es\/"},{"@type":"ListItem","position":2,"name":"Productos","item":"https:\/\/impresiondigitalgranformato.es\/venta-roll-up-banner\/"},{"@type":"ListItem","position":3,"name":"vinilo escaparates transparente antidecoloracion"}]},{"@type":"WebSite","@id":"https:\/\/impresiondigitalgranformato.es\/#website","url":"https:\/\/impresiondigitalgranformato.es\/","name":"Os mais baratos","description":"impress\u00e3o digital de grande formato venda de roll up, banners, bandeiras, faixas, lonas, cartazes, expositores, an\u00fancios","publisher":{"@id":"https:\/\/impresiondigitalgranformato.es\/#organization"},"potentialAction":[{"@type":"SearchAction","target":{"@type":"EntryPoint","urlTemplate":"https:\/\/impresiondigitalgranformato.es\/?s={search_term_string}"},"query-input":{"@type":"PropertyValueSpecification","valueRequired":true,"valueName":"search_term_string"}}],"inLanguage":"pt-PT"},{"@type":"Organization","@id":"https:\/\/impresiondigitalgranformato.es\/#organization","name":"Os mais baratos","url":"https:\/\/impresiondigitalgranformato.es\/","logo":{"@type":"ImageObject","inLanguage":"pt-PT","@id":"https:\/\/impresiondigitalgranformato.es\/#\/schema\/logo\/image\/","url":"https:\/\/i0.wp.com\/impresiondigitalgranformato.es\/wp-content\/uploads\/2016\/12\/cropped-logotipo-2-e1483373659766.png?fit=500%2C101&ssl=1","contentUrl":"https:\/\/i0.wp.com\/impresiondigitalgranformato.es\/wp-content\/uploads\/2016\/12\/cropped-logotipo-2-e1483373659766.png?fit=500%2C101&ssl=1","width":500,"height":101,"caption":"Los + baratos"},"image":{"@id":"https:\/\/impresiondigitalgranformato.es\/#\/schema\/logo\/image\/"}}]}},"jetpack_sharing_enabled":true,"_links":{"self":[{"href":"https:\/\/impresiondigitalgranformato.es\/pt\/wp-json\/wp\/v2\/product\/17909","targetHints":{"allow":["GET"]}}],"collection":[{"href":"https:\/\/impresiondigitalgranformato.es\/pt\/wp-json\/wp\/v2\/product"}],"about":[{"href":"https:\/\/impresiondigitalgranformato.es\/pt\/wp-json\/wp\/v2\/types\/product"}],"replies":[{"embeddable":true,"href":"https:\/\/impresiondigitalgranformato.es\/pt\/wp-json\/wp\/v2\/comments?post=17909"}],"wp:featuredmedia":[{"embeddable":true,"href":"https:\/\/impresiondigitalgranformato.es\/pt\/wp-json\/wp\/v2\/media\/17929"}],"wp:attachment":[{"href":"https:\/\/impresiondigitalgranformato.es\/pt\/wp-json\/wp\/v2\/media?parent=17909"}],"wp:term":[{"taxonomy":"product_brand","embeddable":true,"href":"https:\/\/impresiondigitalgranformato.es\/pt\/wp-json\/wp\/v2\/product_brand?post=17909"},{"taxonomy":"product_cat","embeddable":true,"href":"https:\/\/impresiondigitalgranformato.es\/pt\/wp-json\/wp\/v2\/product_cat?post=17909"},{"taxonomy":"product_tag","embeddable":true,"href":"https:\/\/impresiondigitalgranformato.es\/pt\/wp-json\/wp\/v2\/product_tag?post=17909"}],"curies":[{"name":"wp","href":"https:\/\/api.w.org\/{rel}","templated":true}]}}