{"id":17941,"date":"2025-09-02T18:21:08","date_gmt":"2025-09-02T16:21:08","guid":{"rendered":"https:\/\/impresiondigitalgranformato.es\/?post_type=product&#038;p=17941"},"modified":"2025-09-02T18:21:09","modified_gmt":"2025-09-02T16:21:09","slug":"placa-economico-aluminio-dibond","status":"publish","type":"product","link":"https:\/\/impresiondigitalgranformato.es\/pt\/producto\/cartel-economico-aluminio-dibond\/","title":{"rendered":"placas econ\u00f3mico de alum\u00ednio dibond"},"content":{"rendered":"<p><strong>placas econ\u00f3mico de alum\u00ednio dibond<\/strong><\/p>\n<p>UM <strong>R\u00f3tulo Dibond<\/strong> \u00c9 uma placa tipo sandu\u00edche com 2 faces de alum\u00ednio e um n\u00facleo central de polietileno.<\/p>\n<p>Etiquetado em 1 ou 2 lados em impress\u00e3o digital de alta qualidade <strong>1440 dpi<\/strong><\/p>\n<p><strong>placas econ\u00f3mico de alum\u00ednio dibond <\/strong>\u00c9 perfeito tanto como placa exterior como para fotografia e sinal\u00e9tica em ambientes interiores.<\/p>\n<p>Em www.impresiondigitalgranformato.es disponibilizamos v\u00e1rias op\u00e7\u00f5es de acabamento e fixa\u00e7\u00e3o do<strong> placa de alum\u00ednio dibond:<\/strong><\/p>\n<p><strong>Apenas com impress\u00e3o:<\/strong> Cartaz em Dibond com impress\u00e3o em 1 ou 2 faces.<\/p>\n<p><strong>Com brocas:<\/strong> Poster Dibond com impress\u00e3o simples ou dupla face e furos pr\u00e9-perfurados para fixa\u00e7\u00e3o \u00e0 parede (um em cada canto e a cada 50 cm, se necess\u00e1rio). *Caso necessite de furos de diferentes tamanhos, especifique nos detalhes da encomenda.<\/p>\n<p><strong>Adesivo:<\/strong> Poster Dibond com impress\u00e3o simples ou dupla face e adesivo dupla face de alta ader\u00eancia. Para colagem em paredes lisas e limpas, tanto em ambientes interiores como exteriores.<\/p>\n<p><strong>Acabamento em pl\u00e1stico:<\/strong> Poster em Dibond com impress\u00e3o unilateral e furos pr\u00e9-perfurados para fixa\u00e7\u00e3o \u00e0 parede. Acabamento em pl\u00e1stico pintado de acordo com a inscri\u00e7\u00e3o em Dibond. Parafusos e buchas.<\/p>\n<p><strong>Acabamento cromado:<\/strong> Poster Dibond com impress\u00e3o unilateral e furos pr\u00e9-perfurados para fixa\u00e7\u00e3o \u00e0 parede. Acabamento em metal cromado prateado + parafusos e buchas.<\/p>\n<p><strong>Divis\u00f3ria de parede:<\/strong> Poster Dibond com impress\u00e3o unilateral e furos pr\u00e9-perfurados para fixa\u00e7\u00e3o \u00e0 parede. Espa\u00e7adores em alum\u00ednio prateado, com 3 cm de altura, parafusos e buchas.<\/p>\n<p><strong>Suporte de banner INTERIOR:<\/strong> Placa Dibond com impress\u00e3o simples ou dupla face. + suportes de alum\u00ednio prateados para separar a placa econ\u00f3mica Dibond a 3 cm da parede ou do teto + parafusos e buchas.<\/p>\n<p><strong>Suporte para banner EXTERNO:<\/strong> Placa Dibond com impress\u00e3o num ou dois lados. + cantoneiras de alum\u00ednio aparafusadas \u00e0 placa Dibond e pintadas a condizer com a cor das letras, para montagem na parede ou no teto + parafusos e buchas.<\/p>\n<h3 style=\"text-align: center;\"><span style=\"color: #0000ff;\">Como comprar o p\u00f3ster econ\u00f3mico de alum\u00ednio dibond<\/span><\/h3>\n<p>Em primeiro lugar, informamos que caso tenha alguma d\u00favida sobre como efetuar uma compra, pode entrar em contacto connosco sem compromisso.\u00a0<a style=\"color: #029bdd;\" href=\"https:\/\/impresiondigitalgranformato.es\/pt\/contacto\/\">(como contactar)<\/a><\/p>\n<p>Devido a circunst\u00e2ncias de fabrico ou envio, o tamanho dos pacotes de p\u00f3steres que enviamos nunca exceder\u00e1 2 m2.<br \/>\nDesta forma, ser\u00e3o produzidas placas de alum\u00ednio Dibond maiores que 2 m2 e enviadas em pe\u00e7as.<\/p>\n<p><img data-recalc-dims=\"1\" loading=\"lazy\" decoding=\"async\" class=\"size-medium wp-image-18005 aligncenter\" src=\"https:\/\/i0.wp.com\/impresiondigitalgranformato.es\/wp-content\/uploads\/2025\/08\/tamano-dibond.jpg?resize=600%2C600\" alt=\"tamanho dibond barato\" width=\"600\" height=\"600\" srcset=\"https:\/\/i0.wp.com\/impresiondigitalgranformato.es\/wp-content\/uploads\/2025\/08\/tamano-dibond.jpg?resize=600%2C600&amp;ssl=1 600w, https:\/\/i0.wp.com\/impresiondigitalgranformato.es\/wp-content\/uploads\/2025\/08\/tamano-dibond.jpg?resize=1200%2C1200&amp;ssl=1 1200w, https:\/\/i0.wp.com\/impresiondigitalgranformato.es\/wp-content\/uploads\/2025\/08\/tamano-dibond.jpg?resize=300%2C300&amp;ssl=1 300w, https:\/\/i0.wp.com\/impresiondigitalgranformato.es\/wp-content\/uploads\/2025\/08\/tamano-dibond.jpg?resize=768%2C768&amp;ssl=1 768w, https:\/\/i0.wp.com\/impresiondigitalgranformato.es\/wp-content\/uploads\/2025\/08\/tamano-dibond.jpg?resize=12%2C12&amp;ssl=1 12w, https:\/\/i0.wp.com\/impresiondigitalgranformato.es\/wp-content\/uploads\/2025\/08\/tamano-dibond.jpg?resize=500%2C500&amp;ssl=1 500w, https:\/\/i0.wp.com\/impresiondigitalgranformato.es\/wp-content\/uploads\/2025\/08\/tamano-dibond.jpg?resize=100%2C100&amp;ssl=1 100w, https:\/\/i0.wp.com\/impresiondigitalgranformato.es\/wp-content\/uploads\/2025\/08\/tamano-dibond.jpg?w=1260&amp;ssl=1 1260w\" sizes=\"auto, (max-width: 600px) 100vw, 600px\" \/><\/p>\n<p>&nbsp;<\/p>\n<p><span style=\"color: #000080;\"><strong style=\"font-weight: bold; font-style: inherit;\">Como comprar placas de dibond que excedem o tamanho:<\/strong><\/span><\/p>\n<p>Para pe\u00e7as maiores do que qualquer uma das dimens\u00f5es acima indicadas, dividiremos o cartaz em partes iguais ou, se a impress\u00e3o assim o exigir, adaptaremos o tamanho de cada pe\u00e7a de modo a que a uni\u00e3o destas seja o menos percept\u00edvel poss\u00edvel.<\/p>\n<p>Tem tamb\u00e9m a op\u00e7\u00e3o de o fazer sozinho, dividir o cartaz em tamanhos dentro das dimens\u00f5es e fazer a compra individual.<\/p>\n<p>Exemplo:<\/p>\n<p>Cartaz de 300 x 100 cm<\/p>\n<ol>\n<li style=\"font-weight: inherit; font-style: inherit;\">dividir\u00e1 a pe\u00e7a em 2 unidades. (A primeira por exemplo 180 x 100 cm e a segunda 120 x 100 cm)<\/li>\n<li style=\"font-weight: inherit; font-style: inherit;\">Indicamos a medida da primeira pe\u00e7a: 180 x 100 cm. Fazemos o upload do ficheiro para impress\u00e3o e adicionamos ao carrinho.<\/li>\n<li style=\"font-weight: inherit; font-style: inherit;\">Indicamos a medida da segunda pe\u00e7a: 120 x 100 cm. Fazemos o upload do ficheiro para impress\u00e3o e adicionamos ao carrinho.<\/li>\n<li style=\"font-weight: inherit; font-style: inherit;\">vamos ao carrinho e finalizamos a compra<\/li>\n<\/ol>\n<p>&nbsp;<\/p>\n<p><span style=\"color: #000080;\"><strong>Como comprar p\u00f3steres de dibond com o mesmo tamanho, mas com designs e quantidades diferentes:<\/strong><\/span><\/p>\n<p>Para encomendas com folhas do mesmo tamanho, mas com designs e quantidades diferentes, compre individualmente por design.<\/p>\n<p>Exemplo:<\/p>\n<p>15 cartazes com 100 x 50 cm, dos quais 10 s\u00e3o id\u00eanticos, 3 s\u00e3o id\u00eanticos e 2 s\u00e3o id\u00eanticos.<\/p>\n<ol>\n<li>Indicamos a quantidade (10 unidades)<\/li>\n<li>Indicamos se a impress\u00e3o \u00e9 unilateral ou dupla face.<\/li>\n<li>Indicamos a largura e a altura (100 x 50 cm)<\/li>\n<li>Indicamos a fixa\u00e7\u00e3o e a termina\u00e7\u00e3o<\/li>\n<li>Indicamos que enviamos o design<\/li>\n<li>Escolhemos o prazo de produ\u00e7\u00e3o e entrega<\/li>\n<li>Pinchamos en SELECCIONE ARCHIVO y elegimos el dise\u00f1o de las 10 unid<\/li>\n<li>A\u00f1adimos al carrito<\/li>\n<\/ol>\n<p><strong>Despu\u00e9s repetimos la misma operaci\u00f3n para subir el dise\u00f1o de las 3 unid. Y volvemos a repetir la operaci\u00f3n con las 2 unid.<\/strong><\/p>\n<p>&nbsp;<\/p>\n<p><span style=\"color: #000080;\"><strong>Como comprar carteles que necesitan dise\u00f1o:<\/strong><\/span><\/p>\n<p>Para pedidos de carteles de aluminio dibond que necesiten dise\u00f1o:<\/p>\n<p>Realice la compra de la siguiente manera.:<\/p>\n<ol>\n<li>Indicamos la cantidad<\/li>\n<li>Indicamos se a impress\u00e3o \u00e9 unilateral ou dupla face.<\/li>\n<li>Indicamos el ancho y el alto<\/li>\n<li>Indicamos a fixa\u00e7\u00e3o e a termina\u00e7\u00e3o<\/li>\n<li><strong>Indicamos que NECESITAMOS QUE NOS LO DISE\u00d1EN<\/strong><\/li>\n<li>Escolhemos o prazo de produ\u00e7\u00e3o e entrega<\/li>\n<li>A\u00f1adimos al carrito<\/li>\n<li>Finalizamos la compra<\/li>\n<\/ol>\n<p>Despu\u00e9s env\u00edenos los artes finales de impresi\u00f3n al mail: comercial@impresiondigitalgranformato.es junto con el NUMERO DE PEDIDO que obtendr\u00e1 al finalizar la compra.<\/p>\n<p><strong>Nuestro equipo dise\u00f1ar\u00e1 el cartel y se lo enviara para su aprobaci\u00f3n antes de realizar la impresi\u00f3n del rotulo de dibond<\/strong><\/p>","protected":false},"excerpt":{"rendered":"<p style=\"text-align: center;\">placas econ\u00f3mico de alum\u00ednio dibond<\/p>\n<p style=\"text-align: center;\"><strong>Para uso EXTERNO e INTERNO<\/strong><\/p>\n<p style=\"text-align: center;\">Feito em impress\u00e3o digital\u00a0<strong>1440 dpi<\/strong><\/p>\n<p style=\"text-align: center;\"><span style=\"color: #ff9900;\"><strong>Portes gr\u00e1tis a partir da 1\u00aa unidade<\/strong><\/span><\/p>\n<p style=\"text-align: center;\"><a href=\"https:\/\/impresiondigitalgranformato.es\/pt\/categoria-produto\/carteleria-economica\/\">Aqui pode ver mais modelos de cartazes e placas<\/a><\/p>","protected":false},"featured_media":17938,"comment_status":"open","ping_status":"closed","template":"","meta":[],"product_brand":[],"product_cat":[77],"product_tag":[],"class_list":{"0":"post-17941","1":"product","2":"type-product","3":"status-publish","4":"has-post-thumbnail","6":"product_cat-carteleria-economica","8":"first","9":"instock","10":"sold-individually","11":"taxable","12":"shipping-taxable","13":"purchasable","14":"product-type-simple"},"yoast_head":"<!-- This site is optimized with the Yoast SEO plugin v27.3 - https:\/\/yoast.com\/product\/yoast-seo-wordpress\/ -->\n<title>Cartel econ\u00f3mico aluminio dibond - Los + baratos - env\u00edo gratis<\/title>\n<meta name=\"description\" content=\"Cartel econ\u00f3mico aluminio dibond con impresi\u00f3n de alta calidad a 1 o 2 caras. la estrella de los r\u00f3tulos por su versatilidad y bajos coste. Env\u00edo gratis.\" \/>\n<meta name=\"robots\" content=\"index, follow, max-snippet:-1, max-image-preview:large, max-video-preview:-1\" \/>\n<link rel=\"canonical\" href=\"https:\/\/impresiondigitalgranformato.es\/pt\/produto\/placa-economico-aluminio-dibond\/\" \/>\n<meta property=\"og:locale\" content=\"pt_PT\" \/>\n<meta property=\"og:type\" content=\"article\" \/>\n<meta property=\"og:title\" content=\"Cartel econ\u00f3mico aluminio dibond - Los + baratos - env\u00edo gratis\" \/>\n<meta property=\"og:description\" content=\"Cartel econ\u00f3mico aluminio dibond con impresi\u00f3n de alta calidad a 1 o 2 caras. la estrella de los r\u00f3tulos por su versatilidad y bajos coste. Env\u00edo gratis.\" \/>\n<meta property=\"og:url\" content=\"https:\/\/impresiondigitalgranformato.es\/pt\/produto\/placa-economico-aluminio-dibond\/\" \/>\n<meta property=\"og:site_name\" content=\"Los + baratos\" \/>\n<meta property=\"article:modified_time\" content=\"2025-09-02T16:21:09+00:00\" \/>\n<meta property=\"og:image\" content=\"http:\/\/impresiondigitalgranformato.es\/wp-content\/uploads\/2025\/08\/cartel-economico-aluminio-dibond.jpg\" \/>\n\t<meta property=\"og:image:width\" content=\"1260\" \/>\n\t<meta property=\"og:image:height\" content=\"1260\" \/>\n\t<meta property=\"og:image:type\" content=\"image\/jpeg\" \/>\n<meta name=\"twitter:card\" content=\"summary_large_image\" \/>\n<meta name=\"twitter:label1\" content=\"Tempo estimado de leitura\" \/>\n\t<meta name=\"twitter:data1\" content=\"5 minutos\" \/>\n<script type=\"application\/ld+json\" class=\"yoast-schema-graph\">{\"@context\":\"https:\\\/\\\/schema.org\",\"@graph\":[{\"@type\":\"WebPage\",\"@id\":\"https:\\\/\\\/impresiondigitalgranformato.es\\\/producto\\\/cartel-economico-aluminio-dibond\\\/\",\"url\":\"https:\\\/\\\/impresiondigitalgranformato.es\\\/producto\\\/cartel-economico-aluminio-dibond\\\/\",\"name\":\"Cartel econ\u00f3mico aluminio dibond - Los + baratos - env\u00edo gratis\",\"isPartOf\":{\"@id\":\"https:\\\/\\\/impresiondigitalgranformato.es\\\/#website\"},\"primaryImageOfPage\":{\"@id\":\"https:\\\/\\\/impresiondigitalgranformato.es\\\/producto\\\/cartel-economico-aluminio-dibond\\\/#primaryimage\"},\"image\":{\"@id\":\"https:\\\/\\\/impresiondigitalgranformato.es\\\/producto\\\/cartel-economico-aluminio-dibond\\\/#primaryimage\"},\"thumbnailUrl\":\"https:\\\/\\\/i0.wp.com\\\/impresiondigitalgranformato.es\\\/wp-content\\\/uploads\\\/2025\\\/08\\\/cartel-economico-aluminio-dibond.jpg?fit=1260%2C1260&ssl=1\",\"datePublished\":\"2025-09-02T16:21:08+00:00\",\"dateModified\":\"2025-09-02T16:21:09+00:00\",\"description\":\"Cartel econ\u00f3mico aluminio dibond con impresi\u00f3n de alta calidad a 1 o 2 caras. la estrella de los r\u00f3tulos por su versatilidad y bajos coste. Env\u00edo gratis.\",\"breadcrumb\":{\"@id\":\"https:\\\/\\\/impresiondigitalgranformato.es\\\/producto\\\/cartel-economico-aluminio-dibond\\\/#breadcrumb\"},\"inLanguage\":\"pt-PT\",\"potentialAction\":[{\"@type\":\"ReadAction\",\"target\":[\"https:\\\/\\\/impresiondigitalgranformato.es\\\/producto\\\/cartel-economico-aluminio-dibond\\\/\"]}]},{\"@type\":\"ImageObject\",\"inLanguage\":\"pt-PT\",\"@id\":\"https:\\\/\\\/impresiondigitalgranformato.es\\\/producto\\\/cartel-economico-aluminio-dibond\\\/#primaryimage\",\"url\":\"https:\\\/\\\/i0.wp.com\\\/impresiondigitalgranformato.es\\\/wp-content\\\/uploads\\\/2025\\\/08\\\/cartel-economico-aluminio-dibond.jpg?fit=1260%2C1260&ssl=1\",\"contentUrl\":\"https:\\\/\\\/i0.wp.com\\\/impresiondigitalgranformato.es\\\/wp-content\\\/uploads\\\/2025\\\/08\\\/cartel-economico-aluminio-dibond.jpg?fit=1260%2C1260&ssl=1\",\"width\":1260,\"height\":1260,\"caption\":\"Cartel econ\u00f3mico aluminio dibond\"},{\"@type\":\"BreadcrumbList\",\"@id\":\"https:\\\/\\\/impresiondigitalgranformato.es\\\/producto\\\/cartel-economico-aluminio-dibond\\\/#breadcrumb\",\"itemListElement\":[{\"@type\":\"ListItem\",\"position\":1,\"name\":\"Portada\",\"item\":\"https:\\\/\\\/impresiondigitalgranformato.es\\\/\"},{\"@type\":\"ListItem\",\"position\":2,\"name\":\"Productos\",\"item\":\"https:\\\/\\\/impresiondigitalgranformato.es\\\/venta-roll-up-banner\\\/\"},{\"@type\":\"ListItem\",\"position\":3,\"name\":\"Cartel econ\u00f3mico aluminio dibond\"}]},{\"@type\":\"WebSite\",\"@id\":\"https:\\\/\\\/impresiondigitalgranformato.es\\\/#website\",\"url\":\"https:\\\/\\\/impresiondigitalgranformato.es\\\/\",\"name\":\"Los + baratos\",\"description\":\"impresi\u00f3n digital gran formato venta de roll up, banner, banderas, lonas, carteles, displays, publicidad\",\"publisher\":{\"@id\":\"https:\\\/\\\/impresiondigitalgranformato.es\\\/#organization\"},\"potentialAction\":[{\"@type\":\"SearchAction\",\"target\":{\"@type\":\"EntryPoint\",\"urlTemplate\":\"https:\\\/\\\/impresiondigitalgranformato.es\\\/?s={search_term_string}\"},\"query-input\":{\"@type\":\"PropertyValueSpecification\",\"valueRequired\":true,\"valueName\":\"search_term_string\"}}],\"inLanguage\":\"pt-PT\"},{\"@type\":\"Organization\",\"@id\":\"https:\\\/\\\/impresiondigitalgranformato.es\\\/#organization\",\"name\":\"Los + baratos\",\"url\":\"https:\\\/\\\/impresiondigitalgranformato.es\\\/\",\"logo\":{\"@type\":\"ImageObject\",\"inLanguage\":\"pt-PT\",\"@id\":\"https:\\\/\\\/impresiondigitalgranformato.es\\\/#\\\/schema\\\/logo\\\/image\\\/\",\"url\":\"https:\\\/\\\/i0.wp.com\\\/impresiondigitalgranformato.es\\\/wp-content\\\/uploads\\\/2016\\\/12\\\/cropped-logotipo-2-e1483373659766.png?fit=500%2C101&ssl=1\",\"contentUrl\":\"https:\\\/\\\/i0.wp.com\\\/impresiondigitalgranformato.es\\\/wp-content\\\/uploads\\\/2016\\\/12\\\/cropped-logotipo-2-e1483373659766.png?fit=500%2C101&ssl=1\",\"width\":500,\"height\":101,\"caption\":\"Los + baratos\"},\"image\":{\"@id\":\"https:\\\/\\\/impresiondigitalgranformato.es\\\/#\\\/schema\\\/logo\\\/image\\\/\"}}]}<\/script>\n<!-- \/ Yoast SEO plugin. -->","yoast_head_json":{"title":"placas econ\u00f3mico de alum\u00ednio dibond - O mais barato - envio gr\u00e1tis","description":"Placa econ\u00f3mica em alum\u00ednio Dibond com impress\u00e3o de alta qualidade num ou dois lados. Destaque pela versatilidade e baixo custo. Frete gr\u00e1tis.","robots":{"index":"index","follow":"follow","max-snippet":"max-snippet:-1","max-image-preview":"max-image-preview:large","max-video-preview":"max-video-preview:-1"},"canonical":"https:\/\/impresiondigitalgranformato.es\/pt\/produto\/placa-economico-aluminio-dibond\/","og_locale":"pt_PT","og_type":"article","og_title":"Cartel econ\u00f3mico aluminio dibond - Los + baratos - env\u00edo gratis","og_description":"Cartel econ\u00f3mico aluminio dibond con impresi\u00f3n de alta calidad a 1 o 2 caras. la estrella de los r\u00f3tulos por su versatilidad y bajos coste. Env\u00edo gratis.","og_url":"https:\/\/impresiondigitalgranformato.es\/pt\/produto\/placa-economico-aluminio-dibond\/","og_site_name":"Los + baratos","article_modified_time":"2025-09-02T16:21:09+00:00","og_image":[{"width":1260,"height":1260,"url":"http:\/\/impresiondigitalgranformato.es\/wp-content\/uploads\/2025\/08\/cartel-economico-aluminio-dibond.jpg","type":"image\/jpeg"}],"twitter_card":"summary_large_image","twitter_misc":{"Tempo estimado de leitura":"5 minutos"},"schema":{"@context":"https:\/\/schema.org","@graph":[{"@type":"WebPage","@id":"https:\/\/impresiondigitalgranformato.es\/producto\/cartel-economico-aluminio-dibond\/","url":"https:\/\/impresiondigitalgranformato.es\/producto\/cartel-economico-aluminio-dibond\/","name":"placas econ\u00f3mico de alum\u00ednio dibond - O mais barato - envio gr\u00e1tis","isPartOf":{"@id":"https:\/\/impresiondigitalgranformato.es\/#website"},"primaryImageOfPage":{"@id":"https:\/\/impresiondigitalgranformato.es\/producto\/cartel-economico-aluminio-dibond\/#primaryimage"},"image":{"@id":"https:\/\/impresiondigitalgranformato.es\/producto\/cartel-economico-aluminio-dibond\/#primaryimage"},"thumbnailUrl":"https:\/\/i0.wp.com\/impresiondigitalgranformato.es\/wp-content\/uploads\/2025\/08\/cartel-economico-aluminio-dibond.jpg?fit=1260%2C1260&ssl=1","datePublished":"2025-09-02T16:21:08+00:00","dateModified":"2025-09-02T16:21:09+00:00","description":"Placa econ\u00f3mica em alum\u00ednio Dibond com impress\u00e3o de alta qualidade num ou dois lados. Destaque pela versatilidade e baixo custo. Frete gr\u00e1tis.","breadcrumb":{"@id":"https:\/\/impresiondigitalgranformato.es\/producto\/cartel-economico-aluminio-dibond\/#breadcrumb"},"inLanguage":"pt-PT","potentialAction":[{"@type":"ReadAction","target":["https:\/\/impresiondigitalgranformato.es\/producto\/cartel-economico-aluminio-dibond\/"]}]},{"@type":"ImageObject","inLanguage":"pt-PT","@id":"https:\/\/impresiondigitalgranformato.es\/producto\/cartel-economico-aluminio-dibond\/#primaryimage","url":"https:\/\/i0.wp.com\/impresiondigitalgranformato.es\/wp-content\/uploads\/2025\/08\/cartel-economico-aluminio-dibond.jpg?fit=1260%2C1260&ssl=1","contentUrl":"https:\/\/i0.wp.com\/impresiondigitalgranformato.es\/wp-content\/uploads\/2025\/08\/cartel-economico-aluminio-dibond.jpg?fit=1260%2C1260&ssl=1","width":1260,"height":1260,"caption":"Cartel econ\u00f3mico aluminio dibond"},{"@type":"BreadcrumbList","@id":"https:\/\/impresiondigitalgranformato.es\/producto\/cartel-economico-aluminio-dibond\/#breadcrumb","itemListElement":[{"@type":"ListItem","position":1,"name":"Portada","item":"https:\/\/impresiondigitalgranformato.es\/"},{"@type":"ListItem","position":2,"name":"Productos","item":"https:\/\/impresiondigitalgranformato.es\/venta-roll-up-banner\/"},{"@type":"ListItem","position":3,"name":"Cartel econ\u00f3mico aluminio dibond"}]},{"@type":"WebSite","@id":"https:\/\/impresiondigitalgranformato.es\/#website","url":"https:\/\/impresiondigitalgranformato.es\/","name":"Os mais baratos","description":"impress\u00e3o digital de grande formato venda de roll up, banners, bandeiras, faixas, lonas, cartazes, expositores, an\u00fancios","publisher":{"@id":"https:\/\/impresiondigitalgranformato.es\/#organization"},"potentialAction":[{"@type":"SearchAction","target":{"@type":"EntryPoint","urlTemplate":"https:\/\/impresiondigitalgranformato.es\/?s={search_term_string}"},"query-input":{"@type":"PropertyValueSpecification","valueRequired":true,"valueName":"search_term_string"}}],"inLanguage":"pt-PT"},{"@type":"Organization","@id":"https:\/\/impresiondigitalgranformato.es\/#organization","name":"Os mais baratos","url":"https:\/\/impresiondigitalgranformato.es\/","logo":{"@type":"ImageObject","inLanguage":"pt-PT","@id":"https:\/\/impresiondigitalgranformato.es\/#\/schema\/logo\/image\/","url":"https:\/\/i0.wp.com\/impresiondigitalgranformato.es\/wp-content\/uploads\/2016\/12\/cropped-logotipo-2-e1483373659766.png?fit=500%2C101&ssl=1","contentUrl":"https:\/\/i0.wp.com\/impresiondigitalgranformato.es\/wp-content\/uploads\/2016\/12\/cropped-logotipo-2-e1483373659766.png?fit=500%2C101&ssl=1","width":500,"height":101,"caption":"Los + baratos"},"image":{"@id":"https:\/\/impresiondigitalgranformato.es\/#\/schema\/logo\/image\/"}}]}},"jetpack_sharing_enabled":true,"_links":{"self":[{"href":"https:\/\/impresiondigitalgranformato.es\/pt\/wp-json\/wp\/v2\/product\/17941","targetHints":{"allow":["GET"]}}],"collection":[{"href":"https:\/\/impresiondigitalgranformato.es\/pt\/wp-json\/wp\/v2\/product"}],"about":[{"href":"https:\/\/impresiondigitalgranformato.es\/pt\/wp-json\/wp\/v2\/types\/product"}],"replies":[{"embeddable":true,"href":"https:\/\/impresiondigitalgranformato.es\/pt\/wp-json\/wp\/v2\/comments?post=17941"}],"wp:featuredmedia":[{"embeddable":true,"href":"https:\/\/impresiondigitalgranformato.es\/pt\/wp-json\/wp\/v2\/media\/17938"}],"wp:attachment":[{"href":"https:\/\/impresiondigitalgranformato.es\/pt\/wp-json\/wp\/v2\/media?parent=17941"}],"wp:term":[{"taxonomy":"product_brand","embeddable":true,"href":"https:\/\/impresiondigitalgranformato.es\/pt\/wp-json\/wp\/v2\/product_brand?post=17941"},{"taxonomy":"product_cat","embeddable":true,"href":"https:\/\/impresiondigitalgranformato.es\/pt\/wp-json\/wp\/v2\/product_cat?post=17941"},{"taxonomy":"product_tag","embeddable":true,"href":"https:\/\/impresiondigitalgranformato.es\/pt\/wp-json\/wp\/v2\/product_tag?post=17941"}],"curies":[{"name":"wp","href":"https:\/\/api.w.org\/{rel}","templated":true}]}}